{"id":19267,"date":"2025-04-07T06:23:52","date_gmt":"2025-04-07T06:23:52","guid":{"rendered":"https:\/\/www.hydraulic-cylinders.net\/product\/boom-cylinder-for-lishide-large-excavator-sc760-8\/"},"modified":"2025-04-07T06:23:55","modified_gmt":"2025-04-07T06:23:55","slug":"boom-cylinder-for-lishide-large-excavator-sc760-8","status":"publish","type":"product","link":"https:\/\/www.hydraulic-cylinders.net\/et\/toode\/boom-cylinder-for-lishide-large-excavator-sc760-8\/","title":{"rendered":"Lishide'i suure ekskavaatori SC760.8 poomi silinder"},"content":{"rendered":"<h1>Lishide'i suure ekskavaatori SC760.8 poomi silinder<\/h1>\n<h2>Sissejuhatus poomi silindritesse<\/h2>\n<p>Noole silinder on rasketehnika, eriti ekskavaatorite h\u00fcdros\u00fcsteemide oluline komponent. Spetsiaalselt kopa liikumise juhtimiseks loodud h\u00fcdrosilindrid v\u00f5imaldavad kopa t\u00f5stmist, langetamist ja kallutamist. See funktsioon on oluline t\u00f5husate materjalik\u00e4itlust\u00f6\u00f6de jaoks, mist\u00f5ttu on noole silindrid eluliselt t\u00e4htsad ehituses, kaevanduses ja p\u00f5llumajanduses. Kopa silinder t\u00f6\u00f6tab h\u00fcdraulikavedeliku abil, mis on survestatud, et tekitada liikumiseks vajalik j\u00f5ud. Selle konstruktsioon tagab sujuva t\u00f6\u00f6 ja t\u00e4pse juhtimise, mis on kriitilise t\u00e4htsusega keerukate \u00fclesannete, n\u00e4iteks kaevamise ja laadimise puhul.<\/p>\n<p><img decoding=\"async\" src=\"https:\/\/www.hydraulic-cylinders.net\/wp-content\/uploads\/2025\/04\/songte-company-1.webp\" alt=\"Ekskavaatori poomi silinder\"><\/p>\n<h2>Poomi silindri omadused<\/h2>\n<ul>\n<li><strong>Suur tugevus ja vastupidavus:<\/strong> Tavaliselt \u00fclitugevast terasest v\u00f5i alumiiniumist valmistatud silindrid taluvad k\u00f5rget r\u00f5hku ja suuri koormusi, mist\u00f5ttu sobivad need karmidesse t\u00f6\u00f6keskkondadesse. Nende disain h\u00f5lmab kulumiskindlust ja korrosioonikaitset, mis pikendab nende eluiga.<\/li>\n<li><strong>T\u00f5hus h\u00fcdrauliline t\u00f6\u00f6:<\/strong> Poomi silinder kasutab sujuva pikenemise ja tagasit\u00f5mbamise saavutamiseks h\u00fcdraulika\u00f5li r\u00f5hku. See v\u00f5imaldab kiiret reageerimist juhtimisk\u00e4sklustele ning m\u00e4rkimisv\u00e4\u00e4rset t\u00f5uke- ja t\u00f5mbej\u00f5udu, mis sobib ideaalselt raskete koormate ja keerukate t\u00f6\u00f6de k\u00e4sitsemiseks.<\/li>\n<li><strong>Erinevad t\u00fc\u00fcbid:<\/strong> Poomi silindreid saab valida vastavalt t\u00f6\u00f6vajadustele, sealhulgas \u00fchetoimelised (kasutades h\u00fcdraulilist j\u00f5udu \u00fches suunas) v\u00f5i kahetoimelised (kasutades h\u00fcdraulilist j\u00f5udu m\u00f5lemas suunas). M\u00f5ned mudelid on teleskoopilised, mis v\u00f5imaldab suuremat pikendust ilma v\u00e4lism\u00f5\u00f5tmeid suurendamata, sobides piiratud ruumiga rakenduste jaoks.<\/li>\n<li><strong>Kohandatud tootmine:<\/strong> Me toodame neid poomi silindreid, mis asendavad ideaalselt erinevaid h\u00fcdrosilindreid, mida kasutatakse erinevates ekskavaatorimudelites.<\/li>\n<li><strong>Kvaliteedi tagamine:<\/strong> Meie tootmisprotsess j\u00e4rgib rangeid kvaliteedikontrolli meetmeid, tagades, et iga silinder vastab t\u00f6\u00f6stusharu j\u00f5udluse ja t\u00f6\u00f6kindluse standarditele.<\/li>\n<\/ul>\n<p><img decoding=\"async\" src=\"https:\/\/www.hydraulic-cylinders.net\/wp-content\/uploads\/2025\/04\/songte-cylinder-head-with-all-kinds-excavator-models.webp\" alt=\"Ekskavaatori silindripea\"><\/p>\n<h2>Poomi silindrite rakendused<\/h2>\n<h3>Ehitustehnika<\/h3>\n<p>Ekskavaatorites on noolesilindrid olulised kaevamiseks, laadimiseks ja mulla v\u00f5i prahi teisaldamiseks. Nende v\u00f5ime juhtida kopa liikumist v\u00f5imaldab operaatoritel \u00fclesandeid t\u00e4pselt t\u00e4ita, suurendades ehitusplatsidel tootlikkust. Ekskavaatoritel h\u00f5lbustab kopa silinder nii kaevamist kui ka t\u00f5stmist, v\u00f5imaldades mitmek\u00fclgseid toiminguid, mis on olulised mitmesuguste ehitusprojektide puhul.<\/p>\n<h3>P\u00f5llumajandustehnika<\/h3>\n<p>Esilaadurites kasutatakse noolesilindreid mulla, heina ja muude materjalide kopeerimiseks, t\u00f5stmiseks ja transportimiseks. Nende v\u00f5imas t\u00f6\u00f6 on \u00fclioluline selliste \u00fclesannete puhul nagu s\u00f6\u00f6da laadimine, p\u00f5llumajandussaaduste teisaldamine ja maa ettevalmistamine. Nende silindrite efektiivsus ja tugevus aitavad oluliselt kaasa p\u00f5llumajanduslikule tootlikkusele.<\/p>\n<h3>Ekskavaatorid<\/h3>\n<p>Ekskavaatorites v\u00f5imaldavad noolesilindrid kopal tungida pinnasesse kaevamiseks. See v\u00f5ime on kriitilise t\u00e4htsusega kaevet\u00f6\u00f6del ehituses, haljastuses ja kaevanduses. Noolesilindri pakutav h\u00fcdrauliline j\u00f5ud tagab t\u00f5husa kaevamise, s\u00e4ilitades samal ajal kontrolli kaevet\u00f6\u00f6de s\u00fcgavuse ja nurga \u00fcle.<\/p>\n<h3>Laadurid<\/h3>\n<p>Esilaaduritel aitavad need silindrid koormaid t\u00f5husalt t\u00f5sta ja t\u00fchjendada. Poomi silindri tugevus v\u00f5imaldab raskete materjalide k\u00e4sitsemist, muutes kruusa, liiva v\u00f5i prahi t\u00fchjendamise t\u00f5husamaks. See funktsioon on oluline tootlikkuse s\u00e4ilitamiseks erinevates laadimist\u00f6\u00f6des.<\/p>\n<h2>Projekteerimiskaalutlused ja valikukriteeriumid<\/h2>\n<h3>Kandev\u00f5ime<\/h3>\n<p>\u00dcks olulisemaid kaalutlusi noolesilindrite projekteerimisel on nende kandev\u00f5ime. See m\u00e4\u00e4rab, kui suurt raskust silinder suudab ilma purunemata taluda. Konstruktsioonis kasutatavad materjalid koos silindri l\u00e4bim\u00f5\u00f5du ja k\u00e4igupikkusega m\u00e4ngivad selle kandev\u00f5ime m\u00e4\u00e4ramisel olulist rolli. Tootjad peavad tagama, et silindrid on hinnatud konkreetsete koormuste jaoks, millega nad oma rakendustes kokku puutuvad. \u00d5ige kandev\u00f5ime mitte ainult ei taga ohutust, vaid m\u00f5jutab ka masina t\u00f6\u00f6 efektiivsust.<\/p>\n<h3>Tihendusv\u00f5ime<\/h3>\n<p>Poomi silindri konstruktsiooni kriitiline aspekt on tihenduss\u00fcsteem. T\u00f5husad tihendid takistavad h\u00fcdraulikavedeliku lekkimist, mis on oluline r\u00f5hu s\u00e4ilitamiseks ja silindri sujuva t\u00f6\u00f6 tagamiseks. Vastupidavuse ja kulumiskindluse tagamiseks kasutatakse sageli mitmesuguseid tihendusmaterjale, n\u00e4iteks pol\u00fcuretaani ja nitriilkummi. Tihendi konstruktsioon peab vastama t\u00f6\u00f6keskkonnale, et minimeerida hooldusvajadust ja maksimeerida j\u00f5udlust.<\/p>\n<h3>Vastupidavus<\/h3>\n<p>Poomi silindri vastupidavus on selle pikaajalise toimivuse jaoks \u00fclioluline. See h\u00f5lmab selliste tegurite arvessev\u00f5tmist nagu materjali tugevus, korrosioonikindlus ja igap\u00e4evasest t\u00f6\u00f6st tulenev kulumine. Kvaliteetsed silindrid peavad suutma vastu pidada karmidele keskkondadele ja intensiivsele kasutamisele ilma aja jooksul olulise halvenemiseta. Tootjad kasutavad vastupidavuse suurendamiseks ja kasutusea pikendamiseks sageli t\u00e4iustatud kattetehnoloogiaid.<\/p>\n<h3>Turvaelemendid<\/h3>\n<p>H\u00fcdraulilistes s\u00fcsteemides on ohutus esmat\u00e4htis. Noolesilindritel peavad olema ohutusfunktsioonid, n\u00e4iteks \u00fcler\u00f5huventiilid, et v\u00e4ltida \u00fcler\u00f5hku, ja \u00f5iged kinnitusdetailid, et tagada stabiilne t\u00f6\u00f6 kasutamise ajal. Need funktsioonid kaitsevad nii operaatorit kui ka masinaid, v\u00e4hendades \u00f5nnetuste ja rikete ohtu.<\/p>\n<h3>Hoolduse ligip\u00e4\u00e4setavus<\/h3>\n<p>Poomisilindrite projekteerimine hooldust silmas pidades parandab nende kasutatavust. Lihtne juurdep\u00e4\u00e4s tihenditele, liitmikele ja muudele olulistele komponentidele h\u00f5lbustab regulaarset hooldust, v\u00e4hendades seisakuid ja tegevuskulusid. Tootjad peaksid kaaluma, kuidas nende konstruktsioonid saavad hooldust\u00f6id lihtsustada, tagades, et operaatorid saavad seadmeid optimaalses seisukorras hoida ilma liigse pingutuseta.<\/p>\n<p><img decoding=\"async\" src=\"https:\/\/www.hydraulic-cylinders.net\/wp-content\/uploads\/2025\/04\/songte-oil-pipes-and-spare-parts.webp\" alt=\"H\u00fcdrauliliste silindrite osad\"><\/p>\n<h2>H\u00fcdraulilise silindri tihendamine ja m\u00e4\u00e4rimine<\/h2>\n<p>T\u00f5hus tihendamine ja m\u00e4\u00e4rimine on poomi silindrite optimaalse j\u00f5udluse tagamiseks h\u00e4davajalikud. H\u00fcdraulilise r\u00f5hu s\u00e4ilitamiseks ja vedeliku lekete v\u00e4ltimiseks on olulised mitmesugused tihenduskomponendid, sealhulgas kolvitihendid ja vardatihendid. Vastupidavatest materjalidest, nagu pol\u00fcuretaan ja nitriilkummi, valmistatud tihendeid kasutatakse tavaliselt nende kulumiskindluse ja keskkonnategurite vastupidavuse t\u00f5ttu. Silindri korpus ja keermestatud otsad l\u00e4bivad t\u00e4ppist\u00f6\u00f6tluse, et suurendada nende kulumiskindlust. Regulaarne m\u00e4\u00e4rimine h\u00fcdraulika\u00f5liga on vajalik sujuva t\u00f6\u00f6 tagamiseks ja h\u00f5\u00f5rdumisest tingitud kulumise v\u00e4ltimiseks.<\/p>\n<h2>Ennetavad hooldusmeetmed<\/h2>\n<ul>\n<li><strong>Regulaarsed kontrollid:<\/strong> Tehke regulaarseid kontrolle, et tuvastada kulumise, lekete v\u00f5i t\u00f6\u00f6probleemide m\u00e4rke. Probleemide varajane avastamine aitab \u00e4ra hoida suuremaid rikkeid ja kulukaid remondit\u00f6id.<\/li>\n<li><strong>\u00d5ige m\u00e4\u00e4rimine:<\/strong> Veenduge, et h\u00fcdraulika\u00f5li tase oleks piisav ja m\u00e4\u00e4rimispunktid oleksid piisavalt hooldatud, et v\u00e4hendada h\u00f5\u00f5rdumist ja pikendada silindri eluiga.<\/li>\n<li><strong>Tihendi vahetamine:<\/strong> J\u00e4lgige tihendite seisukorda ja vahetage need v\u00e4lja, kui ilmnevad kulumise v\u00f5i kahjustuse m\u00e4rgid. See hoiab \u00e4ra \u00f5lilekked ja s\u00e4ilitab s\u00fcsteemi r\u00f5hu.<\/li>\n<\/ul>\n<h2>Paigaldusjuhised<\/h2>\n<p>Poomi silindrite \u00f5ige paigaldamine on nende t\u00f5husa t\u00f6\u00f6 tagamiseks kriitilise t\u00e4htsusega. Edukaks paigaldamiseks j\u00e4rgige neid samme:<\/p>\n<ol>\n<li><strong>Ettevalmistus:<\/strong> Veenduge, et t\u00f6\u00f6ala oleks puhas ja prahist vaba. Koguge kokku vajalikud t\u00f6\u00f6riistad ja varuosad.<\/li>\n<li><strong>Joondus:<\/strong> Joondage silinder hoolikalt ekskavaatori kinnituspunktidega, et v\u00e4ltida silindri ja liitmike liigset pinget.<\/li>\n<li><strong>Paigaldus:<\/strong> Kinnitage silinder kindlalt sobivate kinnitusdetailidega, veendudes, et k\u00f5ik poldid on tootja spetsifikatsioonide kohaselt pingutatud.<\/li>\n<li><strong>H\u00fcdraulilised \u00fchendused:<\/strong> \u00dchendage h\u00fcdraulikavoolikud, j\u00e4lgides, et need ei l\u00e4heks keermesse ega kahjustaks liitmikke.<\/li>\n<li><strong>Testimine:<\/strong> P\u00e4rast paigaldamist tehke proovik\u00e4ivitus, et veenduda silindri sujuvas t\u00f6\u00f6s ja k\u00f5igi funktsioonide etten\u00e4htud viisil toimimises.<\/li>\n<\/ol>\n<h2>Levinumad hooldust\u00f6\u00f6d<\/h2>\n<ul>\n<li><strong>Regulaarsed kontrollid:<\/strong> Ballooni seisukorra j\u00e4lgimiseks on vaja regulaarseid kontrolle. Otsige lekkeid, kulumist v\u00f5i kahjustusi, mis v\u00f5ivad viidata remondi vajadusele.<\/li>\n<li><strong>Sobiv m\u00e4\u00e4rimine:<\/strong> Veenduge, et h\u00fcdraulika\u00f5li tase oleks \u00f5ige. M\u00e4\u00e4rige liikuvaid osi regulaarselt, et minimeerida kulumist ja h\u00f5\u00f5rdumist.<\/li>\n<li><strong>Tihendi vahetamine ja kalibreerimise kontrollimine:<\/strong> Lekete v\u00e4ltimiseks ja h\u00fcdraulilise r\u00f5hu s\u00e4ilitamiseks vahetage regulaarselt tihendeid. Kalibreerimine tagab silindri t\u00f6\u00f6tamise etten\u00e4htud piirides, parandades j\u00f5udlust.<\/li>\n<\/ul>\n<h2>Ohutuskaalutlused ja keskkonnategurid<\/h2>\n<p>Poomi silindrite kasutamisel on ohutusmeetmete rakendamine \u00fclioluline. Operaatorid peaksid olema koolitatud h\u00fcdraulikas\u00fcsteemide \u00f5ige kasutamise ja ohutusprotokollide j\u00e4rgimise olulisuse osas. H\u00fcdraulikavedeliku n\u00f5uetekohane k\u00e4sitsemine on \u00fclioluline, et v\u00e4ltida lekkeid ja keskkonnareostust. Kasutatud h\u00fcdraulika\u00f5li ja komponendid tuleb alati utiliseerida vastavalt kohalikele eeskirjadele, et minimeerida keskkonnam\u00f5ju.<\/p>\n<h2>Levinud probleemide t\u00f5rkeotsing<\/h2>\n<ul>\n<li><strong>Leke:<\/strong> Tuvastage lekke allikas, mis v\u00f5ib p\u00e4rineda tihenditest v\u00f5i \u00fchendustest. Liitmike pingutamine v\u00f5i tihendite vahetamine v\u00f5ib probleemi sageli lahendada.<\/li>\n<li><strong>Aeglane t\u00f6\u00f6:<\/strong> Kontrollige h\u00fcdraulikavedeliku taset ja veenduge, et torudes poleks ummistusi. S\u00fcsteemis olev \u00f5hk v\u00f5ib samuti aeglustada t\u00f6\u00f6d ja v\u00f5ib vajada torude \u00f5hutamist.<\/li>\n<li><strong>Ebatavalised helid:<\/strong> M\u00fcra v\u00f5ib viidata mehaanilistele probleemidele v\u00f5i madalale h\u00fcdraulikavedeliku tasemele. Kontrollige silindrit kahjustuste suhtes ja veenduge, et m\u00e4\u00e4rimine oleks \u00f5ige.<\/li>\n<\/ul>\n<p>Ennetusmeetmete rakendamine v\u00f5ib probleemide tekkimise t\u00f5en\u00e4osust oluliselt v\u00e4hendada, tagades poomi silindrite t\u00f5husa ja efektiivse toimimise.<\/p>\n<p><img decoding=\"async\" src=\"https:\/\/www.hydraulic-cylinders.net\/wp-content\/uploads\/2025\/04\/songte-bushings-with-all-kinds-of-excavator-models.webp\" alt=\"Ekskavaatori puksid\"><\/p>\n<h2>Ettev\u00f5tte \u00fclevaade<\/h2>\n<p>Oleme juhtiv asendush\u00fcdrauliliste silindrite tootja, pakkudes laia tootevalikut, mis on teinud meist nii sise- kui ka rahvusvahelistel turgudel tippkonkurendi. Meie p\u00fchendumus tipptasemele peegeldub meie rangetes kvaliteedistandardites ja toetumises t\u00e4ppistootmisstrateegiatele. Investeerime oskuslikku tehnilisse personali, t\u00e4iustatud digitaalsetesse tootmisseadmetesse ja spetsiaalsetesse testimiss\u00fcsteemidesse, et suurendada oma tootmisv\u00f5imalusi. See p\u00fchendumus kvaliteedile v\u00f5imaldab meil rahuldada klientide mitmekesiseid vajadusi suure t\u00f5hususega, t\u00e4psuse ja suurep\u00e4rase tootekvaliteediga.<\/p>\n<p><img decoding=\"async\" src=\"https:\/\/www.hydraulic-cylinders.net\/wp-content\/uploads\/2025\/04\/songte-company-4.webp\" alt=\"Ettev\u00f5tte \u00fclevaade\"><br \/>\n<img decoding=\"async\" src=\"https:\/\/www.hydraulic-cylinders.net\/wp-content\/uploads\/2025\/04\/songte-company-3.webp\" alt=\"Tootmis\u00fcksus\"><\/p>\n<p>Meie asjatundlikkust toetavad rahvusvahelised sertifikaadid, kliendi spetsifikatsioonidele kohandatud teenused, tipptasemel tootmisseadmed ja tugev m\u00fc\u00fcgij\u00e4rgne tugi, tagades klientide rahulolu igal suhtlustasandil.<\/p>\n<p>Autor: lyl<\/p>","protected":false},"excerpt":{"rendered":"<p>Boom Cylinder For Lishide Large Excavator SC760.8 Introduction to Boom Cylinders The boom cylinder is a crucial component in the hydraulic systems of heavy machinery, particularly in excavators. Specifically designed for controlling the movement of the bucket, these hydraulic cylinders allow for the lifting, lowering, and tilting of the bucket. This functionality is essential for [&hellip;]<\/p>","protected":false},"featured_media":17877,"comment_status":"open","ping_status":"closed","template":"","meta":{"_et_pb_use_builder":"","_et_pb_old_content":"","_et_gb_content_width":""},"product_brand":[],"product_cat":[1546],"product_tag":[1547,1496],"class_list":{"0":"post-19267","1":"product","2":"type-product","3":"status-publish","4":"has-post-thumbnail","6":"product_cat-boom-cylinders","7":"product_tag-boom-cylinders","8":"product_tag-hydraulic-cylinders","10":"first","11":"instock","12":"shipping-taxable","13":"product-type-simple"},"amp_enabled":true,"_links":{"self":[{"href":"https:\/\/www.hydraulic-cylinders.net\/et\/wp-json\/wp\/v2\/product\/19267","targetHints":{"allow":["GET"]}}],"collection":[{"href":"https:\/\/www.hydraulic-cylinders.net\/et\/wp-json\/wp\/v2\/product"}],"about":[{"href":"https:\/\/www.hydraulic-cylinders.net\/et\/wp-json\/wp\/v2\/types\/product"}],"replies":[{"embeddable":true,"href":"https:\/\/www.hydraulic-cylinders.net\/et\/wp-json\/wp\/v2\/comments?post=19267"}],"wp:featuredmedia":[{"embeddable":true,"href":"https:\/\/www.hydraulic-cylinders.net\/et\/wp-json\/wp\/v2\/media\/17877"}],"wp:attachment":[{"href":"https:\/\/www.hydraulic-cylinders.net\/et\/wp-json\/wp\/v2\/media?parent=19267"}],"wp:term":[{"taxonomy":"product_brand","embeddable":true,"href":"https:\/\/www.hydraulic-cylinders.net\/et\/wp-json\/wp\/v2\/product_brand?post=19267"},{"taxonomy":"product_cat","embeddable":true,"href":"https:\/\/www.hydraulic-cylinders.net\/et\/wp-json\/wp\/v2\/product_cat?post=19267"},{"taxonomy":"product_tag","embeddable":true,"href":"https:\/\/www.hydraulic-cylinders.net\/et\/wp-json\/wp\/v2\/product_tag?post=19267"}],"curies":[{"name":"wp","href":"https:\/\/api.w.org\/{rel}","templated":true}]}}