{"id":19287,"date":"2025-04-07T06:24:59","date_gmt":"2025-04-07T06:24:59","guid":{"rendered":"https:\/\/www.hydraulic-cylinders.net\/product\/boom-cylinder-for-liugong-small-excavator-clg908c-908d\/"},"modified":"2025-04-07T06:25:01","modified_gmt":"2025-04-07T06:25:01","slug":"boom-cylinder-for-liugong-small-excavator-clg908c-908d","status":"publish","type":"product","link":"https:\/\/www.hydraulic-cylinders.net\/et\/toode\/boom-cylinder-for-liugong-small-excavator-clg908c-908d\/","title":{"rendered":"Liugongi v\u00e4ikese ekskavaatori CLG908C\/908D noolesilinder"},"content":{"rendered":"<h1>Liugongi v\u00e4ikese ekskavaatori CLG908C\/908D noolesilinder<\/h1>\n<h2>Toote m\u00e4\u00e4ratlus ja \u00fclevaade<\/h2>\n<p>Noole silinder on oluline h\u00fcdrauliline komponent, mis on spetsiaalselt loodud ekskavaatori koppade liigutamiseks rasketes masinates, n\u00e4iteks ekskavaatorites, laadur-ekskavaatorites ja esilaadurites. See v\u00f5imaldab koppa t\u00f5sta, langetada ja kallutada, mist\u00f5ttu on see oluline t\u00f5husate materjalik\u00e4itlust\u00f6\u00f6de jaoks. H\u00fcdraulikas\u00fcsteemis muudavad need silindrid h\u00fcdraulilise r\u00f5hu mehaaniliseks j\u00f5uks, v\u00f5imaldades t\u00e4pset juhtimist ja v\u00f5imsaid liigutusi, mis on vajalikud erinevate kaevet\u00f6\u00f6de jaoks.<\/p>\n<p>H\u00fcdraulilise silindri t\u00fc\u00fcbina m\u00e4ngib poomi silinder olulist rolli masinate t\u00f5husa toimimise tagamisel. Kui h\u00fcdrauliline vedelik pumbatakse silindrisse, tekitab see r\u00f5hu, mis liigutab kolbi, mille tulemuseks on poomi pikenemine v\u00f5i tagasit\u00f5mbumine. See funktsioon on \u00fclioluline ehitus- ja lammutusprojektides, kus kopa t\u00e4pne positsioneerimine v\u00f5ib oluliselt m\u00f5jutada k\u00e4siloleva \u00fclesande \u00fcldist efektiivsust.<\/p>\n<p><img decoding=\"async\" src=\"https:\/\/www.hydraulic-cylinders.net\/wp-content\/uploads\/2025\/04\/songte-company-1.webp\" alt=\"Poomi silindri pilt\"><\/p>\n<h2>Toote omadused<\/h2>\n<ul>\n<li>\n<h3>Suur tugevus ja vastupidavus<\/h3>\n<p>Meie poomisilindrid on tavaliselt valmistatud \u00fclitugevast terasest v\u00f5i alumiiniumist ning need on loodud taluma k\u00f5rget r\u00f5hku ja suuri koormusi. Need on loodud vastu pidama karmidele t\u00f6\u00f6keskkondadele, r\u00f5hutades kulumiskindlust ja korrosioonikaitset nende eluea pikendamiseks.<\/p>\n<\/li>\n<li>\n<h3>T\u00f5hus h\u00fcdrauliline t\u00f6\u00f6<\/h3>\n<p>Need silindrid kasutavad sujuva sisse- ja v\u00e4ljat\u00f5mbamise saavutamiseks h\u00fcdraulilise vedeliku r\u00f5hku. See v\u00f5imaldab kiiret reageerimist operaatori k\u00e4skudele, pakkudes v\u00f5imsaid t\u00f5uke- ja t\u00f5mbej\u00f5ude, mis sobivad raskete materjalide k\u00e4sitsemiseks ja keerukate \u00fclesannete t\u00e4itmiseks.<\/p>\n<\/li>\n<li>\n<h3>Mitmekesised konfiguratsioonid<\/h3>\n<p>Meie noole silindreid saab kohandada vastavalt konkreetsetele vajadustele, pakkudes valikuid \u00fchetoimeliste (h\u00fcdraulika t\u00f6\u00f6tab \u00fches suunas) v\u00f5i kahetoimeliste (m\u00f5lemas suunas) konstruktsioonide vahel. M\u00f5nedel mudelitel on teleskoopv\u00f5imalused, mis v\u00f5imaldavad suuremat pikendamist ilma v\u00e4lism\u00f5\u00f5tmeid suurendamata, mis sobib ideaalselt kitsastesse ruumidesse.<\/p>\n<\/li>\n<li>\n<h3>T\u00e4ppistehnika<\/h3>\n<p>Iga poomi silinder on t\u00e4pselt konstrueeritud vastavalt t\u00f6\u00f6stusstandarditele, tagades usaldusv\u00e4\u00e4rse j\u00f5udluse ja minimaalse seisakuaja t\u00f6\u00f6tamise ajal.<\/p>\n<\/li>\n<li>\n<h3>\u00dchilduvus ja asendamine<\/h3>\n<p>Me toodame neid tooteid olemasolevate h\u00fcdrosilindrite ideaalseks asendamiseks, tagades sujuva integratsiooni erinevate ekskavaatorite ja rasketehnika mudelitega.<\/p>\n<\/li>\n<\/ul>\n<p><img decoding=\"async\" src=\"https:\/\/www.hydraulic-cylinders.net\/wp-content\/uploads\/2025\/04\/songte-cylinder-head-with-all-kinds-excavator-models.webp\" alt=\"Silindripea pilt\"><\/p>\n<h2>Rakendusstsenaariumid<\/h2>\n<ul>\n<li>\n<h3>Ehitustehnika<\/h3>\n<p>Ekskavaatorites on noolesilindrid lahutamatu osa kaevamisel, laadimisel ja pinnase v\u00f5i prahi teisaldamisel. Nende t\u00e4psus ja v\u00f5imsus v\u00f5imaldavad t\u00f5husat kaevamist ja materjalide haldamist, suurendades ehitusplatside tootlikkust.<\/p>\n<\/li>\n<li>\n<h3>P\u00f5llumajandustehnika<\/h3>\n<p>Esilaadurites kasutatavad noolesilindrid v\u00f5imaldavad mulda, heina ja mitmesuguseid materjale \u00fcles t\u00f5sta, t\u00f5sta ja transportida. Nende vastupidav konstruktsioon tagab usaldusv\u00e4\u00e4rse j\u00f5udluse isegi n\u00f5udlikes p\u00f5llumajanduskeskkondades.<\/p>\n<\/li>\n<li>\n<h3>Kaevandusmasinad<\/h3>\n<p>Pinnasesse tungimise v\u00f5imega h\u00f5lbustab poomi silinder ekskavaatorite kaevamistoimingut, muutes selle t\u00f5husate mullat\u00f6\u00f6de oluliseks komponendiks.<\/p>\n<\/li>\n<li>\n<h3>Laadurid<\/h3>\n<p>Esilaaduritel aitavad noolesilindrid koormaid t\u00f5husalt t\u00f5sta ja t\u00fchjendada, tagades materjali k\u00e4itlemise ajal t\u00f6\u00f6 efektiivsuse.<\/p>\n<\/li>\n<\/ul>\n<h2>Projekteerimiskaalutlused ja valikukriteeriumid<\/h2>\n<ul>\n<li>\n<h3>Kandev\u00f5ime<\/h3>\n<p>Poomi silindrite projekteerimisel on kriitilise t\u00e4htsusega tegur nende kandev\u00f5ime. Need peavad olema konstrueeritud nii, et need taluksid maksimaalseid oodatavaid koormusi, ilma et see kahjustaks ohutust v\u00f5i j\u00f5udlust. See h\u00f5lmab sobivate materjalide valimist ning silindri suuruse ja konfiguratsiooni projekteerimist vastavalt konkreetsetele t\u00f6\u00f6n\u00f5uetele.<\/p>\n<\/li>\n<li>\n<h3>Tihendusmehhanismid<\/h3>\n<p>T\u00f5hus tihendamine on oluline h\u00fcdraulilise vedeliku lekete v\u00e4ltimiseks ja silindri optimaalse r\u00f5hu s\u00e4ilitamiseks. Kvaliteetsed tihendid, mis on valmistatud vastupidavatest materjalidest nagu pol\u00fcuretaan ja nitriilkummi, on h\u00fcdraulilise s\u00fcsteemi pikaealisuse ja t\u00f5hususe tagamiseks \u00fcliolulised.<\/p>\n<\/li>\n<li>\n<h3>Vastupidavus<\/h3>\n<p>H\u00fcdrauliliste silindrite konstruktsioonis on vastupidavus esmat\u00e4htis. K\u00f5rgtugevate materjalide kasutamine koos pinnat\u00f6\u00f6tlustega v\u00f5ib parandada kulumiskindlust ja korrosioonikaitset, tagades silindri hea toimivuse aja jooksul isegi keerulistes keskkondades.<\/p>\n<\/li>\n<li>\n<h3>Turvaelemendid<\/h3>\n<p>Poomi silindrite projekteerimisel on ohutuskaalutlused kriitilise t\u00e4htsusega. Selliste funktsioonide nagu r\u00f5huvabastusventiilide ja avariiseiskamisnuppude lisamine aitab v\u00e4ltida katastroofilisi rikkeid ja parandada operaatori ohutust seadmete t\u00f6\u00f6tamise ajal.<\/p>\n<\/li>\n<li>\n<h3>Hooldatavus<\/h3>\n<p>Hooldatavust silmas pidades projekteerimine h\u00f5lmab komponentide h\u00f5lpsat ligip\u00e4\u00e4setavust kontrollimiseks ja parandamiseks. See h\u00f5lmab tihenditele, m\u00e4\u00e4rdeainetele ja muudele olulistele osadele selge juurdep\u00e4\u00e4su tagamist, et h\u00f5lbustada rutiinset hooldust ja pikendada ballooni eluiga.<\/p>\n<\/li>\n<\/ul>\n<p><img decoding=\"async\" src=\"https:\/\/www.hydraulic-cylinders.net\/wp-content\/uploads\/2025\/04\/songte-oil-pipes-and-spare-parts.webp\" alt=\"\u00d5litorude ja varuosade pilt\"><\/p>\n<h2>Tihendus ja m\u00e4\u00e4rimine<\/h2>\n<p>H\u00fcdrauliliste silindrite j\u00f5udlust m\u00f5jutavad oluliselt nende tihendus- ja m\u00e4\u00e4rimiss\u00fcsteemid. Optimaalse j\u00f5udluse tagamiseks kasutatakse mitmesuguseid tihenduskomponente, sealhulgas kolvitihendeid ja varrastihendeid. Kulumiskindlatest materjalidest, nagu pol\u00fcuretaan ja nitriilkummi, valmistatud tihendid hoiavad \u00e4ra h\u00fcdraulikavedeliku lekke, s\u00e4ilitades samal ajal sisemise r\u00f5hu.<\/p>\n<p>Lisaks t\u00f6\u00f6deldakse silindri korpuse ja keermestatud otste pindu hoolikalt, et suurendada kulumiskindlust. H\u00f5\u00f5rdumise ja kulumise v\u00e4hendamiseks, tagades silindri sujuva t\u00f6\u00f6, on vajalik regulaarne m\u00e4\u00e4rimine sobiva h\u00fcdraulika\u00f5liga. N\u00f5uetekohane m\u00e4\u00e4rimine pikendab h\u00fcdraulikakomponentide eluiga ja parandab nende j\u00f5udlust.<\/p>\n<h2>Ennetavad hooldusmeetmed<\/h2>\n<ul>\n<li>\n<h3>Regulaarsed kontrollid<\/h3>\n<p>Poomi silindri regulaarne kontroll aitab tuvastada v\u00f5imalikke probleeme enne, kui need s\u00fcvenevad. Otsige kulumise, lekke v\u00f5i ebatavaliste helide m\u00e4rke ja tegelege k\u00f5igi probleemidega viivitamatult, et v\u00e4ltida edasisi kahjustusi.<\/p>\n<\/li>\n<li>\n<h3>Sobiv m\u00e4\u00e4rimine<\/h3>\n<p>\u00d5ige h\u00fcdraulika\u00f5li taseme hoidmine on optimaalse j\u00f5udluse saavutamiseks \u00fclioluline. Veenduge, et kasutatav \u00f5li sobib konkreetsele h\u00fcdraulikas\u00fcsteemile ja et seda vahetatakse regulaarselt, et v\u00e4ltida saastumist ja rikkeid.<\/p>\n<\/li>\n<li>\n<h3>Tihendi vahetamine<\/h3>\n<p>Tihendid kuluvad ja neid tuleks sageli kontrollida. Lekete v\u00e4ltimiseks ja h\u00fcdros\u00fcsteemi efektiivsuse s\u00e4ilitamiseks vahetage kahjustuse v\u00f5i kulumise m\u00e4rke n\u00e4itavad tihendid v\u00e4lja.<\/p>\n<\/li>\n<\/ul>\n<h2>Paigaldusjuhised<\/h2>\n<p>Poomi silindri paigaldamine n\u00f5uab detailidele suurt t\u00e4helepanu. Alustage sellest, et t\u00f6\u00f6ruum oleks puhas ja prahist vaba. Joondage silinder \u00f5igesti kinnituspunktidega, kasutades fikseerimiseks sobivaid kronsteine. Oluline on kontrollida \u00f5iget joondust, et v\u00e4ltida silindrile t\u00f6\u00f6tamise ajal liigset pinget.<\/p>\n<p>Seej\u00e4rel \u00fchendage silindriga h\u00fcdraulikavoolikud, veendudes, et \u00fchendused on tihedad ja lekkevabad. P\u00e4rast \u00fchendamist t\u00e4itke h\u00fcdraulikas\u00fcsteem soovitatud h\u00fcdraulikavedelikuga ja laske s\u00fcsteemist \u00f5hk v\u00e4lja, et tagada sujuv t\u00f6\u00f6. P\u00e4rast paigaldamist tehke funktsionaalsustest, et veenduda silindri etten\u00e4htud otstarbel t\u00f6\u00f6tamises.<\/p>\n<h2>Levinumad hooldust\u00f6\u00f6d<\/h2>\n<ul>\n<li>\n<h3>Regulaarsed kontrollid<\/h3>\n<p>Planeerige regulaarseid kontrolle, et hinnata poomi silindri seisukorda. See h\u00f5lmab lekete, kulumise ja \u00fcldise funktsionaalsuse kontrollimist. Probleemide varajane tuvastamine aitab v\u00e4ltida kulukaid remondit\u00f6id ja seisakuid.<\/p>\n<\/li>\n<li>\n<h3>Sobiv m\u00e4\u00e4rimine<\/h3>\n<p>Ensure that the hydraulic cylinder is lubricated according to the manufacturer&#8217;s specifications. Proper lubrication minimizes friction and wear, enhancing the lifespan and performance of the cylinder.<\/p>\n<\/li>\n<li>\n<h3>Tihendi vahetamine ja kalibreerimise kontrollimine<\/h3>\n<p>Tihendid tuleks vastavalt vajadusele v\u00e4lja vahetada, et s\u00e4ilitada t\u00f5hus tihendus ja v\u00e4ltida lekkeid. Lisaks on perioodilised kalibreerimiskontrollid olulised, et tagada h\u00fcdros\u00fcsteemi toimimine etten\u00e4htud parameetrite piires, maksimeerides efektiivsust ja ohutust.<\/p>\n<\/li>\n<\/ul>\n<p><img decoding=\"async\" src=\"https:\/\/www.hydraulic-cylinders.net\/wp-content\/uploads\/2025\/04\/songte-chushion-collar.webp\" alt=\"Padjakrae pilt\"><\/p>\n<h2>Ohutuskaalutlused ja keskkonnategurid<\/h2>\n<p>H\u00fcdrauliliste silindrite kasutamisel on ohutusmeetmed \u00fcliolulised. Operaatorid peaksid olema koolitatud m\u00f5istma h\u00fcdrauliliste masinatega seotud riske ja j\u00e4rgima ohutusprotokolle, et minimeerida \u00f5nnetusi ja vigastusi. Regulaarsed ohutusauditid ja t\u00f6\u00f6stusstandardite j\u00e4rgimine aitavad leevendada v\u00f5imalikke ohte, tagades ohutu t\u00f6\u00f6keskkonna.<\/p>\n<h2>Rikete diagnoosimine ja levinud probleemid<\/h2>\n<ul>\n<li>\n<h3>H\u00fcdraulilise vedeliku lekked<\/h3>\n<p>Lekkeid v\u00f5ib sageli otsida kulunud tihenditest v\u00f5i kahjustatud voolikutest. Regulaarsed kontrollid peaksid keskenduma lekete tuvastamisele, mis v\u00f5ivad kahjustada s\u00fcsteemi j\u00f5udlust ja p\u00f5hjustada edasisi kahjustusi.<\/p>\n<\/li>\n<li>\n<h3>V\u00e4hendatud v\u00f5imsus<\/h3>\n<p>V\u00f5imsuse v\u00e4henemine v\u00f5ib viidata sellistele probleemidele nagu madal h\u00fcdraulikavedeliku tase, saastumine v\u00f5i silindri sisemine kahjustus. H\u00fcdraulikas\u00fcsteemi p\u00f5hjalik kontrollimine aitab t\u00e4pselt kindlaks teha p\u00f5hjuse ja h\u00f5lbustada \u00f5igeaegset remonti.<\/p>\n<\/li>\n<li>\n<h3>Ebatavalised m\u00fcrad<\/h3>\n<p>Imelikud helid t\u00f6\u00f6tamise ajal v\u00f5ivad viidata mehaanilistele probleemidele, nagu joondusviga v\u00f5i sisemine kulumine. Operaatorid peaksid k\u00f5iki ebatavalisi helisid viivitamatult uurima, et v\u00e4ltida edasisi probleeme.<\/p>\n<\/li>\n<\/ul>\n<p>Nende probleemide t\u00f5husaks diagnoosimiseks ja lahendamiseks peaksid operaatorid pidama hoolduslogi ja j\u00e4rgima t\u00f5rkeotsingu juhendit. Ennetusmeetmete, n\u00e4iteks regulaarse hoolduse ja j\u00e4lgimise rakendamine v\u00f5ib oluliselt v\u00e4hendada suuremate probleemide tekkimise t\u00f5en\u00e4osust.<\/p>\n<p><img decoding=\"async\" src=\"https:\/\/www.hydraulic-cylinders.net\/wp-content\/uploads\/2025\/04\/songte-bushings-with-all-kinds-of-excavator-models.webp\" alt=\"Pukside pilt\"><\/p>\n<h2>Meie ettev\u00f5ttest<\/h2>\n<p>Oleme juhtiv asendush\u00fcdrauliliste silindrite tootja, pakkudes laia tootevalikut nii sise- kui ka rahvusvahelisele turule. Meie p\u00fchendumus tipptasemele peegeldub meie t\u00e4iustatud tootmisstrateegiates, mis h\u00f5lmavad k\u00f5rgelt kvalifitseeritud t\u00f6\u00f6j\u00f5udu, tipptasemel digitaalseid tootmisseadmeid ja professionaalseid testimiss\u00fcsteeme.<\/p>\n<p>Keskendudes kvaliteetsetele tootmismeetoditele, on meil \u00f5nnestunud oma tootmisv\u00f5imsust t\u00e4iustada, tagades klientide mitmekesiste vajaduste rahuldamise suure efektiivsuse, t\u00e4psuse ja kvaliteediga. Pakume ka spetsiaalseid kohandamisteenuseid, tagades, et meie tooted vastavad konkreetsetele t\u00f6\u00f6n\u00f5uetele. Meie p\u00fchendumus klientide rahulolule ilmneb meie igak\u00fclgses m\u00fc\u00fcgij\u00e4rgses toes, mis tagab, et kliendid saavad p\u00e4rast ostmist vajalikku abi.<\/p>\n<p><img decoding=\"async\" src=\"https:\/\/www.hydraulic-cylinders.net\/wp-content\/uploads\/2025\/04\/songte-company-4.webp\" alt=\"Ettev\u00f5tte pilt 4\"><br \/>\n<img decoding=\"async\" src=\"https:\/\/www.hydraulic-cylinders.net\/wp-content\/uploads\/2025\/04\/songte-company-3.webp\" alt=\"Ettev\u00f5tte pilt 3\"><\/p>\n<p>Autor: lyl<\/p>","protected":false},"excerpt":{"rendered":"<p>Boom Cylinder For Liugong Small Excavator CLG908C\/908D Product Definition and Overview The boom cylinder is a crucial hydraulic component specifically designed for the movement of excavator buckets in heavy machinery, such as excavators, backhoe diggers, and front loaders. It enables the lifting, lowering, and tilting of the bucket, making it essential for efficient material handling [&hellip;]<\/p>","protected":false},"featured_media":17867,"comment_status":"open","ping_status":"closed","template":"","meta":{"_et_pb_use_builder":"","_et_pb_old_content":"","_et_gb_content_width":""},"product_brand":[],"product_cat":[1546],"product_tag":[1547,1496],"class_list":{"0":"post-19287","1":"product","2":"type-product","3":"status-publish","4":"has-post-thumbnail","6":"product_cat-boom-cylinders","7":"product_tag-boom-cylinders","8":"product_tag-hydraulic-cylinders","10":"first","11":"instock","12":"shipping-taxable","13":"product-type-simple"},"amp_enabled":true,"_links":{"self":[{"href":"https:\/\/www.hydraulic-cylinders.net\/et\/wp-json\/wp\/v2\/product\/19287","targetHints":{"allow":["GET"]}}],"collection":[{"href":"https:\/\/www.hydraulic-cylinders.net\/et\/wp-json\/wp\/v2\/product"}],"about":[{"href":"https:\/\/www.hydraulic-cylinders.net\/et\/wp-json\/wp\/v2\/types\/product"}],"replies":[{"embeddable":true,"href":"https:\/\/www.hydraulic-cylinders.net\/et\/wp-json\/wp\/v2\/comments?post=19287"}],"wp:featuredmedia":[{"embeddable":true,"href":"https:\/\/www.hydraulic-cylinders.net\/et\/wp-json\/wp\/v2\/media\/17867"}],"wp:attachment":[{"href":"https:\/\/www.hydraulic-cylinders.net\/et\/wp-json\/wp\/v2\/media?parent=19287"}],"wp:term":[{"taxonomy":"product_brand","embeddable":true,"href":"https:\/\/www.hydraulic-cylinders.net\/et\/wp-json\/wp\/v2\/product_brand?post=19287"},{"taxonomy":"product_cat","embeddable":true,"href":"https:\/\/www.hydraulic-cylinders.net\/et\/wp-json\/wp\/v2\/product_cat?post=19287"},{"taxonomy":"product_tag","embeddable":true,"href":"https:\/\/www.hydraulic-cylinders.net\/et\/wp-json\/wp\/v2\/product_tag?post=19287"}],"curies":[{"name":"wp","href":"https:\/\/api.w.org\/{rel}","templated":true}]}}