{"id":19292,"date":"2025-04-07T06:25:15","date_gmt":"2025-04-07T06:25:15","guid":{"rendered":"https:\/\/www.hydraulic-cylinders.net\/product\/boom-cylinder-for-liugong-small-excavator-clg910e\/"},"modified":"2025-04-07T06:25:27","modified_gmt":"2025-04-07T06:25:27","slug":"boom-cylinder-for-liugong-small-excavator-clg910e","status":"publish","type":"product","link":"https:\/\/www.hydraulic-cylinders.net\/et\/toode\/boom-cylinder-for-liugong-small-excavator-clg910e\/","title":{"rendered":"Liugongi v\u00e4ikese ekskavaatori CLG910E poomi silinder"},"content":{"rendered":"<h1>Liugongi v\u00e4ikese ekskavaatori CLG910E poomi silinder<\/h1>\n<h2>Sissejuhatus poomi silindrisse<\/h2>\n<p>Spetsiaalselt Liugongi v\u00e4ikeekskavaatori CLG910E jaoks loodud noole silinder on oluline h\u00fcdrauliline komponent, millel on rasketehnika t\u00f6\u00f6s \u00fclioluline roll. See vastutab peamiselt ekskavaatori noole liikumise juhtimise eest, v\u00f5imaldades sellel koppa t\u00f5sta, langetada ja kallutada. See t\u00e4pne juhtimine on ehitusplatsidel t\u00f5husate materjalik\u00e4itlust\u00f6\u00f6de jaoks \u00fclioluline.<\/p>\n<p><img decoding=\"async\" src=\"https:\/\/www.hydraulic-cylinders.net\/wp-content\/uploads\/2025\/04\/songte-company-1.webp\" alt=\"Poomi silinder\" \/><\/p>\n<h3>Definitsioon ja \u00fclevaade<\/h3>\n<p>Kopa silinder, tuntud ka kui poomi silinder, on h\u00fcdrauliline silinder, mis h\u00f5lbustab mitmesuguste raskete masinate lisaseadmete, n\u00e4iteks ekskavaatorite, laadurite ja esilaadurite lisaseadmete liigutamist. See h\u00fcdrauliline s\u00fcsteem v\u00f5imaldab poomil v\u00e4lja ja sisse t\u00f5mbuda, suurendades masina v\u00f5imet materjale t\u00f5husalt kaevata, laadida ja transportida. Silinder t\u00f6\u00f6tab k\u00f5rge r\u00f5hu all, pakkudes vajalikku j\u00f5udu raskete koormate t\u00f5stmiseks, s\u00e4ilitades samal ajal stabiilsuse ja kontrolli.<\/p>\n<h2>Poomi silindri omadused<\/h2>\n<ul>\n<li><strong>Suur tugevus ja vastupidavus:<\/strong> K\u00f5rgtugevast terasest v\u00f5i alumiiniumist valmistatud poomi silinder talub k\u00f5rget r\u00f5hku ja suuri koormusi ning on loodud vastu pidama karmidele t\u00f6\u00f6keskkondadele.<\/li>\n<li><strong>T\u00f5hus h\u00fcdrauliline t\u00f6\u00f6:<\/strong> Kasutab sujuvaks pikendamiseks ja tagasit\u00f5mbamiseks h\u00fcdraulilise vedeliku r\u00f5hku, reageerides operaatori k\u00e4sklustele kiiresti tugeva t\u00f5mbe- ja t\u00f5ukej\u00f5uga.<\/li>\n<li><strong>Erinevad t\u00fc\u00fcbid:<\/strong> Saadaval \u00fchetoimelise (\u00fches suunas t\u00f6\u00f6tav) v\u00f5i kahetoimelise (m\u00f5lemas suunas t\u00f6\u00f6tav) konfiguratsioonina, mis vastab erinevatele t\u00f6\u00f6vajadustele.<\/li>\n<li><strong>Ruumis\u00e4\u00e4stlikud kujundused:<\/strong> M\u00f5nedel mudelitel on teleskoopv\u00f5imalus, mis v\u00f5imaldab suuremat pikendamist ilma v\u00e4lism\u00f5\u00f5tmeid suurendamata, mis sobib ideaalselt kitsastesse ruumidesse.<\/li>\n<li><strong>Hoolduss\u00f5bralik konstruktsioon:<\/strong> Loodud lihtsaks kontrollimiseks ja hooldamiseks, tagades optimaalse j\u00f5udluse ja pikaealisuse.<\/li>\n<\/ul>\n<p>Meie toode on loodud teie masina olemasolevate h\u00fcdrosilindrite ideaalseks asendamiseks, tagades sujuva integratsiooni ja funktsionaalsuse.<\/p>\n<p><img decoding=\"async\" src=\"https:\/\/www.hydraulic-cylinders.net\/wp-content\/uploads\/2025\/04\/songte-cylinder-head-with-all-kinds-excavator-models.webp\" alt=\"Ekskavaatori mudeli \u00fchilduvus\" \/><\/p>\n<h2>Rakendusstsenaariumid<\/h2>\n<h3>Ehitustehnika<\/h3>\n<p>Ekskavaatorites on noolesilindrid kriitilise t\u00e4htsusega kaevamisel, laadimisel ja pinnase v\u00f5i prahi teisaldamisel. Need tagavad, et kopp tungib t\u00f5husalt pinnasesse, v\u00f5imaldades operaatoril mitmesuguseid \u00fclesandeid t\u00f5husalt t\u00e4ita. Ekskavaatoritel aitab kopa silinder lisaks kaevamisele ka materjalide t\u00f5stmisele, mis n\u00e4itab selle mitmek\u00fclgsust ehitusrakendustes.<\/p>\n<h3>P\u00f5llumajandustehnika<\/h3>\n<p>Esilaadurites kasutatakse noolesilindreid mulla, heina ja muude materjalide kopeerimiseks, t\u00f5stmiseks ja transportimiseks. Nende konstruktsioon v\u00f5imaldab sujuvat t\u00f6\u00f6d, mis on oluline p\u00f5llumajanduses t\u00e4psust ja t\u00f6\u00f6kindlust n\u00f5udvate \u00fclesannete puhul.<\/p>\n<h3>Ekskavaatorid<\/h3>\n<p>Ekskavaatorid kasutavad kopa pinnasesse tungimiseks noolesilindreid, mis h\u00f5lbustab t\u00f5husat kaevamist. Silindri pakutav h\u00fcdrauliline j\u00f5ud on oluline raskete t\u00f6\u00f6de, n\u00e4iteks kaevamise ja vundamendit\u00f6\u00f6de tegemiseks.<\/p>\n<h3>Laadurid<\/h3>\n<p>Esilaaduritel on noolesilindrid olulised koormate t\u00f5stmisel ja t\u00fchjendamisel. Nende tugevus ja reageerimisv\u00f5ime muudavad need ideaalseks mitmesuguste materjalide t\u00f5husaks k\u00e4sitsemiseks, suurendades seel\u00e4bi tootlikkust t\u00f6\u00f6platsidel.<\/p>\n<h2>Projekteerimiskaalutlused ja valikukriteeriumid<\/h2>\n<h3>Kandev\u00f5ime<\/h3>\n<p>Poomi silindri kandev\u00f5ime on valiku tegemisel oluline tegur. See m\u00e4\u00e4rab maksimaalse raskuse, mida silinder ohutult ja t\u00f5husalt taluda suudab. Ebapiisava kandev\u00f5imega silinder v\u00f5ib p\u00f5hjustada mehaanilisi rikkeid ja \u00f5nnetusi. Seega on optimaalse j\u00f5udluse ja ohutuse tagamiseks oluline silindri spetsifikatsioonid sobitada kavandatud rakendusega.<\/p>\n<h3>Tihendi terviklikkus<\/h3>\n<p>H\u00fcdrauliliste silindrite t\u00f5husa t\u00f6\u00f6 tagamiseks on oluline korralik tihendus. Kvaliteetsed tihendid hoiavad \u00e4ra h\u00fcdraulilise vedeliku lekke, tagades silindri r\u00f5hu ja funktsionaalsuse s\u00e4ilimise. Tihendite hooldus on \u00fclioluline, kuna kulumine v\u00f5ib kahjustada j\u00f5udlust. Tihendite regulaarne kontroll ja vahetamine aitab s\u00e4ilitada h\u00fcdraulikas\u00fcsteemi terviklikkust.<\/p>\n<h3>Vastupidavus<\/h3>\n<p>Vastupidavus on disainimisel oluline kaalutlus, eriti seadmete puhul, mis on allutatud karmidele keskkondadele ja suurele koormusele. Tootmises kasutatavad materjalid peavad olema kulumis-, korrosiooni- ja kahjustuskindlad. Tootjad kasutavad sageli kaitsekatteid ja valivad t\u00e4iustatud materjale, et pikendada toote eluiga, tagades selle vastupidavuse mitmesugustele t\u00f6\u00f6koormustele.<\/p>\n<h3>Turvaelemendid<\/h3>\n<p>H\u00fcdrauliliste s\u00fcsteemide k\u00e4itamisel on ohutus esmat\u00e4htis. Poomi silindrid on konstrueeritud ohutusfunktsioonidega, n\u00e4iteks purunemiskettad v\u00f5i r\u00f5hualandusventiilid, et v\u00e4ltida \u00fcler\u00f5hu teket. Neid omadusi on valiku tegemisel oluline arvestada, et minimeerida riske ning suurendada operaatori ja seadmete ohutust.<\/p>\n<h3>Hoolduse lihtsus<\/h3>\n<p>H\u00fcdrauliliste silindrite pikaealisuse tagamiseks on oluline, et neid oleks lihtne hooldada. Kontrollimiseks, m\u00e4\u00e4rimiseks ja vahetamiseks h\u00f5lpsasti ligip\u00e4\u00e4setavad komponendid v\u00e4hendavad seisakuid ja suurendavad t\u00f6\u00f6 efektiivsust. Seadmete optimaalse t\u00f6\u00f6korras p\u00fcsimise tagamiseks tuleks kehtestada regulaarsed hooldusprotokollid.<\/p>\n<p><img decoding=\"async\" src=\"https:\/\/www.hydraulic-cylinders.net\/wp-content\/uploads\/2025\/04\/songte-oil-pipes-and-spare-parts.webp\" alt=\"\u00d5litorud ja varuosad\" \/><\/p>\n<h2>Tihendus ja m\u00e4\u00e4rimine<\/h2>\n<p>Poomi silindri t\u00f6\u00f6 efektiivsus s\u00f5ltub suuresti selle tihendus- ja m\u00e4\u00e4rimiss\u00fcsteemidest. Silindri sees r\u00f5hu hoidmiseks kasutatakse mitmesuguseid tihendeid, n\u00e4iteks kolvitihendeid ja vardatihendeid. Vastupidavatest materjalidest, nagu pol\u00fcuretaan ja nitriilkummi, valmistatud tihendid pakuvad suurep\u00e4rast kulumiskindlust ja pikaealisust. Lisaks sellele t\u00f6\u00f6deldakse silindri korpust ja keermestatud otsapindu t\u00e4pselt, et suurendada vastupidavust.<\/p>\n<p>Regulaarne m\u00e4\u00e4rimine on oluline; sujuva t\u00f6\u00f6 tagamiseks ja kulumise v\u00e4ltimiseks tuleb h\u00fcdraulika\u00f5li perioodiliselt lisada. \u00d5ige m\u00e4\u00e4rimisgraafik aitab s\u00e4ilitada h\u00fcdraulikavedeliku viskoossust, mis on h\u00fcdraulikas\u00fcsteemis t\u00f5husa j\u00f5u\u00fclekande jaoks \u00fclioluline. N\u00f5uetekohase m\u00e4\u00e4rimise tagamata j\u00e4tmine v\u00f5ib p\u00f5hjustada silindri enneaegset kulumist ja v\u00f5imalikku riket.<\/p>\n<h2>Regulaarne hooldus ja ennetavad meetmed<\/h2>\n<ul>\n<li><strong>Regulaarsed kontrollid:<\/strong> Tehke sagedasi kontrolle lekete, kulumise v\u00f5i kahjustuste suhtes. Probleemide varajane avastamine v\u00f5imaldab \u00f5igeaegset remonti, ennetades ulatuslikke kahjustusi ja kulukaid seisakuid.<\/li>\n<li><strong>Sobiv m\u00e4\u00e4rimine:<\/strong> Veenduge, et h\u00fcdros\u00fcsteem on piisavalt m\u00e4\u00e4ritud, j\u00e4rgides tootja soovitusi \u00f5lit\u00fc\u00fcpide ja vahetusintervallide kohta. N\u00f5uetekohane m\u00e4\u00e4rimine v\u00e4hendab h\u00fcdros\u00fcsteemi h\u00f5\u00f5rdumist ja kulumist.<\/li>\n<li><strong>Tihendi vahetamine:<\/strong> J\u00e4lgige tihendite seisukorda ja vahetage need vastavalt vajadusele. Kulunud tihendid v\u00f5ivad p\u00f5hjustada h\u00fcdraulikavedeliku lekkeid ja efektiivsuse v\u00e4henemist, mist\u00f5ttu on optimaalse j\u00f5udluse s\u00e4ilitamiseks vaja need \u00f5igeaegselt v\u00e4lja vahetada.<\/li>\n<\/ul>\n<h2>Paigaldusjuhised<\/h2>\n<p>Poomi silindri \u00f5ige paigaldamine on selle j\u00f5udluse ja pikaealisuse seisukohalt kriitilise t\u00e4htsusega. Alustage veendumaks, et paigalduskoht on puhas ja prahist vaba. Joondage silinder t\u00e4pselt kinnituspunktidega, et v\u00e4ltida joondusvigu, mis v\u00f5ivad p\u00f5hjustada liigset kulumist ja rikkeid. Kasutage silindri kinnitamiseks sobivaid kinnitusklambreid, veendudes, et see on kindlalt paigas. P\u00e4rast paigaldamist kontrollige lekkeid ja veenduge, et h\u00fcdraulika\u00fchendused on kindlalt kinnitatud. Parima tulemuse saavutamiseks on soovitatav t\u00e4pselt j\u00e4rgida tootja paigaldusjuhiseid.<\/p>\n<h2>Hooldus\u00fclesanded<\/h2>\n<ul>\n<li><strong>Regulaarsed kontrollid:<\/strong> Planeerige regulaarseid kontrolle, et avastada kulumise v\u00f5i lekete m\u00e4rke. H\u00fcdrauliliste komponentide seisukorra kontrollimine aitab tagada nende korrektse toimimise.<\/li>\n<li><strong>\u00d5ige m\u00e4\u00e4rimine:<\/strong> J\u00e4rgige regulaarset m\u00e4\u00e4rimisgraafikut, et tagada k\u00f5igi liikuvate osade piisav m\u00e4\u00e4rimine, v\u00e4hendades h\u00f5\u00f5rdumist ja pikendades silindri eluiga.<\/li>\n<li><strong>Tihendi vahetamine:<\/strong> J\u00e4lgige tihendite kulumist ja vajadusel vahetage need v\u00e4lja. See \u00fclesanne on \u00fclioluline r\u00f5hu s\u00e4ilitamiseks ja vedelikulekete v\u00e4ltimiseks.<\/li>\n<\/ul>\n<p>Paigaldamise ajal on silindri \u00f5ige joondamine \u00fclioluline, et v\u00e4ltida komponentidele liigset pinget. Stabiilsuse tagamiseks on soovitatav kasutada sobivaid paigaldustugesid. Seadmete eluea pikendamiseks tuleks kindlalt kehtestada regulaarsed kontrolli-, remondi- ja vahetusprotokollid.<\/p>\n<p><img decoding=\"async\" src=\"https:\/\/www.hydraulic-cylinders.net\/wp-content\/uploads\/2025\/04\/songte-chushion-collar.webp\" alt=\"Padjakaelus\" \/><\/p>\n<h2>Ohutuskaalutlused ja keskkonnategurid<\/h2>\n<p>H\u00fcdraulikas\u00fcsteemidega t\u00f6\u00f6tamisel on ohutusmeetmed \u00fcliolulised. Operaatorid peavad olema koolitatud ohutusn\u00f5uete osas, sealhulgas isikukaitsevahendite (IKV) n\u00f5uetekohase kasutamise osas ja h\u00fcdraulikas\u00fcsteemi t\u00f6\u00f6 m\u00f5istmise osas. Regulaarsed hoolduskontrollid aitavad kaasa ohutusele, tagades k\u00f5igi komponentide korrektse toimimise, v\u00e4hendades \u00f5nnetuste ja masina rikete ohtu. Lisaks tuleks arvestada keskkonnakaalutlustega, n\u00e4iteks h\u00fcdraulikavedelike n\u00f5uetekohase utiliseerimise ja komponentide ringlussev\u00f5tuga, et minimeerida \u00f6koloogilist m\u00f5ju.<\/p>\n<h2>Veaotsing ja levinud probleemid<\/h2>\n<ul>\n<li><strong>H\u00fcdraulilise vedeliku lekked:<\/strong> Lekkeid v\u00f5ib p\u00f5hjustada kulunud tihendid v\u00f5i kahjustatud osad. Kontrollige tihendeid ja \u00fchendusi regulaarselt, et lekkeid tuvastada ja parandada.<\/li>\n<li><strong>V\u00e4hendatud j\u00f5udlus:<\/strong> Kui poomi silinder ei t\u00f6\u00f6ta sujuvalt, v\u00f5ib see viidata madalale h\u00fcdraulikavedeliku tasemele v\u00f5i vedeliku saastumisele. Kontrollige vedeliku taset ja kvaliteeti regulaarselt.<\/li>\n<li><strong>Ebakorrap\u00e4rased liigutused:<\/strong> See v\u00f5ib viidata h\u00fcdraulikavoolikutesse j\u00e4\u00e4nud \u00f5hule v\u00f5i ebapiisavale m\u00e4\u00e4rimisele. S\u00fcsteemi \u00f5hutamine v\u00f5ib probleemi lahendada, tagades samal ajal korraliku m\u00e4\u00e4rimise.<\/li>\n<\/ul>\n<p>Nende probleemide kiire lahendamine aitab minimeerida seisakuid ja s\u00e4ilitada t\u00f6\u00f6 efektiivsust. Rutiinsete kontrollide ja ennetusmeetmete rakendamine on parim strateegia v\u00f5imalike probleemide v\u00e4hendamiseks ja h\u00fcdros\u00fcsteemi eluea pikendamiseks.<\/p>\n<p><img decoding=\"async\" src=\"https:\/\/www.hydraulic-cylinders.net\/wp-content\/uploads\/2025\/04\/songte-bushings-with-all-kinds-of-excavator-models.webp\" alt=\"Pukside \u00fchilduvus\" \/><\/p>\n<h2>Meie ettev\u00f5ttest<\/h2>\n<p>Oleme juhtiv asendush\u00fcdrauliliste silindrite tootja ja hulgim\u00fc\u00fcja, keda tuntakse laia tootevaliku ja kvaliteedile p\u00fchendumise poolest. Tipptasemele p\u00fc\u00fcdlemise ja keeruka tootmisjuhtimise strateegia rakendamise abil t\u00e4iustame pidevalt oma tootmisv\u00f5imsust. Meie investeeringud tehnoloogiasse, oskust\u00f6\u00f6listesse t\u00f6\u00f6tajatesse ja t\u00e4iustatud kontrollis\u00fcsteemidesse v\u00f5imaldavad meil parandada toodete kvaliteeti ja rahuldada t\u00f5husalt klientide mitmekesiseid vajadusi.<\/p>\n<p>Meie professionaalne l\u00e4henemine, rahvusvahelised sertifikaadid ja kohandatavad teenused teevad meist usaldusv\u00e4\u00e4rse partneri h\u00fcdrauliliste silindrite turul. Keskendudes suure t\u00f5hususega ja t\u00e4psele tootmisele, p\u00fc\u00fcame pakkuda parimaid tooteid, mis vastavad meie klientide mitmekesistele vajadustele.<\/p>\n<p><img decoding=\"async\" src=\"https:\/\/www.hydraulic-cylinders.net\/wp-content\/uploads\/2025\/04\/songte-company-4.webp\" alt=\"Ettev\u00f5tte pilt 1\" \/><br \/>\n<img decoding=\"async\" src=\"https:\/\/www.hydraulic-cylinders.net\/wp-content\/uploads\/2025\/04\/songte-company-3.webp\" alt=\"Ettev\u00f5tte pilt 2\" \/><\/p>\n<p>Autor: lyl<\/p>","protected":false},"excerpt":{"rendered":"<p>Boom Cylinder For Liugong Small Excavator CLG910E Introduction to the Boom Cylinder The Boom Cylinder, specifically designed for the Liugong Small Excavator CLG910E, is an essential hydraulic component that plays a crucial role in the operation of heavy machinery. It is primarily responsible for controlling the movement of the excavator&#8217;s boom, allowing it to lift, [&hellip;]<\/p>","protected":false},"featured_media":17872,"comment_status":"open","ping_status":"closed","template":"","meta":{"_et_pb_use_builder":"","_et_pb_old_content":"","_et_gb_content_width":""},"product_brand":[],"product_cat":[1546],"product_tag":[1547,1496],"class_list":{"0":"post-19292","1":"product","2":"type-product","3":"status-publish","4":"has-post-thumbnail","6":"product_cat-boom-cylinders","7":"product_tag-boom-cylinders","8":"product_tag-hydraulic-cylinders","10":"first","11":"instock","12":"shipping-taxable","13":"product-type-simple"},"amp_enabled":true,"_links":{"self":[{"href":"https:\/\/www.hydraulic-cylinders.net\/et\/wp-json\/wp\/v2\/product\/19292","targetHints":{"allow":["GET"]}}],"collection":[{"href":"https:\/\/www.hydraulic-cylinders.net\/et\/wp-json\/wp\/v2\/product"}],"about":[{"href":"https:\/\/www.hydraulic-cylinders.net\/et\/wp-json\/wp\/v2\/types\/product"}],"replies":[{"embeddable":true,"href":"https:\/\/www.hydraulic-cylinders.net\/et\/wp-json\/wp\/v2\/comments?post=19292"}],"wp:featuredmedia":[{"embeddable":true,"href":"https:\/\/www.hydraulic-cylinders.net\/et\/wp-json\/wp\/v2\/media\/17872"}],"wp:attachment":[{"href":"https:\/\/www.hydraulic-cylinders.net\/et\/wp-json\/wp\/v2\/media?parent=19292"}],"wp:term":[{"taxonomy":"product_brand","embeddable":true,"href":"https:\/\/www.hydraulic-cylinders.net\/et\/wp-json\/wp\/v2\/product_brand?post=19292"},{"taxonomy":"product_cat","embeddable":true,"href":"https:\/\/www.hydraulic-cylinders.net\/et\/wp-json\/wp\/v2\/product_cat?post=19292"},{"taxonomy":"product_tag","embeddable":true,"href":"https:\/\/www.hydraulic-cylinders.net\/et\/wp-json\/wp\/v2\/product_tag?post=19292"}],"curies":[{"name":"wp","href":"https:\/\/api.w.org\/{rel}","templated":true}]}}