{"id":19300,"date":"2025-04-07T06:25:46","date_gmt":"2025-04-07T06:25:46","guid":{"rendered":"https:\/\/www.hydraulic-cylinders.net\/product\/boom-cylinder-for-liugong-middle-excavator-clg220-5\/"},"modified":"2025-04-07T06:25:48","modified_gmt":"2025-04-07T06:25:48","slug":"boom-cylinder-for-liugong-middle-excavator-clg220-5","status":"publish","type":"product","link":"https:\/\/www.hydraulic-cylinders.net\/et\/toode\/boom-cylinder-for-liugong-middle-excavator-clg220-5\/","title":{"rendered":"Liugongi keskmise ekskavaatori CLG220-5 poomi silinder"},"content":{"rendered":"<h1>Liugongi keskmise ekskavaatori CLG220-5 poomi silinder<\/h1>\n<h2>Sissejuhatus poomi silindrisse<\/h2>\n<p>Noole silinder, tuntud ka kui kopa silinder, on rasketehnika, n\u00e4iteks ekskavaatorite, laadur-ekskavaatori ja esilaaduri h\u00fcdraulikas\u00fcsteemide oluline komponent. See h\u00fcdrauliline silinder on spetsiaalselt loodud kopa liikumise juhtimiseks, v\u00f5imaldades sellel t\u00f5husalt t\u00f5sta, langetada ja kallutada. H\u00fcdraulikas\u00fcsteem tugineb h\u00fcdraulika mehaanika p\u00f5him\u00f5tetele, v\u00f5imaldades silindril genereerida vajalikku j\u00f5udu mitmesuguste materjalik\u00e4itlust\u00f6\u00f6de tegemiseks. Oma t\u00e4pse juhtimisega suurendab noole silinder t\u00f6\u00f6 efektiivsust ehitus- ja p\u00f5llumajandusrakendustes.<\/p>\n<p><img decoding=\"async\" src=\"https:\/\/www.hydraulic-cylinders.net\/wp-content\/uploads\/2025\/04\/songte-company-1.webp\" alt=\"Poomi silinder\" \/><\/p>\n<h2>Poomi silindri omadused<\/h2>\n<ul>\n<li>\n<h3>Suur tugevus ja vastupidavus<\/h3>\n<p>K\u00f5rgtugevast terasest v\u00f5i alumiiniumist valmistatud poomi silinder talub k\u00f5rget r\u00f5hku ja suuri koormusi, mist\u00f5ttu sobib see karmidesse t\u00f6\u00f6keskkondadesse. Selle konstruktsioonis on arvestatud kulumiskindluse ja korrosioonikindlusega, mis pikendab selle kasutusiga.<\/p>\n<\/li>\n<li>\n<h3>T\u00f5hus h\u00fcdrauliline t\u00f6\u00f6<\/h3>\n<p>Silinder kasutab sujuva pikenemise ja tagasit\u00f5mbamise saavutamiseks h\u00fcdraulika\u00f5li r\u00f5hku, reageerides kiiresti operaatori k\u00e4sklustele. See tagab v\u00f5imsad t\u00f5uke- ja t\u00f5mbej\u00f5ud, mis sobivad ideaalselt raskete koormate ja keerukate \u00fclesannete k\u00e4sitsemiseks.<\/p>\n<\/li>\n<li>\n<h3>Mitmekesised konfiguratsioonid<\/h3>\n<p>Poomi silindrid on saadaval erinevat t\u00fc\u00fcpi, sealhulgas \u00fchetoimelised (kasutavad h\u00fcdraulilist r\u00f5hku \u00fches suunas) ja kahetoimelised (kasutavad h\u00fcdraulilist r\u00f5hku m\u00f5lemas suunas). M\u00f5ned mudelid on teleskoopilised, mis v\u00f5imaldab suuremat pikendust ilma v\u00e4lism\u00f5\u00f5tmeid suurendamata, sobides piiratud ruumiga rakenduste jaoks.<\/p>\n<\/li>\n<li>\n<h3>\u00dchilduvus ja asendamine<\/h3>\n<p>Saame seda toodet toota, pakkudes ideaalseid asendusi olemasolevatele h\u00fcdrosilindritele erinevates mudelites.<\/p>\n<\/li>\n<\/ul>\n<p><img decoding=\"async\" src=\"https:\/\/www.hydraulic-cylinders.net\/wp-content\/uploads\/2025\/04\/songte-cylinder-head-with-all-kinds-excavator-models.webp\" alt=\"Ekskavaatori mudelid\" \/><\/p>\n<h2>Poomi silindri rakendused<\/h2>\n<ul>\n<li>\n<h3>Ehitustehnika<\/h3>\n<p>Ekskavaatorites on noolesilindrid h\u00e4davajalikud kaevamiseks, laadimiseks ja mulla v\u00f5i prahi teisaldamiseks. Need h\u00f5lbustavad kaevamistoimingut, v\u00f5imaldades kopal t\u00f5husalt pinnasesse tungida. Ilma usaldusv\u00e4\u00e4rsete noolesilindriteta oleks ehitusprojektide efektiivsus oluliselt piiratud.<\/p>\n<\/li>\n<li>\n<h3>P\u00f5llumajandustehnika<\/h3>\n<p>Esilaadurites aitavad noolesilindrid mulda, heina ja muid materjale kopaga t\u00f5sta, t\u00f5sta ja transportida. Nende vastupidav konstruktsioon v\u00f5imaldab raskete p\u00f5llumajandussaaduste t\u00f5husat k\u00e4sitsemist, v\u00f5imaldades p\u00f5llumeestel oma taludes tootlikkust s\u00e4ilitada.<\/p>\n<\/li>\n<li>\n<h3>Ekskavaatorid<\/h3>\n<p>Noole silinder v\u00f5imaldab kopal s\u00fcgavale pinnasesse kaevata, parandades ekskavaatori v\u00f5imet mitmesuguseid \u00fclesandeid t\u00f5husalt t\u00e4ita. See on \u00fclioluline ehitus- ja kaevandust\u00f6\u00f6del, kus kaevamiss\u00fcgavus ja t\u00e4psus on \u00fcliolulised.<\/p>\n<\/li>\n<li>\n<h3>Laadurid<\/h3>\n<p>Esilaaduritel aitavad noolesilindrid koormaid t\u00f5husalt t\u00f5sta ja t\u00fchjendada. Need tagavad, et suuri materjalikoguseid saab kiiresti ja ohutult teisaldada, aidates kaasa t\u00f6\u00f6 efektiivsusele.<\/p>\n<\/li>\n<\/ul>\n<h2>Projekteerimiskaalutlused ja valikustandardid<\/h2>\n<ul>\n<li>\n<h3>Kandev\u00f5ime<\/h3>\n<p>Poomi silindril peab olema sobiv kandev\u00f5ime, et taluda t\u00f5stetavate v\u00f5i liigutatavate materjalide raskust. See h\u00f5lmab maksimaalse koormuse hindamist, mida see suudab kanda ilma konstruktsiooni terviklikkust kahjustamata.<\/p>\n<\/li>\n<li>\n<h3>Tihendust\u00f5husus<\/h3>\n<p>T\u00f5hus tihendus on h\u00fcdrauliliste silindrite puhul \u00fclioluline, et v\u00e4ltida \u00f5lilekkeid ja s\u00e4ilitada r\u00f5hk. Kvaliteetsed tihendid, mis on valmistatud vastupidavatest materjalidest, n\u00e4iteks pol\u00fcuretaanist v\u00f5i nitriilkummist, on pikaealisuse ja j\u00f5udluse tagamiseks h\u00e4davajalikud.<\/p>\n<\/li>\n<li>\n<h3>Vastupidavus<\/h3>\n<p>Vastupidavus on h\u00fcdrauliliste silindrite projekteerimisel oluline tegur. Need peavad olema kulumiskindlad, eriti abrasiivses keskkonnas, et tagada pikk kasutusiga.<\/p>\n<\/li>\n<li>\n<h3>Turvaelemendid<\/h3>\n<p>H\u00fcdrauliliste seadmete kasutamisel on ohutus esmat\u00e4htis. Poomi silindritel peaksid olema konstruktsioonielemendid, mis takistavad riket raskete koormuste korral, tagades kasutajatele ohutu t\u00f6\u00f6.<\/p>\n<\/li>\n<li>\n<h3>Hoolduse ligip\u00e4\u00e4setavus<\/h3>\n<p>Projekteerimisel tuleks arvestada ka hoolduse lihtsusega. Balloonid peaksid olema konstrueeritud nii, et regulaarset kontrolli v\u00f5i vahetamist vajavatele komponentidele oleks lihtne juurde p\u00e4\u00e4seda, h\u00f5lbustades rutiinset hooldust.<\/p>\n<\/li>\n<\/ul>\n<p><img decoding=\"async\" src=\"https:\/\/www.hydraulic-cylinders.net\/wp-content\/uploads\/2025\/04\/songte-oil-pipes-and-spare-parts.webp\" alt=\"\u00d5litorud ja varuosad\" \/><\/p>\n<h2>Tihendus ja m\u00e4\u00e4rimine<\/h2>\n<p>Poomi silindrite efektiivsus s\u00f5ltub suuresti efektiivsest tihendusest ja m\u00e4\u00e4rimisest. H\u00fcdraulikas\u00fcsteemi terviklikkuse s\u00e4ilitamiseks kasutatakse mitmesuguseid tihenduselemente, n\u00e4iteks kolvi- ja varrastihendeid. Kulumiskindluse t\u00f5ttu on eelistatud vastupidavatest materjalidest, n\u00e4iteks pol\u00fcuretaanist ja nitriilkummist, valmistatud tihendid. Lisaks t\u00f6\u00f6deldakse silindri korpust ja keermestatud otsasid kulumiskindluse suurendamiseks peeneks. H\u00f5\u00f5rdumise minimeerimiseks ja \u00fclekuumenemise v\u00e4ltimiseks, pikendades seel\u00e4bi silindri eluiga, on oluline regulaarselt lisada piisav kogus h\u00fcdraulika\u00f5li m\u00e4\u00e4rimiseks.<\/p>\n<h2>Ennetavad hooldusmeetmed<\/h2>\n<ul>\n<li>\n<h3>Regulaarsed kontrollid<\/h3>\n<p>Poomi silindri regulaarne kontrollimine aitab tuvastada v\u00f5imalikke probleeme enne, kui need muutuvad oluliseks. Otsige kulumise, lekke v\u00f5i konstruktsioonikahjustuste m\u00e4rke.<\/p>\n<\/li>\n<li>\n<h3>Sobiv m\u00e4\u00e4rimine<\/h3>\n<p>Silindri \u00f5iget t\u00fc\u00fcpi h\u00fcdraulika\u00f5liga m\u00e4\u00e4rimine on \u00fclioluline. M\u00e4\u00e4rimine v\u00e4hendab h\u00f5\u00f5rdumist ja minimeerib kulumist, pikendades oluliselt silindri t\u00f6\u00f6iga.<\/p>\n<\/li>\n<li>\n<h3>Tihendi vahetamine<\/h3>\n<p>Aja jooksul v\u00f5ivad tihendid laguneda, mis v\u00f5ib p\u00f5hjustada lekkeid. H\u00fcdraulikas\u00fcsteemi efektiivsuse s\u00e4ilitamiseks ja \u00f5likao v\u00e4ltimiseks on oluline tihendeid regulaarselt kontrollida ja vajadusel vahetada.<\/p>\n<\/li>\n<\/ul>\n<h2>Paigaldusjuhised<\/h2>\n<p>Poomi silindri \u00f5ige paigaldamine on optimaalse j\u00f5udluse saavutamiseks kriitilise t\u00e4htsusega. Alustage veendumisest, et kinnituspinnad on puhtad ja prahist vabad. Kasutage silindri t\u00e4pseks joondamiseks sobivaid joondamist\u00f6\u00f6riistu, v\u00e4ltides tihendite ja varraste liigset pinget. Kasutage silindri kinnitamiseks sobivaid kinnitusklambreid, veendudes, et k\u00f5ik kinnitusdetailid on tootja spetsifikatsioonide kohaselt pingutatud. P\u00e4rast paigaldamist kontrollige h\u00fcdraulika\u00fchenduste \u00f5igsust, et veenduda lekete puudumises, ja tehke funktsionaalne test, et veenduda silindri sujuvas t\u00f6\u00f6s.<\/p>\n<h2>Levinumad hooldust\u00f6\u00f6d<\/h2>\n<ul>\n<li>\n<h3>Regulaarsed kontrollid<\/h3>\n<p>Tehke h\u00fcdraulikas\u00fcsteemil regulaarseid kontrolle, sh \u00f5litaseme kontrollimine ja voolikute kulumise kontrollimine. See pidev hooldus aitab probleeme varakult avastada.<\/p>\n<\/li>\n<li>\n<h3>\u00d5ige m\u00e4\u00e4rimine<\/h3>\n<p>M\u00e4\u00e4rige k\u00f5iki liikuvaid osi regulaarselt sobiva \u00f5liga. See on oluline h\u00f5\u00f5rdumise ja kulumise v\u00e4hendamiseks, aidates s\u00e4ilitada silindri efektiivsust.<\/p>\n<\/li>\n<li>\n<h3>Tihendi vahetamine ja kalibreerimise kontrollimine<\/h3>\n<p>Kontrollige regulaarselt tihendeid kulumisj\u00e4lgede suhtes ja vajadusel vahetage need v\u00e4lja. H\u00fcdraulikas\u00fcsteemi kalibreerimiskontrollid tagavad, et see t\u00f6\u00f6tab n\u00f5utavates r\u00f5huvahemikes, s\u00e4ilitades optimaalse j\u00f5udluse.<\/p>\n<\/li>\n<\/ul>\n<p><img decoding=\"async\" src=\"https:\/\/www.hydraulic-cylinders.net\/wp-content\/uploads\/2025\/04\/songte-chushion-collar.webp\" alt=\"Padjakaelus\" \/><\/p>\n<h2>Ohutuskaalutlused ja keskkonnategurid<\/h2>\n<p>Poomi silindrite kasutamisel on oluline j\u00e4rgida ohutusmeetmeid. Operaatorid peaksid olema koolitatud m\u00f5istma h\u00fcdraulikas\u00fcsteemi ohutuid t\u00f6\u00f6piire ja sobivate ohutusvahendite kasutamise olulisust. Lisaks tuleks arvestada keskkonnateguritega, n\u00e4iteks h\u00fcdraulikavedelike n\u00f5uetekohase utiliseerimise ja komponentide ringlussev\u00f5tuga, et minimeerida \u00f6koloogilist m\u00f5ju.<\/p>\n<h2>Rikete diagnoosimine ja levinud probleemid<\/h2>\n<ul>\n<li>\n<h3>\u00d5lilekked<\/h3>\n<p>Silindrist \u00f5lilekked v\u00f5ivad viidata kulunud tihenditele v\u00f5i kahjustatud komponentidele. Tihendite regulaarne kontroll ja \u00f5igeaegne vahetamine aitavad seda probleemi v\u00e4ltida.<\/p>\n<\/li>\n<li>\n<h3>R\u00f5hu langus<\/h3>\n<p>H\u00fcdraulilise r\u00f5hu langus v\u00f5ib tuleneda leketest, ummistustest v\u00f5i vigastest komponentidest. Regulaarne hooldus ja r\u00f5hukontroll aitavad tuvastada r\u00f5hukao allikat.<\/p>\n<\/li>\n<li>\n<h3>Reageerimatu silinder<\/h3>\n<p>Kui silinder ei reageeri juhtnuppudele, v\u00f5ib see olla tingitud madalast h\u00fcdraulikavedeliku tasemest v\u00f5i probleemidest juhtimiss\u00fcsteemis. \u00d5ige vedeliku taseme tagamine ja juht\u00fchenduste kontrollimine on olulised t\u00f5rkeotsingu sammud.<\/p>\n<\/li>\n<\/ul>\n<h2>Veaotsingu n\u00e4pun\u00e4ited<\/h2>\n<p>Probleemide t\u00f5husaks diagnoosimiseks ja lahendamiseks peaksid operaatorid pidama t\u00f5rkeotsingu juhendit, mis kirjeldab levinud probleeme ja nende lahendusi. N\u00e4iteks \u00f5lilekke tuvastamise korral kontrollige tihendi terviklikkust ja vajadusel vahetage see v\u00e4lja. Regulaarne hooldus, sealhulgas vedelike kontrollimine ja visuaalne kontroll, aitab v\u00e4ltida paljusid levinud probleeme. Soovitatav on pidada hooldustegevuste arvestust, et tuvastada mustreid, mis v\u00f5ivad viidata algp\u00f5hjustega seotud probleemidele.<\/p>\n<p><img decoding=\"async\" src=\"https:\/\/www.hydraulic-cylinders.net\/wp-content\/uploads\/2025\/04\/songte-bushings-with-all-kinds-of-excavator-models.webp\" alt=\"Ekskavaatorimudelite puksid\" \/><\/p>\n<h2>Meie ettev\u00f5ttest<\/h2>\n<p>Oleme juhtiv asendush\u00fcdrauliliste silindrite tootja, pakkudes laia tootevalikut nii sise- kui ka rahvusvahelisele turule. Meie p\u00fchendumust tipptasemele toetab t\u00e4iustatud tootmisstrateegia, mis r\u00f5hutab kvaliteeti. Kasutades t\u00e4iustatud tehnoloogiat, tipptasemel tootmisseadmeid ja professionaalset kontrolls\u00fcsteemi, t\u00e4iustame pidevalt oma tootmisv\u00f5imalusi. Meie tugev innovatsiooniv\u00f5ime koos keskendumisega t\u00f5hususele, t\u00e4psusele ja k\u00f5rgele kvaliteedile v\u00f5imaldab meil rahuldada klientide mitmekesiseid n\u00f5udmisi.<\/p>\n<ul>\n<li>\n<h3>Ekspertiis ja sertifitseerimine<\/h3>\n<p>Meie tooteid arendab ekspertide meeskond ja need on sertifitseeritud rahvusvaheliste sertifikaatidega, mis tagavad vastavuse \u00fclemaailmsetele t\u00f6\u00f6stusstandarditele.<\/p>\n<\/li>\n<li>\n<h3>Kohandatud teenused<\/h3>\n<p>Pakume klientide konkreetsete vajaduste rahuldamiseks kohandatud lahendusi, pakkudes kohandatud h\u00fcdrauliliste silindrite konstruktsioone ja spetsifikatsioone.<\/p>\n<\/li>\n<li>\n<h3>Tipptasemel seadmed<\/h3>\n<p>Meie tootmisprotsessid h\u00f5lmavad uusimat tehnoloogiat, mis tagab tootmises suure efektiivsuse ja t\u00e4psuse.<\/p>\n<\/li>\n<li>\n<h3>M\u00fc\u00fcgij\u00e4rgne tugi<\/h3>\n<p>Oleme uhked oma suurep\u00e4rase m\u00fc\u00fcgij\u00e4rgse teeninduse \u00fcle, tagades oma klientidele vajaliku toe oma h\u00fcdraulikas\u00fcsteemide jaoks.<\/p>\n<\/li>\n<\/ul>\n<p><img decoding=\"async\" src=\"https:\/\/www.hydraulic-cylinders.net\/wp-content\/uploads\/2025\/04\/songte-company-4.webp\" alt=\"Ettev\u00f5tte \u00fclevaade\" \/><br \/>\n<img decoding=\"async\" src=\"https:\/\/www.hydraulic-cylinders.net\/wp-content\/uploads\/2025\/04\/songte-company-3.webp\" alt=\"Tootmis\u00fcksus\" \/><\/p>\n<p>Autor: lyl<\/p>","protected":false},"excerpt":{"rendered":"<p>Boom Cylinder For Liugong Middle Excavator CLG220-5 Introduction to Boom Cylinder The boom cylinder, also known as the bucket cylinder, is a crucial component in hydraulic systems used in heavy machinery such as excavators, backhoe loaders, and front loaders. This hydraulic cylinder is specifically designed to control the movements of the bucket, enabling it to [&hellip;]<\/p>","protected":false},"featured_media":17880,"comment_status":"open","ping_status":"closed","template":"","meta":{"_et_pb_use_builder":"","_et_pb_old_content":"","_et_gb_content_width":""},"product_brand":[],"product_cat":[1546],"product_tag":[1547,1496],"class_list":{"0":"post-19300","1":"product","2":"type-product","3":"status-publish","4":"has-post-thumbnail","6":"product_cat-boom-cylinders","7":"product_tag-boom-cylinders","8":"product_tag-hydraulic-cylinders","10":"first","11":"instock","12":"shipping-taxable","13":"product-type-simple"},"amp_enabled":true,"_links":{"self":[{"href":"https:\/\/www.hydraulic-cylinders.net\/et\/wp-json\/wp\/v2\/product\/19300","targetHints":{"allow":["GET"]}}],"collection":[{"href":"https:\/\/www.hydraulic-cylinders.net\/et\/wp-json\/wp\/v2\/product"}],"about":[{"href":"https:\/\/www.hydraulic-cylinders.net\/et\/wp-json\/wp\/v2\/types\/product"}],"replies":[{"embeddable":true,"href":"https:\/\/www.hydraulic-cylinders.net\/et\/wp-json\/wp\/v2\/comments?post=19300"}],"wp:featuredmedia":[{"embeddable":true,"href":"https:\/\/www.hydraulic-cylinders.net\/et\/wp-json\/wp\/v2\/media\/17880"}],"wp:attachment":[{"href":"https:\/\/www.hydraulic-cylinders.net\/et\/wp-json\/wp\/v2\/media?parent=19300"}],"wp:term":[{"taxonomy":"product_brand","embeddable":true,"href":"https:\/\/www.hydraulic-cylinders.net\/et\/wp-json\/wp\/v2\/product_brand?post=19300"},{"taxonomy":"product_cat","embeddable":true,"href":"https:\/\/www.hydraulic-cylinders.net\/et\/wp-json\/wp\/v2\/product_cat?post=19300"},{"taxonomy":"product_tag","embeddable":true,"href":"https:\/\/www.hydraulic-cylinders.net\/et\/wp-json\/wp\/v2\/product_tag?post=19300"}],"curies":[{"name":"wp","href":"https:\/\/api.w.org\/{rel}","templated":true}]}}