{"id":19302,"date":"2025-04-07T06:25:51","date_gmt":"2025-04-07T06:25:51","guid":{"rendered":"https:\/\/www.hydraulic-cylinders.net\/product\/boom-cylinder-for-liugong-middle-excavator-clg992d-992e\/"},"modified":"2025-04-07T06:25:53","modified_gmt":"2025-04-07T06:25:53","slug":"boom-cylinder-for-liugong-middle-excavator-clg992d-992e","status":"publish","type":"product","link":"https:\/\/www.hydraulic-cylinders.net\/et\/toode\/boom-cylinder-for-liugong-middle-excavator-clg992d-992e\/","title":{"rendered":"Liugongi keskmise ekskavaatori CLG992D\/992E poomi silinder"},"content":{"rendered":"<h1>Liugongi keskmise ekskavaatori CLG992D\/992E poomi silinder<\/h1>\n<h2>Toote \u00fclevaade<\/h2>\n<p>Noole silinder on oluline h\u00fcdrauliline komponent, mis on spetsiaalselt loodud Liugongi keskmise ekskavaatori mudelitele CLG992D ja CLG992E. See h\u00fcdrauliline silinder on oluline ekskavaatori noole liikumise juhtimiseks, v\u00f5imaldades sellel t\u00f5husalt t\u00f5sta, langetada ja kallutada. Nende silindrite t\u00f6\u00f6 on \u00fclioluline materjali k\u00e4itlemise \u00fclesannete t\u00e4itmiseks erinevates rasketehnika rakendustes. Noole silinder h\u00f5lbustab oluliselt kaevamiseks, t\u00f5stmiseks ja man\u00f6\u00f6verdamiseks vajalikke p\u00f6\u00f6rdetoiminguid, muutes selle ekskavaatorite, laadur-ekskavaatori ja esilaaduri asendamatuks osaks.<\/p>\n<p><img decoding=\"async\" src=\"https:\/\/www.hydraulic-cylinders.net\/wp-content\/uploads\/2025\/04\/songte-company-1.webp\" alt=\"Poomi silindri pilt\"><\/p>\n<h2>Poomi silindri omadused<\/h2>\n<ul>\n<li><strong>Suur tugevus ja vastupidavus:<\/strong> Need silindrid on valmistatud \u00fclitugevast terasest v\u00f5i alumiiniumist ning taluvad k\u00f5rget r\u00f5hku ja suuri koormusi, mist\u00f5ttu sobivad need ka karmidesse t\u00f6\u00f6keskkondadesse.<\/li>\n<li><strong>T\u00f5hus h\u00fcdrauliline t\u00f6\u00f6:<\/strong> Poomi silinder kasutab sujuva pikenemise ja tagasit\u00f5mbamise saavutamiseks h\u00fcdraulika\u00f5li r\u00f5hku, mis tagab kiire reageerimise t\u00f6\u00f6k\u00e4skudele.<\/li>\n<li><strong>Erinevad t\u00fc\u00fcbid:<\/strong> Saadaval \u00fche- v\u00f5i kahetoimelise mudelina, et rahuldada erinevaid t\u00f6\u00f6vajadusi, sealhulgas teleskoopmudelid, mis v\u00f5imaldavad suuremat pikendamist kitsastes ruumides.<\/li>\n<li><strong>Kulumis- ja korrosioonikindlus:<\/strong> Valmistatud materjalidest, mis suurendavad kulumiskindlust ja ennetavad korrosiooni, tagades pika eluea.<\/li>\n<li><strong>Kohandatud tootmine:<\/strong> Meie ettev\u00f5te on spetsialiseerunud kvaliteetsete asendush\u00fcdrauliliste silindrite tootmisele, mis sobivad ideaalselt etten\u00e4htud rakendustesse.<\/li>\n<\/ul>\n<p><img decoding=\"async\" src=\"https:\/\/www.hydraulic-cylinders.net\/wp-content\/uploads\/2025\/04\/songte-cylinder-head-with-all-kinds-excavator-models.webp\" alt=\"Silindripea pilt\"><\/p>\n<h2>Rakendusstsenaariumid<\/h2>\n<h3>Ehitustehnika<\/h3>\n<p>Ekskavaatorites on noolesilindrid olulised pinnase v\u00f5i prahi t\u00f5husaks kaevamiseks, laadimiseks ja teisaldamiseks. Need on loodud pakkuma vajalikku j\u00f5udu erinevat t\u00fc\u00fcpi pinnasesse tungimiseks, muutes need ehitusprojektides oluliseks komponendiks. Lisaks abistab ekskavaator-laadurites noolesilinder mitte ainult kaevamisel, vaid ka materjalide t\u00f5stmisel, aidates kaasa \u00fcldisele efektiivsusele t\u00f6\u00f6platsil.<\/p>\n<h3>P\u00f5llumajandustehnika<\/h3>\n<p>Esilaadurites kasutatavad noolesilindrid h\u00f5lbustavad mulla, heina ja muude materjalide koputamist, t\u00f5stmist ja transportimist. Nende vastupidav konstruktsioon tagab usaldusv\u00e4\u00e4rse t\u00f6\u00f6 p\u00f5llumajandust\u00f6\u00f6del, suurendades tootlikkust ja t\u00f5husust p\u00f5llumajanduses.<\/p>\n<h3>Ekskavaatorid<\/h3>\n<p>Noole silinder v\u00f5imaldab ekskavaatori kopal kaevamiseks t\u00f5husalt pinnasesse tungida. Tekkiv h\u00fcdrauliline j\u00f5ud v\u00f5imaldab masinal hakkama saada raskete kaevet\u00f6\u00f6dega, minimeerides operaatori pingutust ja maksimeerides tootlikkust.<\/p>\n<h3>Laadurid<\/h3>\n<p>Esilaadurites m\u00e4ngib poomi silinder materjalide t\u00f5husal t\u00f5stmisel ja t\u00fchjendamisel kriitilist rolli. Vajaliku h\u00fcdraulilise j\u00f5u pakkumisega h\u00f5lbustavad need silindrid koormate haldamist, toetades mitmesuguseid materjalik\u00e4itlusrakendusi.<\/p>\n<h2>Projekteerimiskaalutlused ja valikukriteeriumid<\/h2>\n<h3>Kandev\u00f5ime<\/h3>\n<p>Poomi silindrite konstruktsioonil tuleb arvestada konkreetsete \u00fclesannete jaoks vajaliku kandev\u00f5imega. See h\u00f5lmab ka silindri poolt rikketa talutava maksimaalse koormuse hindamist. Suur kandev\u00f5ime on \u00fclioluline ohutuse ja efektiivsuse tagamiseks rasketes t\u00f6\u00f6des.<\/p>\n<h3>Tihendust\u00f5husus<\/h3>\n<p>T\u00f5hus tihendamine on \u00fclioluline h\u00fcdraulilise vedeliku lekete v\u00e4ltimiseks, mis v\u00f5ivad v\u00e4hendada j\u00f5udlust ja suurendada kulumist. Kvaliteetsete tihendite, n\u00e4iteks kolvi- ja varrastihendite valik on oluline t\u00f6\u00f6kindluse ja j\u00f5udluse stabiilsuse s\u00e4ilitamiseks.<\/p>\n<h3>Vastupidavus<\/h3>\n<p>Vastupidavus on noolesilindrite disainimisel v\u00f5tmetegur. Need peavad vastu pidama karmidele keskkonnatingimustele, sealhulgas \u00e4\u00e4rmuslikele temperatuuridele ja s\u00f6\u00f6vitavatele ainetele. Vastupidavate materjalide ja kaitsekatete kasutamine v\u00f5ib nende silindrite eluiga oluliselt pikendada.<\/p>\n<h3>Turvaelemendid<\/h3>\n<p>Projekteerimisel tuleb arvestada ohutuskaalutlustega, sealhulgas ootamatute koormustega toimetuleku v\u00f5imega ja kaitseventiilide lisamisega. Need omadused kaitsevad nii masinaid kui ka operaatorit t\u00f6\u00f6tamise ajal.<\/p>\n<h3>Hooldus ja remonditavus<\/h3>\n<p>Lihtsaks hoolduseks m\u00f5eldud noolesilindrite projekteerimine on seisakuaja minimeerimiseks \u00fclioluline. See h\u00f5lmab regulaarset kontrolli ja hooldust vajavatele komponentidele h\u00f5lpsat juurdep\u00e4\u00e4su ning varuosade k\u00e4ttesaadavust.<\/p>\n<p><img decoding=\"async\" src=\"https:\/\/www.hydraulic-cylinders.net\/wp-content\/uploads\/2025\/04\/songte-oil-pipes-and-spare-parts.webp\" alt=\"\u00d5litorude ja varuosade pilt\"><\/p>\n<h2>Tihendus ja m\u00e4\u00e4rimine<\/h2>\n<p>Poomi silinder sisaldab mitmesuguseid tihenduselemente, n\u00e4iteks kolvitihendeid ja vardatihendeid, mis on valitud vastupidavatest materjalidest nagu pol\u00fcuretaan ja nitriilkummi. Need materjalid pakuvad suurep\u00e4rast kulumiskindlust ja tagavad t\u00f5husa tihenduse t\u00f6\u00f6tamise ajal. Lisaks sellele t\u00f6\u00f6deldakse silindri korpust ja keermestatud otsapinda t\u00e4pselt, et suurendada vastupidavust ja kulumiskindlust. Regulaarne m\u00e4\u00e4rimine h\u00fcdraulika\u00f5liga on h\u00e4davajalik optimaalse j\u00f5udluse s\u00e4ilitamiseks ja liikuvate osade vahelise h\u00f5\u00f5rdumise minimeerimiseks.<\/p>\n<h2>Ennetavad hooldusmeetmed<\/h2>\n<ul>\n<li><strong>Regulaarsed kontrollid:<\/strong> Tehke lekete, kahjustuste ja \u00fcldise seisukorra regulaarseid kontrolle, et potentsiaalsed probleemid varakult tuvastada.<\/li>\n<li><strong>Sobiv m\u00e4\u00e4rimine:<\/strong> Veenduge, et h\u00fcdraulika\u00f5li tase on piisav ja et m\u00e4\u00e4rdeaineid kantakse \u00fchtlaselt peale, et v\u00e4hendada tihendite ja liikuvate osade kulumist.<\/li>\n<li><strong>Tihendi vahetamine:<\/strong> H\u00fcdraulikas\u00fcsteemi terviklikkuse s\u00e4ilitamiseks vahetage regulaarselt kulumisj\u00e4lgi ilmutavaid tihendeid.<\/li>\n<\/ul>\n<h2>Paigaldusjuhised<\/h2>\n<p>Poomi silindri \u00f5ige paigaldamine on selle toimivuse seisukohalt kriitilise t\u00e4htsusega. Alustage veendumaks, et t\u00f6\u00f6ala on puhas ja prahist vaba. Joondage silinder t\u00e4pselt ekskavaatori kinnituspunktidega, et v\u00e4ltida joondamata j\u00e4tmist, mis v\u00f5ib p\u00f5hjustada enneaegset kulumist v\u00f5i riket. Kasutage silindri kindlale kohale kinnitamiseks sobivaid kinnitusklambreid. P\u00e4rast paigaldamist kontrollige h\u00fcdraulika lekete suhtes ja veenduge, et k\u00f5ik \u00fchendused on tihedad. L\u00f5puks kontrollige silindri toimimist koormuse all, et kinnitada edukat paigaldamist.<\/p>\n<h2>Levinumad hooldust\u00f6\u00f6d<\/h2>\n<ul>\n<li><strong>Regulaarsed kontrollid:<\/strong> H\u00fcdraulikas\u00fcsteemi sagedane kontroll on oluline lekete v\u00f5i muude probleemide kiireks avastamiseks. Regulaarsed kontrollid aitavad pikendada poomi silindri eluiga.<\/li>\n<li><strong>\u00d5ige m\u00e4\u00e4rimine:<\/strong> H\u00f5\u00f5rdumise ja kulumise minimeerimiseks on oluline kasutada \u00f5iget kogust h\u00fcdraulika\u00f5li. Ebapiisav m\u00e4\u00e4rimine v\u00f5ib p\u00f5hjustada \u00fclekuumenemist ja rikkeid.<\/li>\n<li><strong>Tihendi vahetamine ja kalibreerimine:<\/strong> Tihendite \u00f5igeaegne vahetamine ja s\u00fcsteemi kalibreerimine tagab t\u00f5husa t\u00f6\u00f6 ja hoiab \u00e4ra h\u00fcdraulikavedeliku lekke.<\/li>\n<\/ul>\n<h2>Ohutuskaalutlused ja keskkonnategurid<\/h2>\n<p>H\u00fcdrauliliste noolesilindrite t\u00f6\u00f6tamise ajal on oluline rakendada ohutusmeetmeid. See h\u00f5lmab sobivate isikukaitsevahendite (IKV) kandmist ja k\u00f5igi operaatorite koolitamist ohutu k\u00e4sitsemise tavade osas. Keskkonnategureid, nagu h\u00fcdrauliliste vedelike temperatuur ja saastumisaste, tuleks j\u00e4lgida, et v\u00e4ltida kahjulikku m\u00f5ju silindri j\u00f5udlusele ja pikaealisusele.<\/p>\n<h2>Rikete diagnoosimine ja levinud probleemid<\/h2>\n<ul>\n<li><strong>Leke:<\/strong> H\u00fcdraulikavedeliku lekked on levinud probleem, mille p\u00f5hjuseks on sageli kulunud tihendid v\u00f5i eba\u00f5ige paigaldus. Regulaarne kontroll aitab lekkeid tuvastada enne, kui need t\u00f5siseks muutuvad.<\/li>\n<li><strong>J\u00f5udlusprobleemid:<\/strong> Poomi silindri reageerimisv\u00f5ime v\u00e4henemine v\u00f5ib viidata madalale h\u00fcdraulikavedeliku tasemele v\u00f5i \u00f5hu kinnij\u00e4\u00e4misele s\u00fcsteemis. Nende probleemide kiire lahendamine v\u00f5ib funktsionaalsuse taastada.<\/li>\n<li><strong>\u00dclekuumenemine:<\/strong> Liigne kuumus v\u00f5ib viidata ebapiisavale m\u00e4\u00e4rimisele v\u00f5i liigsele koormusele. T\u00f6\u00f6parameetrite j\u00e4lgimine aitab \u00fclekuumenemist v\u00e4ltida.<\/li>\n<\/ul>\n<p>Probleemide t\u00f5husaks diagnoosimiseks ja lahendamiseks peaksid operaatorid pidevalt j\u00e4lgima poomi silindri j\u00f5udlust ja tegema \u00f5igeaegset hooldust. Ennetavate meetmete rakendamine v\u00f5ib potentsiaalsete probleemide t\u00f5en\u00e4osust oluliselt v\u00e4hendada.<\/p>\n<p><img decoding=\"async\" src=\"https:\/\/www.hydraulic-cylinders.net\/wp-content\/uploads\/2025\/04\/songte-bushings-with-all-kinds-of-excavator-models.webp\" alt=\"Pukside pilt\"><\/p>\n<h2>Meie ettev\u00f5ttest<\/h2>\n<p>Oleme juhtiv asendush\u00fcdrauliliste silindrite tootja, kes on p\u00fchendunud pakkuma laia tootevalikut, mis vastab nii sise- kui ka rahvusvaheliste turgude n\u00f5udmistele. Meie keskendumist erakordsele kvaliteedile toetavad t\u00e4iustatud tootmisprotsessid ja ranged kvaliteedikontrolli meetmed. Kasutame oskuslikku tehnilist personali, tipptasemel digitaalseid tootmisseadmeid ja professionaalseid testimiss\u00fcsteeme, et pidevalt oma tootmisv\u00f5imalusi t\u00e4iustada.<\/p>\n<p>Meie tootevalikusse kuuluvad lahendused, mis on kohandatud vastavalt klientide konkreetsetele vajadustele, tagades, et vastame mitmesugustele tegevusn\u00f5uetele. Oleme uhked oma professionaalsuse, rahvusvaheliste sertifikaatide ja igak\u00fclgse m\u00fc\u00fcgij\u00e4rgse toe \u00fcle, pakkudes klientidele kindlustunnet meie toodete vastu.<\/p>\n<p><img decoding=\"async\" src=\"https:\/\/www.hydraulic-cylinders.net\/wp-content\/uploads\/2025\/04\/songte-company-4.webp\" alt=\"Ettev\u00f5tte pilt 1\"><br \/>\n<img decoding=\"async\" src=\"https:\/\/www.hydraulic-cylinders.net\/wp-content\/uploads\/2025\/04\/songte-company-3.webp\" alt=\"Ettev\u00f5tte pilt 2\"><\/p>\n<p>Autor: lyl<\/p>","protected":false},"excerpt":{"rendered":"<p>Boom Cylinder For Liugong Middle Excavator CLG992D\/992E Product Overview The Boom Cylinder is a crucial hydraulic component designed specifically for the Liugong Middle Excavator models CLG992D and CLG992E. This hydraulic cylinder is instrumental in controlling the movement of the excavator&#8217;s boom, allowing it to lift, lower, and tilt effectively. The operation of these cylinders is [&hellip;]<\/p>","protected":false},"featured_media":17867,"comment_status":"open","ping_status":"closed","template":"","meta":{"_et_pb_use_builder":"","_et_pb_old_content":"","_et_gb_content_width":""},"product_brand":[],"product_cat":[1546],"product_tag":[1547,1496],"class_list":{"0":"post-19302","1":"product","2":"type-product","3":"status-publish","4":"has-post-thumbnail","6":"product_cat-boom-cylinders","7":"product_tag-boom-cylinders","8":"product_tag-hydraulic-cylinders","10":"first","11":"instock","12":"shipping-taxable","13":"product-type-simple"},"amp_enabled":true,"_links":{"self":[{"href":"https:\/\/www.hydraulic-cylinders.net\/et\/wp-json\/wp\/v2\/product\/19302","targetHints":{"allow":["GET"]}}],"collection":[{"href":"https:\/\/www.hydraulic-cylinders.net\/et\/wp-json\/wp\/v2\/product"}],"about":[{"href":"https:\/\/www.hydraulic-cylinders.net\/et\/wp-json\/wp\/v2\/types\/product"}],"replies":[{"embeddable":true,"href":"https:\/\/www.hydraulic-cylinders.net\/et\/wp-json\/wp\/v2\/comments?post=19302"}],"wp:featuredmedia":[{"embeddable":true,"href":"https:\/\/www.hydraulic-cylinders.net\/et\/wp-json\/wp\/v2\/media\/17867"}],"wp:attachment":[{"href":"https:\/\/www.hydraulic-cylinders.net\/et\/wp-json\/wp\/v2\/media?parent=19302"}],"wp:term":[{"taxonomy":"product_brand","embeddable":true,"href":"https:\/\/www.hydraulic-cylinders.net\/et\/wp-json\/wp\/v2\/product_brand?post=19302"},{"taxonomy":"product_cat","embeddable":true,"href":"https:\/\/www.hydraulic-cylinders.net\/et\/wp-json\/wp\/v2\/product_cat?post=19302"},{"taxonomy":"product_tag","embeddable":true,"href":"https:\/\/www.hydraulic-cylinders.net\/et\/wp-json\/wp\/v2\/product_tag?post=19302"}],"curies":[{"name":"wp","href":"https:\/\/api.w.org\/{rel}","templated":true}]}}