{"id":19313,"date":"2025-04-07T06:26:31","date_gmt":"2025-04-07T06:26:31","guid":{"rendered":"https:\/\/www.hydraulic-cylinders.net\/product\/boom-cylinder-for-xgma-small-excavator-xg815el\/"},"modified":"2025-04-07T06:26:33","modified_gmt":"2025-04-07T06:26:33","slug":"boom-cylinder-for-xgma-small-excavator-xg815el","status":"publish","type":"product","link":"https:\/\/www.hydraulic-cylinders.net\/et\/toode\/boom-cylinder-for-xgma-small-excavator-xg815el\/","title":{"rendered":"XGMA v\u00e4ikese ekskavaatori XG815EL poomi silinder"},"content":{"rendered":"<h1>XGMA v\u00e4ikese ekskavaatori XG815EL poomi silinder<\/h1>\n<h2>Toote \u00fclevaade<\/h2>\n<p>XGMA v\u00e4ikeekskavaatori XG815EL noole silinder on h\u00fcdros\u00fcsteemides kriitilise t\u00e4htsusega komponent, mis t\u00e4iustab erinevate rasketehnika funktsionaalsust. See h\u00fcdrosilinder on spetsiaalselt loodud kopa liikumise juhtimiseks ekskavaatorites, laadurites ja esilaadurites, v\u00f5imaldades kopa t\u00f5husat t\u00f5stmist, langetamist ja kallutamist. See funktsioon on materjali k\u00e4itlemise \u00fclesannete jaoks h\u00e4davajalik, tagades, et operaatorid saavad kaevamis-, laadimis- ja transporditoiminguid t\u00e4pselt teha.<\/p>\n<p><img decoding=\"async\" src=\"https:\/\/www.hydraulic-cylinders.net\/wp-content\/uploads\/2025\/04\/songte-company-1.webp\" alt=\"Ekskavaatori poomi silinder\" \/><\/p>\n<h3>Kopasilindri m\u00e4\u00e4ratlus ja funktsioon<\/h3>\n<p>Kopa silinder on h\u00fcdraulilise silindri t\u00fc\u00fcp, millel on raskete masinate t\u00f6\u00f6s oluline roll. H\u00fcdraulilise r\u00f5hu mehaaniliseks j\u00f5uks muutmisega v\u00f5imaldavad need silindrid ekskavaatori kopa sujuvat ja kontrollitud liikumist. See mehhanism on oluline erinevates rakendustes, alates lihtsatest t\u00f5stet\u00f6\u00f6dest kuni keerukate kaevamist\u00f6\u00f6deni. V\u00f5ime t\u00f5sta raskeid koormaid, pakkudes samal ajal stabiilsust ja kontrolli, muudab kopa silindri hindamatuks komponendiks ehitus- ja p\u00f5llumajandusmasinates.<\/p>\n<h2>Toote omadused<\/h2>\n<ul>\n<li><strong>Suur tugevus ja vastupidavus:<\/strong> Meie \u00fclitugevast terasest v\u00f5i alumiiniumist valmistatud poomi silinder talub k\u00f5rget r\u00f5hku ja suuri koormusi, mist\u00f5ttu sobib see karmidesse t\u00f6\u00f6keskkondadesse. Selle disain h\u00f5lmab kulumiskindlust ja korrosioonikaitset, pikendades selle kasutusiga.<\/li>\n<li><strong>T\u00f5hus h\u00fcdrauliline t\u00f6\u00f6:<\/strong> Poomi silinder kasutab sujuva pikenemise ja tagasit\u00f5mbamise saavutamiseks h\u00fcdraulika\u00f5li r\u00f5hku, reageerides kiiresti juhi k\u00e4sklustele ning pakkudes m\u00e4rkimisv\u00e4\u00e4rset t\u00f5uke- ja t\u00f5mbej\u00f5udu, mis sobib ideaalselt raskete ja keerukate \u00fclesannete t\u00e4itmiseks.<\/li>\n<li><strong>T\u00fc\u00fcpide mitmekesisus:<\/strong> Meie silindrid on saadaval \u00fchetoimeliste (\u00fches suunas t\u00f6\u00f6tavate) v\u00f5i kahetoimeliste (m\u00f5lemas suunas t\u00f6\u00f6tavate) konfiguratsioonidena ning neid saab kohandada vastavalt mitmesugustele t\u00f6\u00f6vajadustele. M\u00f5nedel mudelitel on teleskoopkonstruktsioonid, mis v\u00f5imaldavad suuremat pikendust ilma v\u00e4lism\u00f5\u00f5tmeid suurendamata, mis sobib ideaalselt kitsastesse ruumidesse.<\/li>\n<li><strong>Kohandatud tootmine:<\/strong> Oleme v\u00f5imelised seda toodet tootma, tagades, et meie h\u00fcdrosilindrid on ideaalsed asendajad olemasolevatele mudelitele, vastates k\u00f5rgetele j\u00f5udlus- ja t\u00f6\u00f6kindluse standarditele.<\/li>\n<li><strong>P\u00f5hjalik tugi:<\/strong> Meie meeskond pakub ulatuslikku tuge ja juhiseid kogu valiku- ja paigaldusprotsessi v\u00e4ltel, tagades poomi silindri optimaalse j\u00f5udluse ja pikaealisuse.<\/li>\n<\/ul>\n<p><img decoding=\"async\" src=\"https:\/\/www.hydraulic-cylinders.net\/wp-content\/uploads\/2025\/04\/songte-cylinder-head-with-all-kinds-excavator-models.webp\" alt=\"Ekskavaatori mudelid\" \/><\/p>\n<h2>Rakendusstsenaariumid<\/h2>\n<h3>Ehitustehnika<\/h3>\n<p>Ekskavaatorites on poomi silinder lahutamatu osa, mis v\u00f5imaldab t\u00f5husat kaevamist, laadimist ja pinnase v\u00f5i prahi teisaldamist. Ekskavaator-laadurites mitte ainult ei h\u00f5lbusta kopa silinder kaevamist, vaid aitab ka t\u00f5stet\u00f6\u00f6del, v\u00f5imaldades mitmek\u00fclgset kasutamist ehitusplatsidel.<\/p>\n<h3>P\u00f5llumajandustehnika<\/h3>\n<p>Esilaaduritel on noole silinder oluline mulla, heina ja muude materjalide kopeerimiseks, t\u00f5stmiseks ja transportimiseks. See h\u00fcdrauliline komponent v\u00f5imaldab p\u00f5llumeestel suurendada tootlikkust, t\u00e4ites \u00fclesandeid, mis n\u00f5uavad m\u00e4rkimisv\u00e4\u00e4rset t\u00f5stej\u00f5udu.<\/p>\n<h3>Ekskavaatorid<\/h3>\n<p>Kopa silinder v\u00f5imaldab ekskavaatori kopal t\u00f5husalt pinnasesse tungida, muutes pinnase h\u00f5lpsaks kaevamiseks v\u00f5imalikuks. See toetab erinevaid kaevamiss\u00fcgavusi ja -nurki, suurendades masina \u00fcldist v\u00f5imekust.<\/p>\n<h3>Laadurid<\/h3>\n<p>Esilaaduritel aitab noole silinder koormaid t\u00f5husalt t\u00f5sta ja t\u00fchjendada. See annab vajaliku j\u00f5u materjalide t\u00fchjendamiseks k\u00f5rgusel, mis on ehitus- ja haljastust\u00f6\u00f6del \u00fclioluline.<\/p>\n<h2>Projekteerimiskaalutlused ja valikukriteeriumid<\/h2>\n<h3>Kandev\u00f5ime<\/h3>\n<p>Noole silindri valimisel on kandev\u00f5ime esmat\u00e4htis kaalutlus. Silinder peab suutma taluda t\u00f5stetavate v\u00f5i liigutatavate koormate maksimaalset raskust ilma rikkeohuta. H\u00e4sti disainitud silindril on vastupidav konstruktsioon, mis jaotab pinget \u00fchtlaselt ja minimeerib kulumist t\u00f6\u00f6 ajal.<\/p>\n<h3>Tihendi terviklikkus<\/h3>\n<p>T\u00f5hus tihendus on \u00fclioluline, et v\u00e4ltida h\u00fcdraulilise vedeliku leket, mis v\u00f5ib kahjustada silindri j\u00f5udlust. Kvaliteetsed tihendid, mis on valmistatud vastupidavatest materjalidest nagu pol\u00fcuretaan ja nitriilkummi, on r\u00f5hu ja efektiivsuse s\u00e4ilitamiseks h\u00e4davajalikud. Tihendite regulaarne kontrollimine aitab v\u00e4ltida kulukaid remonte ja seisakuid.<\/p>\n<h3>Vastupidavus<\/h3>\n<p>Vastupidavus tagab, et poomi silinder talub igap\u00e4evase t\u00f6\u00f6 raskusi n\u00f5udlikes keskkondades. See h\u00f5lmab kulumiskindlust ja korrosioonikindlust, mis saavutatakse kvaliteetsete materjalide ja pinnat\u00f6\u00f6tluste abil, mis pikendavad silindri eluiga m\u00e4rkimisv\u00e4\u00e4rselt.<\/p>\n<h3>Turvaelemendid<\/h3>\n<p>H\u00fcdrauliliste silindrite projekteerimisel on ohutus kriitilise t\u00e4htsusega. Selliste omaduste nagu \u00fclekoormuskaitse ja \u00f5iged paigalduskonfiguratsioonid lisamine tagab ohutu t\u00f6\u00f6. Need omadused aitavad minimeerida h\u00fcdraulika riketega seotud riske, kaitstes nii operaatoreid kui ka seadmeid.<\/p>\n<h3>Hoolduse ligip\u00e4\u00e4setavus<\/h3>\n<p>Lihtsat hooldust ja kontrolli h\u00f5lbustav disain v\u00f5ib oluliselt pikendada poomi silindri eluiga. Komponendid, millele on rutiinseteks kontrollideks, m\u00e4\u00e4rimiseks ja tihendite vahetamiseks lihtne juurde p\u00e4\u00e4seda, v\u00f5ivad s\u00e4\u00e4sta aega ja v\u00e4hendada tegevuskulusid.<\/p>\n<p><img decoding=\"async\" src=\"https:\/\/www.hydraulic-cylinders.net\/wp-content\/uploads\/2025\/04\/songte-oil-pipes-and-spare-parts.webp\" alt=\"H\u00fcdraulilised komponendid\" \/><\/p>\n<h2>Tihendus ja m\u00e4\u00e4rimine<\/h2>\n<p>Poomi silindri efektiivsus s\u00f5ltub suuresti selle tihendus- ja m\u00e4\u00e4rimiss\u00fcsteemidest. Erinevate tihendite, sealhulgas kolvi- ja vardatihendite kasutamine on oluline r\u00f5hu s\u00e4ilitamiseks ja h\u00fcdraulikavedeliku lekke v\u00e4ltimiseks. Kulumiskindlatest materjalidest, n\u00e4iteks pol\u00fcuretaanist ja nitriilkummist, valmistatud tihendid pakuvad pikemat eluiga ja paremat j\u00f5udlust.<\/p>\n<p>Lisaks tuleks silindri korpust ja keermestatud otsi peenelt t\u00f6\u00f6delda, et parandada kulumiskindlust. Regulaarne m\u00e4\u00e4rimine sobiva h\u00fcdraulika\u00f5liga on \u00fclioluline, et tagada sujuv t\u00f6\u00f6 ja v\u00e4ltida liikuvate osade liigset kulumist.<\/p>\n<h2>Regulaarsed kontrollid ja ennetav hooldus<\/h2>\n<ul>\n<li><strong>Rutiinsed kontrollid:<\/strong> Kontrollige ballooni regulaarselt kulumise, lekke v\u00f5i kahjustuste m\u00e4rke. Probleemide varajane avastamine aitab v\u00e4ltida suuremaid probleeme hiljem.<\/li>\n<li><strong>\u00d5ige m\u00e4\u00e4rimine:<\/strong> Veenduge, et h\u00fcdraulika\u00f5li tase on optimaalne, ja m\u00e4\u00e4rige liikuvaid osi regulaarselt, et s\u00e4ilitada sujuv t\u00f6\u00f6 ja v\u00e4ltida kulumist.<\/li>\n<li><strong>Tihendi vahetamine:<\/strong> Kontrollige tihendeid regulaarselt kulumise suhtes. Kahjustatud tihendite \u00f5igeaegne vahetamine aitab v\u00e4ltida vedeliku lekkeid ja s\u00e4ilitada silindri efektiivsust.<\/li>\n<\/ul>\n<h2>Paigaldusjuhised<\/h2>\n<p>Poomi silindri \u00f5ige paigaldamine on optimaalse j\u00f5udluse saavutamiseks \u00fclioluline. Silindri \u00f5ige joondamine paigaldamise ajal on oluline, et v\u00e4ltida silindri komponentide liigset pinget. Kasutage silindri kinnitamiseks sobivaid kinnitusklambreid, tagades selle stabiilsuse ja n\u00f5uetekohase toestuse.<\/p>\n<p>Enne paigaldamist puhastage k\u00f5ik kinnituspinnad mustusest ja prahist, mis v\u00f5ivad takistada n\u00f5uetekohast paigaldamist. P\u00e4rast paigaldamist kontrollige h\u00fcdraulika\u00fchenduste lekkeid ja veenduge, et silinder on korralikult h\u00fcdraulikavedelikuga t\u00e4idetud. P\u00e4rast paigaldamist tehke funktsionaalne test, et veenduda silindri sujuvas ja t\u00f5husas t\u00f6\u00f6s.<\/p>\n<h2>Hooldus\u00fclesanded<\/h2>\n<h3>Regulaarsed kontrollid<\/h3>\n<p>Regulaarsete kontrollide l\u00e4biviimine on potentsiaalsete probleemide varajaseks tuvastamiseks \u00fclioluline. Kontrollige h\u00fcdraulikavedeliku lekkeid, tihendite kulumisj\u00e4lgi ja silindri \u00fcldist seisukorda. Nende kontrollide dokumenteerimine aitab j\u00e4lgida j\u00f5udlust ja planeerida hooldust.<\/p>\n<h3>Sobiv m\u00e4\u00e4rimine<\/h3>\n<p>Poomi silindri pidev m\u00e4\u00e4rimine on selle funktsionaalsuse s\u00e4ilitamiseks \u00fclioluline. Veenduge, et h\u00fcdraulikavedeliku tase on piisav, ja kandke liikuvatele osadele m\u00e4\u00e4rdeainet vastavalt tootja juhistele. Piisav m\u00e4\u00e4rimine v\u00e4hendab h\u00f5\u00f5rdumist ja kulumist, pikendades silindri eluiga.<\/p>\n<h3>Tihendi vahetamine ja kalibreerimise kontrollimine<\/h3>\n<p>Kontrollige regulaarselt tihendite kulumisj\u00e4lgede esinemist ja vajadusel vahetage need v\u00e4lja. Kalibreerimiskontrollid on samuti olulised, et tagada silindri toimimine oma projekteeritud parameetrite piires. Soovitatavate kontrolli- ja vahetusprotseduuride j\u00e4rgimine s\u00e4ilitab poomi silindri terviklikkuse ja j\u00f5udluse.<\/p>\n<p><img decoding=\"async\" src=\"https:\/\/www.hydraulic-cylinders.net\/wp-content\/uploads\/2025\/04\/songte-chushion-collar.webp\" alt=\"H\u00fcdrauliliste silindrite komponendid\" \/><\/p>\n<h2>Ohutuskaalutlused ja keskkonnategurid<\/h2>\n<p>H\u00fcdrauliliste silindrite kasutamisel on ohutusmeetmed \u00fcliolulised. Operaatorid peaksid olema koolitatud ohutu k\u00e4sitsemise tavade osas, et maandada h\u00fcdraulilise vedeliku lekete ja seadmete riketega seotud riske. Regulaarsed ohutuskontrollid ja t\u00f6\u00f6juhiste j\u00e4rgimine aitavad tagada ohutu t\u00f6\u00f6keskkonna.<\/p>\n<h2>Rikete diagnoosimine ja levinud probleemid<\/h2>\n<ul>\n<li><strong>Leke:<\/strong> Vedelikulekked on levinud probleem, mis v\u00f5ib v\u00e4hendada efektiivsust. N\u00f5uetekohane tihendamine ja regulaarsed kontrollid aitavad lekkeid varakult tuvastada.<\/li>\n<li><strong>Aeglane liikumine:<\/strong> Kui silinder liigub aeglaselt, v\u00f5ib see viidata madalale h\u00fcdraulikavedeliku tasemele v\u00f5i s\u00fcsteemis olevale \u00f5hule. S\u00fcsteemi \u00f5hutamine ja h\u00fcdraulikavedeliku lisamine v\u00f5ib selle probleemi lahendada.<\/li>\n<li><strong>\u00dclekuumenemine:<\/strong> \u00dclekuumenemine v\u00f5ib tekkida liigse koormuse v\u00f5i ebapiisava m\u00e4\u00e4rimise t\u00f5ttu. Tagage n\u00f5uetekohane hooldus ja v\u00e4ltige koormuspiirangute \u00fcletamist, et v\u00e4ltida \u00fclekuumenemist.<\/li>\n<\/ul>\n<p>Nende levinud probleemide kiire lahendamisega saavad operaatorid s\u00e4ilitada optimaalse j\u00f5udluse ja pikendada poomi silindri eluiga.<\/p>\n<p><img decoding=\"async\" src=\"https:\/\/www.hydraulic-cylinders.net\/wp-content\/uploads\/2025\/04\/songte-bushings-with-all-kinds-of-excavator-models.webp\" alt=\"Ekskavaatori puksid\" \/><\/p>\n<h2>Kokkuv\u00f5te<\/h2>\n<p>Meie ettev\u00f5te on alternatiivsete h\u00fcdrauliliste silindrite juhtiv tootja ja hulgim\u00fc\u00fcja nii sise- kui ka rahvusvahelistel turgudel. Meie prioriteediks on tippkvaliteet, tuginedes t\u00e4iustatud tootmisstrateegiale, mida toetavad oskuslik personal, t\u00e4iustatud digitaalsed tootmisseadmed ja tugev testimiss\u00fcsteem. Meie p\u00fchendumus oma tootmisplatvormi t\u00e4iustamisele tagab, et rahuldame klientide mitmekesiseid vajadusi, s\u00e4ilitades samal ajal k\u00f5rge efektiivsuse, t\u00e4psuse ja tootekvaliteedi.<\/p>\n<p>Keskendudes professionaalsusele, rahvusvahelistele sertifikaatidele, kohandatud teenustele, tipptasemel tootmisseadmetele ja igak\u00fclgsele m\u00fc\u00fcgij\u00e4rgsele toele, p\u00fc\u00fcame pakkuda oma klientidele parimaid h\u00fcdraulikalahendusi.<\/p>\n<p><img decoding=\"async\" src=\"https:\/\/www.hydraulic-cylinders.net\/wp-content\/uploads\/2025\/04\/songte-company-4.webp\" alt=\"Ettev\u00f5tte \u00fclevaade\" \/><br \/>\n<img decoding=\"async\" src=\"https:\/\/www.hydraulic-cylinders.net\/wp-content\/uploads\/2025\/04\/songte-company-3.webp\" alt=\"Ettev\u00f5tte tootmine\" \/><\/p>\n<p>Autor: lyl<\/p>","protected":false},"excerpt":{"rendered":"<p>Boom Cylinder For XGMA Small Excavator XG815EL Product Overview The Boom Cylinder for the XGMA Small Excavator XG815EL is a critical component in hydraulic systems that enhances the functionality of various heavy machinery. This hydraulic cylinder is specifically designed to control the movement of the bucket in excavators, backhoes, and front loaders, enabling the bucket [&hellip;]<\/p>","protected":false},"featured_media":17878,"comment_status":"open","ping_status":"closed","template":"","meta":{"_et_pb_use_builder":"","_et_pb_old_content":"","_et_gb_content_width":""},"product_brand":[],"product_cat":[1546],"product_tag":[1547,1496],"class_list":{"0":"post-19313","1":"product","2":"type-product","3":"status-publish","4":"has-post-thumbnail","6":"product_cat-boom-cylinders","7":"product_tag-boom-cylinders","8":"product_tag-hydraulic-cylinders","10":"first","11":"instock","12":"shipping-taxable","13":"product-type-simple"},"amp_enabled":true,"_links":{"self":[{"href":"https:\/\/www.hydraulic-cylinders.net\/et\/wp-json\/wp\/v2\/product\/19313","targetHints":{"allow":["GET"]}}],"collection":[{"href":"https:\/\/www.hydraulic-cylinders.net\/et\/wp-json\/wp\/v2\/product"}],"about":[{"href":"https:\/\/www.hydraulic-cylinders.net\/et\/wp-json\/wp\/v2\/types\/product"}],"replies":[{"embeddable":true,"href":"https:\/\/www.hydraulic-cylinders.net\/et\/wp-json\/wp\/v2\/comments?post=19313"}],"wp:featuredmedia":[{"embeddable":true,"href":"https:\/\/www.hydraulic-cylinders.net\/et\/wp-json\/wp\/v2\/media\/17878"}],"wp:attachment":[{"href":"https:\/\/www.hydraulic-cylinders.net\/et\/wp-json\/wp\/v2\/media?parent=19313"}],"wp:term":[{"taxonomy":"product_brand","embeddable":true,"href":"https:\/\/www.hydraulic-cylinders.net\/et\/wp-json\/wp\/v2\/product_brand?post=19313"},{"taxonomy":"product_cat","embeddable":true,"href":"https:\/\/www.hydraulic-cylinders.net\/et\/wp-json\/wp\/v2\/product_cat?post=19313"},{"taxonomy":"product_tag","embeddable":true,"href":"https:\/\/www.hydraulic-cylinders.net\/et\/wp-json\/wp\/v2\/product_tag?post=19313"}],"curies":[{"name":"wp","href":"https:\/\/api.w.org\/{rel}","templated":true}]}}