{"id":19314,"date":"2025-04-07T06:26:33","date_gmt":"2025-04-07T06:26:33","guid":{"rendered":"https:\/\/www.hydraulic-cylinders.net\/product\/boom-cylinder-for-xgma-middle-excavator-xg820\/"},"modified":"2025-04-07T06:26:36","modified_gmt":"2025-04-07T06:26:36","slug":"boom-cylinder-for-xgma-middle-excavator-xg820","status":"publish","type":"product","link":"https:\/\/www.hydraulic-cylinders.net\/et\/toode\/boom-cylinder-for-xgma-middle-excavator-xg820\/","title":{"rendered":"XGMA keskmise ekskavaatori XG820 poomi silinder"},"content":{"rendered":"<h1>XGMA keskmise ekskavaatori XG820 poomi silinder<\/h1>\n<h2>Toote \u00fclevaade<\/h2>\n<p>XGMA keskmise ekskavaatori XG820 poomi silinder on oluline h\u00fcdraulikakomponent, mis on loodud ekskavaatori poomide liikumise juhtimiseks. See m\u00e4ngib h\u00fcdraulikas\u00fcsteemis \u00fcliolulist rolli, v\u00f5imaldades ekskavaatori kopa t\u00e4pset t\u00f5stmist, langetamist ja kallutamist. See mitmek\u00fclgsus on \u00fclioluline mitmesuguste materjalide k\u00e4itlemise \u00fclesannete jaoks ehitusplatsidel ja muudel rasketel t\u00f6\u00f6del.<\/p>\n<p><img decoding=\"async\" src=\"https:\/\/www.hydraulic-cylinders.net\/wp-content\/uploads\/2025\/04\/songte-company-1.webp\" alt=\"XGMA keskmise ekskavaatori XG820 poomi silinder\"><\/p>\n<h3>Definitsioon ja funktsionaalsus<\/h3>\n<p>Noolesilindrid on h\u00fcdraulilised silindrid, mis on spetsiaalselt loodud rasketehnika, n\u00e4iteks ekskavaatorite, koppide ja esilaadurite jaoks. Need silindrid v\u00f5imaldavad noolel v\u00e4lja ja tagasi liikuda, h\u00f5lbustades kopa liikumist materjalide t\u00f5husaks kaevamiseks, t\u00f5stmiseks ja transportimiseks. H\u00fcdraulikas\u00fcsteemi r\u00f5hku kasutatakse sujuvate ja kontrollitud liikumiste saavutamiseks, tagades, et operaator saab raskeid koormaid h\u00f5lpsalt k\u00e4sitseda.<\/p>\n<h2>Poomi silindri p\u00f5hijooned<\/h2>\n<ul>\n<li><strong>Suur tugevus ja vastupidavus:<\/strong> Need \u00fclitugevast terasest v\u00f5i alumiiniumist valmistatud silindrid taluvad k\u00f5rget r\u00f5hku ja suuri koormusi, mist\u00f5ttu sobivad need karmidesse t\u00f6\u00f6keskkondadesse. Konstruktsioon on kulumiskindel ja korrosioonikindel, pikendades eluiga.<\/li>\n<li><strong>T\u00f5hus h\u00fcdrauliline t\u00f6\u00f6:<\/strong> Poomi silinder t\u00f6\u00f6tab h\u00fcdraulika\u00f5li r\u00f5hu abil, mis v\u00f5imaldab sujuvat pikendamist ja tagasit\u00f5mbamist. See kiire reageerimine juhtimisk\u00e4sklustele pakub v\u00f5imsaid t\u00f5uke- ja t\u00f5mbev\u00f5imeid, mis sobivad ideaalselt raskete ja keerukate \u00fclesannete jaoks.<\/li>\n<li><strong>Erinevad t\u00fc\u00fcbid:<\/strong> S\u00f5ltuvalt t\u00f6\u00f6vajadustest pakume \u00fchetoimelisi (h\u00fcdrauliline toime \u00fches suunas) v\u00f5i kahetoimelisi (h\u00fcdrauliline toime m\u00f5lemas suunas) silindreid, m\u00f5nel mudelil on teleskoopkonstruktsioon, mis v\u00f5imaldab suuremat pikendust ilma v\u00e4lism\u00f5\u00f5tmeid suurendamata, mis sobib ideaalselt ruumikitsastesse rakendustesse.<\/li>\n<\/ul>\n<h3>Meie tootmisv\u00f5imalused<\/h3>\n<p>Me toodame neid poomi silindreid t\u00e4pselt, tagades, et need asendavad ideaalselt olemasolevaid h\u00fcdraulilisi silindreid erinevates masinat\u00fc\u00fcpides.<\/p>\n<p><img decoding=\"async\" src=\"https:\/\/www.hydraulic-cylinders.net\/wp-content\/uploads\/2025\/04\/songte-cylinder-head-with-all-kinds-excavator-models.webp\" alt=\"Ekskavaatori mudelid poomi silindriga\"><\/p>\n<h2>Poomi silindri rakendused<\/h2>\n<h3>Ehitustehnika<\/h3>\n<p>Ekskavaatorites on noolesilindrid kriitilise t\u00e4htsusega pinnase v\u00f5i prahi kaevamiseks, laadimiseks ja teisaldamiseks. Need v\u00f5imaldavad t\u00f5husat pinnasesse tungimist, h\u00f5lbustades kaevamist\u00f6id ja suurendades tootlikkust.<\/p>\n<h3>P\u00f5llumajandustehnika<\/h3>\n<p>Esilaadurites kasutatakse noolesilindreid mulla, heina ja muude materjalide kopeerimiseks, t\u00f5stmiseks ja transportimiseks. Nende h\u00fcdraulilised v\u00f5imalused v\u00f5imaldavad p\u00f5llumeestel \u00fclesandeid kiiresti ja t\u00f5husalt t\u00e4ita, parandades \u00fcldist p\u00f5llumajandustootlikkust.<\/p>\n<h3>Ekskavaatorid<\/h3>\n<p>Noole silinder v\u00f5imaldab kopal t\u00f5husalt pinnasesse tungida, muutes kaevet\u00f6\u00f6d paremini hallatavaks. See funktsioon on oluline ehitus- ja kaevandusprojektide puhul, kus on vaja t\u00e4pset kaevamist.<\/p>\n<h3>Laadurid<\/h3>\n<p>Esilaaduritel aitavad noolesilindrid koormaid t\u00f5husalt t\u00f5sta ja t\u00fchjendada. Nende konstruktsioon tagab optimaalse j\u00f5u rakendamise, v\u00e4hendades juhi pingutust ja suurendades t\u00f6\u00f6 efektiivsust.<\/p>\n<h2>Projekteerimiskaalutlused ja valikukriteeriumid<\/h2>\n<h3>Kandev\u00f5ime<\/h3>\n<p>Poomi silindri valimine eeldab selle kandev\u00f5ime m\u00f5istmist. Oluline on valida silinder, mis suudab kanda maksimaalset raskust, millega see t\u00f6\u00f6 ajal kokku puutub. \u00dclekoormus v\u00f5ib p\u00f5hjustada silindri rikke v\u00f5i ekskavaatori kahjustumise.<\/p>\n<h3>Tihendus<\/h3>\n<p>T\u00f5hus tihendamine on h\u00fcdraulilise vedeliku lekke v\u00e4ltimiseks \u00fclioluline. Kvaliteetsed tihendid tagavad h\u00fcdraulilise r\u00f5hu s\u00e4ilimise, aidates kaasa poomi silindri t\u00f5hususele ja pikaealisusele. Tihendite regulaarne kulumise ja rebenemise kontroll aitab v\u00e4ltida kulukaid remondit\u00f6id.<\/p>\n<h3>Vastupidavus<\/h3>\n<p>Vastupidavus on ehituskeskkonnas v\u00f5tmetegur. Tugevatest materjalidest noolesilindrite valimine, millel on korrosiooni- ja kulumiskindlad kate, v\u00f5ib seadmete t\u00f6\u00f6iga oluliselt pikendada.<\/p>\n<h3>Ohutus<\/h3>\n<p>Ohutusfunktsioonid, n\u00e4iteks \u00fcler\u00f5huventiilid ja turvalukud, on t\u00f6\u00f6 ajal \u00f5nnetuste v\u00e4ltimiseks \u00fcliolulised. Need funktsioonid kaitsevad nii operaatorit kui ka masinaid, tagades ohutu ja usaldusv\u00e4\u00e4rse t\u00f6\u00f6.<\/p>\n<h3>Hooldus<\/h3>\n<p>Lihtne hooldus on veel \u00fcks aspekt, mida arvestada. Komponentidele kiireks juurdep\u00e4\u00e4suks kontrollimiseks ja parandamiseks loodud noolesilindrid aitavad minimeerida seisakuid, hoides t\u00f6\u00f6 sujuvana.<\/p>\n<p><img decoding=\"async\" src=\"https:\/\/www.hydraulic-cylinders.net\/wp-content\/uploads\/2025\/04\/songte-oil-pipes-and-spare-parts.webp\" alt=\"\u00d5litorud ja varuosad\"><\/p>\n<h2>Tihendus ja m\u00e4\u00e4rimine<\/h2>\n<p>Poomi silindrite terviklikkuse ja funktsionaalsuse s\u00e4ilitamiseks on oluline korralik tihendamine ja m\u00e4\u00e4rimine. Erinevad tihendid, n\u00e4iteks kolvi- ja varrastihendid, on valmistatud vastupidavatest materjalidest nagu pol\u00fcuretaan ja nitriilkummi, tagades kulumiskindluse. Lisaks l\u00e4bivad silindri korpus ja keermestatud pinnad peene t\u00f6\u00f6tluse, mis suurendab nende vastupidavust. H\u00f5\u00f5rdumise ja kulumise v\u00e4hendamiseks ning pikaajalise j\u00f5udluse tagamiseks on vajalik regulaarne m\u00e4\u00e4rimine sobiva h\u00fcdraulika\u00f5liga.<\/p>\n<h2>Regulaarsed kontrollid ja ennetav hooldus<\/h2>\n<ul>\n<li><strong>Rutiinsed kontrollid:<\/strong> Kontrollige silindrit regulaarselt kulumis-, lekete- v\u00f5i kahjustuste suhtes. See ennetav l\u00e4henemisviis aitab probleeme enne nende s\u00fcvenemist tuvastada, minimeerides ootamatuid seisakuid.<\/li>\n<li><strong>M\u00e4\u00e4rimine:<\/strong> Veenduge, et h\u00fcdraulika\u00f5li lisatakse ja vahetatakse vastavalt vajadusele, s\u00e4ilitades optimaalse j\u00f5udluse ja v\u00e4ltides sisemist kulumist.<\/li>\n<li><strong>Tihendi vahetamine:<\/strong> J\u00e4lgige tihendite kulumist ja vahetage need vastavalt vajadusele, et v\u00e4ltida lekkeid ja s\u00e4ilitada h\u00fcdrauliline r\u00f5hk.<\/li>\n<\/ul>\n<h2>Paigaldusjuhised<\/h2>\n<p>Poomi silindri \u00f5ige paigaldamine on selle j\u00f5udluse ja pikaealisuse seisukohalt \u00fclioluline. Alustage veendumaks, et k\u00f5ik komponendid on puhtad ja prahist vabad. Joondage silinder t\u00e4pselt kinnituspunktidega, kasutades selle kinnitamiseks sobivaid kinnitusklambreid. Pingutage k\u00f5ik kinnitusdetailid vastavalt tootja spetsifikatsioonidele, v\u00e4ltides \u00fclepingutamist, et v\u00e4ltida kahjustusi. P\u00e4rast paigaldamist kontrollige enne seadme kasutuselev\u00f5ttu, et see liiguks korralikult ja joondataks. J\u00e4lgige silindrit regulaarselt joondamise v\u00f5i ebanormaalse t\u00f6\u00f6 tunnuste suhtes.<\/p>\n<h2>Levinumad hooldust\u00f6\u00f6d<\/h2>\n<ul>\n<li><strong>Regulaarsed kontrollid:<\/strong> Sagedased kontrollid aitavad avastada v\u00f5imalikke probleeme varakult, tagades poomi silindri optimaalse seisukorra ja v\u00e4hendades rikete ohtu t\u00f6\u00f6 ajal.<\/li>\n<li><strong>\u00d5ige m\u00e4\u00e4rimine:<\/strong> Piisav m\u00e4\u00e4rimine on h\u00fcdraulilise vedeliku efektiivsuse s\u00e4ilitamiseks ja metallidevahelise kokkupuute v\u00e4ltimiseks, mis v\u00f5ib p\u00f5hjustada kulumist ja rikkeid, \u00fclioluline.<\/li>\n<li><strong>Tihendi vahetamine:<\/strong> Kontrollige regulaarselt tihendite kulumist ja vahetage need v\u00e4lja, et s\u00e4ilitada h\u00fcdrauliline r\u00f5hk ja v\u00e4ltida lekkeid.<\/li>\n<\/ul>\n<h2>Ohutuskaalutlused ja keskkonnategurid<\/h2>\n<p>H\u00fcdrauliliste s\u00fcsteemide kasutamisel on ohutusmeetmed \u00fcliolulised. Operaatorid peaksid olema koolitatud poomi silindrite \u00f5ige k\u00e4sitsemise ja k\u00e4itamise protseduuride osas, et v\u00e4ltida \u00f5nnetusi. Lisaks m\u00e4ngivad ohutuse ja keskkonnan\u00f5uete j\u00e4rgimise tagamisel olulist rolli keskkonnakaalutlused, n\u00e4iteks h\u00fcdraulikavedelike \u00f5ige utiliseerimise tagamine ja lekete minimeerimine.<\/p>\n<h2>Rikete diagnoosimine ja levinud probleemid<\/h2>\n<ul>\n<li><strong>Leke:<\/strong> Kui silindrist lekib vedelikku, v\u00f5ib see viidata tihendi rikkele v\u00f5i kahjustusele. Kontrollige tihendeid ja vajadusel vahetage need v\u00e4lja.<\/li>\n<li><strong>V\u00e4hendatud j\u00f5udlus:<\/strong> Kui silinder ei reageeri piisavalt, kontrollige h\u00fcdraulikavedeliku taset v\u00f5i \u00f5hu olemasolu s\u00fcsteemis, mis v\u00f5ib j\u00f5udlust m\u00f5jutada.<\/li>\n<li><strong>Ebatavalised helid:<\/strong> Igasugune krigisev v\u00f5i ebatavaline heli t\u00f6\u00f6tamise ajal v\u00f5ib viidata sisemistele kahjustustele v\u00f5i m\u00e4\u00e4rimisvajadusele. Uurige kohe, et v\u00e4ltida edasisi kahjustusi.<\/li>\n<\/ul>\n<h2>Veaotsingu n\u00e4pun\u00e4ited<\/h2>\n<p>Poomi silindri probleemide diagnoosimisel alustage lekke v\u00f5i ebanormaalse t\u00f6\u00f6 tunnuste kontrollimisest. Veenduge, et k\u00f5ik h\u00fcdraulika\u00fchendused on kindlad ja vedeliku tase on piisav. Kui probleemid p\u00fcsivad, vaadake edasiste t\u00f5rkeotsingu sammude kohta tootja spetsifikatsioone. Ennetavad meetmed, n\u00e4iteks regulaarne hooldus ja kasutusjuhiste j\u00e4rgimine, v\u00f5ivad minimeerida v\u00f5imalikke probleeme ja pikendada poomi silindri eluiga.<\/p>\n<p><img decoding=\"async\" src=\"https:\/\/www.hydraulic-cylinders.net\/wp-content\/uploads\/2025\/04\/songte-bushings-with-all-kinds-of-excavator-models.webp\" alt=\"Ekskavaatorimudelite puksid\"><\/p>\n<h2>Meie ettev\u00f5ttest<\/h2>\n<p>Oleme juhtiv h\u00fcdrauliliste silindrite tootja ja hulgim\u00fc\u00fcja, mis on spetsialiseerunud kvaliteetsetele alternatiividele erinevatele masinatele. Meie lai tootevalik on positsioneerinud meid usaldusv\u00e4\u00e4rse nimena nii sise- kui ka rahvusvahelistel turgudel. J\u00e4rgime tipptasemel kvaliteeti, kasutades t\u00e4ppistootmisstrateegiaid, mida toetavad tehniline oskusteave, t\u00e4iustatud seadmed ja range kvaliteedikontrolli s\u00fcsteem. Meie p\u00fchendumus innovatsioonile ja t\u00f5hususele v\u00f5imaldab meil rahuldada klientide mitmekesiseid vajadusi, tagades samal ajal k\u00f5rgeimad j\u00f5udlusstandardid.<\/p>\n<h3>Meie asjatundlikkus ja teenused<\/h3>\n<ul>\n<li><strong>Professionaalsus:<\/strong> Meie meeskond koosneb kogenud spetsialistidest, kes on p\u00fchendunud kvaliteetsete toodete ja teenuste pakkumisele.<\/li>\n<li><strong>Rahvusvahelised sertifikaadid:<\/strong> Meil on mitmesugused rahvusvahelised sertifikaadid, mis tagavad vastavuse \u00fclemaailmsetele tootmisstandarditele.<\/li>\n<li><strong>Kohandatud teenused:<\/strong> Pakume kliendi konkreetsete vajaduste rahuldamiseks kohandamisv\u00f5imalusi, parandades meie toodete \u00fcldist funktsionaalsust.<\/li>\n<li><strong>Tipptasemel tootmisseadmed:<\/strong> Meie t\u00e4iustatud tootmisseadmed v\u00f5imaldavad meil s\u00e4ilitada tootmises suurt t\u00e4psust ja efektiivsust.<\/li>\n<li><strong>M\u00fc\u00fcgij\u00e4rgne tugi:<\/strong> Pakume suurep\u00e4rast m\u00fc\u00fcgij\u00e4rgset teenindust, tagades klientide rahulolu ja toe k\u00f5ikide p\u00e4ringute v\u00f5i probleemide korral.<\/li>\n<\/ul>\n<p><img decoding=\"async\" src=\"https:\/\/www.hydraulic-cylinders.net\/wp-content\/uploads\/2025\/04\/songte-company-4.webp\" alt=\"Ettev\u00f5tte \u00fclevaade\"><br \/>\n<img decoding=\"async\" src=\"https:\/\/www.hydraulic-cylinders.net\/wp-content\/uploads\/2025\/04\/songte-company-3.webp\" alt=\"Ettev\u00f5tte rajatised\"><\/p>\n<p>Autor: lyl<\/p>","protected":false},"excerpt":{"rendered":"<p>Boom Cylinder For XGMA Middle Excavator XG820 Product Overview The Boom Cylinder for the XGMA Middle Excavator XG820 is an essential hydraulic component designed to control the movement of excavator booms. It plays a crucial role in the hydraulic system, allowing for the precise lifting, lowering, and tilting of the excavator&#8217;s bucket. This versatility is [&hellip;]<\/p>","protected":false},"featured_media":17879,"comment_status":"open","ping_status":"closed","template":"","meta":{"_et_pb_use_builder":"","_et_pb_old_content":"","_et_gb_content_width":""},"product_brand":[],"product_cat":[1546],"product_tag":[1547,1496],"class_list":{"0":"post-19314","1":"product","2":"type-product","3":"status-publish","4":"has-post-thumbnail","6":"product_cat-boom-cylinders","7":"product_tag-boom-cylinders","8":"product_tag-hydraulic-cylinders","10":"first","11":"instock","12":"shipping-taxable","13":"product-type-simple"},"amp_enabled":true,"_links":{"self":[{"href":"https:\/\/www.hydraulic-cylinders.net\/et\/wp-json\/wp\/v2\/product\/19314","targetHints":{"allow":["GET"]}}],"collection":[{"href":"https:\/\/www.hydraulic-cylinders.net\/et\/wp-json\/wp\/v2\/product"}],"about":[{"href":"https:\/\/www.hydraulic-cylinders.net\/et\/wp-json\/wp\/v2\/types\/product"}],"replies":[{"embeddable":true,"href":"https:\/\/www.hydraulic-cylinders.net\/et\/wp-json\/wp\/v2\/comments?post=19314"}],"wp:featuredmedia":[{"embeddable":true,"href":"https:\/\/www.hydraulic-cylinders.net\/et\/wp-json\/wp\/v2\/media\/17879"}],"wp:attachment":[{"href":"https:\/\/www.hydraulic-cylinders.net\/et\/wp-json\/wp\/v2\/media?parent=19314"}],"wp:term":[{"taxonomy":"product_brand","embeddable":true,"href":"https:\/\/www.hydraulic-cylinders.net\/et\/wp-json\/wp\/v2\/product_brand?post=19314"},{"taxonomy":"product_cat","embeddable":true,"href":"https:\/\/www.hydraulic-cylinders.net\/et\/wp-json\/wp\/v2\/product_cat?post=19314"},{"taxonomy":"product_tag","embeddable":true,"href":"https:\/\/www.hydraulic-cylinders.net\/et\/wp-json\/wp\/v2\/product_tag?post=19314"}],"curies":[{"name":"wp","href":"https:\/\/api.w.org\/{rel}","templated":true}]}}