{"id":19316,"date":"2025-04-07T06:26:38","date_gmt":"2025-04-07T06:26:38","guid":{"rendered":"https:\/\/www.hydraulic-cylinders.net\/product\/boom-cylinder-for-xgma-middle-excavator-xg822lc\/"},"modified":"2025-04-07T06:26:41","modified_gmt":"2025-04-07T06:26:41","slug":"boom-cylinder-for-xgma-middle-excavator-xg822lc","status":"publish","type":"product","link":"https:\/\/www.hydraulic-cylinders.net\/et\/toode\/boom-cylinder-for-xgma-middle-excavator-xg822lc\/","title":{"rendered":"XGMA keskmise ekskavaatori XG822LC poomi silinder"},"content":{"rendered":"<h1>XGMA keskmise ekskavaatori XG822LC poomi silinder<\/h1>\n<h2>Toote \u00fclevaade<\/h2>\n<p>See <strong>XGMA keskmise ekskavaatori XG822LC poomi silinder<\/strong> on rasketehnika h\u00fcdraulikas\u00fcsteemide oluline komponent. See h\u00fcdrosilinder juhib spetsiaalselt ekskavaatorite, laadur-ekskavaatori ja esilaaduri poomi liikumist. V\u00f5imaldades poomil t\u00f5usta, langetada ja kallutada, h\u00f5lbustab see t\u00f5husaid materjalik\u00e4itlust\u00f6id.<\/p>\n<p><img decoding=\"async\" src=\"https:\/\/www.hydraulic-cylinders.net\/wp-content\/uploads\/2025\/04\/songte-company-1.webp\" alt=\"H\u00fcdraulilise silindri \u00fclevaade\" \/><\/p>\n<h3>Kopa silindri m\u00e4\u00e4ratlemine<\/h3>\n<p>Kopa silinder on h\u00fcdraulilise silindri t\u00fc\u00fcp, mis on m\u00f5eldud rasketehnika kopa liikumise juhtimiseks. See m\u00e4ngib olulist rolli ekskavaatorite j\u00f5udluses, v\u00f5imaldades materjalide t\u00e4pset kaevamist, t\u00f5stmist ja transportimist. Silindri sees tekitatud h\u00fcdrauliline r\u00f5hk v\u00f5imaldab sujuvat ja t\u00f5husat t\u00f6\u00f6d, muutes selle oluliseks komponendiks erinevates ehitus- ja p\u00f5llumajandusrakendustes.<\/p>\n<h2>Toote omadused<\/h2>\n<ul>\n<li><strong>Suur tugevus ja vastupidavus:<\/strong> Need \u00fclitugevast terasest v\u00f5i alumiiniumist valmistatud silindrid taluvad k\u00f5rget r\u00f5hku ja suuri koormusi, mist\u00f5ttu sobivad need karmideks t\u00f6\u00f6tingimusteks.<\/li>\n<li><strong>T\u00f5hus h\u00fcdrauliline t\u00f6\u00f6:<\/strong> H\u00fcdraulilise \u00f5li r\u00f5hu abil tagavad need sujuva pikenemise ja tagasit\u00f5mbumise, v\u00f5imaldades kiiret reageerimist juhtimisk\u00e4sklustele.<\/li>\n<li><strong>Erinevad t\u00fc\u00fcbid:<\/strong> Saadaval \u00fche- v\u00f5i kahetoimelisena, et rahuldada erinevaid t\u00f6\u00f6vajadusi; m\u00f5ned mudelid on teleskoopilised, mis v\u00f5imaldab suuremat pikendamist ilma v\u00e4lism\u00f5\u00f5tmeid suurendamata.<\/li>\n<li><strong>Korrosioonikindlus:<\/strong> Kulumis- ja korrosioonikindlatest materjalidest valmistatud silindritel on pikem eluiga ja v\u00e4iksem hooldusvajadus.<\/li>\n<li><strong>Mitmek\u00fclgsed rakendused:<\/strong> Sobib mitmesugustele rasketehnikale, pakkudes vajalikku j\u00f5udu mitmesuguste \u00fclesannete jaoks.<\/li>\n<\/ul>\n<h3>Tootmisv\u00f5imekus<\/h3>\n<p>Oleme spetsialiseerunud kvaliteetsete poomisilindrite tootmisele, mis sobivad ideaalselt olemasolevate h\u00fcdrauliliste silindrite asendamiseks erinevates masinates.<\/p>\n<p><img decoding=\"async\" src=\"https:\/\/www.hydraulic-cylinders.net\/wp-content\/uploads\/2025\/04\/songte-cylinder-head-with-all-kinds-excavator-models.webp\" alt=\"Tootmisv\u00f5imalused\" \/><\/p>\n<h2>Rakendusstsenaariumid<\/h2>\n<h3>Ehitustehnika<\/h3>\n<p>Ekskavaatorites on noolesilindrid \u00fcliolulised kaevamiseks, laadimiseks ja pinnase v\u00f5i prahi teisaldamiseks. Need h\u00f5lbustavad mitmesuguseid toiminguid, tagades t\u00f5husa t\u00f6\u00f6 ehitusplatsidel. Lisaks abistab ekskavaator-laadurites kopa silinder nii kaevamis- kui ka t\u00f5stet\u00f6\u00f6del, suurendades \u00fcldist tootlikkust.<\/p>\n<h3>P\u00f5llumajandustehnika<\/h3>\n<p>Esilaadurites kasutatakse noolesilindreid mulla, heina ja muude materjalide kopeerimiseks, t\u00f5stmiseks ja transportimiseks, mist\u00f5ttu on need p\u00f5llumajandust\u00f6\u00f6des asendamatud. Nende usaldusv\u00e4\u00e4rne j\u00f5udlus tagab p\u00f5llumajandust\u00f6\u00f6de t\u00f5husa t\u00e4itmise.<\/p>\n<h3>Ekskavaatorid<\/h3>\n<p>Kopasilindrid v\u00f5imaldavad ekskavaatoritel kaevamist\u00f6\u00f6de ajal t\u00f5husalt pinnasesse tungida. See t\u00e4psus on soovitud kaeves\u00fcgavuse ja -laiuse saavutamiseks \u00fclioluline, aidates kaasa projekti t\u00e4psusele.<\/p>\n<h3>Laadurid<\/h3>\n<p>Frontaallaadurites aitavad need silindrid koormaid t\u00f5husalt t\u00f5sta ja t\u00fchjendada. Nende tugevus v\u00f5imaldab operaatoritel raskeid materjale k\u00e4sitseda, suurendades tootlikkust erinevates laadimisrakendustes.<\/p>\n<h2>Projekteerimiskaalutlused ja valikukriteeriumid<\/h2>\n<h3>Kandev\u00f5ime<\/h3>\n<p>Poomi silindri valimisel on \u00fclioluline m\u00f5ista selle kandev\u00f5imet. See peab olema konstrueeritud nii, et see taluks maksimaalseid eeldatavaid koormusi t\u00f6\u00f6 ajal. See tagab ohutuse ja t\u00f6\u00f6 efektiivsuse, hoides \u00e4ra enneaegse rikke.<\/p>\n<h3>Tihendusv\u00f5ime<\/h3>\n<p>H\u00fcdrauliliste silindrite puhul on tihendamine \u00fclioluline. Kvaliteetsed tihendid hoiavad \u00e4ra vedeliku lekke ja hoiavad s\u00fcsteemis r\u00f5hu. Sobivad tihendusmaterjalid, n\u00e4iteks pol\u00fcuretaan ja nitriilkummi, suurendavad pikaealisust ja t\u00f6\u00f6kindlust.<\/p>\n<h3>Vastupidavus<\/h3>\n<p>Vastupidavus on noolesilindrite projekteerimisel v\u00f5tmetegur. Need peavad vastu pidama \u00e4\u00e4rmuslikele tingimustele, sealhulgas temperatuurik\u00f5ikumistele, kokkupuutele saasteainetega ja mehaanilisele pingele. Kasutatavad materjalid ja ehitustehnikad m\u00f5jutavad oluliselt silindrite eluiga.<\/p>\n<h3>Turvaelemendid<\/h3>\n<p>Ohutusfunktsioonide, n\u00e4iteks \u00fclekoormuskaitse ja rikkeohutusmehhanismide lisamine konstruktsiooni on oluline. Need funktsioonid aitavad v\u00e4ltida \u00f5nnetusi ja seadmete rikkeid, kaitstes nii operaatorit kui ka masinaid.<\/p>\n<h3>Hoolduskaalutlused<\/h3>\n<p>Lihtsat hooldust v\u00f5imaldava konstruktsiooni valimine on \u00fclioluline. Sellised omadused nagu ligip\u00e4\u00e4setavad m\u00e4\u00e4rimispunktid ja h\u00f5lpsasti vahetatavad tihendid v\u00f5ivad v\u00e4hendada seisakuid ja pikendada silindri t\u00f6\u00f6iga.<\/p>\n<p><img decoding=\"async\" src=\"https:\/\/www.hydraulic-cylinders.net\/wp-content\/uploads\/2025\/04\/songte-oil-pipes-and-spare-parts.webp\" alt=\"Hoolduskaalutlused\" \/><\/p>\n<h2>Tihendus ja m\u00e4\u00e4rimine<\/h2>\n<p>T\u00f5hus tihendamine ja m\u00e4\u00e4rimine on h\u00fcdrauliliste silindrite j\u00f5udluse seisukohalt \u00fcliolulised. R\u00f5hu hoidmiseks ja lekete v\u00e4ltimiseks kasutatakse mitmesuguseid tihendeid, sealhulgas kolvitihendeid ja vardatihendeid. Vastupidavatest materjalidest, nagu pol\u00fcuretaan ja nitriilkummi, valmistatud tihendid suurendavad kulumiskindlust ja pikendavad silindri eluiga.<\/p>\n<p>Lisaks t\u00f6\u00f6deldakse silindri korpust ja keermestatud pindu t\u00e4pselt, et parandada kulumiskindlust. Regulaarne m\u00e4\u00e4rimine h\u00fcdraulika\u00f5liga on vajalik sujuva t\u00f6\u00f6 tagamiseks ja h\u00f5\u00f5rdumise v\u00e4hendamiseks, mis v\u00f5ib p\u00f5hjustada enneaegset kulumist.<\/p>\n<h2>Regulaarne kontroll ja ennetav hooldus<\/h2>\n<ul>\n<li><strong>Visuaalsed kontrollid:<\/strong> Kontrollige regulaarselt h\u00fcdrosilindri kulumise, lekete v\u00f5i kahjustuste m\u00e4rke. Probleemide varajane avastamine aitab v\u00e4ltida suuremaid rikkeid.<\/li>\n<li><strong>M\u00e4\u00e4rimiskontrollid:<\/strong> Sujuva t\u00f6\u00f6 s\u00e4ilitamiseks veenduge, et vastavalt tootja soovitustele oleks peale kantud piisav m\u00e4\u00e4rimine.<\/li>\n<li><strong>Tihendi vahetamine:<\/strong> J\u00e4lgige tihendite kulumist ja vahetage need vastavalt vajadusele. See aitab s\u00e4ilitada h\u00fcdros\u00fcsteemi terviklikkust.<\/li>\n<\/ul>\n<h2>Paigaldusjuhised<\/h2>\n<p>Poomi silindri \u00f5ige paigaldamine on optimaalse j\u00f5udluse saavutamiseks \u00fclioluline. Alustage veendumisest, et k\u00f5ik komponendid on puhtad ja prahist vabad. Joondage silinder t\u00e4pselt kinnituspunktidega, kasutades selle kinnitamiseks sobivaid kinnitusklambreid. Pingutage kinnitusdetailid etten\u00e4htud p\u00f6\u00f6rdemomendi s\u00e4tetega, et v\u00e4ltida nende lahtitulekut t\u00f6\u00f6tamise ajal.<\/p>\n<p>Kontrollige \u00f5iget joondust, et balloon t\u00f6\u00f6taks sujuvalt ja ilma ebavajaliku pingeta. P\u00e4rast paigaldamist tehke p\u00f5hjalik kontroll, et veenduda lekete puudumises ja k\u00f5igi \u00fchenduste kinnituses. Madala r\u00f5hu all t\u00f6\u00f6tamise testimine aitab enne t\u00e4ielikku t\u00f6\u00f6le panemist tuvastada v\u00f5imalikke paigaldusprobleeme.<\/p>\n<h2>Hooldus\u00fclesanded<\/h2>\n<ul>\n<li><strong>Regulaarsed kontrollid:<\/strong> Rutiinsete visuaalsete kontrollide tegemine aitab tuvastada kulumise v\u00f5i kahjustuste varajasi m\u00e4rke, v\u00f5imaldades \u00f5igeaegset sekkumist.<\/li>\n<li><strong>\u00d5ige m\u00e4\u00e4rimine:<\/strong> Soovitusliku m\u00e4\u00e4rimisgraafiku j\u00e4rgimine on oluline silindri sujuva t\u00f6\u00f6 s\u00e4ilitamiseks ja kulumise v\u00e4ltimiseks.<\/li>\n<li><strong>Tihendi vahetamine:<\/strong> Lekete v\u00e4ltimiseks ja h\u00fcdraulilise r\u00f5hu s\u00e4ilitamiseks vahetage regulaarselt kulumisj\u00e4lgi omavaid tihendeid.<\/li>\n<\/ul>\n<h2>Ohutuskaalutlused ja keskkonnategurid<\/h2>\n<p>H\u00fcdrauliliste silindritega t\u00f6\u00f6tamisel on ohutusmeetmed kriitilise t\u00e4htsusega. Operaatorite n\u00f5uetekohane v\u00e4lja\u00f5pe ohutu k\u00e4sitsemise ja t\u00f6\u00f6protseduuride osas minimeerib h\u00fcdrauliliste seadmetega seotud riske. Lisaks tagab keskkonnajuhiste j\u00e4rgimine h\u00fcdrauliliste silindrite k\u00e4itamise ja hooldamise ajal eeskirjade j\u00e4rgimise, kaitstes nii t\u00f6\u00f6tajaid kui ka keskkonda.<\/p>\n<h2>Veaotsing ja levinud probleemid<\/h2>\n<ul>\n<li><strong>Leke:<\/strong> H\u00fcdraulikavedeliku lekked v\u00f5ivad tekkida kulunud tihendite v\u00f5i eba\u00f5ige paigalduse t\u00f5ttu. Seda saab diagnoosida regulaarse visuaalse kontrolli abil ja parandada tihendite vahetamise v\u00f5i komponentide uuesti joondamise teel.<\/li>\n<li><strong>Ebaj\u00e4rjekindel toimimine:<\/strong> See v\u00f5ib viidata h\u00fcdraulilise r\u00f5hu probleemidele v\u00f5i ummistustele. Vedeliku taseme ja filtrite kontrollimine aitab probleemi lahendada.<\/li>\n<li><strong>\u00dclekuumenemine:<\/strong> \u00dclekuumenemine v\u00f5ib tuleneda ebapiisavast m\u00e4\u00e4rimisest v\u00f5i silindri \u00fclekoormamisest. M\u00e4\u00e4rimistaseme hindamine ja silindri t\u00f6\u00f6tamise tagamine oma kandev\u00f5ime piires aitab \u00fclekuumenemist v\u00e4ltida.<\/li>\n<\/ul>\n<p>Ennetavad meetmed, nagu regulaarsed hoolduskontrollid ja operaatorite n\u00f5uetekohane koolitus, on potentsiaalsete probleemide minimeerimiseks olulised.<\/p>\n<p><img decoding=\"async\" src=\"https:\/\/www.hydraulic-cylinders.net\/wp-content\/uploads\/2025\/04\/songte-bushings-with-all-kinds-of-excavator-models.webp\" alt=\"Veaotsing\" \/><\/p>\n<h2>Ettev\u00f5tte \u00fclevaade<\/h2>\n<p>Oleme juhtiv asendush\u00fcdrauliliste silindrite tootja, pakkudes laia tootevalikut. Meie p\u00fchendumust tipptasemele toetavad t\u00e4iustatud tootmistavad ja ranged kvaliteedikontrolli protsessid.<\/p>\n<p>Keskendudes t\u00e4ppistehnoloogiale ja kvaliteetsetele materjalidele, vastavad meie tooted rahvusvahelistele standarditele ja sertifikaatidele. Pakume individuaalsetele kliendivajadustele kohandatud lahendusi, tagades maksimaalse rahulolu.<\/p>\n<p>Meie tipptasemel tootmis\u00fcksused on varustatud t\u00e4iustatud tehnoloogia ja oskusliku personaliga, kes on p\u00fchendunud k\u00f5rgeimate tootmisstandardite s\u00e4ilitamisele. Oleme uhked oma erakordse m\u00fc\u00fcgij\u00e4rgse toe ja teeninduse \u00fcle, tagades oma klientidele pideva abi oma h\u00fcdrauliliste silindrite vajadustega.<\/p>\n<p><img decoding=\"async\" src=\"https:\/\/www.hydraulic-cylinders.net\/wp-content\/uploads\/2025\/04\/songte-company-4.webp\" alt=\"Ettev\u00f5tte \u00fclevaade\" \/><br \/>\n<img decoding=\"async\" src=\"https:\/\/www.hydraulic-cylinders.net\/wp-content\/uploads\/2025\/04\/songte-company-3.webp\" alt=\"Ettev\u00f5tte \u00fclevaade\" \/><\/p>\n<p>Autor: lyl<\/p>","protected":false},"excerpt":{"rendered":"<p>Boom Cylinder For XGMA Middle Excavator XG822LC Product Overview The Boom Cylinder For XGMA Middle Excavator XG822LC is an essential component in hydraulic systems used in heavy machinery. This hydraulic cylinder specifically controls the movement of the boom in excavators, backhoe loaders, and front loaders. By enabling the boom to lift, lower, and tilt, it [&hellip;]<\/p>","protected":false},"featured_media":17881,"comment_status":"open","ping_status":"closed","template":"","meta":{"_et_pb_use_builder":"","_et_pb_old_content":"","_et_gb_content_width":""},"product_brand":[],"product_cat":[1546],"product_tag":[1547,1496],"class_list":{"0":"post-19316","1":"product","2":"type-product","3":"status-publish","4":"has-post-thumbnail","6":"product_cat-boom-cylinders","7":"product_tag-boom-cylinders","8":"product_tag-hydraulic-cylinders","10":"first","11":"instock","12":"shipping-taxable","13":"product-type-simple"},"amp_enabled":true,"_links":{"self":[{"href":"https:\/\/www.hydraulic-cylinders.net\/et\/wp-json\/wp\/v2\/product\/19316","targetHints":{"allow":["GET"]}}],"collection":[{"href":"https:\/\/www.hydraulic-cylinders.net\/et\/wp-json\/wp\/v2\/product"}],"about":[{"href":"https:\/\/www.hydraulic-cylinders.net\/et\/wp-json\/wp\/v2\/types\/product"}],"replies":[{"embeddable":true,"href":"https:\/\/www.hydraulic-cylinders.net\/et\/wp-json\/wp\/v2\/comments?post=19316"}],"wp:featuredmedia":[{"embeddable":true,"href":"https:\/\/www.hydraulic-cylinders.net\/et\/wp-json\/wp\/v2\/media\/17881"}],"wp:attachment":[{"href":"https:\/\/www.hydraulic-cylinders.net\/et\/wp-json\/wp\/v2\/media?parent=19316"}],"wp:term":[{"taxonomy":"product_brand","embeddable":true,"href":"https:\/\/www.hydraulic-cylinders.net\/et\/wp-json\/wp\/v2\/product_brand?post=19316"},{"taxonomy":"product_cat","embeddable":true,"href":"https:\/\/www.hydraulic-cylinders.net\/et\/wp-json\/wp\/v2\/product_cat?post=19316"},{"taxonomy":"product_tag","embeddable":true,"href":"https:\/\/www.hydraulic-cylinders.net\/et\/wp-json\/wp\/v2\/product_tag?post=19316"}],"curies":[{"name":"wp","href":"https:\/\/api.w.org\/{rel}","templated":true}]}}