{"id":19325,"date":"2025-04-07T06:27:02","date_gmt":"2025-04-07T06:27:02","guid":{"rendered":"https:\/\/www.hydraulic-cylinders.net\/product\/boom-cylinder-for-xgma-wheel-excavator-xg815w\/"},"modified":"2025-04-07T06:27:05","modified_gmt":"2025-04-07T06:27:05","slug":"boom-cylinder-for-xgma-wheel-excavator-xg815w","status":"publish","type":"product","link":"https:\/\/www.hydraulic-cylinders.net\/et\/toode\/boom-cylinder-for-xgma-wheel-excavator-xg815w\/","title":{"rendered":"XGMA ratasekskavaatori XG815W poomi silinder"},"content":{"rendered":"<h1>XGMA ratasekskavaatori XG815W poomi silinder<\/h1>\n<h2>Sissejuhatus poomi silindrisse<\/h2>\n<p>Noole silinder on rasketehnika, eriti ekskavaatorite, laadurlaadurite ja esilaadurite oluline osa. See on h\u00fcdrosilindri t\u00fc\u00fcp, mis on spetsiaalselt loodud kopa liikumise juhtimiseks, v\u00f5imaldades sellel vastavalt vajadusele t\u00f5sta, langetada ja kallutada erinevate materjalik\u00e4itlust\u00f6\u00f6de jaoks. See h\u00fcdrosilinder on ekskavaatorite t\u00f5husa t\u00f6\u00f6 jaoks \u00fclioluline, kuna see annab vajaliku j\u00f5u raskete koormate k\u00e4sitsemiseks ja keerulisel maastikul navigeerimiseks. Noole silinder t\u00f6\u00f6tab k\u00f5rge r\u00f5hu all, mist\u00f5ttu on see h\u00e4davajalik \u00fclesannete puhul, mis n\u00f5uavad t\u00e4psust ja tugevust.<\/p>\n<p><img decoding=\"async\" src=\"https:\/\/www.hydraulic-cylinders.net\/wp-content\/uploads\/2025\/04\/songte-company-1.webp\" alt=\"Ekskavaatorite poomi silinder\"><\/p>\n<h2>Poomi silindri omadused<\/h2>\n<ul>\n<li><strong>Suur tugevus ja vastupidavus:<\/strong> K\u00f5rgtugevast terasest v\u00f5i alumiiniumist valmistatud poomi silinder talub k\u00f5rget r\u00f5hku ja suuri koormusi, mist\u00f5ttu sobib see karmideks t\u00f6\u00f6keskkondadeks. Selle disain r\u00f5hutab kulumiskindlust ja korrosioonikaitset, pikendades selle eluiga.<\/li>\n<li><strong>T\u00f5hus h\u00fcdrauliline t\u00f6\u00f6:<\/strong> Silinder kasutab sujuvaks pikendamiseks ja tagasit\u00f5mbamiseks h\u00fcdraulika\u00f5li r\u00f5hku, mis v\u00f5imaldab kiiret reageerimist juhtimisk\u00e4sklustele ning tugevat t\u00f5uke- ja t\u00f5mbej\u00f5udu, mis sobib ideaalselt raskete materjalide ja keerukate \u00fclesannete k\u00e4sitsemiseks.<\/li>\n<li><strong>Erinevad t\u00fc\u00fcbid:<\/strong> S\u00f5ltuvalt t\u00f6\u00f6vajadustest on valikus \u00fchetoimelised (h\u00fcdrauliline j\u00f5ud \u00fches suunas) v\u00f5i kahetoimelised (h\u00fcdrauliline j\u00f5ud m\u00f5lemas suunas) silindrid. M\u00f5ned mudelid on teleskoopilised, mis v\u00f5imaldab suuremat pikendamist ilma v\u00e4lism\u00f5\u00f5tmeid suurendamata, sobides ruumipiirangutega rakenduste jaoks.<\/li>\n<\/ul>\n<p>Meie tooted on loodud olemasolevate h\u00fcdrosilindrite ideaalseks asendamiseks.<\/p>\n<p><img decoding=\"async\" src=\"https:\/\/www.hydraulic-cylinders.net\/wp-content\/uploads\/2025\/04\/songte-cylinder-head-with-all-kinds-excavator-models.webp\" alt=\"H\u00fcdraulilise silindri pea\"><\/p>\n<h2>Rakendusstsenaariumid<\/h2>\n<h3>Ehitustehnika<\/h3>\n<p>Ekskavaatorites m\u00e4ngivad noolesilindrid olulist rolli pinnase v\u00f5i prahi kaevamisel, laadimisel ja teisaldamisel. Need v\u00f5imaldavad kopal t\u00f5husalt pinnasesse tungida, muutes need ehitusplatsidel asendamatuks. Ekskavaator-laadurites aitavad need silindrid lisaks kaevamisele ka materjalide t\u00f5stmisele ja teisaldamisele, pakkudes mitmek\u00fclgsust erinevates ehitust\u00f6\u00f6des.<\/p>\n<h3>P\u00f5llumajandustehnika<\/h3>\n<p>Esilaadurites kasutatakse noolesilindreid mulla, heina ja muude materjalide kopeerimiseks, t\u00f5stmiseks ja transportimiseks. Nende vastupidav konstruktsioon v\u00f5imaldab neil k\u00e4sitseda m\u00e4rkimisv\u00e4\u00e4rseid koormusi, mis on oluline p\u00f5llumajandust\u00f6\u00f6des, kus efektiivsus ja t\u00f6\u00f6kindlus on esmat\u00e4htsad.<\/p>\n<h3>Ekskavaatorid<\/h3>\n<p>Noole silinder v\u00f5imaldab kopal t\u00f5husalt pinnasesse tungida, h\u00f5lbustades kaevamistoiminguid. See funktsioon on \u00fclioluline selliste t\u00f6\u00f6de puhul nagu kraavide kaevamine, platsi ettevalmistamine ja muud kaevet\u00f6\u00f6d, tagades, et operaatorid saavad oma \u00fclesandeid t\u00f5husalt t\u00e4ita.<\/p>\n<h3>Laadurid<\/h3>\n<p>Esilaaduritel aitavad noolesilindrid koormaid t\u00f5husalt t\u00f5sta ja t\u00fchjendada. Nende h\u00fcdrauliline j\u00f5ud v\u00f5imaldab operaatoritel raskeid koormaid h\u00f5lpsalt k\u00e4sitseda, parandades tootlikkust t\u00f6\u00f6objektidel, kus on vaja kiiret materjali k\u00e4itlemist.<\/p>\n<h2>Projekteerimiskaalutlused ja valikustandardid<\/h2>\n<h3>Kandev\u00f5ime<\/h3>\n<p>Poomi silindri kandev\u00f5ime on selle konstruktsioonis kriitilise t\u00e4htsusega tegur, kuna see peab suutma kanda k\u00e4ideldavate materjalide raskust ilma purunemise riskita. Tootjad viivad sageli l\u00e4bi rangeid katseid, et tagada oma silindrite ohutu taluvus kindlaksm\u00e4\u00e4ratud koormustele.<\/p>\n<h3>Tihendi terviklikkus<\/h3>\n<p>T\u00f5hus tihendus on \u00fclioluline h\u00fcdraulilise vedeliku lekete v\u00e4ltimiseks, mis v\u00f5ivad v\u00e4hendada efektiivsust ja tekitada potentsiaalseid ohte. H\u00e4sti disainitud poomi silinder sisaldab kvaliteetseid ja vastupidavatest materjalidest tihendeid, mis tagavad pikaajalise j\u00f5udluse ja t\u00f6\u00f6kindluse.<\/p>\n<h3>Vastupidavus<\/h3>\n<p>Vastupidavus on disainimisel oluline kaalutlus, kuna noole silindrid puutuvad sageli kokku karmide tingimustega. Tootjad kasutavad kulumis- ja korrosioonikindluse suurendamiseks kvaliteetseid materjale ja t\u00e4iustatud ehitustehnikaid, pikendades toote eluiga.<\/p>\n<h3>Ohutus<\/h3>\n<p>Poomi silindrite projekteerimisel on ohutusfunktsioonid \u00fcliolulised. Nende hulka v\u00f5ivad kuuluda \u00fcler\u00f5huventiilid ja rikkekaitsed, mis tagavad s\u00fcsteemi t\u00f6\u00f6 ohutute parameetrite piires, ennetades \u00f5nnetusi t\u00f6\u00f6tamise ajal.<\/p>\n<h3>Hoolduse ligip\u00e4\u00e4setavus<\/h3>\n<p>Poomi silindrite projekteerimine hooldust silmas pidades on pikaealisuse tagamiseks \u00fclioluline. Ligip\u00e4\u00e4setavad komponendid v\u00f5imaldavad h\u00f5lpsamat kontrollimist, remonti ja varuosade vahetamist, minimeerides masinate seisakuid.<\/p>\n<p><img decoding=\"async\" src=\"https:\/\/www.hydraulic-cylinders.net\/wp-content\/uploads\/2025\/04\/songte-oil-pipes-and-spare-parts.webp\" alt=\"\u00d5litorud ja varuosad\"><\/p>\n<h2>Tihendus ja m\u00e4\u00e4rimine<\/h2>\n<p>Poomi silindrite t\u00f5husaks toimimiseks on oluline korralik tihendamine ja m\u00e4\u00e4rimine. Tiheda tihendi tagamiseks ja h\u00fcdraulilise vedeliku lekete v\u00e4ltimiseks kasutatakse mitmesuguseid tihenduskomponente, n\u00e4iteks kolvi- ja varrastihendeid. Tootjad kasutavad tihendite jaoks sageli pol\u00fcuretaan- v\u00f5i nitriilkummi nende kulumiskindluse ja vastupidavuse t\u00f5ttu. Silindri korpus ja keermestatud otsad on peenelt t\u00f6\u00f6deldud, et suurendada kulumiskindlust, mis on pikaajalise kasutamise jaoks \u00fclioluline. Sujuva t\u00f6\u00f6 s\u00e4ilitamiseks ja kulumise v\u00e4ltimiseks on vaja regulaarset m\u00e4\u00e4rimist h\u00fcdraulika\u00f5liga.<\/p>\n<h2>Regulaarne kontroll ja ennetav hooldus<\/h2>\n<ul>\n<li><strong>Regulaarsed kontrollid:<\/strong> Kontrollige sageli kulumis-, lekete- v\u00f5i kahjustuste m\u00e4rke. Nende probleemide varajane avastamine aitab \u00e4ra hoida suuremaid probleeme ja kulukaid remondit\u00f6id.<\/li>\n<li><strong>Sobiv m\u00e4\u00e4rimine:<\/strong> Veenduge, et h\u00fcdraulika\u00f5li tase on piisav ja \u00f5li on puhas. See hoiab \u00e4ra h\u00f5\u00f5rdumise ja pikendab silindri eluiga.<\/li>\n<li><strong>Tihendi vahetamine:<\/strong> Kontrollige regulaarselt tihendeid kulumise suhtes ja vahetage need vastavalt vajadusele, et s\u00e4ilitada h\u00fcdrauliline efektiivsus ja v\u00e4ltida lekkeid.<\/li>\n<\/ul>\n<h2>Paigaldusjuhised<\/h2>\n<p>Poomi silindri \u00f5ige paigaldamine on optimaalse j\u00f5udluse saavutamiseks \u00fclioluline. Alustage veendumaks, et t\u00f6\u00f6ala on puhas ja prahist vaba. Joondage silinder \u00f5igesti ja kinnitage see sobivate kinnitusklambrite abil. Veenduge, et k\u00f5ik h\u00fcdraulilised \u00fchendused on tihedad ja lekkevabad. P\u00e4rast paigaldamist tehke funktsioonitest, et veenduda silindri sujuvas ja t\u00f5husas t\u00f6\u00f6s. J\u00e4lgige paigaldust regulaarselt joondamise v\u00f5i kulumise m\u00e4rkide suhtes.<\/p>\n<h2>Levinumad hooldust\u00f6\u00f6d<\/h2>\n<ul>\n<li><strong>Regulaarsed kontrollid:<\/strong> Tehke rutiinseid kontrolle, et kulumine v\u00f5i kahjustused varakult tuvastada. See ennetav l\u00e4henemisviis aitab s\u00e4ilitada silindri t\u00f6\u00f6korras olekut.<\/li>\n<li><strong>\u00d5ige m\u00e4\u00e4rimine:<\/strong> Hoidke h\u00fcdraulika\u00f5li taset ja veenduge, et \u00f5li on puhas. N\u00f5uetekohane m\u00e4\u00e4rimine v\u00e4hendab kulumist ja parandab j\u00f5udlust.<\/li>\n<li><strong>Tihendi vahetamine ja kalibreerimise kontrollimine:<\/strong> Lekete v\u00e4ltimiseks hinnake perioodiliselt tihendite seisukorda ja vahetage need vastavalt vajadusele v\u00e4lja. Regulaarne kalibreerimine tagab silindri t\u00f6\u00f6tamise etten\u00e4htud parameetrite piires.<\/li>\n<\/ul>\n<h2>Ohutuskaalutlused ja keskkonnategurid<\/h2>\n<p>Poomisilindrite kasutamisel on oluline seada esikohale ohutus. Veenduge, et k\u00f5ik operaatorid oleksid koolitatud ohutu k\u00e4sitsemise tavade osas ja m\u00f5istaksid h\u00fcdraulikas\u00fcsteemidega seotud riske. Ohutusmeetmete rakendamine, n\u00e4iteks kaitsevarustuse kandmine ja regulaarsete ohutusauditite l\u00e4biviimine, aitab minimeerida \u00f5nnetusi ja vigastusi.<\/p>\n<h2>Rikete diagnoosimine ja levinud probleemid<\/h2>\n<ul>\n<li><strong>H\u00fcdraulilised lekked:<\/strong> Levinud probleemide hulka kuuluvad lekked tihenduspunktides, mis v\u00f5ivad viia j\u00f5udluse v\u00e4henemiseni. Kontrollige tihendeid regulaarselt kulumisj\u00e4lgede suhtes.<\/li>\n<li><strong>Aeglane liikumine:<\/strong> Kui silinder t\u00f6\u00f6tab aeglaselt, v\u00f5ib see viidata madalale h\u00fcdraulikavedeliku tasemele v\u00f5i \u00f5hu olemasolule s\u00fcsteemis. Kontrollige vedeliku taset ja \u00f5hutage s\u00fcsteemi vastavalt vajadusele.<\/li>\n<li><strong>Ebatavalised helid:<\/strong> T\u00f6\u00f6tamise ajal tekkivad m\u00fcrad v\u00f5ivad viidata sisemistele kahjustustele v\u00f5i ebapiisavale m\u00e4\u00e4rimisele. Uurige k\u00f5iki ebatavalisi helisid ja k\u00f5rvaldage need kohe.<\/li>\n<\/ul>\n<h2>Veaotsingu n\u00e4pun\u00e4ited<\/h2>\n<p>Poomi silindrite probleemide t\u00f5husaks diagnoosimiseks ja lahendamiseks alustage s\u00fcmptomite j\u00e4lgimisest. Lekete \u00f5igeaegne k\u00f5rvaldamine aitab v\u00e4ltida edasisi kahjustusi ja v\u00e4hendada tegevuskulusid. Regulaarne hooldus, sealhulgas tihendite ja m\u00e4\u00e4rimise kontrollimine, aitab \u00e4ra hoida paljude levinud probleemide tekkimist.<\/p>\n<p><img decoding=\"async\" src=\"https:\/\/www.hydraulic-cylinders.net\/wp-content\/uploads\/2025\/04\/songte-bushings-with-all-kinds-of-excavator-models.webp\" alt=\"Ekskavaatorite puksid\"><\/p>\n<h2>Meie ettev\u00f5ttest<\/h2>\n<p>Oleme juhtiv asendush\u00fcdrauliliste silindrite tootja, pakkudes laia tootevalikut, mis positsioneerib meid nii sise- kui ka rahvusvahelistel turgudel teerajajaks. Meie p\u00fchendumust erakordsele kvaliteedile toetab t\u00e4iustatud tootmisstrateegia ja keskendumine \u00fclit\u00e4psele tootmisjuhtimisele. Oskusliku tehnilise personali, t\u00e4iustatud digitaalsete tootmisseadmete ja professionaalsete testimiss\u00fcsteemide abil t\u00e4iustame pidevalt oma tootmisv\u00f5imalusi. Meie t\u00f5hus, t\u00e4pne ja kvaliteetne l\u00e4henemine v\u00f5imaldab meil t\u00f5husalt rahuldada klientide mitmekesiseid vajadusi.<\/p>\n<p><img decoding=\"async\" src=\"https:\/\/www.hydraulic-cylinders.net\/wp-content\/uploads\/2025\/04\/songte-company-4.webp\" alt=\"Ettev\u00f5tte \u00fclevaade\"><br \/>\n<img decoding=\"async\" src=\"https:\/\/www.hydraulic-cylinders.net\/wp-content\/uploads\/2025\/04\/songte-company-3.webp\" alt=\"Tootmis\u00fcksus\"><\/p>\n<p>Autor: lyl<\/p>","protected":false},"excerpt":{"rendered":"<p>Boom Cylinder For XGMA Wheel Excavator XG815W Introduction to Boom Cylinder The boom cylinder is a vital component of heavy machinery, particularly in excavators, backhoe loaders, and front loaders. It is a type of hydraulic cylinder specifically designed to control the movement of the bucket, allowing it to lift, lower, and tilt as needed for [&hellip;]<\/p>","protected":false},"featured_media":17875,"comment_status":"open","ping_status":"closed","template":"","meta":{"_et_pb_use_builder":"","_et_pb_old_content":"","_et_gb_content_width":""},"product_brand":[],"product_cat":[1546],"product_tag":[1547,1496],"class_list":{"0":"post-19325","1":"product","2":"type-product","3":"status-publish","4":"has-post-thumbnail","6":"product_cat-boom-cylinders","7":"product_tag-boom-cylinders","8":"product_tag-hydraulic-cylinders","10":"first","11":"instock","12":"shipping-taxable","13":"product-type-simple"},"amp_enabled":true,"_links":{"self":[{"href":"https:\/\/www.hydraulic-cylinders.net\/et\/wp-json\/wp\/v2\/product\/19325","targetHints":{"allow":["GET"]}}],"collection":[{"href":"https:\/\/www.hydraulic-cylinders.net\/et\/wp-json\/wp\/v2\/product"}],"about":[{"href":"https:\/\/www.hydraulic-cylinders.net\/et\/wp-json\/wp\/v2\/types\/product"}],"replies":[{"embeddable":true,"href":"https:\/\/www.hydraulic-cylinders.net\/et\/wp-json\/wp\/v2\/comments?post=19325"}],"wp:featuredmedia":[{"embeddable":true,"href":"https:\/\/www.hydraulic-cylinders.net\/et\/wp-json\/wp\/v2\/media\/17875"}],"wp:attachment":[{"href":"https:\/\/www.hydraulic-cylinders.net\/et\/wp-json\/wp\/v2\/media?parent=19325"}],"wp:term":[{"taxonomy":"product_brand","embeddable":true,"href":"https:\/\/www.hydraulic-cylinders.net\/et\/wp-json\/wp\/v2\/product_brand?post=19325"},{"taxonomy":"product_cat","embeddable":true,"href":"https:\/\/www.hydraulic-cylinders.net\/et\/wp-json\/wp\/v2\/product_cat?post=19325"},{"taxonomy":"product_tag","embeddable":true,"href":"https:\/\/www.hydraulic-cylinders.net\/et\/wp-json\/wp\/v2\/product_tag?post=19325"}],"curies":[{"name":"wp","href":"https:\/\/api.w.org\/{rel}","templated":true}]}}