{"id":19381,"date":"2025-04-07T06:31:22","date_gmt":"2025-04-07T06:31:22","guid":{"rendered":"https:\/\/www.hydraulic-cylinders.net\/product\/boom-cylinder-for-jonyang-small-excavator-jy623e\/"},"modified":"2025-04-07T06:31:25","modified_gmt":"2025-04-07T06:31:25","slug":"boom-cylinder-for-jonyang-small-excavator-jy623e","status":"publish","type":"product","link":"https:\/\/www.hydraulic-cylinders.net\/et\/toode\/boom-cylinder-for-jonyang-small-excavator-jy623e\/","title":{"rendered":"Jonyangi v\u00e4ikese ekskavaatori JY623E poomi silinder"},"content":{"rendered":"<h1>Jonyangi v\u00e4ikese ekskavaatori JY623E poomi silinder<\/h1>\n<h2>Kopasilindri definitsioon ja \u00fclevaade<\/h2>\n<p>Noole silinder, mida nimetatakse ka kopa silindriks, on h\u00fcdros\u00fcsteemide, eriti raskete masinate puhul, oluline komponent. See on spetsiaalselt loodud koppade liikumise juhtimiseks sellistes seadmetes nagu ekskavaatorid, laadurid ja esilaadurid. See h\u00fcdrosilinder v\u00f5imaldab koppal t\u00f5usta, langetada ja kallutada, h\u00f5lbustades t\u00f5husaid materjalik\u00e4itlust\u00f6id.<\/p>\n<p>H\u00fcdraulilise silindri t\u00fc\u00fcbina muundab kopa silinder h\u00fcdraulilise energia mehaaniliseks energiaks, v\u00f5imaldades masinaoperaatoritel sujuvalt t\u00e4ita mitmesuguseid kaevamis-, t\u00f5ste- ja transpordit\u00f6id. Nende silindrite disain on \u00fclioluline, et tagada nende vastupidavus rasketele t\u00f6\u00f6dele, maksimeerides tootlikkust ja v\u00e4hendades hooldusvajadust.<\/p>\n<p><img decoding=\"async\" src=\"https:\/\/www.hydraulic-cylinders.net\/wp-content\/uploads\/2025\/04\/songte-company-1.webp\" alt=\"Ekskavaatori poomi silinder\" \/><\/p>\n<h2>Poomi silindri omadused<\/h2>\n<ul>\n<li>\n<h3>Suur tugevus ja vastupidavus<\/h3>\n<p>    Tavaliselt \u00fclitugevast terasest v\u00f5i alumiiniumist valmistatud silindrid taluvad k\u00f5rget r\u00f5hku ja suuri koormusi. Need on loodud vastu pidama karmidele t\u00f6\u00f6keskkondadele, keskendudes kulumiskindlusele ja korrosioonikaitsele, pikendades nende eluiga.<\/li>\n<li>\n<h3>T\u00f5hus h\u00fcdrauliline t\u00f6\u00f6<\/h3>\n<p>    H\u00fcdraulika\u00f5li r\u00f5hku kasutades v\u00f5imaldab poomi silinder sujuvat pikendamist ja tagasit\u00f5mbamist. See reageerib operaatori k\u00e4sklustele kiiresti, pakkudes tugevat t\u00f5uke- ja t\u00f5mbej\u00f5udu, mis sobib raskete esemete ja keerukate t\u00f6\u00f6de k\u00e4sitsemiseks.<\/li>\n<li>\n<h3>Mitmekesised t\u00fc\u00fcbid<\/h3>\n<p>    Poomi silindrid on saadaval erinevates konfiguratsioonides, et need vastaksid erinevatele t\u00f6\u00f6n\u00f5uetele. Valikute hulka kuuluvad \u00fchetoimelised silindrid (t\u00f6\u00f6tavad \u00fches suunas) ja kahetoimelised silindrid (t\u00f6\u00f6tavad m\u00f5lemas suunas). M\u00f5ned mudelid on teleskoopilised, mis v\u00f5imaldavad suuremat pikendust ilma v\u00e4lism\u00f5\u00f5tmeid suurendamata, mis sobib ideaalselt piiratud ruumiga rakenduste jaoks.<\/li>\n<li>\n<h3>Kohandatud tootmine<\/h3>\n<p>    Meie tootmisv\u00f5imalused v\u00f5imaldavad meil toota poomi silindreid, mis asendavad ideaalselt olemasolevaid h\u00fcdrosilindreid, tagades \u00fchilduvuse ja j\u00f5udluse.<\/li>\n<li>\n<h3>Kvaliteedi tagamine<\/h3>\n<p>    Meie tooted l\u00e4bivad range kvaliteedikontrolli protsessi, et tagada nende vastavus t\u00f6\u00f6stusstandarditele ja usaldusv\u00e4\u00e4rne j\u00f5udlus n\u00f5udlikes \u00fclesannetes.<\/li>\n<\/ul>\n<p><img decoding=\"async\" src=\"https:\/\/www.hydraulic-cylinders.net\/wp-content\/uploads\/2025\/04\/songte-cylinder-head-with-all-kinds-excavator-models.webp\" alt=\"Ekskavaatori mudelid\" \/><\/p>\n<h2>Poomi silindri rakendused<\/h2>\n<ul>\n<li>\n<h3>Ehitustehnika<\/h3>\n<p>    Ekskavaatorites on noolesilindrid kriitilise t\u00e4htsusega pinnase v\u00f5i prahi kaevamiseks, laadimiseks ja teisaldamiseks. Need h\u00f5lbustavad kopa liikumist, v\u00f5imaldades operaatoritel materjale t\u00f5husalt kaevata ja transportida. Nende v\u00f5ime pakkuda t\u00e4pset juhtimist muudab need ehitust\u00f6\u00f6del asendamatuks, tagades projektide \u00f5igeaegse ja t\u00e4pse valmimise.<\/h3>\n<\/li>\n<li>\n<h3>P\u00f5llumajandustehnika<\/h3>\n<p>    Esilaadurites on noolesilindrid h\u00e4davajalikud mulla, heina ja muude materjalide kopeerimiseks, t\u00f5stmiseks ja transportimiseks. Need silindrid parandavad p\u00f5llumajandustehnika funktsionaalsust, parandades oluliselt p\u00f5llumajandust\u00f6\u00f6de tootlikkust. Nende vastupidavus tagab, et need taluvad raskete koormatega t\u00f6\u00f6tamise koormust erinevatel maastikel.<\/h3>\n<\/li>\n<li>\n<h3>Kaevamised<\/h3>\n<p>    Noole silinder v\u00f5imaldab ekskavaatori kopal t\u00f5husalt pinnasesse tungida. See v\u00f5ime on \u00fclioluline vundamentide, kraavide ja muude kaevet\u00f6\u00f6de puhul. Silindri pakutav h\u00fcdrauliline j\u00f5ud aitab \u00fcletada pinnase takistust, muutes kaevamisprotsessi t\u00f5husamaks.<\/h3>\n<\/li>\n<li>\n<h3>Laadurid<\/h3>\n<p>    Frontaallaadurites aitavad need silindrid koormaid t\u00f5husalt t\u00f5sta ja t\u00fchjendada. Poomi silindri konstruktsioon v\u00f5imaldab kiiret ja sujuvat t\u00f6\u00f6d, v\u00f5imaldades operaatoritel materjale t\u00f5husalt k\u00e4sitseda ilma masinat koormamata.<\/h3>\n<\/li>\n<\/ul>\n<h2>Projekteerimiskaalutlused ja valikukriteeriumid<\/h2>\n<ul>\n<li>\n<h3>Kandev\u00f5ime<\/h3>\n<p>    Poomi silindri kandev\u00f5ime on \u00fcks olulisemaid projekteerimiskaalutlusi. See peab suutma taluda seadme t\u00f5stetava v\u00f5i liigutatava maksimaalset raskust. Koormusn\u00f5uete n\u00f5uetekohane hindamine tagab silindri ohutu ja t\u00f5husa toimimise ilma rikkeohuta.<\/h3>\n<\/li>\n<li>\n<h3>Tihendus<\/h3>\n<p>    T\u00f5hus tihendamine on oluline h\u00fcdraulilise vedeliku lekete v\u00e4ltimiseks, mis v\u00f5ivad p\u00f5hjustada j\u00f5udlusprobleeme ja keskkonnaohte. H\u00fcdraulilise r\u00f5hu ja s\u00fcsteemi efektiivsuse s\u00e4ilitamiseks on vajalikud vastupidavatest materjalidest valmistatud kvaliteetsed tihendid. Tihendite tervete ja n\u00f5uetekohase toimimise tagamiseks tuleks regulaarselt kontrollida.<\/h3>\n<\/li>\n<li>\n<h3>Vastupidavus<\/h3>\n<p>    Silindri konstruktsioon peab olema piisavalt vastupidav, et taluda rasket kasutamist. Kulumis- ja korrosioonikindlad materjalid on toote eluea pikendamiseks kriitilise t\u00e4htsusega. \u00d5ige materjalivalik ja pinnat\u00f6\u00f6tlus v\u00f5ivad parandada vastupidavust ja j\u00f5udlust n\u00f5udlikes rakendustes.<\/h3>\n<\/li>\n<li>\n<h3>Ohutus<\/h3>\n<p>    Ohutusfunktsioonid, n\u00e4iteks \u00fcler\u00f5huventiilid ja \u00fclekoormuse v\u00e4ltimiseks vajalik konstruktsioon, on olulised nii masina kui ka operaatori kaitsmiseks. Ohutusprotokollid tuleks konstruktsiooni integreerida, et minimeerida t\u00f6\u00f6 ajal tekkivaid riske.<\/h3>\n<\/li>\n<li>\n<h3>Hooldus<\/h3>\n<p>    H\u00e4sti disainitud noole silinder peaks h\u00f5lbustama hooldust. See h\u00f5lmab ligip\u00e4\u00e4su osade kontrollimiseks ja vahetamiseks, samuti lihtsaid m\u00e4\u00e4rimisprotseduure optimaalse j\u00f5udluse tagamiseks. Hoolduss\u00f5bralikud konstruktsioonid aitavad pikendada silindri eluiga ja v\u00e4hendada seisakuid.<\/h3>\n<\/li>\n<\/ul>\n<p><img decoding=\"async\" src=\"https:\/\/www.hydraulic-cylinders.net\/wp-content\/uploads\/2025\/04\/songte-oil-pipes-and-spare-parts.webp\" alt=\"H\u00fcdraulilised komponendid\" \/><\/p>\n<h2>Poomi silindri tihendamine ja m\u00e4\u00e4rimine<\/h2>\n<p>T\u00f5hus tihendamine on h\u00fcdrauliliste silindrite n\u00f5uetekohaseks toimimiseks \u00fclioluline. H\u00fcdraulilise vedeliku lekke v\u00e4ltimisel m\u00e4ngivad olulist rolli erinevat t\u00fc\u00fcpi tihendid, n\u00e4iteks kolvitihendid ja varrastihendid. Eelistatakse pol\u00fcuretaanist ja nitriilkummist valmistatud tihendeid nende kulumiskindluse ja vastupidavuse t\u00f5ttu.<\/p>\n<p>Silindri korpus ja keermestatud otsapinnad l\u00e4bivad peent\u00f6\u00f6tluse, et suurendada kulumiskindlust, tagades tihendite terviklikkuse s\u00e4ilimise k\u00f5rge r\u00f5hu ja raskete koormuste korral. Regulaarne m\u00e4\u00e4rimine piisava koguse h\u00fcdraulika\u00f5liga on oluline, et minimeerida liikuvate osade h\u00f5\u00f5rdumist ja kulumist, aidates kaasa silindri \u00fcldisele efektiivsusele ja pikaealisusele. \u00d5litaseme kontrollimise ja vajaduse korral \u00f5li lisamise rutiini kehtestamine on optimaalse j\u00f5udluse s\u00e4ilitamiseks \u00fclioluline.<\/p>\n<h2>Regulaarsed kontrollid ja ennetavad hooldusmeetmed<\/h2>\n<ul>\n<li>\n<h3>Rutiinsed kontrollid<\/h3>\n<p>    Poomi silindri regulaarne kontroll on oluline, et tuvastada v\u00f5imalikke probleeme enne nende s\u00fcvenemist. Kulumis-, lekete- v\u00f5i kahjustuste m\u00e4rke kontrollides saate s\u00e4ilitada silindri j\u00f5udlust ja ohutust. Operaatorid peaksid olema koolitatud visuaalse kontrolli l\u00e4biviimiseks ja k\u00f5ikidest k\u00f5rvalekalletest teatamiseks.<\/h3>\n<\/li>\n<li>\n<h3>\u00d5ige m\u00e4\u00e4rimine<\/h3>\n<p>    Piisava m\u00e4\u00e4rimise tagamine on kriitilise t\u00e4htsusega sisemiste komponentide h\u00f5\u00f5rdumise ja kulumise v\u00e4hendamiseks. Operaatorid peaksid sujuva t\u00f6\u00f6 s\u00e4ilitamiseks ja \u00fclekuumenemise v\u00e4ltimiseks j\u00e4rgima juhiseid sobiva t\u00fc\u00fcpi ja koguse h\u00fcdraulika\u00f5li pealekandmiseks.<\/h3>\n<\/li>\n<li>\n<h3>Tihendi vahetamine<\/h3>\n<p>    Tihendid on kulumisele vastuv\u00f5tlikud ja v\u00f5ivad vajada perioodilist vahetamist. Lekete v\u00e4ltimiseks ja h\u00fcdraulilise r\u00f5hu s\u00e4ilitamiseks on oluline j\u00e4lgida nende seisukorda ja vajadusel vahetada. H\u00e4sti planeeritud vahetusgraafik suurendab poomi silindri t\u00f6\u00f6kindlust.<\/h3>\n<\/li>\n<\/ul>\n<h2>Paigaldusjuhised<\/h2>\n<p>Poomi silindri \u00f5ige paigaldamine on optimaalse j\u00f5udluse ja ohutuse tagamiseks \u00fclioluline. Alustage silindri joondamisest kinnitusklambritega, veendudes, et see on \u00f5igesti orienteeritud, et v\u00e4ltida t\u00f6\u00f6tamise ajal valesti joondamist. Sobivate kinnitusdetailide ja klambrite kasutamine aitab silindrit paigal kinnitada, v\u00e4hendades rikkeohtu.<\/p>\n<p>Paigaldamise ajal on oluline s\u00e4ilitada silindri \u00fcmber piisav vahe, et tagada t\u00e4ielik liikumisulatus ilma takistusteta. P\u00e4rast silindri kinnitamist kontrollige, kas esineb kinnikiilumise v\u00f5i h\u00f5\u00f5rdumise m\u00e4rke. Enne masina t\u00e4ielikku t\u00f6\u00f6lepanekut on soovitatav teha testk\u00e4ivitus, et veenduda silindri sujuvas toimimises.<\/p>\n<p>Nende paigaldusjuhiste j\u00e4rgimine aitab tagada poomi silindri t\u00f5husa toimimise, aidates kaasa masina \u00fcldisele efektiivsusele.<\/p>\n<h2>Levinumad hooldust\u00f6\u00f6d<\/h2>\n<ul>\n<li>\n<h3>Regulaarsed kontrollid<\/h3>\n<p>    Rutiinsete kontrollide l\u00e4biviimine on probleemide varajaseks tuvastamiseks h\u00e4davajalik. Operaatorid peaksid tutvuma ballooni t\u00f6\u00f6ga ja seda regulaarselt kontrollima lekete, kulumise v\u00f5i muude kahjustuste suhtes.<\/h3>\n<\/li>\n<li>\n<h3>\u00d5ige m\u00e4\u00e4rimine<\/h3>\n<p>    N\u00f5uetekohase m\u00e4\u00e4rimise s\u00e4ilitamine on poomi silindri t\u00f5husa t\u00f6\u00f6 jaoks kriitilise t\u00e4htsusega. H\u00fcdraulika\u00f5li taseme regulaarne kontrollimine ja vajadusel lisamine aitab v\u00e4ltida h\u00f5\u00f5rdumist ja \u00fclekuumenemist, parandades j\u00f5udlust.<\/h3>\n<\/li>\n<li>\n<h3>Tihendi vahetamine ja kalibreerimise kontrollimine<\/h3>\n<p>    Tihendid tuleks j\u00e4lgida ja kulumise ilmnemisel v\u00e4lja vahetada. Lisaks tagavad perioodilised kalibreerimiskontrollid, et silinder t\u00f6\u00f6tab etten\u00e4htud parameetrite piires, aidates kaasa masina ohutusele ja j\u00f5udlusele.<\/h3>\n<\/li>\n<\/ul>\n<p><img decoding=\"async\" src=\"https:\/\/www.hydraulic-cylinders.net\/wp-content\/uploads\/2025\/04\/songte-chushion-collar.webp\" alt=\"Padjakaelus\" \/><\/p>\n<h2>Ohutuskaalutlused ja keskkonnategurid<\/h2>\n<p>H\u00fcdrauliliste masinate k\u00e4itamisel on ohutusmeetmed \u00fcliolulised. Operaatorite n\u00f5uetekohane v\u00e4lja\u00f5pe, ohutusprotokollide j\u00e4rgimine ja h\u00fcdrauliliste s\u00fcsteemidega seotud v\u00f5imalike ohtude teadvustamine on \u00f5nnetuste v\u00e4ltimiseks olulised. Isikukaitsevahendite (IKV) kasutamist tuleks alati tagada, et operaatorid oleksid v\u00f5imalike ohtude eest kaitstud.<\/p>\n<p>Lisaks ohutusele peaksid prioriteediks olema keskkonnakaalutlused. H\u00fcdrauliliste vedelike n\u00f5uetekohase hoidmise ja k\u00e4itlemise tagamine minimeerib lekete ja saastumise ohtu. Keskkonnas\u00f5bralike tavade rakendamine hoolduses ja k\u00e4itamises suurendab j\u00e4tkusuutlikkust ja v\u00e4hendab h\u00fcdraulikas\u00fcsteemide keskkonnam\u00f5ju.<\/p>\n<h2>Rikete diagnoosimine ja levinud probleemid<\/h2>\n<ul>\n<li>\n<h3>Lekkivad tihendid<\/h3>\n<p>    \u00dcks levinud probleem on h\u00fcdraulikavedeliku leke kulunud tihendite t\u00f5ttu. Operaatorid peaksid j\u00e4lgima lekke m\u00e4rke ja nendega viivitamatult tegelema, et s\u00e4ilitada j\u00f5udlus ja v\u00e4ltida keskkonna saastumist.<\/h3>\n<\/li>\n<li>\n<h3>Ebapiisav sooritus<\/h3>\n<p>    Kui poomi silinder ei t\u00f6\u00f6ta ootusp\u00e4raselt, v\u00f5ib see viidata probleemidele nagu ebapiisav h\u00fcdraulika\u00f5li v\u00f5i sisemine kulumine. Vedeliku taseme ja seisukorra regulaarne kontrollimine aitab neid probleeme enne nende s\u00fcvenemist leevendada.<\/h3>\n<\/li>\n<li>\n<h3>\u00dclekuumenemine<\/h3>\n<p>    \u00dclekuumenemine v\u00f5ib tekkida liigse h\u00f5\u00f5rdumise v\u00f5i ebapiisava m\u00e4\u00e4rimise t\u00f5ttu. Operaatorid peaksid tagama n\u00f5uetekohaste m\u00e4\u00e4rimistavade j\u00e4rgimise ja j\u00e4lgima t\u00f6\u00f6 ajal temperatuuri, et v\u00e4ltida kahjustusi.<\/h3>\n<\/li>\n<\/ul>\n<h2>Veaotsingu n\u00e4pun\u00e4ited ja lahendused<\/h2>\n<p>Poomi silindri probleemide t\u00f5husaks diagnoosimiseks ja lahendamiseks peaksid operaatorid j\u00e4rgima j\u00e4rgmisi samme: esiteks kontrollige n\u00e4htavaid kahjustusi v\u00f5i lekkeid. Eemaldage lekkivad tihendid kohe, et taastada \u00f5ige h\u00fcdrauliline r\u00f5hk. Teiseks kontrollige h\u00fcdraulikavedeliku taset ja lisage vastavalt vajadusele, et v\u00e4ltida j\u00f5udlusprobleeme. L\u00f5puks veenduge, et m\u00e4\u00e4rimispraktikaid j\u00e4rgitakse, hoides k\u00f5ik liikuvad osad h\u00e4sti m\u00e4\u00e4ritud, et v\u00e4ltida \u00fclekuumenemist.<\/p>\n<p>Ennetava hooldusgraafiku rakendamine aitab minimeerida v\u00f5imalikke probleeme, tagades j\u00e4rjepideva j\u00f5udluse ja pikendades poomi silindri eluiga.<\/p>\n<p><img decoding=\"async\" src=\"https:\/\/www.hydraulic-cylinders.net\/wp-content\/uploads\/2025\/04\/songte-bushings-with-all-kinds-of-excavator-models.webp\" alt=\"Ekskavaatorimudelite puksid\" \/><\/p>\n<h2>Meie ettev\u00f5ttest<\/h2>\n<p>Oleme juhtiv asendush\u00fcdrauliliste silindrite tootja, pakkudes laia tootevalikut, et rahuldada mitmekesiseid turuvajadusi. Meie ettev\u00f5te on ennast t\u00f5estanud kui \u00fcks juhtivaid h\u00fcdrauliliste silindrite tootjaid ja hulgim\u00fc\u00fcjaid nii riigisiseselt kui ka rahvusvaheliselt. J\u00e4rgime tipptaseme p\u00f5him\u00f5tteid ja kasutame t\u00e4iustatud tootmisstrateegiat, mis integreerib t\u00e4iustatud tootmisjuhtimise.<\/p>\n<p>Meie tehniline talent, tipptasemel digitaliseeritud tootmisseadmed ja professionaalsed testimiss\u00fcsteemid t\u00e4iustavad pidevalt meie tootmisplatvormi. Oleme uhked oma innovatsiooniv\u00f5ime \u00fcle, pakkudes suurt t\u00f5husust, t\u00e4psust ja kvaliteeti, et rahuldada oma klientide mitmekesiseid n\u00f5udmisi.<\/p>\n<p>Pakume klientide rahulolu tagamiseks spetsialiseeritud teenuseid, rahvusvahelisi sertifikaate ja igak\u00fclgset m\u00fc\u00fcgij\u00e4rgset tuge. Meie p\u00fchendumus kvaliteedile ja tipptasemel teenindusele eristab meid h\u00fcdrauliliste silindrite turul.<\/p>\n<p><img decoding=\"async\" src=\"https:\/\/www.hydraulic-cylinders.net\/wp-content\/uploads\/2025\/04\/songte-company-4.webp\" alt=\"Ettev\u00f5tte \u00fclevaade\" \/><br \/>\n<img decoding=\"async\" src=\"https:\/\/www.hydraulic-cylinders.net\/wp-content\/uploads\/2025\/04\/songte-company-3.webp\" alt=\"Tootmis\u00fcksus\" \/><\/p>\n<p>Autor: lyl<\/p>","protected":false},"excerpt":{"rendered":"<p>Boom Cylinder For Jonyang Small Excavator JY623E Definition and Overview of the Bucket Cylinder The boom cylinder, also referred to as the bucket cylinder, is a vital component in hydraulic systems, especially in heavy machinery. It is specifically designed to control the movement of buckets in equipment such as excavators, backhoes, and front loaders. This [&hellip;]<\/p>","protected":false},"featured_media":17871,"comment_status":"open","ping_status":"closed","template":"","meta":{"_et_pb_use_builder":"","_et_pb_old_content":"","_et_gb_content_width":""},"product_brand":[],"product_cat":[1546],"product_tag":[1547,1496],"class_list":{"0":"post-19381","1":"product","2":"type-product","3":"status-publish","4":"has-post-thumbnail","6":"product_cat-boom-cylinders","7":"product_tag-boom-cylinders","8":"product_tag-hydraulic-cylinders","10":"first","11":"instock","12":"shipping-taxable","13":"product-type-simple"},"amp_enabled":true,"_links":{"self":[{"href":"https:\/\/www.hydraulic-cylinders.net\/et\/wp-json\/wp\/v2\/product\/19381","targetHints":{"allow":["GET"]}}],"collection":[{"href":"https:\/\/www.hydraulic-cylinders.net\/et\/wp-json\/wp\/v2\/product"}],"about":[{"href":"https:\/\/www.hydraulic-cylinders.net\/et\/wp-json\/wp\/v2\/types\/product"}],"replies":[{"embeddable":true,"href":"https:\/\/www.hydraulic-cylinders.net\/et\/wp-json\/wp\/v2\/comments?post=19381"}],"wp:featuredmedia":[{"embeddable":true,"href":"https:\/\/www.hydraulic-cylinders.net\/et\/wp-json\/wp\/v2\/media\/17871"}],"wp:attachment":[{"href":"https:\/\/www.hydraulic-cylinders.net\/et\/wp-json\/wp\/v2\/media?parent=19381"}],"wp:term":[{"taxonomy":"product_brand","embeddable":true,"href":"https:\/\/www.hydraulic-cylinders.net\/et\/wp-json\/wp\/v2\/product_brand?post=19381"},{"taxonomy":"product_cat","embeddable":true,"href":"https:\/\/www.hydraulic-cylinders.net\/et\/wp-json\/wp\/v2\/product_cat?post=19381"},{"taxonomy":"product_tag","embeddable":true,"href":"https:\/\/www.hydraulic-cylinders.net\/et\/wp-json\/wp\/v2\/product_tag?post=19381"}],"curies":[{"name":"wp","href":"https:\/\/api.w.org\/{rel}","templated":true}]}}