{"id":19402,"date":"2025-04-07T06:32:35","date_gmt":"2025-04-07T06:32:35","guid":{"rendered":"https:\/\/www.hydraulic-cylinders.net\/product\/boom-cylinder-for-ihi-small-excavator-ihi55nsl\/"},"modified":"2025-04-07T06:32:39","modified_gmt":"2025-04-07T06:32:39","slug":"boom-cylinder-for-ihi-small-excavator-ihi55nsl","status":"publish","type":"product","link":"https:\/\/www.hydraulic-cylinders.net\/et\/toode\/boom-cylinder-for-ihi-small-excavator-ihi55nsl\/","title":{"rendered":"IHI v\u00e4ikeekskavaatori poomi silinder IHI55NSL"},"content":{"rendered":"<h1>IHI v\u00e4ikeekskavaatori poomi silinder IHI55NSL<\/h1>\n<h2>Toote \u00fclevaade<\/h2>\n<p>IHI v\u00e4ikeekskavaatori IHI55NSL noole silinder on rasketehnika, eriti ekskavaatorite h\u00fcdros\u00fcsteemi oluline komponent. See h\u00fcdrosilinder on spetsiaalselt loodud kopa kinnituse liikumise juhtimiseks, v\u00f5imaldades operaatoritel kopa t\u00f5husalt t\u00f5sta, langetada ja kallutada erinevate materjalik\u00e4itlust\u00f6\u00f6de ajal. Kopa silindril on oluline roll ekskavaatorite efektiivsuse ja mitmek\u00fclgsuse suurendamisel, muutes selle asendamatuks t\u00f6\u00f6riistaks ehitus- ja mullat\u00f6\u00f6stust\u00f6\u00f6del.<\/p>\n<p><img decoding=\"async\" src=\"https:\/\/www.hydraulic-cylinders.net\/wp-content\/uploads\/2025\/04\/songte-company-1.webp\" alt=\"IHI v\u00e4ikeekskavaatori IHI55NSL noole silinder\" \/><\/p>\n<h3>Definitsioon ja funktsionaalsus<\/h3>\n<p>Kopa silinder on h\u00fcdraulilise silindri t\u00fc\u00fcp, mis h\u00f5lbustab materjalide kaevamiseks, t\u00f5stmiseks ja transportimiseks vajalikku t\u00e4pset liikumist. Selle t\u00f6\u00f6 p\u00f5hineb h\u00fcdraulilise r\u00f5hu p\u00f5him\u00f5tetel, mis t\u00e4hendab lineaarset liikumist. Kui r\u00f5hu all olev h\u00fcdraulikavedelik suunatakse silindrisse, surub see kolbi, pannes kopa liikuma vastavalt operaatori k\u00e4sklustele. See funktsioon v\u00f5imaldab kiiret ja t\u00f5husat t\u00f6\u00f6d, suurendades tootlikkust t\u00f6\u00f6platsidel.<\/p>\n<h2>Poomi silindri omadused<\/h2>\n<ul>\n<li><strong>Suur tugevus ja vastupidavus:<\/strong> Tavaliselt \u00fclitugevast terasest v\u00f5i alumiiniumist valmistatud poomi silinder on konstrueeritud taluma k\u00f5rget r\u00f5hku ja suuri koormusi, mist\u00f5ttu sobib see keeruliste t\u00f6\u00f6keskkondade jaoks. Selle disain arvestab kulumiskindluse ja korrosioonikaitsega, pikendades oluliselt selle t\u00f6\u00f6iga.<\/li>\n<li><strong>T\u00f5hus h\u00fcdrauliline t\u00f6\u00f6:<\/strong> H\u00fcdrauliline silinder kasutab sujuva ja tundliku pikenemise ja tagasit\u00f5mbamise tagamiseks h\u00fcdraulika\u00f5li r\u00f5hku, pakkudes m\u00e4rkimisv\u00e4\u00e4rseid t\u00f5uke- ja t\u00f5mbej\u00f5ude, mis sobivad ideaalselt raskete koormate k\u00e4sitsemiseks ja keerukate \u00fclesannete t\u00e4itmiseks.<\/li>\n<li><strong>T\u00fc\u00fcpide mitmekesisus:<\/strong> S\u00f5ltuvalt t\u00f6\u00f6vajadustest saavad kasutajad valida \u00fchetoimeliste (h\u00fcdraulilise r\u00f5hu kasutamine \u00fches suunas) ja kahetoimeliste (h\u00fcdraulilise r\u00f5hu rakendamine m\u00f5lemas suunas) silindrite vahel. M\u00f5ned mudelid on teleskoopilised, mis v\u00f5imaldavad suuremat ulatust ilma v\u00e4lism\u00f5\u00f5tmeid suurendamata, mis sobib ideaalselt piiratud ruumides kasutamiseks.<\/li>\n<li><strong>Kohandatud tootmine:<\/strong> Oleme spetsialiseerunud selle toote tootmisele, tagades, et meie silindrid suudavad ideaalselt asendada olemasolevaid h\u00fcdrosilindreid, s\u00e4ilitades \u00fchilduvuse ja j\u00f5udlusstandardid.<\/li>\n<li><strong>Mitmek\u00fclgsed rakendused:<\/strong> Poomi silindrit kasutatakse erinevates t\u00f6\u00f6stusharudes ja masinates, mist\u00f5ttu on see mitmesuguste t\u00f6\u00f6vajaduste jaoks kriitilise t\u00e4htsusega komponent.<\/li>\n<\/ul>\n<p><img decoding=\"async\" src=\"https:\/\/www.hydraulic-cylinders.net\/wp-content\/uploads\/2025\/04\/songte-cylinder-head-with-all-kinds-excavator-models.webp\" alt=\"Silindripea ekskavaatorimudelitega\" \/><\/p>\n<h2>Poomi silindri rakendused<\/h2>\n<h3>Ehitustehnika<\/h3>\n<p>Ehitusmasinate valdkonnas leidub noolesilindreid ekskavaatorites, kus need on olulised kaevamiseks, laadimiseks ja pinnase v\u00f5i prahi teisaldamiseks. Kopasilindri efektiivne t\u00f6\u00f6 v\u00f5imaldab t\u00e4pset kaevamiss\u00fcgavust ja t\u00f5husat materjali transporti, aidates kaasa sujuvamatele ehitusprotsessidele.<\/p>\n<h3>P\u00f5llumajandustehnika<\/h3>\n<p>P\u00f5llumajandusmasinate puhul m\u00e4ngib noole silinder esilaadurites keskset rolli, kuna see h\u00f5lbustab mulla, heina ja muude materjalide koputamist, t\u00f5stmist ja transportimist. V\u00f5imalus suuri materjalimahte kiiresti ja t\u00f5husalt hallata suurendab tootlikkust taludes ja p\u00f5llumajandusmaadel.<\/p>\n<h3>Ekskavaatorid<\/h3>\n<p>Ekskavaatorites v\u00f5imaldab noole silinder kopal pinnasesse tungida, teostades kaevamist\u00f6\u00f6de jaoks \u00fcliolulist kaevamistoimingut. Selle disain ja funktsionaalsus v\u00f5imaldavad operaatoritel \u00fclesandeid t\u00e4pselt t\u00e4ita, minimeerides \u00fcmbritsevate konstruktsioonide v\u00f5i kommunikatsioonide kahjustamise ohtu.<\/p>\n<h3>Laadurid<\/h3>\n<p>Frontaallaaduritel aitab noole silinder materjale t\u00f5husalt t\u00f5sta ja t\u00fchjendada. See v\u00f5ime on \u00fclioluline raskete koormate teisaldamisega seotud toimingute puhul, tagades, et operaatorid saavad \u00fclesandeid ohutult ja t\u00f5husalt t\u00e4ita ilma liigse k\u00e4sitsit\u00f6\u00f6ta.<\/p>\n<h2>Projekteerimiskaalutlused ja valikukriteeriumid<\/h2>\n<h3>Kandev\u00f5ime<\/h3>\n<p>\u00dcks peamisi kaalutlusi noole silindri valimisel on selle kandev\u00f5ime. Silinder peab suutma taluda maksimaalset raskust, millega see t\u00f6\u00f6 ajal kokku puutub. See n\u00f5uab h\u00fcdraulikas\u00fcsteemi spetsifikatsioonide ja eeldatava t\u00f6\u00f6koormuse hoolikat hindamist, et tagada optimaalne j\u00f5udlus ja ohutus.<\/p>\n<h3>Tihendi terviklikkus<\/h3>\n<p>H\u00fcdrauliliste silindrite puhul on tihendite terviklikkus \u00fclioluline, kuna t\u00f5husad tihendid hoiavad \u00e4ra vedeliku lekke ja hoiavad s\u00fcsteemis r\u00f5hu. Sobivad tihendusmaterjalid, n\u00e4iteks pol\u00fcuretaan ja nitriilkummi, on olulised vastupidavuse ja kulumiskindluse tagamiseks erinevates t\u00f6\u00f6tingimustes.<\/p>\n<h3>Vastupidavus<\/h3>\n<p>Vastupidavus on noolesilindrite projekteerimisel kriitilise t\u00e4htsusega tegur. Kasutatavad materjalid peavad vastu pidama mitte ainult t\u00f6\u00f6 mehaanilistele pingetele, vaid ka keskkonnateguritele, nagu niiskus, praht ja temperatuurik\u00f5ikumised. Kvaliteetsete materjalide ja kaitsekatete lisamine v\u00f5ib silindri eluiga oluliselt pikendada.<\/p>\n<h3>Turvaelemendid<\/h3>\n<p>H\u00fcdrauliliste komponentide projekteerimisel on ohutus esmat\u00e4htis. Poomi silindritel peaksid olema ohutusfunktsioonid, mis hoiavad \u00e4ra \u00fcleliigse sirutamise ja v\u00f5imalikud s\u00fcsteemirikked. Survekaitseventiilide rakendamine ja vastupidavate konstruktsioonimeetodite kasutamine aitab leevendada h\u00fcdrauliliste toimingutega seotud riske.<\/p>\n<h3>Hoolduse ligip\u00e4\u00e4setavus<\/h3>\n<p>L\u00f5puks on hoolduse lihtsus oluline projekteerimiskaalutlus. H\u00fcdraulilised silindrid peaksid olema konstrueeritud nii, et kriitilistele komponentidele oleks lihtne juurdep\u00e4\u00e4s kontrollimiseks, puhastamiseks ja parandamiseks. See tagab, et rutiinset hooldust saab t\u00f5husalt teha, pikendades seadmete eluiga ja minimeerides seisakuid.<\/p>\n<p><img decoding=\"async\" src=\"https:\/\/www.hydraulic-cylinders.net\/wp-content\/uploads\/2025\/04\/songte-oil-pipes-and-spare-parts.webp\" alt=\"\u00d5litorud ja varuosad\" \/><\/p>\n<h2>Tihendus ja m\u00e4\u00e4rimine<\/h2>\n<p>T\u00f5hus tihendamine ja m\u00e4\u00e4rimine on poomi silindrite optimaalse j\u00f5udluse tagamiseks h\u00e4davajalikud. H\u00fcdraulikavedeliku s\u00fcsteemis hoidmiseks kasutatakse mitmesuguseid tihenduselemente, sealhulgas kolvitihendeid ja vardatihendeid. Tihendusmaterjalide, n\u00e4iteks pol\u00fcuretaani ja nitriilkummi, valik on \u00fclioluline kulumiskindluse ja pikaealisuse tagamiseks karmides t\u00f6\u00f6tingimustes.<\/p>\n<p>Silindri korpus ja keermestatud otsad l\u00e4bivad t\u00e4pse t\u00f6\u00f6tlemise, et suurendada kulumiskindlust, tagades komponentide kindla sobivuse ja etten\u00e4htud viisil toimimise. Samuti on oluline regulaarselt sisse pritsida piisavas koguses h\u00fcdraulika\u00f5li m\u00e4\u00e4rimiseks, et s\u00e4ilitada sujuv t\u00f6\u00f6 ja v\u00e4ltida h\u00f5\u00f5rdumisega seotud probleeme.<\/p>\n<h2>Regulaarne kontroll ja ennetav hooldus<\/h2>\n<ul>\n<li><strong>Rutiinsed kontrollid:<\/strong> Poomi silindri regulaarne kontroll on oluline. Operaatorid peaksid kontrollima lekete, kahjustuste v\u00f5i ebatavaliste kulumismustrite suhtes. Probleemide varajane avastamine aitab \u00e4ra hoida suuremaid rikkeid ja kulukaid remonte.<\/li>\n<li><strong>\u00d5ige m\u00e4\u00e4rimine:<\/strong> Silindri piisav m\u00e4\u00e4rimine on selle j\u00f5udluse seisukohalt \u00fclioluline. Operaatorid peaksid j\u00e4rgima h\u00fcdraulika\u00f5li pealekandmise sageduse ja koguse juhiseid, et v\u00e4ltida enneaegset kulumist ja s\u00e4ilitada t\u00f6\u00f6 efektiivsus.<\/li>\n<li><strong>Tihendi vahetamine:<\/strong> Tihendid kuluvad aja jooksul ja vajavad perioodilist v\u00e4ljavahetamist. Tihendite seisukorra j\u00e4lgimine ja vajadusel v\u00e4ljavahetamine aitab v\u00e4ltida lekkeid ja s\u00e4ilitada s\u00fcsteemi r\u00f5hku.<\/li>\n<\/ul>\n<h2>Paigaldusjuhised<\/h2>\n<p>Poomi silindri \u00f5ige paigaldamine on selle j\u00f5udluse ja pikaealisuse jaoks kriitilise t\u00e4htsusega. Alustage veendumisest, et k\u00f5ik kinnituspinnad on puhtad ja prahist vabad. Asetage silinder masina olemasolevate kinnituspunktidega \u00f5iges asendis, kasutades selle kinnitamiseks sobivaid kinnitusklambreid.<\/p>\n<p>Oluline on kontrollida, et k\u00f5ik h\u00fcdraulilised \u00fchendused on tihedad ja lekkeid pole. P\u00e4rast paigaldamist \u00f5hutage s\u00fcsteem, et eemaldada \u00f5humullid ja tagada sujuv t\u00f6\u00f6. Optimaalse toimimise saavutamiseks j\u00e4rgige tootja spetsifikatsioone p\u00f6\u00f6rdemomentide s\u00e4tete ja h\u00fcdraulikavedeliku t\u00fc\u00fcpide kohta.<\/p>\n<h2>Hooldus\u00fclesanded<\/h2>\n<ul>\n<li><strong>Regulaarsed kontrollid:<\/strong> Kontrollige regulaarselt poomi silindri seisukorda. Otsige kulumise, lekete v\u00f5i joondamise m\u00e4rke ja lahendage k\u00f5ik probleemid viivitamatult.<\/li>\n<li><strong>Sobiv m\u00e4\u00e4rimine:<\/strong> Rakendage m\u00e4\u00e4rimisgraafikut, mis on koosk\u00f5las t\u00f6\u00f6vajadustega. Veenduge, et kasutatakse \u00f5iget h\u00fcdraulika\u00f5li ja et m\u00e4\u00e4rimispunktid on kontrollide ajal kergesti ligip\u00e4\u00e4setavad.<\/li>\n<li><strong>Tihendi vahetamine ja kalibreerimine:<\/strong> J\u00e4lgige tihendeid kulumisj\u00e4lgede suhtes ja vahetage need vastavalt vajadusele. Lisaks kalibreerige silindri t\u00f6\u00f6d regulaarselt, et tagada t\u00e4pne j\u00f5udlus vastavalt tootja spetsifikatsioonidele.<\/li>\n<\/ul>\n<h2>Ohutuskaalutlused ja keskkonnategurid<\/h2>\n<p>Poomisilindrite kasutamisel on \u00e4\u00e4rmiselt oluline rakendada ohutusmeetmeid. Operaatorid peaksid olema koolitatud h\u00fcdraulikas\u00fcsteemide \u00f5igeks kasutamiseks ja kandma sobivaid isikukaitsevahendeid, et v\u00e4hendada h\u00fcdraulika riketega seotud riske. Lisaks aitab puhta ja korrastatud t\u00f6\u00f6koha hoidmine v\u00e4ltida seadmete v\u00f5i materjalide takistustest tingitud \u00f5nnetusi.<\/p>\n<h2>Veaotsing ja levinud probleemid<\/h2>\n<ul>\n<li><strong>H\u00fcdraulilised lekked:<\/strong> H\u00fcdraulilise vedeliku lekked v\u00f5ivad tekkida kulunud tihendite v\u00f5i ebapiisavalt tihedate \u00fchenduste t\u00f5ttu. H\u00fcdraulilise r\u00f5hu kadumise v\u00e4ltimiseks on oluline lekke allikas kindlaks teha ja kahjustatud tihendid v\u00e4lja vahetada v\u00f5i \u00fchendused pingutada.<\/li>\n<li><strong>V\u00e4hendatud j\u00f5udlus:<\/strong> Kui poomi silindri j\u00f5udlus on v\u00e4henenud, v\u00f5ib see viidata madalale h\u00fcdraulikavedeliku tasemele v\u00f5i \u00f5hule s\u00fcsteemis. Kontrollige vedeliku taset ja \u00f5hutage s\u00fcsteemi vastavalt vajadusele, et taastada funktsioon.<\/li>\n<li><strong>Ebatavalised helid:<\/strong> Ebatavalised helid t\u00f6\u00f6tamise ajal v\u00f5ivad viidata mehaanilistele probleemidele. On \u00fclioluline neid helisid viivitamatult uurida, et teha kindlaks, kas need tulenevad kulumisest v\u00f5i sisemistest kahjustustest.<\/li>\n<\/ul>\n<p>Ennetusmeetmete rakendamine, n\u00e4iteks regulaarsed kontrollid ja \u00f5igeaegne remont, v\u00f5ib nende probleemide esinemist oluliselt v\u00e4hendada ja poomi silindri eluiga pikendada.<\/p>\n<p><img decoding=\"async\" src=\"https:\/\/www.hydraulic-cylinders.net\/wp-content\/uploads\/2025\/04\/songte-bushings-with-all-kinds-of-excavator-models.webp\" alt=\"Puksid ekskavaatorimudelitega\" \/><\/p>\n<h2>Meie ettev\u00f5ttest<\/h2>\n<p>Oleme tootja, mis on spetsialiseerunud asendush\u00fcdrosilindritele. Pakume laia tootevalikut, mis asetab meid nii sise- kui ka rahvusvahelistel turgudel juhtivate h\u00fcdrosilindrite tootjate ja hulgim\u00fc\u00fcjate hulka. P\u00fchendudes tipptasemele, rakendame t\u00e4iustatud tootmisjuhtimise strateegiat, mis r\u00f5hutab kvaliteetset toodangut.<\/p>\n<p>Meie meeskond koosneb oskuslikest spetsialistidest ning me kasutame t\u00e4iustatud tootmisseadmeid koos professionaalsete kontrolls\u00fcsteemidega, et pidevalt oma tootmisv\u00f5imalusi t\u00e4iustada. Keskendudes k\u00f5rgele efektiivsusele, t\u00e4psusele ja kvaliteedile, p\u00fc\u00fcame oma uuenduslike lahenduste abil rahuldada klientide mitmekesiseid vajadusi.<\/p>\n<p><img decoding=\"async\" src=\"https:\/\/www.hydraulic-cylinders.net\/wp-content\/uploads\/2025\/04\/songte-company-4.webp\" alt=\"Ettev\u00f5tte \u00fclevaade\" \/><br \/>\n<img decoding=\"async\" src=\"https:\/\/www.hydraulic-cylinders.net\/wp-content\/uploads\/2025\/04\/songte-company-3.webp\" alt=\"Ettev\u00f5tte rajatised\" \/><\/p>\n<p>Autor: lyl<\/p>","protected":false},"excerpt":{"rendered":"<p>Boom Cylinder For IHI Small Excavator IHI55NSL Product Overview The Boom Cylinder for IHI Small Excavator IHI55NSL is a vital component in the hydraulic system of heavy machinery, particularly excavators. This hydraulic cylinder is specifically designed to control the movement of the bucket attachment, enabling operators to effectively lift, lower, and tilt the bucket during [&hellip;]<\/p>","protected":false},"featured_media":17877,"comment_status":"open","ping_status":"closed","template":"","meta":{"_et_pb_use_builder":"","_et_pb_old_content":"","_et_gb_content_width":""},"product_brand":[],"product_cat":[1546],"product_tag":[1547,1496],"class_list":{"0":"post-19402","1":"product","2":"type-product","3":"status-publish","4":"has-post-thumbnail","6":"product_cat-boom-cylinders","7":"product_tag-boom-cylinders","8":"product_tag-hydraulic-cylinders","10":"first","11":"instock","12":"shipping-taxable","13":"product-type-simple"},"amp_enabled":true,"_links":{"self":[{"href":"https:\/\/www.hydraulic-cylinders.net\/et\/wp-json\/wp\/v2\/product\/19402","targetHints":{"allow":["GET"]}}],"collection":[{"href":"https:\/\/www.hydraulic-cylinders.net\/et\/wp-json\/wp\/v2\/product"}],"about":[{"href":"https:\/\/www.hydraulic-cylinders.net\/et\/wp-json\/wp\/v2\/types\/product"}],"replies":[{"embeddable":true,"href":"https:\/\/www.hydraulic-cylinders.net\/et\/wp-json\/wp\/v2\/comments?post=19402"}],"wp:featuredmedia":[{"embeddable":true,"href":"https:\/\/www.hydraulic-cylinders.net\/et\/wp-json\/wp\/v2\/media\/17877"}],"wp:attachment":[{"href":"https:\/\/www.hydraulic-cylinders.net\/et\/wp-json\/wp\/v2\/media?parent=19402"}],"wp:term":[{"taxonomy":"product_brand","embeddable":true,"href":"https:\/\/www.hydraulic-cylinders.net\/et\/wp-json\/wp\/v2\/product_brand?post=19402"},{"taxonomy":"product_cat","embeddable":true,"href":"https:\/\/www.hydraulic-cylinders.net\/et\/wp-json\/wp\/v2\/product_cat?post=19402"},{"taxonomy":"product_tag","embeddable":true,"href":"https:\/\/www.hydraulic-cylinders.net\/et\/wp-json\/wp\/v2\/product_tag?post=19402"}],"curies":[{"name":"wp","href":"https:\/\/api.w.org\/{rel}","templated":true}]}}