{"id":19403,"date":"2025-04-07T06:32:39","date_gmt":"2025-04-07T06:32:39","guid":{"rendered":"https:\/\/www.hydraulic-cylinders.net\/product\/boom-cylinder-for-ihi-small-excavator-ihi8ons\/"},"modified":"2025-04-07T06:32:42","modified_gmt":"2025-04-07T06:32:42","slug":"boom-cylinder-for-ihi-small-excavator-ihi8ons","status":"publish","type":"product","link":"https:\/\/www.hydraulic-cylinders.net\/et\/toode\/boom-cylinder-for-ihi-small-excavator-ihi8ons\/","title":{"rendered":"IHI v\u00e4ikeekskavaatori IHI8ONS poomi silinder"},"content":{"rendered":"<h1>IHI v\u00e4ikeekskavaatori IHI8ONS poomi silinder<\/h1>\n<h2>Toote \u00fclevaade<\/h2>\n<p>IHI v\u00e4ikeekskavaatori IHI8ONS noole silinder on kriitilise t\u00e4htsusega komponent, mis on spetsiaalselt loodud ekskavaatori noole liikumise juhtimiseks. See h\u00fcdrauliline silinder v\u00f5imaldab noole t\u00f5husat t\u00f5stmist, langetamist ja kallutamist, mis on oluline mitmesuguste materjalik\u00e4itlust\u00f6\u00f6de tegemiseks. H\u00fcdraulilised silindrid, nagu noole silinder, on rasketes masinates p\u00f6\u00f6rdepunktid, pakkudes vajalikku j\u00f5udu selliste toimingute tegemiseks nagu kaevamine, laadimine ja materjalide transportimine.<\/p>\n<p>Sisuliselt toimib noole silinder ekskavaatori h\u00fcdros\u00fcsteemi j\u00f5uallikana, muutes h\u00fcdraulilise r\u00f5hu lineaarseks liikumiseks. See funktsioon mitte ainult ei paranda ekskavaatori j\u00f5udlust, vaid suurendab ka selle mitmek\u00fclgsust arvukates rakendustes, muutes selle ehitus- ja mullat\u00f6\u00f6del asendamatuks.<\/p>\n<p><img decoding=\"async\" src=\"https:\/\/www.hydraulic-cylinders.net\/wp-content\/uploads\/2025\/04\/songte-company-1.webp\" alt=\"IHI v\u00e4ikese ekskavaatori poomi silinder\"><\/p>\n<h2>Peamised omadused<\/h2>\n<ul>\n<li><strong>Suur tugevus ja vastupidavus:<\/strong> See \u00fclitugevast terasest v\u00f5i alumiiniumist valmistatud silinder talub k\u00f5rget r\u00f5hku ja suuri koormusi, mist\u00f5ttu sobib see karmidesse t\u00f6\u00f6keskkondadesse. Konstruktsioon h\u00f5lmab kulumiskindlust ja korrosioonikaitset, et tagada pikk t\u00f6\u00f6iga.<\/li>\n<li><strong>T\u00f5hus h\u00fcdrauliline t\u00f6\u00f6:<\/strong> Silinder kasutab sujuvaks pikendamiseks ja tagasit\u00f5mbamiseks h\u00fcdraulilist \u00f5lir\u00f5hku, pakkudes kiiret reageerimist juhtimisk\u00e4sklustele ja v\u00f5imsaid t\u00f5uke- ja t\u00f5mbej\u00f5ude, mis sobivad ideaalselt raskete ja keerukate \u00fclesannete t\u00e4itmiseks.<\/li>\n<li><strong>Saadaval on mitmesuguseid t\u00fc\u00fcpe:<\/strong> Saadaval on \u00fchetoimelised (h\u00fcdrauliline \u00fches suunas) v\u00f5i kahetoimelised (h\u00fcdrauliline m\u00f5lemas suunas) silindrid, mis vastavad erinevatele t\u00f6\u00f6vajadustele. M\u00f5ned mudelid on teleskoopilised, v\u00f5imaldades suuremat pikendamist ilma v\u00e4lism\u00f5\u00f5tmeid suurendamata, mis sobib ruumipiirangutega rakenduste jaoks.<\/li>\n<li><strong>T\u00e4ppistehnika:<\/strong> Iga silinder on konstrueeritud \u00fclima t\u00e4helepanuga detailidele, tagades k\u00f5rge j\u00f5udluse ja t\u00f6\u00f6kindluse erinevates tingimustes, aidates kaasa masina \u00fcldisele t\u00f5hususele.<\/li>\n<li><strong>Kohandatud sobivus:<\/strong> Meie tooted suudavad ideaalselt asendada olemasolevaid h\u00fcdrosilindreid erinevates mudelites, tagades sujuva integratsiooni ja funktsionaalsuse.<\/li>\n<\/ul>\n<p><img decoding=\"async\" src=\"https:\/\/www.hydraulic-cylinders.net\/wp-content\/uploads\/2025\/04\/songte-cylinder-head-with-all-kinds-excavator-models.webp\" alt=\"H\u00fcdrauliline silindripea ekskavaatoritele\"><\/p>\n<h2>Rakendusvaldkonnad<\/h2>\n<h3>Ehitustehnika<\/h3>\n<p>Noole silindrit leidub peamiselt ekskavaatorites, m\u00e4ngides olulist rolli kaevamisel, laadimisel ja mulla v\u00f5i prahi teisaldamisel. Ekskavaatoritel abistab kopa silinder nii kaevamisel kui ka t\u00f5stmisel, muutes selle ehitusprojektide oluliseks komponendiks.<\/p>\n<h3>P\u00f5llumajandustehnika<\/h3>\n<p>Esilaaduritel on noole silinder \u00fclioluline mulla, heina ja muude materjalide kopeerimiseks, t\u00f5stmiseks ja transportimiseks. Selle konstruktsioon v\u00f5imaldab koormate t\u00f5husat k\u00e4sitsemist, suurendades p\u00f5llumajandust\u00f6\u00f6de \u00fcldist tootlikkust.<\/p>\n<h3>Ekskavaatorid<\/h3>\n<p>Kopa silinder annab ekskavaatoritele j\u00f5udu, v\u00f5imaldades kopal tungida maasse, h\u00f5lbustades kaevamisprotsessi. Selle h\u00fcdrauliline t\u00f6\u00f6 annab vajaliku j\u00f5u raskete pinnase- v\u00f5i kivikoormate t\u00f5husaks k\u00e4sitsemiseks ehitust\u00f6\u00f6de ajal.<\/p>\n<h3>Laadurid<\/h3>\n<p>Frontaallaadurites m\u00e4ngivad noolesilindrid olulist rolli materjalide t\u00f5husal t\u00f5stmisel ja t\u00fchjendamisel. Nende h\u00fcdraulilised v\u00f5imalused tagavad kiire ja t\u00f5husa t\u00f6\u00f6, mis on kriitilise t\u00e4htsusega kiire tempoga ehituskeskkondades.<\/p>\n<h2>Projekteerimiskaalutlused ja valikukriteeriumid<\/h2>\n<h3>Kandev\u00f5ime<\/h3>\n<p>Poomi silindri valimisel on kandev\u00f5ime \u00fclioluline. See m\u00e4\u00e4rab maksimaalse raskuse, mida silinder ohutult taluda suudab. \u00d5igesti hinnatud kandev\u00f5ime tagab silindri t\u00f6\u00f6tamise ohututes piirides, v\u00e4hendades rikete v\u00f5i \u00f5nnetuste ohtu. Insenerid peavad hindama nii staatilisi kui ka d\u00fcnaamilisi koormustingimusi, et tagada silindri vastupidavus t\u00f6\u00f6 ajal esinevatele j\u00f5ududele.<\/p>\n<h3>Tihendust\u00f5husus<\/h3>\n<p>Tihendus on h\u00fcdraulilise r\u00f5hu s\u00e4ilitamiseks ja lekete v\u00e4ltimiseks \u00fclioluline. Soovitatav on kasutada kvaliteetseid tihendeid, n\u00e4iteks kolvitihendeid ja varrastihendeid, mis on valmistatud sellistest materjalidest nagu pol\u00fcuretaan ja nitriilkummi, nende vastupidavuse ja kulumiskindluse tagamiseks. N\u00f5uetekohane tihendus aitab kaasa ka silindri pikaealisusele ja h\u00fcdraulikas\u00fcsteemi t\u00f5hususele.<\/p>\n<h3>Vastupidavus<\/h3>\n<p>Vastupidavus on noolesilindrite disainimisel v\u00f5tmetegur. Need peavad vastu pidama rasketele rakendustele, sealhulgas kokkupuutele abrasiivsete materjalidega ja karmi keskkonnaga. T\u00f6\u00f6tlemisprotsessid, n\u00e4iteks karastamine ja pinnakate, v\u00f5ivad parandada silindri kulumis- ja korrosioonikindlust, pikendades oluliselt selle eluiga.<\/p>\n<h3>Ohutusstandardid<\/h3>\n<p>H\u00fcdrauliliste silindrite projekteerimisel on ohutus esmat\u00e4htis. Need peavad vastama t\u00f6\u00f6stusharu ohutusstandarditele, et v\u00e4ltida rikkeid, mis v\u00f5ivad p\u00f5hjustada \u00f5nnetusi. Insenerid peaksid projekteerimisfaasis seadma esikohale sellised omadused nagu kaitseklapid, tugev konstruktsiooni terviklikkus ja ohutustegurid, et tagada iga silindri usaldusv\u00e4\u00e4rne toimimine igas olukorras.<\/p>\n<h3>Hooldatavus<\/h3>\n<p>Hoolduse lihtsus on veel \u00fcks oluline disainialane kaalutlus. Balloonid, millele on lihtne juurdep\u00e4\u00e4s kontrollimiseks, remondiks ja osade vahetamiseks, v\u00f5ivad oluliselt v\u00e4hendada seisakuid ja hoolduskulusid. Selliste funktsioonide nagu moodulkonstruktsioonide lisamine aitab hooldusprotsessi sujuvamaks muuta.<\/p>\n<p><img decoding=\"async\" src=\"https:\/\/www.hydraulic-cylinders.net\/wp-content\/uploads\/2025\/04\/songte-oil-pipes-and-spare-parts.webp\" alt=\"H\u00fcdrauliliste silindrite \u00f5litorud ja varuosad\"><\/p>\n<h2>Tihendus ja m\u00e4\u00e4rimine<\/h2>\n<p>H\u00fcdrauliliste silindrite n\u00f5uetekohaseks toimimiseks on oluline t\u00f5hus tihendamine ja m\u00e4\u00e4rimine. H\u00fcdraulilise vedeliku lekke v\u00e4ltimiseks kasutatakse mitmesuguseid tihendeid, sealhulgas kolvitihendeid ja varrastihendeid. Vastupidavatest materjalidest, nagu pol\u00fcuretaan ja nitriilkummi, valmistatud tihendid on ideaalsed t\u00e4nu oma vastupidavusele kulumisele ja karmidele kemikaalidele. Lisaks tuleb silindri korpust ja keermestatud otsi kulumiskindluse suurendamiseks peent\u00f6\u00f6tlust teha.<\/p>\n<p>Regulaarne h\u00fcdraulika\u00f5liga m\u00e4\u00e4rimine on vajalik liikuvate osade vahelise h\u00f5\u00f5rdumise ja kulumise v\u00e4hendamiseks, tagades sujuva t\u00f6\u00f6. Tehnikud peaksid optimaalse j\u00f5udluse s\u00e4ilitamiseks j\u00e4rgima tootja juhiseid m\u00e4\u00e4rimisintervallide ja -koguste kohta.<\/p>\n<h2>Ennetavad hooldusmeetmed<\/h2>\n<ul>\n<li><strong>Regulaarsed kontrollid:<\/strong> Tehke regulaarseid kontrolle, et tuvastada kulumise, lekete v\u00f5i muude probleemide m\u00e4rke. Varajane avastamine aitab v\u00e4ltida kulukaid remondit\u00f6id ja seisakuid.<\/li>\n<li><strong>M\u00e4\u00e4rimine:<\/strong> Veenduge, et h\u00fcdraulika\u00f5li tase on piisav, ja m\u00e4\u00e4rige liikuvaid osi regulaarselt, et s\u00e4ilitada sujuv t\u00f6\u00f6 ja v\u00e4hendada h\u00f5\u00f5rdumist.<\/li>\n<li><strong>Tihendite vahetamine:<\/strong> Planeerige tihendite perioodilist vahetamist, et tagada nende terviklikkus ja v\u00e4ltida lekkeid. Kulunud tihendid v\u00f5ivad p\u00f5hjustada j\u00f5udlusprobleeme ja h\u00fcdraulikavedeliku kadu.<\/li>\n<\/ul>\n<h2>Paigaldusjuhised<\/h2>\n<p>Poomi silindri \u00f5ige paigaldamine on selle j\u00f5udluse ja pikaealisuse jaoks kriitilise t\u00e4htsusega. Alustage veendumisest, et k\u00f5ik komponendid on puhtad ja prahist vabad. Joondage silinder t\u00e4pselt kinnituspunktidega, kasutades stabiilse toe tagamiseks sobivaid kinnitusklambreid. Silindri liigse koormuse v\u00e4ltimiseks on oluline s\u00e4ilitada \u00f5ige joondus. Kinnitage k\u00f5ik kinnitusdetailid tootja spetsifikatsioonide j\u00e4rgi, et tagada kindel kinnitus.<\/p>\n<p>P\u00e4rast paigaldamist kontrollige silindri toimimist katsets\u00fckli abil, kontrollides lekete v\u00f5i ebakorrap\u00e4raste toimingute suhtes. Samuti on soovitatav tutvuda tootja k\u00e4siraamatuga, et saada t\u00e4pseid paigaldusjuhiseid ja p\u00f6\u00f6rdemomendi s\u00e4tteid.<\/p>\n<h2>Levinumad hooldust\u00f6\u00f6d<\/h2>\n<ul>\n<li><strong>Regulaarsed kontrollid:<\/strong> Regulaarsed kulumise, lekete ja kahjustuste kontrollid on \u00fcliolulised. Need kontrollid aitavad tuvastada v\u00f5imalikke probleeme enne nende s\u00fcvenemist, s\u00e4ilitades seel\u00e4bi h\u00fcdros\u00fcsteemi t\u00f5hususe.<\/li>\n<li><strong>\u00d5ige m\u00e4\u00e4rimine:<\/strong> Piisava m\u00e4\u00e4rimise tagamine minimeerib h\u00f5\u00f5rdumist ja kulumist. \u00d5ige h\u00fcdraulika\u00f5li kasutamine ja sobiva taseme hoidmine on silindri optimaalse j\u00f5udluse tagamiseks h\u00e4davajalik.<\/li>\n<li><strong>Tihendite vahetamine:<\/strong> Kontrollige regulaarselt tihendeid kulumisj\u00e4lgede suhtes. Tihendite vahetamine vastavalt vajadusele hoiab \u00e4ra h\u00fcdraulikavedeliku lekked ja s\u00e4ilitab s\u00fcsteemi r\u00f5hu.<\/li>\n<\/ul>\n<h2>Ohutuskaalutlused ja keskkonnategurid<\/h2>\n<p>H\u00fcdrauliliste silindrite kasutamisel on ohutusmeetmete rakendamine \u00fclioluline. Operaatorid peaksid riskide minimeerimiseks kandma kaitsevarustust ja j\u00e4rgima ohutusprotokolle. Lisaks on oluline arvestada keskkonnam\u00f5judega, n\u00e4iteks h\u00fcdraulilise vedeliku v\u00f5imalike leketega, mis v\u00f5ivad kahjustada \u00f6kos\u00fcsteeme. Biolagunevate h\u00fcdrauliliste vedelike kasutamine ja lekke ohjeldamise meetmete rakendamine aitavad keskkonnariske leevendada.<\/p>\n<h2>Veaotsing ja levinud probleemid<\/h2>\n<ul>\n<li><strong>Aeglane silindri liikumine:<\/strong> See v\u00f5ib viidata madalale h\u00fcdraulikavedeliku tasemele v\u00f5i \u00f5hule s\u00fcsteemis. Kontrollige vedeliku taset ja \u00f5hutage s\u00fcsteemi vastavalt vajadusele.<\/li>\n<li><strong>Lekked:<\/strong> Tihendite \u00fcmbruse lekked v\u00f5ivad viidata nende kulumisele ja vajadusele v\u00e4lja vahetada. Kontrollige tihendeid regulaarselt ja vahetage need esimeste kulumism\u00e4rkide ilmnemisel v\u00e4lja.<\/li>\n<li><strong>Ebatavalised helid:<\/strong> T\u00f6\u00f6 ajal kostvad krigisevad v\u00f5i kolksuvad helid v\u00f5ivad viidata sisemistele kahjustustele. Peatage t\u00f6\u00f6 kohe ja kontrollige silindrit kahjustuste suhtes.<\/li>\n<\/ul>\n<h2>Veaotsingu n\u00e4pun\u00e4ited<\/h2>\n<p>H\u00fcdrauliliste silindrite probleemide t\u00f5husaks diagnoosimiseks ja lahendamiseks j\u00e4rgige neid n\u00e4pun\u00e4iteid: alustage h\u00fcdrauliliste skeemide \u00fclevaatamisest, et m\u00f5ista s\u00fcsteemi paigutust. Seej\u00e4rel kontrollige vedeliku taset ja lekkeid. Kui probleemid p\u00fcsivad, kaaluge edasiseks diagnoosimiseks h\u00fcdraulikaspetsialisti poole p\u00f6\u00f6rdumist. Ennetavad meetmed, n\u00e4iteks regulaarne hooldus ja kulunud komponentide \u00f5igeaegne asendamine, v\u00f5ivad probleemide tekkimise t\u00f5en\u00e4osust oluliselt v\u00e4hendada.<\/p>\n<p><img decoding=\"async\" src=\"https:\/\/www.hydraulic-cylinders.net\/wp-content\/uploads\/2025\/04\/songte-bushings-with-all-kinds-of-excavator-models.webp\" alt=\"Ekskavaatorite puksid\"><\/p>\n<h2>Meie ettev\u00f5ttest<\/h2>\n<p>Oleme juhtiv asendush\u00fcdrauliliste silindrite tootja, mis teenindab laia valikut turge. Meie ulatuslik tootevalik asetab meid nii kodumaiselt kui ka rahvusvaheliselt juhtivate h\u00fcdrauliliste silindrite tootjate ja hulgim\u00fc\u00fcjate hulka. Meie p\u00fchendumust tipptasemele toetavad meie tipptasemel tootmisstrateegiad, mis h\u00f5lmavad t\u00e4iustatud seadmeid, oskuslikku personali ja rangeid kvaliteedikontrollis\u00fcsteeme. T\u00e4iustame pidevalt oma tootmisplatvormi, et rahuldada klientide erinevaid n\u00f5udmisi suure t\u00f5hususega, t\u00e4psuse ja kvaliteediga.<\/p>\n<p>Meie ettev\u00f5tte tugevused seisnevad erialastes teadmistes, rahvusvahelistes sertifikaatides, kohandatavates teenustes ja suurep\u00e4rases m\u00fc\u00fcgij\u00e4rgses toes. Oleme uhked oma v\u00f5ime \u00fcle pakkuda tooteid, mis vastavad klientide konkreetsetele n\u00f5uetele, tagades samal ajal ohutus- ja toimivusstandardite s\u00e4ilimise.<\/p>\n<p><img decoding=\"async\" src=\"https:\/\/www.hydraulic-cylinders.net\/wp-content\/uploads\/2025\/04\/songte-company-4.webp\" alt=\"Ettev\u00f5tte rajatised\"><br \/>\n<img decoding=\"async\" src=\"https:\/\/www.hydraulic-cylinders.net\/wp-content\/uploads\/2025\/04\/songte-company-3.webp\" alt=\"Ettev\u00f5tte tootmisseadmed\"><\/p>\n<p>Autor: lyl<\/p>","protected":false},"excerpt":{"rendered":"<p>Boom Cylinder For IHI Small Excavator IHI8ONS Product Overview The boom cylinder for the IHI small excavator IHI8ONS is a critical component designed specifically for controlling the movement of the excavator&#8217;s boom. This hydraulic cylinder enables efficient lifting, lowering, and tilting of the boom, which is essential for performing various material handling tasks. Hydraulic cylinders [&hellip;]<\/p>","protected":false},"featured_media":17878,"comment_status":"open","ping_status":"closed","template":"","meta":{"_et_pb_use_builder":"","_et_pb_old_content":"","_et_gb_content_width":""},"product_brand":[],"product_cat":[1546],"product_tag":[1547,1496],"class_list":{"0":"post-19403","1":"product","2":"type-product","3":"status-publish","4":"has-post-thumbnail","6":"product_cat-boom-cylinders","7":"product_tag-boom-cylinders","8":"product_tag-hydraulic-cylinders","10":"first","11":"instock","12":"shipping-taxable","13":"product-type-simple"},"amp_enabled":true,"_links":{"self":[{"href":"https:\/\/www.hydraulic-cylinders.net\/et\/wp-json\/wp\/v2\/product\/19403","targetHints":{"allow":["GET"]}}],"collection":[{"href":"https:\/\/www.hydraulic-cylinders.net\/et\/wp-json\/wp\/v2\/product"}],"about":[{"href":"https:\/\/www.hydraulic-cylinders.net\/et\/wp-json\/wp\/v2\/types\/product"}],"replies":[{"embeddable":true,"href":"https:\/\/www.hydraulic-cylinders.net\/et\/wp-json\/wp\/v2\/comments?post=19403"}],"wp:featuredmedia":[{"embeddable":true,"href":"https:\/\/www.hydraulic-cylinders.net\/et\/wp-json\/wp\/v2\/media\/17878"}],"wp:attachment":[{"href":"https:\/\/www.hydraulic-cylinders.net\/et\/wp-json\/wp\/v2\/media?parent=19403"}],"wp:term":[{"taxonomy":"product_brand","embeddable":true,"href":"https:\/\/www.hydraulic-cylinders.net\/et\/wp-json\/wp\/v2\/product_brand?post=19403"},{"taxonomy":"product_cat","embeddable":true,"href":"https:\/\/www.hydraulic-cylinders.net\/et\/wp-json\/wp\/v2\/product_cat?post=19403"},{"taxonomy":"product_tag","embeddable":true,"href":"https:\/\/www.hydraulic-cylinders.net\/et\/wp-json\/wp\/v2\/product_tag?post=19403"}],"curies":[{"name":"wp","href":"https:\/\/api.w.org\/{rel}","templated":true}]}}