{"id":19405,"date":"2025-04-07T06:32:44","date_gmt":"2025-04-07T06:32:44","guid":{"rendered":"https:\/\/www.hydraulic-cylinders.net\/product\/boom-cylinder-for-bobcat-small-excavator-e26\/"},"modified":"2025-04-07T06:32:52","modified_gmt":"2025-04-07T06:32:52","slug":"boom-cylinder-for-bobcat-small-excavator-e26","status":"publish","type":"product","link":"https:\/\/www.hydraulic-cylinders.net\/et\/toode\/boom-cylinder-for-bobcat-small-excavator-e26\/","title":{"rendered":"Bobcat v\u00e4ikeekskavaatori E26 poomi silinder"},"content":{"rendered":"<h1>Bobcat v\u00e4ikeekskavaatori E26 poomi silinder<\/h1>\n<h2>Sissejuhatus poomi silindrisse<\/h2>\n<p>Spetsiaalselt Bobcat E26 v\u00e4ikeekskavaatori jaoks loodud noole silinder on rasketehnika h\u00fcdraulikas\u00fcsteemide oluline komponent. See on teatud t\u00fc\u00fcpi h\u00fcdrauliline silinder, mis reguleerib noole k\u00e4e liikumist, v\u00f5imaldades sellel v\u00e4lja sirutuda, sisse t\u00f5mbuda ja p\u00f6\u00f6rata. See v\u00f5ime on oluline mitmesuguste materjalik\u00e4itlust\u00f6\u00f6de, n\u00e4iteks kaevamise, t\u00f5stmise ja raskete koormate teisaldamise jaoks. Noole silindri t\u00f6\u00f6 tugineb h\u00fcdraulikavedelikule, mis loob sujuva liikumise tagamiseks vajaliku r\u00f5hu.<\/p>\n<p><img decoding=\"async\" src=\"https:\/\/www.hydraulic-cylinders.net\/wp-content\/uploads\/2025\/04\/songte-company-1.webp\" alt=\"Poomi silindri pilt\"><\/p>\n<h3>Poomi silindri definitsioon ja \u00fclevaade<\/h3>\n<p>Noole silinder on h\u00fcdrauliline silinder, mis on spetsiaalselt loodud rasketehnika, sealhulgas ekskavaatorite, laadurite ja esilaadurite jaoks. Selle \u00fclesanne on juhtida noole liikumist, v\u00f5imaldades lisaseadmel t\u00f5husalt t\u00f5sta, langetada ja kallutada. Noole silindri konstruktsioon sisaldab vastupidavaid materjale, mis taluvad k\u00f5rget r\u00f5hku ja karme t\u00f6\u00f6tingimusi, tagades t\u00f6\u00f6kindluse ja vastupidavuse. See h\u00fcdrauliline komponent on lahutamatu osa mitmesuguste ehitus- ja p\u00f5llumajandust\u00f6\u00f6de \u00fclesannete t\u00e4itmisel.<\/p>\n<h2>Poomi silindri omadused<\/h2>\n<ul>\n<li><strong>Suur tugevus ja vastupidavus:<\/strong> K\u00f5rgtugevast terasest v\u00f5i alumiiniumist valmistatud poomi silinder talub suurt r\u00f5hku ja suuri koormusi, mist\u00f5ttu sobib see karmidesse keskkondadesse ja pikendab selle eluiga.<\/li>\n<li><strong>T\u00f5hus h\u00fcdrauliline t\u00f6\u00f6:<\/strong> Kasutades h\u00fcdraulika\u00f5li r\u00f5hku, tagab see sujuva ja tundliku pikenduse ja tagasit\u00f5mbamise, pakkudes v\u00f5imsaid t\u00f5uke- ja t\u00f5mbej\u00f5ude, mis sobivad ideaalselt raskete ja keerukate \u00fclesannete jaoks.<\/li>\n<li><strong>Erinevad t\u00fc\u00fcbid:<\/strong> Saadaval \u00fchetoimelise (h\u00fcdraulilise r\u00f5hu abil \u00fches suunas) v\u00f5i kahetoimelise (h\u00fcdraulilise r\u00f5hu abil m\u00f5lemas suunas) konstruktsioonina, sh teleskoopmudelid suurema ulatuse saavutamiseks ilma v\u00e4lism\u00f5\u00f5tmeid suurendamata.<\/li>\n<li><strong>Kohandatud tootmine:<\/strong> Meie tootmisv\u00f5imalused v\u00f5imaldavad meil toota noolesilindreid, mis asendavad ideaalselt olemasolevaid h\u00fcdrosilindreid, tagades \u00fchilduvuse ja j\u00f5udluse.<\/li>\n<li><strong>Kulut\u00f5husad lahendused:<\/strong> Tootjatelt otse ostes saavad kliendid kasu kvaliteetsetest toodetest konkurentsiv\u00f5imeliste hindadega.<\/li>\n<\/ul>\n<p><img decoding=\"async\" src=\"https:\/\/www.hydraulic-cylinders.net\/wp-content\/uploads\/2025\/04\/songte-cylinder-head-with-all-kinds-excavator-models.webp\" alt=\"Poomi silindri vahetamine\"><\/p>\n<h2>Poomi silindri rakendused<\/h2>\n<h3>Ehitustehnika<\/h3>\n<p>Ehitusmasinates on noolesilindrid ekskavaatorites \u00fcliolulised, v\u00f5imaldades selliseid \u00fclesandeid nagu kaevamine, laadimine ja pinnase v\u00f5i prahi transportimine. Nende silindrite pakutav h\u00fcdrauliline j\u00f5ud v\u00f5imaldab noole liikumise t\u00e4pset juhtimist, mis on ehitusplatsidel t\u00f5husa t\u00f6\u00f6 tagamiseks h\u00e4davajalik. Ekskavaatorlaadurites h\u00f5lbustavad noolesilindrid nii kaevamis- kui ka t\u00f5stefunktsioone, tagades mitmek\u00fclgsuse erinevates ehitust\u00f6\u00f6des.<\/p>\n<h3>P\u00f5llumajandustehnika<\/h3>\n<p>P\u00f5llumajandusmasinates m\u00e4ngivad noolesilindrid esilaadurites olulist rolli, kus neid kasutatakse mulla, heina ja muude materjalide kopeerimiseks, t\u00f5stmiseks ja transportimiseks. Kopa suure t\u00e4psusega t\u00f5stmise ja langetamise v\u00f5imalus suurendab p\u00f5llumajanduses tootlikkust. Need silindrid tagavad, et sellised toimingud nagu laadimine ja mahalaadimine toimuvad t\u00f5husalt, v\u00e4hendades p\u00f5llumajandust\u00f6\u00f6deks kuluvat aega ja vaeva.<\/p>\n<h3>Ekskavaatorid<\/h3>\n<p>Ekskavaatorite valdkonnas v\u00f5imaldavad noolesilindrid kaevamist, h\u00f5lbustades kopa tungimist pinnasesse. See tegevus on \u00fclioluline t\u00f5husa pinnase teisaldamise ja materjalide kaevamise jaoks. H\u00fcdrauliline j\u00f5ud v\u00f5imaldab operaatoritel s\u00fcgavamale ja t\u00f5husamalt kaevata, muutes ekskavaatorid ehitus- ja kaevandust\u00f6\u00f6del asendamatuks.<\/p>\n<h3>Laadurid<\/h3>\n<p>Laadurites aitavad noolesilindrid koormaid t\u00f5husalt t\u00f5sta ja maha laadida. See funktsioon on materjalide k\u00e4itlemisega seotud \u00fclesannete puhul \u00fclioluline, v\u00f5imaldades operaatoritel koormaid h\u00f5lpsalt t\u00f5sta ja maha laadida. H\u00fcdraulikas\u00fcsteemi t\u00f6\u00f6kindlus tagab laadurite \u00fchtlase toimivuse ka rasketes tingimustes.<\/p>\n<h2>Projekteerimiskaalutlused ja valikukriteeriumid<\/h2>\n<h3>Kandev\u00f5ime<\/h3>\n<p>Noolesilindri kandev\u00f5ime on kriitilise t\u00e4htsusega projekteerimiskaalutlus. See peab suutma taluda masina t\u00f5ste- ja liikumisv\u00f5imelist maksimaalset raskust. See n\u00f5uab t\u00e4pset projekteerimist ja \u00fclitugevate materjalide valimist, mis taluvad tohutut survet ilma purunemata. Koormusn\u00f5uete m\u00f5istmine tagab noolesilindri ohutu ja t\u00f5husa t\u00f6\u00f6, minimeerides rikete ohtu.<\/p>\n<h3>Tihendi terviklikkus<\/h3>\n<p>Tihendi terviklikkus on \u00fclioluline, et tagada h\u00fcdraulilise vedeliku p\u00fcsimine silindris. Kvaliteetsed tihendid hoiavad \u00e4ra lekked ja s\u00e4ilitavad r\u00f5hu, mis on silindri j\u00f5udluse seisukohalt \u00fclioluline. Tihendid on tavaliselt valmistatud sellistest materjalidest nagu pol\u00fcuretaan v\u00f5i nitriilkummi, mis pakuvad suurep\u00e4rast kulumiskindlust ja vastupidavust. Tihendite regulaarne kontroll ja hooldus on h\u00e4davajalikud h\u00fcdraulilise vedeliku kadude v\u00e4ltimiseks ja optimaalse funktsionaalsuse tagamiseks.<\/p>\n<h3>Vastupidavus<\/h3>\n<p>Vastupidavus on poomi silindri projekteerimisel \u00fclioluline tegur. Silinder peab olema piisavalt vastupidav, et taluda karme t\u00f6\u00f6tingimusi, sealhulgas \u00e4\u00e4rmuslikke temperatuure, tolmu ja niiskust. Tootjad kasutavad kulumiskindluse ja korrosioonikaitse parandamiseks, pikendades silindri eluiga, sageli t\u00e4iustatud katteid ja materjale. Vastupidav disain mitte ainult ei taga t\u00f6\u00f6kindlust, vaid v\u00e4hendab ka hoolduskulusid aja jooksul.<\/p>\n<h3>Turvaelemendid<\/h3>\n<p>Ohutusfunktsioonide lisamine noolesilindrite konstruktsiooni on oluline operaatorite ja masinate kaitsmiseks. Sellised omadused nagu r\u00f5huvabastusventiilid aitavad v\u00e4ltida \u00fclekoormust, samas kui vastupidav konstruktsioon minimeerib mehaaniliste rikete ohtu. Lisaks peaksid k\u00f5ikide h\u00fcdraulikas\u00fcsteemidega kaasas olema selged kasutusjuhised ja ohutusprotokollid, et harida kasutajaid ohutute t\u00f6\u00f6tavade osas.<\/p>\n<h3>Hoolduse ligip\u00e4\u00e4setavus<\/h3>\n<p>Hoolduse ligip\u00e4\u00e4setavus on veel \u00fcks oluline projekteerimiskaalutlus. H\u00e4sti disainitud poomi silinder peaks v\u00f5imaldama h\u00f5lpsat juurdep\u00e4\u00e4su kriitilistele komponentidele kontrollimiseks, m\u00e4\u00e4rimiseks ja remondiks. See ligip\u00e4\u00e4setavus aitab tagada regulaarse hoolduse t\u00f5husa teostamise, v\u00e4hendades seisakuid ja pikendades seadme eluiga. Selged sildid ja hoolduspunktid v\u00f5ivad hooldusprotsessi t\u00e4iustada, muutes tehnikute jaoks oma \u00fclesannete t\u00e4itmise lihtsamaks.<\/p>\n<p><img decoding=\"async\" src=\"https:\/\/www.hydraulic-cylinders.net\/wp-content\/uploads\/2025\/04\/songte-oil-pipes-and-spare-parts.webp\" alt=\"H\u00fcdrauliliste silindrite komponendid\"><\/p>\n<h2>Poomi silindri tihendamine ja m\u00e4\u00e4rimine<\/h2>\n<p>Poomi silindri tihendamine ja m\u00e4\u00e4rimine on selle j\u00f5udluse ja pikaealisuse seisukohalt kriitilise t\u00e4htsusega. H\u00fcdraulilise r\u00f5hu s\u00e4ilitamiseks ja vedeliku lekke v\u00e4ltimiseks kasutatakse mitmesuguseid tihendeid, n\u00e4iteks kolvitihendeid ja vardatihendeid. Tihendid on sageli valmistatud vastupidavatest materjalidest, nagu pol\u00fcuretaan ja nitriilkummi, et tagada nende vastupidavus karmidele t\u00f6\u00f6tingimustele. Lisaks sellele t\u00f6\u00f6deldakse silindri korpust ja keermestatud pindu kulumiskindluse suurendamiseks peeneks.<\/p>\n<p>Regulaarne m\u00e4\u00e4rimine on samuti oluline. Operaatorid peaksid tagama piisava koguse h\u00fcdraulika\u00f5li, et v\u00e4hendada liikuvate osade h\u00f5\u00f5rdumist ja kulumist. Ebapiisav m\u00e4\u00e4rimine v\u00f5ib p\u00f5hjustada h\u00fcdraulikas\u00fcsteemi enneaegset kulumist ja v\u00f5imalikku riket. Regulaarse m\u00e4\u00e4rimisgraafiku rakendamine v\u00f5ib oluliselt pikendada poomi silindri t\u00f6\u00f6iga.<\/p>\n<h2>Regulaarne kontroll ja ennetav hooldus<\/h2>\n<h3>Kontrollimeetmed<\/h3>\n<ul>\n<li><strong>Visuaalne kontroll:<\/strong> Kontrollige regulaarselt poomi silindrit n\u00e4htavate kulumis-, lekete- v\u00f5i kahjustuste suhtes. Probleemide varajane avastamine aitab v\u00e4ltida kulukaid remondit\u00f6id ja seisakuid.<\/li>\n<li><strong>R\u00f5hu testimine:<\/strong> Silindri korrektseks toimimiseks koormuse all tehke r\u00f5hutestid. See aitab tuvastada h\u00fcdros\u00fcsteemi n\u00f5rkusi.<\/li>\n<li><strong>Pitseri kontroll:<\/strong> Kontrollige regulaarselt tihendite seisukorda kulumise suhtes. Kulunud tihendite \u00f5igeaegne vahetamine on h\u00fcdraulilise terviklikkuse s\u00e4ilitamiseks \u00fclioluline.<\/li>\n<\/ul>\n<h3>Ennetavad hooldusmeetmed<\/h3>\n<ul>\n<li><strong>M\u00e4\u00e4rimisgraafik:<\/strong> Koostage regulaarne m\u00e4\u00e4rimisgraafik, et tagada k\u00f5igi liikuvate osade piisav \u00f5litamine. N\u00f5uetekohane m\u00e4\u00e4rimine v\u00e4hendab kulumist ja parandab j\u00f5udlust.<\/li>\n<li><strong>Komponentide asendamine:<\/strong> T\u00f5hususe s\u00e4ilitamiseks ja h\u00fcdraulika rikete v\u00e4ltimiseks vahetage regulaarselt kulunud komponente, sh tihendeid ja pukse.<\/li>\n<li><strong>S\u00fcsteemi kalibreerimine:<\/strong> Veenduge, et h\u00fcdraulikas\u00fcsteemid on \u00f5igesti kalibreeritud, et s\u00e4ilitada optimaalne j\u00f5udlus ja ohutusstandardid.<\/li>\n<\/ul>\n<h2>N\u00f5uetekohased paigaldusjuhised<\/h2>\n<p>Poomi silindri \u00f5ige paigaldamine on funktsionaalsuse ja ohutuse tagamiseks \u00fclioluline. Siin on m\u00f5ned olulised juhised:<\/p>\n<ol>\n<li><strong>Joondus:<\/strong> Veenduge, et silinder oleks masina kinnituspunktidega \u00f5igesti joondatud, et v\u00e4ltida komponentide liigset pinget. Vale joondamine v\u00f5ib p\u00f5hjustada enneaegset kulumist v\u00f5i riket.<\/li>\n<li><strong>Kasutage sobivaid kinnitusklambreid:<\/strong> Kasutage silindri kinnitamiseks sobivaid kinnitusklambreid. See aitab s\u00e4ilitada stabiilsust t\u00f6\u00f6 ajal.<\/li>\n<li><strong>H\u00fcdraulilised \u00fchendused:<\/strong> Veenduge, et k\u00f5ik h\u00fcdraulilised \u00fchendused on tihedalt kinni ja lekkevabad. Kontrollige voolikute ja liitmike kulumisj\u00e4lgi.<\/li>\n<li><strong>Testimine:<\/strong> P\u00e4rast paigaldamist tehke h\u00fcdraulikas\u00fcsteemi p\u00f5hjalik test, et veenduda poomi silindri etten\u00e4htud otstarbel t\u00f6\u00f6tamises.<\/li>\n<li><strong>Dokumentatsioon:<\/strong> Hoidke paigaldusprotsessi, sh tehtud muudatuste ja kasutatud komponentide kohta \u00fcksikasjalikke andmeid, et h\u00f5lbustada edaspidist hooldust.<\/li>\n<\/ol>\n<h2>Hooldus\u00fclesanded<\/h2>\n<ul>\n<li><strong>Regulaarsed kontrollid:<\/strong> Planeerige regulaarseid kontrolle, et potentsiaalsed probleemid varakult tuvastada. See ennetav l\u00e4henemisviis aitab pikas perspektiivis aega ja kulusid kokku hoida.<\/li>\n<li><strong>Sobiv m\u00e4\u00e4rimine:<\/strong> Veenduge, et silinder on piisavalt m\u00e4\u00e4ritud, et s\u00e4ilitada optimaalne j\u00f5udlus ja v\u00e4ltida kulumist.<\/li>\n<li><strong>Tihendi vahetamine:<\/strong> Kontrollige regulaarselt tihendite kulumist ja vahetage need vastavalt vajadusele, et s\u00e4ilitada h\u00fcdrauliline r\u00f5hk ja terviklikkus.<\/li>\n<\/ul>\n<h2>Ohutuskaalutlused ja keskkonnategurid<\/h2>\n<p>Poomisilindrite kasutamisel on ohutusmeetmed \u00fcliolulised. Operaatorid peaksid tagama, et nad on koolitatud h\u00fcdrauliliste masinate \u00f5igeks kasutamiseks, et v\u00e4ltida \u00f5nnetusi. Regulaarsed ohutusauditid aitavad tuvastada v\u00f5imalikke ohte ja tagada ohutusprotokollide j\u00e4rgimise. Lisaks on ohutu ja j\u00e4tkusuutliku t\u00f6\u00f6keskkonna s\u00e4ilitamiseks \u00fclioluline arvestada keskkonnateguritega, n\u00e4iteks h\u00fcdraulikavedelike n\u00f5uetekohase k\u00e4itlemise ja lekete minimeerimisega.<\/p>\n<h2>Veaotsing ja levinud probleemid<\/h2>\n<h3>Levinud probleemid<\/h3>\n<ul>\n<li><strong>Vedeliku lekked:<\/strong> \u00dcks levinumaid probleeme h\u00fcdrauliliste silindritega on vedeliku lekked, mis on sageli p\u00f5hjustatud kulunud tihenditest v\u00f5i \u00fchendustest.<\/li>\n<li><strong>Halb j\u00f5udlus:<\/strong> Kui poomi silinder ei reageeri t\u00f5husalt, v\u00f5ib see viidata madalale h\u00fcdraulikavedeliku tasemele v\u00f5i sisemistele kahjustustele.<\/li>\n<li><strong>\u00dclekuumenemine:<\/strong> Silindri \u00fclekoormamise v\u00f5i ebapiisava m\u00e4\u00e4rimise tagaj\u00e4rjel v\u00f5ib tekkida liigne kuumus, mis v\u00f5ib viia rikkeni.<\/li>\n<\/ul>\n<h3>Veaotsingu n\u00e4pun\u00e4ited<\/h3>\n<p>Probleemide t\u00f5husaks diagnoosimiseks ja lahendamiseks peaksid operaatorid j\u00e4rgima neid t\u00f5rkeotsingu n\u00e4pun\u00e4iteid:<\/p>\n<ul>\n<li>Kontrollige regulaarselt h\u00fcdraulikavedeliku taset ja lisage seda vastavalt vajadusele, et v\u00e4ltida j\u00f5udlusprobleeme.<\/li>\n<li>Kontrollige tihendeid ja \u00fchendusi kulumisj\u00e4lgede suhtes ning vahetage kahjustatud osad viivitamatult v\u00e4lja, et s\u00e4ilitada nende terviklikkus.<\/li>\n<li>J\u00e4lgige t\u00f6\u00f6temperatuure ja tagage piisav ventilatsioon, et v\u00e4ltida \u00fclekuumenemist t\u00f6\u00f6tamise ajal.<\/li>\n<\/ul>\n<p><img decoding=\"async\" src=\"https:\/\/www.hydraulic-cylinders.net\/wp-content\/uploads\/2025\/04\/songte-bushings-with-all-kinds-of-excavator-models.webp\" alt=\"Poomi silindri komponendid\"><\/p>\n<h2>Ettev\u00f5tte \u00fclevaade<\/h2>\n<p>Oleme juhtiv h\u00fcdrosilindrite tootja ja hulgim\u00fc\u00fcja, mis on spetsialiseerunud kvaliteetsete asendusdetailide tootmisele. Meie ulatuslik tootevalik on positsioneerinud meid nii sise- kui ka rahvusvahelistel turgudel domineerivaks tegijaks. J\u00e4rgime rangeid kvaliteedistandardeid ja kasutame t\u00e4iustatud tootmisstrateegiaid, et tagada oma toodete tipptase.<\/p>\n<p>P\u00fchendudes innovatsioonile, palkame oskuslikke spetsialiste ja tipptasemel digitaalseid tootmisseadmeid, mis parandavad meie tootmisv\u00f5imalusi ja toodete kvaliteeti. Keskendume t\u00e4psusele ja t\u00f5hususele, mis v\u00f5imaldab meil t\u00f5husalt rahuldada klientide mitmekesiseid vajadusi. Lisaks pakume kohandatud teenuseid, mis on kohandatud konkreetsetele n\u00f5uetele, tagades meie klientidele optimaalsed lahendused.<\/p>\n<p><img decoding=\"async\" src=\"https:\/\/www.hydraulic-cylinders.net\/wp-content\/uploads\/2025\/04\/songte-company-4.webp\" alt=\"Ettev\u00f5tte tootmine\"><\/p>\n<p><img decoding=\"async\" src=\"https:\/\/www.hydraulic-cylinders.net\/wp-content\/uploads\/2025\/04\/songte-company-3.webp\" alt=\"Ettev\u00f5tte \u00fclevaade\"><\/p>\n<p>Lisateabe saamiseks meie toodete ja teenuste kohta v\u00f5tke meiega \u00fchendust. Oleme p\u00fchendunud kvaliteetsete lahenduste pakkumisele teie h\u00fcdraulikavajaduste rahuldamiseks.<\/p>\n<p>Autor: lyl<\/p>","protected":false},"excerpt":{"rendered":"<p>Boom Cylinder For Bobcat Small Excavator E26 Introduction to Boom Cylinder A boom cylinder, specifically designed for the Bobcat E26 small excavator, is a crucial component of hydraulic systems in heavy machinery. It is a type of hydraulic cylinder that governs the movement of the boom arm, allowing it to extend, retract, and pivot. This [&hellip;]<\/p>","protected":false},"featured_media":17880,"comment_status":"open","ping_status":"closed","template":"","meta":{"_et_pb_use_builder":"","_et_pb_old_content":"","_et_gb_content_width":""},"product_brand":[],"product_cat":[1546],"product_tag":[1547,1496],"class_list":{"0":"post-19405","1":"product","2":"type-product","3":"status-publish","4":"has-post-thumbnail","6":"product_cat-boom-cylinders","7":"product_tag-boom-cylinders","8":"product_tag-hydraulic-cylinders","10":"first","11":"instock","12":"shipping-taxable","13":"product-type-simple"},"amp_enabled":true,"_links":{"self":[{"href":"https:\/\/www.hydraulic-cylinders.net\/et\/wp-json\/wp\/v2\/product\/19405","targetHints":{"allow":["GET"]}}],"collection":[{"href":"https:\/\/www.hydraulic-cylinders.net\/et\/wp-json\/wp\/v2\/product"}],"about":[{"href":"https:\/\/www.hydraulic-cylinders.net\/et\/wp-json\/wp\/v2\/types\/product"}],"replies":[{"embeddable":true,"href":"https:\/\/www.hydraulic-cylinders.net\/et\/wp-json\/wp\/v2\/comments?post=19405"}],"wp:featuredmedia":[{"embeddable":true,"href":"https:\/\/www.hydraulic-cylinders.net\/et\/wp-json\/wp\/v2\/media\/17880"}],"wp:attachment":[{"href":"https:\/\/www.hydraulic-cylinders.net\/et\/wp-json\/wp\/v2\/media?parent=19405"}],"wp:term":[{"taxonomy":"product_brand","embeddable":true,"href":"https:\/\/www.hydraulic-cylinders.net\/et\/wp-json\/wp\/v2\/product_brand?post=19405"},{"taxonomy":"product_cat","embeddable":true,"href":"https:\/\/www.hydraulic-cylinders.net\/et\/wp-json\/wp\/v2\/product_cat?post=19405"},{"taxonomy":"product_tag","embeddable":true,"href":"https:\/\/www.hydraulic-cylinders.net\/et\/wp-json\/wp\/v2\/product_tag?post=19405"}],"curies":[{"name":"wp","href":"https:\/\/api.w.org\/{rel}","templated":true}]}}