{"id":19409,"date":"2025-04-07T06:33:06","date_gmt":"2025-04-07T06:33:06","guid":{"rendered":"https:\/\/www.hydraulic-cylinders.net\/product\/boom-cylinder-for-bobcat-small-excavator-e63\/"},"modified":"2025-04-07T06:33:09","modified_gmt":"2025-04-07T06:33:09","slug":"boom-cylinder-for-bobcat-small-excavator-e63","status":"publish","type":"product","link":"https:\/\/www.hydraulic-cylinders.net\/et\/toode\/boom-cylinder-for-bobcat-small-excavator-e63\/","title":{"rendered":"Bobcat v\u00e4ikese ekskavaatori E63 poomi silinder"},"content":{"rendered":"<h1>Bobcat v\u00e4ikese ekskavaatori E63 poomi silinder<\/h1>\n<h2>Sissejuhatus poomi silindritesse<\/h2>\n<p>See <strong>Poomi silinder<\/strong> on oluline h\u00fcdrauliline komponent, mis on spetsiaalselt loodud mitmesuguste raskete masinate, n\u00e4iteks ekskavaatorite, laadur-ekskavaatori ja esilaaduri liikumise juhtimiseks. See h\u00fcdrauliline silinder v\u00f5imaldab poomi t\u00f5sta, langetada ja kallutada, h\u00f5lbustades materjali k\u00e4itlemise \u00fclesandeid. Poomi silindrite funktsionaalsus on \u00fclioluline ehituses, p\u00f5llumajanduses ja paljudes t\u00f6\u00f6stuslikes rakendustes, pakkudes vajalikku v\u00f5imsust ja t\u00e4psust t\u00f5husaks t\u00f6\u00f6ks.<\/p>\n<p><img decoding=\"async\" src=\"https:\/\/www.hydraulic-cylinders.net\/wp-content\/uploads\/2025\/04\/songte-company-1.webp\" alt=\"Poomi silindri pilt\"><\/p>\n<h3>Kopasilindrite m\u00f5istmine<\/h3>\n<p>Kopasilindrid, mis on teatud t\u00fc\u00fcpi h\u00fcdraulilised silindrid, on spetsiaalselt loodud raskete masinate koppade liikumise juhtimiseks. Need on loodud tagama kontrollitud liikumise ja tugevuse, mis on oluline selliste \u00fclesannete jaoks nagu kaevamine, t\u00f5stmine ja materjalide transportimine. Nende silindrite t\u00f5hus t\u00f6\u00f6 on \u00fclioluline nende masinate j\u00f5udluse ja pikaealisuse tagamiseks, millesse need on integreeritud.<\/p>\n<h2>Poomi silindri omadused<\/h2>\n<ul>\n<li><strong>Suur tugevus ja vastupidavus:<\/strong> Need silindrid on valmistatud \u00fclitugevast terasest v\u00f5i alumiiniumist ning on loodud taluma k\u00f5rget r\u00f5hku ja suuri koormusi, mist\u00f5ttu sobivad need ideaalselt karmidesse t\u00f6\u00f6keskkondadesse.<\/li>\n<li><strong>T\u00f5hus h\u00fcdrauliline t\u00f6\u00f6:<\/strong> Poomi silinder kasutab sujuvaks pikendamiseks ja tagasit\u00f5mbamiseks h\u00fcdraulika\u00f5li r\u00f5hku, mis v\u00f5imaldab kiiret reageerimist juhtimisk\u00e4sklustele ning m\u00e4rkimisv\u00e4\u00e4rset t\u00f5uke- ja t\u00f5mbej\u00f5udu.<\/li>\n<li><strong>Erinevad t\u00fc\u00fcbid:<\/strong> Saadaval \u00fchetoimelise (\u00fches suunas t\u00f6\u00f6tav) v\u00f5i kahetoimelise (kahes suunas t\u00f6\u00f6tav) konfiguratsioonina, mis v\u00f5imaldab kohandamist vastavalt konkreetsetele t\u00f6\u00f6vajadustele. M\u00f5ned mudelid on teleskoopilised, et saavutada suurem ulatus ilma v\u00e4lism\u00f5\u00f5tmeid suurendamata.<\/li>\n<li><strong>Hoolduss\u00f5bralik disain:<\/strong> Lihtsaks hoolduseks loodud, tagades, et operaatorid saavad teostada kontrolle ja remonti minimaalse seisakuajaga.<\/li>\n<li><strong>Korrosiooni- ja kulumiskindlus:<\/strong> Suurem vastupidavus t\u00e4nu korrosiooni- ja h\u00f5\u00f5rdumiskindlatele katetele ja materjalivalikutele, pikendades toote eluiga.<\/li>\n<\/ul>\n<p>Meie ettev\u00f5te on spetsialiseerunud seda t\u00fc\u00fcpi toodete tootmisele, tagades ideaalse asenduse turul saadaolevatele mitmesugustele h\u00fcdrosilindritele.<\/p>\n<p><img decoding=\"async\" src=\"https:\/\/www.hydraulic-cylinders.net\/wp-content\/uploads\/2025\/04\/songte-cylinder-head-with-all-kinds-excavator-models.webp\" alt=\"Ekskavaatori mudeli pilt\"><\/p>\n<h2>Poomi silindri rakendused<\/h2>\n<h3>Ehitustehnika<\/h3>\n<p>Ekskavaatorites m\u00e4ngivad noolesilindrid olulist rolli mulla v\u00f5i prahi kaevamisel, laadimisel ja transportimisel. Nende konstruktsioon v\u00f5imaldab v\u00f5imsaid liigutusi, tagades t\u00f5husa t\u00f6\u00f6 erinevates ehitust\u00f6\u00f6des.<\/p>\n<h3>P\u00f5llumajandustehnika<\/h3>\n<p>Esilaadurites vastutavad noolesilindrid mulla, heina ja muude materjalide kopa t\u00f5stmise, t\u00f5stmise ja transportimise eest. Need silindrid pakuvad vajalikku j\u00f5udu suurte koormate t\u00f5husaks k\u00e4sitsemiseks, muutes need p\u00f5llumajanduses asendamatuks.<\/p>\n<h3>Ekskavaatori kasutamine<\/h3>\n<p>Ekskavaatorites v\u00f5imaldab noole silinder kopal maasse tungida, h\u00f5lbustades t\u00f5husat kaevamist. Nende tugevus ja t\u00e4psus suurendavad masina \u00fcldist tootlikkust.<\/p>\n<h3>Laadija rakendused<\/h3>\n<p>Esilaadurites on noolesilindrid koormate t\u00f5husaks t\u00f5stmiseks ja t\u00fchjendamiseks h\u00e4davajalikud. Nende t\u00f6\u00f6kindlus ja v\u00f5imsus on v\u00f5tmet\u00e4htsusega \u00fclesannete t\u00e4itmisel erinevates t\u00f6\u00f6stusharudes, sealhulgas ehituses ja j\u00e4\u00e4tmek\u00e4itluses.<\/p>\n<h2>Projekteerimiskaalutlused ja valikukriteeriumid<\/h2>\n<h3>Kandev\u00f5ime<\/h3>\n<p>Poomi silindri kandev\u00f5ime on \u00fcks peamisi projekteerimiskaalutlusi. See peab suutma taluda t\u00f5stetavate ja liigutatavate koormate raskust. See h\u00f5lmab vajaliku h\u00fcdraulilise r\u00f5hu arvutamist ja selle tagamist, et kasutatavad materjalid taluvad j\u00f5udu ilma paindumata v\u00f5i purunemata. K\u00f5rgtugevad materjalid on kriitilise t\u00e4htsusega vajalike koormusn\u00e4itajate saavutamiseks, mis m\u00f5jutavad otseselt masina j\u00f5udlust ja ohutust. Insenerid peavad silindreid erinevates tingimustes rangelt testima, et tagada nende vastavus t\u00f6\u00f6stusstandarditele v\u00f5i nende \u00fcletamine.<\/p>\n<h3>Tihendus ja vastupidavus<\/h3>\n<p>H\u00fcdrosilindri tihenduss\u00fcsteem on selle pikaealisuse ja efektiivsuse jaoks \u00fclioluline. Kvaliteetsed tihendid hoiavad \u00e4ra h\u00fcdraulikavedeliku lekked, mis v\u00f5ivad p\u00f5hjustada j\u00f5udlusprobleeme ja suurendada hoolduskulusid. Selliste materjalide nagu pol\u00fcuretaan ja nitriilkummi kasutamine on sageli vajalik nende vastupidavuse ja kulumiskindluse t\u00f5ttu. Lisaks peaks konstruktsioon v\u00f5imaldama tihendite h\u00f5lpsat vahetamist ilma ulatusliku lahtiv\u00f5tmiseta, muutes hoolduse lihtsamaks ja kulut\u00f5husamaks. H\u00e4sti tihendatud silinder tagab \u00fchtlase r\u00f5hutaseme, suurendades masina \u00fcldist efektiivsust.<\/p>\n<h3>Turvaelemendid<\/h3>\n<p>Ohutus on noolesilindrite projekteerimisel esmat\u00e4htis. Sellised omadused nagu r\u00f5huvabastusventiilid ja \u00fclekoormuskaitse mehhanismid on kahjustuste v\u00e4ltimiseks ja ohutu t\u00f6\u00f6 tagamiseks \u00fcliolulised. Need ohutuskomponendid aitavad hallata h\u00fcdraulilist r\u00f5hku ja ennetada s\u00fcsteemi rikkeid, kaitstes nii operaatorit kui ka masinaid. Nende funktsioonide etten\u00e4htud otstarbel toimimise tagamiseks on vajalikud regulaarsed ohutuskontrollid ja hooldusgraafikute j\u00e4rgimine. Projekteerimisel tuleks arvestada ka silindri t\u00f6\u00f6keskkonnaga, sealhulgas v\u00f5imalike ohtudega, mis v\u00f5ivad ohutust kahjustada.<\/p>\n<p><img decoding=\"async\" src=\"https:\/\/www.hydraulic-cylinders.net\/wp-content\/uploads\/2025\/04\/songte-oil-pipes-and-spare-parts.webp\" alt=\"\u00d5litorude ja varuosade pilt\"><\/p>\n<h2>Tihendus ja m\u00e4\u00e4rimine<\/h2>\n<p>T\u00f5hus tihendamine ja m\u00e4\u00e4rimine on h\u00fcdrauliliste silindrite j\u00f5udluse seisukohalt kriitilise t\u00e4htsusega. Lekete v\u00e4ltimiseks ja h\u00fcdraulilise r\u00f5hu s\u00e4ilitamiseks kasutatakse mitmesuguseid tihendeid, n\u00e4iteks kolvi- ja varrastihendeid. Need tihendid on sageli valmistatud vastupidavatest materjalidest, sealhulgas pol\u00fcuretaanist ja nitriilkummist, et taluda kulumist ja pakkuda usaldusv\u00e4\u00e4rset kaitset vedeliku kadude eest. Silindri korpus ja keermestatud otsapinnad l\u00e4bivad t\u00e4pse viimistluse, et parandada kulumiskindlust, tagades silindri funktsionaalsuse s\u00e4ilimise aja jooksul. Regulaarne m\u00e4\u00e4rimine sobiva h\u00fcdraulika\u00f5liga on vajalik h\u00f5\u00f5rdumise minimeerimiseks ja kulumise v\u00e4ltimiseks, pikendades silindri eluiga ja tagades sujuva t\u00f6\u00f6.<\/p>\n<h2>Ennetavad hooldusmeetmed<\/h2>\n<ul>\n<li><strong>Regulaarsed kontrollid:<\/strong> Tehke regulaarseid kontrolle kulumise, lekete v\u00f5i kahjustuste m\u00e4rke avastamiseks. Probleemide varajane avastamine aitab \u00e4ra hoida suuremaid probleeme ja seisakuid.<\/li>\n<li><strong>\u00d5ige m\u00e4\u00e4rimine:<\/strong> Veenduge, et h\u00fcdraulika\u00f5li tase on piisav, ja kandke optimaalse j\u00f5udluse s\u00e4ilitamiseks m\u00e4\u00e4rdeainet k\u00f5igile liikuvatele osadele vastavalt tootja soovitustele.<\/li>\n<li><strong>Tihendi vahetamine:<\/strong> Lekete v\u00e4ltimiseks ja h\u00fcdraulilise r\u00f5hu s\u00e4ilitamiseks kontrollige ja vahetage tihendeid regulaarselt, kui need n\u00e4itavad kulumism\u00e4rke.<\/li>\n<\/ul>\n<h2>Paigaldusjuhised<\/h2>\n<p>Poomi silindri \u00f5ige paigaldamine on optimaalse j\u00f5udluse saavutamiseks h\u00e4davajalik. Alustage sellest, et t\u00f6\u00f6ruum oleks puhas ja prahist vaba. Kasutage silindri kinnitamiseks sobivaid kinnitusklambreid, veendudes, et see on joondatud h\u00fcdros\u00fcsteemiga, et v\u00e4ltida silindri liigset koormust. Silindri kahjustamise v\u00e4ltimiseks j\u00e4rgige poltide kinnitamisel tootja spetsifikatsioone p\u00f6\u00f6rdemomendi s\u00e4tete kohta. P\u00e4rast paigaldamist \u00fchendage h\u00fcdrovoolikud, veendudes, et pole lekkeid. L\u00f5puks testige silindri t\u00f6\u00f6d koormuse all, et veenduda, et k\u00f5ik toimib ootusp\u00e4raselt. Regulaarsed kontrollid p\u00e4rast paigaldamist aitavad s\u00e4ilitada selle j\u00f5udlust ja ohutust.<\/p>\n<h2>Levinumad hooldust\u00f6\u00f6d<\/h2>\n<h3>Perioodilised \u00fclevaatused<\/h3>\n<p>Tehke regulaarseid kontrolle, et tuvastada v\u00f5imalikud probleemid enne nende s\u00fcvenemist. See h\u00f5lmab lekete, kulumise ja \u00f5ige joonduse kontrollimist. Nende kontrollide arvestuse pidamine aitab j\u00e4lgida ballooni seisukorda aja jooksul ja koostada hooldusgraafikuid.<\/p>\n<h3>\u00d5ige m\u00e4\u00e4rimine<\/h3>\n<p>M\u00e4\u00e4rimine on h\u00f5\u00f5rdumise ja kulumise v\u00e4hendamiseks \u00fclioluline. Veenduge, et k\u00f5ik liikuvad osad oleksid piisavalt m\u00e4\u00e4ritud \u00f5iget t\u00fc\u00fcpi h\u00fcdraulika\u00f5liga, et s\u00e4ilitada efektiivsus ja pikendada silindri eluiga. Kontrollige regulaarselt \u00f5litaset ja lisage vastavalt vajadusele.<\/p>\n<h3>Tihendi vahetamine ja kalibreerimise kontrollimine<\/h3>\n<p>Kontrollige regulaarselt tihendeid kulumisj\u00e4lgede suhtes ja vahetage need vastavalt vajadusele v\u00e4lja, et v\u00e4ltida lekkeid. Kalibreerimiskontrollid tagavad, et balloon t\u00f6\u00f6tab kindlaksm\u00e4\u00e4ratud parameetrite piires, v\u00f5imaldades t\u00e4pset juhtimist ja j\u00f5udlust. Nende kontrollide p\u00f5hjal vajalike kohanduste tegemine suurendab ballooni efektiivsust ja ohutust.<\/p>\n<p><img decoding=\"async\" src=\"https:\/\/www.hydraulic-cylinders.net\/wp-content\/uploads\/2025\/04\/songte-chushion-collar.webp\" alt=\"Padjakrae pilt\"><\/p>\n<h2>Ohutuskaalutlused ja keskkonnategurid<\/h2>\n<p>H\u00fcdrauliliste s\u00fcsteemidega tegelemisel on ohutusmeetmed \u00fcliolulised. Operaatorid peavad olema koolitatud \u00f5igete k\u00e4sitsemistehnikate osas, et v\u00e4ltida \u00f5nnetusi ja vigastusi. Lisaks aitab keskkonnas\u00f5braliku h\u00fcdraulikavedeliku kasutamine lekete v\u00f5i mahavoolanud ainete \u00f6koloogilist m\u00f5ju minimeerida. Regulaarne koolitus ja ohutusprotokollide j\u00e4rgimine aitavad luua ohutuma t\u00f6\u00f6keskkonna.<\/p>\n<h2>Levinud probleemide t\u00f5rkeotsing<\/h2>\n<ul>\n<li><strong>Leke:<\/strong> Tuvastage lekke allikas, mis v\u00f5ib tuleneda kulunud tihenditest v\u00f5i kahjustatud liitmikest. Vahetage tihendid v\u00e4lja ja veenduge, et k\u00f5ik \u00fchendused on tihedad.<\/li>\n<li><strong>Ebaj\u00e4rjekindel j\u00f5udlus:<\/strong> Kontrollige h\u00fcdraulikavedeliku taset ja veenduge, et s\u00fcsteem oleks saasteainetest vaba. Puhastage filtrid ja vajadusel vahetage vedelikke.<\/li>\n<li><strong>Aeglane t\u00f6\u00f6:<\/strong> Kontrollige h\u00fcdraulikavoolikute ummistusi ja veenduge, et pump t\u00f6\u00f6tab korralikult. S\u00fcsteemi j\u00e4\u00e4nud \u00f5hk v\u00f5ib samuti aeglustada t\u00f6\u00f6d ja see tuleks v\u00e4lja lasta.<\/li>\n<\/ul>\n<h2>Veaotsingu n\u00e4pun\u00e4ited<\/h2>\n<p>Probleemide t\u00f5husaks diagnoosimiseks ja lahendamiseks peaksid operaatorid tutvuma h\u00fcdraulikas\u00fcsteemi spetsifikatsioonidega. Regulaarne koolitus aitab probleeme kiiresti tuvastada. Ennetavad meetmed, nagu rutiinne hooldus ja n\u00f5uetekohased t\u00f6\u00f6tavad, on potentsiaalsete probleemide minimeerimiseks h\u00e4davajalikud. Ennetava hooldusgraafiku rakendamine v\u00f5ib ootamatute rikete t\u00f5en\u00e4osust oluliselt v\u00e4hendada.<\/p>\n<p><img decoding=\"async\" src=\"https:\/\/www.hydraulic-cylinders.net\/wp-content\/uploads\/2025\/04\/songte-bushings-with-all-kinds-of-excavator-models.webp\" alt=\"Pukside pilt\"><\/p>\n<h2>Meie ettev\u00f5ttest<\/h2>\n<p>Oleme juhtiv h\u00fcdrosilindrite tootja ja hulgim\u00fc\u00fcja, mis on spetsialiseerunud kvaliteetsete asendussilindrite pakkumisele turule. Meie ettev\u00f5te on uhke oma tipptaseme \u00fcle, pakkudes t\u00e4ppistootmist ja p\u00fchendumust kvaliteedile. Kasutame t\u00e4iustatud tehnoloogiat, oskuslikku personali ja t\u00f5husaid tootmisprotsesse, et rahuldada oma klientide mitmekesiseid vajadusi. Meie rahvusvahelised sertifikaadid ja eritellimusel teenused r\u00f5hutavad meie p\u00fchendumust tipptasemel toodete pakkumisele. Tugevate tootmisv\u00f5imaluste ja klientide rahulolule keskendumisega p\u00fc\u00fcame luua pikaajalisi suhteid nii sise- kui ka rahvusvahelistel turgudel.<\/p>\n<p><img decoding=\"async\" src=\"https:\/\/www.hydraulic-cylinders.net\/wp-content\/uploads\/2025\/04\/songte-company-4.webp\" alt=\"Ettev\u00f5tte pilt 1\"><br \/>\n<img decoding=\"async\" src=\"https:\/\/www.hydraulic-cylinders.net\/wp-content\/uploads\/2025\/04\/songte-company-3.webp\" alt=\"Ettev\u00f5tte pilt 2\"><\/p>\n<p>Autor: lyl<\/p>","protected":false},"excerpt":{"rendered":"<p>Boom Cylinder For Bobcat Small Excavator E63 Introduction to Boom Cylinders The Boom Cylinder is an essential hydraulic component designed specifically for controlling the movement of various heavy machinery, such as excavators, backhoe loaders, and front loaders. This hydraulic cylinder enables the boom to lift, lower, and tilt, facilitating material handling tasks. The functionality of [&hellip;]<\/p>","protected":false},"featured_media":17869,"comment_status":"open","ping_status":"closed","template":"","meta":{"_et_pb_use_builder":"","_et_pb_old_content":"","_et_gb_content_width":""},"product_brand":[],"product_cat":[1546],"product_tag":[1547,1496],"class_list":{"0":"post-19409","1":"product","2":"type-product","3":"status-publish","4":"has-post-thumbnail","6":"product_cat-boom-cylinders","7":"product_tag-boom-cylinders","8":"product_tag-hydraulic-cylinders","10":"first","11":"instock","12":"shipping-taxable","13":"product-type-simple"},"amp_enabled":true,"_links":{"self":[{"href":"https:\/\/www.hydraulic-cylinders.net\/et\/wp-json\/wp\/v2\/product\/19409","targetHints":{"allow":["GET"]}}],"collection":[{"href":"https:\/\/www.hydraulic-cylinders.net\/et\/wp-json\/wp\/v2\/product"}],"about":[{"href":"https:\/\/www.hydraulic-cylinders.net\/et\/wp-json\/wp\/v2\/types\/product"}],"replies":[{"embeddable":true,"href":"https:\/\/www.hydraulic-cylinders.net\/et\/wp-json\/wp\/v2\/comments?post=19409"}],"wp:featuredmedia":[{"embeddable":true,"href":"https:\/\/www.hydraulic-cylinders.net\/et\/wp-json\/wp\/v2\/media\/17869"}],"wp:attachment":[{"href":"https:\/\/www.hydraulic-cylinders.net\/et\/wp-json\/wp\/v2\/media?parent=19409"}],"wp:term":[{"taxonomy":"product_brand","embeddable":true,"href":"https:\/\/www.hydraulic-cylinders.net\/et\/wp-json\/wp\/v2\/product_brand?post=19409"},{"taxonomy":"product_cat","embeddable":true,"href":"https:\/\/www.hydraulic-cylinders.net\/et\/wp-json\/wp\/v2\/product_cat?post=19409"},{"taxonomy":"product_tag","embeddable":true,"href":"https:\/\/www.hydraulic-cylinders.net\/et\/wp-json\/wp\/v2\/product_tag?post=19409"}],"curies":[{"name":"wp","href":"https:\/\/api.w.org\/{rel}","templated":true}]}}