{"id":19410,"date":"2025-04-07T06:33:09","date_gmt":"2025-04-07T06:33:09","guid":{"rendered":"https:\/\/www.hydraulic-cylinders.net\/product\/boom-cylinder-for-bobcat-small-excavator-e324\/"},"modified":"2025-04-07T06:33:12","modified_gmt":"2025-04-07T06:33:12","slug":"boom-cylinder-for-bobcat-small-excavator-e324","status":"publish","type":"product","link":"https:\/\/www.hydraulic-cylinders.net\/et\/toode\/boom-cylinder-for-bobcat-small-excavator-e324\/","title":{"rendered":"Bobcat v\u00e4ikeekskavaatori E324 poomi silinder"},"content":{"rendered":"<h1>Bobcat v\u00e4ikeekskavaatori E324 poomi silinder<\/h1>\n<h2>Toote \u00fclevaade<\/h2>\n<p>Bobcat Small Excavator E324 poomi silinder on oluline h\u00fcdrauliline komponent, mis on spetsiaalselt loodud ekskavaatorite poomi liikumise juhtimiseks. See h\u00fcdrauliline silinder h\u00f5lbustab kopa t\u00f5stmist, langetamist ja kallutamist, mis on oluline mitmesuguste materjalik\u00e4itlust\u00f6\u00f6de jaoks. Kopa silinder on kohandatud vastu pidama ehitus- ja kaevet\u00f6\u00f6dele iseloomulikele n\u00f5udlikele keskkondadele.<\/p>\n<p><img decoding=\"async\" src=\"https:\/\/www.hydraulic-cylinders.net\/wp-content\/uploads\/2025\/04\/songte-company-1.webp\" alt=\"Poomi silinder\"><\/p>\n<h3>Definitsioon ja funktsioon<\/h3>\n<p>Kopa silinder, mis on teatud t\u00fc\u00fcpi h\u00fcdrauliline silinder, on spetsiaalselt loodud ekskavaatorite, laadurite ja esilaadurite raskete masinate koppade liikumise juhtimiseks. See h\u00fcdrauliline komponent muundab h\u00fcdraulilise energia mehaaniliseks energiaks, v\u00f5imaldades kopal t\u00e4ita olulisi \u00fclesandeid, nagu kaevamine, t\u00f5stmine ja materjalide t\u00f5hus teisaldamine. Nende silindrite disain r\u00f5hutab vastupidavust ja t\u00f6\u00f6kindlust, tagades, et need taluvad k\u00f5rget r\u00f5hku ja raskeid koormusi erinevates t\u00f6\u00f6tingimustes.<\/p>\n<h2>Poomi silindri omadused<\/h2>\n<ul>\n<li><strong>Suur tugevus ja vastupidavus:<\/strong> K\u00f5rgtugevast terasest v\u00f5i alumiiniumist valmistatud silinder on loodud taluma k\u00f5rget r\u00f5hku ja suuri koormusi, mist\u00f5ttu sobib see karmidesse t\u00f6\u00f6keskkondadesse. Selle disain keskendub kulumiskindlusele ja korrosioonikaitsele, pikendades selle eluiga.<\/li>\n<li><strong>T\u00f5hus h\u00fcdrauliline t\u00f6\u00f6:<\/strong> H\u00fcdraulika\u00f5li r\u00f5hku kasutades tagab silinder sujuva pikenemise ja tagasit\u00f5mbumise, reageerides kiiresti juhtimisk\u00e4sklustele ning pakkudes m\u00e4rkimisv\u00e4\u00e4rset t\u00f5uke- ja t\u00f5mbej\u00f5udu, mis sobib ideaalselt raskete ja keerukate \u00fclesannete t\u00e4itmiseks.<\/li>\n<li><strong>Erinevad t\u00fc\u00fcbid:<\/strong> Saadaval erinevates konfiguratsioonides, sh \u00fchetoimelised (h\u00fcdrauliline toime \u00fches suunas) ja kahetoimelised (h\u00fcdrauliline toime m\u00f5lemas suunas). Teatud mudelitel on teleskoopkonstruktsioonid, mis v\u00f5imaldavad suuremat pikendust ilma v\u00e4lism\u00f5\u00f5tmeid suurendamata, sobides kitsastesse ruumidesse.<\/li>\n<li><strong>Mitmek\u00fclgsed rakendused:<\/strong> Poomi silindri kohandatavus muudab selle sobivaks mitmesugusteks rakendusteks erinevat t\u00fc\u00fcpi masinatel, suurendades selle kasutatavust erinevates t\u00f6\u00f6stusharudes.<\/li>\n<li><strong>T\u00e4ppistehnika:<\/strong> Valmistatud suure t\u00e4psusega, tagades suurep\u00e4rase j\u00f5udluse ja \u00fchilduvuse laia valiku masinamudelitega.<\/li>\n<\/ul>\n<p>Meie toodame seda toodet ja meie h\u00fcdrosilindrid suudavad olemasolevaid mudeleid ideaalselt asendada.<\/p>\n<p><img decoding=\"async\" src=\"https:\/\/www.hydraulic-cylinders.net\/wp-content\/uploads\/2025\/04\/songte-cylinder-head-with-all-kinds-excavator-models.webp\" alt=\"Ekskavaatorite h\u00fcdrauliline silinder\"><\/p>\n<h2>Poomi silindri rakendused<\/h2>\n<h3>Ehitustehnika<\/h3>\n<p>Ehitusmasinates on noolesilindrid ekskavaatorite lahutamatu osa, h\u00f5lbustades kaevamist, laadimist ja pinnase v\u00f5i prahi teisaldamist. Need annavad vajaliku j\u00f5u noole pikendamiseks ja tagasit\u00f5mbamiseks, v\u00f5imaldades kaevamist\u00f6\u00f6de ajal t\u00f5husat t\u00f6\u00f6tamist. Nende silindrite pakutav t\u00e4pne juhtimine tagab materjalide ohutu ja t\u00f5husa k\u00e4itlemise, maksimeerides t\u00f6\u00f6platsi tootlikkust.<\/p>\n<h3>P\u00f5llumajandustehnika<\/h3>\n<p>P\u00f5llumajandusmasinates kasutavad esilaadurid mulla, heina ja muude materjalide kopeerimiseks, t\u00f5stmiseks ja transportimiseks noolesilindreid. Need silindrid suurendavad laadurite mitmek\u00fclgsust, v\u00f5imaldades neil t\u00e4ita mitmesuguseid \u00fclesandeid alates materjalide laadimisest haagistele kuni p\u00f5ldude puhastamiseni. Nende t\u00f6\u00f6kindlus on p\u00f5llumajandustegevuse efektiivsuse s\u00e4ilitamiseks \u00fclioluline.<\/p>\n<h3>Ekskavaatorid<\/h3>\n<p>Ekskavaatorite puhul on noole silinder \u00fclioluline, et kopp saaks pinnasesse tungida ja kaevamistoiminguid h\u00f5lbustada. See h\u00fcdrauliline komponent on konstrueeritud pakkuma vajalikku j\u00f5udu k\u00f5va pinnase l\u00e4bisurumiseks, mis on oluline vundamendit\u00f6\u00f6deks ja platsi ettevalmistamiseks. Noole silindri efektiivsus m\u00f5jutab otseselt ekskavaatori \u00fcldist j\u00f5udlust ja tootlikkust.<\/p>\n<h3>Laadurid<\/h3>\n<p>Esilaadurites aitavad noolesilindrid koormaid t\u00f5husalt t\u00f5sta ja t\u00fchjendada. Nende v\u00f5ime koppa kiiresti t\u00f5sta ja langetada on \u00fclioluline selliste toimingute puhul nagu materjalide laadimine veoautodesse ja varude mahalaadimine. See efektiivsus mitte ainult ei s\u00e4\u00e4sta aega, vaid suurendab ka laadimisprotsessi ohutust ja t\u00f5husust.<\/p>\n<h2>Kujunduskaalutlused<\/h2>\n<h3>Kandev\u00f5ime<\/h3>\n<p>Poomi silindri projekteerimisel on kandev\u00f5ime esmat\u00e4htis kaalutlus. See m\u00e4\u00e4rab maksimaalse raskuse, mida silinder suudab ohutult t\u00f5sta ilma konstruktsiooni terviklikkust kahjustamata. Tootjad peavad arvestama v\u00f5imalike \u00fclekoormustingimustega ja tagama, et silindri materjal talub t\u00f6\u00f6tamise ajal tekkivaid j\u00f5ude.<\/p>\n<h3>Tihendus<\/h3>\n<p>T\u00f5hus tihendus on oluline h\u00fcdraulilise vedeliku lekete v\u00e4ltimiseks ja silindri r\u00f5hu s\u00e4ilitamiseks. Vastupidavuse ja j\u00f5udluse suurendamiseks kasutatakse t\u00e4iustatud tihendustehnoloogiaid, sealhulgas kolvitihendeid ja varrastihendeid, mis on valmistatud sellistest materjalidest nagu pol\u00fcuretaan ja nitriilkummi. N\u00f5uetekohane tihendus tagab h\u00fcdraulikas\u00fcsteemi pikaealisuse ja v\u00e4hendab hooldusvajadust.<\/p>\n<h3>Vastupidavus<\/h3>\n<p>Vastupidavus on h\u00fcdrauliliste silindrite projekteerimisel kriitilise t\u00e4htsusega tegur. Kasutatavad materjalid peavad olema kulumiskindlad, korrosioonikindlad ja survev\u00e4simuse suhtes vastupidavad. Kvaliteetsed materjalid ja katted v\u00f5ivad silindri eluiga oluliselt pikendada, muutes selle rasketes t\u00f6\u00f6tingimustes t\u00f6\u00f6kindlamaks.<\/p>\n<h3>Ohutus<\/h3>\n<p>Ohutusfunktsioonid on h\u00fcdraulilise silindri konstruktsiooni lahutamatu osa. Tootjad peavad lisama konstruktsioonielemente, mis hoiavad \u00e4ra katastroofilised rikkeid, n\u00e4iteks purunevad kettad v\u00f5i r\u00f5hukaitseklapid, et kaitsta operaatoreid ja masinaid. Lisaks peab silinder olema konstrueeritud nii, et see taluks ootamatuid koormusi ilma riketeta.<\/p>\n<h3>Hooldatavus<\/h3>\n<p>Teine oluline kaalutlus on hoolduse lihtsus. Konstruktsioon peaks v\u00f5imaldama tihendite ja muude komponentide lihtsat kontrollimist ja vahetamist ilma ulatusliku lahtiv\u00f5tmiseta. Lihtne juurdep\u00e4\u00e4s hoolduspunktidele aitab pikendada silindri eluiga ja minimeerida seisakuid remondi ajal.<\/p>\n<p><img decoding=\"async\" src=\"https:\/\/www.hydraulic-cylinders.net\/wp-content\/uploads\/2025\/04\/songte-oil-pipes-and-spare-parts.webp\" alt=\"\u00d5litorud ja varuosad\"><\/p>\n<h2>Tihendus ja m\u00e4\u00e4rimine<\/h2>\n<p>H\u00fcdrauliliste silindrite optimaalse j\u00f5udluse tagamiseks on \u00fclioluline korralik tihendamine ja m\u00e4\u00e4rimine. H\u00fcdraulilise vedeliku lekete v\u00e4ltimiseks kasutatakse mitmesuguseid tihendite t\u00fc\u00fcpe, sealhulgas kolvitihendeid ja vardatihendeid. Tihendid on sageli valmistatud vastupidavatest materjalidest, nagu pol\u00fcuretaan ja nitriilkummi, et need taluksid h\u00fcdrauliliste rakenduste n\u00f5udlikke tingimusi.<\/p>\n<p>Silindri korpus ja keermestatud otsapinnad l\u00e4bivad hoolika viimistluse, et suurendada kulumiskindlust ja tagada tihe tihend. Regulaarne m\u00e4\u00e4rimine sobiva h\u00fcdraulika\u00f5liga on oluline optimaalse j\u00f5udluse s\u00e4ilitamiseks, h\u00f5\u00f5rdumise v\u00e4hendamiseks ja sisemiste komponentide kulumise v\u00e4ltimiseks. Silindri pikaealisuse ja efektiivsuse tagamiseks on vaja perioodiliselt kontrollida ja t\u00e4iendada h\u00fcdraulika\u00f5li taset.<\/p>\n<h2>Ennetavad hooldusmeetmed<\/h2>\n<ul>\n<li><strong>Regulaarsed kontrollid:<\/strong> Tehke regulaarseid kontrolle, et kontrollida lekkeid, kulumisj\u00e4lgi ja v\u00f5imalikke probleeme, mis v\u00f5ivad p\u00f5hjustada rikkeid. Regulaarsed kontrollid aitavad probleeme varakult tuvastada, tagades \u00f5igeaegse hoolduse ja v\u00e4hendades seadmete seisakute ohtu.<\/li>\n<li><strong>\u00d5ige m\u00e4\u00e4rimine:<\/strong> Veenduge, et h\u00fcdraulikas\u00fcsteem on piisavalt m\u00e4\u00e4ritud, et minimeerida h\u00f5\u00f5rdumist liikuvate osade vahel. Optimaalse j\u00f5udluse s\u00e4ilitamiseks kasutage tootja soovitatud h\u00fcdraulika\u00f5li ja j\u00e4rgige m\u00e4\u00e4rimisgraafikut.<\/li>\n<li><strong>Tihendi vahetamine:<\/strong> Kontrollige regulaarselt tihendeid kulumise v\u00f5i kahjustuste suhtes. Tihendite vajadusel vahetamine aitab v\u00e4ltida h\u00fcdraulikavedeliku lekkeid ja s\u00e4ilitada s\u00fcsteemi r\u00f5hku, tagades h\u00fcdraulikas\u00fcsteemi t\u00f5hususe ja t\u00f6\u00f6kindluse.<\/li>\n<\/ul>\n<h2>Paigaldusjuhised<\/h2>\n<p>Poomi silindri \u00f5ige paigaldamine on optimaalse j\u00f5udluse ja pikaealisuse tagamiseks h\u00e4davajalik. Alustage paigalduskoha ettevalmistamisest, veendudes, et k\u00f5ik komponendid on puhtad ja prahist vabad. Joondage silinder t\u00e4pselt ja veenduge, et see on korralikult toetatud, kasutades sobivaid kinnitusklambreid, et v\u00e4ltida joondamise h\u00e4ireid t\u00f6\u00f6tamise ajal.<\/p>\n<p>Paigaldamise ajal on oluline j\u00e4rgida tootja juhiseid pingutusmomentide kohta, et v\u00e4ltida silindri v\u00f5i kinnitusdetailide kahjustamist. P\u00e4rast paigaldamist kontrollige h\u00fcdraulikas\u00fcsteemi lekete suhtes ja veenduge, et silinder t\u00f6\u00f6tab sujuvalt kogu oma liikumisulatuses. P\u00e4rast paigaldamist tuleks regulaarselt kontrollida, et tagada j\u00e4tkuv j\u00f5udlus ja ohutus.<\/p>\n<h2>Levinumad hooldust\u00f6\u00f6d<\/h2>\n<ul>\n<li><strong>Regulaarsed kontrollid:<\/strong> Tehke regulaarselt h\u00fcdrosilindri p\u00f5hjalikke kontrolle, et tuvastada kulumise v\u00f5i kahjustuste m\u00e4rke. See h\u00f5lmab lekete kontrollimist, tihendite uurimist ja k\u00f5igi \u00fchenduste kinnituse tagamist. Regulaarsed kontrollid aitavad avastada potentsiaalseid probleeme enne, kui need s\u00fcvenevad ja t\u00f5sisemate probleemideni viivad.<\/li>\n<li><strong>\u00d5ige m\u00e4\u00e4rimine:<\/strong> M\u00e4\u00e4rimine on silindri h\u00f5\u00f5rdumise ja kulumise v\u00e4hendamiseks \u00fclioluline. J\u00e4rgige soovitatud m\u00e4\u00e4rimisgraafikut ja kasutage sujuva t\u00f6\u00f6 tagamiseks sobivat h\u00fcdraulika\u00f5li. N\u00f5uetekohane m\u00e4\u00e4rimine pikendab h\u00fcdraulikas\u00fcsteemi eluiga ja minimeerib hooldusvajadust.<\/li>\n<li><strong>Tihendi vahetamine:<\/strong> Aja jooksul v\u00f5ivad tihendid kuluda v\u00f5i kahjustuda, mis v\u00f5ib p\u00f5hjustada lekkeid. Kontrollige regulaarselt tihendeid ja vahetage need vastavalt vajadusele, et s\u00e4ilitada optimaalne j\u00f5udlus ja v\u00e4ltida vedeliku kadu. T\u00f5hus tihendus tagab h\u00fcdros\u00fcsteemi t\u00f5hususe ja suurendab ohutust.<\/li>\n<\/ul>\n<p>Paigaldamise ajal veenduge, et silinder oleks korralikult joondatud ja sobivate kinnitusklambritega kinnitatud. See joondamine on \u00fclioluline, et v\u00e4ltida t\u00f6\u00f6tamise ajal valejoondust, mis v\u00f5ib p\u00f5hjustada enneaegset kulumist ja rikkeid. Lisage oma hoolduskavasse soovitatud kontrolli-, remondi- ja vahetusprotseduurid, et maksimeerida silindri eluiga.<\/p>\n<p><img decoding=\"async\" src=\"https:\/\/www.hydraulic-cylinders.net\/wp-content\/uploads\/2025\/04\/songte-chushion-collar.webp\" alt=\"Padjakaelus\"><\/p>\n<h2>Ohutuskaalutlused<\/h2>\n<p>H\u00fcdrauliliste silindrite kasutamisel on \u00fclioluline rakendada ohutusmeetmeid. Kasutajad peaksid olema teadlikud silindri t\u00f6\u00f6piiridest, sealhulgas kandev\u00f5imest, et v\u00e4ltida \u00fclekoormust, mis v\u00f5ib viia katastroofiliste riketeni. Operaatorite n\u00f5uetekohane koolitus ohutu k\u00e4sitsemise tavade kohta on oluline h\u00fcdrauliliste s\u00fcsteemidega seotud riskide minimeerimiseks.<\/p>\n<h2>Veaotsing ja levinud probleemid<\/h2>\n<ul>\n<li><strong>Lekkeprobleemid:<\/strong> \u00dcks levinumaid probleeme h\u00fcdrosilindritega on leke, mille p\u00f5hjuseks on sageli kulunud tihendid. Regulaarne kontroll ja tihendite \u00f5igeaegne vahetamine aitavad seda probleemi leevendada.<\/li>\n<li><strong>R\u00f5hu langus:<\/strong> S\u00fcsteemi r\u00f5hu langus v\u00f5ib viidata leketele v\u00f5i ummistustele h\u00fcdraulikavoolikutes. Probleemi allika kindlakstegemine p\u00f5hjalike kontrollide abil on t\u00f5husa lahenduse leidmiseks \u00fclioluline.<\/li>\n<li><strong>Aeglane t\u00f6\u00f6:<\/strong> Kui silinder t\u00f6\u00f6tab tavap\u00e4rasest aeglasemalt, v\u00f5ib see viidata m\u00e4\u00e4rimisvajadusele v\u00f5i h\u00fcdraulikavedeliku v\u00f5imalikule saastumisele. Selle probleemi v\u00e4ltimiseks on vaja regulaarset hooldust ja vedeliku kvaliteedi j\u00e4lgimist.<\/li>\n<\/ul>\n<p>Nende probleemide t\u00f5husaks diagnoosimiseks ja lahendamiseks peaksid kasutajad j\u00e4rgima s\u00fcstemaatilist l\u00e4henemisviisi, mis h\u00f5lmab tihendite kontrollimist, torude ummistuste kontrollimist ja n\u00f5uetekohase m\u00e4\u00e4rimise tagamist. Ennetavad meetmed, nagu regulaarne hooldus ja \u00fclevaatused, v\u00f5ivad nende probleemide tekkimise t\u00f5en\u00e4osust oluliselt v\u00e4hendada.<\/p>\n<p><img decoding=\"async\" src=\"https:\/\/www.hydraulic-cylinders.net\/wp-content\/uploads\/2025\/04\/songte-bushings-with-all-kinds-of-excavator-models.webp\" alt=\"Ekskavaatorimudelite puksid\"><\/p>\n<h2>Ettev\u00f5tte \u00fclevaade<\/h2>\n<p>Oleme juhtiv asendush\u00fcdrauliliste silindrite tootja, pakkudes laia tootevalikut, mis positsioneerib meid silmapaistva tegijana nii sise- kui ka rahvusvahelistel turgudel. Meie p\u00fchendumus tipptasemele ilmneb meie hoolikates tootmisprotsessides, mida juhib t\u00f6\u00f6stusliku tootmise juhtimise strateegia.<\/p>\n<p>T\u00e4iustame pidevalt oma tootmisplatvormi tehnoloogilise oskusteabe, tipptasemel digitaalsete tootmisseadmete ja spetsialiseeritud testimiss\u00fcsteemide integreerimise kaudu. See p\u00fchendumus v\u00f5imaldab meil rahuldada laia valikut klientide vajadusi suure t\u00f5hususega, t\u00e4psuse ja kvaliteediga.<\/p>\n<p><img decoding=\"async\" src=\"https:\/\/www.hydraulic-cylinders.net\/wp-content\/uploads\/2025\/04\/songte-company-4.webp\" alt=\"Ettev\u00f5tte \u00fclevaade\"><br \/>\n<img decoding=\"async\" src=\"https:\/\/www.hydraulic-cylinders.net\/wp-content\/uploads\/2025\/04\/songte-company-3.webp\" alt=\"Ettev\u00f5tte tootmine\"><\/p>\n<h2>Kokkuv\u00f5te<\/h2>\n<p>Kokkuv\u00f5tteks v\u00f5ib \u00f6elda, et Bobcat Small Excavator E324 poomi silinder on oluline komponent, mis tagab rasketehnika t\u00f5husa t\u00f6\u00f6 erinevates rakendustes. Keskendudes vastupidavusele, ohutusele ja j\u00f5udlusele, on meie h\u00fcdrosilindrid loodud vastama t\u00f6\u00f6stuse rangetele n\u00f5udmistele, pakkudes samal ajal optimaalset teenindust ja t\u00f6\u00f6kindlust.<\/p>\n<p>Autor: lyl<\/p>","protected":false},"excerpt":{"rendered":"<p>Boom Cylinder For Bobcat Small Excavator E324 Product Overview The Boom Cylinder for Bobcat Small Excavator E324 is a crucial hydraulic component designed specifically for controlling the movement of the boom on excavators. This hydraulic cylinder facilitates the lifting, lowering, and tilting of the bucket, which is essential for various material handling tasks. The bucket [&hellip;]<\/p>","protected":false},"featured_media":17870,"comment_status":"open","ping_status":"closed","template":"","meta":{"_et_pb_use_builder":"","_et_pb_old_content":"","_et_gb_content_width":""},"product_brand":[],"product_cat":[1546],"product_tag":[1547,1496],"class_list":{"0":"post-19410","1":"product","2":"type-product","3":"status-publish","4":"has-post-thumbnail","6":"product_cat-boom-cylinders","7":"product_tag-boom-cylinders","8":"product_tag-hydraulic-cylinders","10":"first","11":"instock","12":"shipping-taxable","13":"product-type-simple"},"amp_enabled":true,"_links":{"self":[{"href":"https:\/\/www.hydraulic-cylinders.net\/et\/wp-json\/wp\/v2\/product\/19410","targetHints":{"allow":["GET"]}}],"collection":[{"href":"https:\/\/www.hydraulic-cylinders.net\/et\/wp-json\/wp\/v2\/product"}],"about":[{"href":"https:\/\/www.hydraulic-cylinders.net\/et\/wp-json\/wp\/v2\/types\/product"}],"replies":[{"embeddable":true,"href":"https:\/\/www.hydraulic-cylinders.net\/et\/wp-json\/wp\/v2\/comments?post=19410"}],"wp:featuredmedia":[{"embeddable":true,"href":"https:\/\/www.hydraulic-cylinders.net\/et\/wp-json\/wp\/v2\/media\/17870"}],"wp:attachment":[{"href":"https:\/\/www.hydraulic-cylinders.net\/et\/wp-json\/wp\/v2\/media?parent=19410"}],"wp:term":[{"taxonomy":"product_brand","embeddable":true,"href":"https:\/\/www.hydraulic-cylinders.net\/et\/wp-json\/wp\/v2\/product_brand?post=19410"},{"taxonomy":"product_cat","embeddable":true,"href":"https:\/\/www.hydraulic-cylinders.net\/et\/wp-json\/wp\/v2\/product_cat?post=19410"},{"taxonomy":"product_tag","embeddable":true,"href":"https:\/\/www.hydraulic-cylinders.net\/et\/wp-json\/wp\/v2\/product_tag?post=19410"}],"curies":[{"name":"wp","href":"https:\/\/api.w.org\/{rel}","templated":true}]}}