{"id":19411,"date":"2025-04-07T06:33:12","date_gmt":"2025-04-07T06:33:12","guid":{"rendered":"https:\/\/www.hydraulic-cylinders.net\/product\/boom-cylinder-for-bobcat-small-excavator-e32\/"},"modified":"2025-04-07T06:33:14","modified_gmt":"2025-04-07T06:33:14","slug":"boom-cylinder-for-bobcat-small-excavator-e32","status":"publish","type":"product","link":"https:\/\/www.hydraulic-cylinders.net\/et\/toode\/boom-cylinder-for-bobcat-small-excavator-e32\/","title":{"rendered":"Bobcat v\u00e4ikese ekskavaatori E32 poomi silinder"},"content":{"rendered":"<h1>Bobcat v\u00e4ikese ekskavaatori E32 poomi silinder<\/h1>\n<h2>Poomi silindri m\u00f5istmine<\/h2>\n<p>Noole silinder on rasketehnika h\u00fcdros\u00fcsteemide oluline komponent, mis on spetsiaalselt loodud ekskavaatorite, laadurite ja esilaadurite koppade liikumise juhtimiseks. See h\u00fcdrosilinder v\u00f5imaldab koppa t\u00f5sta, langetada ja kallutada, mist\u00f5ttu on see t\u00f5husate materjalik\u00e4itlust\u00f6\u00f6de jaoks h\u00e4davajalik.<\/p>\n<p>H\u00fcdraulilise silindri t\u00fc\u00fcbina t\u00f6\u00f6tab poomi silinder liikumise tekitamiseks survestatud h\u00fcdraulilise vedeliku abil. Kui operaator saadab k\u00e4su, liigub h\u00fcdraulikavedelik silindrisse, p\u00f5hjustades kolvivarda pikenemise v\u00f5i tagasit\u00f5mbumise. See mehhanism v\u00f5imaldab kopa asendi t\u00e4pset juhtimist, parandades masina funktsionaalsust.<\/p>\n<p>Ehituses on \u00fclioluline v\u00f5ime raskeid koormaid t\u00e4pselt ja kiiresti man\u00f6\u00f6verdada. Poomi silindri roll selle saavutamisel muudab selle t\u00e4nap\u00e4evaste ekskavaatorite asendamatuks omaduseks, eriti keerulistes t\u00f6\u00f6keskkondades. Selle disain keskendub vastupidavusele ja t\u00f5hususele, tagades, et operaatorid saavad \u00fclesandeid t\u00e4ita maksimaalse tootlikkusega.<\/p>\n<p><img decoding=\"async\" src=\"https:\/\/www.hydraulic-cylinders.net\/wp-content\/uploads\/2025\/04\/songte-company-1.webp\" alt=\"Poomi silinder\" \/><\/p>\n<h2>Poomi silindri p\u00f5hijooned<\/h2>\n<ul>\n<li><strong>Suur tugevus ja vastupidavus:<\/strong> Tavaliselt \u00fclitugevast terasest v\u00f5i alumiiniumist valmistatud poomi silinder on konstrueeritud taluma k\u00f5rget r\u00f5hku ja suuri koormusi, mist\u00f5ttu sobib see karmideks t\u00f6\u00f6tingimusteks.<\/li>\n<li><strong>T\u00f5hus h\u00fcdrauliline t\u00f6\u00f6:<\/strong> Silinder kasutab sujuvaks pikendamiseks ja tagasit\u00f5mbamiseks h\u00fcdraulika\u00f5li r\u00f5hku, pakkudes kiiret reageerimist t\u00f6\u00f6k\u00e4skudele ning m\u00e4rkimisv\u00e4\u00e4rset t\u00f5uke- ja t\u00f5mbej\u00f5udu.<\/li>\n<li><strong>Erinevad t\u00fc\u00fcbid:<\/strong> Saadaval \u00fche- v\u00f5i kahetoimelise konfiguratsioonina, kasutajad saavad valida t\u00fc\u00fcbi, mis sobib k\u00f5ige paremini nende t\u00f6\u00f6vajadustega. M\u00f5ned mudelid on teleskoopilised, mis v\u00f5imaldavad suuremat ulatust ilma v\u00e4lism\u00f5\u00f5tmeid suurendamata.<\/li>\n<\/ul>\n<p>Oleme spetsialiseerunud tippkvaliteediga poomisilindrite tootmisele, mis suudavad sujuvalt asendada olemasolevaid h\u00fcdrosilindreid, tagades optimaalse j\u00f5udluse erinevates rakendustes.<\/p>\n<p><img decoding=\"async\" src=\"https:\/\/www.hydraulic-cylinders.net\/wp-content\/uploads\/2025\/04\/songte-cylinder-head-with-all-kinds-excavator-models.webp\" alt=\"H\u00fcdrosilindrid\" \/><\/p>\n<h2>Poomi silindri rakendused<\/h2>\n<h3>Ehitustehnika<\/h3>\n<p>Ekskavaatorites on noolesilindrid pinnase v\u00f5i prahi kaevamiseks, laadimiseks ja transportimiseks kesksel kohal. Need v\u00f5imaldavad t\u00e4pseid liigutusi, tagades, et operaatorid saavad kaevamis\u00fclesandeid t\u00f5husalt hallata ilma ohutust v\u00f5i j\u00f5udlust ohverdamata.<\/p>\n<h3>Ekskavaatorlaadurid<\/h3>\n<p>Ekskavaator-laaduritel ei h\u00f5lbusta noole silinder mitte ainult kaevamist, vaid aitab ka raskeid koormaid t\u00f5sta. See kahekordne funktsionaalsus suurendab masina mitmek\u00fclgsust, muutes selle v\u00e4\u00e4rtuslikuks varaks igal t\u00f6\u00f6platsil, olgu see siis kaevamine v\u00f5i materjalide k\u00e4itlemine.<\/p>\n<h3>P\u00f5llumajandustehnika<\/h3>\n<p>Esilaadurites m\u00e4ngivad noolesilindrid olulist rolli mulla, heina ja muude materjalide kopeerimisel, t\u00f5stmisel ja transportimisel. Nende usaldusv\u00e4\u00e4rne j\u00f5udlus aitab p\u00f5llumeestel ja p\u00f5llumajandust\u00f6\u00f6tajatel optimeerida oma tootlikkust erinevate t\u00f6\u00f6de ajal.<\/p>\n<h3>Ekskavaatorid<\/h3>\n<p>Ekskavaatorite puhul on poomi silindri v\u00f5ime lasta kopal pinnasesse tungida kriitilise t\u00e4htsusega. See v\u00f5ime on t\u00f5husate kaevamist\u00f6\u00f6de jaoks h\u00e4davajalik, muutes poomi silindri masina h\u00fcdros\u00fcsteemi lahutamatuks osaks.<\/p>\n<h3>Laadurid<\/h3>\n<p>Esilaaduritel aitavad noolesilindrid koormaid t\u00f5husalt t\u00f5sta ja t\u00fchjendada. Nende vastupidav konstruktsioon ja t\u00f6\u00f6kindlus v\u00f5imaldavad operaatoritel raskeid materjale ohutult k\u00e4sitseda, tagades laadimist\u00f6\u00f6de ajal t\u00f5husa t\u00f6\u00f6voo.<\/p>\n<h2>Projekteerimiskaalutlused ja valikukriteeriumid<\/h2>\n<h3>Kandev\u00f5ime<\/h3>\n<p>Poomi silindri valimisel on \u00fclioluline m\u00f5ista selle kandev\u00f5imet. Silinder peab suutma taluda t\u00f6\u00f6 ajal eeldatavat maksimaalset koormust ilma rikkeohtu tekitamata. Tootjad esitavad tavaliselt koormusreitinguid ja ohutuse ja pikaealisuse tagamiseks on oluline valida silinder, mis \u00fcletab eeldatava koormuse.<\/p>\n<h3>Tihendusmehhanismid<\/h3>\n<p>T\u00f5hus tihendus on veel \u00fcks kriitiline tegur. Tihendid peavad \u00e4ra hoidma h\u00fcdraulikavedeliku lekkeid, v\u00f5imaldades samal ajal sujuvat liikumist. Kvaliteetsed tihendid v\u00e4hendavad silindri kulumist ja suurendavad \u00fcldist efektiivsust. Optimaalse j\u00f5udluse saavutamiseks on h\u00e4davajalikud sobivad tihendusmaterjalid, n\u00e4iteks pol\u00fcuretaan ja nitriilkummi.<\/p>\n<h3>Vastupidavus<\/h3>\n<p>Vastupidavus on \u00fclioluline, eriti karmides t\u00f6\u00f6keskkondades. H\u00e4sti disainitud noole silinder peaks vastu pidama h\u00f5\u00f5rdumisele, korrosioonile ja muudele elementidega kokkupuute kahjulikele m\u00f5judele. Vastupidavust suurendavad materjalid ja katted v\u00f5ivad silindri eluiga oluliselt pikendada.<\/p>\n<h3>Turvaelemendid<\/h3>\n<p>Ohutus on \u00fclioluline kaalutlus. Poomi silindritel peaksid olema ohutusfunktsioonid, n\u00e4iteks r\u00f5hualandusventiilid, et v\u00e4ltida \u00fcler\u00f5hu teket, mis v\u00f5ib p\u00f5hjustada katastroofilisi rikkeid. Regulaarsed ohutuskontrollid on samuti olulised t\u00f6\u00f6korras olemise s\u00e4ilitamiseks.<\/p>\n<h3>Hoolduse ligip\u00e4\u00e4setavus<\/h3>\n<p>L\u00f5puks on hooldusele ligip\u00e4\u00e4setavus \u00fclioluline poomi silindri pikaealisuse tagamiseks. Konstruktsioonifunktsioonid, mis v\u00f5imaldavad h\u00f5lpsat kontrolli, m\u00e4\u00e4rimist ja tihendite vahetamist, aitavad pikas perspektiivis aega kokku hoida ja t\u00f6\u00f6j\u00f5ukulusid v\u00e4hendada.<\/p>\n<p><img decoding=\"async\" src=\"https:\/\/www.hydraulic-cylinders.net\/wp-content\/uploads\/2025\/04\/songte-oil-pipes-and-spare-parts.webp\" alt=\"H\u00fcdraulilised osad\" \/><\/p>\n<h2>H\u00fcdraulilise silindri tihendamine ja m\u00e4\u00e4rimine<\/h2>\n<p>N\u00f5uetekohane tihendamine ja m\u00e4\u00e4rimine on poomi silindri toimimise seisukohalt kriitilise t\u00e4htsusega. Erinevad tihenduselemendid, sealhulgas kolvitihendid ja vardatihendid, tuleb hoolikalt valida, et need taluksid h\u00fcdraulikas\u00fcsteemi t\u00f6\u00f6tingimusi. Materjalid nagu pol\u00fcuretaan ja nitriilkummi pakuvad suurep\u00e4rast kulumiskindlust ja suurendavad tihendite vastupidavust.<\/p>\n<p>Silindri korpus ja keermestatud otsapinnad vajavad kulumiskindluse parandamiseks ja tiheda tihendi tagamiseks t\u00e4ppist\u00f6\u00f6tlust. Regulaarsed hooldustavad peaksid h\u00f5lmama tihendite kulumise kontrollimist ja vajadusel v\u00e4ljavahetamist.<\/p>\n<p>Lisaks on m\u00e4\u00e4rimiseks oluline regulaarne h\u00fcdraulika\u00f5li varustamine. Operaatorid peaksid silindri j\u00f5udluse s\u00e4ilitamiseks perioodiliselt kontrollima \u00f5litaset ja tagama, et kasutatakse \u00f5iget t\u00fc\u00fcpi h\u00fcdraulika\u00f5li.<\/p>\n<h2>Ennetavad hooldusmeetmed<\/h2>\n<ul>\n<li><strong>Regulaarsed kontrollid:<\/strong> Tehke regulaarseid kontrolle, et potentsiaalsed probleemid varakult tuvastada. Otsige kulumise, lekete v\u00f5i kahjustuste m\u00e4rke ja tegelege nendega viivitamatult, et v\u00e4ltida edasisi t\u00fcsistusi.<\/li>\n<li><strong>Sobiv m\u00e4\u00e4rimine:<\/strong> Veenduge, et poomi silinder on korralikult m\u00e4\u00e4ritud soovitatud h\u00fcdraulika\u00f5liga. Ebapiisav m\u00e4\u00e4rimine v\u00f5ib p\u00f5hjustada suurenenud kulumist, mis m\u00f5jutab j\u00f5udlust.<\/li>\n<li><strong>Tihendi vahetamine:<\/strong> Kontrollige regulaarselt tihendite seisukorda ja vahetage need vastavalt vajadusele. Kulunud tihendid v\u00f5ivad p\u00f5hjustada \u00f5lilekkeid, v\u00e4hendades efektiivsust ja suurendades silindrite rikke ohtu.<\/li>\n<\/ul>\n<h2>Paigaldusjuhised<\/h2>\n<p>Poomi silindri \u00f5ige paigaldamine on optimaalse j\u00f5udluse saavutamiseks \u00fclioluline. Alustage veendumisest, et k\u00f5ik komponendid on puhtad ja prahist vabad. Joondage silinder \u00f5igesti ekskavaatori kinnituspunktidega. Kinnitage silinder sobivate kinnitusklambrite abil oma kohale, et v\u00e4ltida liikumist t\u00f6\u00f6 ajal.<\/p>\n<p>Kontrollige, et h\u00fcdraulikavoolikud oleksid kindlalt \u00fchendatud ja et voolikutes poleks keerdusid ega takistusi. Kui k\u00f5ik on paigas, on oluline t\u00e4ita h\u00fcdraulikas\u00fcsteem \u00f5ige vedelikuga ja \u00f5hutada s\u00fcsteem \u00f5humullide eemaldamiseks. Regulaarsed kontrollid p\u00e4rast paigaldamist aitavad tagada, et k\u00f5ik j\u00e4\u00e4b kindlalt paigale ja toimib etten\u00e4htud viisil.<\/p>\n<h2>Levinumad hooldust\u00f6\u00f6d<\/h2>\n<h3>Regulaarsed kontrollid<\/h3>\n<p>Poomi silindri regulaarne kontroll on oluline v\u00f5imalike probleemide tuvastamiseks enne, kui need muutuvad olulisteks. Kontrollige kulumise, lekete v\u00f5i kahjustuste m\u00e4rke ja tegelege k\u00f5igi probleemidega kohe. J\u00e4rjepidev j\u00e4relevalve aitab v\u00e4ltida kulukaid remondit\u00f6id ja tagada h\u00fcdros\u00fcsteemi sujuva t\u00f6\u00f6.<\/p>\n<h3>Sobiv m\u00e4\u00e4rimine<\/h3>\n<p>N\u00f5uetekohane m\u00e4\u00e4rimine on poomi silindri j\u00f5udluse s\u00e4ilitamiseks \u00fclioluline. Veenduge, et h\u00fcdraulika\u00f5li tase on \u00f5ige ja et see vastab tootja spetsifikatsioonidele. Ebapiisav m\u00e4\u00e4rimine v\u00f5ib suurendada h\u00f5\u00f5rdumist ja kulumist, mis omakorda v\u00f5ib l\u00fchendada silindri eluiga.<\/p>\n<h3>Tihendi vahetamine<\/h3>\n<p>J\u00e4lgige regulaarselt tihendite seisukorda. Kulunud v\u00f5i kahjustatud tihendid v\u00f5ivad p\u00f5hjustada h\u00fcdraulikavedeliku lekkeid, v\u00e4hendades efektiivsust ja potentsiaalselt s\u00fcsteemi rikkeid. Optimaalse j\u00f5udluse s\u00e4ilitamiseks kehtestage tihendite kontrollimise ja vahetamise rutiin.<\/p>\n<p><img decoding=\"async\" src=\"https:\/\/www.hydraulic-cylinders.net\/wp-content\/uploads\/2025\/04\/songte-chushion-collar.webp\" alt=\"H\u00fcdrauliliste silindrite osad\" \/><\/p>\n<h2>Ohutuskaalutlused ja keskkonnategurid<\/h2>\n<p>H\u00fcdrauliliste silindritega t\u00f6\u00f6tamisel on ohutusmeetmed \u00e4\u00e4rmiselt olulised. Operaatorid peaksid alati kandma sobivaid isikukaitsevahendeid (IKV) ja tagama, et t\u00f6\u00f6ala oleks ohtude eest kaitstud. Poomi silindri t\u00f6\u00f6r\u00f5hu m\u00f5istmine ja selle j\u00e4rgimine aitab v\u00e4ltida \u00f5nnetusi ja seadmete rikkeid.<\/p>\n<p>Lisaks on oluline arvestada h\u00fcdraulikavedelike keskkonnam\u00f5juga. Biolagunevate h\u00fcdraulika\u00f5lide kasutamine aitab leevendada keskkonnaprobleeme ja tagada vastavuse eeskirjadele. Regulaarne hooldus ja vedelike n\u00f5uetekohane k\u00f5rvaldamine aitavad samuti v\u00e4hendada \u00f6koloogilist jalaj\u00e4lge.<\/p>\n<h2>Veaotsing ja levinud probleemid<\/h2>\n<ul>\n<li><strong>Madalam j\u00f5udlus:<\/strong> Kui poomi silinder ei t\u00f5sta ootusp\u00e4raselt, kontrollige h\u00fcdraulikavedeliku taset ja lekkeid s\u00fcsteemis. Madal vedelikutase v\u00f5ib j\u00f5udlust takistada.<\/li>\n<li><strong>Tihendi lekked:<\/strong> Kui h\u00fcdraulikavedelik lekib, kontrollige tihendeid kahjustuste suhtes. Kulunud tihendid tuleks vedeliku lekke v\u00e4ltimiseks kohe v\u00e4lja vahetada.<\/li>\n<li><strong>M\u00fcra t\u00f6\u00f6tamise ajal:<\/strong> Ebatavalised helid v\u00f5ivad viidata \u00f5hule h\u00fcdraulikas\u00fcsteemis v\u00f5i madalale vedeliku tasemele. S\u00fcsteemi \u00f5hutamine ja h\u00fcdraulikavedeliku lisamine v\u00f5ivad need probleemid lahendada.<\/li>\n<\/ul>\n<h2>Veaotsingu n\u00e4pun\u00e4ited<\/h2>\n<p>Poomi silindri probleemide t\u00f5husaks diagnoosimiseks ja lahendamiseks peaksid operaatorid j\u00e4rgima s\u00fcstemaatilist l\u00e4henemisviisi. Alustage konkreetsete s\u00fcmptomite tuvastamiseks kasutusjuhendite ja t\u00f5rkeotsingu juhendite \u00fclevaatamisest. Pidage korrastatud logi hooldustegevuste ja k\u00f5igi tekkinud probleemide kohta, kuna see teave aitab tuvastada korduvaid probleeme.<\/p>\n<p>Ennetamine on v\u00f5tmet\u00e4htsusega. Regulaarne hooldus, sealhulgas \u00fclevaatused ja m\u00e4\u00e4rimine, aitab v\u00e4hendada probleemide t\u00f5en\u00e4osust. Operaatorid peaksid tutvuma ka s\u00fcsteemi komponentide ja funktsioonidega, et paremini m\u00f5ista v\u00f5imalikke rikkekohti.<\/p>\n<p><img decoding=\"async\" src=\"https:\/\/www.hydraulic-cylinders.net\/wp-content\/uploads\/2025\/04\/songte-bushings-with-all-kinds-of-excavator-models.webp\" alt=\"Ekskavaatori osad\" \/><\/p>\n<h2>Meie ettev\u00f5ttest<\/h2>\n<p>Oleme juhtiv asendush\u00fcdrauliliste silindrite tootja, pakkudes laia valikut tooteid, et rahuldada nii sise- kui ka rahvusvaheliste turgude mitmekesiseid vajadusi. Meie p\u00fchendumus kvaliteedile ilmneb meie t\u00e4iustatud tootmisprotsessides ja tipptasemel seadmetes.<\/p>\n<p>Meie tootmisjuhtimise tipptaseme strateegia on meie p\u00f5him\u00f5te, kus me rakendame oskuslikke tehnikuid ja digitaalseid tootmiss\u00fcsteeme oma tootmisv\u00f5imaluste t\u00e4iustamiseks. Meie keskendumine kvaliteedikontrollile tagab, et iga toode vastab k\u00f5rgeimatele t\u00f6\u00f6stusstandarditele, mis v\u00f5imaldab meil rahuldada laia klientide n\u00f5udmiste spektrit.<\/p>\n<p>Meie ettev\u00f5tet tunnustatakse ka laialdaste kogemuste, professionaalse asjatundlikkuse ja klientide rahulolule p\u00fchendumise eest. Pakume kohandatud teenuseid, tagades, et meie tooted vastavad klientide konkreetsetele vajadustele, s\u00e4ilitades samal ajal ranged rahvusvahelised sertifikaadid.<\/p>\n<p><img decoding=\"async\" src=\"https:\/\/www.hydraulic-cylinders.net\/wp-content\/uploads\/2025\/04\/songte-company-4.webp\" alt=\"Meie ettev\u00f5te\" \/><br \/>\n<img decoding=\"async\" src=\"https:\/\/www.hydraulic-cylinders.net\/wp-content\/uploads\/2025\/04\/songte-company-3.webp\" alt=\"Tootmis\u00fcksus\" \/><\/p>\n<p>Autor: lyl<\/p>","protected":false},"excerpt":{"rendered":"<p>Boom Cylinder For Bobcat Small Excavator E32 Understanding the Boom Cylinder The boom cylinder is a vital component in the hydraulic systems of heavy machinery, specifically designed to control the movement of buckets in excavators, backhoes, and front loaders. This hydraulic cylinder enables the bucket to lift, lower, and tilt, making it essential for efficient [&hellip;]<\/p>","protected":false},"featured_media":17871,"comment_status":"open","ping_status":"closed","template":"","meta":{"_et_pb_use_builder":"","_et_pb_old_content":"","_et_gb_content_width":""},"product_brand":[],"product_cat":[1546],"product_tag":[1547,1496],"class_list":{"0":"post-19411","1":"product","2":"type-product","3":"status-publish","4":"has-post-thumbnail","6":"product_cat-boom-cylinders","7":"product_tag-boom-cylinders","8":"product_tag-hydraulic-cylinders","10":"first","11":"instock","12":"shipping-taxable","13":"product-type-simple"},"amp_enabled":true,"_links":{"self":[{"href":"https:\/\/www.hydraulic-cylinders.net\/et\/wp-json\/wp\/v2\/product\/19411","targetHints":{"allow":["GET"]}}],"collection":[{"href":"https:\/\/www.hydraulic-cylinders.net\/et\/wp-json\/wp\/v2\/product"}],"about":[{"href":"https:\/\/www.hydraulic-cylinders.net\/et\/wp-json\/wp\/v2\/types\/product"}],"replies":[{"embeddable":true,"href":"https:\/\/www.hydraulic-cylinders.net\/et\/wp-json\/wp\/v2\/comments?post=19411"}],"wp:featuredmedia":[{"embeddable":true,"href":"https:\/\/www.hydraulic-cylinders.net\/et\/wp-json\/wp\/v2\/media\/17871"}],"wp:attachment":[{"href":"https:\/\/www.hydraulic-cylinders.net\/et\/wp-json\/wp\/v2\/media?parent=19411"}],"wp:term":[{"taxonomy":"product_brand","embeddable":true,"href":"https:\/\/www.hydraulic-cylinders.net\/et\/wp-json\/wp\/v2\/product_brand?post=19411"},{"taxonomy":"product_cat","embeddable":true,"href":"https:\/\/www.hydraulic-cylinders.net\/et\/wp-json\/wp\/v2\/product_cat?post=19411"},{"taxonomy":"product_tag","embeddable":true,"href":"https:\/\/www.hydraulic-cylinders.net\/et\/wp-json\/wp\/v2\/product_tag?post=19411"}],"curies":[{"name":"wp","href":"https:\/\/api.w.org\/{rel}","templated":true}]}}