{"id":19414,"date":"2025-04-07T06:33:22","date_gmt":"2025-04-07T06:33:22","guid":{"rendered":"https:\/\/www.hydraulic-cylinders.net\/product\/boom-cylinder-for-bobcat-small-excavator-e55\/"},"modified":"2025-04-07T06:33:25","modified_gmt":"2025-04-07T06:33:25","slug":"boom-cylinder-for-bobcat-small-excavator-e55","status":"publish","type":"product","link":"https:\/\/www.hydraulic-cylinders.net\/et\/toode\/boom-cylinder-for-bobcat-small-excavator-e55\/","title":{"rendered":"Bobcat v\u00e4ikeekskavaatori E55 poomi silinder"},"content":{"rendered":"<h1>Bobcat v\u00e4ikeekskavaatori E55 poomi silinder<\/h1>\n<h2>Toote \u00fclevaade<\/h2>\n<p>Bobcat Small Excavator E55 poomi silinder on rasketehnika h\u00fcdros\u00fcsteemide oluline komponent. Spetsiaalselt ekskavaatorite poomi liikumise juhtimiseks loodud h\u00fcdrosilinder v\u00f5imaldab poomi t\u00f5stmist, langetamist ja kallutamist, h\u00f5lbustades t\u00f5husaid materjalik\u00e4itlust\u00f6id.<\/p>\n<p><img decoding=\"async\" src=\"https:\/\/www.hydraulic-cylinders.net\/wp-content\/uploads\/2025\/04\/songte-company-1.webp\" alt=\"Bobcat E55 poomi silinder\" \/><\/p>\n<h3>Definitsioon ja funktsioon<\/h3>\n<p>A boom cylinder is a type of hydraulic cylinder specially engineered for operating the boom of heavy equipment like excavators, backhoe loaders, and front loaders. It plays a vital role in hydraulic systems, as it converts hydraulic energy into mechanical energy, enabling the boom to move with precision. The hydraulic fluid&#8217;s pressure within this cylinder allows it to extend and retract smoothly, which is essential for various construction and excavation tasks. The functionality of the boom cylinder contributes significantly to the overall efficiency and effectiveness of heavy machinery in operations ranging from digging and lifting to transporting materials.<\/p>\n<h2>Poomi silindri omadused<\/h2>\n<ul>\n<li><strong>Suur tugevus ja vastupidavus:<\/strong> Tavaliselt \u00fclitugevast terasest v\u00f5i alumiiniumist valmistatud silindrid taluvad k\u00f5rget r\u00f5hku ja suuri koormusi, mist\u00f5ttu sobivad need karmidesse t\u00f6\u00f6keskkondadesse. Projekteerimisel on arvestatud ka kulumiskindluse ja korrosioonikindlusega, mis pikendab nende eluiga.<\/li>\n<li><strong>T\u00f5hus h\u00fcdrauliline t\u00f6\u00f6:<\/strong> Kasutades h\u00fcdraulika\u00f5li r\u00f5hku sujuvate pikendus- ja tagasit\u00f5mbamisliigutuste jaoks, reageerib see kiiresti operaatori k\u00e4skudele, pakkudes m\u00e4rkimisv\u00e4\u00e4rset t\u00f5uke- ja t\u00f5mbej\u00f5udu, mis sobib ideaalselt raskete ja keerukate \u00fclesannete t\u00e4itmiseks.<\/li>\n<li><strong>Erinevad t\u00fc\u00fcbid:<\/strong> Need silindrid on saadaval \u00fchetoimelise (h\u00fcdrauliline toime ainult \u00fches suunas) v\u00f5i kahetoimelise (h\u00fcdrauliline toime m\u00f5lemas suunas) konfiguratsioonina ning vastavad erinevatele t\u00f6\u00f6vajadustele. M\u00f5ned mudelid on teleskoopilised, mis v\u00f5imaldab suuremat pikendamist ilma v\u00e4lism\u00f5\u00f5tmeid suurendamata, mist\u00f5ttu sobivad need ruumikitsastesse rakendustesse.<\/li>\n<\/ul>\n<p>Meie ettev\u00f5te toodab neid tooteid, pakkudes ideaalseid asendusi olemasolevatele h\u00fcdrosilindritele.<\/p>\n<p><img decoding=\"async\" src=\"https:\/\/www.hydraulic-cylinders.net\/wp-content\/uploads\/2025\/04\/songte-cylinder-head-with-all-kinds-excavator-models.webp\" alt=\"Ekskavaatori mudelid\" \/><\/p>\n<h2>Poomi silindri rakendused<\/h2>\n<ul>\n<li><strong>Ehitustehnika:<\/strong> Noolesilindrid on ekskavaatorites h\u00e4davajalikud kaevamiseks, laadimiseks ja mulla v\u00f5i prahi teisaldamiseks. Need aitavad kaasa mitte ainult kaevamisel, vaid ka materjalide t\u00f5stmisel, mist\u00f5ttu on need eluliselt t\u00e4htsad ehitusplatsidel, kus efektiivsus on esmat\u00e4htis.<\/li>\n<li><strong>P\u00f5llumajandusmasinad:<\/strong> Esilaadurites kasutatakse noolesilindreid mulla, heina ja muude materjalide kraapimiseks, t\u00f5stmiseks ja transportimiseks. Nende v\u00f5ime k\u00e4sitseda mitmesuguseid koormaid muudab need p\u00f5llumajandust\u00f6\u00f6des asendamatuks.<\/li>\n<li><strong>Ekskavaatorid:<\/strong> Poomi silinder v\u00f5imaldab kopal t\u00f5husalt pinnasesse tungida, h\u00f5lbustades seel\u00e4bi t\u00f5husat kaevamist. See h\u00fcdrauliline komponent on \u00fclioluline s\u00fcgavamate kaevamiste saavutamiseks ja puistematerjalide k\u00e4itlemiseks.<\/li>\n<li><strong>Laadurid:<\/strong> Esilaadurites aitavad need koormaid t\u00f5husalt t\u00f5sta ja maha laadida. Nende rolli ehitus- ja materjalik\u00e4itlust\u00f6\u00f6del ei saa \u00fcle hinnata, kuna need suurendavad oluliselt tootlikkust ja t\u00f6\u00f6kiirust.<\/li>\n<\/ul>\n<h2>Projekteerimiskaalutlused ja valikukriteeriumid<\/h2>\n<ul>\n<li><strong>Kandev\u00f5ime:<\/strong> The design of the boom cylinder should account for the maximum load it will encounter. Understanding the weight of materials being handled, as well as the equipment&#8217;s operational limits, is crucial for selecting the right cylinder. Overloading can lead to cylinder failure, which poses safety risks.<\/li>\n<li><strong>Tihendus:<\/strong> H\u00fcdrosilindri \u00f5hukindlate tihendite tagamine on optimaalse j\u00f5udluse tagamiseks \u00fclioluline. Kvaliteetsete tihendite, n\u00e4iteks vastupidavatest materjalidest (nt pol\u00fcuretaan ja nitriilkummi) valmistatud kolvi- ja vardatihendite valimine aitab lekkeid v\u00e4ltida ja r\u00f5hku s\u00e4ilitada.<\/li>\n<li><strong>Vastupidavus:<\/strong> The materials used in manufacturing the boom cylinder must be resistant to wear and tear. The cylinder&#8217;s surface should undergo fine treatment to improve wear resistance, ensuring it withstands the rigors of operation over time.<\/li>\n<li><strong>Ohutus:<\/strong> Silindri konstruktsiooni tuleks integreerida ohutusfunktsioonid, et v\u00e4ltida tahtmatuid liikumisi. See h\u00f5lmab selliseid funktsioone nagu \u00fcler\u00f5hukaitse ja rikkekindlad mehhanismid, mis v\u00f5imaldavad kontrollitud t\u00f6\u00f6d erinevates tingimustes.<\/li>\n<li><strong>Hooldatavus:<\/strong> Oluline on disain, mis h\u00f5lbustab hooldust ja remonti. Komponendid peaksid olema kontrollimiseks kergesti ligip\u00e4\u00e4setavad ja v\u00f5imaldama h\u00f5lpsat m\u00e4\u00e4rimist, et pikendada kasutusiga.<\/li>\n<\/ul>\n<p><img decoding=\"async\" src=\"https:\/\/www.hydraulic-cylinders.net\/wp-content\/uploads\/2025\/04\/songte-oil-pipes-and-spare-parts.webp\" alt=\"H\u00fcdraulilised osad\" \/><\/p>\n<h2>Tihendus ja m\u00e4\u00e4rimine<\/h2>\n<p>Poomi silindri efektiivsus s\u00f5ltub suuresti selle tihendus- ja m\u00e4\u00e4rimiss\u00fcsteemidest. H\u00fcdraulilise vedeliku lekete v\u00e4ltimiseks on olulised mitmesugused tihendid, n\u00e4iteks kolvitihendid ja vardatihendid. Nende tihendite jaoks on kulumiskindlate materjalide, n\u00e4iteks pol\u00fcuretaani ja nitriilkummi, valik kriitilise t\u00e4htsusega. Lisaks tuleb silindri korpust ja keermestatud otsi peenelt t\u00f6\u00f6delda, et suurendada vastupidavust ja kulumiskindlust. Regulaarne m\u00e4\u00e4rimine h\u00fcdraulika\u00f5liga on vajalik h\u00f5\u00f5rdumise minimeerimiseks, kulumise v\u00e4hendamiseks ja sujuva t\u00f6\u00f6 tagamiseks. N\u00f5uetekohaselt hooldatud tihendid ja m\u00e4\u00e4rimine mitte ainult ei paranda j\u00f5udlust, vaid pikendavad ka h\u00fcdraulikasilindri kasutusiga.<\/p>\n<h2>Regulaarne kontroll ja ennetav hooldus<\/h2>\n<ul>\n<li><strong>Regulaarsed kontrollid:<\/strong> Poomi silindri regulaarne kontroll on oluline, et varakult tuvastada kulumine v\u00f5i kahjustused. See h\u00f5lmab lekete kontrollimist, tihendite uurimist ja silindri \u00fcldise seisukorra hindamist. Regulaarne kontroll aitab v\u00e4ltida kulukaid remondit\u00f6id ja seisakuid.<\/li>\n<li><strong>M\u00e4\u00e4rimine:<\/strong> Optimaalse j\u00f5udluse s\u00e4ilitamiseks on silindri sobiv m\u00e4\u00e4rimine \u00fclioluline. H\u00fcdraulika\u00f5li regulaarne lisamine vastavalt tootja soovitustele aitab v\u00e4hendada h\u00f5\u00f5rdumist ja kulumist, tagades sujuva t\u00f6\u00f6.<\/li>\n<li><strong>Tihendi vahetamine:<\/strong> Aja jooksul v\u00f5ivad tihendid kuluda ja vajada v\u00e4ljavahetamist. Tihendite regulaarne vahetamine hoiab \u00e4ra lekked ja hoiab h\u00fcdros\u00fcsteemis r\u00f5hu. See ennetav l\u00e4henemine v\u00f5ib oluliselt pikendada poomi silindri eluiga.<\/li>\n<\/ul>\n<h2>Paigaldusjuhised<\/h2>\n<p>Proper installation of the boom cylinder is crucial for ensuring optimal performance. Begin by ensuring that the mounting surfaces of the cylinder are clean and free of debris. Align the cylinder accurately with the mounting points on the machinery, ensuring it is correctly oriented based on the operational requirements. Use appropriate installation brackets to secure the cylinder in place. It is important to avoid over-tightening bolts, as this can lead to misalignment or damage. After securing the cylinder, check for smooth operation by cycling it through its range of motion. Proper alignment and secure installation help in maximizing the cylinder&#8217;s lifespan and operational efficiency.<\/p>\n<h2>Hooldus\u00fclesanded<\/h2>\n<ul>\n<li><strong>Regulaarsed kontrollid:<\/strong> Frequent inspections are necessary to detect any signs of wear or damage early on. Identifying issues promptly can prevent further complications and maintain the cylinder&#8217;s performance.<\/li>\n<li><strong>\u00d5ige m\u00e4\u00e4rimine:<\/strong> Poomi silindri piisav m\u00e4\u00e4rimine on selle t\u00f6\u00f6 jaoks \u00fclioluline. Tootja poolt etten\u00e4htud \u00f5iget t\u00fc\u00fcpi h\u00fcdraulika\u00f5li regulaarne lisamine aitab s\u00e4ilitada efektiivsust ja v\u00e4hendada kulumist.<\/li>\n<li><strong>Tihendi vahetamine:<\/strong> Kontrollige regulaarselt tihendite seisukorda ja vahetage need vastavalt vajadusele. See on oluline lekete v\u00e4ltimiseks ja s\u00fcsteemi optimaalse h\u00fcdraulilise r\u00f5hu s\u00e4ilitamiseks. Tihendite regulaarne hooldus on h\u00fcdrosilindri pikaealisuse kriitiline aspekt.<\/li>\n<\/ul>\n<p><img decoding=\"async\" src=\"https:\/\/www.hydraulic-cylinders.net\/wp-content\/uploads\/2025\/04\/songte-chushion-collar.webp\" alt=\"Padjakaelus\" \/><\/p>\n<h2>Ohutuskaalutlused ja keskkonnategurid<\/h2>\n<p>H\u00fcdrauliliste komponentide, n\u00e4iteks poomi silindri kasutamisel on ohutusmeetmete rakendamine \u00fclioluline. Operaatorid peaksid olema koolitatud seadmete ohutuks kasutamiseks ja olema teadlikud h\u00fcdraulikas\u00fcsteemidega seotud v\u00f5imalikest ohtudest. Lisaks tuleks t\u00f6\u00f6tamise ja hoolduse ajal kanda sobivat kaitsevarustust. Keskkonna seisukohast tuleks h\u00fcdraulikavedelikke k\u00e4sitseda ettevaatlikult, et v\u00e4ltida lekkeid ja saastumist. Keskkonnam\u00f5ju minimeerimiseks on vaja regulaarselt kontrollida lekkeid ja h\u00fcdraulikavedelike ohutut utiliseerimist.<\/p>\n<h2>Rikete diagnoosimine ja levinud probleemid<\/h2>\n<ul>\n<li><strong>Leke:<\/strong> \u00dcks levinumaid h\u00fcdrauliliste silindrite probleeme on leke. Selle p\u00f5hjuseks v\u00f5ivad olla kulunud tihendid v\u00f5i kahjustatud komponendid. Regulaarne kontroll aitab lekkeid varakult tuvastada, v\u00f5imaldades \u00f5igeaegset remonti.<\/li>\n<li><strong>V\u00e4hendatud j\u00f5udlus:<\/strong> Kui poomi silinder ei t\u00f6\u00f6ta optimaalselt, v\u00f5ib see olla tingitud ebapiisavast h\u00fcdraulikavedelikust, s\u00fcsteemis olevast \u00f5hust v\u00f5i sisemistest kahjustustest. H\u00fcdraulikavedeliku taseme kontrollimine ja s\u00fcsteemi \u00f5hutamine aitab selle probleemi sageli lahendada.<\/li>\n<li><strong>M\u00fcra ja vibratsioon:<\/strong> Ebatavaline m\u00fcra v\u00f5i vibratsioon t\u00f6\u00f6tamise ajal v\u00f5ib viidata sisemisele kulumisele v\u00f5i joondusveale. Nende probleemide kiire lahendamine on oluline edasiste kahjustuste v\u00e4ltimiseks ja ohutu t\u00f6\u00f6 tagamiseks.<\/li>\n<\/ul>\n<h2>Veaotsingu n\u00e4pun\u00e4ited ja lahendused<\/h2>\n<p>Poomi silindri probleemide t\u00f5husaks diagnoosimiseks ja lahendamiseks kaaluge j\u00e4rgmisi t\u00f5rkeotsingu n\u00e4pun\u00e4iteid. Lekete korral kontrollige tihendeid ja liitmikke kulumise v\u00f5i kahjustuste suhtes; nende vajadusel asendamine v\u00f5ib probleemi sageli lahendada. V\u00e4henenud j\u00f5udluse korral veenduge, et h\u00fcdraulikavedeliku tase on \u00f5ige ja et s\u00fcsteemis pole \u00f5hku. Regulaarne hooldus ja t\u00e4helepanu detailidele v\u00f5ivad probleemide tekkimise t\u00f5en\u00e4osust oluliselt v\u00e4hendada. Lisaks aitavad ennetusmeetmete rakendamine, n\u00e4iteks regulaarsed kontrollid ja \u00f5igeaegne remont, potentsiaalseid probleeme enne nende s\u00fcvenemist leevendada.<\/p>\n<p><img decoding=\"async\" src=\"https:\/\/www.hydraulic-cylinders.net\/wp-content\/uploads\/2025\/04\/songte-bushings-with-all-kinds-of-excavator-models.webp\" alt=\"Ekskavaatorite puksid\" \/><\/p>\n<h2>Meie ettev\u00f5ttest<\/h2>\n<p>Oleme juhtiv asendush\u00fcdrauliliste silindrite tootja, pakkudes laia tootevalikut nii sise- kui ka v\u00e4listurule. Meie p\u00fchendumus tipptasemele ilmneb meie hoolikates tootmisprotsessides ja k\u00f5rgetes kvaliteedistandardites. Kasutame t\u00e4iustatud tootmisjuhtimise strateegiaid ning oleme investeerinud tipptehnoloogiasse, oskuslikesse t\u00f6\u00f6tajatesse ja professionaalsesse testimiss\u00fcsteemi, et pidevalt oma tootmisv\u00f5imalusi t\u00e4iustada.<\/p>\n<h3>Spetsialiseeritud teenused<\/h3>\n<ul>\n<li><strong>Professionaalsus:<\/strong> Meie meeskond on p\u00fchendunud kvaliteetsete h\u00fcdrosilindrite pakkumisele, mis on kohandatud vastavalt kliendi spetsifikatsioonidele.<\/li>\n<li><strong>Rahvusvahelised sertifikaadid:<\/strong> J\u00e4rgime rahvusvahelisi standardeid, tagades, et meie tooted vastavad rangetele kvaliteedi- ja ohutusn\u00f5uetele.<\/li>\n<li><strong>Kohandatud teenused:<\/strong> Pakume klientide erivajaduste rahuldamiseks kohandamisv\u00f5imalusi, tagades, et nad saavad oma rakenduste jaoks ideaalse lahenduse.<\/li>\n<li><strong>T\u00e4iustatud tootmisseadmed:<\/strong> Meie tipptasemel seadmed v\u00f5imaldavad meil tootmisprotsessis s\u00e4ilitada k\u00f5rge efektiivsuse ja t\u00e4psuse.<\/li>\n<li><strong>M\u00fc\u00fcgij\u00e4rgne teenindus:<\/strong> Oleme p\u00fchendunud erakordse m\u00fc\u00fcgij\u00e4rgse toe pakkumisele, tagades klientide rahulolu ja usalduse meie toodete vastu.<\/li>\n<\/ul>\n<p><img decoding=\"async\" src=\"https:\/\/www.hydraulic-cylinders.net\/wp-content\/uploads\/2025\/04\/songte-company-4.webp\" alt=\"Ettev\u00f5tte \u00fclevaade\" \/><br \/>\n<img decoding=\"async\" src=\"https:\/\/www.hydraulic-cylinders.net\/wp-content\/uploads\/2025\/04\/songte-company-3.webp\" alt=\"Tootmis\u00fcksus\" \/><\/p>\n<p>Autor: lyl<\/p>","protected":false},"excerpt":{"rendered":"<p>Boom Cylinder For Bobcat Small Excavator E55 Product Overview The Boom Cylinder for Bobcat Small Excavator E55 is a crucial component in the hydraulic systems of heavy machinery. Specifically designed to control the movement of the boom on excavators, this hydraulic cylinder allows for the lifting, lowering, and tilting of the boom, facilitating efficient material [&hellip;]<\/p>","protected":false},"featured_media":17874,"comment_status":"open","ping_status":"closed","template":"","meta":{"_et_pb_use_builder":"","_et_pb_old_content":"","_et_gb_content_width":""},"product_brand":[],"product_cat":[1546],"product_tag":[1547,1496],"class_list":{"0":"post-19414","1":"product","2":"type-product","3":"status-publish","4":"has-post-thumbnail","6":"product_cat-boom-cylinders","7":"product_tag-boom-cylinders","8":"product_tag-hydraulic-cylinders","10":"first","11":"instock","12":"shipping-taxable","13":"product-type-simple"},"amp_enabled":true,"_links":{"self":[{"href":"https:\/\/www.hydraulic-cylinders.net\/et\/wp-json\/wp\/v2\/product\/19414","targetHints":{"allow":["GET"]}}],"collection":[{"href":"https:\/\/www.hydraulic-cylinders.net\/et\/wp-json\/wp\/v2\/product"}],"about":[{"href":"https:\/\/www.hydraulic-cylinders.net\/et\/wp-json\/wp\/v2\/types\/product"}],"replies":[{"embeddable":true,"href":"https:\/\/www.hydraulic-cylinders.net\/et\/wp-json\/wp\/v2\/comments?post=19414"}],"wp:featuredmedia":[{"embeddable":true,"href":"https:\/\/www.hydraulic-cylinders.net\/et\/wp-json\/wp\/v2\/media\/17874"}],"wp:attachment":[{"href":"https:\/\/www.hydraulic-cylinders.net\/et\/wp-json\/wp\/v2\/media?parent=19414"}],"wp:term":[{"taxonomy":"product_brand","embeddable":true,"href":"https:\/\/www.hydraulic-cylinders.net\/et\/wp-json\/wp\/v2\/product_brand?post=19414"},{"taxonomy":"product_cat","embeddable":true,"href":"https:\/\/www.hydraulic-cylinders.net\/et\/wp-json\/wp\/v2\/product_cat?post=19414"},{"taxonomy":"product_tag","embeddable":true,"href":"https:\/\/www.hydraulic-cylinders.net\/et\/wp-json\/wp\/v2\/product_tag?post=19414"}],"curies":[{"name":"wp","href":"https:\/\/api.w.org\/{rel}","templated":true}]}}