{"id":19417,"date":"2025-04-07T06:33:31","date_gmt":"2025-04-07T06:33:31","guid":{"rendered":"https:\/\/www.hydraulic-cylinders.net\/product\/boom-cylinder-for-der-der33e\/"},"modified":"2025-04-07T06:33:33","modified_gmt":"2025-04-07T06:33:33","slug":"boom-cylinder-for-der-der33e","status":"publish","type":"product","link":"https:\/\/www.hydraulic-cylinders.net\/et\/toode\/boom-cylinder-for-der-der33e\/","title":{"rendered":"Poomi silinder DER DER33E jaoks"},"content":{"rendered":"<h1>Poomi silinder DER DER33E jaoks<\/h1>\n<h2>Poomi silindri \u00fclevaade<\/h2>\n<p>See <strong>Poomi silinder<\/strong> DER DER33E on spetsiaalne h\u00fcdrauliline silinder, mis on loodud kopa liikumise juhtimiseks erinevates rasketehnika rakendustes. See silinder on oluline selliste toimingute jaoks nagu kopa t\u00f5stmine, langetamine ja kallutamine, h\u00f5lbustades t\u00f5husaid materjalik\u00e4itlust\u00f6id sellistes t\u00f6\u00f6stusharudes nagu ehitus ja p\u00f5llumajandus.<\/p>\n<p><img decoding=\"async\" src=\"https:\/\/www.hydraulic-cylinders.net\/wp-content\/uploads\/2025\/04\/songte-company-1.webp\" alt=\"Poomi silinder\" \/><\/p>\n<h3>Definitsioon ja funktsioon<\/h3>\n<p>Kopa silinder on h\u00fcdraulilise silindri t\u00fc\u00fcp, mis on spetsiaalselt loodud kopa liikumise juhtimiseks sellistes seadmetes nagu ekskavaatorid, laadurid ja esilaadurid. Nende silindrite t\u00f6\u00f6 v\u00f5imaldab kopa asendi t\u00f5husat juhtimist, tagades t\u00e4pse kaevamis- ja laadimisv\u00f5ime. H\u00fcdraulilise r\u00f5hu abil muudavad need silindrid vedeliku j\u00f5u mehaaniliseks j\u00f5uks, v\u00f5imaldades kopal t\u00e4ita keerulisi \u00fclesandeid erinevates tingimustes.<\/p>\n<h2>Poomi silindri omadused<\/h2>\n<ul>\n<li><strong>Suur tugevus ja vastupidavus:<\/strong> See \u00fclitugevast terasest v\u00f5i alumiiniumist valmistatud silinder talub k\u00f5rget r\u00f5hku ja suuri koormusi. Selle konstruktsioonis on prioriteediks kulumiskindlus ja korrosioonikindlus, pikendades selle t\u00f6\u00f6iga.<\/li>\n<li><strong>T\u00f5hus h\u00fcdrauliline t\u00f6\u00f6:<\/strong> H\u00fcdraulilise \u00f5li r\u00f5hu abil saavutab silinder sujuva pikenemise ja tagasit\u00f5mbumise, reageerides kiiresti juhtimissisenditele ning pakkudes tugevaid t\u00f5uke- ja t\u00f5mbej\u00f5ude, mis sobivad raskete ja keerukate \u00fclesannete jaoks.<\/li>\n<li><strong>T\u00fc\u00fcpide mitmekesisus:<\/strong> Valikute hulka kuuluvad \u00fchetoimelised silindrid (kasutavad h\u00fcdraulilist r\u00f5hku \u00fches suunas) v\u00f5i kahetoimelised silindrid (t\u00f6\u00f6tavad m\u00f5lemas suunas), mis vastavad mitmesugustele t\u00f6\u00f6vajadustele. M\u00f5ned mudelid on teleskoopilised, v\u00f5imaldades suuremat pikendamist ilma v\u00e4lism\u00f5\u00f5tmeid suurendamata, mis sobib ideaalselt piiratud ruumiga rakenduste jaoks.<\/li>\n<li><strong>Kohandatav disain:<\/strong> Meie tooteid saab kohandada vastavalt konkreetsetele n\u00f5uetele, tagades \u00fchilduvuse erinevate masinamudelitega ja parandades j\u00f5udlust.<\/li>\n<li><strong>Vastupidav konstruktsioon:<\/strong> Vastupidavust silmas pidades loodud, tagades usaldusv\u00e4\u00e4rse j\u00f5udluse keerulistes t\u00f6\u00f6keskkondades.<\/li>\n<\/ul>\n<p><img decoding=\"async\" src=\"https:\/\/www.hydraulic-cylinders.net\/wp-content\/uploads\/2025\/04\/songte-cylinder-head-with-all-kinds-excavator-models.webp\" alt=\"Silindripea\" \/><\/p>\n<h2>Poomi silindri rakendused<\/h2>\n<h3>Ehitustehnika<\/h3>\n<p>Ehitusmasinates, n\u00e4iteks ekskavaatorites, on noolesilindrid \u00fcliolulised pinnase v\u00f5i prahi kaevamiseks, laadimiseks ja teisaldamiseks. Need annavad vajaliku j\u00f5u k\u00f5vadesse pinnasematerjalidesse tungimiseks, v\u00f5imaldades t\u00f5husat t\u00f6\u00f6d.<\/p>\n<h3>P\u00f5llumajandustehnika<\/h3>\n<p>Esilaadurites h\u00f5lbustavad noolesilindrid mulla, heina ja muude materjalide t\u00f5stmist, koputamist ja transportimist. Neil on oluline roll p\u00f5llumajandustegevuse efektiivsuses, parandades tootlikkust.<\/p>\n<h3>Ekskavaatorid<\/h3>\n<p>Ekskavaatorite puhul v\u00f5imaldavad noolesilindrid t\u00f5husat kaevamist, v\u00f5imaldades kopal maasse tungida. See funktsioon on oluline mitmesuguste mullat\u00f6\u00f6de puhul, suurendades t\u00f6\u00f6 efektiivsust.<\/p>\n<h3>Laadurid<\/h3>\n<p>Esilaaduritel aitavad noolesilindrid koormaid t\u00f5husalt t\u00f5sta ja t\u00fchjendada. Nende konstruktsioon tagab kiire t\u00f6\u00f6, muutes need materjalide k\u00e4itlemiseks erinevates keskkondades h\u00e4davajalikuks.<\/p>\n<h2>Projekteerimiskaalutlused ja valikukriteeriumid<\/h2>\n<h3>Kandev\u00f5ime<\/h3>\n<p>Poomi silindri kandev\u00f5ime on kriitiline tegur, mis m\u00f5jutab selle toimivust erinevates rakendustes. See peab olema konstrueeritud nii, et see taluks maksimaalseid eeldatavaid koormusi t\u00f6\u00f6 ajal. \u00dclekoormus v\u00f5ib p\u00f5hjustada silindri rikke, mis kujutab endast ohutusriske ja v\u00f5ib kaasa tuua kulukaid seisakuid. Seet\u00f5ttu on sobiva kandev\u00f5imega silindri valimine ohutu ja t\u00f5husa t\u00f6\u00f6 tagamiseks oluline.<\/p>\n<h3>Tihendus ja vastupidavus<\/h3>\n<p>H\u00e4sti disainitud tihenduss\u00fcsteem on h\u00fcdraulilise vedeliku lekete v\u00e4ltimiseks ja silindri r\u00f5hu s\u00e4ilitamiseks \u00fclioluline. Kulumisele vastu pidama ja kasutusea pikendamiseks tuleks kasutada vastupidavatest materjalidest, n\u00e4iteks pol\u00fcuretaanist v\u00f5i nitriilkummist, valmistatud kvaliteetseid tihendeid. Lisaks peab silindri korpus olema valmistatud nii, et see taluks karme tingimusi, millega see t\u00f6\u00f6tamise ajal kokku puutuda v\u00f5ib.<\/p>\n<h3>Turvaelemendid<\/h3>\n<p>Poomi silindrite projekteerimisel tuleb arvestada omadustega, mis takistavad ootamatut liikumist ja tagavad operaatori ohutuse. Ohutusventiilide, r\u00f5hu alandamise mehhanismide ja vastupidavate konstruktsioonimeetodite lisamine aitab leevendada h\u00fcdrauliliste riketega seotud riske. Regulaarsed hoolduskontrollid on samuti olulised, et tagada ohutusfunktsioonide toimimine ja t\u00f5husus.<\/p>\n<h3>Hooldus ja remonditavus<\/h3>\n<p>H\u00fcdrosilindrite projekteerimine hooldust silmas pidades soodustab pikaealisust ja t\u00f6\u00f6 efektiivsust. Sellised omadused nagu kergesti ligip\u00e4\u00e4setavad tihendid ja standardiseeritud komponendid h\u00f5lbustavad \u00f5igeaegset remonti ja vahetust. Regulaarsete kontrollide ja hoolduse tagamiseks tuleks kehtestada hooldusprotokollid, v\u00e4hendades oluliselt ootamatute rikete t\u00f5en\u00e4osust ja pikendades seadmete \u00fcldist eluiga.<\/p>\n<p><img decoding=\"async\" src=\"https:\/\/www.hydraulic-cylinders.net\/wp-content\/uploads\/2025\/04\/songte-oil-pipes-and-spare-parts.webp\" alt=\"\u00d5litorud ja varuosad\" \/><\/p>\n<h2>Tihendus ja m\u00e4\u00e4rimine<\/h2>\n<p>H\u00fcdrauliliste s\u00fcsteemide efektiivsus s\u00f5ltub suuresti tihendite ja m\u00e4\u00e4rimise kvaliteedist. Silindri r\u00f5hu s\u00e4ilitamiseks on kriitilise t\u00e4htsusega mitmesugused tihenduselemendid, n\u00e4iteks kolvi- ja varrastihendid. Kulumiskindlatest materjalidest, n\u00e4iteks pol\u00fcuretaanist, valmistatud tihendite valimine suurendab vastupidavust. Silindri korpuse ja keermestatud pindade n\u00f5uetekohane t\u00f6\u00f6tlemine v\u00e4hendab kulumist ja pikendab kasutusiga. Regulaarne m\u00e4\u00e4rimine sobiva h\u00fcdraulika\u00f5liga on h\u00e4davajalik sujuva t\u00f6\u00f6 tagamiseks ja h\u00f5\u00f5rdumisest tulenevate kahjustuste v\u00e4ltimiseks.<\/p>\n<h2>Ennetavad hooldusmeetmed<\/h2>\n<ul>\n<li><strong>Regulaarsed kontrollid:<\/strong> Optimaalse t\u00f6\u00f6 tagamiseks tehke regulaarseid kontrolle kulumise, lekete ja kahjustuste suhtes.<\/li>\n<li><strong>Sobiv m\u00e4\u00e4rimine:<\/strong> Liikuvate osade h\u00f5\u00f5rdumise ja kulumise v\u00e4hendamiseks tagage \u00f5igeaegne ja piisav m\u00e4\u00e4rimine.<\/li>\n<li><strong>Tihendi vahetamine:<\/strong> Kontrollige ja vahetage tihendeid regulaarselt, et s\u00e4ilitada t\u00f5hus tihendus ja v\u00e4ltida vedelikulekkeid.<\/li>\n<\/ul>\n<h2>Paigaldusjuhend<\/h2>\n<p>Poomi silindri \u00f5ige paigaldamine on selle j\u00f5udluse ja pikaealisuse jaoks \u00fclioluline. Alustage komponentide puhtuse ja prahivabade elementide veendumusest. Joondage silinder \u00f5igesti kinnituspunktidega, kasutades selle kinnitamiseks sobivaid kinnitusvahendeid. Kasutage t\u00f6\u00f6 ajal stabiilsuse tagamiseks kinnitusklambreid. P\u00e4rast paigaldamist kontrollige \u00f5iget joondust ja reguleerige vastavalt vajadusele, et v\u00e4ltida silindri liigset pinget. Enne t\u00e4ism\u00f5\u00f5dulist kasutamist tehke funktsionaalsuse kontrollimiseks r\u00f5hutest.<\/p>\n<h2>Hooldus\u00fclesanded<\/h2>\n<ul>\n<li><strong>Regulaarsed kontrollid:<\/strong> Planeerige regulaarseid kontrolle, et avastada probleeme varakult, tagades usaldusv\u00e4\u00e4rse ja t\u00f5husa t\u00f6\u00f6.<\/li>\n<li><strong>Sobiv m\u00e4\u00e4rimine:<\/strong> Toimivuse s\u00e4ilitamiseks kasutage regulaarselt \u00f5iget t\u00fc\u00fcpi ja \u00f5iget kogust h\u00fcdraulika\u00f5li.<\/li>\n<li><strong>Tihendi vahetamine:<\/strong> J\u00e4lgige tihendite kulumist ja vahetage need vastavalt vajadusele, et v\u00e4ltida lekkeid ja s\u00e4ilitada r\u00f5hk.<\/li>\n<\/ul>\n<h2>Ohutuskaalutlused ja keskkonnategurid<\/h2>\n<p>H\u00fcdrauliliste s\u00fcsteemide k\u00e4itamisel on oluline seada esikohale ohutusmeetmed. Operaatorid peaksid olema koolitatud \u00e4ra tundma h\u00fcdrauliliste seadmetega seotud v\u00f5imalikke ohte, n\u00e4iteks r\u00f5hu vabanemise ja liikuvate osade riske. Ohutusprotokollide rakendamine ja kaitsevarustuse kasutamine aitavad \u00f5nnetusi \u00e4ra hoida. Lisaks aitab h\u00fcdrauliliste vedelike ja materjalide n\u00f5uetekohane k\u00f5rvaldamine leevendada keskkonnam\u00f5jusid, edendades tegevuse j\u00e4tkusuutlikkust.<\/p>\n<h2>Veaotsing ja levinud probleemid<\/h2>\n<ul>\n<li><strong>Leke:<\/strong> Tuvastage lekke allikas, mis v\u00f5ib olla tingitud kahjustatud tihenditest v\u00f5i liitmikest. Vahetage kulunud tihendid v\u00e4lja ja veenduge, et k\u00f5ik \u00fchendused on kindlalt paigas.<\/li>\n<li><strong>Halb j\u00f5udlus:<\/strong> Kui silinder ei t\u00f6\u00f6ta sujuvalt, kontrollige, kas h\u00fcdraulikavedeliku tase on madal v\u00f5i s\u00fcsteemis on \u00f5hku. \u00d5hutage s\u00fcsteemi ja t\u00e4itke vastavalt vajadusele.<\/li>\n<li><strong>Liigne m\u00fcra:<\/strong> M\u00fcra v\u00f5ib viidata mehaanilistele probleemidele v\u00f5i ebapiisavale m\u00e4\u00e4rimisele. Hinnake s\u00fcsteemi kulumist ja veenduge, et m\u00e4\u00e4rimine oleks piisav.<\/li>\n<\/ul>\n<h2>Vigade k\u00e4sitlemise n\u00e4pun\u00e4ited<\/h2>\n<p>Probleemide t\u00f5husaks t\u00f5rkeotsinguks alustage t\u00f6\u00f6tingimuste j\u00e4lgimisest ja k\u00f5igi anomaaliate \u00fclesm\u00e4rkimisest. Lekkeid saab koheselt k\u00f5rvaldada tihendite ja \u00fchenduste kontrollimise teel. Tagage regulaarsed vedelikukontrollid, et v\u00e4ltida madalaid vedelikutasemeid, mis v\u00f5ivad p\u00f5hjustada j\u00f5udlusprobleeme. L\u00f5puks koostage regulaarne hooldusgraafik, et ennetavalt tegeleda v\u00f5imalike probleemidega, minimeerides seisakuid ja pikendades seadmete t\u00f6\u00f6iga.<\/p>\n<p><img decoding=\"async\" src=\"https:\/\/www.hydraulic-cylinders.net\/wp-content\/uploads\/2025\/04\/songte-bushings-with-all-kinds-of-excavator-models.webp\" alt=\"Puksid\" \/><\/p>\n<h2>Meie ettev\u00f5ttest<\/h2>\n<p>Oleme juhtiv h\u00fcdrosilindrite tootja ja hulgim\u00fc\u00fcja, keda tuntakse laia tootevaliku poolest. Meie p\u00fchendumus tipptasemele ajendab meid s\u00e4ilitama \u00fclimat kvaliteeti k\u00f5igis pakkumistes. Meie tipptasemel tootmist\u00f6\u00f6kojad kasutavad t\u00e4iustatud digitehnoloogiaid ja ranget kvaliteedikontrollis\u00fcsteemi, et parandada meie tootmisv\u00f5imalusi. Investeerime pidevalt oskuslikesse t\u00f6\u00f6tajatesse ja tipptasemel seadmetesse, et rahuldada t\u00f5husalt klientide mitmekesiseid vajadusi.<\/p>\n<p><img decoding=\"async\" src=\"https:\/\/www.hydraulic-cylinders.net\/wp-content\/uploads\/2025\/04\/songte-company-4.webp\" alt=\"Ettev\u00f5tte rajatised\" \/><br \/>\n<img decoding=\"async\" src=\"https:\/\/www.hydraulic-cylinders.net\/wp-content\/uploads\/2025\/04\/songte-company-3.webp\" alt=\"Tootmisseadmed\" \/><\/p>\n<p>Meie spetsialiseerumine h\u00f5lmab konkreetsetele tegevusn\u00f5uetele kohandatud lahendusi, mida toetavad rahvusvahelised sertifikaadid, mis tagavad meie toodete vastavuse \u00fclemaailmsetele standarditele. Oleme uhked oma erakordse m\u00fc\u00fcgij\u00e4rgse toe, sh paigaldusjuhiste ja hooldusteenuste pakkumise \u00fcle, et tagada klientide rahulolu ja toodete pikaealisus.<\/p>\n<p>Autor: lyl<\/p>","protected":false},"excerpt":{"rendered":"<p>Boom Cylinder For DER DER33E Overview of Boom Cylinder The Boom Cylinder for DER DER33E is a specialized hydraulic cylinder designed to control the movement of the bucket in various heavy machinery applications. This cylinder is essential for operations such as lifting, lowering, and tilting the bucket, facilitating efficient material handling tasks in industries such [&hellip;]<\/p>","protected":false},"featured_media":17877,"comment_status":"open","ping_status":"closed","template":"","meta":{"_et_pb_use_builder":"","_et_pb_old_content":"","_et_gb_content_width":""},"product_brand":[],"product_cat":[1546],"product_tag":[1547,1496],"class_list":{"0":"post-19417","1":"product","2":"type-product","3":"status-publish","4":"has-post-thumbnail","6":"product_cat-boom-cylinders","7":"product_tag-boom-cylinders","8":"product_tag-hydraulic-cylinders","10":"first","11":"instock","12":"shipping-taxable","13":"product-type-simple"},"amp_enabled":true,"_links":{"self":[{"href":"https:\/\/www.hydraulic-cylinders.net\/et\/wp-json\/wp\/v2\/product\/19417","targetHints":{"allow":["GET"]}}],"collection":[{"href":"https:\/\/www.hydraulic-cylinders.net\/et\/wp-json\/wp\/v2\/product"}],"about":[{"href":"https:\/\/www.hydraulic-cylinders.net\/et\/wp-json\/wp\/v2\/types\/product"}],"replies":[{"embeddable":true,"href":"https:\/\/www.hydraulic-cylinders.net\/et\/wp-json\/wp\/v2\/comments?post=19417"}],"wp:featuredmedia":[{"embeddable":true,"href":"https:\/\/www.hydraulic-cylinders.net\/et\/wp-json\/wp\/v2\/media\/17877"}],"wp:attachment":[{"href":"https:\/\/www.hydraulic-cylinders.net\/et\/wp-json\/wp\/v2\/media?parent=19417"}],"wp:term":[{"taxonomy":"product_brand","embeddable":true,"href":"https:\/\/www.hydraulic-cylinders.net\/et\/wp-json\/wp\/v2\/product_brand?post=19417"},{"taxonomy":"product_cat","embeddable":true,"href":"https:\/\/www.hydraulic-cylinders.net\/et\/wp-json\/wp\/v2\/product_cat?post=19417"},{"taxonomy":"product_tag","embeddable":true,"href":"https:\/\/www.hydraulic-cylinders.net\/et\/wp-json\/wp\/v2\/product_tag?post=19417"}],"curies":[{"name":"wp","href":"https:\/\/api.w.org\/{rel}","templated":true}]}}