{"id":19419,"date":"2025-04-07T06:33:36","date_gmt":"2025-04-07T06:33:36","guid":{"rendered":"https:\/\/www.hydraulic-cylinders.net\/product\/boom-cylinder-for-der-der323-8\/"},"modified":"2025-04-07T06:33:39","modified_gmt":"2025-04-07T06:33:39","slug":"boom-cylinder-for-der-der323-8","status":"publish","type":"product","link":"https:\/\/www.hydraulic-cylinders.net\/et\/toode\/boom-cylinder-for-der-der323-8\/","title":{"rendered":"Poomi silinder DER DER323-8 jaoks"},"content":{"rendered":"<h1>Poomi silinder DER DER323-8 jaoks<\/h1>\n<h2>Toote \u00fclevaade<\/h2>\n<p>DER DER323-8 noole silinder on oluline h\u00fcdrauliline komponent, millel on rasketehnika t\u00f6\u00f6s oluline roll. Seda t\u00fc\u00fcpi h\u00fcdrauliline silinder on spetsiaalselt loodud kopa liikumise juhtimiseks erinevates rasketehnika seadmetes, n\u00e4iteks ekskavaatorites, laadur-ekskavaatorites ja esilaadurites. V\u00f5imaldades kopa t\u00f5stmist, langetamist ja kallutamist, h\u00f5lbustab noole silinder t\u00f5husaid materjalik\u00e4itlust\u00f6id.<\/p>\n<p><img decoding=\"async\" src=\"https:\/\/www.hydraulic-cylinders.net\/wp-content\/uploads\/2025\/04\/songte-company-1.webp\" alt=\"Poomi silinder\" \/><\/p>\n<h3>Definitsioon ja toimimine<\/h3>\n<p>Kopa silinder on h\u00fcdrauliline silinder, mida kasutatakse raskete masinate k\u00fclge kinnitatud koppade liikumise juhtimiseks. H\u00fcdraulilistes s\u00fcsteemides t\u00f6\u00f6tavad need silindrid h\u00fcdraulilise energia mehaaniliseks energiaks muutmise teel, v\u00f5imaldades kopa liikumise t\u00e4pset juhtimist. Poomi silindrite disain ja funktsionaalsus on materjalide t\u00f5husa kaevamise, t\u00f5stmise ja transportimise jaoks \u00fcliolulised, muutes need erinevates t\u00f6\u00f6stusharudes asendamatuks.<\/p>\n<h2>DER DER323-8 poomisilindri omadused<\/h2>\n<ul>\n<li><strong>Suur tugevus ja vastupidavus:<\/strong> Need silindrid on valmistatud \u00fclitugevast terasest v\u00f5i alumiiniumist ning on loodud taluma k\u00f5rget r\u00f5hku ja suuri koormusi, tagades pikaealisuse isegi k\u00f5ige karmimates t\u00f6\u00f6tingimustes.<\/li>\n<li><strong>T\u00f5hus h\u00fcdrauliline t\u00f6\u00f6:<\/strong> Need kasutavad sujuvaks pikendamiseks ja tagasit\u00f5mbamiseks h\u00fcdraulilist \u00f5lir\u00f5hku, pakkudes kiiret reageerimist juhtimisk\u00e4sklustele ning m\u00e4rkimisv\u00e4\u00e4rset t\u00f5uke- ja t\u00f5mbej\u00f5udu raskete materjalide k\u00e4sitsemiseks.<\/li>\n<li><strong>Erinevad t\u00fc\u00fcbid:<\/strong> Saadaval \u00fchetoimelise (\u00fches suunas t\u00f6\u00f6tav) v\u00f5i kahetoimelise (m\u00f5lemas suunas t\u00f6\u00f6tav) konfiguratsioonina, m\u00f5ned mudelid pakuvad teleskoopkonstruktsiooni suuremaks pikendamiseks ilma v\u00e4lism\u00f5\u00f5tmeid suurendamata.<\/li>\n<li><strong>T\u00e4ppistehnika:<\/strong> Need silindrid on konstrueeritud k\u00f5rgete tolerantsidega, et tagada optimaalne j\u00f5udlus ja minimeerida kulumist, ning on varustatud t\u00e4iustatud tihendustehnoloogiatega lekete v\u00e4ltimiseks.<\/li>\n<li><strong>Kohandatavad lahendused:<\/strong> Saame toota silindreid, mis asendavad ideaalselt olemasolevaid h\u00fcdraulilisi silindreid ja on kohandatud konkreetsete masinate n\u00f5uetele.<\/li>\n<\/ul>\n<p><img decoding=\"async\" src=\"https:\/\/www.hydraulic-cylinders.net\/wp-content\/uploads\/2025\/04\/songte-cylinder-head-with-all-kinds-excavator-models.webp\" alt=\"Silindripea\" \/><\/p>\n<h2>Rakendusstsenaariumid<\/h2>\n<h3>Ehitustehnika<\/h3>\n<p>Ekskavaatorites on noolesilindrid h\u00e4davajalikud kaevamiseks, laadimiseks ja pinnase v\u00f5i prahi teisaldamiseks. Need v\u00f5imaldavad operaatoril teha t\u00e4pseid liigutusi, mis on kaevet\u00f6\u00f6de puhul kriitilise t\u00e4htsusega. Ekskavaator-laadurites abistavad need silindrid nii kaevamis- kui ka t\u00f5stet\u00f6\u00f6del, suurendades masina mitmek\u00fclgsust. V\u00f5imalus kopa asendit t\u00e4pselt juhtida muudab need silindrid ehitusplatsidel asendamatuks.<\/p>\n<h3>P\u00f5llumajandustehnika<\/h3>\n<p>Esilaaduritel on noolesilindrid \u00fcliolulised mulla, heina ja muude materjalide kopeerimiseks, t\u00f5stmiseks ja transportimiseks. Nende v\u00f5imas t\u00f6\u00f6 v\u00f5imaldab p\u00f5llumeestel raskeid koormaid h\u00f5lpsalt k\u00e4sitseda, optimeerides tootlikkust p\u00f5llumajandustegevuse ajal. Sujuv h\u00fcdrauliline t\u00f6\u00f6 v\u00f5imaldab \u00f5rnu man\u00f6\u00f6vreid, mis on \u00fclioluline tundlikes piirkondades t\u00f6\u00f6tamisel.<\/p>\n<h3>Ekskavaatorid<\/h3>\n<p>Noolesilindrid v\u00f5imaldavad ekskavaatoritel t\u00f5husalt pinnasesse tungida, h\u00f5lbustades kaevamistoiminguid, mis on mitmesuguste ehitusprojektide puhul olulised. V\u00f5imaldades kopal t\u00f6\u00f6 ajal optimaalseid nurki s\u00e4ilitada, suurendavad need silindrid materjali kaevamise efektiivsust, muutes need mullat\u00f6\u00f6masinate v\u00f5tmekomponendiks.<\/p>\n<h3>Laadurid<\/h3>\n<p>Esilaadurites aitavad noolesilindrid materjale t\u00f5husalt t\u00f5sta ja t\u00fchjendada. Need pakuvad vajalikku j\u00f5udu koormate t\u00f5stmiseks ja sujuva t\u00fchjendamise tagamiseks, mis on ehitus- ja haljastust\u00f6\u00f6del materjalide k\u00e4itlemisel kriitilise t\u00e4htsusega. Nende usaldusv\u00e4\u00e4rne j\u00f5udlus tagab, et laadurid saavad t\u00f6\u00f6tada maksimaalse efektiivsusega, ohverdamata ohutust.<\/p>\n<h2>Projekteerimiskaalutlused ja valikustandardid<\/h2>\n<h3>Kandev\u00f5ime<\/h3>\n<p>Noolesilindri kandev\u00f5ime on kriitilise t\u00e4htsusega kaalutlus, kuna see m\u00e4\u00e4rab, kui palju raskust silinder ohutult t\u00f5sta ja toetada suudab. Ohutuse ja funktsionaalsuse tagamiseks on oluline valida silinder, mis \u00fcletab rakenduse maksimaalseid koormusn\u00f5udeid. Konstruktsiooniline terviklikkus ja materjali koostis m\u00f5jutavad oluliselt kandev\u00f5imet, kusjuures \u00fclitugevad materjalid pakuvad pinge all paremat j\u00f5udlust.<\/p>\n<h3>Tihendus ja vastupidavus<\/h3>\n<p>T\u00f5hus tihendamine on \u00fclioluline h\u00fcdraulilise vedeliku lekete v\u00e4ltimiseks, mis v\u00f5ivad p\u00f5hjustada j\u00f5udlusprobleeme ja keskkonnaohte. Kvaliteetsed tihendid, mis on valmistatud vastupidavatest materjalidest, nagu pol\u00fcuretaan v\u00f5i nitriilkummi, on h\u00e4davajalikud. Silindri korpus ja keermestatud otsad peavad l\u00e4bima t\u00e4pse viimistlusprotsessi, et suurendada kulumiskindlust, tagades pikema eluea ja usaldusv\u00e4\u00e4rse t\u00f6\u00f6.<\/p>\n<h3>Ohutus ja hooldus<\/h3>\n<p>Poomisilindrite projekteerimisel peab ohutus olema esmat\u00e4htis. Sellised omadused nagu r\u00f5huvabastusventiilid ja vastupidav konstruktsioon aitavad \u00e4ra hoida katastroofilisi rikkeid. Regulaarsed hooldusrutiinid, sealhulgas \u00fclevaatused ja osade vahetamine, on silindri optimaalses t\u00f6\u00f6korras hoidmiseks h\u00e4davajalikud, mis l\u00f5ppkokkuv\u00f5ttes kaitseb nii operaatoreid kui ka masinaid.<\/p>\n<p><img decoding=\"async\" src=\"https:\/\/www.hydraulic-cylinders.net\/wp-content\/uploads\/2025\/04\/songte-oil-pipes-and-spare-parts.webp\" alt=\"\u00d5litorud ja varuosad\" \/><\/p>\n<h2>Tihendus ja m\u00e4\u00e4rimine<\/h2>\n<p>H\u00fcdraulilise efektiivsuse s\u00e4ilitamiseks on oluline kasutada erinevaid tihenduskomponente, n\u00e4iteks kolvitihendeid ja varrastihendeid. Kulumiskindlatest materjalidest tihendid tagavad pikaealisuse ja j\u00f5udluse. Silindri korpus ja keermestatud pinnad vajavad peent\u00f6\u00f6tlust, et suurendada vastupidavust ja v\u00e4hendada h\u00f5\u00f5rdumist. Optimaalse t\u00f6\u00f6 s\u00e4ilitamiseks ja kulumise v\u00e4ltimiseks on vajalik regulaarne m\u00e4\u00e4rimine sobiva h\u00fcdraulika\u00f5liga.<\/p>\n<h2>Regulaarne kontroll ja ennetav hooldus<\/h2>\n<ul>\n<li><strong>Regulaarsed kontrollid:<\/strong> H\u00fcdraulikas\u00fcsteemi regulaarsed kontrollid aitavad tuvastada lekkeid, kulumist ja muid probleeme enne, kui need riketeni viivad. Kontrollide logi pidamine aitab s\u00e4ilitada ennetavat hooldusl\u00e4henemist.<\/li>\n<li><strong>\u00d5ige m\u00e4\u00e4rimine:<\/strong> Silindri piisav m\u00e4\u00e4rimine v\u00e4hendab h\u00f5\u00f5rdumist ja kulumist, pikendades h\u00fcdraulikakomponentide eluiga. \u00d5ige t\u00fc\u00fcpi h\u00fcdraulika\u00f5li kasutamine on \u00fclioluline.<\/li>\n<li><strong>Tihendi vahetamine:<\/strong> Aja jooksul v\u00f5ivad tihendid kuluda ja vajada v\u00e4ljavahetamist h\u00fcdraulilise efektiivsuse s\u00e4ilitamiseks ja lekete v\u00e4ltimiseks. Kulunud tihendite kiire v\u00e4ljavahetamine on oluline, et v\u00e4ltida s\u00fcsteemi ulatuslikke kahjustusi.<\/li>\n<\/ul>\n<h2>Paigaldusjuhised<\/h2>\n<p>Poomi silindri \u00f5ige paigaldamine on selle j\u00f5udluse ja eluea jaoks \u00fclioluline. Alustage veendumaks, et kinnituspunktid on puhtad ja prahist vabad. Joondage silinder hoolikalt kinnitusklambritega ja kasutage kinnitamiseks sobivaid tuge. Veenduge, et k\u00f5ik h\u00fcdraulilised \u00fchendused on tihedad ja lekkevabad ning kontrollige enne kasutamist topelt, et silindri liikumisulatus oleks takistusteta. Optimaalse j\u00f5udluse saavutamiseks on oluline j\u00e4rgida tootja spetsifikatsioone p\u00f6\u00f6rdemomendi s\u00e4tete ja joondamise kohta.<\/p>\n<h2>Levinumad hooldust\u00f6\u00f6d<\/h2>\n<ul>\n<li><strong>Regulaarsed kontrollid:<\/strong> Regulaarsete kontrollide tegemine aitab potentsiaalseid probleeme varakult tuvastada. Otsige kulumise, lekete ja joondusvea m\u00e4rke. Hooldusgraafiku j\u00e4rgimine v\u00f5ib seisakuid oluliselt v\u00e4hendada.<\/li>\n<li><strong>\u00d5ige m\u00e4\u00e4rimine:<\/strong> H\u00fcdrauliliste silindrite sujuva t\u00f6\u00f6 tagamiseks on oluline s\u00e4ilitada sobiv m\u00e4\u00e4rimisaste. Kasutage soovitatud h\u00fcdraulika\u00f5li ja j\u00e4rgige tootja juhiseid m\u00e4\u00e4rimissageduse kohta.<\/li>\n<li><strong>Tihendi vahetamine:<\/strong> Kontrollige regulaarselt tihendite kulumist ja vahetage need vastavalt vajadusele, et s\u00e4ilitada h\u00fcdrauliline r\u00f5hk ja v\u00e4ltida lekkeid. See \u00fclesanne on h\u00fcdraulikas\u00fcsteemi pikaealisuse tagamiseks h\u00e4davajalik.<\/li>\n<\/ul>\n<p><img decoding=\"async\" src=\"https:\/\/www.hydraulic-cylinders.net\/wp-content\/uploads\/2025\/04\/songte-chushion-collar.webp\" alt=\"Padjakaelus\" \/><\/p>\n<h2>Ohutuskaalutlused ja keskkonnategurid<\/h2>\n<p>H\u00fcdrauliliste silindritega t\u00f6\u00f6tamisel on \u00fclioluline rakendada ohutusmeetmeid. Operaatorid peaksid olema koolitatud masinate ohutu k\u00e4sitsemise ja ohutusprotokollide j\u00e4rgimise olulisuse osas. \u00d5igete isikukaitsevahendite (IKV) kasutamine minimeerib riske. Lisaks on j\u00e4tkusuutliku tegevuse s\u00e4ilitamiseks \u00fclioluline arvestada keskkonnateguritega, nagu lekete ennetamine ja h\u00fcdrauliliste vedelike n\u00f5uetekohane k\u00f5rvaldamine.<\/p>\n<h2>Rikete diagnoosimine ja levinud probleemid<\/h2>\n<ul>\n<li><strong>Leke:<\/strong> \u00dcks levinumaid probleeme on h\u00fcdraulikavedeliku leke. See v\u00f5ib viidata kulunud tihenditele v\u00f5i kahjustatud voolikutele. Edasiste kahjustuste v\u00e4ltimiseks on vaja kohest t\u00e4helepanu p\u00f6\u00f6rata.<\/li>\n<li><strong>Aeglane v\u00f5i ebakindel liikumine:<\/strong> Kui silinder t\u00f6\u00f6tab aeglaselt v\u00f5i eba\u00fchtlaselt, v\u00f5ib see viidata madalale h\u00fcdraulikavedeliku tasemele v\u00f5i \u00f5hule s\u00fcsteemis. Regulaarne kontroll ja hooldus aitavad seda probleemi leevendada.<\/li>\n<li><strong>Eba\u00fchtlane koormuse jaotus:<\/strong> Kui silinder ei t\u00f6\u00f6ta \u00fchtlaselt, v\u00f5ib see olla valesti joondatud v\u00f5i vajada uuesti kalibreerimist. Selle probleemi v\u00e4ltimiseks on oluline tagada \u00f5ige paigaldus.<\/li>\n<\/ul>\n<h2>Veaotsingu n\u00e4pun\u00e4ited<\/h2>\n<p>Probleemide t\u00f5husaks diagnoosimiseks ja t\u00f5rkeotsinguks alustage h\u00fcdraulikavedeliku taseme kontrollimisest ja lekete kontrollimisest. Ebakorrap\u00e4rase liikumise korral \u00f5hutage s\u00fcsteemi, et eemaldada l\u00f5ksus olev \u00f5hk. Eba\u00fchtlase koormuse jaotumise korral kontrollige silindri ja selle kinnitusklambrite joondust. Regulaarne hooldus ja kasutusjuhiste j\u00e4rgimine v\u00f5ivad nende probleemide esinemist oluliselt v\u00e4hendada ja pikendada h\u00fcdraulikas\u00fcsteemi eluiga.<\/p>\n<p><img decoding=\"async\" src=\"https:\/\/www.hydraulic-cylinders.net\/wp-content\/uploads\/2025\/04\/songte-bushings-with-all-kinds-of-excavator-models.webp\" alt=\"Puksid\" \/><\/p>\n<h2>Meie ettev\u00f5ttest<\/h2>\n<p>Oleme juhtiv asendush\u00fcdrauliliste silindrite tootja ja hulgim\u00fc\u00fcja, pakkudes laia tootevalikut nii sise- kui ka rahvusvahelistele turgudele. P\u00fchendunud tipptasemele, rakendame t\u00e4iustatud tootmisjuhtimise strateegiat, et tagada k\u00f5rge kvaliteediga tootmine. Meie tehniliste ekspertide meeskond koos t\u00e4iustatud digitaalsete tootmisseadmete ja range testimiss\u00fcsteemiga t\u00e4iustab pidevalt meie tootmisv\u00f5imalusi. Oleme uhked oma v\u00f5ime \u00fcle rahuldada klientide mitmekesiseid n\u00f5udmisi suure t\u00f5hususega, t\u00e4psuse ja kvaliteediga.<\/p>\n<h3>Professionaalsus ja kohandatud teenused<\/h3>\n<p>Meie ettev\u00f5te pakub laia valikut kohandatud teenuseid, mis on loodud vastama meie klientide ainulaadsetele vajadustele. Meil \u200b\u200bon rahvusvahelised sertifikaadid, et tagada meie toodete vastavus \u00fclemaailmsetele standarditele. Meie tootmis\u00fcksused kasutavad tipptasemel seadmeid, mis v\u00f5imaldavad meil toota silindreid, mis vastavad k\u00f5rgeimatele kvaliteedistandarditele. Meie p\u00fchendunud m\u00fc\u00fcgij\u00e4rgse teeninduse meeskond on alati valmis kliente nende vajadustega abistama, tagades rahulolu kogu toote eluts\u00fckli v\u00e4ltel.<\/p>\n<p><img decoding=\"async\" src=\"https:\/\/www.hydraulic-cylinders.net\/wp-content\/uploads\/2025\/04\/songte-company-4.webp\" alt=\"Ettev\u00f5tte \u00fclevaade\" \/><br \/>\n<img decoding=\"async\" src=\"https:\/\/www.hydraulic-cylinders.net\/wp-content\/uploads\/2025\/04\/songte-company-3.webp\" alt=\"Ettev\u00f5tte rajatised\" \/><\/p>\n<p>Autor: lyl<\/p>","protected":false},"excerpt":{"rendered":"<p>Boom Cylinder For DER DER323-8 Product Overview The Boom Cylinder for DER DER323-8 is a vital hydraulic component that plays a crucial role in the operation of heavy machinery. This type of hydraulic cylinder is specifically designed to control the movement of the bucket in various heavy-duty equipment, such as excavators, backhoe loaders, and front [&hellip;]<\/p>","protected":false},"featured_media":17879,"comment_status":"open","ping_status":"closed","template":"","meta":{"_et_pb_use_builder":"","_et_pb_old_content":"","_et_gb_content_width":""},"product_brand":[],"product_cat":[1546],"product_tag":[1547,1496],"class_list":{"0":"post-19419","1":"product","2":"type-product","3":"status-publish","4":"has-post-thumbnail","6":"product_cat-boom-cylinders","7":"product_tag-boom-cylinders","8":"product_tag-hydraulic-cylinders","10":"first","11":"instock","12":"shipping-taxable","13":"product-type-simple"},"amp_enabled":true,"_links":{"self":[{"href":"https:\/\/www.hydraulic-cylinders.net\/et\/wp-json\/wp\/v2\/product\/19419","targetHints":{"allow":["GET"]}}],"collection":[{"href":"https:\/\/www.hydraulic-cylinders.net\/et\/wp-json\/wp\/v2\/product"}],"about":[{"href":"https:\/\/www.hydraulic-cylinders.net\/et\/wp-json\/wp\/v2\/types\/product"}],"replies":[{"embeddable":true,"href":"https:\/\/www.hydraulic-cylinders.net\/et\/wp-json\/wp\/v2\/comments?post=19419"}],"wp:featuredmedia":[{"embeddable":true,"href":"https:\/\/www.hydraulic-cylinders.net\/et\/wp-json\/wp\/v2\/media\/17879"}],"wp:attachment":[{"href":"https:\/\/www.hydraulic-cylinders.net\/et\/wp-json\/wp\/v2\/media?parent=19419"}],"wp:term":[{"taxonomy":"product_brand","embeddable":true,"href":"https:\/\/www.hydraulic-cylinders.net\/et\/wp-json\/wp\/v2\/product_brand?post=19419"},{"taxonomy":"product_cat","embeddable":true,"href":"https:\/\/www.hydraulic-cylinders.net\/et\/wp-json\/wp\/v2\/product_cat?post=19419"},{"taxonomy":"product_tag","embeddable":true,"href":"https:\/\/www.hydraulic-cylinders.net\/et\/wp-json\/wp\/v2\/product_tag?post=19419"}],"curies":[{"name":"wp","href":"https:\/\/api.w.org\/{rel}","templated":true}]}}