{"id":19420,"date":"2025-04-07T06:33:42","date_gmt":"2025-04-07T06:33:42","guid":{"rendered":"https:\/\/www.hydraulic-cylinders.net\/product\/boom-cylinder-for-der-der323-8elzm\/"},"modified":"2025-04-07T06:33:44","modified_gmt":"2025-04-07T06:33:44","slug":"boom-cylinder-for-der-der323-8elzm","status":"publish","type":"product","link":"https:\/\/www.hydraulic-cylinders.net\/et\/toode\/boom-cylinder-for-der-der323-8elzm\/","title":{"rendered":"Poomi silinder mudelile DER DER323-8ELZM"},"content":{"rendered":"<h1>Poomi silinder mudelile DER DER323-8ELZM<\/h1>\n<h2>Sissejuhatus poomi silindrisse<\/h2>\n<p>Spetsiaalselt DER DER323-8ELZM mudeli jaoks loodud noole silinder on rasketehnika h\u00fcdraulikas\u00fcsteemide oluline komponent. See h\u00fcdraulika silinder v\u00f5imaldab erinevate lisaseadmete, n\u00e4iteks koppade, kontrollitud liikumist sellistel seadmetel nagu ekskavaatorid, laadur-ekskavaatorid ja esilaadurid. Selle peamine \u00fclesanne on v\u00f5imaldada kopa t\u00f5stmist, langetamist ja kallutamist, h\u00f5lbustades t\u00f5husaid materjalik\u00e4itlust\u00f6id.<\/p>\n<p><img decoding=\"async\" src=\"https:\/\/www.hydraulic-cylinders.net\/wp-content\/uploads\/2025\/04\/songte-company-1.webp\" alt=\"Poomi silindri pilt\" \/><\/p>\n<h3>Kopasilindrite m\u00f5istmine<\/h3>\n<p>Kopasilindrid on h\u00fcdraulilised silindrid, mis on spetsiaalselt loodud raskete masinate koppade liikumise juhtimiseks. Need silindrid m\u00e4ngivad h\u00fcdraulikas\u00fcsteemides kriitilist rolli, pakkudes vajalikku j\u00f5udu lisaseadmete k\u00e4sitsemiseks. Nende konstruktsioon tagab, et operaatorid saavad raskeid koormaid t\u00f5husalt man\u00f6\u00f6verdada, muutes need h\u00e4davajalikuks ehitus- ja p\u00f5llumajandust\u00f6\u00f6del.<\/p>\n<h2>Poomi silindri omadused<\/h2>\n<ul>\n<li><strong>Suur tugevus ja vastupidavus:<\/strong> Need \u00fclitugevast terasest v\u00f5i alumiiniumist valmistatud silindrid taluvad k\u00f5rget r\u00f5hku ja suuri koormusi ning on loodud t\u00f6\u00f6tama karmides keskkondades, tagades samal ajal kulumiskindluse ja korrosioonikaitse.<\/li>\n<li><strong>T\u00f5hus h\u00fcdrauliline t\u00f6\u00f6:<\/strong> H\u00fcdraulilise \u00f5li r\u00f5hu abil v\u00f5imaldab poomi silinder sujuvat pikendamist ja tagasit\u00f5mbamist, reageerides kiiresti juhtimisk\u00e4sklustele ning pakkudes m\u00e4rkimisv\u00e4\u00e4rset t\u00f5uke- ja t\u00f5mbej\u00f5udu, mis sobib ideaalselt raskete ja keerukate \u00fclesannete t\u00e4itmiseks.<\/li>\n<li><strong>Erinevad t\u00fc\u00fcbid:<\/strong> Saadaval \u00fchetoimelise (\u00fches suunas t\u00f6\u00f6tav) v\u00f5i kahetoimelise (m\u00f5lemas suunas t\u00f6\u00f6tav) konfiguratsioonina, m\u00f5ned mudelid pakuvad teleskoopv\u00f5imalusi suuremaks pikendamiseks ilma v\u00e4lism\u00f5\u00f5tmeid suurendamata, mis sobib piiratud ruumiga rakenduste jaoks.<\/li>\n<\/ul>\n<h2>Tootmisv\u00f5imalused<\/h2>\n<p>Oleme v\u00f5imelised seda toodet tootma, tagades, et meie h\u00fcdrosilindrid sobivad ideaalselt turul olemasolevatele silindritele.<\/p>\n<p><img decoding=\"async\" src=\"https:\/\/www.hydraulic-cylinders.net\/wp-content\/uploads\/2025\/04\/songte-cylinder-head-with-all-kinds-excavator-models.webp\" alt=\"H\u00fcdraulilise silindri tootmine\" \/><\/p>\n<h2>Poomi silindri rakendused<\/h2>\n<h3>Ehitustehnika<\/h3>\n<p>Ekskavaatorites on noolesilindrid \u00fcliolulised kaevamisel, laadimisel ja pinnase v\u00f5i prahi teisaldamisel. Need h\u00f5lbustavad kopa liikumist, tagades t\u00f5husa kaevet\u00f6\u00f6. Ekskavaatoritel aitab noolesilinder nii kaevamisel kui ka t\u00f5stmisel, suurendades ehitusplatside tootlikkust.<\/p>\n<h3>P\u00f5llumajandustehnika<\/h3>\n<p>Esilaadurite puhul on noole silinder oluline mulla, heina ja muude materjalide kopeerimiseks, t\u00f5stmiseks ja transportimiseks. See v\u00f5imaldab p\u00f5llumeestel suuri koormaid t\u00f5husalt k\u00e4sitseda, parandades \u00fcldist tootlikkust ja v\u00e4hendades k\u00e4sitsi t\u00f6\u00f6d.<\/p>\n<h3>Ekskavaatorioperatsioonid<\/h3>\n<p>Ekskavaatorid toetuvad s\u00fcgavale kaevamisele t\u00f5husaks pinnasesse tungimiseks kopasilindritele. Nende vastupidav konstruktsioon tagab pikaajalise kasutamise korral \u00fchtlase j\u00f5udluse, muutes need ehitus- ja kaevandust\u00f6\u00f6de p\u00f5hielemendiks.<\/p>\n<h3>Laadija funktsioonid<\/h3>\n<p>Frontaallaadurites aitavad noolesilindrid materjale t\u00f5sta ja t\u00fchjendada. Nende usaldusv\u00e4\u00e4rne j\u00f5udlus tagab kaupade t\u00f5husa k\u00e4itlemise ja transportimise, muutes need lahutamatuks osaks erinevatest laadimistoimingutest.<\/p>\n<h2>Projekteerimiskaalutlused ja valikukriteeriumid<\/h2>\n<ul>\n<li><strong>Kandev\u00f5ime:<\/strong> Poomi silindri kandev\u00f5ime on \u00fclioluline kaalutlus. See peab suutma taluda materjalide ja seadmete maksimaalset raskust, millega see t\u00f6\u00f6tab. Kaalujaotuse m\u00f5istmine ja silindri vastavuse v\u00f5i \u00fcletamise tagamine neile spetsifikatsioonidele on ohutu ja t\u00f5husa t\u00f6\u00f6 tagamiseks \u00fclioluline.<\/li>\n<li><strong>Tihendus:<\/strong> Hea tihendus on oluline h\u00fcdraulilise vedeliku lekete v\u00e4ltimiseks, mis v\u00f5ivad v\u00e4hendada efektiivsust ja p\u00f5hjustada v\u00f5imalikke kahjustusi. Kvaliteetsete tihendite kasutamine, mis taluvad r\u00f5hu- ja temperatuurik\u00f5ikumisi, tagab h\u00fcdraulikas\u00fcsteemi pikaealisuse ja j\u00f5udluse.<\/li>\n<li><strong>Vastupidavus:<\/strong> Poomi silindrite valmistamisel kasutatavad materjalid peavad olema piisavalt vastupidavad, et taluda karme keskkonnatingimusi ja kulumist. T\u00f6\u00f6deldud terasest v\u00f5i korrosioonikindlatest materjalidest silindrite valimine suurendab vastupidavust ja v\u00e4hendab aja jooksul hooldusvajadust.<\/li>\n<li><strong>Ohutus:<\/strong> Ohutusfunktsioonid, n\u00e4iteks \u00fcler\u00f5huventiilid ja \u00fclekoormuskaitse, on \u00f5nnetuste ja seadmete rikete v\u00e4ltimiseks h\u00e4davajalikud. Ohutusstandardite n\u00f5uetekohane j\u00e4rgimine projekteerimisel tagab operaatori ohutuse ja masina t\u00f6\u00f6kindluse.<\/li>\n<li><strong>Hooldatavus:<\/strong> Lihtne juurdep\u00e4\u00e4s hoolduspunktidele ja silindri disain v\u00f5ivad hooldusrutiine oluliselt m\u00f5jutada. H\u00e4sti l\u00e4bim\u00f5eldud disain v\u00f5imaldab lihtsamaid kontrolle ja remonte, v\u00e4hendades seisakuid ja suurendades tootlikkust.<\/li>\n<\/ul>\n<p><img decoding=\"async\" src=\"https:\/\/www.hydraulic-cylinders.net\/wp-content\/uploads\/2025\/04\/songte-oil-pipes-and-spare-parts.webp\" alt=\"H\u00fcdraulilise silindri kujunduspilt\" \/><\/p>\n<h2>Tihendus ja m\u00e4\u00e4rimine<\/h2>\n<p>Poomi silindri efektiivsus s\u00f5ltub suuresti selle tihendus- ja m\u00e4\u00e4rimismehhanismidest. H\u00fcdraulikavedeliku lekete v\u00e4ltimiseks kasutatakse mitmesuguseid tihendeid, sealhulgas kolvi- ja vardatihendeid. Kulumiskindlatest materjalidest, n\u00e4iteks pol\u00fcuretaanist ja nitriilkummist, valmistatud tihendid suurendavad vastupidavust. Silindri korpus ja keermestatud otsapinnad on peenelt t\u00f6\u00f6deldud, et parandada kulumiskindlust. Regulaarne m\u00e4\u00e4rimine sobiva koguse h\u00fcdraulika\u00f5liga on optimaalse j\u00f5udluse s\u00e4ilitamiseks ja kulumise v\u00e4ltimiseks h\u00e4davajalik.<\/p>\n<h2>Regulaarne kontroll ja ennetav hooldus<\/h2>\n<ul>\n<li><strong>Rutiinsed kontrollid:<\/strong> Regulaarsed kontrollid on \u00fcliolulised kulumise v\u00f5i kahjustuste varajaseks tuvastamiseks. H\u00fcdraulikavedeliku taseme kontrollimine ja lekete otsimine aitab v\u00e4ltida suuremate probleemide teket.<\/li>\n<li><strong>M\u00e4\u00e4rimine:<\/strong> K\u00f5igi liikuvate osade piisav m\u00e4\u00e4rimine pikendab poomi silindri eluiga. \u00d5ige t\u00fc\u00fcpi h\u00fcdraulikavedeliku kasutamine ja tootja spetsifikatsioonide j\u00e4rgimine m\u00e4\u00e4rimisintervallide osas on \u00fclioluline.<\/li>\n<li><strong>Tihendi vahetamine:<\/strong> Hooldusgraafiku osana tihendite regulaarne vahetamine aitab v\u00e4ltida lekkeid ja s\u00e4ilitada h\u00fcdraulika efektiivsust. Tihendite vahetuste arvestuse pidamine aitab j\u00e4lgida h\u00fcdraulikas\u00fcsteemi seisukorda.<\/li>\n<\/ul>\n<h2>Paigaldusjuhised<\/h2>\n<p>Poomi silindri \u00f5ige paigaldamine on optimaalse j\u00f5udluse saavutamiseks h\u00e4davajalik. Alustage veendumaks, et kinnituspinnad on puhtad ja prahist vabad. Joondage silinder hoolikalt, veendudes, et see on sirge ja \u00f5igesti paigutatud. Kasutage silindri kinnitamiseks sobivaid kinnitusklambreid. J\u00e4rgige tootja juhiseid kinnituspoltide pingutusmomentide kohta. P\u00e4rast paigaldamist on enne kasutamist oluline kontrollida h\u00fcdraulika\u00fchenduste lekkeid. Nende juhiste j\u00e4rgimine aitab tagada poomi silindri t\u00f5husa ja ohutu t\u00f6\u00f6.<\/p>\n<h2>Levinumad hooldust\u00f6\u00f6d<\/h2>\n<ul>\n<li><strong>Regulaarsed kontrollid:<\/strong> Tehke rutiinseid kontrolle, et avastada k\u00f5ik k\u00f5rvalekalded varakult. Tihendite ja h\u00fcdraulikavoolikute regulaarne kontroll aitab s\u00e4ilitada s\u00fcsteemi terviklikkust.<\/li>\n<li><strong>\u00d5ige m\u00e4\u00e4rimine:<\/strong> Veenduge, et h\u00fcdraulika\u00f5li tase on \u00f5ige ja \u00f5iget t\u00fc\u00fcpi. Regulaarne m\u00e4\u00e4rimine parandab silindri j\u00f5udlust ja eluiga.<\/li>\n<li><strong>Tihendi vahetamine:<\/strong> J\u00e4lgige tihendite seisukorda ja vahetage need kulumise m\u00e4rkide ilmnemisel v\u00e4lja. See v\u00e4hendab lekete ohtu ja s\u00e4ilitab h\u00fcdraulilise efektiivsuse.<\/li>\n<\/ul>\n<p>Silindri \u00f5ige joondamine on paigaldamise ajal \u00fclioluline. Veenduge, et silinder oleks koormuse suunaga paralleelne ja v\u00e4ltige joondusvigu, mis v\u00f5ivad p\u00f5hjustada enneaegset kulumist v\u00f5i riket. Poomi silindri eluea maksimeerimiseks tuleks hoolikalt j\u00e4rgida soovitatud kontrolli-, remondi- ja vahetusprotseduure.<\/p>\n<p><img decoding=\"async\" src=\"https:\/\/www.hydraulic-cylinders.net\/wp-content\/uploads\/2025\/04\/songte-chushion-collar.webp\" alt=\"Silindri paigalduspilt\" \/><\/p>\n<h2>Ohutuskaalutlused ja keskkonnategurid<\/h2>\n<p>H\u00fcdrauliliste silindrite k\u00e4itamisel on ohutusmeetmed \u00fcliolulised. Operaatorid peavad kandma sobivaid isikukaitsevahendeid ja j\u00e4rgima ohutusprotokolle, et maandada h\u00fcdrauliliste riketega seotud riske. Seadmete n\u00f5uetekohase hoolduse tagamine v\u00e4hendab \u00f5nnetuste t\u00f5en\u00e4osust. Lisaks v\u00f5ib h\u00fcdrauliliste komponentide j\u00f5udlust ja eluiga m\u00f5jutada teadlikkus keskkonnateguritest, nagu temperatuurik\u00f5ikumised ja kokkupuude ohtlike materjalidega.<\/p>\n<h2>Veaotsing ja levinud probleemid<\/h2>\n<ul>\n<li><strong>Lekked:<\/strong> H\u00fcdraulikavedeliku lekked v\u00f5ivad tekkida kulunud tihendite v\u00f5i kahjustatud voolikute t\u00f5ttu. Vigaste komponentide \u00f5igeaegne tuvastamine ja asendamine on edasiste kahjustuste v\u00e4ltimiseks \u00fclioluline.<\/li>\n<li><strong>V\u00e4hendatud j\u00f5udlus:<\/strong> Kui poomi silinder on aeglane v\u00f5i ei reageeri, v\u00f5ib see viidata madalale h\u00fcdraulikavedeliku tasemele v\u00f5i ummistustele h\u00fcdraulikavoolikutes. Nende probleemide kontrollimine ja parandamine on h\u00e4davajalik.<\/li>\n<li><strong>M\u00fcra:<\/strong> Ebatavalised m\u00fcrad t\u00f6\u00f6tamise ajal v\u00f5ivad viidata sisemisele kulumisele v\u00f5i kahjustusele. M\u00fcra allika uurimine ja sellega kohe tegelemine aitab v\u00e4ltida katastroofilisi rikkeid.<\/li>\n<\/ul>\n<p>T\u00f5hus t\u00f5rkeotsing h\u00f5lmab k\u00f5igi h\u00fcdros\u00fcsteemi komponentide s\u00fcstemaatilist kontrollimist. Probleemide ja remondit\u00f6\u00f6de \u00fcksikasjaliku arvestuse pidamine aitab tuvastada korduvaid probleeme ja anda teavet edaspidiste ennetusmeetmete kohta.<\/p>\n<p><img decoding=\"async\" src=\"https:\/\/www.hydraulic-cylinders.net\/wp-content\/uploads\/2025\/04\/songte-bushings-with-all-kinds-of-excavator-models.webp\" alt=\"Pildi t\u00f5rkeotsing\" \/><\/p>\n<h2>Ettev\u00f5tte \u00fclevaade<\/h2>\n<p>Oleme juhtiv asendush\u00fcdrauliliste silindrite tootja, keda tunnustatakse nii sise- kui ka rahvusvahelistel turgudel oma laia tootevaliku poolest. Meie p\u00fchendumust tipptasemele toetab peenh\u00e4\u00e4lestatud tootmisstrateegia, mis keskendub kvaliteetsele tootmisjuhtimisele. Meie meeskond koosneb tehnilistest annetest ning kasutab t\u00e4iustatud digitaalseid tootmisseadmeid ja professionaalseid kontrolls\u00fcsteeme, et pidevalt oma tootmisplatvormi t\u00e4iustada. Tugeva loomingulise v\u00f5imekusega j\u00e4rgime k\u00f5rge efektiivsuse, t\u00e4psuse ja kvaliteedi p\u00f5him\u00f5tteid, et rahuldada klientide mitmekesiseid vajadusi.<\/p>\n<p><img decoding=\"async\" src=\"https:\/\/www.hydraulic-cylinders.net\/wp-content\/uploads\/2025\/04\/songte-company-4.webp\" alt=\"Ettev\u00f5tte \u00fclevaate pilt\" \/><br \/>\n<img decoding=\"async\" src=\"https:\/\/www.hydraulic-cylinders.net\/wp-content\/uploads\/2025\/04\/songte-company-3.webp\" alt=\"Tootmisseadmete pilt\" \/><\/p>\n<p>Meie p\u00fchendumus h\u00f5lmab professionaalset asjatundlikkust, rahvusvahelisi sertifikaate, kohandatud teenuseid, t\u00e4iustatud tootmisseadmeid ja erakordset m\u00fc\u00fcgij\u00e4rgset tuge.<\/p>\n<p>Autor: lyl<\/p>","protected":false},"excerpt":{"rendered":"<p>Boom Cylinder For DER DER323-8ELZM Introduction to Boom Cylinder The boom cylinder, specifically designed for the DER DER323-8ELZM model, is a vital component of hydraulic systems utilized in heavy machinery. This hydraulic cylinder allows for the controlled movement of various attachments, such as buckets, on equipment like excavators, backhoe loaders, and front-end loaders. Its primary [&hellip;]<\/p>","protected":false},"featured_media":17880,"comment_status":"open","ping_status":"closed","template":"","meta":{"_et_pb_use_builder":"","_et_pb_old_content":"","_et_gb_content_width":""},"product_brand":[],"product_cat":[1546],"product_tag":[1547,1496],"class_list":{"0":"post-19420","1":"product","2":"type-product","3":"status-publish","4":"has-post-thumbnail","6":"product_cat-boom-cylinders","7":"product_tag-boom-cylinders","8":"product_tag-hydraulic-cylinders","10":"first","11":"instock","12":"shipping-taxable","13":"product-type-simple"},"amp_enabled":true,"_links":{"self":[{"href":"https:\/\/www.hydraulic-cylinders.net\/et\/wp-json\/wp\/v2\/product\/19420","targetHints":{"allow":["GET"]}}],"collection":[{"href":"https:\/\/www.hydraulic-cylinders.net\/et\/wp-json\/wp\/v2\/product"}],"about":[{"href":"https:\/\/www.hydraulic-cylinders.net\/et\/wp-json\/wp\/v2\/types\/product"}],"replies":[{"embeddable":true,"href":"https:\/\/www.hydraulic-cylinders.net\/et\/wp-json\/wp\/v2\/comments?post=19420"}],"wp:featuredmedia":[{"embeddable":true,"href":"https:\/\/www.hydraulic-cylinders.net\/et\/wp-json\/wp\/v2\/media\/17880"}],"wp:attachment":[{"href":"https:\/\/www.hydraulic-cylinders.net\/et\/wp-json\/wp\/v2\/media?parent=19420"}],"wp:term":[{"taxonomy":"product_brand","embeddable":true,"href":"https:\/\/www.hydraulic-cylinders.net\/et\/wp-json\/wp\/v2\/product_brand?post=19420"},{"taxonomy":"product_cat","embeddable":true,"href":"https:\/\/www.hydraulic-cylinders.net\/et\/wp-json\/wp\/v2\/product_cat?post=19420"},{"taxonomy":"product_tag","embeddable":true,"href":"https:\/\/www.hydraulic-cylinders.net\/et\/wp-json\/wp\/v2\/product_tag?post=19420"}],"curies":[{"name":"wp","href":"https:\/\/api.w.org\/{rel}","templated":true}]}}