{"id":19425,"date":"2025-04-07T06:34:05","date_gmt":"2025-04-07T06:34:05","guid":{"rendered":"https:\/\/www.hydraulic-cylinders.net\/product\/boom-cylinder-for-kubota-small-excavator-u-165\/"},"modified":"2025-04-07T06:34:08","modified_gmt":"2025-04-07T06:34:08","slug":"boom-cylinder-for-kubota-small-excavator-u-165","status":"publish","type":"product","link":"https:\/\/www.hydraulic-cylinders.net\/et\/toode\/boom-cylinder-for-kubota-small-excavator-u-165\/","title":{"rendered":"Kubota v\u00e4ikese ekskavaatori U-165 poomi silinder"},"content":{"rendered":"<h1>Kubota v\u00e4ikese ekskavaatori U-165 poomi silinder<\/h1>\n<h2>Sissejuhatus poomi silindrisse<\/h2>\n<p>Noole silinder on Kubota v\u00e4ikeekskavaatori U-165 t\u00f6\u00f6 efektiivsuse seisukohalt \u00fclioluline komponent. See h\u00fcdrauliline silinder on spetsiaalselt loodud noole liikumise juhtimiseks, mis on oluline kaevamiseks, t\u00f5stmiseks ja materjalide teisaldamiseks. H\u00fcdraulilistes s\u00fcsteemides m\u00e4ngib noole silinder keskset rolli, muutes h\u00fcdraulilise r\u00f5hu mehaaniliseks j\u00f5uks, v\u00f5imaldades ekskavaatori liikumise t\u00e4pset juhtimist. Need silindrid v\u00f5imaldavad noolel t\u00f5sta, langetada ja kallutada, h\u00f5lbustades mitmesuguseid materjalik\u00e4itlust\u00f6id ehituses, p\u00f5llumajanduses ja muudes rasketes rakendustes.<\/p>\n<p><img decoding=\"async\" src=\"https:\/\/www.hydraulic-cylinders.net\/wp-content\/uploads\/2025\/04\/songte-company-1.webp\" alt=\"Ekskavaatorite h\u00fcdrauliline silinder\" \/><\/p>\n<h3>Kopasilindri m\u00e4\u00e4ratlus<\/h3>\n<p>Kopa silinder on h\u00fcdraulilise silindri t\u00fc\u00fcp, mis on spetsiaalselt loodud kopa liikumise juhtimiseks erinevates rasketes masinates, n\u00e4iteks ekskavaatorites, laadurites ja esilaadurites. Kopa t\u00f5stmise, langetamise ja kallutamise h\u00f5lbustamisega on need silindrid olulised materjali k\u00e4itlemise \u00fclesannete t\u00f5husaks toimimiseks.<\/p>\n<h2>Poomi silindri omadused<\/h2>\n<ul>\n<li><strong>Suur tugevus ja vastupidavus:<\/strong> K\u00f5rgtugevast terasest v\u00f5i alumiiniumist valmistatud poomi silinder on v\u00f5imeline vastu pidama k\u00f5rgele r\u00f5hule ja rasketele koormustele, mist\u00f5ttu sobib see karmidesse t\u00f6\u00f6keskkondadesse. Selle disain h\u00f5lmab kulumiskindlust ja korrosioonikaitset, et pikendada selle eluiga.<\/li>\n<li><strong>T\u00f5hus h\u00fcdrauliline t\u00f6\u00f6:<\/strong> Silinder kasutab sujuva pikenemise ja tagasit\u00f5mbamise saavutamiseks h\u00fcdraulika\u00f5li r\u00f5hku, mis v\u00f5imaldab kiiret reageerimist operaatori k\u00e4skudele, pakkudes samal ajal m\u00e4rkimisv\u00e4\u00e4rset t\u00f5uke- ja t\u00f5mbej\u00f5udu, mis sobib ideaalselt raskete esemete ja keerukate \u00fclesannete k\u00e4sitsemiseks.<\/li>\n<li><strong>Erinevad t\u00fc\u00fcbid:<\/strong> Poomi silindrid on saadaval nii \u00fchetoimeliste (h\u00fcdraulilise j\u00f5u kasutamine \u00fches suunas) kui ka kahetoimeliste (h\u00fcdraulilise j\u00f5u kasutamine m\u00f5lemas suunas) konfiguratsioonidena, et rahuldada erinevaid t\u00f6\u00f6vajadusi. M\u00f5ned mudelid on teleskoopilised, mis v\u00f5imaldavad suuremat pikendamist ilma v\u00e4lism\u00f5\u00f5tmeid suurendamata, sobides ruumipiirangutega rakenduste jaoks.<\/li>\n<li><strong>Kohandatud tootmine:<\/strong> Meil on v\u00f5imekus seda toodet toota, tagades, et meie h\u00fcdrosilindrid suudavad olemasolevaid mudeleid ideaalselt asendada, pakkudes t\u00f5husat ja usaldusv\u00e4\u00e4rset alternatiivi.<\/li>\n<li><strong>T\u00e4iustatud inseneriteadus:<\/strong> Meie poomi silindrid on t\u00e4pselt konstrueeritud, tagades optimaalse j\u00f5udluse ja t\u00f6\u00f6kindluse n\u00f5udlikes tingimustes.<\/li>\n<\/ul>\n<p><img decoding=\"async\" src=\"https:\/\/www.hydraulic-cylinders.net\/wp-content\/uploads\/2025\/04\/songte-cylinder-head-with-all-kinds-excavator-models.webp\" alt=\"Ekskavaatori silindripea\" \/><\/p>\n<h2>Poomi silindri rakendused<\/h2>\n<h3>Ehitustehnika<\/h3>\n<p>Ekskavaatorites on noolesilindrid \u00fcliolulised kaevamiseks, laadimiseks ja pinnase v\u00f5i prahi teisaldamiseks. Need h\u00f5lbustavad noole v\u00f5imet saavutada soovitud s\u00fcgavusi ja nurki, muutes need kaevamisprojektide jaoks h\u00e4davajalikuks. Samamoodi abistab ekskavaatoritel kopa silinder nii kaevamis- kui ka t\u00f5stet\u00f6\u00f6del, suurendades mitmek\u00fclgsust ja t\u00f5husust.<\/p>\n<h3>P\u00f5llumajandustehnika<\/h3>\n<p>Esilaadurites kasutatakse noole silindrit mulla, heina ja muude materjalide kopeerimiseks, t\u00f5stmiseks ja transportimiseks. Nende t\u00e4pne juhtimine v\u00f5imaldab t\u00f5husat materjali k\u00e4itlemist, mis on p\u00f5llumajandust\u00f6\u00f6de ajal \u00fclioluline.<\/p>\n<h3>Ekskavaatorid<\/h3>\n<p>Kopa silinder v\u00f5imaldab ekskavaatoril t\u00f5husalt pinnasesse tungida, pakkudes vajalikku j\u00f5udu pinnase kaevamiseks. See v\u00f5ime on oluline ehitus- ja haljastusprojektide puhul, kus on vaja s\u00fcgavust ja t\u00e4psust.<\/p>\n<h3>Laadurid<\/h3>\n<p>Frontaallaaduritel aitab noole silinder koormaid t\u00f5husalt t\u00f5sta ja maha laadida. Nende v\u00f5ime raskeid materjale kiiresti k\u00e4sitseda on ehitus- ja lammutust\u00f6\u00f6del m\u00e4rkimisv\u00e4\u00e4rne eelis.<\/p>\n<h2>Projekteerimiskaalutlused ja valikukriteeriumid<\/h2>\n<ul>\n<li><strong>Kandev\u00f5ime:<\/strong> Konstruktsioon peab vastama eeldatavatele koormusn\u00f5uetele. Sobiva kandev\u00f5imega noolesilindri valimine on ohutu ja t\u00f5husa t\u00f6\u00f6 tagamiseks \u00fclioluline. \u00dclekoormus v\u00f5ib p\u00f5hjustada silindri rikke, tekitades ohutusriske ja t\u00f6\u00f6seisakuid.<\/li>\n<li><strong>Tihendusmehhanismid:<\/strong> T\u00f5hus tihendus on h\u00fcdraulilise r\u00f5hu s\u00e4ilitamiseks ja lekete v\u00e4ltimiseks \u00fclioluline. Tihendite, n\u00e4iteks kolvi- ja varrastihendite valik m\u00f5jutab oluliselt silindri j\u00f5udlust ja pikaealisust.<\/li>\n<li><strong>Vastupidavus:<\/strong> Poomi silindri valmistamisel kasutatud materjalid peaksid vastu pidama kulumisele ja rebenemisele karmides tingimustes. Kvaliteetsed materjalid tagavad t\u00f6\u00f6kindluse ja v\u00e4hendavad sagedase vahetamise vajadust.<\/li>\n<li><strong>Turvaelemendid:<\/strong> Ohutusfunktsioonide, n\u00e4iteks r\u00f5huvabastusventiilide, lisamine on oluline \u00fcler\u00f5hu v\u00e4ltimiseks ja ohutu t\u00f6\u00f6 tagamiseks. N\u00f5uetekohase disaini puhul peaks t\u00f6\u00f6tajate ohutus olema alati esikohal.<\/li>\n<li><strong>Hoolduse ligip\u00e4\u00e4setavus:<\/strong> Konstruktsioon peaks v\u00f5imaldama h\u00f5lpsat hooldust ja remonti. Raskesti ligip\u00e4\u00e4setavad komponendid v\u00f5ivad suurendada seisakuid ja remondikulusid.<\/li>\n<\/ul>\n<p><img decoding=\"async\" src=\"https:\/\/www.hydraulic-cylinders.net\/wp-content\/uploads\/2025\/04\/songte-oil-pipes-and-spare-parts.webp\" alt=\"\u00d5litorud ja varuosad\" \/><\/p>\n<h2>Poomi silindri tihendamine ja m\u00e4\u00e4rimine<\/h2>\n<p>Poomi silindri efektiivsus s\u00f5ltub suuresti selle tihendus- ja m\u00e4\u00e4rimiss\u00fcsteemidest. Erinevate tihenduskomponentide, n\u00e4iteks kolvi- ja vardatihendite kasutamine on h\u00fcdraulilise terviklikkuse s\u00e4ilitamiseks kriitilise t\u00e4htsusega. Tihendid peaksid olema valmistatud vastupidavatest materjalidest, nagu pol\u00fcuretaan ja nitriilkummi, et taluda kulumist ja keskkonnategureid. Lisaks tuleb silindri korpust ja keermestatud otsapindu peenelt t\u00f6\u00f6delda, et suurendada kulumiskindlust. Regulaarne m\u00e4\u00e4rimine h\u00fcdraulika\u00f5liga on oluline h\u00f5\u00f5rdumise minimeerimiseks ja silindri kulumise v\u00e4ltimiseks, tagades optimaalse j\u00f5udluse ja pikaealisuse.<\/p>\n<h2>Ennetavad hooldusmeetmed<\/h2>\n<ul>\n<li><strong>Regulaarsed kontrollid:<\/strong> Tehke h\u00fcdraulikas\u00fcsteemis regulaarseid kontrolle kulumise v\u00f5i lekete m\u00e4rke avastamiseks. Probleemide varajane avastamine aitab v\u00e4ltida kulukaid remondit\u00f6id ja s\u00e4ilitada t\u00f6\u00f6 efektiivsust.<\/li>\n<li><strong>M\u00e4\u00e4rimisgraafik:<\/strong> Koostage regulaarne m\u00e4\u00e4rimisgraafik, et tagada k\u00f5igi liikuvate osade piisav \u00f5litamine, v\u00e4hendades h\u00f5\u00f5rdumist ja kulumist.<\/li>\n<li><strong>Tihendi vahetamine:<\/strong> J\u00e4lgige tihendite seisukorda ja vahetage need vastavalt vajadusele, et s\u00e4ilitada h\u00fcdrauliline r\u00f5hk ja v\u00e4ltida lekkeid. N\u00f5uetekohane tihendamine on poomi silindri pikaealisuse tagamise v\u00f5ti.<\/li>\n<\/ul>\n<h2>Paigaldusjuhised<\/h2>\n<p>Poomi silindri \u00f5ige paigaldamine on optimaalse j\u00f5udluse saavutamiseks \u00fclioluline. Alustage veendumaks, et kinnituspinnad on puhtad ja prahist vabad. Joondage silinder \u00f5igesti kinnituspunktidega, veendudes, et see on sirge ja pingeteta. Silindri kinnitamiseks paigale, et v\u00e4ltida igasugust liikumist t\u00f6\u00f6tamise ajal, on soovitatav kasutada sobivaid kinnitusklambreid. P\u00e4rast paigaldamist kontrollige k\u00f5igi h\u00fcdraulika\u00fchenduste tihedust ja lekkeid. Enne t\u00e4ielikku t\u00f6\u00f6tamist laske silindril alguses madalal r\u00f5hul t\u00f6\u00f6tada, et veenduda \u00f5iges joondamises ja toimimises.<\/p>\n<h2>Levinumad hooldust\u00f6\u00f6d<\/h2>\n<ul>\n<li><strong>Regulaarsed kontrollid:<\/strong> Sagedased kulumise kontrollid aitavad tuvastada v\u00f5imalikke probleeme enne, kui need s\u00fcvenevad. Otsige h\u00fcdraulikavedeliku lekete v\u00f5i silindri f\u00fc\u00fcsiliste kahjustuste m\u00e4rke.<\/li>\n<li><strong>\u00d5ige m\u00e4\u00e4rimine:<\/strong> Veenduge, et k\u00f5ik liikuvad osad oleksid tootja soovituste kohaselt piisavalt m\u00e4\u00e4ritud. N\u00f5uetekohane m\u00e4\u00e4rimine on oluline h\u00f5\u00f5rdumise v\u00e4hendamiseks ja silindri eluea pikendamiseks.<\/li>\n<li><strong>Tihendi vahetamine:<\/strong> J\u00e4lgige regulaarselt tihendite seisukorda. Vahetage kulunud v\u00f5i kahjustatud tihendid viivitamatult v\u00e4lja, et s\u00e4ilitada h\u00fcdrauliline r\u00f5hk ja v\u00e4ltida vedeliku lekkeid.<\/li>\n<\/ul>\n<h2>Ohutuskaalutlused ja keskkonnategurid<\/h2>\n<p>H\u00fcdrauliliste silindrite k\u00e4itamisel on ohutusmeetmete rakendamine \u00e4\u00e4rmiselt oluline. Operaatorid peaksid olema koolitatud raskete masinate n\u00f5uetekohase k\u00e4sitsemise ja h\u00fcdraulikas\u00fcsteemidega seotud riskide osas. Veenduge, et k\u00f5ik ohutusseadmed, sealhulgas \u00fcler\u00f5huventiilid ja kaitsepiirded, oleksid paigas, et minimeerida \u00f5nnetuste ohtu. Lisaks arvestage keskkonnateguritega, n\u00e4iteks \u00e4\u00e4rmuslike temperatuuridega, mis v\u00f5ivad m\u00f5jutada h\u00fcdraulikavedeliku j\u00f5udlust ja tihendite terviklikkust. Hinnake regulaarselt t\u00f6\u00f6keskkonda, et tagada ohutus ja funktsionaalsus.<\/p>\n<h2>Veaotsing ja levinud probleemid<\/h2>\n<ul>\n<li><strong>Leke:<\/strong> Kui silindrist lekib h\u00fcdraulikavedelikku, kontrollige tihendeid kulumise v\u00f5i kahjustuste suhtes. Vajadusel vahetage tihendid v\u00e4lja ja veenduge, et k\u00f5ik \u00fchendused on tihedad.<\/li>\n<li><strong>V\u00f5imsuse kaotus:<\/strong> H\u00fcdraulilise v\u00f5imsuse langus v\u00f5ib viidata madalale vedeliku tasemele v\u00f5i saastumisele. Kontrollige vedeliku taset ja kvaliteeti ning vajadusel vahetage v\u00f5i lisage vedelikku.<\/li>\n<li><strong>Liikumisraskused:<\/strong> Kui poomi silinder ei ulatu v\u00e4lja ega t\u00f5mbu sisse sujuvalt, kontrollige ummistuste v\u00f5i sisemiste kahjustuste suhtes. Regulaarne hooldus aitab neid probleeme v\u00e4ltida.<\/li>\n<\/ul>\n<h2>Veaotsingu n\u00e4pun\u00e4ited<\/h2>\n<p>Probleemide t\u00f5husaks diagnoosimiseks ja lahendamiseks alustage vedeliku taseme ja \u00fchenduste p\u00f5hikontrollidest. Kui probleemid p\u00fcsivad, vaadake tootja k\u00e4siraamatust konkreetsete, poomi silindrile kohandatud t\u00f5rkeotsingu samme. Kaaluge ennetavate meetmete rakendamist, n\u00e4iteks regulaarset hooldust ja \u00fclevaatusi, et minimeerida v\u00f5imalikke probleeme enne nende tekkimist.<\/p>\n<p><img decoding=\"async\" src=\"https:\/\/www.hydraulic-cylinders.net\/wp-content\/uploads\/2025\/04\/songte-bushings-with-all-kinds-of-excavator-models.webp\" alt=\"Ekskavaatorimudelite puksid\" \/><\/p>\n<h2>Ettev\u00f5tte \u00fclevaade<\/h2>\n<p>Oleme juhtiv asendush\u00fcdrauliliste silindrite tootja, pakkudes laia tootevalikut nii sise- kui ka v\u00e4listurgudele. Meie p\u00fchendumust tipptasemele juhib tugev tootmisjuhtimise strateegia, mis r\u00f5hutab kvaliteetset tootmist. Kasutades oskuslikke tehnikuid, t\u00e4iustatud digitaalseid tootmisseadmeid ja professionaalset testimiss\u00fcsteemi, t\u00e4iustame pidevalt oma tootmisv\u00f5imalusi. Keskendudes t\u00f5husale, t\u00e4psele ja kvaliteetsele toodangule, suudame rahuldada oma klientide mitmekesiseid vajadusi.<\/p>\n<p><img decoding=\"async\" src=\"https:\/\/www.hydraulic-cylinders.net\/wp-content\/uploads\/2025\/04\/songte-company-4.webp\" alt=\"Ettev\u00f5tte \u00fclevaade\" \/><br \/>\n<img decoding=\"async\" src=\"https:\/\/www.hydraulic-cylinders.net\/wp-content\/uploads\/2025\/04\/songte-company-3.webp\" alt=\"Ettev\u00f5tte rajatised\" \/><\/p>\n<p>Tootjana seame esikohale spetsialiseerumise, rahvusvahelised sertifikaadid, kohandatud teenused ja suurep\u00e4rase m\u00fc\u00fcgij\u00e4rgse toe. Meie tootmis\u00fcksused on varustatud tipptasemel tehnoloogiaga, mis tagab, et oleme t\u00f6\u00f6stusstandarditest ees ja pakume oma klientidele erakordseid tooteid.<\/p>\n<p>Autor: lyl<\/p>","protected":false},"excerpt":{"rendered":"<p>Boom Cylinder For Kubota Small Excavator U-165 Introduction to Boom Cylinder The Boom Cylinder is a crucial component in the operational efficiency of a Kubota Small Excavator U-165. This hydraulic cylinder is designed specifically to control the movement of the boom, which is essential for digging, lifting, and moving materials. In hydraulic systems, the boom [&hellip;]<\/p>","protected":false},"featured_media":17870,"comment_status":"open","ping_status":"closed","template":"","meta":{"_et_pb_use_builder":"","_et_pb_old_content":"","_et_gb_content_width":""},"product_brand":[],"product_cat":[1546],"product_tag":[1547,1496],"class_list":{"0":"post-19425","1":"product","2":"type-product","3":"status-publish","4":"has-post-thumbnail","6":"product_cat-boom-cylinders","7":"product_tag-boom-cylinders","8":"product_tag-hydraulic-cylinders","10":"first","11":"instock","12":"shipping-taxable","13":"product-type-simple"},"amp_enabled":true,"_links":{"self":[{"href":"https:\/\/www.hydraulic-cylinders.net\/et\/wp-json\/wp\/v2\/product\/19425","targetHints":{"allow":["GET"]}}],"collection":[{"href":"https:\/\/www.hydraulic-cylinders.net\/et\/wp-json\/wp\/v2\/product"}],"about":[{"href":"https:\/\/www.hydraulic-cylinders.net\/et\/wp-json\/wp\/v2\/types\/product"}],"replies":[{"embeddable":true,"href":"https:\/\/www.hydraulic-cylinders.net\/et\/wp-json\/wp\/v2\/comments?post=19425"}],"wp:featuredmedia":[{"embeddable":true,"href":"https:\/\/www.hydraulic-cylinders.net\/et\/wp-json\/wp\/v2\/media\/17870"}],"wp:attachment":[{"href":"https:\/\/www.hydraulic-cylinders.net\/et\/wp-json\/wp\/v2\/media?parent=19425"}],"wp:term":[{"taxonomy":"product_brand","embeddable":true,"href":"https:\/\/www.hydraulic-cylinders.net\/et\/wp-json\/wp\/v2\/product_brand?post=19425"},{"taxonomy":"product_cat","embeddable":true,"href":"https:\/\/www.hydraulic-cylinders.net\/et\/wp-json\/wp\/v2\/product_cat?post=19425"},{"taxonomy":"product_tag","embeddable":true,"href":"https:\/\/www.hydraulic-cylinders.net\/et\/wp-json\/wp\/v2\/product_tag?post=19425"}],"curies":[{"name":"wp","href":"https:\/\/api.w.org\/{rel}","templated":true}]}}