{"id":19427,"date":"2025-04-07T06:34:11","date_gmt":"2025-04-07T06:34:11","guid":{"rendered":"https:\/\/www.hydraulic-cylinders.net\/product\/boom-cylinder-for-kubota-small-excavator-u-185-3\/"},"modified":"2025-04-07T06:34:14","modified_gmt":"2025-04-07T06:34:14","slug":"boom-cylinder-for-kubota-small-excavator-u-185-3","status":"publish","type":"product","link":"https:\/\/www.hydraulic-cylinders.net\/et\/toode\/boom-cylinder-for-kubota-small-excavator-u-185-3\/","title":{"rendered":"Kubota v\u00e4ikeekskavaatori U-185-3 poomi silinder"},"content":{"rendered":"<h1>Kubota v\u00e4ikeekskavaatori U-185-3 poomi silinder<\/h1>\n<h2>Toote m\u00e4\u00e4ratlus ja \u00fclevaade<\/h2>\n<p>Kubota v\u00e4ikeekskavaatori U-185-3 noole silinder on rasketehnika h\u00fcdros\u00fcsteemi oluline komponent. Need silindrid on spetsiaalselt loodud erinevate rasketehnika, n\u00e4iteks ekskavaatorite, ekskavaatorilaadurite ja esilaadurite koppade liikumise juhtimiseks. Kopa silindri peamine \u00fclesanne on v\u00f5imaldada kopa t\u00f5stmist, langetamist ja kallutamist, h\u00f5lbustades t\u00f5husat materjali k\u00e4itlemist. H\u00fcdraulilise silindri t\u00fc\u00fcbina kasutab kopa silinder h\u00fcdraulilist vedelikku mehaanilise j\u00f5u loomiseks, mis on keerukate masinate t\u00f6\u00f6ks h\u00e4davajalik.<\/p>\n<p><img decoding=\"async\" src=\"https:\/\/www.hydraulic-cylinders.net\/wp-content\/uploads\/2025\/04\/songte-company-1.webp\" alt=\"Ekskavaatorite poomi silinder\"><\/p>\n<h2>Poomi silindri omadused<\/h2>\n<ul>\n<li><strong>Suur tugevus ja vastupidavus:<\/strong> Need \u00fclitugevast terasest v\u00f5i alumiiniumist valmistatud silindrid taluvad k\u00f5rget r\u00f5hku ja suuri koormusi, mist\u00f5ttu sobivad need karmidesse t\u00f6\u00f6keskkondadesse. Need on konstrueeritud kulumiskindlust ja korrosioonikindlust silmas pidades, pikendades nende kasutusiga.<\/li>\n<li><strong>T\u00f5hus h\u00fcdrauliline t\u00f6\u00f6:<\/strong> Silinder kasutab sujuvaks pikendamiseks ja tagasit\u00f5mbamiseks h\u00fcdraulilise vedeliku r\u00f5hku, mis v\u00f5imaldab kiiret reageerimist juhtimisk\u00e4sklustele ning pakub v\u00f5imsaid t\u00f5uke- ja t\u00f5mbev\u00f5imeid, mis on olulised raskete esemete ja keerukate \u00fclesannete k\u00e4sitsemisel.<\/li>\n<li><strong>Erinevad t\u00fc\u00fcbid:<\/strong> S\u00f5ltuvalt konkreetsetest vajadustest saavad kasutajad valida \u00fchetoimeliste silindrite (h\u00fcdrauliline toime \u00fches suunas) v\u00f5i kahetoimeliste silindrite (h\u00fcdrauliline toime kahes suunas) vahel. M\u00f5nedel mudelitel on teleskoopkonstruktsioon, mis v\u00f5imaldab suuremat pikendust ilma v\u00e4lism\u00f5\u00f5tmeid suurendamata, mis sobib ideaalselt ruumipiirangutega rakenduste jaoks.<\/li>\n<li><strong>Mitmek\u00fclgsed rakendused:<\/strong> Meie silindrid sobivad mitmesugustele rasketehnika mudelitele ja asendavad suurep\u00e4raselt olemasolevaid h\u00fcdraulilisi silindreid.<\/li>\n<li><strong>Uuenduslik disain:<\/strong> Keskendudes efektiivsuse suurendamisele, on meie poomisilindrid konstrueeritud nii, et need oleksid h\u00f5lpsasti integreeritavad olemasolevatesse s\u00fcsteemidesse, minimeerides vahetuse ajal seisakuid.<\/li>\n<\/ul>\n<p><img decoding=\"async\" src=\"https:\/\/www.hydraulic-cylinders.net\/wp-content\/uploads\/2025\/04\/songte-cylinder-head-with-all-kinds-excavator-models.webp\" alt=\"Silindrite \u00fchilduvus\"><\/p>\n<h2>Poomi silindri rakendused<\/h2>\n<h3>Ehitustehnika<\/h3>\n<p>Noole silindrit leidub tavaliselt ekskavaatorites, kus see m\u00e4ngib olulist rolli kaevamisel, laadimisel ja mulla v\u00f5i prahi transportimisel. Ekskavaatoritel abistab kopa silinder lisaks kaevamisele ka t\u00f5stet\u00f6\u00f6del. Selle disain v\u00f5imaldab suurep\u00e4rast kontrolli ja j\u00f5udlust, v\u00f5imaldades operaatoritel t\u00e4pseid liigutusi t\u00f5husalt sooritada.<\/p>\n<h3>P\u00f5llumajandustehnika<\/h3>\n<p>Esilaaduritel on noole silinder oluline mulla, heina ja muude materjalide kopeerimiseks, t\u00f5stmiseks ja transportimiseks. Silindri pakutav h\u00fcdrauliline j\u00f5ud v\u00f5imaldab sujuvat t\u00f6\u00f6d, v\u00f5imaldades erinevate lahtiste toodete t\u00f5husat k\u00e4itlemist, tagades samal ajal operaatori minimaalse pingutuse.<\/p>\n<h3>Ekskavaatorid<\/h3>\n<p>Ekskavaatorite puhul v\u00f5imaldab kopa silinder kopal t\u00f5husalt pinnasesse tungida, h\u00f5lbustades s\u00fcgavat kaevamist. Selle vastupidav konstruktsioon toetab kaevet\u00f6\u00f6del vajalikku rasket t\u00f5stmist, pakkudes t\u00f6\u00f6platsidel t\u00f6\u00f6kindlust ja t\u00f5husust.<\/p>\n<h3>Laadurid<\/h3>\n<p>Esilaaduritel on noole silinder koormate t\u00f5stmiseks ja t\u00fchjendamiseks kriitilise t\u00e4htsusega. Selle h\u00fcdraulilised v\u00f5imalused tagavad raskete materjalide h\u00f5lpsa k\u00e4sitsemise, parandades tootlikkust ja v\u00e4hendades operaatorite f\u00fc\u00fcsilist koormust.<\/p>\n<h2>Projekteerimiskaalutlused ja valikukriteeriumid<\/h2>\n<h3>Kandev\u00f5ime<\/h3>\n<p>Poomi silindri valimisel on kandev\u00f5ime \u00fclioluline. See m\u00e4\u00e4rab, kui palju raskust silinder suudab t\u00f5husalt t\u00f5sta ilma rikkeohtu ohtu seadmata. Optimaalse j\u00f5udluse tagamiseks on oluline m\u00f5ista oma masina erin\u00f5udeid ja k\u00e4ideldavate materjalide t\u00fc\u00fcpe. Ebapiisava kandev\u00f5imega silinder v\u00f5ib p\u00f5hjustada ebaefektiivsust t\u00f6\u00f6s ja suurenenud kulumist, mille tulemuseks on kulukad remondit\u00f6\u00f6d ja seisakud.<\/p>\n<h3>Tihendusmehhanismid<\/h3>\n<p>T\u00f5hus tihendamine on h\u00fcdraulilise r\u00f5hu s\u00e4ilitamiseks ja lekete v\u00e4ltimiseks \u00fclioluline. Kvaliteetsed tihendid, n\u00e4iteks kolvi- ja varrastihendid, on silindri pikaealisuse ja funktsionaalsuse tagamiseks vajalikud. Vastupidavatest materjalidest, n\u00e4iteks pol\u00fcuretaanist v\u00f5i nitriilkummist, valmistatud tihendite valimine v\u00f5ib oluliselt parandada silindri j\u00f5udlust ja eluiga, minimeerides hooldusvajadust.<\/p>\n<h3>Vastupidavus<\/h3>\n<p>Vastupidavus on noolesilindrite disainimisel v\u00f5tmetegur. Need peavad vastu pidama karmidele t\u00f6\u00f6tingimustele, sealhulgas kokkupuutele mustuse, niiskuse ja \u00e4\u00e4rmuslike temperatuuridega. H\u00e4sti disainitud silinder sisaldab omadusi, mis parandavad kulumiskindlust ja korrosioonikaitset, tagades aja jooksul usaldusv\u00e4\u00e4rse t\u00f6\u00f6. Tootjad peaksid oma toodete \u00fcldise vastupidavuse parandamiseks seadma esikohale t\u00e4iustatud materjalid ja ehitustehnikad.<\/p>\n<h3>Turvaelemendid<\/h3>\n<p>Ohutus on balloonide projekteerimisel kriitilise t\u00e4htsusega. Sellised omadused nagu \u00fcler\u00f5huventiilid ja vastupidav konstruktsioon on katastroofiliste rikete v\u00e4ltimiseks h\u00e4davajalikud. Operaatorid peavad olema kindlad, et seadmed t\u00f6\u00f6tavad ilma enda v\u00f5i teiste t\u00f6\u00f6kohal viibijate ohutust ohtu seadmata. Regulaarne hooldus ja ohutusjuhiste j\u00e4rgimine suurendavad veelgi t\u00f6\u00f6ohutust.<\/p>\n<h3>Hooldatavus<\/h3>\n<p>Poomi silindri valimisel peaks prioriteediks olema ka hoolduse lihtsus. Lihtsalt ligip\u00e4\u00e4setavad ja vahetatavad komponendid aitavad pikas perspektiivis aega kokku hoida ja kulusid v\u00e4hendada. Regulaarse hooldusgraafiku koostamine aitab tuvastada v\u00f5imalikke probleeme enne nende s\u00fcvenemist, tagades silindri t\u00f5husa t\u00f6\u00f6 kogu selle eluea jooksul.<\/p>\n<p><img decoding=\"async\" src=\"https:\/\/www.hydraulic-cylinders.net\/wp-content\/uploads\/2025\/04\/songte-oil-pipes-and-spare-parts.webp\" alt=\"H\u00fcdraulilised komponendid\"><\/p>\n<h2>Tihendus ja m\u00e4\u00e4rimine<\/h2>\n<p>Tihendamine ja m\u00e4\u00e4rimine on h\u00fcdrauliliste silindrite funktsionaalsuse s\u00e4ilitamise olulised aspektid. H\u00fcdraulilise vedeliku lekete v\u00e4ltimiseks on oluline kasutada erinevaid tihenduskomponente, n\u00e4iteks kolvitihendeid ja vardatihendeid. Need tihendid on sageli valmistatud sellistest materjalidest nagu pol\u00fcuretaan ja nitriilkummi, mis on tuntud oma kulumiskindluse poolest. Lisaks sellele t\u00f6\u00f6deldakse silindri korpust ja keermestatud otsapinda peenelt, et suurendada kulumiskindlust ja aidata kaasa silindri \u00fcldisele vastupidavusele.<\/p>\n<p>Regulaarne m\u00e4\u00e4rimine on h\u00fcdraulikas\u00fcsteemide sujuva t\u00f6\u00f6 s\u00e4ilitamiseks \u00fclioluline. Operaatorid peaksid tagama, et liikuvate osade m\u00e4\u00e4rimiseks, kulumise ja \u00fclekuumenemise v\u00e4ltimiseks lisatakse perioodiliselt piisav kogus h\u00fcdraulika\u00f5li. H\u00e4sti m\u00e4\u00e4ritud silinder mitte ainult ei t\u00f6\u00f6ta paremini, vaid sellel on ka pikem eluiga, mis v\u00e4hendab remondivajadust.<\/p>\n<h2>Regulaarsed kontrollid ja ennetavad hooldusmeetmed<\/h2>\n<ul>\n<li><strong>Regulaarsed kontrollid:<\/strong> Tehke h\u00fcdraulilise silindri regulaarseid kontrolle, et tuvastada kulumise, lekete v\u00f5i kahjustuste m\u00e4rke. Varajane avastamine aitab \u00e4ra hoida suuremaid rikkeid ja kulukaid remondit\u00f6id.<\/li>\n<li><strong>\u00d5ige m\u00e4\u00e4rimine:<\/strong> Veenduge, et h\u00fcdraulika\u00f5li tase on \u00f5ige ja saasteainetevaba. Piisav m\u00e4\u00e4rimine v\u00e4hendab h\u00f5\u00f5rdumist ja kulumist, pikendades silindri eluiga.<\/li>\n<li><strong>Tihendi vahetamine:<\/strong> J\u00e4lgige regulaarselt tihendite seisukorda ja vahetage need vastavalt vajadusele. Kulunud tihendid v\u00f5ivad p\u00f5hjustada vedeliku lekkeid ja v\u00e4hendada efektiivsust.<\/li>\n<\/ul>\n<h2>Paigaldusjuhised<\/h2>\n<p>Poomi silindri \u00f5ige paigaldamine on optimaalse j\u00f5udluse tagamiseks \u00fclioluline. Alustage kinnitusala puhastamisest, et eemaldada praht, mis v\u00f5ib joondamist segada. Joondage silinder \u00f5igesti masina kinnituspunktidega ja kasutage silindri kinnitamiseks sobivaid kinnitusklambreid. See joondamine on kriitilise t\u00e4htsusega, et v\u00e4ltida silindri liigset koormust t\u00f6\u00f6tamise ajal.<\/p>\n<p>J\u00e4rgige tootja spetsifikatsioone poltide pingutusmomentide kohta ja veenduge, et need oleksid \u00f5igesti pingutatud. Samuti on p\u00e4rast paigaldamist oluline kontrollida h\u00fcdraulika\u00fchenduste lekkeid. P\u00e4rast paigaldamist laske masinal enne t\u00e4ieliku t\u00f6\u00f6re\u017eiimile asumist madalal r\u00f5hul t\u00f6\u00f6tada, et veenduda, et k\u00f5ik t\u00f6\u00f6tab korralikult.<\/p>\n<h2>Hooldus\u00fclesanded<\/h2>\n<ul>\n<li><strong>Regulaarsed kontrollid:<\/strong> H\u00fcdrosilindri sagedane \u00fclevaatus on oluline, et varakult avastada kulumise v\u00f5i kahjustuste m\u00e4rke. Nende \u00fclevaatuste ajakava koostamine aitab s\u00e4ilitada seadmete t\u00f6\u00f6kindlust.<\/li>\n<li><strong>\u00d5ige m\u00e4\u00e4rimine:<\/strong> Veenduge, et h\u00fcdraulika\u00f5li tase oleks pidevalt \u00f5ige ja vahetage seda vastavalt tootja soovitustele. See tava v\u00e4hendab h\u00f5\u00f5rdumist, parandab j\u00f5udlust ja pikendab silindri eluiga.<\/li>\n<li><strong>Tihendi vahetamine ja kalibreerimise kontrollimine:<\/strong> Kontrollige regulaarselt tihendite kulumist ja vahetage need vastavalt vajadusele v\u00e4lja, et v\u00e4ltida lekkeid. Kalibreerimiskontrollid tagavad, et balloon t\u00f6\u00f6tab tootja spetsifikatsioonide kohaselt, suurendades t\u00f5husust ja ohutust.<\/li>\n<\/ul>\n<p>Paigaldamise ajal veenduge, et silinder oleks \u00f5igesti joondatud, et v\u00e4ltida joondusprobleeme, mis v\u00f5ivad p\u00f5hjustada talitlush\u00e4ireid. Sobivate kinnitusklambrite kasutamine on silindri kinnitamiseks \u00fclioluline ning h\u00fcdraulika\u00fchenduste regulaarne kontrollimine aitab lekkeid v\u00e4ltida. Varuosade tundmine ja hooldusplaani olemasolu v\u00f5ivad poomi silindri eluiga oluliselt pikendada.<\/p>\n<p><img decoding=\"async\" src=\"https:\/\/www.hydraulic-cylinders.net\/wp-content\/uploads\/2025\/04\/songte-chushion-collar.webp\" alt=\"Padjakaelus\"><\/p>\n<h2>Ohutuskaalutlused ja keskkonnategurid<\/h2>\n<p>Ohutusmeetmete kaasamine noolesilindrite kasutamisel on \u00fclioluline. Operaatorid peaksid olema koolitatud ohutute t\u00f6\u00f6protseduuride osas ja tagama, et k\u00f5ik silindri ohutusfunktsioonid t\u00f6\u00f6tavad. See koolitus tagab, et t\u00f6\u00f6tajad on teadlikud v\u00f5imalikest ohtudest ja sellest, kuidas neid t\u00f5husalt leevendada. Keskkonnategurid m\u00e4ngivad samuti olulist rolli, kuna ebasoodsates ilmastikutingimustes t\u00f6\u00f6tamine v\u00f5ib m\u00f5jutada h\u00fcdraulikas\u00fcsteemide j\u00f5udlust ja pikaealisust. Usaldusv\u00e4\u00e4rse t\u00f6\u00f6 tagamiseks tuleks v\u00f5tta asjakohaseid ettevaatusabin\u00f5usid, et kaitsta seadmeid \u00e4\u00e4rmuslike tingimuste eest.<\/p>\n<h2>Rikete diagnoosimine ja levinud probleemid<\/h2>\n<ul>\n<li><strong>Leke:<\/strong> \u00dcks levinumaid probleeme on vedeliku leke, mille p\u00f5hjuseks v\u00f5ivad sageli olla kulunud tihendid v\u00f5i eba\u00f5ige paigaldus. Regulaarne kontroll aitab lekkeid varakult tuvastada.<\/li>\n<li><strong>Halb j\u00f5udlus:<\/strong> Kui silinder ei t\u00f6\u00f6ta ootusp\u00e4raselt, v\u00f5ib see olla tingitud ebapiisavast h\u00fcdraulikavedelikust v\u00f5i s\u00fcsteemis olevast \u00f5hust. Nende probleemidega tuleks funktsionaalsuse taastamiseks viivitamatult tegeleda.<\/li>\n<li><strong>\u00dclekuumenemine:<\/strong> Liigne kuumus v\u00f5ib p\u00f5hjustada h\u00fcdraulika\u00f5li lagunemist, mis omakorda v\u00f5ib viia s\u00fcsteemi rikkeni. Veenduge, et h\u00fcdraulika\u00f5li vahetatakse vastavalt tootja soovitustele, et v\u00e4ltida \u00fclekuumenemist.<\/li>\n<\/ul>\n<h2>Veaotsingu n\u00e4pun\u00e4ited<\/h2>\n<p>Poomi silindri probleemide t\u00f5husaks t\u00f5rkeotsinguks alustage n\u00e4htavate lekete kontrollimisest ja veenduge, et k\u00f5ik tihendid on terved. Kui j\u00f5udlus on puudulik, kontrollige h\u00fcdraulikavedeliku taset ja \u00f5humullide olemasolu s\u00fcsteemis, mis v\u00f5ib vajada s\u00fcsteemi \u00f5hutamist. Lisaks j\u00e4lgige t\u00f6\u00f6temperatuure; kui silinder kuumeneb \u00fcle, uurige v\u00f5imalikke ummistusi v\u00f5i saastunud h\u00fcdraulika\u00f5li. Ennetavad meetmed peaksid h\u00f5lmama regulaarset hooldusgraafikut ja kasutusjuhiste j\u00e4rgimist, et minimeerida v\u00f5imalikke probleeme.<\/p>\n<p><img decoding=\"async\" src=\"https:\/\/www.hydraulic-cylinders.net\/wp-content\/uploads\/2025\/04\/songte-bushings-with-all-kinds-of-excavator-models.webp\" alt=\"Ekskavaatori puksid\"><\/p>\n<h2>Meie ettev\u00f5ttest<\/h2>\n<p>Oleme juhtiv asendush\u00fcdrauliliste silindrite tootja, pakkudes laia tootevalikut. Meie p\u00fchendumus tipptasemele on asetanud meid nii sise- kui ka rahvusvahelistel turgudel juhtivate h\u00fcdrauliliste silindrite tootjate ja hulgim\u00fc\u00fcjate hulka. J\u00e4rgime kvaliteedile keskenduvat tootmisjuhtimise strateegiat, mida toetab t\u00e4iustatud tootmist\u00f6\u00f6koda.<\/p>\n<p>Meie ettev\u00f5te investeerib tehnilisse talenti, digitaalsetesse tipptasemel tootmisseadmetesse ja professionaalsetesse testimiss\u00fcsteemidesse. See pidev t\u00e4iustamine suurendab meie tootmisv\u00f5imekust, v\u00f5imaldades meil rahuldada klientide mitmekesiseid vajadusi suure t\u00f5hususega, t\u00e4psuse ja kvaliteediga.<\/p>\n<p>Pakume ka konkreetsetele vajadustele vastavaid kohandatud teenuseid, tagades, et meie kliendid saavad oma h\u00fcdraulikavajadustele parimad lahendused. Meie tootmisseadmed on tipptasemel, mis v\u00f5imaldab meil s\u00e4ilitada k\u00f5rgeid standardeid kogu tootmisprotsessi v\u00e4ltel. Oleme uhked oma erakordse m\u00fc\u00fcgij\u00e4rgse teeninduse \u00fcle, mis tagab, et meie kliendid saavad tuge ka kaua p\u00e4rast ostu sooritamist.<\/p>\n<p><img decoding=\"async\" src=\"https:\/\/www.hydraulic-cylinders.net\/wp-content\/uploads\/2025\/04\/songte-company-4.webp\" alt=\"Ettev\u00f5tte \u00fclevaade\"><\/p>\n<p><img decoding=\"async\" src=\"https:\/\/www.hydraulic-cylinders.net\/wp-content\/uploads\/2025\/04\/songte-company-3.webp\" alt=\"Tootmis\u00fcksus\"><\/p>\n<p>Autor: lyl<\/p>","protected":false},"excerpt":{"rendered":"<p>Boom Cylinder For Kubota Small Excavator U-185-3 Product Definition and Overview The Boom Cylinder for Kubota Small Excavator U-185-3 is a vital component in the hydraulic system of heavy machinery. These cylinders are specifically designed to control the movement of buckets in various heavy equipment, such as excavators, backhoes, and front loaders. The primary function [&hellip;]<\/p>","protected":false},"featured_media":17872,"comment_status":"open","ping_status":"closed","template":"","meta":{"_et_pb_use_builder":"","_et_pb_old_content":"","_et_gb_content_width":""},"product_brand":[],"product_cat":[1546],"product_tag":[1547,1496],"class_list":{"0":"post-19427","1":"product","2":"type-product","3":"status-publish","4":"has-post-thumbnail","6":"product_cat-boom-cylinders","7":"product_tag-boom-cylinders","8":"product_tag-hydraulic-cylinders","10":"first","11":"instock","12":"shipping-taxable","13":"product-type-simple"},"amp_enabled":true,"_links":{"self":[{"href":"https:\/\/www.hydraulic-cylinders.net\/et\/wp-json\/wp\/v2\/product\/19427","targetHints":{"allow":["GET"]}}],"collection":[{"href":"https:\/\/www.hydraulic-cylinders.net\/et\/wp-json\/wp\/v2\/product"}],"about":[{"href":"https:\/\/www.hydraulic-cylinders.net\/et\/wp-json\/wp\/v2\/types\/product"}],"replies":[{"embeddable":true,"href":"https:\/\/www.hydraulic-cylinders.net\/et\/wp-json\/wp\/v2\/comments?post=19427"}],"wp:featuredmedia":[{"embeddable":true,"href":"https:\/\/www.hydraulic-cylinders.net\/et\/wp-json\/wp\/v2\/media\/17872"}],"wp:attachment":[{"href":"https:\/\/www.hydraulic-cylinders.net\/et\/wp-json\/wp\/v2\/media?parent=19427"}],"wp:term":[{"taxonomy":"product_brand","embeddable":true,"href":"https:\/\/www.hydraulic-cylinders.net\/et\/wp-json\/wp\/v2\/product_brand?post=19427"},{"taxonomy":"product_cat","embeddable":true,"href":"https:\/\/www.hydraulic-cylinders.net\/et\/wp-json\/wp\/v2\/product_cat?post=19427"},{"taxonomy":"product_tag","embeddable":true,"href":"https:\/\/www.hydraulic-cylinders.net\/et\/wp-json\/wp\/v2\/product_tag?post=19427"}],"curies":[{"name":"wp","href":"https:\/\/api.w.org\/{rel}","templated":true}]}}