{"id":19439,"date":"2025-04-07T06:47:35","date_gmt":"2025-04-07T06:47:35","guid":{"rendered":"https:\/\/www.hydraulic-cylinders.net\/product\/boom-cylinder-for-case-small-excavator-cx58c\/"},"modified":"2025-04-07T06:47:38","modified_gmt":"2025-04-07T06:47:38","slug":"boom-cylinder-for-case-small-excavator-cx58c","status":"publish","type":"product","link":"https:\/\/www.hydraulic-cylinders.net\/et\/toode\/boom-cylinder-for-case-small-excavator-cx58c\/","title":{"rendered":"Poomi silinder Case v\u00e4ikese ekskavaatori CX58C jaoks"},"content":{"rendered":"<h1>Poomi silinder Case v\u00e4ikese ekskavaatori CX58C jaoks<\/h1>\n<h2>Poomi silindrite m\u00f5istmine<\/h2>\n<p>Noole silinder on oluline h\u00fcdrauliline komponent, mis on spetsiaalselt loodud koppade liikumise juhtimiseks rasketes masinates, n\u00e4iteks ekskavaatorites, laadurites ja esilaadurites. See h\u00fcdrauliline silinder v\u00f5imaldab koppal t\u00f5usta, langetada ja kallutada, h\u00f5lbustades t\u00f5husat materjali k\u00e4itlemist. Spetsiaalse h\u00fcdraulilise seadmena m\u00e4ngib see olulist rolli nende masinate sujuva t\u00f6\u00f6 tagamisel, v\u00f5imaldades neil t\u00f5husalt t\u00e4ita selliseid \u00fclesandeid nagu kaevamine, t\u00f5stmine ja materjalide transportimine.<\/p>\n<p><img decoding=\"async\" src=\"https:\/\/www.hydraulic-cylinders.net\/wp-content\/uploads\/2025\/04\/songte-company-1.webp\" alt=\"H\u00fcdrauliline silinder\"><\/p>\n<h3>Definitsioon ja \u00fclevaade<\/h3>\n<p>Kopa silinder on h\u00fcdrosilindri t\u00fc\u00fcp, mis t\u00f6\u00f6tab h\u00fcdros\u00fcsteemis, muutes h\u00fcdraulilise energia mehaaniliseks j\u00f5uks. See on eriti oluline ehitus- ja p\u00f5llumajandustehnika puhul, kus see m\u00f5jutab otseselt t\u00f6\u00f6 tulemuslikkust ja efektiivsust. Silindri v\u00f5ime tagada kontrollitud liikumine on kriitilise t\u00e4htsusega, kuna see tagab t\u00e4psuse ja v\u00f5imsuse t\u00f5stmis- ja kaevamist\u00f6\u00f6de ajal. Selle h\u00fcdros\u00fcsteemi integreeritud disain mitte ainult ei suurenda tootlikkust, vaid aitab kaasa ka raskete masinate \u00fcldisele ohutusele ja t\u00f5hususele.<\/p>\n<h2>Poomi silindri p\u00f5hijooned<\/h2>\n<ul>\n<li><strong>Suur tugevus ja vastupidavus:<\/strong> K\u00f5rgtugevast terasest v\u00f5i alumiiniumist valmistatud poomi silinder on loodud taluma k\u00f5rget r\u00f5hku ja suuri koormusi, mist\u00f5ttu sobib see ideaalselt karmidesse t\u00f6\u00f6keskkondadesse. Selle konstruktsioon arvestab kulumiskindluse ja korrosioonikindlusega, pikendades oluliselt selle t\u00f6\u00f6iga.<\/li>\n<li><strong>T\u00f5hus h\u00fcdrauliline t\u00f6\u00f6:<\/strong> Kasutades sujuvaks pikendamiseks ja tagasit\u00f5mbamiseks h\u00fcdraulilise \u00f5li r\u00f5hku, reageerib see silinder juhtimisk\u00e4sklustele kiiresti, pakkudes v\u00f5imsaid t\u00f5uke- ja t\u00f5mbej\u00f5ude, mis sobivad raskete esemete t\u00f5stmiseks ja keerukate \u00fclesannete t\u00e4itmiseks.<\/li>\n<li><strong>Saadaval on mitmesuguseid t\u00fc\u00fcpe:<\/strong> S\u00f5ltuvalt vajadustest saavad kasutajad valida \u00fchetoimelise (\u00fches suunas t\u00f6\u00f6tava) v\u00f5i kahetoimelise (m\u00f5lemas suunas t\u00f6\u00f6tava) silindri. M\u00f5ned mudelid on teleskoopilised, mis v\u00f5imaldab suuremat pikendamist ilma v\u00e4lism\u00f5\u00f5tmeid suurendamata, mis sobib ideaalselt ruumipiirangutega rakenduste jaoks.<\/li>\n<li><strong>Kohandatavad lahendused:<\/strong> Me valmistame seda toodet t\u00e4pselt, tagades, et meie silindrid suudavad ideaalselt asendada olemasolevaid h\u00fcdrosilindreid, mida kasutatakse erinevates masinarakendustes.<\/li>\n<li><strong>T\u00e4iustatud disainitehnoloogia:<\/strong> Meie poomisilindrid on konstrueeritud tipptehnoloogia abil, mis tagab \u00fchilduvuse erinevate ekskavaatorimudelitega, optimeerides j\u00f5udlust ja t\u00f6\u00f6kindlust.<\/li>\n<\/ul>\n<p><img decoding=\"async\" src=\"https:\/\/www.hydraulic-cylinders.net\/wp-content\/uploads\/2025\/04\/songte-cylinder-head-with-all-kinds-excavator-models.webp\" alt=\"Ekskavaatori mudelid\"><\/p>\n<h2>Poomi silindri rakendused<\/h2>\n<h3>Ehitustehnika<\/h3>\n<p>Ekskavaatorites on noolesilindrid p\u00f6\u00f6rdelised kaevamisel, laadimisel ja pinnase v\u00f5i prahi teisaldamisel. Need v\u00f5imaldavad kopa t\u00e4pset liigutamist, suurendades ehitusplatside tootlikkust. Noolesilindri pakutav juhtimine lihtsustab operaatori \u00fclesandeid, v\u00f5imaldades t\u00f5husat kaevamist ja materjalide k\u00e4itlemist.<\/p>\n<h3>P\u00f5llumajandustehnika<\/h3>\n<p>Esilaadurites kasutatakse noolesilindreid selliste materjalide nagu pinnas, hein ja muud p\u00f5llumajandussaadused kopeerimiseks, t\u00f5stmiseks ja transportimiseks. Nende vastupidav konstruktsioon tagab, et need tulevad toime n\u00f5udliku p\u00f5llumajandust\u00f6\u00f6ga, v\u00f5imaldades p\u00f5llumeestel oma \u00fclesandeid t\u00f5husalt hallata.<\/p>\n<h3>Kaevet\u00f6\u00f6d<\/h3>\n<p>Ekskavaatorid toetuvad kaevamisprotsessis suuresti poomi silindritele. V\u00f5imaldades kopal t\u00f5husalt pinnasesse tungida, h\u00f5lbustab silinder s\u00fcgavamat ja t\u00f5husamat kaevamist, mis on oluline mitmesuguste ehitus- ja haljastusprojektide puhul.<\/p>\n<h3>Laadija rakendused<\/h3>\n<p>Esilaaduritel aitavad noolesilindrid koormaid t\u00f5husalt t\u00f5sta ja maha laadida. Nende konstruktsioon tagab, et raskeid materjale saab t\u00f5sta ja kallutada, v\u00f5imaldades t\u00f5husat mahalaadimist, maksimeerides seel\u00e4bi tootlikkust ja minimeerides \u00fclesannetele kuluvat aega.<\/p>\n<h2>Projekteerimiskaalutlused ja valikukriteeriumid<\/h2>\n<h3>Kandev\u00f5ime<\/h3>\n<p>Noole silindri valimisel on oluline arvestada selle kandev\u00f5imega. Silinder peab suutma taluda t\u00f5stetava v\u00f5i liigutatava koorma maksimaalset raskust ilma rikkeohuta. Silindri \u00fclekoormamine v\u00f5ib p\u00f5hjustada katastroofilisi rikkeid ja \u00f5nnetusi, mist\u00f5ttu on oluline valida silinder, mis \u00fcletab eeldatavad koormusn\u00f5uded.<\/p>\n<h3>Tihenduss\u00fcsteemid<\/h3>\n<p>H\u00fcdraulikavedeliku lekete v\u00e4ltimiseks ja optimaalse j\u00f5udluse tagamiseks on vajalik usaldusv\u00e4\u00e4rne tihenduss\u00fcsteem. Sobivad tihendid tuleks valida vastavalt t\u00f6\u00f6keskkonnale, pakkudes vastupidavuse ja kulumiskindluse tagamiseks selliseid valikuid nagu pol\u00fcuretaan ja nitriilkummi. Kvaliteetne tihendus m\u00f5jutab oluliselt silindri efektiivsust ja pikaealisust.<\/p>\n<h3>Vastupidavus<\/h3>\n<p>Vastupidavus on h\u00fcdrauliliste silindrite valimisel v\u00f5tmetegur. Ehitusmaterjalid peaksid olema kulumis- ja korrosioonikindlad, eriti karmides tingimustes. K\u00f5rge tugevusega materjalid koos kaitsekatetega v\u00f5ivad pikendada silindri eluiga, tagades, et see talub regulaarset kasutamist ilma halvenemiseta.<\/p>\n<h3>Turvaelemendid<\/h3>\n<p>H\u00fcdrauliliste silindrite projekteerimisel on ohutus esmat\u00e4htis. Selliste omaduste nagu r\u00f5hukaitseventiilide ja \u00fclekoormuskaitsemehhanismide lisamine aitab \u00e4ra hoida \u00f5nnetusi ja seadmete rikkeid. Oluline on tagada, et need omadused oleksid integreeritud konstruktsiooni, et edendada ohutut t\u00f6\u00f6tamist v\u00e4litingimustes.<\/p>\n<h3>Hoolduse ligip\u00e4\u00e4setavus<\/h3>\n<p>H\u00fcdrosilindri projekteerimine hoolduse h\u00f5lbustamiseks v\u00f5ib oluliselt lihtsustada hooldusprotsessi. Lihtsat kontrolli, puhastamist ja osade vahetamist v\u00f5imaldavad omadused aitavad s\u00e4\u00e4sta aega ja v\u00e4hendada pikema seisakuajaga seotud kulusid. K\u00f5igi komponentide ligip\u00e4\u00e4setavuse tagamine h\u00f5lbustab regulaarseid hoolduskontrolle.<\/p>\n<p><img decoding=\"async\" src=\"https:\/\/www.hydraulic-cylinders.net\/wp-content\/uploads\/2025\/04\/songte-oil-pipes-and-spare-parts.webp\" alt=\"H\u00fcdraulilised osad\"><\/p>\n<h2>Tihendus ja m\u00e4\u00e4rimine<\/h2>\n<p>H\u00fcdraulikas\u00fcsteemi efektiivsus s\u00f5ltub suuresti selle tihendusest ja m\u00e4\u00e4rimisest. Poomi silindris tuleks kasutada mitmesuguseid tihendeid, sealhulgas kolvi- ja vardatihendeid. Vastupidavatest materjalidest, n\u00e4iteks pol\u00fcuretaanist ja nitriilkummist, valmistatud tihendid suurendavad kulumiskindlust ja pikaealisust. Lisaks tuleb silindri korpust ja keermestatud otsapindu kulumiskindluse parandamiseks peenelt t\u00f6\u00f6delda.<\/p>\n<p>Regulaarne m\u00e4\u00e4rimine on optimaalsete t\u00f6\u00f6tingimuste s\u00e4ilitamiseks \u00fclioluline. H\u00fcdraulika\u00f5li tuleks perioodiliselt lisada, et tagada sujuv t\u00f6\u00f6 ja v\u00e4ltida kulumist. N\u00f5uetekohane m\u00e4\u00e4rimine minimeerib h\u00f5\u00f5rdumist ja kuumenemist, mis v\u00f5ivad aja jooksul sisemisi komponente kahjustada.<\/p>\n<h2>Regulaarne kontroll ja ennetavad hooldusmeetmed<\/h2>\n<ul>\n<li><strong>Rutiinsed kontrollid:<\/strong> Planeerige poomi silindri regulaarseid kontrolle, et tuvastada kulumis- v\u00f5i kahjustuste m\u00e4rke. Otsige lekkeid ja veenduge, et k\u00f5ik tihendid toimivad korralikult.<\/li>\n<li><strong>\u00d5ige m\u00e4\u00e4rimine:<\/strong> Kulumise v\u00e4ltimiseks ja t\u00f5husa t\u00f6\u00f6 tagamiseks pidage silindri m\u00e4\u00e4rimiseks kinni graafikust. Kontrollige h\u00fcdraulika\u00f5li taset ja lisage vastavalt vajadusele.<\/li>\n<li><strong>Tihendi vahetamine:<\/strong> J\u00e4lgige regulaarselt tihendite seisukorda. Vahetage kulunud v\u00f5i kahjustatud tihendid viivitamatult v\u00e4lja, et v\u00e4ltida lekkeid ja h\u00fcdraulilise r\u00f5hu kadu.<\/li>\n<\/ul>\n<h2>Paigaldusjuhised<\/h2>\n<p>Poomi silindri \u00f5ige paigaldamine on optimaalse j\u00f5udluse saavutamiseks \u00fclioluline. Alustage veendumisest, et kinnituspinnad on puhtad ja prahist vabad. Joondage silinder \u00f5igesti olemasolevate kinnitustega, et v\u00e4ltida joondusprobleeme, mis v\u00f5ivad p\u00f5hjustada enneaegset kulumist v\u00f5i riket. Kasutage silindri kinnitamiseks sobivaid kinnitusklambreid, tagades selle piisava toestamise t\u00f6\u00f6 ajal.<\/p>\n<p>H\u00fcdrauliliste voolikute \u00fchendamisel veenduge, et need ei oleks painutatud ega takistustega kaetud, mis v\u00f5ivad vedeliku voolu takistada. Kontrollige k\u00f5igi \u00fchenduste tihedust, et v\u00e4ltida lekkeid. P\u00e4rast paigaldamist tehke proovik\u00e4ivitus, et veenduda silindri sujuvas t\u00f6\u00f6s ning lekete ja ebatavaliste helide puudumises.<\/p>\n<h2>Levinumad hooldust\u00f6\u00f6d<\/h2>\n<ul>\n<li><strong>Regulaarsed kontrollid:<\/strong> Kontrollimisi tuleks teha plaanip\u00e4raste ajavahemike j\u00e4rel, et potentsiaalsed probleemid varakult tuvastada. Otsige kulumise, lekete v\u00f5i joondusvea m\u00e4rke ja k\u00f5rvaldage need viivitamatult, et v\u00e4ltida kulukaid remondit\u00f6id.<\/li>\n<li><strong>Sobiv m\u00e4\u00e4rimine:<\/strong> Veenduge, et h\u00fcdraulikas\u00fcsteem on optimaalse j\u00f5udluse s\u00e4ilitamiseks piisavalt m\u00e4\u00e4ritud. Kontrollige regulaarselt \u00f5litaset ja lisage vajadusel h\u00fcdraulikavedelikku, et tagada sujuv t\u00f6\u00f6.<\/li>\n<li><strong>Tihendi vahetamine ja kalibreerimine:<\/strong> Hinnake regulaarselt tihendite seisukorda ja vahetage need vastavalt vajadusele. Kalibreerimiskontrollid tagavad s\u00fcsteemi toimimise ohutute parameetrite piires, ennetades \u00fclekoormust ja v\u00f5imalikke rikkeid.<\/li>\n<\/ul>\n<h2>Ohutuskaalutlused ja keskkonnategurid<\/h2>\n<p>H\u00fcdrauliliste silindrite kasutamisel on oluline rakendada ohutusmeetmeid operaatorite ja seadmete kaitsmiseks. \u00d5nnetuste minimeerimiseks on oluline h\u00fcdrauliliste s\u00fcsteemide k\u00e4itamise ja hooldamise alane korralik v\u00e4lja\u00f5pe. J\u00e4rgige alati tootja juhiseid koormuspiirangute ja t\u00f6\u00f6protseduuride kohta.<\/p>\n<p>Keskkonnategurid m\u00e4ngivad samuti olulist rolli h\u00fcdrauliliste s\u00fcsteemide pikaealisuses. Veenduge, et t\u00f6\u00f6keskkond on saasteainetest vaba ja et h\u00fcdraulilised vedelikud k\u00f5rvaldatakse n\u00f5uetekohaselt, et minimeerida keskkonnam\u00f5ju.<\/p>\n<h2>Veaotsing ja levinud probleemid<\/h2>\n<ul>\n<li><strong>Leke:<\/strong> Lekked v\u00f5ivad tuleneda kulunud tihenditest v\u00f5i kahjustatud komponentidest. Lekete varajaseks avastamiseks ja kahjustatud osade v\u00e4ljavahetamiseks tuleks regulaarselt kontrollida.<\/li>\n<li><strong>Ebaj\u00e4rjekindel toimimine:<\/strong> Kui poomi silinder ei ulatu v\u00e4lja ega t\u00f5mbu sisse sujuvalt, v\u00f5ib see viidata madalale h\u00fcdraulikavedeliku tasemele v\u00f5i \u00f5hu olemasolule s\u00fcsteemis. Kontrollige vedeliku taset ja vajadusel \u00f5hutage s\u00fcsteemi.<\/li>\n<li><strong>Kummalised helid:<\/strong> Ebatavalised helid t\u00f6\u00f6tamise ajal v\u00f5ivad viidata sisemistele kahjustustele v\u00f5i m\u00e4\u00e4rimise puudumisele. Uurige m\u00fcra allikat ja lahendage k\u00f5ik probleemid viivitamatult.<\/li>\n<\/ul>\n<h2>N\u00e4pun\u00e4ited probleemide t\u00f5rkeotsinguks<\/h2>\n<p>Poomi silindri probleemide t\u00f5husaks diagnoosimiseks alustage n\u00e4htavate kahjustuste v\u00f5i kulumise m\u00e4rkide kontrollimisest. Veenduge, et h\u00fcdraulikavedeliku tase on piisav ja et h\u00fcdraulikavoolikutes pole ummistusi. Lekete korral tuvastage nende allikas ja vajadusel vahetage kahjustatud tihendid v\u00f5i komponendid v\u00e4lja. Regulaarne hooldus aitab ennetada paljusid levinud probleeme, pikendades seel\u00e4bi h\u00fcdraulikasilindri eluiga ja tagades usaldusv\u00e4\u00e4rse j\u00f5udluse.<\/p>\n<p><img decoding=\"async\" src=\"https:\/\/www.hydraulic-cylinders.net\/wp-content\/uploads\/2025\/04\/songte-bushings-with-all-kinds-of-excavator-models.webp\" alt=\"Ekskavaatori puksid\"><\/p>\n<h2>Meie ettev\u00f5ttest<\/h2>\n<p>Oleme juhtiv asendush\u00fcdrauliliste silindrite tootja, pakkudes laia tootevalikut. Meie p\u00fchendumus tipptasemele on teinud meist silmapaistva tegija nii sise- kui ka rahvusvahelistel turgudel. J\u00e4rgime k\u00f5rgeid kvaliteedistandardeid, kasutades oma peenelt h\u00e4\u00e4lestatud tootmist\u00f6\u00f6kodades t\u00f6\u00f6stusliku tootmise juhtimise strateegiat. Meie ettev\u00f5te t\u00e4iustab pidevalt oma tootmisv\u00f5imalusi oskusliku personali, t\u00e4iustatud digitaalsete tootmisseadmete ja professionaalsete testimiss\u00fcsteemide abil.<\/p>\n<p>Oleme uhked oma v\u00f5ime \u00fcle pakkuda kohandatud lahendusi, et rahuldada klientide mitmekesiseid vajadusi. Meie keskendumine k\u00f5rgele t\u00f5hususele, t\u00e4psusele ja kvaliteedile tagab, et vastame turu n\u00f5udmistele ja \u00fcletame neid. Tugeva loomingulise v\u00f5imekusega oleme p\u00fchendunud toodete pakkumisele, mis parandavad j\u00f5udlust ja t\u00f6\u00f6kindlust.<\/p>\n<p><img decoding=\"async\" src=\"https:\/\/www.hydraulic-cylinders.net\/wp-content\/uploads\/2025\/04\/songte-company-4.webp\" alt=\"Ettev\u00f5tte \u00fclevaade\"><br \/>\n<img decoding=\"async\" src=\"https:\/\/www.hydraulic-cylinders.net\/wp-content\/uploads\/2025\/04\/songte-company-3.webp\" alt=\"Tootmisrajatised\"><\/p>\n<p>Autor: lyl<\/p>","protected":false},"excerpt":{"rendered":"<p>Boom Cylinder For Case Small Excavator CX58C Understanding Boom Cylinders The Boom Cylinder is a vital hydraulic component designed specifically for controlling the movement of buckets in heavy machinery such as excavators, backhoes, and front loaders. This hydraulic cylinder allows the bucket to lift, lower, and tilt, facilitating efficient material handling operations. As a specialized [&hellip;]<\/p>","protected":false},"featured_media":17868,"comment_status":"open","ping_status":"closed","template":"","meta":{"_et_pb_use_builder":"","_et_pb_old_content":"","_et_gb_content_width":""},"product_brand":[],"product_cat":[1546],"product_tag":[1547,1496],"class_list":{"0":"post-19439","1":"product","2":"type-product","3":"status-publish","4":"has-post-thumbnail","6":"product_cat-boom-cylinders","7":"product_tag-boom-cylinders","8":"product_tag-hydraulic-cylinders","10":"first","11":"instock","12":"shipping-taxable","13":"product-type-simple"},"amp_enabled":true,"_links":{"self":[{"href":"https:\/\/www.hydraulic-cylinders.net\/et\/wp-json\/wp\/v2\/product\/19439","targetHints":{"allow":["GET"]}}],"collection":[{"href":"https:\/\/www.hydraulic-cylinders.net\/et\/wp-json\/wp\/v2\/product"}],"about":[{"href":"https:\/\/www.hydraulic-cylinders.net\/et\/wp-json\/wp\/v2\/types\/product"}],"replies":[{"embeddable":true,"href":"https:\/\/www.hydraulic-cylinders.net\/et\/wp-json\/wp\/v2\/comments?post=19439"}],"wp:featuredmedia":[{"embeddable":true,"href":"https:\/\/www.hydraulic-cylinders.net\/et\/wp-json\/wp\/v2\/media\/17868"}],"wp:attachment":[{"href":"https:\/\/www.hydraulic-cylinders.net\/et\/wp-json\/wp\/v2\/media?parent=19439"}],"wp:term":[{"taxonomy":"product_brand","embeddable":true,"href":"https:\/\/www.hydraulic-cylinders.net\/et\/wp-json\/wp\/v2\/product_brand?post=19439"},{"taxonomy":"product_cat","embeddable":true,"href":"https:\/\/www.hydraulic-cylinders.net\/et\/wp-json\/wp\/v2\/product_cat?post=19439"},{"taxonomy":"product_tag","embeddable":true,"href":"https:\/\/www.hydraulic-cylinders.net\/et\/wp-json\/wp\/v2\/product_tag?post=19439"}],"curies":[{"name":"wp","href":"https:\/\/api.w.org\/{rel}","templated":true}]}}