{"id":19440,"date":"2025-04-07T06:47:38","date_gmt":"2025-04-07T06:47:38","guid":{"rendered":"https:\/\/www.hydraulic-cylinders.net\/product\/boom-cylinder-for-case-small-excavator-cx75\/"},"modified":"2025-04-07T06:47:41","modified_gmt":"2025-04-07T06:47:41","slug":"boom-cylinder-for-case-small-excavator-cx75","status":"publish","type":"product","link":"https:\/\/www.hydraulic-cylinders.net\/et\/toode\/boom-cylinder-for-case-small-excavator-cx75\/","title":{"rendered":"Poomi silinder Case Small Excavator CX75 jaoks"},"content":{"rendered":"<h1>Poomi silinder Case Small Excavator CX75 jaoks<\/h1>\n<h2>Poomi silindri m\u00f5istmine<\/h2>\n<p>Noole silinder, tuntud ka kui kopa silinder, on h\u00fcdraulikas\u00fcsteemide oluline komponent, mis on spetsiaalselt loodud erinevate raskete masinate, n\u00e4iteks ekskavaatorite, laadurite ja esilaadurite lisaseadmete liikumise juhtimiseks. See h\u00fcdraulika silinder v\u00f5imaldab kopal t\u00f5sta, langetada ja kallutada, h\u00f5lbustades t\u00f5husaid materjalik\u00e4itlust\u00f6id. See m\u00e4ngib olulist rolli seadmete t\u00f6\u00f6s, v\u00f5imaldades t\u00e4pseid liigutusi, mis on ehituses ja muudes rasketes rakendustes h\u00e4davajalikud.<\/p>\n<p>Noole silinder on oluline selliste \u00fclesannete puhul nagu kaevamine ja t\u00f5stmine, kus see muundab h\u00fcdraulilise r\u00f5hu mehaaniliseks j\u00f5uks. Selle konstruktsioon sisaldab tavaliselt tugevaid tihendeid ja vastupidavaid materjale, et taluda m\u00e4rkimisv\u00e4\u00e4rset survet ja raskeid koormusi. Noole silindri efektiivsus m\u00f5jutab otseselt selle toetatavate masinate efektiivsust ja v\u00f5imekust.<\/p>\n<p><img decoding=\"async\" src=\"https:\/\/www.hydraulic-cylinders.net\/wp-content\/uploads\/2025\/04\/songte-company-1.webp\" alt=\"Poomi silinder\"><\/p>\n<h2>Poomi silindri p\u00f5hijooned<\/h2>\n<ul>\n<li><strong>Suur tugevus ja vastupidavus:<\/strong> Meie \u00fclitugevast terasest v\u00f5i alumiiniumist valmistatud poomisilindrid taluvad suurt r\u00f5hku ja suuri koormusi, mist\u00f5ttu sobivad need ka karmidesse t\u00f6\u00f6keskkondadesse.<\/li>\n<li><strong>T\u00f5hus h\u00fcdrauliline t\u00f6\u00f6:<\/strong> H\u00fcdraulilise \u00f5li r\u00f5hu abil tagab poomi silinder sujuva pikendus- ja tagasit\u00f5mbamisliigutuse ning reageerib kiiresti juhi k\u00e4sklustele.<\/li>\n<li><strong>Erinevad t\u00fc\u00fcbid:<\/strong> Saadaval \u00fchetoimelise (t\u00f6\u00f6tab \u00fches suunas) v\u00f5i kahetoimelise (t\u00f6\u00f6tab m\u00f5lemas suunas) konfiguratsioonina, mis sobib erinevatele t\u00f6\u00f6vajadustele, kusjuures m\u00f5ned mudelid on konstrueeritud teleskoop-t\u00fc\u00fcpi, et saavutada suurem ulatus.<\/li>\n<li><strong>Hoolduss\u00f5bralik disain:<\/strong> Meie silindrid on konstrueeritud nii, et komponentidele oleks lihtne juurde p\u00e4\u00e4seda remondi ja hoolduse jaoks, tagades pikaealisuse ja t\u00f6\u00f6kindluse.<\/li>\n<li><strong>\u00dchilduvus:<\/strong> Need poomisilindrid sobivad ideaalselt olemasolevate h\u00fcdrauliliste silindrite asendamiseks erinevates masinamudelites, pakkudes kasutajatele sujuvat \u00fcleminekut.<\/li>\n<\/ul>\n<p><img decoding=\"async\" src=\"https:\/\/www.hydraulic-cylinders.net\/wp-content\/uploads\/2025\/04\/songte-cylinder-head-with-all-kinds-excavator-models.webp\" alt=\"Poomi silindri \u00fchilduvus\"><\/p>\n<h2>Poomi silindri rakendused<\/h2>\n<h3>Ehitustehnika<\/h3>\n<p>Ekskavaatorites on noole silindrid \u00fcliolulised pinnase v\u00f5i prahi kaevamiseks, laadimiseks ja teisaldamiseks. Need v\u00f5imaldavad kopal t\u00f5husalt pinnasesse tungida, h\u00f5lbustades t\u00f6\u00f6d ehitusplatsidel, kus mullat\u00f6\u00f6d on sagedased. Noole k\u00f5rguse ja nurga juhtimise v\u00f5imalus on kaevet\u00f6\u00f6de t\u00e4psuse tagamiseks h\u00e4davajalik, muutes need silindrid t\u00e4nap\u00e4evastes ehitusprojektides asendamatuks.<\/p>\n<h3>P\u00f5llumajandustehnika<\/h3>\n<p>Noolesilindritega varustatud esilaadureid kasutatakse mulla, heina ja muude materjalide kopeerimiseks, t\u00f5stmiseks ja transportimiseks. Need silindrid v\u00f5imaldavad p\u00f5llumeestel h\u00f5lpsalt teisaldada suuri materjalikoguseid, parandades p\u00f5llumajandust\u00f6\u00f6de tootlikkust ja t\u00f5husust. Liikumise paindlikkus v\u00f5imaldab mitmesuguseid \u00fclesandeid, alates veoautode laadimisest kuni p\u00f5ldude ettevalmistamiseni k\u00fclviks.<\/p>\n<h3>Ekskavaatorid<\/h3>\n<p>Ekskavaatorites m\u00e4ngib noole silinder kaevamisprotsessis olulist rolli. See v\u00f5imaldab kopal t\u00f5husalt pinnasesse tungida, muutes materjalide kaevamise lihtsamaks. Noole silindri pakutav h\u00fcdrauliline j\u00f5ud tagab, et ekskavaator saab raskete kaevamis\u00fclesannetega hakkama minimaalse pingutusega.<\/p>\n<h3>Laadurid<\/h3>\n<p>Esilaaduritel aitavad noolesilindrid koormaid t\u00f5husalt t\u00f5sta ja t\u00fchjendada. Nende silindrite t\u00e4pne juhtimine v\u00f5imaldab operaatoritel materjale ettevaatlikult k\u00e4sitseda, v\u00e4ltides mahavalgumist ja tagades koormate t\u00e4pse paigutamise vajalikku kohta. See efektiivsus on \u00fclioluline nii ehitus- kui ka materjalik\u00e4itlust\u00f6\u00f6del.<\/p>\n<h2>Projekteerimiskaalutlused ja valikukriteeriumid<\/h2>\n<h3>Kandev\u00f5ime<\/h3>\n<p>Noole silindri valimisel on oluline arvestada selle kandev\u00f5imega. Silinder peab suutma taluda maksimaalset raskust, millega see t\u00f6\u00f6tamise ajal kokku puutub. See tagab ohutuse ja t\u00f5hususe, ennetades \u00fclekoormusest tulenevaid v\u00f5imalikke seadmerikkeid.<\/p>\n<h3>Tihendustehnoloogia<\/h3>\n<p>T\u00f5hus tihendamine on h\u00fcdrauliliste silindrite puhul \u00fclioluline, kuna see hoiab \u00e4ra vedeliku lekked, mis v\u00f5ivad v\u00e4hendada j\u00f5udlust ja r\u00f5hku. Tihendite, sealhulgas kolvi- ja vardatihendite valik m\u00e4\u00e4rab silindri pikaealisuse ja efektiivsuse. Kvaliteetsed tihendid, mis on valmistatud sellistest materjalidest nagu pol\u00fcuretaan v\u00f5i nitriil, on vastupidavuse ja kulumiskindluse tagamiseks h\u00e4davajalikud.<\/p>\n<h3>Vastupidavus<\/h3>\n<p>Poomi silindri valmistamisel kasutatavad materjalid peavad olema piisavalt vastupidavad, et taluda karme t\u00f6\u00f6tingimusi. Silindril, mis on korrosiooni-, h\u00f5\u00f5rdumis- ja l\u00f6\u00f6kkindel, on pikem kasutusiga, v\u00e4hendades hoolduskulusid ja seisakuid.<\/p>\n<h3>Turvaelemendid<\/h3>\n<p>H\u00fcdrauliliste s\u00fcsteemidega t\u00f6\u00f6tamisel on ohutus esmat\u00e4htis. Poomi silindritel peaksid olema \u00fcler\u00f5hu v\u00e4ltimiseks vajalikud funktsioonid, n\u00e4iteks \u00fcler\u00f5huventiilid. Need ohutusmehhanismid kaitsevad operaatoreid ja seadmeid t\u00f6\u00f6 ajal v\u00f5imalike ohtude eest.<\/p>\n<h3>Hoolduse ligip\u00e4\u00e4setavus<\/h3>\n<p>Hooldust arvestav projekteerimine on silindrite h\u00f5lpsa hooldamise tagamiseks \u00fclioluline. Sellised omadused nagu eemaldatavad otsakorgid ja ligip\u00e4\u00e4setavad m\u00e4\u00e4rimispunktid v\u00f5ivad hooldusaega ja -kulusid oluliselt v\u00e4hendada, hoides masinaid kauem t\u00f6\u00f6korras.<\/p>\n<p><img decoding=\"async\" src=\"https:\/\/www.hydraulic-cylinders.net\/wp-content\/uploads\/2025\/04\/songte-oil-pipes-and-spare-parts.webp\" alt=\"H\u00fcdraulilise silindri hooldusosad\"><\/p>\n<h2>Tihendus ja m\u00e4\u00e4rimine<\/h2>\n<p>T\u00f5hus tihendamine ja m\u00e4\u00e4rimine on poomi silindrite j\u00f5udluse seisukohalt kriitilise t\u00e4htsusega. H\u00fcdraulilise vedeliku lekke v\u00e4ltimiseks on olulised mitmesugused tihendid, sealhulgas kolvitihendid ja vardatihendid. Vastupidavate materjalide, n\u00e4iteks pol\u00fcuretaani ja nitriilkummi kasutamine tihendite jaoks suurendab nende kulumiskindlust, aidates kaasa silindri pikaealisusele. Silindri korpus ja keermestatud otsapinnad l\u00e4bivad t\u00e4pse t\u00f6\u00f6tlemise, et parandada kulumiskindlust ja tagada optimaalne j\u00f5udlus.<\/p>\n<p>Sujuva t\u00f6\u00f6 s\u00e4ilitamiseks on vajalik regulaarne m\u00e4\u00e4rimine. H\u00fcdraulika\u00f5li tuleks perioodiliselt t\u00e4iendada, et tagada k\u00f5igi liikuvate osade piisav m\u00e4\u00e4rimine, v\u00e4hendades h\u00f5\u00f5rdumist ja kulumist. N\u00f5uetekohane m\u00e4\u00e4rimine aitab kaasa ka soojuse hajumisele, optimaalse t\u00f6\u00f6temperatuuri s\u00e4ilitamisele ja \u00fclekuumenemise v\u00e4ltimisele.<\/p>\n<h2>Regulaarne hooldus ja ennetavad meetmed<\/h2>\n<ul>\n<li><strong>Regulaarsed kontrollid:<\/strong> Sagedaste kontrollide tegemine aitab tuvastada kulumiskohti ja v\u00f5imalikke rikkeid enne, kui need muutuvad olulisteks probleemideks. Otsige tihenditelt ja varrastelt lekete, korrosiooni v\u00f5i ebatavaliste kulumismustrite m\u00e4rke.<\/li>\n<li><strong>Sobiv m\u00e4\u00e4rimine:<\/strong> Veenduge, et silindrit m\u00e4\u00e4ritakse regulaarselt sobiva h\u00fcdraulika\u00f5liga. Liigne m\u00e4\u00e4rimine v\u00f5ib p\u00f5hjustada r\u00f5hu t\u00f5usu, samas kui alam\u00e4\u00e4ramine v\u00f5ib kaasa tuua suurenenud kulumise ja rikke.<\/li>\n<li><strong>Tihendi vahetamine:<\/strong> Tihendid tuleks esimeste kulumism\u00e4rkide ilmnemisel v\u00e4lja vahetada. Kvaliteetsete vahetustihendite kasutamine aitab v\u00e4ltida lekkeid ja s\u00e4ilitada h\u00fcdraulilise r\u00f5hu.<\/li>\n<\/ul>\n<h2>Paigaldusjuhised<\/h2>\n<p>Poomi silindri \u00f5ige paigaldamine on selle j\u00f5udluse ja pikaealisuse tagamiseks \u00fclioluline. Siin on peamised sammud, mida j\u00e4rgida:<\/p>\n<ol>\n<li><strong>Ettevalmistus:<\/strong> Veenduge, et t\u00f6\u00f6ala oleks puhas ja prahist vaba. Kontrollige, et k\u00f5ik komponendid oleksid \u00fchilduvad ja heas seisukorras.<\/li>\n<li><strong>Joondus:<\/strong> Joondage silinder \u00f5igesti masina kinnituspunktidega. Vale joondamine v\u00f5ib p\u00f5hjustada enneaegset kulumist ja rikkeid.<\/li>\n<li><strong>Paigaldus:<\/strong> Silindri kinnitamiseks kasutage sobivaid kinnitusklambreid. Veenduge, et poldid on tootja spetsifikatsioonide kohaselt pingutatud, et v\u00e4ltida nende lahtitulekut t\u00f6\u00f6tamise ajal.<\/li>\n<li><strong>Testimine:<\/strong> P\u00e4rast paigaldamist tehke funktsionaalsustest, et veenduda silindri sujuvas ja t\u00f5husas t\u00f6\u00f6s.<\/li>\n<\/ol>\n<h2>Levinumad hooldust\u00f6\u00f6d<\/h2>\n<h3>Regulaarsed kontrollid<\/h3>\n<p>Poomi silindri regulaarne kontroll on oluline, et varakult tuvastada kulumis- v\u00f5i kahjustuste m\u00e4rke. Otsige n\u00e4htavaid lekkeid, ebatavalisi helisid t\u00f6\u00f6tamise ajal ja veenduge, et k\u00f5ik \u00fchendused on kindlad. Optimaalse j\u00f5udluse s\u00e4ilitamiseks ja ootamatute rikete v\u00e4ltimiseks kehtestage regulaarne kontrolligraafik.<\/p>\n<h3>\u00d5ige m\u00e4\u00e4rimine<\/h3>\n<p>\u00d5ige m\u00e4\u00e4rimistaseme s\u00e4ilitamine on h\u00fcdraulikas\u00fcsteemi efektiivsuse seisukohalt kriitilise t\u00e4htsusega. Kontrollige regulaarselt h\u00fcdraulika\u00f5li taset ja veenduge, et kasutatakse \u00f5iget t\u00fc\u00fcpi \u00f5li, et v\u00e4ltida tihendite ja liikuvate osade kulumist. T\u00f5hus m\u00e4\u00e4rimisgraafik v\u00e4hendab oluliselt rikete ohtu ja pikendab silindri eluiga.<\/p>\n<h3>Tihendi vahetamine ja kalibreerimise kontrollimine<\/h3>\n<p>Tihendeid tuleks sageli kulumisj\u00e4lgede suhtes kontrollida ja vajadusel vahetada, et s\u00e4ilitada h\u00fcdrauliline terviklikkus. Kalibreerimiskontroll tuleks l\u00e4bi viia, et tagada silindri t\u00f6\u00f6tamine \u00f5igetes r\u00f5huvahemikes. \u00d5igesti kalibreeritud silindrid parandavad j\u00f5udlust ja ennetavad t\u00f6\u00f6ohtusid.<\/p>\n<h2>Ohutuskaalutlused ja keskkonnategurid<\/h2>\n<p>H\u00fcdrauliliste silindrite kasutamisel on ohutusmeetmed \u00fcliolulised. Operaatorid peaksid alati olema koolitatud h\u00fcdrauliliste s\u00fcsteemidega varustatud masinate ohutuks kasutamiseks. See h\u00f5lmab k\u00f5rgsurves\u00fcsteemidega seotud riskide m\u00f5istmist ja n\u00f5uetekohaste ohutusprotokollide rakendamist, n\u00e4iteks kaitsevarustuse kandmist ja t\u00f6\u00f6piirkonnas k\u00f5rvalseisjate eemal hoidmist. Lisaks on oluline arvestada keskkonnam\u00f5juga; keskkonnas\u00f5bralike h\u00fcdrauliliste vedelike kasutamine aitab minimeerida lekete ja leketega seotud riske.<\/p>\n<h2>Levinud probleemide t\u00f5rkeotsing<\/h2>\n<ul>\n<li><strong>R\u00f5hu langus:<\/strong> Selle p\u00f5hjuseks v\u00f5ivad olla h\u00fcdros\u00fcsteemi lekked, \u00f5hk torudes v\u00f5i vigased tihendid. Kontrollige n\u00e4htavaid lekkeid ja veenduge, et vedeliku tase on \u00f5ige.<\/li>\n<li><strong>Aeglane liikumine:<\/strong> Kui silinder reageerib aeglaselt, v\u00f5ib see viidata m\u00e4\u00e4rimisvajadusele v\u00f5i h\u00fcdraulika\u00f5li saastumisele. Kontrollige ja vahetage vedelikku vastavalt vajadusele.<\/li>\n<li><strong>Ebatavalised helid:<\/strong> Krigisev v\u00f5i kolin v\u00f5ib viidata silindri mehaanilistele probleemidele. Edasiste kahjustuste v\u00e4ltimiseks on vaja kohe kontrollida.<\/li>\n<\/ul>\n<p>Nende probleemide lahendamiseks on oluline rakendada ennetavaid meetmeid, sealhulgas regulaarsed hoolduskontrollid, n\u00f5uetekohane vedeliku haldamine ja operaatorite koolitamine t\u00f5rkeotsingu tehnikate osas.<\/p>\n<p><img decoding=\"async\" src=\"https:\/\/www.hydraulic-cylinders.net\/wp-content\/uploads\/2025\/04\/songte-bushings-with-all-kinds-of-excavator-models.webp\" alt=\"Poomi silindrite levinud probleemid\"><\/p>\n<h2>Meie ettev\u00f5ttest<\/h2>\n<p>Oleme juhtiv asendush\u00fcdrauliliste silindrite tootja ja hulgim\u00fc\u00fcja, mis on tuntud nii kodumaal kui ka rahvusvaheliselt. Meie ulatuslik tootevalik asetab meid h\u00fcdrauliliste silindrite turu juhtivate tootjate hulka. Meie p\u00f5him\u00f5tteks on tipptasemel kvaliteet, tuginedes t\u00e4iustatud tootmisjuhtimise strateegiatele meie tipptasemel tootmisrajatistes.<\/p>\n<p>Meie p\u00fchendumus oskusliku personali, t\u00e4iustatud digitaalsete tootmisseadmete ja terviklike testimiss\u00fcsteemide kasutamisele v\u00f5imaldab meil pidevalt oma tootmisv\u00f5imsust t\u00e4iustada. Meie prioriteediks on k\u00f5rge efektiivsus, t\u00e4psus ja kvaliteet, et rahuldada oma klientide mitmekesiseid vajadusi.<\/p>\n<p><img decoding=\"async\" src=\"https:\/\/www.hydraulic-cylinders.net\/wp-content\/uploads\/2025\/04\/songte-company-4.webp\" alt=\"Meie ettev\u00f5te\"><br \/>\n<img decoding=\"async\" src=\"https:\/\/www.hydraulic-cylinders.net\/wp-content\/uploads\/2025\/04\/songte-company-3.webp\" alt=\"Meie tootmis\u00fcksus\"><\/p>\n<p>Autor: lyl<\/p>","protected":false},"excerpt":{"rendered":"<p>Boom Cylinder For Case Small Excavator CX75 Understanding the Boom Cylinder The boom cylinder, also known as the bucket cylinder, is a vital component in hydraulic systems, specifically designed to control the movement of various heavy machinery attachments like those found on excavators, backhoes, and front loaders. This hydraulic cylinder enables the bucket to lift, [&hellip;]<\/p>","protected":false},"featured_media":17869,"comment_status":"open","ping_status":"closed","template":"","meta":{"_et_pb_use_builder":"","_et_pb_old_content":"","_et_gb_content_width":""},"product_brand":[],"product_cat":[1546],"product_tag":[1547,1496],"class_list":{"0":"post-19440","1":"product","2":"type-product","3":"status-publish","4":"has-post-thumbnail","6":"product_cat-boom-cylinders","7":"product_tag-boom-cylinders","8":"product_tag-hydraulic-cylinders","10":"first","11":"instock","12":"shipping-taxable","13":"product-type-simple"},"amp_enabled":true,"_links":{"self":[{"href":"https:\/\/www.hydraulic-cylinders.net\/et\/wp-json\/wp\/v2\/product\/19440","targetHints":{"allow":["GET"]}}],"collection":[{"href":"https:\/\/www.hydraulic-cylinders.net\/et\/wp-json\/wp\/v2\/product"}],"about":[{"href":"https:\/\/www.hydraulic-cylinders.net\/et\/wp-json\/wp\/v2\/types\/product"}],"replies":[{"embeddable":true,"href":"https:\/\/www.hydraulic-cylinders.net\/et\/wp-json\/wp\/v2\/comments?post=19440"}],"wp:featuredmedia":[{"embeddable":true,"href":"https:\/\/www.hydraulic-cylinders.net\/et\/wp-json\/wp\/v2\/media\/17869"}],"wp:attachment":[{"href":"https:\/\/www.hydraulic-cylinders.net\/et\/wp-json\/wp\/v2\/media?parent=19440"}],"wp:term":[{"taxonomy":"product_brand","embeddable":true,"href":"https:\/\/www.hydraulic-cylinders.net\/et\/wp-json\/wp\/v2\/product_brand?post=19440"},{"taxonomy":"product_cat","embeddable":true,"href":"https:\/\/www.hydraulic-cylinders.net\/et\/wp-json\/wp\/v2\/product_cat?post=19440"},{"taxonomy":"product_tag","embeddable":true,"href":"https:\/\/www.hydraulic-cylinders.net\/et\/wp-json\/wp\/v2\/product_tag?post=19440"}],"curies":[{"name":"wp","href":"https:\/\/api.w.org\/{rel}","templated":true}]}}