{"id":19445,"date":"2025-04-07T06:47:52","date_gmt":"2025-04-07T06:47:52","guid":{"rendered":"https:\/\/www.hydraulic-cylinders.net\/product\/boom-cylinder-for-case-middle-excavator-cx240b\/"},"modified":"2025-04-07T06:47:54","modified_gmt":"2025-04-07T06:47:54","slug":"boom-cylinder-for-case-middle-excavator-cx240b","status":"publish","type":"product","link":"https:\/\/www.hydraulic-cylinders.net\/et\/toode\/boom-cylinder-for-case-middle-excavator-cx240b\/","title":{"rendered":"Poomi silinder Case Middle ekskavaatorile CX240B"},"content":{"rendered":"<h1>Poomi silinder Case Middle ekskavaatorile CX240B<\/h1>\n<h2>Kopasilindri definitsioon ja \u00fclevaade<\/h2>\n<p>Kopa silinder, tuntud ka kui noole silinder, on oluline komponent mitmesuguste rasketehnika h\u00fcdraulikas\u00fcsteemides, sealhulgas ekskavaatorites, laadur-ekskavaatorites ja esilaadurites. See h\u00fcdrauliline silinder v\u00f5imaldab kopa liikumist, v\u00f5imaldades sellel materjali k\u00e4itlemise ajal t\u00f5sta, langetada ja kallutada. Selle konstruktsioon on oluline t\u00f5husa t\u00f6\u00f6 ja tootlikkuse tagamiseks ehitusplatsidel ja p\u00f5llumajanduslikes rakendustes. Kopa silindri v\u00f5ime kopa asendit manipuleerida on \u00fclioluline selliste \u00fclesannete puhul nagu kaevamine, laadimine ja materjalide transportimine. Nende silindrite pakutav kontrollitud liikumine parandab oluliselt rasketehnika funktsionaalsust, muutes selle t\u00e4nap\u00e4evaste masinate asendamatuks osaks.<\/p>\n<p><img decoding=\"async\" src=\"https:\/\/www.hydraulic-cylinders.net\/wp-content\/uploads\/2025\/04\/songte-company-1.webp\" alt=\"Poomi silinder\"><\/p>\n<h2>Poomi silindri omadused<\/h2>\n<ul>\n<li><strong>Suur tugevus ja vastupidavus:<\/strong> Valmistatud \u00fclitugevast terasest v\u00f5i alumiiniumist, mis talub k\u00f5rget r\u00f5hku ja suuri koormusi. Loodud vastupidavaks ka karmides t\u00f6\u00f6tingimustes, kulumiskindluse ja korrosioonikindlusega, et pikendada eluiga.<\/li>\n<li><strong>T\u00f5hus h\u00fcdrauliline t\u00f6\u00f6:<\/strong> Saavutab sujuva teleskoopliikumise h\u00fcdraulilise \u00f5lir\u00f5hu abil, reageerib kiiresti juhtimisk\u00e4sklustele, pakkudes m\u00e4rkimisv\u00e4\u00e4rset t\u00f5uke- ja t\u00f5mbej\u00f5udu, mis sobib raskete ja keerukate \u00fclesannete jaoks.<\/li>\n<li><strong>Erinevad t\u00fc\u00fcbid:<\/strong> Saadaval \u00fchetoimelise (h\u00fcdraulilise r\u00f5hu kasutamine \u00fches suunas) v\u00f5i kahetoimelise (h\u00fcdraulilise r\u00f5hu kasutamine m\u00f5lemas suunas) konfiguratsioonina, et rahuldada erinevaid t\u00f6\u00f6vajadusi. M\u00f5ned mudelid on teleskoopilised, v\u00f5imaldades suuremat pikendust ilma v\u00e4lism\u00f5\u00f5tmeid suurendamata, mis sobib ideaalselt ruumipiirangutega rakenduste jaoks.<\/li>\n<\/ul>\n<p>Me valmistame seda toodet ideaalselt olemasolevate h\u00fcdrosilindrite asendamiseks.<\/p>\n<p><img decoding=\"async\" src=\"https:\/\/www.hydraulic-cylinders.net\/wp-content\/uploads\/2025\/04\/songte-cylinder-head-with-all-kinds-excavator-models.webp\" alt=\"H\u00fcdraulilise silindri valikud\"><\/p>\n<h2>H\u00fcdraulilise silindri rakendused<\/h2>\n<h3>Ehitustehnika<\/h3>\n<p>Ekskavaatorites on kopasilindrid \u00fcliolulised kaevamiseks, laadimiseks ja pinnase v\u00f5i prahi teisaldamiseks. Need h\u00f5lbustavad kaevamist\u00f6\u00f6deks vajalikku t\u00e4pset juhtimist, v\u00f5imaldades operaatoritel kopa t\u00f5husalt man\u00f6\u00f6verdada ja materjale veoautodesse v\u00f5i muudesse masinatesse laadida. Ekskavaatorites abistab kopasilindri nii kaevamis- kui ka t\u00f5stetoimingutes, muutes selle seadme funktsionaalsuse oluliseks osaks.<\/p>\n<h3>P\u00f5llumajandustehnika<\/h3>\n<p>Esilaadurites kasutatakse kopasilindriid mulla, heina ja muude materjalide kopeerimiseks, t\u00f5stmiseks ja transportimiseks. H\u00fcdraulilise silindri v\u00f5ime rakendada m\u00e4rkimisv\u00e4\u00e4rset j\u00f5udu v\u00f5imaldab raskete koormate h\u00f5lpsat k\u00e4sitsemist, aidates kaasa p\u00f5llumajandust\u00f6\u00f6de ajat\u00f5hususele. Kuna p\u00f5llumajandus tugineb \u00fcha enam masinatele, muutub kopasilindrite roll \u00fcha olulisemaks.<\/p>\n<h3>Ekskavaatorid<\/h3>\n<p>Ekskavaatorites v\u00f5imaldab kopa silinder kopal pinnasesse tungida, h\u00f5lbustades t\u00f5husat kaevamist. See v\u00f5ime on oluline mitmesuguste rakenduste jaoks, alates platsi ettevalmistamisest kuni haljastuseni. H\u00fcdrauliline juhtimine tagab, et operaatorid saavad saavutada soovitud s\u00fcgavuse ja nurga, parandades \u00fcldist j\u00f5udlust ja tootlikkust.<\/p>\n<h3>Laadurid<\/h3>\n<p>Frontaallaadurites aitavad kopasilindrid koormaid t\u00f5husalt t\u00f5sta ja t\u00fchjendada. H\u00fcdraulikas\u00fcsteem annab vajaliku v\u00f5imsuse raskete materjalide t\u00f5stmiseks, tagades, et seadmed saavad h\u00f5lpsalt t\u00e4ita mitmesuguseid \u00fclesandeid alates materjalide mahalaadimisest kuni ehitusplatsi puhastamiseni.<\/p>\n<h2>Projekteerimiskaalutlused ja valikukriteeriumid<\/h2>\n<h3>Kandev\u00f5ime<\/h3>\n<p>Kopasilindri kandev\u00f5ime on oluline projekteerimiskriteerium. See peab olema piisavalt tugev, et taluda teisaldatavate materjalide konkreetset kaalu ja t\u00fc\u00fcpi. Tootjad hindavad optimaalse kandev\u00f5ime tagamiseks sageli mitmesuguseid tegureid, sealhulgas silindri l\u00e4bim\u00f5\u00f5tu, k\u00e4igu pikkust ja materjali tugevust. Toimivuse ennustamiseks erinevates tingimustes tehakse n\u00f5uetekohaseid arvutusi ja simulatsioone, suurendades t\u00f6\u00f6kindlust ja ohutust.<\/p>\n<h3>Tihendi terviklikkus<\/h3>\n<p>Tihenduss\u00fcsteem on oluline h\u00fcdraulilise r\u00f5hu s\u00e4ilitamiseks ja lekete v\u00e4ltimiseks. K\u00f5rge r\u00f5hu talumiseks ja vastupidavuse tagamiseks kasutatakse tavaliselt kvaliteetseid tihendeid, mis on valmistatud sellistest materjalidest nagu pol\u00fcuretaan ja nitriilkummi. N\u00f5uetekohane tihendamine tagab h\u00fcdraulilise vedeliku tiheduse, mis on t\u00f5husa t\u00f6\u00f6 jaoks kriitilise t\u00e4htsusega ja v\u00e4hendab hooldusvajadust. Tihendite regulaarne kontrollimine on vajalik, et tagada nende t\u00f5husus aja jooksul, ennetades mehaanilisi rikkeid ja seisakuid.<\/p>\n<h3>Vastupidavus<\/h3>\n<p>Vastupidavus on disaini oluline aspekt, eriti karmide tingimustega keskkondades. Tootmises kasutatavad materjalid, n\u00e4iteks \u00fclitugev teras, valitakse nende kulumis- ja korrosioonikindluse j\u00e4rgi. Konstruktsioonid sisaldavad sageli pinnat\u00f6\u00f6tlusi v\u00f5i katteid, mis suurendavad vastupidavust keskkonnateguritele. Vastupidav kopa silinder tagab pikaealisuse, v\u00e4hendades asenduste ja remondit\u00f6\u00f6de sagedust, mis v\u00f5ib operaatoritele kulukas olla.<\/p>\n<h3>Turvaelemendid<\/h3>\n<p>H\u00fcdrauliliste silindrite projekteerimisel on ohutus esmat\u00e4htis. Tootjad lisavad \u00f5nnetuste v\u00e4ltimiseks t\u00f6\u00f6tamise ajal mitmesuguseid ohutusfunktsioone, sealhulgas \u00fclekoormuskaitse mehhanisme ja r\u00f5hualandusventiile. Need funktsioonid tagavad, et kui koormus \u00fcletab silindri mahutavuse, saab s\u00fcsteem r\u00f5hu ohutult vabastada, minimeerides katastroofiliste rikete ohtu ning kaitstes operaatoreid ja masinaid.<\/p>\n<h3>Hoolduse ligip\u00e4\u00e4setavus<\/h3>\n<p>Hooldusele ligip\u00e4\u00e4setavuse arvestamine on pikaealisuse ja t\u00f6\u00f6kindluse tagamiseks \u00fclioluline. Lihtsad juurdep\u00e4\u00e4supunktid m\u00e4\u00e4rimiseks, kontrollimiseks ja parandamiseks v\u00f5ivad seisakuid oluliselt v\u00e4hendada. Tootjad projekteerivad silindreid sageli moodulkomponentidega, mida saab h\u00f5lpsalt vahetada, mis h\u00f5lbustab kiiret remonti ja minimeerib t\u00f6\u00f6katkestusi. Regulaarsed hoolduskontrollid on olulised, et tuvastada k\u00f5ik probleemid enne, kui need suuremateks probleemideks eskaleeruvad.<\/p>\n<p><img decoding=\"async\" src=\"https:\/\/www.hydraulic-cylinders.net\/wp-content\/uploads\/2025\/04\/songte-oil-pipes-and-spare-parts.webp\" alt=\"H\u00fcdrauliliste silindrite osad\"><\/p>\n<h2>H\u00fcdraulilise silindri tihendamine ja m\u00e4\u00e4rimine<\/h2>\n<p>H\u00fcdrauliliste silindrite efektiivne tihendamine ja m\u00e4\u00e4rimine on optimaalse j\u00f5udluse saavutamiseks \u00fcliolulised. Erinevad tihenduselemendid, n\u00e4iteks kolvitihendid ja varrastihendid, m\u00e4ngivad olulist rolli h\u00fcdraulilise r\u00f5hu s\u00e4ilitamisel ja vedeliku lekete v\u00e4ltimisel. Need tihendid on sageli valmistatud kulumiskindlatest materjalidest, n\u00e4iteks pol\u00fcuretaanist, et taluda silindrite karme t\u00f6\u00f6tingimusi.<\/p>\n<p>Silindri korpus ja keermestatud otsad l\u00e4bivad t\u00e4ppist\u00f6\u00f6tluse, et suurendada kulumiskindlust, tagades tihendite tiheda sobivuse ja v\u00e4hendades kulumist aja jooksul. Samuti on oluline regulaarne m\u00e4\u00e4rimine sobiva h\u00fcdraulika\u00f5liga, kuna see h\u00f5lbustab sujuvat liikumist ja v\u00e4hendab h\u00f5\u00f5rdumist liikuvate osade vahel. N\u00f5uetekohane m\u00e4\u00e4rimine aitab s\u00e4ilitada silindri efektiivsust ja pikendada selle kasutusiga.<\/p>\n<h2>Regulaarne kontroll ja ennetavad hooldusmeetmed<\/h2>\n<ul>\n<li><strong>Regulaarsed kontrollid:<\/strong> Rutiinsete kontrollide tegemine on \u00fclioluline, et varakult tuvastada k\u00f5ik kulumis- v\u00f5i kahjustusn\u00e4hud. Kontrollige tihendeid, voolikuid ja \u00fchendusi lekete v\u00f5i kahjustuste suhtes. Regulaarsed kontrollid aitavad v\u00e4ltida ootamatuid rikkeid.<\/li>\n<li><strong>\u00d5ige m\u00e4\u00e4rimine:<\/strong> Veenduge, et h\u00fcdraulika\u00f5li tase on \u00f5ige ja \u00f5li on puhas. Vahetage saastunud \u00f5li regulaarselt, et s\u00e4ilitada t\u00f5hus t\u00f6\u00f6 ja v\u00e4ltida silindri kahjustumist.<\/li>\n<li><strong>Tihendi vahetamine:<\/strong> J\u00e4lgige tihendite terviklikkust ja vahetage need v\u00e4lja, kui kulumism\u00e4rke on n\u00e4ha. Kulunud tihendid v\u00f5ivad p\u00f5hjustada m\u00e4rkimisv\u00e4\u00e4rset h\u00fcdraulikavedeliku kadu, mis m\u00f5jutab j\u00f5udlust.<\/li>\n<\/ul>\n<h2>H\u00fcdraulilise silindri paigaldusjuhend<\/h2>\n<p>Poomi silindri \u00f5ige paigaldamine on selle j\u00f5udluse ja pikaealisuse seisukohalt \u00fclioluline. Alustage veendumaks, et kinnituspinnad on puhtad ja prahist vabad. Joondage silinder kinnitusklambritega ja kasutage kinnitamiseks sobivaid kinnitusvahendeid. Tiheda kinnituse tagamiseks on oluline j\u00e4rgida tootja spetsifikatsioone p\u00f6\u00f6rdemomendi s\u00e4tete kohta. Vale joondamine v\u00f5ib p\u00f5hjustada eba\u00fchtlast kulumist ja enneaegset riket, seega v\u00f5tke enne k\u00f5ige kinnitamist aega joonduse topeltkontrollimiseks.<\/p>\n<p>P\u00e4rast paigaldamist \u00fchendage h\u00fcdraulikavoolikud, veendudes, et puuduvad murdekohad v\u00f5i teravad kurvid, mis v\u00f5iksid vedeliku voolu takistada. P\u00e4rast \u00fchendamist t\u00e4itke h\u00fcdraulikas\u00fcsteem soovitatud h\u00fcdraulika\u00f5liga ja laske voolikutest \u00f5hk v\u00e4lja, et tagada sujuv t\u00f6\u00f6. L\u00f5puks tehke proovik\u00e4ivitus, et kontrollida lekkeid ja n\u00f5uetekohast toimimist. See ennetav l\u00e4henemisviis v\u00f5ib oluliselt parandada silindri j\u00f5udlust ja eluiga.<\/p>\n<h2>Levinumad hooldust\u00f6\u00f6d<\/h2>\n<ul>\n<li><strong>Regulaarsed kontrollid:<\/strong> Tehke regulaarselt kulumise ja rebenemise kontrolle. Regulaarsed kontrollid aitavad probleeme enne nende s\u00fcvenemist tuvastada, tagades ballooni t\u00f5husa t\u00f6\u00f6.<\/li>\n<li><strong>Sobiv m\u00e4\u00e4rimine:<\/strong> S\u00e4ilitage \u00f5ige m\u00e4\u00e4rimistase ja vahetage h\u00fcdraulika\u00f5li vastavalt vajadusele. See hoiab silindri sujuvalt t\u00f6\u00f6s ja v\u00e4hendab kulumise ohtu.<\/li>\n<li><strong>Tihendi vahetamine ja kalibreerimise kontrollimine:<\/strong> Kontrollige regulaarselt tihendite seisukorda ja vajadusel vahetage need v\u00e4lja. Kalibreerimiskontrollid tagavad, et balloon t\u00f6\u00f6tab etten\u00e4htud parameetrite piires, suurendades ohutust ja j\u00f5udlust.<\/li>\n<\/ul>\n<p>Poomi silindri t\u00f6\u00f6ks on kriitilise t\u00e4htsusega \u00f5ige paigaldamine, m\u00e4\u00e4rimine ja reguleerimine. Paigaldamise ajal veenduge, et silinder on \u00f5igesti joondatud. Silindri kinnitamiseks on soovitatav kasutada sobivaid kinnitusklambreid. Silindri eluea pikendamiseks kontrollige ja j\u00e4rgige regulaarselt komponentide kontrollimise, parandamise ja vahetamise soovitatud protseduure.<\/p>\n<p><img decoding=\"async\" src=\"https:\/\/www.hydraulic-cylinders.net\/wp-content\/uploads\/2025\/04\/songte-chushion-collar.webp\" alt=\"Padjakaelus\"><\/p>\n<h2>Ohutuskaalutlused ja keskkonnategurid<\/h2>\n<p>H\u00fcdrauliliste silindritega t\u00f6\u00f6tamisel on ohutusmeetmed h\u00e4davajalikud. Operaatorid peaksid \u00f5nnetuste ja vigastuste v\u00e4ltimiseks alati j\u00e4rgima ohutusjuhiseid. Oluline on kanda sobivaid isikukaitsevahendeid (IKV), n\u00e4iteks kindaid ja kaitseprille. Lisaks aitab seadmete t\u00f6\u00f6piiride m\u00f5istmine ja silindri \u00fclekoormamise v\u00e4ltimine v\u00e4ltida rikkeid ja suurendada ohutust. Keskkonnategurite, n\u00e4iteks temperatuuri ja s\u00f6\u00f6vitavate ainetega kokkupuute tundmine v\u00f5ib samuti pikendada h\u00fcdrosilindrite eluiga. Operaatorid peaksid p\u00fc\u00fcdma s\u00e4ilitada puhta t\u00f6\u00f6keskkonna, et minimeerida saastumist ja kulumist.<\/p>\n<h2>Levinud probleemide t\u00f5rkeotsing<\/h2>\n<ul>\n<li><strong>H\u00fcdraulilise vedeliku lekked:<\/strong> Kontrollige tihendite kulumist ja vajadusel vahetage need v\u00e4lja. Kontrollige voolikuid ja \u00fchendusi kahjustuste suhtes. Regulaarne hooldus aitab lekkeid ennetada enne, kui need t\u00f5siseks probleemiks muutuvad.<\/li>\n<li><strong>V\u00e4hendatud silindri j\u00f5udlus:<\/strong> Kontrollige h\u00fcdraulika\u00f5li taset ja vahetage saastunud \u00f5li v\u00e4lja. Madal vedeliku tase v\u00f5ib p\u00f5hjustada aeglast t\u00f6\u00f6d, seega on regulaarsed kontrollid \u00fcliolulised.<\/li>\n<li><strong>Imelikud helid t\u00f6\u00f6tamise ajal:<\/strong> Ebatavalised helid v\u00f5ivad viidata sisemisele kulumisele v\u00f5i kahjustusele. Kontrollige silindrit ja selle komponente kahjustuste v\u00f5i joondusvea suhtes.<\/li>\n<\/ul>\n<p>Pakkudes t\u00f5husaid t\u00f5rkeotsingu n\u00e4pun\u00e4iteid ja lahendusi, saavad operaatorid kiiresti tuvastada ja lahendada h\u00fcdrauliliste silindrite probleeme, minimeerides seisakuid ja s\u00e4ilitades efektiivsuse.<\/p>\n<p>Ennetavad meetmed, nagu regulaarsed hoolduskontrollid ja k\u00e4itusjuhiste j\u00e4rgimine, v\u00f5ivad oluliselt v\u00e4hendada nende probleemide tekkimise t\u00f5en\u00e4osust.<\/p>\n<p><img decoding=\"async\" src=\"https:\/\/www.hydraulic-cylinders.net\/wp-content\/uploads\/2025\/04\/songte-bushings-with-all-kinds-of-excavator-models.webp\" alt=\"Ekskavaatori puksid\"><\/p>\n<h2>Meist<\/h2>\n<p>Oleme juhtiv asendush\u00fcdrauliliste silindrite tootja, mis on p\u00fchendunud laia tootevaliku pakkumisele. Meie p\u00fchendumus tipptasemele on teinud meist \u00fche juhtiva h\u00fcdrauliliste silindrite tootja ja hulgim\u00fc\u00fcja nii sise- kui ka rahvusvahelisel turul. J\u00e4rgime t\u00e4iustatud tootmisjuhtimise strateegiat ja t\u00e4iustame pidevalt oma tootmisv\u00f5imalusi t\u00e4iustatud tehnoloogia, oskusliku personali ja rangete testimiss\u00fcsteemide abil.<\/p>\n<p>Meie keskendumine k\u00f5rgele efektiivsusele, t\u00e4psusele ja kvaliteedile tagab, et rahuldame klientide mitmekesiseid vajadusi. Pakume professionaalseid eritellimusteenuseid, oma toodete rahvusvahelisi sertifikaate ja tugevat m\u00fc\u00fcgij\u00e4rgset tuge, et tagada klientide rahulolu. Meie tootmis\u00fcksused on varustatud tipptasemel seadmetega, mis v\u00f5imaldavad meil toota klientide spetsifikatsioonidele vastavaid kvaliteetseid h\u00fcdrosilindreid.<\/p>\n<p><img decoding=\"async\" src=\"https:\/\/www.hydraulic-cylinders.net\/wp-content\/uploads\/2025\/04\/songte-company-4.webp\" alt=\"Ettev\u00f5tte \u00fclevaade\"><br \/>\n<img decoding=\"async\" src=\"https:\/\/www.hydraulic-cylinders.net\/wp-content\/uploads\/2025\/04\/songte-company-3.webp\" alt=\"H\u00fcdraulilise silindri tootmine\"><\/p>\n<p>Autor: lyl<\/p>","protected":false},"excerpt":{"rendered":"<p>Boom Cylinder For Case Middle Excavator CX240B Definition and Overview of the Bucket Cylinder The bucket cylinder, also known as the boom cylinder, is a critical component in hydraulic systems used in various heavy machinery, including excavators, backhoe loaders, and front loaders. This hydraulic cylinder enables the movement of the bucket, allowing it to lift, [&hellip;]<\/p>","protected":false},"featured_media":17874,"comment_status":"open","ping_status":"closed","template":"","meta":{"_et_pb_use_builder":"","_et_pb_old_content":"","_et_gb_content_width":""},"product_brand":[],"product_cat":[1546],"product_tag":[1547,1496],"class_list":{"0":"post-19445","1":"product","2":"type-product","3":"status-publish","4":"has-post-thumbnail","6":"product_cat-boom-cylinders","7":"product_tag-boom-cylinders","8":"product_tag-hydraulic-cylinders","10":"first","11":"instock","12":"shipping-taxable","13":"product-type-simple"},"amp_enabled":true,"_links":{"self":[{"href":"https:\/\/www.hydraulic-cylinders.net\/et\/wp-json\/wp\/v2\/product\/19445","targetHints":{"allow":["GET"]}}],"collection":[{"href":"https:\/\/www.hydraulic-cylinders.net\/et\/wp-json\/wp\/v2\/product"}],"about":[{"href":"https:\/\/www.hydraulic-cylinders.net\/et\/wp-json\/wp\/v2\/types\/product"}],"replies":[{"embeddable":true,"href":"https:\/\/www.hydraulic-cylinders.net\/et\/wp-json\/wp\/v2\/comments?post=19445"}],"wp:featuredmedia":[{"embeddable":true,"href":"https:\/\/www.hydraulic-cylinders.net\/et\/wp-json\/wp\/v2\/media\/17874"}],"wp:attachment":[{"href":"https:\/\/www.hydraulic-cylinders.net\/et\/wp-json\/wp\/v2\/media?parent=19445"}],"wp:term":[{"taxonomy":"product_brand","embeddable":true,"href":"https:\/\/www.hydraulic-cylinders.net\/et\/wp-json\/wp\/v2\/product_brand?post=19445"},{"taxonomy":"product_cat","embeddable":true,"href":"https:\/\/www.hydraulic-cylinders.net\/et\/wp-json\/wp\/v2\/product_cat?post=19445"},{"taxonomy":"product_tag","embeddable":true,"href":"https:\/\/www.hydraulic-cylinders.net\/et\/wp-json\/wp\/v2\/product_tag?post=19445"}],"curies":[{"name":"wp","href":"https:\/\/api.w.org\/{rel}","templated":true}]}}