{"id":19446,"date":"2025-04-07T06:47:55","date_gmt":"2025-04-07T06:47:55","guid":{"rendered":"https:\/\/www.hydraulic-cylinders.net\/product\/boom-cylinder-for-case-middle-excavator-cx240bhr\/"},"modified":"2025-04-07T06:47:59","modified_gmt":"2025-04-07T06:47:59","slug":"boom-cylinder-for-case-middle-excavator-cx240bhr","status":"publish","type":"product","link":"https:\/\/www.hydraulic-cylinders.net\/et\/toode\/boom-cylinder-for-case-middle-excavator-cx240bhr\/","title":{"rendered":"Case Middle ekskavaatori CX240BHR poomi silinder"},"content":{"rendered":"<h1>Case Middle ekskavaatori CX240BHR poomi silinder<\/h1>\n<h2>Sissejuhatus poomi silindrisse<\/h2>\n<p>Poomi silinder on kriitiline komponent, mis on spetsiaalselt loodud Case CX240BHR ekskavaatori jaoks. See h\u00fcdrosilinder m\u00e4ngib v\u00f5tmerolli ekskavaatori poomi liikumise juhtimisel, v\u00f5imaldades sellel t\u00e4pselt t\u00f5sta, langetada ja kallutada. See on h\u00fcdros\u00fcsteemi oluline osa, mis v\u00f5imaldab ehitus- ja mullat\u00f6\u00f6stust\u00f6\u00f6del kasutatavate raskete masinate t\u00f5husat j\u00f5udlust.<\/p>\n<p><img decoding=\"async\" src=\"https:\/\/www.hydraulic-cylinders.net\/wp-content\/uploads\/2025\/04\/songte-company-1.webp\" alt=\"Poomi silindri pilt\" \/><\/p>\n<h3>Definitsioon ja \u00fclevaade<\/h3>\n<p>Kopa silinder on h\u00fcdraulilise silindri t\u00fc\u00fcp, mis on ette n\u00e4htud koppade liikumise juhtimiseks erinevates rasketehnika masinates, n\u00e4iteks ekskavaatorites, laadur-ekskavaatorites ja esilaadurites. Selle peamine \u00fclesanne on v\u00f5imaldada kopa t\u00f5stmist, langetamist ja kallutamist, h\u00f5lbustades materjali k\u00e4itlemise \u00fclesandeid. Need silindrid t\u00f6\u00f6tavad h\u00fcdraulika\u00f5li r\u00f5hu abil liikumise loomiseks, muutes need h\u00e4davajalikuks igasuguste raskete esemete t\u00f5stmist v\u00f5i t\u00e4pset positsioneerimist n\u00f5udvate toimingute jaoks.<\/p>\n<h2>Poomi silindri omadused<\/h2>\n<ul>\n<li><strong>Suur tugevus ja vastupidavus:<\/strong> Tavaliselt valmistatud \u00fclitugevast terasest v\u00f5i alumiiniumist, mis v\u00f5imaldab tal taluda k\u00f5rget r\u00f5hku ja suuri koormusi, on loodud karmideks t\u00f6\u00f6keskkondadeks, arvestades kulumiskindlust ja korrosioonikindlust, et pikendada kasutusiga.<\/li>\n<li><strong>T\u00f5hus h\u00fcdrauliline t\u00f6\u00f6:<\/strong> Kasutab h\u00fcdraulika\u00f5li r\u00f5hku sujuvate v\u00e4lja- ja tagasit\u00f5mbamisliigutuste saavutamiseks, reageerib kiiresti juhtimisk\u00e4sklustele ning pakub tugevat t\u00f5uke- ja t\u00f5mbej\u00f5udu, mis sobib raskete esemete ja keerukate \u00fclesannete k\u00e4sitsemiseks.<\/li>\n<li><strong>Erinevad t\u00fc\u00fcbid:<\/strong> Saadaval \u00fchetoimelise (h\u00fcdrauliline \u00fches suunas) v\u00f5i kahetoimelise (h\u00fcdrauliline m\u00f5lemas suunas) konfiguratsioonina, et rahuldada erinevaid t\u00f6\u00f6vajadusi. Teatud mudelid on teleskoopilised, mis v\u00f5imaldab suuremat pikendamist ilma v\u00e4lism\u00f5\u00f5tmeid suurendamata, mis sobib ideaalselt piiratud ruumiga rakenduste jaoks.<\/li>\n<li><strong>Kohandatavad valikud:<\/strong> Loodud sobima laiale valikule ekskavaatorimudelitele, tagades \u00fchilduvuse ja j\u00f5udluse, mis on kohandatud konkreetsete projektin\u00f5uete ja kasutaja eelistustega.<\/li>\n<li><strong>Lihtne hooldus:<\/strong> Projekteeritud h\u00f5lpsaks hooldamiseks ja hooldamiseks, v\u00f5imaldades kiiret remonti ja vahetust, minimeerides seisakuid ja tagades pikaealisuse.<\/li>\n<\/ul>\n<p>Meie tooted suudavad neid h\u00fcdrosilindreid ideaalselt asendada, tagades optimaalse j\u00f5udluse ja t\u00f6\u00f6kindluse.<\/p>\n<p><img decoding=\"async\" src=\"https:\/\/www.hydraulic-cylinders.net\/wp-content\/uploads\/2025\/04\/songte-cylinder-head-with-all-kinds-excavator-models.webp\" alt=\"Ekskavaatori mudelid\" \/><\/p>\n<h2>Poomi silindri rakendused<\/h2>\n<h3>Ehitustehnika<\/h3>\n<p>Ekskavaatorites on noole silinder \u00fclioluline kaevamiseks, laadimiseks ja mulla v\u00f5i prahi teisaldamiseks. See v\u00f5imaldab m\u00e4rkimisv\u00e4\u00e4rset t\u00f5stej\u00f5udu, mis on oluline ehitust\u00f6\u00f6de puhul, mis n\u00f5uavad t\u00e4pset kaevamist ja materjalide k\u00e4itlemist. Nende silindrite t\u00f5husus tagab projektide \u00f5igeaegse ja eelarve piires valmimise.<\/p>\n<h3>P\u00f5llumajandustehnika<\/h3>\n<p>Esilaadurid kasutavad mulla, heina ja muude materjalide kopeerimiseks, t\u00f5stmiseks ja transportimiseks noole silindreid. H\u00fcdrauliline toime annab nende \u00fclesannete t\u00f5husaks t\u00e4itmiseks vajaliku j\u00f5u, muutes selle asendamatuks t\u00f6\u00f6riistaks p\u00f5llumajandust\u00f6\u00f6des, kus aeg ja tootlikkus on kriitilise t\u00e4htsusega.<\/p>\n<h3>Kaevet\u00f6\u00f6d<\/h3>\n<p>Kaevet\u00f6\u00f6del v\u00f5imaldab kopa silinder kopal pinnasesse tungida, h\u00f5lbustades kaevamist\u00f6id. See tegevus on \u00fclioluline ehituse, haljastuse ja mitmesuguste s\u00fcgavust ja t\u00e4psust n\u00f5udvate pinnase teisaldamise t\u00f6\u00f6de puhul.<\/p>\n<h3>Laadija funktsioonid<\/h3>\n<p>Esilaaduritel aitavad noolesilindrid koormaid t\u00f5husalt t\u00f5sta ja t\u00fchjendada. See mehhanism tagab materjalide t\u00f5husa \u00fchest kohast teise transportimise, suurendades tootlikkust t\u00f6\u00f6platsidel, kus materjali sageli liigutatakse.<\/p>\n<h2>Projekteerimiskaalutlused ja valikukriteeriumid<\/h2>\n<h3>Kandev\u00f5ime<\/h3>\n<p>Noole silindri valimisel on \u00fclioluline m\u00f5ista selle kandev\u00f5imet. Silinder peab suutma taluda maksimaalset raskust, millega see t\u00f6\u00f6 ajal kokku puutub. See n\u00f5uab masina n\u00f5uete ja k\u00e4ideldavate materjalide t\u00fc\u00fcpide p\u00f5hjalikku hindamist. H\u00e4sti disainitud silinder tagab vajaliku tugevuse, ohverdamata ohutust.<\/p>\n<h3>Tihendusmehhanismid<\/h3>\n<p>T\u00f5hus tihendus on h\u00fcdrauliliste silindrite j\u00f5udluse ja pikaealisuse jaoks kriitilise t\u00e4htsusega. Kvaliteetsed tihendid hoiavad \u00e4ra h\u00fcdraulilise vedeliku lekke, tagades t\u00f5husa t\u00f6\u00f6 ja v\u00e4hendades hoolduskulusid. Tihendusmaterjalide, n\u00e4iteks pol\u00fcuretaani v\u00f5i nitriilkummi valik v\u00f5ib silindri t\u00f6\u00f6kindlust ja funktsionaalsust drastiliselt m\u00f5jutada.<\/p>\n<h3>Vastupidavus ja pikaealisus<\/h3>\n<p>Poomi silindri vastupidavust m\u00f5jutavad selle valmistamisel kasutatud materjalid ja tootmisprotsessid. K\u00f5rgtugevad terased ja t\u00e4iustatud katted v\u00f5ivad suurendada kulumiskindlust ja korrosioonikindlust, pikendades silindri eluiga ja v\u00e4hendades vahetuste sagedust.<\/p>\n<h3>Turvaelemendid<\/h3>\n<p>H\u00fcdrauliliste silindrite projekteerimisel on ohutus kriitilise t\u00e4htsusega. Sellised omadused nagu r\u00f5hukaitseventiilid aitavad v\u00e4ltida \u00fclekoormust, samas kui tugevdatud konstruktsioonid suurendavad \u00fcldist ohutust raskete masinate k\u00e4itamisel. Piisavate ohutusmeetmetega silindri valimine on oluline nii operaatori kui ka seadmete kaitsmiseks.<\/p>\n<h3>Hooldatavus<\/h3>\n<p>Hoolduse lihtsus on poomi silindrite disainimisel veel \u00fcks oluline tegur. Omadused, mis v\u00f5imaldavad kiiret juurdep\u00e4\u00e4su sisemistele komponentidele, n\u00e4iteks eemaldatavatele otsakorkidele ja standardiseeritud osadele, h\u00f5lbustavad rutiinseid kontrolle ja remonti, minimeerides seisakuid ja tagades pideva t\u00f6\u00f6.<\/p>\n<p><img decoding=\"async\" src=\"https:\/\/www.hydraulic-cylinders.net\/wp-content\/uploads\/2025\/04\/songte-oil-pipes-and-spare-parts.webp\" alt=\"\u00d5litorud ja varuosad\" \/><\/p>\n<h2>Tihendus ja m\u00e4\u00e4rimine<\/h2>\n<p>H\u00fcdrauliliste silindrite tihendamise ja m\u00e4\u00e4rimise olulisust ei saa \u00fcle hinnata. Erinevate tihenduselementide, n\u00e4iteks kolvi- ja vardatihendite kasutamine tagab h\u00fcdraulilise vedeliku p\u00fcsimise silindris. Need tihendid on sageli valmistatud kulumiskindlatest materjalidest, nagu pol\u00fcuretaan ja nitriilkummi, mis taluvad karme t\u00f6\u00f6tingimusi. Lisaks on silindri korpus ja keermestatud otsad vastupidavuse suurendamiseks peenelt t\u00f6\u00f6deldud.<\/p>\n<p>Silindri toimimise s\u00e4ilitamiseks on oluline regulaarne m\u00e4\u00e4rimine. Liikuvate komponentide h\u00f5\u00f5rdumise ja kulumise v\u00e4hendamiseks tuleb varustada piisava koguse h\u00fcdraulika\u00f5liga. Planeeritud hooldusrutiinid, mis h\u00f5lmavad \u00f5litaseme kontrollimist ja m\u00e4\u00e4rdeainete vahetamist, aitavad oluliselt kaasa poomi silindri pikaealisusele.<\/p>\n<h2>Ennetavad hooldusmeetmed<\/h2>\n<ul>\n<li><strong>Regulaarsed kontrollid:<\/strong> Tehke rutiinseid kontrolle, et tuvastada kulumise v\u00f5i kahjustuste m\u00e4rke varakult. See h\u00f5lmab lekete, pragude ja ebatavaliste helide otsimist t\u00f6\u00f6tamise ajal.<\/li>\n<li><strong>M\u00e4\u00e4rimine:<\/strong> Veenduge, et silindrit m\u00e4\u00e4ritakse regulaarselt, et s\u00e4ilitada sujuv t\u00f6\u00f6 ja v\u00e4ltida liigset kulumist. See h\u00f5lmab h\u00fcdraulika\u00f5li lisamist ja saastumise tunnuste kontrollimist.<\/li>\n<li><strong>Tihendi vahetamine:<\/strong> Kontrollige regulaarselt tihendeid ja vahetage need vastavalt vajadusele v\u00e4lja, et v\u00e4ltida lekkeid ja tagada t\u00f5hus t\u00f6\u00f6. Kulunud tihendid v\u00f5ivad p\u00f5hjustada olulisi j\u00f5udlusprobleeme ja neid tuleks hooldusgraafikute koostamisel prioritaarselt k\u00e4sitleda.<\/li>\n<\/ul>\n<h2>Paigaldusjuhised<\/h2>\n<p>Poomi silindri \u00f5ige paigaldamine on selle j\u00f5udluse ja pikaealisuse seisukohalt kriitilise t\u00e4htsusega. Esiteks veenduge, et kinnitusklambrid on kindlalt kinnitatud ja \u00f5igesti joondatud. Vale joondamine v\u00f5ib p\u00f5hjustada enneaegset kulumist ja rikkeid.<\/p>\n<p>Paigaldamise ajal on silindri stabiliseerimiseks \u00fclioluline kasutada sobivaid paigaldustugesid. Lisaks j\u00e4rgige k\u00f5igi kinnitusdetailide tootja juhiseid p\u00f6\u00f6rdemomentide kohta, et v\u00e4ltida konstruktsiooniprobleeme.<\/p>\n<p>Paigaldamise ajal veenduge, et h\u00fcdraulika\u00fchendused on tihedad ja lekkevabad. P\u00e4rast paigaldamist tehke h\u00fcdraulikas\u00fcsteemi p\u00f5hjalik test, et veenduda poomi silindri sujuvas toimimises ja juhtimissignaalide korrektses reageerimises.<\/p>\n<h2>Levinumad hooldust\u00f6\u00f6d<\/h2>\n<h3>Regulaarsed kontrollid<\/h3>\n<p>H\u00fcdrauliliste s\u00fcsteemide hooldamiseks on oluline regulaarselt kontrollida. Kontrollige kulumism\u00e4rke, vedeliku lekkeid ja ebatavalisi helisid t\u00f6\u00f6tamise ajal. Probleemide varajane avastamine aitab v\u00e4ltida kulukaid remondit\u00f6id ja tagada s\u00fcsteemi usaldusv\u00e4\u00e4rse t\u00f6\u00f6.<\/p>\n<h3>\u00d5ige m\u00e4\u00e4rimine<\/h3>\n<p>Poomi silindri sujuva t\u00f6\u00f6 tagamiseks on oluline tagada korralik m\u00e4\u00e4rimine. Kontrollige regulaarselt h\u00fcdraulika\u00f5li taset ja vahetage saastunud \u00f5li v\u00e4lja. See tava minimeerib silindri komponentide h\u00f5\u00f5rdumist ja kulumist ning pikendab selle eluiga.<\/p>\n<h3>Tihendi vahetamine<\/h3>\n<p>Tihendite regulaarne vahetamine on lekete v\u00e4ltimiseks ja optimaalse j\u00f5udluse s\u00e4ilitamiseks \u00fclioluline. Kontrollige tihendeid kulumis- v\u00f5i kahjustuste suhtes ja vahetage need viivitamatult v\u00e4lja. See \u00fclesanne on \u00fclioluline h\u00fcdraulikas\u00fcsteemide t\u00f5hususe ja t\u00f6\u00f6kindluse tagamiseks.<\/p>\n<h2>Ohutuskaalutlused ja keskkonnategurid<\/h2>\n<p>H\u00fcdrauliliste silindrite kasutamisel on ohutusmeetmete rakendamine \u00fclioluline. Operaatorid peaksid olema koolitatud masinate n\u00f5uetekohaseks k\u00e4sitsemiseks ja kasutamiseks, et v\u00e4hendada \u00f5nnetuste ohtu. Lisaks veenduge, et k\u00f5ik kaitsepiirded ja -seadmed on paigas ja toimivad korralikult. Silindri pikaealisuse ja t\u00f6\u00f6kindluse tagamiseks tuleks t\u00f6\u00f6tingimustes arvesse v\u00f5tta keskkonnategureid, n\u00e4iteks kokkupuudet \u00e4\u00e4rmuslike temperatuuride v\u00f5i s\u00f6\u00f6vitavate ainetega.<\/p>\n<h2>Rikete diagnoosimine ja levinud probleemid<\/h2>\n<ul>\n<li><strong>H\u00fcdraulilise vedeliku lekked:<\/strong> See v\u00f5ib viidata kulunud tihenditele v\u00f5i kahjustatud komponentidele. Kontrollige silindrit n\u00e4htavate lekete suhtes ja vajadusel vahetage kahjustatud osad v\u00e4lja.<\/li>\n<li><strong>R\u00f5hu langus:<\/strong> H\u00fcdraulilise r\u00f5hu langus v\u00f5ib m\u00f5jutada j\u00f5udlust. Kontrollige h\u00fcdraulikavoolikute ummistusi v\u00f5i kahjustatud voolikuid.<\/li>\n<li><strong>Ebatavalised helid:<\/strong> Krigisev v\u00f5i krigisev heli v\u00f5ib viidata m\u00e4\u00e4rimise puudumisele v\u00f5i kahjustatud sisemistele komponentidele. Tehke viivitamatult kontroll, et probleem tuvastada ja lahendada.<\/li>\n<\/ul>\n<h2>Veaotsingu n\u00e4pun\u00e4ited<\/h2>\n<p>Poomi silindri probleemide t\u00f5husaks diagnoosimiseks ja lahendamiseks j\u00e4rgige neid t\u00f5rkeotsingu n\u00e4pun\u00e4iteid:<\/p>\n<ul>\n<li>Hooldage h\u00fcdraulikas\u00fcsteemi regulaarselt, et v\u00e4hendada probleemide tekkimise ohtu. Rakendage ennetava hoolduse ajakava, mis h\u00f5lmab \u00fclevaatusi ja m\u00e4\u00e4rimist.<\/li>\n<li>Pidage hooldustegevuste kohta \u00fcksikasjalikku arvestust, et tuvastada aja jooksul tekkida v\u00f5ivate probleemide mustreid. See aitab diagnoosida korduvaid probleeme ja t\u00f6\u00f6tada v\u00e4lja t\u00f5husaid lahendusi.<\/li>\n<li>Oma seadmega seotud konkreetsete t\u00f5rkeotsingu juhiste kohta vaadake tootja juhiseid. Soovitatud protseduuride j\u00e4rgimine tagab parimate tavade j\u00e4rgimise.<\/li>\n<\/ul>\n<p><img decoding=\"async\" src=\"https:\/\/www.hydraulic-cylinders.net\/wp-content\/uploads\/2025\/04\/songte-bushings-with-all-kinds-of-excavator-models.webp\" alt=\"Puksid ekskavaatorimudelitega\" \/><\/p>\n<h2>Meie ettev\u00f5ttest<\/h2>\n<p>Oleme juhtiv asendush\u00fcdrauliliste silindrite tootja, pakkudes laia tootevalikut nii sise- kui ka rahvusvahelisele turule. Meie p\u00fchendumus tipptasemele ajendab meid v\u00f5tma kasutusele t\u00e4iustatud tootmisstrateegiaid, mida toetavad tipptehnoloogia ja oskuslikud t\u00f6\u00f6tajad.<\/p>\n<p>Tagame, et meie tootmisprotsessid vastavad rahvusvahelistele standarditele, pakkudes kohandatud lahendusi, mis on kohandatud klientide mitmekesiste vajaduste rahuldamiseks. Meie tootmis\u00fcksused on varustatud tipptasemel digitaalsete tootmisseadmete ja professionaalsete testimiss\u00fcsteemidega, mis parandavad meie toodete kvaliteeti ja t\u00f6\u00f6kindlust.<\/p>\n<p><img decoding=\"async\" src=\"https:\/\/www.hydraulic-cylinders.net\/wp-content\/uploads\/2025\/04\/songte-company-4.webp\" alt=\"Ettev\u00f5tte \u00fclevaade\" \/><br \/>\n<img decoding=\"async\" src=\"https:\/\/www.hydraulic-cylinders.net\/wp-content\/uploads\/2025\/04\/songte-company-3.webp\" alt=\"Tootmis\u00fcksus\" \/><\/p>\n<p>Meie spetsialiseerumine, rahvusvahelised sertifikaadid, kohandamisteenused, tipptasemel tootmisseadmed ja p\u00fchendunud m\u00fc\u00fcgij\u00e4rgne tugi eristavad meid h\u00fcdrosilindrite t\u00f6\u00f6stuses.<\/p>\n<p>Autor: lyl<\/p>","protected":false},"excerpt":{"rendered":"<p>Boom Cylinder For Case Middle Excavator CX240BHR Introduction to the Boom Cylinder The Boom Cylinder is a critical component designed specifically for the Case CX240BHR excavator. This hydraulic cylinder plays a key role in controlling the movement of the excavator&#8217;s boom, allowing it to lift, lower, and tilt with precision. It serves as a vital [&hellip;]<\/p>","protected":false},"featured_media":17875,"comment_status":"open","ping_status":"closed","template":"","meta":{"_et_pb_use_builder":"","_et_pb_old_content":"","_et_gb_content_width":""},"product_brand":[],"product_cat":[1546],"product_tag":[1547,1496],"class_list":{"0":"post-19446","1":"product","2":"type-product","3":"status-publish","4":"has-post-thumbnail","6":"product_cat-boom-cylinders","7":"product_tag-boom-cylinders","8":"product_tag-hydraulic-cylinders","10":"first","11":"instock","12":"shipping-taxable","13":"product-type-simple"},"amp_enabled":true,"_links":{"self":[{"href":"https:\/\/www.hydraulic-cylinders.net\/et\/wp-json\/wp\/v2\/product\/19446","targetHints":{"allow":["GET"]}}],"collection":[{"href":"https:\/\/www.hydraulic-cylinders.net\/et\/wp-json\/wp\/v2\/product"}],"about":[{"href":"https:\/\/www.hydraulic-cylinders.net\/et\/wp-json\/wp\/v2\/types\/product"}],"replies":[{"embeddable":true,"href":"https:\/\/www.hydraulic-cylinders.net\/et\/wp-json\/wp\/v2\/comments?post=19446"}],"wp:featuredmedia":[{"embeddable":true,"href":"https:\/\/www.hydraulic-cylinders.net\/et\/wp-json\/wp\/v2\/media\/17875"}],"wp:attachment":[{"href":"https:\/\/www.hydraulic-cylinders.net\/et\/wp-json\/wp\/v2\/media?parent=19446"}],"wp:term":[{"taxonomy":"product_brand","embeddable":true,"href":"https:\/\/www.hydraulic-cylinders.net\/et\/wp-json\/wp\/v2\/product_brand?post=19446"},{"taxonomy":"product_cat","embeddable":true,"href":"https:\/\/www.hydraulic-cylinders.net\/et\/wp-json\/wp\/v2\/product_cat?post=19446"},{"taxonomy":"product_tag","embeddable":true,"href":"https:\/\/www.hydraulic-cylinders.net\/et\/wp-json\/wp\/v2\/product_tag?post=19446"}],"curies":[{"name":"wp","href":"https:\/\/api.w.org\/{rel}","templated":true}]}}