{"id":19448,"date":"2025-04-07T06:48:04","date_gmt":"2025-04-07T06:48:04","guid":{"rendered":"https:\/\/www.hydraulic-cylinders.net\/product\/boom-cylinder-for-case-large-excavator-cx360b\/"},"modified":"2025-04-07T06:48:06","modified_gmt":"2025-04-07T06:48:06","slug":"boom-cylinder-for-case-large-excavator-cx360b","status":"publish","type":"product","link":"https:\/\/www.hydraulic-cylinders.net\/et\/toode\/boom-cylinder-for-case-large-excavator-cx360b\/","title":{"rendered":"Poomi silinder Case suurele ekskavaatorile CX360B"},"content":{"rendered":"<h1>Poomi silinder Case suurele ekskavaatorile CX360B<\/h1>\n<h2>Poomi silindri \u00fclevaade<\/h2>\n<p>Noole silinder on raskete masinate, eriti ekskavaatorite, laadurite ja esilaadurite h\u00fcdros\u00fcsteemi kriitiline komponent. Selle peamine \u00fclesanne on juhtida kopa liikumist, v\u00f5imaldades sellel t\u00f5husalt t\u00f5sta, langetada ja kallutada. See h\u00f5lbustab mitmesuguseid materjali k\u00e4itlemise \u00fclesandeid, muutes selle masina t\u00f6\u00f6 lahutamatuks osaks. Kopa silinder t\u00f6\u00f6tab h\u00fcdraulilise r\u00f5hu abil, mis annab vajaliku j\u00f5u raskete t\u00f6\u00f6de t\u00e4pseks ja t\u00f5husaks t\u00e4itmiseks.<\/p>\n<p>Sisuliselt on kopa silinder h\u00fcdraulilise silindri t\u00fc\u00fcp, mis on spetsiaalselt loodud rasketehnika d\u00fcnaamiliste liigutuste juhtimiseks. Need silindrid v\u00f5imaldavad operaatoritel kopa asendit muuta, tagades optimaalse j\u00f5udluse kaevamis-, laadimis- ja mahalaadimist\u00f6\u00f6del.<\/p>\n<p><img decoding=\"async\" src=\"https:\/\/www.hydraulic-cylinders.net\/wp-content\/uploads\/2025\/04\/songte-company-1.webp\" alt=\"Poomi silinder\"><\/p>\n<h2>Poomi silindri omadused<\/h2>\n<ul>\n<li><strong>Suur tugevus ja vastupidavus:<\/strong> Need \u00fclitugevast terasest v\u00f5i alumiiniumist valmistatud silindrid taluvad k\u00f5rget r\u00f5hku ja suuri koormusi, mist\u00f5ttu sobivad need karmidesse t\u00f6\u00f6keskkondadesse.<\/li>\n<li><strong>T\u00f5hus h\u00fcdrauliline t\u00f6\u00f6:<\/strong> Silinder kasutab sujuvaks pikendamiseks ja tagasit\u00f5mbamiseks h\u00fcdraulika\u00f5li r\u00f5hku, mis tagab kiire reageerimise operaatori k\u00e4skudele.<\/li>\n<li><strong>Erinevad t\u00fc\u00fcbid:<\/strong> Saadaval \u00fchetoimelise (r\u00f5hk \u00fches suunas) v\u00f5i kahetoimelise (r\u00f5hk m\u00f5lemas suunas) konfiguratsioonides, et rahuldada erinevaid t\u00f6\u00f6vajadusi.<\/li>\n<li><strong>Ruumis\u00e4\u00e4stlik disain:<\/strong> Teatud mudelitel on teleskoopdisain, mis v\u00f5imaldab suuremat pikendamist ilma v\u00e4lism\u00f5\u00f5tmeid suurendamata, mis sobib ideaalselt kitsastesse ruumidesse.<\/li>\n<li><strong>Korrosioonikindlus:<\/strong> Projekteerimisel on arvestatud kulumiskindluse ja korrosioonikaitsega, pikendades silindri eluiga keerulistes tingimustes.<\/li>\n<\/ul>\n<h2>Tootmisv\u00f5ime<\/h2>\n<p>Meie toodame poomi silindrit, mis asendab neid h\u00fcdraulilisi silindreid ideaalselt, tagades k\u00f5rge \u00fchilduvuse ja j\u00f5udlusstandardid. Meie tootmisv\u00f5imsus v\u00f5imaldab meil t\u00f5husalt rahuldada mitmekesiseid turuvajadusi.<\/p>\n<p><img decoding=\"async\" src=\"https:\/\/www.hydraulic-cylinders.net\/wp-content\/uploads\/2025\/04\/songte-cylinder-head-with-all-kinds-excavator-models.webp\" alt=\"H\u00fcdraulilise silindri tootmine\"><\/p>\n<h2>Poomi silindri rakendused<\/h2>\n<h3>Ehitustehnika<\/h3>\n<p>Ekskavaatorites m\u00e4ngivad noolesilindrid olulist rolli kaevamisel, laadimisel ja pinnase v\u00f5i prahi teisaldamisel. Need annavad vajaliku j\u00f5u pinnasesse tungimiseks, muutes kaevamise t\u00f5husaks ja tulemuslikuks. Ekskavaator-laadurites aitab silinder nii kaevamisel kui ka t\u00f5stmisel, suurendades mitmek\u00fclgsust ehitusplatsidel.<\/p>\n<h3>P\u00f5llumajandustehnika<\/h3>\n<p>Esilaaduritel on noolesilindrid \u00fcliolulised mulla, heina ja muude materjalide kopeerimiseks, t\u00f5stmiseks ja transportimiseks. See funktsioon on lahutamatu osa mitmesugustest p\u00f5llumajandust\u00f6\u00f6dest, tagades p\u00f5llumajandustegevuse tootlikkuse ja t\u00f5hususe.<\/p>\n<h3>Ekskavaatorid<\/h3>\n<p>Ekskavaatorites v\u00f5imaldab noole silinder kopal t\u00f5husalt pinnasesse tungida, h\u00f5lbustades kaevamisprotsessi. See funktsioon on oluline mitmesuguste kaeve- ja ehitusprojektide puhul, m\u00f5jutades otseselt tootlikkust.<\/p>\n<h3>Laadurid<\/h3>\n<p>Esilaaduritel aitab poomi silinder materjale t\u00f5husalt t\u00f5sta ja t\u00fchjendada. Silindri sujuv t\u00f6\u00f6 tagab, et raskeid koormaid saab h\u00f5lpsalt t\u00f5sta ja t\u00fchjendada, sujuvamaks muutes materjalide k\u00e4itlemise toimingud.<\/p>\n<h2>Kujunduskaalutlused<\/h2>\n<h3>Kandev\u00f5ime<\/h3>\n<p>Poomi silindri projekteerimisel on kandev\u00f5ime \u00fclioluline tegur. Silinder peab t\u00f6\u00f6tamise ajal vastu pidama m\u00e4rkimisv\u00e4\u00e4rsetele j\u00f5ududele ning selle konstruktsioon peaks sisaldama vastupidavaid materjale, et tagada ohutus ja t\u00f6\u00f6kindlus.<\/p>\n<h3>Tihendus ja vastupidavus<\/h3>\n<p>T\u00f5hus tihendamine on \u00fclioluline h\u00fcdraulilise vedeliku lekete v\u00e4ltimiseks, mis v\u00f5ivad kahjustada j\u00f5udlust ja ohutust. Kvaliteetsed tihendid, mis on valmistatud vastupidavatest materjalidest nagu pol\u00fcuretaan ja nitriilkummi, on h\u00fcdraulilise terviklikkuse s\u00e4ilitamiseks h\u00e4davajalikud.<\/p>\n<h3>Turvaelemendid<\/h3>\n<p>Ohutus on noolesilindrite projekteerimisel esmat\u00e4htis. Sellised omadused nagu r\u00f5hukaitseventiilid ja rikkeohutusseadised on t\u00f6\u00f6 ajal katastroofiliste rikete v\u00e4ltimiseks \u00fcliolulised. Konstruktsioon peab vastama rangetele ohutusstandarditele, et kaitsta operaatoreid ja seadmeid.<\/p>\n<h3>Hooldus ja remonditavus<\/h3>\n<p>Projekteerimisel tuleks arvestada ka hoolduse lihtsusega. Ligip\u00e4\u00e4s kontrollimiseks ja remondiks v\u00f5ib oluliselt v\u00e4hendada seisakuid ja tegevuskulusid. Tootjad peaksid esitama selged juhised hooldustavade kohta.<\/p>\n<p><img decoding=\"async\" src=\"https:\/\/www.hydraulic-cylinders.net\/wp-content\/uploads\/2025\/04\/songte-oil-pipes-and-spare-parts.webp\" alt=\"H\u00fcdraulilised osad\"><\/p>\n<h2>Tihendus ja m\u00e4\u00e4rimine<\/h2>\n<p>Erinevates tihenduskomponentides, n\u00e4iteks kolvi- ja varrastihendites, kasutatakse kulumiskindlaid materjale. N\u00f5uetekohane tihendamine tagab h\u00fcdraulikavedeliku p\u00fcsimise silindris, v\u00e4ltides lekkeid ja s\u00e4ilitades r\u00f5hu. Lisaks l\u00e4bivad silindri korpus ja keermestatud otsad kulumiskindluse suurendamiseks hoolika pinnat\u00f6\u00f6tluse. Sujuva t\u00f6\u00f6 ja pikaealisuse tagamiseks on vajalik regulaarne m\u00e4\u00e4rimine h\u00fcdraulika\u00f5liga.<\/p>\n<h2>Ennetavad hooldusmeetmed<\/h2>\n<ul>\n<li><strong>Regulaarsed kontrollid:<\/strong> Rutiinsete kontrollide l\u00e4biviimine aitab tuvastada v\u00f5imalikke probleeme enne nende s\u00fcvenemist, tagades ohutuse ja t\u00f6\u00f6kindluse.<\/li>\n<li><strong>\u00d5ige m\u00e4\u00e4rimine:<\/strong> Piisav m\u00e4\u00e4rimine hoiab \u00e4ra kulumise ja tagab h\u00fcdraulikakomponentide sujuva t\u00f6\u00f6.<\/li>\n<li><strong>Tihendi vahetamine:<\/strong> Regulaarne tihendite vahetamine aitab s\u00e4ilitada h\u00fcdraulilist terviklikkust ja hoiab \u00e4ra lekkeid.<\/li>\n<\/ul>\n<h2>Paigaldusjuhised<\/h2>\n<p>Optimaalse j\u00f5udluse saavutamiseks on \u00fclioluline \u00f5ige paigaldus. Veenduge, et silinder oleks masina kinnituspunktidega \u00f5igesti joondatud, et v\u00e4ltida liigset pinget. Silindri kinnitamiseks on soovitatav kasutada sobivaid kronsteine. Kahjustuste v\u00e4ltimiseks j\u00e4rgige tootja pingutus- ja p\u00f6\u00f6rdemomendi juhiseid. P\u00e4rast paigaldamist kontrollige h\u00fcdraulika lekete suhtes ja veenduge, et vedeliku tase oleks t\u00f6\u00f6ks piisav.<\/p>\n<h2>Levinumad hooldust\u00f6\u00f6d<\/h2>\n<h3>Regulaarsed kontrollid<\/h3>\n<p>Poomi silindri regulaarne kontrollimine on oluline kulumise varajaseks avastamiseks. Otsige lekke m\u00e4rke, ebatavalisi helisid v\u00f5i muid ebakorrap\u00e4rasusi t\u00f6\u00f6s. Kontrolli tulemuste dokumenteerimine aitab j\u00e4lgida silindri toimivust aja jooksul.<\/p>\n<h3>Sobiv m\u00e4\u00e4rimine<\/h3>\n<p>Silindri k\u00f5igi liikuvate osade sujuva t\u00f6\u00f6 tagamiseks on oluline \u00f5ige m\u00e4\u00e4rimine. H\u00f5\u00f5rdumise ja kulumise v\u00e4ltimiseks kasutage soovitatud h\u00fcdraulika\u00f5lisid ja j\u00e4rgige m\u00e4\u00e4rimisgraafikute juhiseid.<\/p>\n<h3>Tihendi vahetamine ja kalibreerimise kontrollimine<\/h3>\n<p>Kontrollige regulaarselt tihendite kulumist ja vajadusel vahetage need v\u00e4lja. Kalibreerimiskontrollid tagavad, et silindrid t\u00f6\u00f6tavad etten\u00e4htud parameetrite piires, suurendades ohutust ja j\u00f5udlust. Nende \u00fclesannete eiramine v\u00f5ib p\u00f5hjustada t\u00f5siseid t\u00f6\u00f6probleeme.<\/p>\n<p><img decoding=\"async\" src=\"https:\/\/www.hydraulic-cylinders.net\/wp-content\/uploads\/2025\/04\/songte-chushion-collar.webp\" alt=\"Silindri paigaldamine\"><\/p>\n<h2>Ohutuskaalutlused ja keskkonnategurid<\/h2>\n<p>Poomi silindrite k\u00e4itamisel on ohutusmeetmete j\u00e4rgimine \u00fclioluline. Operaatorid peavad olema teadlikud h\u00fcdraulikas\u00fcsteemidega seotud v\u00f5imalikest ohtudest, sealhulgas vedeliku leketest ja r\u00f5hu t\u00f5usust. Regulaarne ohutu t\u00f6\u00f6 tavade koolitus aitab riske maandada ja edendada ohutut t\u00f6\u00f6keskkonda.<\/p>\n<h2>Rikete diagnoosimine ja levinud probleemid<\/h2>\n<ul>\n<li><strong>H\u00fcdraulilise vedeliku lekked:<\/strong> Sageli p\u00f5hjustatud kulunud tihenditest v\u00f5i kahjustatud voolikutest, mis v\u00e4hendab efektiivsust.<\/li>\n<li><strong>Ebatavalised helid:<\/strong> Krigisev v\u00f5i kl\u00f5psatav heli v\u00f5ib viidata mehaanilisele rikkele v\u00f5i ebapiisavale m\u00e4\u00e4rimisele.<\/li>\n<li><strong>Aeglane t\u00f6\u00f6:<\/strong> See v\u00f5ib tuleneda madalast h\u00fcdraulikavedeliku tasemest v\u00f5i rikkis pumbast, mis m\u00f5jutab \u00fcldist j\u00f5udlust.<\/li>\n<\/ul>\n<h2>Veaotsingu n\u00e4pun\u00e4ited<\/h2>\n<p>Probleemide t\u00f5husaks diagnoosimiseks alustage h\u00fcdraulikavedeliku taseme kontrollimisest ja lekete otsimisest. Regulaarne hooldus ja v\u00e4ikestele probleemidele \u00f5igeaegne t\u00e4helepanu p\u00f6\u00f6ramine aitavad v\u00e4ltida suuremaid rikkeid. Ennetavate meetmete, n\u00e4iteks plaaniliste \u00fclevaatuste rakendamine on tulevaste probleemide minimeerimiseks h\u00e4davajalik.<\/p>\n<p><img decoding=\"async\" src=\"https:\/\/www.hydraulic-cylinders.net\/wp-content\/uploads\/2025\/04\/songte-bushings-with-all-kinds-of-excavator-models.webp\" alt=\"H\u00fcdraulilise silindri t\u00f5rkeotsing\"><\/p>\n<h2>Meie ettev\u00f5ttest<\/h2>\n<p>Oleme juhtiv asendush\u00fcdrauliliste silindrite tootja, pakkudes laia tootevalikut nii sise- kui ka v\u00e4listurule. Meie p\u00fchendumus tipptasemele ajendab meid pidevalt t\u00e4iustama oma tootmisprotsesse, kasutades \u00e4ra t\u00e4iustatud tehnoloogiat ja oskuslikku personali. Meie prioriteediks on kvaliteet ja t\u00e4psus meie tootmisliinidel, tagades, et meie tooted vastavad k\u00f5rgeimatele standarditele.<\/p>\n<p>Keskendudes professionaalsusele, omame rahvusvahelisi sertifikaate, mis kinnitavad meie p\u00fchendumust kvaliteedile. Meie eritellimusel teenused v\u00f5imaldavad meil rahuldada klientide erivajadusi ja meie tipptasemel tootmisseadmed tagavad k\u00f5rge efektiivsuse. Meie p\u00fchendunud m\u00fc\u00fcgij\u00e4rgse teeninduse meeskond on alati valmis kliente abistama k\u00f5igi vajalike k\u00fcsimuste v\u00f5i toega.<\/p>\n<p><img decoding=\"async\" src=\"https:\/\/www.hydraulic-cylinders.net\/wp-content\/uploads\/2025\/04\/songte-company-4.webp\" alt=\"Ettev\u00f5tte \u00fclevaade\"><br \/>\n<img decoding=\"async\" src=\"https:\/\/www.hydraulic-cylinders.net\/wp-content\/uploads\/2025\/04\/songte-company-3.webp\" alt=\"Tootmis\u00fcksus\"><\/p>\n<p>Autor: lyl<\/p>","protected":false},"excerpt":{"rendered":"<p>Boom Cylinder For Case Large Excavator CX360B Overview of Boom Cylinder The boom cylinder is a critical component in the hydraulic system of heavy machinery, especially in excavators, backhoes, and front loaders. Its primary function is to control the movement of the bucket, allowing it to lift, lower, and tilt effectively. This facilitates various material [&hellip;]<\/p>","protected":false},"featured_media":17877,"comment_status":"open","ping_status":"closed","template":"","meta":{"_et_pb_use_builder":"","_et_pb_old_content":"","_et_gb_content_width":""},"product_brand":[],"product_cat":[1546],"product_tag":[1547,1496],"class_list":{"0":"post-19448","1":"product","2":"type-product","3":"status-publish","4":"has-post-thumbnail","6":"product_cat-boom-cylinders","7":"product_tag-boom-cylinders","8":"product_tag-hydraulic-cylinders","10":"first","11":"instock","12":"shipping-taxable","13":"product-type-simple"},"amp_enabled":true,"_links":{"self":[{"href":"https:\/\/www.hydraulic-cylinders.net\/et\/wp-json\/wp\/v2\/product\/19448","targetHints":{"allow":["GET"]}}],"collection":[{"href":"https:\/\/www.hydraulic-cylinders.net\/et\/wp-json\/wp\/v2\/product"}],"about":[{"href":"https:\/\/www.hydraulic-cylinders.net\/et\/wp-json\/wp\/v2\/types\/product"}],"replies":[{"embeddable":true,"href":"https:\/\/www.hydraulic-cylinders.net\/et\/wp-json\/wp\/v2\/comments?post=19448"}],"wp:featuredmedia":[{"embeddable":true,"href":"https:\/\/www.hydraulic-cylinders.net\/et\/wp-json\/wp\/v2\/media\/17877"}],"wp:attachment":[{"href":"https:\/\/www.hydraulic-cylinders.net\/et\/wp-json\/wp\/v2\/media?parent=19448"}],"wp:term":[{"taxonomy":"product_brand","embeddable":true,"href":"https:\/\/www.hydraulic-cylinders.net\/et\/wp-json\/wp\/v2\/product_brand?post=19448"},{"taxonomy":"product_cat","embeddable":true,"href":"https:\/\/www.hydraulic-cylinders.net\/et\/wp-json\/wp\/v2\/product_cat?post=19448"},{"taxonomy":"product_tag","embeddable":true,"href":"https:\/\/www.hydraulic-cylinders.net\/et\/wp-json\/wp\/v2\/product_tag?post=19448"}],"curies":[{"name":"wp","href":"https:\/\/api.w.org\/{rel}","templated":true}]}}