{"id":19449,"date":"2025-04-07T06:48:06","date_gmt":"2025-04-07T06:48:06","guid":{"rendered":"https:\/\/www.hydraulic-cylinders.net\/product\/boom-cylinder-for-case-large-excavator-cx470b\/"},"modified":"2025-04-07T06:48:09","modified_gmt":"2025-04-07T06:48:09","slug":"boom-cylinder-for-case-large-excavator-cx470b","status":"publish","type":"product","link":"https:\/\/www.hydraulic-cylinders.net\/et\/toode\/boom-cylinder-for-case-large-excavator-cx470b\/","title":{"rendered":"Poomi silinder Case suurele ekskavaatorile CX470B"},"content":{"rendered":"<h1>Poomi silinder Case suurele ekskavaatorile CX470B<\/h1>\n<h2>Poomi silindri \u00fclevaade<\/h2>\n<p>Noole silinder on h\u00fcdrauliline silinder, mis on spetsiaalselt loodud mitmesuguste raskete masinate, n\u00e4iteks ekskavaatorite, laadur-ekskavaatori ja esilaaduri koppade liikumise juhtimiseks. See komponent v\u00f5imaldab koppa t\u00f5sta, langetada ja kallutada, mist\u00f5ttu on see materjali k\u00e4itlemisel h\u00e4davajalik. Survestatud h\u00fcdraulilise vedeliku abil edastab noole silinder t\u00f5husalt j\u00f5udu, et neid toiminguid sujuvalt ja t\u00f5husalt teostada. H\u00fcdraulikas\u00fcsteemi v\u00f5ime hallata raskeid koormaid ja teostada t\u00e4pseid liigutusi muudab noole silindri iga ehitus- v\u00f5i p\u00f5llumajandusmasina oluliseks osaks.<\/p>\n<p><img decoding=\"async\" src=\"https:\/\/www.hydraulic-cylinders.net\/wp-content\/uploads\/2025\/04\/songte-company-1.webp\" alt=\"Poomi silindri pilt\"><\/p>\n<h2>Poomi silindri p\u00f5hijooned<\/h2>\n<ul>\n<li><strong>Suur tugevus ja vastupidavus:<\/strong> Tavaliselt \u00fclitugevast terasest v\u00f5i alumiiniumist valmistatud poomi silinder talub k\u00f5rget r\u00f5hku ja suuri koormusi, mist\u00f5ttu sobib see karmideks t\u00f6\u00f6keskkondadeks. Selle konstruktsioonis on arvestatud kulumiskindluse ja korrosioonikindlusega, mis pikendab selle eluiga.<\/li>\n<li><strong>T\u00f5hus h\u00fcdrauliline t\u00f6\u00f6:<\/strong> H\u00fcdraulilise \u00f5li r\u00f5hu abil tagab poomi silinder sujuva pikendamise ja tagasit\u00f5mbamise. See reageerib juhtimisk\u00e4sklustele kiiresti, pakkudes v\u00f5imsaid t\u00f5uke- ja t\u00f5mbej\u00f5ude, mis sobivad ideaalselt raskete koormate ja keerukate \u00fclesannete k\u00e4sitsemiseks.<\/li>\n<li><strong>T\u00fc\u00fcpide mitmekesisus:<\/strong> Saadaval \u00fchetoimelise (\u00fches suunas t\u00f6\u00f6tav) v\u00f5i kahetoimelise (m\u00f5lemas suunas t\u00f6\u00f6tav) konfiguratsioonina on noole silinder, mis sobib erinevatele t\u00f6\u00f6vajadustele. M\u00f5ned mudelid on teleskoopilised, v\u00f5imaldades suuremat pikendust ilma v\u00e4lism\u00f5\u00f5tmeid suurendamata, mist\u00f5ttu sobivad need ideaalselt ruumikitsastesse rakendustesse.<\/li>\n<li><strong>Sujuv \u00fchilduvus:<\/strong> Meie tooted sobivad ideaalselt olemasolevate h\u00fcdrosilindrite asendamiseks, tagades katkematu ja t\u00f5husa t\u00f6\u00f6.<\/li>\n<li><strong>Kohandatavad valikud:<\/strong> Saadaval on kohandatud lahendused, mis vastavad spetsiifilistele j\u00f5udlusn\u00f5uetele, suurendades teie rasketehnika mitmek\u00fclgsust.<\/li>\n<\/ul>\n<p><img decoding=\"async\" src=\"https:\/\/www.hydraulic-cylinders.net\/wp-content\/uploads\/2025\/04\/songte-cylinder-head-with-all-kinds-excavator-models.webp\" alt=\"Ekskavaatori mudeli \u00fchilduvuse pilt\"><\/p>\n<h2>Poomi silindri rakendused<\/h2>\n<h3>Ehitustehnika<\/h3>\n<p>Ekskavaatorites m\u00e4ngib noole silinder olulist rolli kaevamisel, laadimisel ja pinnase v\u00f5i prahi teisaldamisel. Ekskavaatorlaadurite puhul abistab kopa silinder nii kaevamis- kui ka t\u00f5stet\u00f6\u00f6del, v\u00f5imaldades seadmete t\u00f5husat kasutamist.<\/p>\n<h3>P\u00f5llumajandustehnika<\/h3>\n<p>Esilaadurites kasutatav noole silinder v\u00f5imaldab mulda, heina ja muid materjale kopaga \u00fcles korjata, t\u00f5sta ja transportida. See funktsioon on \u00fclioluline selliste \u00fclesannete puhul nagu p\u00f5llukultuuride laadimine v\u00f5i p\u00f5llumajandusj\u00e4\u00e4tmete k\u00e4itlemine, muutes selle t\u00e4nap\u00e4evaste p\u00f5llumajandustoimingute v\u00f5tmekomponendiks.<\/p>\n<h3>Ekskavaatorid<\/h3>\n<p>Poomi silinder v\u00f5imaldab t\u00e4pseid kaevamistoiminguid, v\u00f5imaldades kopal t\u00f5husalt pinnasesse tungida. See v\u00f5ime on oluline mitmesuguste kaevet\u00f6\u00f6de puhul, alates haljastusest kuni suuremahuliste ehitusplatsideni, tagades t\u00f6\u00f6 t\u00f5husa ja t\u00e4pse l\u00f5puleviimise.<\/p>\n<h3>Laadurid<\/h3>\n<p>Esilaaduritel aitab noole silinder kaasa koormate efektiivsele t\u00f5stmisele ja t\u00fchjendamisele. Selle v\u00f5ime raskeid materjale h\u00f5lpsalt k\u00e4sitseda lihtsustab tegevust ja suurendab tootlikkust erinevates sektorites, sealhulgas ehituses ja j\u00e4\u00e4tmek\u00e4itluses.<\/p>\n<h2>Projekteerimiskaalutlused ja valikukriteeriumid<\/h2>\n<h3>Kandev\u00f5ime<\/h3>\n<p>Poomi silindri valimisel on kandev\u00f5ime m\u00f5istmine \u00fclioluline. Silinder peab suutma taluda maksimaalset raskust ja r\u00f5hku, millega see t\u00f6\u00f6 ajal kokku puutub. N\u00f5uetekohane arvutus tagab ohutuse ja t\u00f5hususe, ennetades v\u00f5imalikke rikkeid, mis v\u00f5ivad p\u00f5hjustada \u00f5nnetusi v\u00f5i seadmete kahjustusi.<\/p>\n<h3>Tihendus<\/h3>\n<p>T\u00f5hus tihendus on \u00fclioluline h\u00fcdraulilise vedeliku lekke v\u00e4ltimiseks, mis v\u00f5ib kahjustada h\u00fcdraulikas\u00fcsteemi efektiivsust. Kvaliteetsed tihendid, mis on valmistatud vastupidavatest materjalidest, n\u00e4iteks pol\u00fcuretaanist v\u00f5i nitriilkummist, on optimaalse j\u00f5udluse s\u00e4ilitamiseks ja silindri eluea pikendamiseks h\u00e4davajalikud.<\/p>\n<h3>Vastupidavus<\/h3>\n<p>Vastupidavus on noolesilindrite projekteerimisel oluline tegur. Komponendid peavad vastu pidama \u00e4\u00e4rmuslikele tingimustele, sealhulgas temperatuurimuutustele, niiskusele ja abrasiivsetele materjalidele. Tugevate materjalide ja viimistluste valimine aitab tagada silindri usaldusv\u00e4\u00e4rse toimimise pikas perspektiivis.<\/p>\n<h3>Ohutus<\/h3>\n<p>H\u00fcdrauliliste silindrite projekteerimisel on ohutusfunktsioonid olulised. Nende hulka kuuluvad \u00fclekoormuskaitsemehhanismid ja kaitseklapid, mis takistavad liigset r\u00f5hu tekkimist. Ohutusstandarditele vastavuse tagamine on operaatorite ja seadmete kaitsmiseks \u00fclioluline.<\/p>\n<h3>Hoolduse ligip\u00e4\u00e4setavus<\/h3>\n<p>Hoolduse lihtsustamine aitab oluliselt v\u00e4hendada seisakuid. M\u00e4\u00e4rimise, kontrollimise ja tihendite vahetamise ligip\u00e4\u00e4supunktid peaksid olema strateegiliselt paigutatud, et v\u00f5imaldada h\u00f5lpsat hooldust ja tagada seadmete optimaalne t\u00f6\u00f6kord.<\/p>\n<p><img decoding=\"async\" src=\"https:\/\/www.hydraulic-cylinders.net\/wp-content\/uploads\/2025\/04\/songte-oil-pipes-and-spare-parts.webp\" alt=\"H\u00fcdrauliliste komponentide pilt\"><\/p>\n<h2>Tihendus ja m\u00e4\u00e4rimine<\/h2>\n<p>H\u00fcdraulilise silindri terviklikkuse s\u00e4ilitamiseks on oluline kasutada erinevaid tihendeid, sealhulgas kolvitihendeid ja vardatihendeid. Kulumiskindlatest materjalidest, nagu pol\u00fcuretaan ja nitriilkummi, valmistatud tihendid tagavad pikaealisuse ja t\u00f6\u00f6kindluse. Silindri korpus ja keermestatud otsapinnad l\u00e4bivad t\u00e4ppist\u00f6\u00f6tluse, et suurendada kulumiskindlust. Regulaarne m\u00e4\u00e4rimine h\u00fcdraulika\u00f5liga on oluline sujuva t\u00f6\u00f6 s\u00e4ilitamiseks ja h\u00f5\u00f5rdumisest tingitud kulumise v\u00e4ltimiseks, mist\u00f5ttu on piisava m\u00e4\u00e4rimise tagamiseks vaja teha regulaarseid kontrolle ja \u00f5li lisada.<\/p>\n<h2>Ennetavad hooldusmeetmed<\/h2>\n<ul>\n<li><strong>Regulaarsed kontrollid:<\/strong> Sagedaste kontrollide tegemine aitab tuvastada v\u00f5imalikke probleeme enne nende s\u00fcvenemist. See h\u00f5lmab lekete, kulumise ja n\u00f5uetekohase toimimise kontrollimist.<\/li>\n<li><strong>Sobiv m\u00e4\u00e4rimine:<\/strong> Silindri piisava m\u00e4\u00e4rimise tagamine hoiab \u00e4ra \u00fclekuumenemise ja v\u00e4hendab kulumist. \u00d5ige t\u00fc\u00fcpi h\u00fcdraulika\u00f5li regulaarne kasutamine on j\u00f5udluse s\u00e4ilitamiseks h\u00e4davajalik.<\/li>\n<li><strong>Tihendi vahetamine:<\/strong> Aja jooksul v\u00f5ivad tihendid laguneda. Kulunud tihendite regulaarne vahetamine on oluline h\u00fcdraulikas\u00fcsteemi terviklikkuse s\u00e4ilitamiseks ja lekete v\u00e4ltimiseks.<\/li>\n<\/ul>\n<h2>Paigaldusjuhised<\/h2>\n<p>Poomi silindri \u00f5ige paigaldamine on optimaalse j\u00f5udluse saavutamiseks \u00fclioluline. Alustage veendumisest, et paigalduskoht on puhas ja prahist vaba. Kasutage sobivaid joondamisvahendeid, et tagada silindri \u00f5ige asend, mis aitab v\u00e4ltida komponentide tarbetut pinget. Kasutage silindri kindlale kinnitamiseks sobivaid kinnitusklambreid. Paigaldamise ajal veenduge, et \u00fchendusdetailid on reguleeritud, et v\u00e4ltida joondamise k\u00f5rvalekaldeid. Nende sammude j\u00e4rgimine suurendab poomi silindri efektiivsust ja pikaealisust.<\/p>\n<h2>Levinumad hooldust\u00f6\u00f6d<\/h2>\n<ul>\n<li><strong>Regulaarsed kontrollid:<\/strong> Rutiinsed kontrollid on olulised, et tuvastada kulumisj\u00e4rsust m\u00f5jutav kulumine v\u00f5i lekked. N\u00f5uetekohased kontrollid aitavad probleeme varakult avastada, v\u00e4hendades remondikulusid.<\/li>\n<li><strong>Sobiv m\u00e4\u00e4rimine:<\/strong> \u00d5ige m\u00e4\u00e4rimistaseme s\u00e4ilitamine on h\u00fcdraulikas\u00fcsteemi efektiivsuse jaoks \u00fclioluline. Sujuva t\u00f6\u00f6 tagamiseks kontrollige regulaarselt h\u00fcdraulika\u00f5li taset ja lisage seda vastavalt vajadusele.<\/li>\n<li><strong>Tihendi vahetamine:<\/strong> H\u00fcdraulikavedeliku lekete v\u00e4ltimiseks kontrollige ja vahetage regulaarselt tihendeid. See hooldust\u00f6\u00f6 on s\u00fcsteemi terviklikkuse ja toimimise s\u00e4ilitamiseks \u00fclioluline.<\/li>\n<\/ul>\n<h2>Ohutuskaalutlused ja keskkonnategurid<\/h2>\n<p>H\u00fcdrauliliste silindrite kasutamisel on ohutusmeetmete rakendamine \u00fclioluline. Operaatorid peaksid olema koolitatud seadmete ohutuks k\u00e4sitsemiseks ja m\u00f5istma h\u00fcdraulikas\u00fcsteemidega seotud v\u00f5imalikke ohte. Lisaks aitab keskkonnas\u00f5bralike h\u00fcdrauliliste vedelike kasutamine lekete v\u00f5i mahavoolamise korral leevendada keskkonnam\u00f5ju. Ohutusprotokollide ja keskkonnajuhiste j\u00e4rgimine on ohutu t\u00f6\u00f6keskkonna tagamiseks h\u00e4davajalik.<\/p>\n<h2>Veaotsing ja levinud probleemid<\/h2>\n<ul>\n<li><strong>Leke:<\/strong> \u00dcks levinumaid probleeme on leke, mis v\u00f5ib tuleneda kulunud tihenditest v\u00f5i kahjustatud komponentidest. Lekete varajaseks avastamiseks on vaja regulaarseid kontrolle.<\/li>\n<li><strong>Ebaj\u00e4rjekindel toimimine:<\/strong> Kui poomi silinder t\u00f6\u00f6tab eba\u00fchtlaselt, v\u00f5ib see viidata \u00f5hule h\u00fcdraulikavedelikus v\u00f5i vigasele pumbale. Selle probleemi kiire diagnoosimine aitab v\u00e4ltida ulatuslikumaid kahjustusi.<\/li>\n<li><strong>Liikumine puudub:<\/strong> Kui silinder ei liigu, kontrollige ummistuste v\u00f5i madala h\u00fcdraulikavedeliku taseme suhtes. S\u00fcsteemi n\u00f5uetekohase t\u00e4itmise ja takistusteta olemise tagamine on t\u00f6\u00f6ks h\u00e4davajalik.<\/li>\n<\/ul>\n<h2>Veaotsingu n\u00e4pun\u00e4ited<\/h2>\n<p>Poomi silindri probleemide t\u00f5husaks diagnoosimiseks ja lahendamiseks alustage p\u00f5hjalike kontrollidega, et tuvastada k\u00f5ik n\u00e4htavad probleemid. Regulaarne hooldus, sealhulgas vedeliku taseme kontrollimine ja kulunud tihendite vahetamine, aitab v\u00e4ltida paljusid levinud probleeme. Rutiinse hooldusgraafiku koostamine on kasulik pikaajalise t\u00f6\u00f6kindluse ja j\u00f5udluse tagamiseks. Ennetavate meetmete v\u00f5tmisega saavad operaatorid minimeerida probleemide esinemist ja pikendada h\u00fcdros\u00fcsteemi eluiga.<\/p>\n<p><img decoding=\"async\" src=\"https:\/\/www.hydraulic-cylinders.net\/wp-content\/uploads\/2025\/04\/songte-bushings-with-all-kinds-of-excavator-models.webp\" alt=\"Ekskavaatori pukside pilt\"><\/p>\n<h2>Ettev\u00f5tte profiil<\/h2>\n<p>Oleme juhtiv asendush\u00fcdrauliliste silindrite tootja, pakkudes laia tootevalikut. P\u00fchendumus kvaliteedile ja tipptasemele on positsioneerinud meid \u00fcheks juhtivaks tootjaks ja hulgim\u00fc\u00fcjaks nii sise- kui ka rahvusvahelistel turgudel. J\u00e4rgime ranget tootmisjuhtimise strateegiat, mis r\u00f5hutab t\u00e4iustatud tootmisprotsesse. Meie investeeringud tehnilisse talenti, digitaalsetesse t\u00e4iustatud tootmisseadmetesse ja professionaalsetesse testimiss\u00fcsteemidesse suurendavad pidevalt meie tootmisv\u00f5imet. Oleme uhked, et pakume oma klientidele k\u00f5rget efektiivsust, t\u00e4psust ja kvaliteeti, et rahuldada nende mitmekesiseid vajadusi.<\/p>\n<p><img decoding=\"async\" src=\"https:\/\/www.hydraulic-cylinders.net\/wp-content\/uploads\/2025\/04\/songte-company-4.webp\" alt=\"Ettev\u00f5tte pilt 1\"><br \/>\n<img decoding=\"async\" src=\"https:\/\/www.hydraulic-cylinders.net\/wp-content\/uploads\/2025\/04\/songte-company-3.webp\" alt=\"Ettev\u00f5tte pilt 2\"><\/p>\n<p>Autor: lyl<\/p>","protected":false},"excerpt":{"rendered":"<p>Boom Cylinder For Case Large Excavator CX470B Overview of the Boom Cylinder The boom cylinder is a hydraulic cylinder specifically designed to control the movement of buckets in various heavy machinery such as excavators, backhoe loaders, and front loaders. This component allows the bucket to be lifted, lowered, and tilted, making it essential for material [&hellip;]<\/p>","protected":false},"featured_media":17878,"comment_status":"open","ping_status":"closed","template":"","meta":{"_et_pb_use_builder":"","_et_pb_old_content":"","_et_gb_content_width":""},"product_brand":[],"product_cat":[1546],"product_tag":[1547,1496],"class_list":{"0":"post-19449","1":"product","2":"type-product","3":"status-publish","4":"has-post-thumbnail","6":"product_cat-boom-cylinders","7":"product_tag-boom-cylinders","8":"product_tag-hydraulic-cylinders","10":"first","11":"instock","12":"shipping-taxable","13":"product-type-simple"},"amp_enabled":true,"_links":{"self":[{"href":"https:\/\/www.hydraulic-cylinders.net\/et\/wp-json\/wp\/v2\/product\/19449","targetHints":{"allow":["GET"]}}],"collection":[{"href":"https:\/\/www.hydraulic-cylinders.net\/et\/wp-json\/wp\/v2\/product"}],"about":[{"href":"https:\/\/www.hydraulic-cylinders.net\/et\/wp-json\/wp\/v2\/types\/product"}],"replies":[{"embeddable":true,"href":"https:\/\/www.hydraulic-cylinders.net\/et\/wp-json\/wp\/v2\/comments?post=19449"}],"wp:featuredmedia":[{"embeddable":true,"href":"https:\/\/www.hydraulic-cylinders.net\/et\/wp-json\/wp\/v2\/media\/17878"}],"wp:attachment":[{"href":"https:\/\/www.hydraulic-cylinders.net\/et\/wp-json\/wp\/v2\/media?parent=19449"}],"wp:term":[{"taxonomy":"product_brand","embeddable":true,"href":"https:\/\/www.hydraulic-cylinders.net\/et\/wp-json\/wp\/v2\/product_brand?post=19449"},{"taxonomy":"product_cat","embeddable":true,"href":"https:\/\/www.hydraulic-cylinders.net\/et\/wp-json\/wp\/v2\/product_cat?post=19449"},{"taxonomy":"product_tag","embeddable":true,"href":"https:\/\/www.hydraulic-cylinders.net\/et\/wp-json\/wp\/v2\/product_tag?post=19449"}],"curies":[{"name":"wp","href":"https:\/\/api.w.org\/{rel}","templated":true}]}}