{"id":19457,"date":"2025-04-07T06:48:40","date_gmt":"2025-04-07T06:48:40","guid":{"rendered":"https:\/\/www.hydraulic-cylinders.net\/product\/boom-cylinder-for-world-small-excavator-w218\/"},"modified":"2025-04-07T06:48:42","modified_gmt":"2025-04-07T06:48:42","slug":"boom-cylinder-for-world-small-excavator-w218","status":"publish","type":"product","link":"https:\/\/www.hydraulic-cylinders.net\/et\/toode\/boom-cylinder-for-world-small-excavator-w218\/","title":{"rendered":"Maailma v\u00e4ikese ekskavaatori W218 poomi silinder"},"content":{"rendered":"<h1>Maailma v\u00e4ikese ekskavaatori W218 poomi silinder<\/h1>\n<h2>Toote \u00fclevaade<\/h2>\n<p>World Small Excavator W218 poomi silinder on spetsiaalne h\u00fcdrauliline silinder, mis on loodud kopa liikumise juhtimiseks erinevates rasketehnika rakendustes, sealhulgas ekskavaatorites, laadur-ekskavaatorites ja esilaadurites. See h\u00fcdrauliline silinder v\u00f5imaldab kopa t\u00f5sta, langetada ja kallutada, h\u00f5lbustades t\u00f5husaid materjalik\u00e4itlust\u00f6id. Kopa silindril on ehitusmasinate h\u00fcdros\u00fcsteemides oluline roll, tagades t\u00e4pse t\u00f6\u00f6 kaevamise, laadimise ja materjalide transportimise ajal.<\/p>\n<p><img decoding=\"async\" src=\"https:\/\/www.hydraulic-cylinders.net\/wp-content\/uploads\/2025\/04\/songte-company-1.webp\" alt=\"Ekskavaatori poomi silinder\" \/><\/p>\n<h3>Definitsioon ja funktsionaalsus<\/h3>\n<p>Kopa silinder on h\u00fcdraulilise silindri t\u00fc\u00fcp, mis kasutab lineaarse liikumise loomiseks h\u00fcdraulilist vedelikku. See t\u00f6\u00f6tab r\u00f5hu all, v\u00f5imaldades rasketel masinatel t\u00e4ita \u00fclesandeid suure j\u00f5u ja t\u00e4psusega. Selle silindri konstruktsioonil on arvestatud selliste teguritega nagu tugevus, vastupidavus ja korrosioonikindlus, mist\u00f5ttu sobib see karmidesse t\u00f6\u00f6keskkondadesse. Need silindrid on ehitus- ja p\u00f5llumajandusmasinates h\u00e4davajalikud, v\u00f5imaldades operaatoritel sujuvalt ja t\u00f5husalt t\u00e4ita mitmesuguseid \u00fclesandeid.<\/p>\n<h2>Poomi silindri omadused<\/h2>\n<ul>\n<li><strong>Suur tugevus ja vastupidavus:<\/strong> Tavaliselt valmistatud \u00fclitugevast terasest v\u00f5i alumiiniumist, taluvad need silindrid k\u00f5rget r\u00f5hku ja suuri koormusi, mist\u00f5ttu sobivad need karmideks t\u00f6\u00f6tingimusteks.<\/li>\n<li><strong>T\u00f5hus h\u00fcdrauliline t\u00f6\u00f6:<\/strong> H\u00fcdraulilise \u00f5li r\u00f5hu kasutamine v\u00f5imaldab sujuvat pikendamist ja tagasit\u00f5mbamist, mis v\u00f5imaldab kiiret reageerimist juhtimisk\u00e4sklustele ning tugevat t\u00f5uke- ja t\u00f5mbej\u00f5udu.<\/li>\n<li><strong>Erinevad t\u00fc\u00fcbid:<\/strong> Saadaval \u00fchetoimelise (\u00fches suunas t\u00f6\u00f6tav) v\u00f5i kahetoimelise (m\u00f5lemas suunas t\u00f6\u00f6tav) konfiguratsioonina, mis vastab erinevatele t\u00f6\u00f6vajadustele. M\u00f5nel mudelil on teleskoopkonstruktsioon, mis v\u00f5imaldab suuremat pikendust ilma v\u00e4lism\u00f5\u00f5tmeid suurendamata.<\/li>\n<li><strong>Korrosioonikindlus:<\/strong> Valmistatud kulumis- ja korrosioonikindlatest materjalidest, pikendades h\u00fcdrosilindri eluiga ja t\u00f6\u00f6kindlust isegi ebasoodsates tingimustes.<\/li>\n<li><strong>Kohandatavad valikud:<\/strong> Meie silindreid saab kohandada vastavalt erinevatele ekskavaatorimudelitele, tagades, et need vastavad konkreetsetele t\u00f6\u00f6n\u00f5uetele.<\/li>\n<\/ul>\n<p><img decoding=\"async\" src=\"https:\/\/www.hydraulic-cylinders.net\/wp-content\/uploads\/2025\/04\/songte-cylinder-head-with-all-kinds-excavator-models.webp\" alt=\"Ekskavaatori silindripea\" \/><\/p>\n<h2>Poomi silindri rakendused<\/h2>\n<h3>Ehitustehnika<\/h3>\n<p>Ekskavaatorites on noolesilindrid \u00fcliolulised kaevamisel, laadimisel ja pinnase v\u00f5i prahi teisaldamisel. Need v\u00f5imaldavad operaatoril kontrollida kopa s\u00fcgavust ja nurka, parandades kaevamist\u00f6\u00f6de efektiivsust ja t\u00e4psust. Nende usaldusv\u00e4\u00e4rne j\u00f5udlus aitab v\u00e4hendada seisakuid, muutes need ehitusplatsidel oluliseks komponendiks.<\/p>\n<h3>P\u00f5llumajandustehnika<\/h3>\n<p>Esilaadurites h\u00f5lbustavad noolesilindrid mulla, heina ja muude materjalide koputamist, t\u00f5stmist ja transportimist. Nende v\u00f5ime raskeid koormaid kiiresti k\u00e4sitseda suurendab talude tootlikkust, v\u00f5imaldades t\u00f5husat maamajandust ja saagi koristamist. See mitmek\u00fclgsus muudab need p\u00f5llumajandussektoris asendamatuks.<\/p>\n<h3>Ekskavaatorid<\/h3>\n<p>Ekskavaatorites v\u00f5imaldab noole silinder kopal t\u00f5husalt pinnasesse tungida, v\u00f5imaldades v\u00f5imsat kaevamist. Andes vajaliku j\u00f5u k\u00f5va pinnase l\u00e4bimiseks, optimeerivad need silindrid kaevamisprotsessi, mille tulemuseks on kiirem projekti valmimisaeg ja v\u00e4iksemad t\u00f6\u00f6j\u00f5ukulud.<\/p>\n<h3>Laadurid<\/h3>\n<p>Esilaaduritel aitavad noolesilindrid koormaid t\u00f5husalt t\u00f5sta ja kallutada. Nende konstruktsioon tagab, et juhid saavad h\u00f5lpsalt k\u00e4sitseda erinevaid materjale, alates lahtisest pinnasest kuni raskete kaubaalusteni. See v\u00f5imekus parandab laaduri funktsionaalsust erinevates rakendustes, tagades maksimaalse t\u00f6\u00f6paindlikkuse.<\/p>\n<h2>Projekteerimiskaalutlused ja valikukriteeriumid<\/h2>\n<h3>Kandev\u00f5ime<\/h3>\n<p>Noole silindri valimisel on oluline m\u00f5ista kandev\u00f5imet. Silinder peab olema konstrueeritud nii, et see taluks t\u00f6\u00f6 ajal eeldatavat maksimaalset koormust. See h\u00f5lmab selliste tegurite arvessev\u00f5tmist nagu teisaldatavate materjalide kaal ja masina erin\u00f5uded. \u00d5igesti hinnatud silinder tagab ohutuse ja t\u00f5hususe, ennetades enneaegseid rikkeid v\u00f5i \u00f5nnetusi.<\/p>\n<h3>Tihendus ja vastupidavus<\/h3>\n<p>T\u00f5hus tihendamine on h\u00fcdrauliliste silindrite puhul kriitilise t\u00e4htsusega lekete v\u00e4ltimiseks ja r\u00f5hu s\u00e4ilitamiseks. Kvaliteetsed tihendid, mis on valmistatud sellistest materjalidest nagu pol\u00fcuretaan ja nitriilkummi, on vastupidavuse ja j\u00f5udluse tagamiseks h\u00e4davajalikud. Konstruktsioon peab v\u00f5imaldama ka tihendite h\u00f5lpsat vahetamist, kuna regulaarne hooldus on pikaajalise t\u00f6\u00f6 jaoks \u00fclioluline.<\/p>\n<h3>Turvaelemendid<\/h3>\n<p>H\u00fcdrosilindrite projekteerimisel peaks ohutus alati olema prioriteet. Selliste omaduste nagu r\u00f5hukaitseventiilide ja \u00fclekoormuskaitsemehhanismide lisamine aitab v\u00e4ltida katastroofilisi rikkeid. Nende ohutusfunktsioonide integreerimine silindri konstruktsiooni kaitseb operaatoreid ja seadmeid t\u00f6\u00f6tamise ajal.<\/p>\n<p><img decoding=\"async\" src=\"https:\/\/www.hydraulic-cylinders.net\/wp-content\/uploads\/2025\/04\/songte-oil-pipes-and-spare-parts.webp\" alt=\"H\u00fcdrauliliste silindrite osad\" \/><\/p>\n<h2>Tihendus ja m\u00e4\u00e4rimine<\/h2>\n<p>T\u00f5hus tihendamine ja m\u00e4\u00e4rimine on poomi silindrite j\u00f5udluse seisukohalt \u00fcliolulised. Erinevate tihenduskomponentide, n\u00e4iteks kolvi- ja vardatihendite kasutamine tagab h\u00fcdraulikavedeliku p\u00fcsimise silindris, v\u00e4ltides lekkeid, mis v\u00f5ivad t\u00f6\u00f6d kahjustada. Vastupidavatest materjalidest, nagu pol\u00fcuretaan ja nitriilkummi, valmistatud tihendid pakuvad vastupidavust kulumisele ja keskkonnateguritele.<\/p>\n<p>Lisaks l\u00e4bivad silindri korpus ja keermestatud otsad kulumiskindluse suurendamiseks peene t\u00f6\u00f6tlemise. Sujuva t\u00f6\u00f6 s\u00e4ilitamiseks, h\u00f5\u00f5rdumise minimeerimiseks ja silindri eluea pikendamiseks on vaja regulaarselt m\u00e4\u00e4rida sobiva h\u00fcdraulika\u00f5liga. Operaatorid peaksid j\u00e4lgima \u00f5litaset ja vajadusel \u00f5li t\u00e4iendama, et v\u00e4ltida t\u00f6\u00f6probleeme.<\/p>\n<h2>Ennetavad hooldusmeetmed<\/h2>\n<ul>\n<li><strong>Regulaarsed kontrollid:<\/strong> H\u00fcdraulikas\u00fcsteemi regulaarsete kontrollide tegemine aitab tuvastada kulumist ja v\u00f5imalikke probleeme enne, kui need s\u00fcvenevad. Otsige silindri korpuselt lekkeid, kahjustatud tihendeid ja kulumisj\u00e4lgi.<\/li>\n<li><strong>Sobiv m\u00e4\u00e4rimine:<\/strong> H\u00fcdraulika\u00f5li \u00f5ige taseme ja \u00f5ige t\u00fc\u00fcbi tagamine on \u00fclioluline. Kontrollige regulaarselt \u00f5li saastumist ja vahetage \u00f5li vastavalt tootja soovitustele.<\/li>\n<li><strong>Tihendi vahetamine:<\/strong> J\u00e4lgige tihendeid kulumise tunnuste suhtes. Tihendite regulaarne vahetamine aitab v\u00e4ltida lekkeid ja tagada \u00fchtlase j\u00f5udluse. Kiireks remondiks on oluline, et teil oleksid k\u00e4ep\u00e4rast vahetustihendid.<\/li>\n<\/ul>\n<h2>Paigaldusjuhised<\/h2>\n<p>Poomi silindri \u00f5ige paigaldamine on optimaalse j\u00f5udluse ja pikaealisuse tagamiseks h\u00e4davajalik. Alustage sellest, et t\u00f6\u00f6ruum oleks puhas ja k\u00f5ik vajalikud t\u00f6\u00f6riistad oleksid olemas. Joondage silinder t\u00e4pselt kinnitusklambritega, et v\u00e4ltida liigset pinget t\u00f6\u00f6tamise ajal. Silindri kinnitamiseks on soovitatav kasutada sobivaid kinnitusklambreid.<\/p>\n<p>Paigaldamise ajal veenduge, et k\u00f5ik h\u00fcdraulilised \u00fchendused on tihedad ja lekkevabad. Kontrollige h\u00fcdraulikas\u00fcsteemi takistuste suhtes, mis v\u00f5iksid voolu takistada. P\u00e4rast paigaldamist tehke katset\u00f6\u00f6, et veenduda, kas silinder liigub sujuvalt v\u00e4lja ja sisse ilma ebatavaliste helide v\u00f5i takistuseta.<\/p>\n<h2>Levinumad hooldust\u00f6\u00f6d<\/h2>\n<h3>Regulaarsed kontrollid<\/h3>\n<p>Poomi silindri regulaarne kontrollimine on kriitilise t\u00e4htsusega, et tagada k\u00f5igi komponentide korrektne toimimine. Otsige kulumism\u00e4rke, n\u00e4iteks silindri kriimustusi v\u00f5i liikumise k\u00f5rvalekaldeid. Probleemide varajane avastamine aitab s\u00e4\u00e4sta suuremate remondit\u00f6\u00f6dega seotud kulusid ja suurendada ohutust t\u00f6\u00f6 ajal.<\/p>\n<h3>\u00d5ige m\u00e4\u00e4rimine<\/h3>\n<p>H\u00fcdrauliliste silindrite sujuva t\u00f6\u00f6 tagamiseks on oluline s\u00e4ilitada korralik m\u00e4\u00e4rimine. Veenduge, et h\u00fcdraulika\u00f5li on puhas ja t\u00e4idetud soovitatud tasemeni. Kontrollige regulaarselt lekete suhtes, kuna madal \u00f5litase v\u00f5ib v\u00e4hendada j\u00f5udlust ja suurendada silindri komponentide kulumist.<\/p>\n<h3>Tihendi vahetamine ja kalibreerimise kontrollimine<\/h3>\n<p>Tihendite vahetamine \u00f5igete intervallidega on oluline lekete v\u00e4ltimiseks ja h\u00fcdraulilise r\u00f5hu s\u00e4ilitamiseks. Planeerige regulaarseid kalibreerimiskontrolle, et tagada silindri t\u00f6\u00f6tamine etten\u00e4htud parameetrite piires. N\u00f5uetekohane kalibreerimine v\u00f5ib parandada j\u00f5udlust ja pikendada h\u00fcdraulilise silindri eluiga.<\/p>\n<p><img decoding=\"async\" src=\"https:\/\/www.hydraulic-cylinders.net\/wp-content\/uploads\/2025\/04\/songte-chushion-collar.webp\" alt=\"Padjakaelus\" \/><\/p>\n<h2>Ohutuskaalutlused ja keskkonnategurid<\/h2>\n<p>H\u00fcdrauliliste silindritega t\u00f6\u00f6tamisel on ohutusmeetmete rakendamine \u00e4\u00e4rmiselt oluline. Operaatorid peaksid kandma sobivaid kaitsevahendeid ja olema koolitatud ohutute t\u00f6\u00f6protseduuride osas. Regulaarsed ohutusauditid aitavad tuvastada h\u00fcdraulikas\u00fcsteemidega seotud v\u00f5imalikke ohte. K\u00f5igi komponentide hea hoolduse ja korrektse toimimise tagamine v\u00e4hendab t\u00f6\u00f6tamise ajal tekkivaid riske veelgi.<\/p>\n<h2>Rikete diagnoosimine ja levinud probleemid<\/h2>\n<ul>\n<li><strong>Vedeliku lekked:<\/strong> Kontrollige tihendite ja \u00fchenduste \u00fcmbrusest n\u00e4htavaid lekkeid. Vedeliku kadu v\u00f5ib p\u00f5hjustada r\u00f5hulangust ja j\u00f5udluse v\u00e4henemist. Vajadusel uurige ja vahetage kulunud tihendid v\u00e4lja v\u00f5i pingutage \u00fchendusi.<\/li>\n<li><strong>Ebaj\u00e4rjekindel silindri liikumine:<\/strong> Kui silinder liigub aeglaselt v\u00f5i t\u00f5mblevalt, v\u00f5ib see viidata \u00f5hule h\u00fcdraulikas\u00fcsteemis v\u00f5i madalale vedeliku tasemele. \u00d5hutage s\u00fcsteemi ja veenduge, et vedeliku tase on \u00f5ige.<\/li>\n<li><strong>\u00dclekuumenemine:<\/strong> Liigne kuumus v\u00f5ib viidata vedeliku saastumisele v\u00f5i silindri \u00fclekoormusele. Kontrollige regulaarselt h\u00fcdraulikavedeliku puhtust ja viskoossust.<\/li>\n<\/ul>\n<h2>Veaotsingu n\u00e4pun\u00e4ited<\/h2>\n<p>Poomi silindri probleemide t\u00f5husaks diagnoosimiseks ja lahendamiseks j\u00e4rgige neid t\u00f5rkeotsingu n\u00e4pun\u00e4iteid. Alustage s\u00fcmptomite tuvastamisest ja k\u00f5igi komponentide p\u00f5hjalikust kontrollist. K\u00f5rvaldage k\u00f5ik lekked viivitamatult, kuna vastasel juhul v\u00f5ivad tekkida t\u00f5sisemad probleemid. Kui silindril on kulumise v\u00f5i kahjustuse m\u00e4rke, kaaluge selle v\u00e4ljavahetamist, et s\u00e4ilitada t\u00f6\u00f6 efektiivsus.<\/p>\n<p>Ennetavad meetmed, nagu regulaarsed hoolduskontrollid, n\u00f5uetekohase m\u00e4\u00e4rimise tagamine ja kvaliteetse h\u00fcdraulikavedeliku kasutamine, aitavad potentsiaalseid probleeme minimeerida. Ennetava l\u00e4henemisviisi abil saavad operaatorid pikendada poomi silindri eluiga ja parandada selle \u00fcldist j\u00f5udlust.<\/p>\n<p><img decoding=\"async\" src=\"https:\/\/www.hydraulic-cylinders.net\/wp-content\/uploads\/2025\/04\/songte-bushings-with-all-kinds-of-excavator-models.webp\" alt=\"Ekskavaatori puksid\" \/><\/p>\n<h2>Ettev\u00f5tte \u00fclevaade<\/h2>\n<p>Oleme juhtiv h\u00fcdrosilindrite tootja ja hulgim\u00fc\u00fcja, keda tuntakse meie laia tootevaliku poolest. Meie p\u00fchendumus tipptasemele ajendab meid v\u00f5tma kasutusele industrialiseeritud tootmise juhtimisstrateegiaid, kasutades \u00e4ra tipptehnoloogiat ja oskuslikke t\u00f6\u00f6tajaid. T\u00e4iustame pidevalt oma tootmisv\u00f5imalusi, tagades, et rahuldame klientide mitmekesiseid vajadusi suure t\u00f5hususega ja t\u00e4psusega.<\/p>\n<p>Meie tooted on valmistatud rangete kvaliteedikontrolli standardite kohaselt, j\u00e4rgides rahvusvahelisi sertifikaate. Pakume kohandatud teenuseid, et rahuldada klientide individuaalseid spetsifikatsioone, tagades, et iga toode on kohandatud optimaalse j\u00f5udluse saavutamiseks. Tugeva m\u00fc\u00fcgij\u00e4rgse teeninduse raamistikuga toetame kliente kogu toote eluts\u00fckli v\u00e4ltel, pakkudes hooldus- ja asendusteenuseid, et maksimeerida kasutamist ja minimeerida seisakuid.<\/p>\n<p><img decoding=\"async\" src=\"https:\/\/www.hydraulic-cylinders.net\/wp-content\/uploads\/2025\/04\/songte-company-4.webp\" alt=\"Ettev\u00f5tte rajatis\" \/><br \/>\n<img decoding=\"async\" src=\"https:\/\/www.hydraulic-cylinders.net\/wp-content\/uploads\/2025\/04\/songte-company-3.webp\" alt=\"Tootmisprotsess\" \/><\/p>\n<p>Autor: lyl<\/p>","protected":false},"excerpt":{"rendered":"<p>Boom Cylinder For World Small Excavator W218 Product Overview The Boom Cylinder for the World Small Excavator W218 is a specialized hydraulic cylinder designed to control the movement of the bucket in various heavy machinery applications, including excavators, backhoe loaders, and front loaders. This hydraulic cylinder enables the bucket to lift, lower, and tilt, facilitating [&hellip;]<\/p>","protected":false},"featured_media":17871,"comment_status":"open","ping_status":"closed","template":"","meta":{"_et_pb_use_builder":"","_et_pb_old_content":"","_et_gb_content_width":""},"product_brand":[],"product_cat":[1546],"product_tag":[1547,1496],"class_list":{"0":"post-19457","1":"product","2":"type-product","3":"status-publish","4":"has-post-thumbnail","6":"product_cat-boom-cylinders","7":"product_tag-boom-cylinders","8":"product_tag-hydraulic-cylinders","10":"first","11":"instock","12":"shipping-taxable","13":"product-type-simple"},"amp_enabled":true,"_links":{"self":[{"href":"https:\/\/www.hydraulic-cylinders.net\/et\/wp-json\/wp\/v2\/product\/19457","targetHints":{"allow":["GET"]}}],"collection":[{"href":"https:\/\/www.hydraulic-cylinders.net\/et\/wp-json\/wp\/v2\/product"}],"about":[{"href":"https:\/\/www.hydraulic-cylinders.net\/et\/wp-json\/wp\/v2\/types\/product"}],"replies":[{"embeddable":true,"href":"https:\/\/www.hydraulic-cylinders.net\/et\/wp-json\/wp\/v2\/comments?post=19457"}],"wp:featuredmedia":[{"embeddable":true,"href":"https:\/\/www.hydraulic-cylinders.net\/et\/wp-json\/wp\/v2\/media\/17871"}],"wp:attachment":[{"href":"https:\/\/www.hydraulic-cylinders.net\/et\/wp-json\/wp\/v2\/media?parent=19457"}],"wp:term":[{"taxonomy":"product_brand","embeddable":true,"href":"https:\/\/www.hydraulic-cylinders.net\/et\/wp-json\/wp\/v2\/product_brand?post=19457"},{"taxonomy":"product_cat","embeddable":true,"href":"https:\/\/www.hydraulic-cylinders.net\/et\/wp-json\/wp\/v2\/product_cat?post=19457"},{"taxonomy":"product_tag","embeddable":true,"href":"https:\/\/www.hydraulic-cylinders.net\/et\/wp-json\/wp\/v2\/product_tag?post=19457"}],"curies":[{"name":"wp","href":"https:\/\/api.w.org\/{rel}","templated":true}]}}