{"id":19463,"date":"2025-04-07T06:48:56","date_gmt":"2025-04-07T06:48:56","guid":{"rendered":"https:\/\/www.hydraulic-cylinders.net\/product\/boom-cylinder-for-world-middle-excavator-w2215-8\/"},"modified":"2025-04-07T06:48:59","modified_gmt":"2025-04-07T06:48:59","slug":"boom-cylinder-for-world-middle-excavator-w2215-8","status":"publish","type":"product","link":"https:\/\/www.hydraulic-cylinders.net\/et\/toode\/boom-cylinder-for-world-middle-excavator-w2215-8\/","title":{"rendered":"Maailma keskmise ekskavaatori W2215-8 poomi silinder"},"content":{"rendered":"<h1>Maailma keskmise ekskavaatori W2215-8 poomi silinder<\/h1>\n<h2>Poomi silindri \u00fclevaade<\/h2>\n<p>Noole silinder on h\u00fcdros\u00fcsteemide oluline komponent, mis on spetsiaalselt loodud erinevate raskete masinate, n\u00e4iteks ekskavaatorite, laadur-ekskavaatori ja esilaaduri koppade liikumise juhtimiseks. See h\u00fcdrosilinder v\u00f5imaldab koppal t\u00f5usta, langetada ja kallutada, h\u00f5lbustades t\u00f5husaid materjalik\u00e4itlust\u00f6id. P\u00f5him\u00f5tteliselt teisendab noole silinder h\u00fcdraulilise r\u00f5hu lineaarseks liikumiseks, v\u00f5imaldades operaatoritel t\u00e4pselt ja h\u00f5lpsalt teostada keerulisi kaevamis-, laadimis- ja t\u00f5stet\u00f6id.<\/p>\n<p><img decoding=\"async\" src=\"https:\/\/www.hydraulic-cylinders.net\/wp-content\/uploads\/2025\/04\/songte-company-1.webp\" alt=\"Poomi silinder\" \/><\/p>\n<h2>Poomi silindri omadused<\/h2>\n<ul>\n<li>\n<h3>Suur tugevus ja vastupidavus<\/h3>\n<p>K\u00f5rgtugevast terasest v\u00f5i alumiiniumist valmistatud noolesilindrid on loodud taluma k\u00f5rget r\u00f5hku ja suuri koormusi karmides t\u00f6\u00f6keskkondades. Nende konstruktsioon keskendub kulumiskindlusele ja korrosioonikaitsele, mis pikendab nende eluiga m\u00e4rkimisv\u00e4\u00e4rselt.<\/p>\n<\/li>\n<li>\n<h3>T\u00f5hus h\u00fcdrauliline t\u00f6\u00f6<\/h3>\n<p>Poomi silinder kasutab sujuva pikendus- ja tagasit\u00f5mbamisliigutuse saavutamiseks h\u00fcdraulika\u00f5li r\u00f5hku. See v\u00f5imaldab kiiret reageerimist juhtimisk\u00e4sklustele, pakkudes tugevat t\u00f5uke- ja t\u00f5mbej\u00f5udu, muutes selle ideaalseks raskete materjalide k\u00e4sitsemiseks ja keerukate t\u00f6\u00f6\u00fclesannete t\u00e4itmiseks.<\/p>\n<\/li>\n<li>\n<h3>Mitmekesised t\u00fc\u00fcbid<\/h3>\n<p>Erinevates konfiguratsioonides saadaval olevaid poomi silindreid saab valida \u00fchetoimelisteks (\u00fches suunas t\u00f6\u00f6tavad) v\u00f5i kahetoimelisteks (m\u00f5lemas suunas t\u00f6\u00f6tavad), et rahuldada erinevaid t\u00f6\u00f6vajadusi. M\u00f5nedel mudelitel on teleskoopkonstruktsioon, mis v\u00f5imaldab suuremat pikendust ilma v\u00e4lism\u00f5\u00f5tmeid suurendamata, mis sobib ruumipiirangutega rakenduste jaoks.<\/p>\n<\/li>\n<\/ul>\n<h2>Tootmisv\u00f5imalused<\/h2>\n<p>Meie ettev\u00f5te on spetsialiseerunud poomisilindrite tootmisele, tagades, et meie tooted suudavad ideaalselt asendada olemasolevaid h\u00fcdrosilindreid erinevates rakendustes.<\/p>\n<p><img decoding=\"async\" src=\"https:\/\/www.hydraulic-cylinders.net\/wp-content\/uploads\/2025\/04\/songte-cylinder-head-with-all-kinds-excavator-models.webp\" alt=\"Ekskavaatori mudelid\" \/><\/p>\n<h2>Poomi silindrite rakendused<\/h2>\n<ul>\n<li>\n<h3>Ehitustehnika<\/h3>\n<p>Ekskavaatorites m\u00e4ngivad noolesilindrid olulist rolli pinnase v\u00f5i prahi kaevamisel, laadimisel ja teisaldamisel. Nende v\u00f5ime kontrollida kopa nurka ja s\u00fcgavust v\u00f5imaldab t\u00f5husaid kaevamisprotsesse. Ekskavaator-laadurites aitavad need silindrid mitte ainult kaevamisel, vaid ka materjalide t\u00f5stmisel, suurendades ehitusplatside \u00fcldist tootlikkust.<\/p>\n<\/li>\n<li>\n<h3>P\u00f5llumajandustehnika<\/h3>\n<p>Esilaadurites kasutatavad noolesilindrid on olulised mulla, heina ja muude materjalide kopeerimiseks, t\u00f5stmiseks ja transportimiseks. Nende usaldusv\u00e4\u00e4rne j\u00f5udlus aitab kaasa t\u00f5husale p\u00f5llumajandustegevusele, v\u00f5imaldades p\u00f5llumajandussaaduste kiiret k\u00e4itlemist.<\/p>\n<\/li>\n<li>\n<h3>Kaevamine<\/h3>\n<p>Noolesilindrid v\u00f5imaldavad ekskavaatoritel t\u00f5husalt pinnasesse tungida, h\u00f5lbustades kaevamisprotsessi. See v\u00f5imekus on \u00fclioluline mitmesuguste kaevet\u00f6\u00f6de puhul, sealhulgas vundamentide, haljastuse ja kommunikatsioonide paigaldamise puhul, kus on vaja t\u00e4pset kaevamist.<\/p>\n<\/li>\n<li>\n<h3>Laadurid<\/h3>\n<p>Esilaaduritel aitavad noolesilindrid materjale t\u00f5husalt t\u00f5sta ja t\u00fchjendada. Nende konstruktsioon tagab koormate ohutu t\u00f5stmise ja kallutamise, pakkudes ehitusplatsidel materjalide k\u00e4itlemise \u00fclesannete jaoks suuremat mitmek\u00fclgsust.<\/p>\n<\/li>\n<\/ul>\n<h2>Poomi silindrite projekteerimiskaalutlused<\/h2>\n<ul>\n<li>\n<h3>Kandev\u00f5ime<\/h3>\n<p>Peamine projekteerimiskaalutlus on noole silindri kandev\u00f5ime. Iga silinder peab olema konstrueeritud nii, et see taluks maksimaalset eeldatavat koormust, ilma et see kahjustaks ohutust v\u00f5i j\u00f5udlust. Sobiva kandev\u00f5ime arvutamine h\u00f5lmab materjalide kaalu, t\u00f6\u00f6keskkonna ja masina kavandatud kasutuse hindamist. Suure mahutavusega silindrid peavad olema valmistatud vastupidavatest materjalidest, et v\u00e4ltida rikkeid \u00e4\u00e4rmuslikes tingimustes, tagades t\u00f6\u00f6kindluse ja ohutuse t\u00f6\u00f6 ajal.<\/p>\n<\/li>\n<li>\n<h3>Tihendusv\u00f5ime<\/h3>\n<p>T\u00f5hus tihendus on h\u00fcdraulikas\u00fcsteemides kriitilise t\u00e4htsusega lekete v\u00e4ltimiseks ja r\u00f5hu s\u00e4ilitamiseks. Poomi silindrid on konstrueeritud t\u00e4iustatud tihendustehnoloogiatega, kasutades vastupidavuse ja kulumiskindluse suurendamiseks selliseid materjale nagu pol\u00fcuretaan v\u00f5i nitriilkummi. Konstruktsioon peab tagama, et tihendid j\u00e4\u00e4vad t\u00f5husaks erinevate temperatuuride, r\u00f5hkude ja h\u00fcdraulikavedelikega kokkupuute korral. Regulaarne hooldus ja kontrollid on olulised, et tagada tihendite terviklikkus, kuna igasugune halvenemine v\u00f5ib p\u00f5hjustada j\u00f5udlusprobleeme ja suurendada tegevuskulusid.<\/p>\n<\/li>\n<li>\n<h3>Vastupidavus<\/h3>\n<p>Vastupidavus on noolesilindrite projekteerimisel v\u00f5tmetegur. Need peavad vastu pidama karmidele t\u00f6\u00f6tingimustele, sealhulgas kokkupuutele abrasiivsete osakestega, \u00e4\u00e4rmuslike temperatuuride ja s\u00f6\u00f6vitavate ainetega. Tootjad lisavad pinna k\u00f5vaduse ja korrosioonikindluse suurendamiseks sageli selliseid omadusi nagu k\u00f5va kroomkate ja spetsiaalsed katted. See vastupidavusele p\u00f6\u00f6ratud t\u00e4helepanu mitte ainult ei pikenda silindrite eluiga, vaid v\u00e4hendab ka remondi- ja vahetusvajaduse sagedust, mis toob operaatoritele kaasa kulude kokkuhoidu.<\/p>\n<\/li>\n<li>\n<h3>Turvaelemendid<\/h3>\n<p>H\u00fcdrauliliste komponentide projekteerimisel on ohutus esmat\u00e4htis. Poomi silindrid on varustatud selliste funktsioonidega nagu r\u00f5hualandusventiilid, mis aitavad v\u00e4ltida \u00fcler\u00f5hku ja v\u00f5imalikku riket. Projekteerimiskaalutlused h\u00f5lmavad ka silindri \u00fcldist konstruktsioonilist terviklikkust, et see taluks ootamatuid l\u00f6\u00f6ke v\u00f5i koormusi. Regulaarsed kontrollid ja ohutusprotokollide j\u00e4rgimine aitavad leevendada h\u00fcdraulikaseadmete riketega seotud riske, tagades ohutu t\u00f6\u00f6 erinevates rakendustes.<\/p>\n<\/li>\n<li>\n<h3>Hoolduse lihtsus<\/h3>\n<p>Poomi silindrite projekteerimine hoolduse h\u00f5lbustamiseks v\u00f5ib oluliselt parandada t\u00f6\u00f6 efektiivsust. Sellised omadused nagu kergesti ligip\u00e4\u00e4setavad m\u00e4\u00e4rdeliitmikud ja modulaarsed komponendid v\u00f5imaldavad kiiremat hooldust ja vahetamist. H\u00e4sti l\u00e4bim\u00f5eldud disain h\u00f5lbustab rutiinseid hooldust\u00f6id, v\u00e4hendades seisakuid ja parandades tootlikkust. Tootjad peaksid pakkuma ka selgeid juhiseid ja dokumentatsiooni hooldusprotseduuride kohta, tagades, et operaatorid saavad oma seadmete eest t\u00f5husalt hoolitseda.<\/p>\n<\/li>\n<\/ul>\n<p><img decoding=\"async\" src=\"https:\/\/www.hydraulic-cylinders.net\/wp-content\/uploads\/2025\/04\/songte-oil-pipes-and-spare-parts.webp\" alt=\"\u00d5litorud ja varuosad\" \/><\/p>\n<h2>Poomi silindrite tihendamine ja m\u00e4\u00e4rimine<\/h2>\n<p>Poomi silindrite optimaalse j\u00f5udluse tagamiseks on oluline n\u00f5uetekohane tihendamine ja m\u00e4\u00e4rimine. Erinevad tihenduskomponendid, n\u00e4iteks kolvitihendid ja vardatihendid, on lekete v\u00e4ltimiseks ja r\u00f5hu s\u00e4ilitamiseks \u00fcliolulised. Tihendusmaterjalide, n\u00e4iteks pol\u00fcuretaani ja nitriilkummi valik tagab vastupidavuse ja kulumiskindluse, mis on k\u00f5rgsurvekeskkonnas oluline. Lisaks on silindri korpus ja keermestatud otsapinnad peenelt t\u00f6\u00f6deldud, et suurendada kulumiskindlust.<\/p>\n<p>Regulaarne m\u00e4\u00e4rimine h\u00fcdraulika\u00f5liga on vajalik sujuva t\u00f6\u00f6 tagamiseks ja liikuvate osade vahelise h\u00f5\u00f5rdumise v\u00e4hendamiseks. Operaatorid peaksid optimaalse j\u00f5udluse s\u00e4ilitamiseks j\u00e4lgima \u00f5litaset ja vajadusel m\u00e4\u00e4rdeainet lisama. Regulaarse m\u00e4\u00e4rimisgraafiku rakendamine v\u00f5ib oluliselt pikendada h\u00fcdraulikas\u00fcsteemi eluiga ja v\u00e4ltida hooletusest tingitud kulukaid remonte.<\/p>\n<h2>Ennetavad hooldusmeetmed<\/h2>\n<ul>\n<li>\n<h3>Regulaarsed kontrollid<\/h3>\n<p>Poomi silindrite regulaarne kontrollimine on oluline kulumise, lekke v\u00f5i kahjustuste tunnuste tuvastamiseks. Operaatorid peaksid kontrollima tihendeid, \u00fchendusi ja silindri korpust k\u00f5rvalekallete suhtes. Kontrolli k\u00e4igus leitud probleemide kiire lahendamine aitab \u00e4ra hoida t\u00f5sisemaid probleeme ja tagada seadmete ohutu t\u00f6\u00f6.<\/p>\n<\/li>\n<li>\n<h3>Sobiv m\u00e4\u00e4rimine<\/h3>\n<p>N\u00f5uetekohase m\u00e4\u00e4rimise s\u00e4ilitamine on poomi silindrite pikaealisuse tagamiseks \u00fclioluline. Operaatorid peaksid j\u00e4rgima tootja soovitusi m\u00e4\u00e4rimisintervallide kohta ja tagama, et kasutatakse \u00f5iget t\u00fc\u00fcpi h\u00fcdraulika\u00f5li. \u00d5litaseme regulaarne kontrollimine ja t\u00e4iendamine aitab v\u00e4ltida silindrite komponentide liigset kulumist.<\/p>\n<\/li>\n<li>\n<h3>Tihendi vahetamine<\/h3>\n<p>Aja jooksul v\u00f5ivad tihendid kuluda ja kaotada oma efektiivsuse. Lekete v\u00e4ltimiseks ja h\u00fcdraulilise r\u00f5hu s\u00e4ilitamiseks on oluline tihendeid kohe vahetada. Operaatorid peaksid hoidma varutihendeid ja j\u00e4rgima plaanip\u00e4rast hoolduskava, et tagada \u00f5igeaegne vahetus.<\/p>\n<\/li>\n<\/ul>\n<h2>Poomi silindrite paigaldusjuhised<\/h2>\n<p>Poomi silindri paigaldamine n\u00f5uab optimaalse j\u00f5udluse ja pikaealisuse tagamiseks hoolikat t\u00e4helepanu detailidele. Siin on m\u00f5ned olulised juhised:<\/p>\n<ul>\n<li>Paigaldamise ajal saastumise v\u00e4ltimiseks veenduge, et t\u00f6\u00f6ala oleks puhas ja prahist vaba.<\/li>\n<li>Kasutage silindri \u00f5igeks joondamiseks kinnituspunktidega sobivaid joondust\u00f6\u00f6riistu. Vale joondamine v\u00f5ib p\u00f5hjustada enneaegset kulumist ja rikkeid.<\/li>\n<li>Kasutage silindri kinnitamiseks sobivaid kinnitusklambreid. Veenduge, et k\u00f5ik kinnitusdetailid on pingutatud vastavalt tootja spetsifikatsioonidele.<\/li>\n<li>P\u00e4rast paigaldamist kontrollige h\u00fcdraulika\u00fchendusi lekete suhtes. Enne seadme uuesti kasutuselev\u00f5ttu tehke r\u00f5hutest, et veenduda s\u00fcsteemi terviklikkuses.<\/li>\n<li>Ohutusstandardite j\u00e4rgimise tagamiseks vaadake kasutusjuhendist l\u00e4bi k\u00f5ik konkreetsed paigaldussoovitused v\u00f5i -n\u00f5uded.<\/li>\n<\/ul>\n<h2>Levinumad hooldust\u00f6\u00f6d<\/h2>\n<ul>\n<li>\n<h3>Regulaarsed kontrollid<\/h3>\n<p>Potentsiaalsete probleemide varajaseks tuvastamiseks on vaja regulaarselt kontrollida poomi silindrit. Otsige lekkeid, korrosiooni v\u00f5i f\u00fc\u00fcsilisi kahjustusi. Dokumenteerige ja tegelege k\u00f5igi leidudega viivitamatult, et v\u00e4ltida suuremaid probleeme hiljem.<\/p>\n<\/li>\n<li>\n<h3>Sobiv m\u00e4\u00e4rimine<\/h3>\n<p>M\u00e4\u00e4rimine tuleks teha regulaarselt vastavalt tootja juhistele. Veenduge, et kasutatakse \u00f5iget h\u00fcdraulika\u00f5li ja et m\u00e4\u00e4rimispunktid on hoolduseks kergesti ligip\u00e4\u00e4setavad. N\u00f5uetekohane m\u00e4\u00e4rimine minimeerib liikuvate osade kulumist, parandades silindri j\u00f5udlust.<\/p>\n<\/li>\n<li>\n<h3>Tihendi vahetamine ja kalibreerimine<\/h3>\n<p>J\u00e4lgige tihendite seisukorda ja vahetage need v\u00e4lja, kui kulumism\u00e4rke on n\u00e4ha. H\u00fcdraulikas\u00fcsteemi kalibreerimine on optimaalse j\u00f5udluse s\u00e4ilitamiseks samuti \u00fclioluline. N\u00f5uetekohase t\u00f6\u00f6 tagamiseks j\u00e4rgige tootja juhiseid k\u00f5igi vajalike reguleerimiste kohta.<\/p>\n<\/li>\n<\/ul>\n<p><img decoding=\"async\" src=\"https:\/\/www.hydraulic-cylinders.net\/wp-content\/uploads\/2025\/04\/songte-chushion-collar.webp\" alt=\"Padjakaelus\" \/><\/p>\n<h2>Ohutuskaalutlused ja keskkonnategurid<\/h2>\n<p>Poomi silindritega t\u00f6\u00f6tamisel tuleb esikohale seada ohutusmeetmed, et kaitsta operaatoreid ja seadmeid. H\u00fcdraulikas\u00fcsteemi k\u00e4itamise korralik v\u00e4lja\u00f5pe on \u00f5nnetuste v\u00e4ltimiseks oluline. Operaatorid peaksid alati kandma sobivaid kaitsevahendeid ja j\u00e4rgima kehtestatud ohutusprotokolle, et maandada h\u00fcdraulikas\u00fcsteemide riketega seotud riske.<\/p>\n<p>Samuti tuleks arvestada keskkonnategureid, n\u00e4iteks h\u00fcdrauliliste vedelike m\u00f5ju kohalikele \u00f6kos\u00fcsteemidele. Lekke ennetamise meetmete rakendamine ja keskkonnas\u00f5bralike h\u00fcdraulika\u00f5lide kasutamine aitab v\u00e4hendada keskkonnakahjude tekkimise v\u00f5imalust. Regulaarne ohutuse ja keskkonnaalaste parimate tavade alane koolitus peaks olema osa t\u00f6\u00f6protseduuridest.<\/p>\n<h2>Veaotsing ja levinud probleemid<\/h2>\n<ul>\n<li>\n<h3>Lekkeprobleemid<\/h3>\n<p>H\u00fcdraulikas\u00fcsteemi lekked v\u00f5ivad tuleneda kulunud tihenditest v\u00f5i kahjustatud liitmikest. Lekke avastamisel on oluline selle allikas kindlaks teha ja see koheselt k\u00f5rvaldada, sest isegi v\u00e4ikesed lekked v\u00f5ivad aja jooksul p\u00f5hjustada olulisi j\u00f5udlusprobleeme.<\/p>\n<\/li>\n<li>\n<h3>V\u00e4hendatud j\u00f5udlus<\/h3>\n<p>Kui poomi silinder ei t\u00f6\u00f6ta sujuvalt v\u00f5i sellel puudub v\u00f5imsus, v\u00f5ib see olla tingitud madalast h\u00fcdraulika\u00f5li tasemest v\u00f5i saastumisest. Kontrollige vedeliku taset regulaarselt ja vahetage h\u00fcdraulika\u00f5li, kui see tundub m\u00e4\u00e4rdunud v\u00f5i halvenenud.<\/p>\n<\/li>\n<li>\n<h3>M\u00fcra t\u00f6\u00f6tamise ajal<\/h3>\n<p>Ebatavalised helid t\u00f6\u00f6tamise ajal v\u00f5ivad viidata sisemisele kulumisele v\u00f5i kahjustusele. Oluline on k\u00f5iki ebanormaalseid helisid viivitamatult uurida, kuna need v\u00f5ivad viidata s\u00fcsteemi s\u00fcgavamatele mehaanilistele probleemidele.<\/p>\n<\/li>\n<\/ul>\n<p>Probleemide t\u00f5husaks diagnoosimiseks ja lahendamiseks peaksid operaatorid l\u00e4bi viima regulaarseid kontrolle ja pidama \u00fcksikasjalikku arvestust k\u00f5igi tekkinud probleemide kohta. Rakendama ennetavaid meetmeid, n\u00e4iteks regulaarseid hooldusgraafikuid ja s\u00fcsteemi j\u00e4lgimist, et minimeerida v\u00f5imalikke probleeme.<\/p>\n<p><img decoding=\"async\" src=\"https:\/\/www.hydraulic-cylinders.net\/wp-content\/uploads\/2025\/04\/songte-bushings-with-all-kinds-of-excavator-models.webp\" alt=\"Puksid ekskavaatorimudelitega\" \/><\/p>\n<h2>Ettev\u00f5tte tutvustus<\/h2>\n<p>Oleme juhtiv asendush\u00fcdrauliliste silindrite tootja, pakkudes laia tootevalikut, et rahuldada nii sise- kui ka rahvusvaheliste turgude mitmekesiseid vajadusi. Meie p\u00fchendumus tipptasemele peegeldub meie hoolikates tootmisjuhtimise strateegiates, mis tuginevad oskuslikule personalile, t\u00e4iustatud digitaalsetele tootmisseadmetele ja spetsiaalsetele testimiss\u00fcsteemidele. See p\u00fchendumus kvaliteedile v\u00f5imaldab meil pidevalt oma tootmisv\u00f5imsust t\u00e4iustada ja klientide n\u00f5udmistele t\u00f5husalt reageerida.<\/p>\n<p>Meie ettev\u00f5te paistab valdkonnas silma oma professionaalsusele keskendumise, rahvusvaheliste sertifikaatide ja kohandatud teenuste poolest. Kasutame tipptasemel tootmisseadmeid ja pakume klientide rahulolu tagamiseks tugevat m\u00fc\u00fcgij\u00e4rgset tuge. See terviklik l\u00e4henemisviis v\u00f5imaldab meil pakkuda tooteid, mis vastavad k\u00f5rgeimatele kvaliteedi- ja j\u00f5udlusstandarditele.<\/p>\n<p><img decoding=\"async\" src=\"https:\/\/www.hydraulic-cylinders.net\/wp-content\/uploads\/2025\/04\/songte-company-4.webp\" alt=\"Ettev\u00f5tte \u00fclevaade\" \/><br \/>\n<img decoding=\"async\" src=\"https:\/\/www.hydraulic-cylinders.net\/wp-content\/uploads\/2025\/04\/songte-company-3.webp\" alt=\"Ettev\u00f5tte rajatised\" \/><\/p>\n<p>Autor: lyl<\/p>","protected":false},"excerpt":{"rendered":"<p>Boom Cylinder For World Middle Excavator W2215-8 Overview of Boom Cylinder The boom cylinder is a crucial component in hydraulic systems, specifically designed to control the movement of buckets in various heavy machinery such as excavators, backhoe loaders, and front loaders. This hydraulic cylinder enables the bucket to lift, lower, and tilt, facilitating efficient material [&hellip;]<\/p>","protected":false},"featured_media":17877,"comment_status":"open","ping_status":"closed","template":"","meta":{"_et_pb_use_builder":"","_et_pb_old_content":"","_et_gb_content_width":""},"product_brand":[],"product_cat":[1546],"product_tag":[1547,1496],"class_list":{"0":"post-19463","1":"product","2":"type-product","3":"status-publish","4":"has-post-thumbnail","6":"product_cat-boom-cylinders","7":"product_tag-boom-cylinders","8":"product_tag-hydraulic-cylinders","10":"first","11":"instock","12":"shipping-taxable","13":"product-type-simple"},"amp_enabled":true,"_links":{"self":[{"href":"https:\/\/www.hydraulic-cylinders.net\/et\/wp-json\/wp\/v2\/product\/19463","targetHints":{"allow":["GET"]}}],"collection":[{"href":"https:\/\/www.hydraulic-cylinders.net\/et\/wp-json\/wp\/v2\/product"}],"about":[{"href":"https:\/\/www.hydraulic-cylinders.net\/et\/wp-json\/wp\/v2\/types\/product"}],"replies":[{"embeddable":true,"href":"https:\/\/www.hydraulic-cylinders.net\/et\/wp-json\/wp\/v2\/comments?post=19463"}],"wp:featuredmedia":[{"embeddable":true,"href":"https:\/\/www.hydraulic-cylinders.net\/et\/wp-json\/wp\/v2\/media\/17877"}],"wp:attachment":[{"href":"https:\/\/www.hydraulic-cylinders.net\/et\/wp-json\/wp\/v2\/media?parent=19463"}],"wp:term":[{"taxonomy":"product_brand","embeddable":true,"href":"https:\/\/www.hydraulic-cylinders.net\/et\/wp-json\/wp\/v2\/product_brand?post=19463"},{"taxonomy":"product_cat","embeddable":true,"href":"https:\/\/www.hydraulic-cylinders.net\/et\/wp-json\/wp\/v2\/product_cat?post=19463"},{"taxonomy":"product_tag","embeddable":true,"href":"https:\/\/www.hydraulic-cylinders.net\/et\/wp-json\/wp\/v2\/product_tag?post=19463"}],"curies":[{"name":"wp","href":"https:\/\/api.w.org\/{rel}","templated":true}]}}