{"id":19466,"date":"2025-04-07T06:49:04","date_gmt":"2025-04-07T06:49:04","guid":{"rendered":"https:\/\/www.hydraulic-cylinders.net\/product\/boom-cylinder-for-world-middle-excavator-w2260lc-8\/"},"modified":"2025-04-07T06:49:07","modified_gmt":"2025-04-07T06:49:07","slug":"boom-cylinder-for-world-middle-excavator-w2260lc-8","status":"publish","type":"product","link":"https:\/\/www.hydraulic-cylinders.net\/et\/toode\/boom-cylinder-for-world-middle-excavator-w2260lc-8\/","title":{"rendered":"Maailma keskmise ekskavaatori W2260LC-8 poomi silinder"},"content":{"rendered":"<h1>Maailma keskmise ekskavaatori W2260LC-8 poomi silinder<\/h1>\n<h2>Sissejuhatus poomi silindritesse<\/h2>\n<p>Noole silinder on rasketehnika, eriti ekskavaatorite, n\u00e4iteks W2260LC-8, h\u00fcdraulikas\u00fcsteemide oluline komponent. See juhib noole liikumist, v\u00f5imaldades sellel t\u00f5usta, langetada ja kallutada, h\u00f5lbustades seel\u00e4bi t\u00f5husat materjalik\u00e4itlust. Seda t\u00fc\u00fcpi h\u00fcdraulikasilinder on oluline mitmesuguste rasketehnika, sealhulgas ekskavaator-laadurite ja esilaadurite jaoks, parandades nende t\u00f6\u00f6v\u00f5imet.<\/p>\n<p><img decoding=\"async\" src=\"https:\/\/www.hydraulic-cylinders.net\/wp-content\/uploads\/2025\/04\/songte-company-1.webp\" alt=\"Poomi silinder\" \/><\/p>\n<h3>Definitsioon ja \u00fclevaade<\/h3>\n<p>Kopa silinder on spetsiaalne h\u00fcdrauliline silinder, mis on loodud raskete masinate koppade liikumise juhtimiseks. Need v\u00f5imaldavad t\u00e4pseid toiminguid, lubades operaatoritel t\u00e4ita selliseid \u00fclesandeid nagu kaevamine, k\u00fchveldamine, t\u00f5stmine ja materjalide t\u00fchjendamine. H\u00fcdraulilistes s\u00fcsteemides muudavad need silindrid h\u00fcdraulilise energia mehaaniliseks energiaks, pakkudes vajalikku j\u00f5udu raskete koormate man\u00f6\u00f6verdamiseks.<\/p>\n<h2>Poomi silindri p\u00f5hijooned<\/h2>\n<ul>\n<li><strong>Suur tugevus ja vastupidavus:<\/strong> Tavaliselt \u00fclitugevast terasest v\u00f5i alumiiniumist valmistatud poomi silinder talub k\u00f5rget r\u00f5hku ja suuri koormusi, mist\u00f5ttu sobib see karmideks t\u00f6\u00f6keskkondadeks. Projekteerimisel on arvestatud ka kulumiskindluse ja korrosioonikaitsega, et pikendada selle eluiga.<\/li>\n<li><strong>T\u00f5hus h\u00fcdrauliline t\u00f6\u00f6:<\/strong> Silinder kasutab sujuva pikenemise ja tagasit\u00f5mbamise saavutamiseks h\u00fcdraulika\u00f5li r\u00f5hku. See reageerib operaatori k\u00e4sklustele kiiresti, pakkudes v\u00f5imsaid t\u00f5uke- ja t\u00f5mbej\u00f5ude, mist\u00f5ttu on see ideaalne raskete ja keerukate \u00fclesannete t\u00e4itmiseks.<\/li>\n<li><strong>Erinevad t\u00fc\u00fcbid:<\/strong> Poomi silindreid saab kohandada vastavalt konkreetsetele vajadustele, pakkudes valikuid \u00fchetoimeliste (\u00fches suunas t\u00f6\u00f6tavate) v\u00f5i kahetoimeliste (kahes suunas t\u00f6\u00f6tavate) konfiguratsioonide jaoks. M\u00f5nedel mudelitel on teleskoopkonstruktsioonid, mis v\u00f5imaldavad suuremat pikendust ilma v\u00e4lism\u00f5\u00f5tmeid suurendamata, mis sobib ideaalselt kitsastesse ruumidesse.<\/li>\n<\/ul>\n<h2>Meie tootmisv\u00f5imalused<\/h2>\n<p>Oleme spetsialiseerunud poomisilindrite tootmisele, mis asendavad ideaalselt olemasolevaid h\u00fcdrosilindreid. Meie tooted on loodud vastama k\u00f5rgeimatele kvaliteedi- ja j\u00f5udlusstandarditele.<\/p>\n<p><img decoding=\"async\" src=\"https:\/\/www.hydraulic-cylinders.net\/wp-content\/uploads\/2025\/04\/songte-cylinder-head-with-all-kinds-excavator-models.webp\" alt=\"Ekskavaatori mudelid\" \/><\/p>\n<h2>Poomi silindrite rakendused<\/h2>\n<h3>Ehitustehnika<\/h3>\n<p>Ekskavaatorites m\u00e4ngib noole silinder olulist rolli kaevamisel, laadimisel ja mulla v\u00f5i prahi teisaldamisel. Selle h\u00fcdrauliline toime v\u00f5imaldab kopa v\u00f5imsat t\u00f5stmist ja positsioneerimist, muutes selle ehitusplatsidel asendamatuks. Ekskavaatorlaadurite puhul abistab kopa silinder mitte ainult kaevamisel, vaid ka t\u00f5stmisel, n\u00e4idates selle mitmek\u00fclgsust erinevates ehitust\u00f6\u00f6des.<\/p>\n<h3>P\u00f5llumajandustehnika<\/h3>\n<p>Esilaadurites kasutatakse noolesilindreid selliste \u00fclesannete t\u00e4itmiseks nagu mulla, heina ja muude materjalide kopeerimine, t\u00f5stmine ja transportimine. Nende h\u00fcdrauliline efektiivsus tagab, et p\u00f5llumehed saavad raskeid koormaid minimaalse f\u00fc\u00fcsilise pingutusega k\u00e4sitseda, suurendades seel\u00e4bi p\u00f5llumajandust\u00f6\u00f6de tootlikkust.<\/p>\n<h3>Ekskavaatorid<\/h3>\n<p>Ekskavaatorites v\u00f5imaldab kopa silinder kopal pinnasesse tungida, h\u00f5lbustades t\u00f5husat kaevamist. H\u00fcdraulilised v\u00f5imalused tagavad t\u00e4pse juhtimise, v\u00f5imaldades operaatoritel keerulisi \u00fclesandeid, nagu kaevamine v\u00f5i tasandamine, h\u00f5lpsalt ja t\u00e4pselt t\u00e4ita.<\/p>\n<h3>Laadurid<\/h3>\n<p>Esilaadurites aitavad noolesilindrid materjale t\u00f5husalt t\u00f5sta ja t\u00fchjendada. H\u00fcdraulikas\u00fcsteem annab vajaliku j\u00f5u raskete koormate t\u00f5stmiseks, muutes selle oluliseks komponendiks materjalide k\u00e4itlemise ja transportimisega seotud toimingute puhul.<\/p>\n<h2>Projekteerimiskaalutlused ja valikukriteeriumid<\/h2>\n<h3>Kandev\u00f5ime<\/h3>\n<p>Noolesilindri valimisel on oluline m\u00f5ista selle kandev\u00f5imet. Silinder peab suutma taluda maksimaalset eeldatavat koormust ilma rikkeohuta. Insenerid arvestavad sobivate spetsifikatsioonide m\u00e4\u00e4ramisel tavaliselt selliseid tegureid nagu teisaldatavate materjalide kaal ja t\u00f6\u00f6keskkond.<\/p>\n<h3>Tihendus<\/h3>\n<p>Hea tihendus on h\u00fcdrauliliste silindrite pikaealisuse tagamiseks h\u00e4davajalik. Kvaliteetsed tihendid hoiavad \u00e4ra h\u00fcdraulilise vedeliku lekked, mis v\u00f5ivad p\u00f5hjustada j\u00f5udluse langust ja s\u00fcsteemi v\u00f5imalikku riket. T\u00f6\u00f6tingimuste, sealhulgas temperatuuri ja r\u00f5huvahemiku p\u00f5hjal tuleks valida erinevat t\u00fc\u00fcpi tihendid, sealhulgas kolvi- ja varrastihendid.<\/p>\n<h3>Vastupidavus<\/h3>\n<p>Vastupidavus on veel \u00fcks oluline tegur. Poomi silindrid peavad vastu pidama karmidele t\u00f6\u00f6tingimustele, sealhulgas kokkupuutele mustuse, niiskuse ja \u00e4\u00e4rmuslike temperatuuridega. Sageli valitakse kulumis- ja korrosioonikindlad materjalid ja katted, et pikendada nende eluiga ja t\u00f6\u00f6kindlust.<\/p>\n<h3>Ohutus<\/h3>\n<p>H\u00fcdrauliliste s\u00fcsteemide ohutusfunktsioonid on \u00fcliolulised. Projekteerimisel peaksid olema rikkeohutusseadised, et v\u00e4ltida juhuslikke rikkeid. Insenerid peavad tagama, et k\u00f5ik komponendid taluvad etten\u00e4gematuid pingeid ja et operaatorite kaitsmiseks on olemas t\u00f6\u00f6protokollid.<\/p>\n<h3>Hooldus<\/h3>\n<p>Hoolduse lihtsus on oluline kaalutlus. H\u00e4sti disainitud noole silinder v\u00f5imaldab lihtsaid kontrolle, hooldust ja osade vahetamist, tagades selle t\u00f6\u00f6korras p\u00fcsimise minimaalse seisakuajaga. Tuleks kehtestada regulaarsed hooldusgraafikud, et kontrollida tihendeid, m\u00e4\u00e4rida liikuvaid osi ja kontrollida kulumist.<\/p>\n<p><img decoding=\"async\" src=\"https:\/\/www.hydraulic-cylinders.net\/wp-content\/uploads\/2025\/04\/songte-oil-pipes-and-spare-parts.webp\" alt=\"\u00d5litorud ja varuosad\" \/><\/p>\n<h2>Tihendus ja m\u00e4\u00e4rimine<\/h2>\n<p>Tihendamine ja m\u00e4\u00e4rimine on noole silindri funktsionaalsuse s\u00e4ilitamise seisukohalt kriitilise t\u00e4htsusega. H\u00fcdraulikavedeliku lekete v\u00e4ltimiseks kasutatakse mitmesuguseid tihenduskomponente, n\u00e4iteks kolvitihendeid ja vardatihendeid. Oluline on valida tihendid vastupidavatest materjalidest, n\u00e4iteks pol\u00fcuretaanist v\u00f5i nitriilkummist, mis taluvad kulumist ja karme tingimusi. Silindri korpus ja keermestatud otsapinnad l\u00e4bivad t\u00e4ppist\u00f6\u00f6tluse, et suurendada kulumiskindlust.<\/p>\n<p>Regulaarne m\u00e4\u00e4rimine sobiva h\u00fcdraulika\u00f5liga on samuti \u00fclioluline. See v\u00e4hendab silindri sees h\u00f5\u00f5rdumist, tagades sujuva t\u00f6\u00f6 ja ennetades komponentide enneaegset kulumist. Operaatorid peaksid kehtestama rutiini h\u00fcdraulika\u00f5li kontrollimiseks ja vajadusel lisamiseks, aidates kaasa h\u00fcdraulikas\u00fcsteemi \u00fcldisele t\u00f5hususele ja pikaealisusele.<\/p>\n<h2>Ennetavad hooldusmeetmed<\/h2>\n<ul>\n<li><strong>Regulaarsed kontrollid:<\/strong> Poomi silindri regulaarne kontrollimine kulumise v\u00f5i kahjustuste suhtes aitab v\u00e4ltida suuremate probleemide teket. Kontrollige tihendeid, voolikuid ja \u00fchendusi lekete v\u00f5i lagunemise suhtes.<\/li>\n<li><strong>\u00d5ige m\u00e4\u00e4rimine:<\/strong> Veenduge, et silinder oleks m\u00e4\u00e4ritud vastavalt tootja juhistele. See aitab s\u00e4ilitada sujuvat t\u00f6\u00f6d ja hoiab \u00e4ra kulumise.<\/li>\n<li><strong>Tihendi vahetamine:<\/strong> Aja jooksul v\u00f5ivad tihendid kuluda ja vajada v\u00e4ljavahetamist. Kontrollige regulaarselt nende seisukorda ja vahetage need vastavalt vajadusele, et v\u00e4ltida h\u00fcdraulikavedeliku lekkeid.<\/li>\n<\/ul>\n<h2>Paigaldusjuhised<\/h2>\n<p>Poomi silindri korrektseks paigaldamiseks j\u00e4rgige neid juhiseid:<br \/>\n1. Enne paigaldamist veenduge, et t\u00f6\u00f6ala on puhas ja vaba prahist, mis v\u00f5ib silindri t\u00f6\u00f6d segada.<br \/>\n2. Joondage silinder \u00f5igesti kinnituspunktidega, et v\u00e4ltida t\u00f6\u00f6tamise ajal kinnikiilumist v\u00f5i valesti joondumist.<br \/>\n3. Kasutage silindri kinnitamiseks sobivaid tugiklambreid, tagades selle stabiilsuse ja paigalp\u00fcsimise kasutamise ajal.<br \/>\n4. P\u00e4rast silindri kinnitamist \u00fchendage h\u00fcdraulikavoolikud ja veenduge, et k\u00f5ik liitmikud oleksid lekete v\u00e4ltimiseks tihedalt kinni.<br \/>\n5. P\u00e4rast paigaldamist tehke enne t\u00e4ielikku kasutamist katsek\u00e4ivitus, et veenduda silindri korrektses ja sujuvas toimimises.<\/p>\n<h2>Levinumad hooldust\u00f6\u00f6d<\/h2>\n<ul>\n<li><strong>Regulaarsed kontrollid:<\/strong> Regulaarsed kontrollid on vajalikud, et potentsiaalsed probleemid enne nende t\u00f5siseks muutumist tuvastada. Otsige t\u00f6\u00f6 ajal lekete, kulumise v\u00f5i ebatavaliste helide m\u00e4rke. See ennetav l\u00e4henemisviis aitab remondi pealt aega ja raha kokku hoida.<\/li>\n<li><strong>\u00d5ige m\u00e4\u00e4rimine:<\/strong> Poomi silindri piisav m\u00e4\u00e4rimine on selle j\u00f5udluse seisukohalt \u00fclioluline. Kasutage tootja soovitatud \u00f5iget t\u00fc\u00fcpi h\u00fcdraulika\u00f5li ja kontrollige taset sageli, et v\u00e4ltida kuivaks minekut.<\/li>\n<li><strong>Tihendi vahetamine:<\/strong> Kuna tihendid aja jooksul kuluvad, tuleks need silindri j\u00f5udluse s\u00e4ilitamiseks v\u00e4lja vahetada. Kontrollige regulaarselt tihendeid kulumisj\u00e4lgede suhtes ja vahetage need vastavalt vajadusele. Tihendite n\u00f5uetekohane hooldus hoiab \u00e4ra lekked ja tagab h\u00fcdraulilise efektiivsuse.<\/li>\n<\/ul>\n<h2>Ohutuskaalutlused ja keskkonnategurid<\/h2>\n<p>Poomisilindritega t\u00f6\u00f6tamisel on \u00f5nnetuste v\u00e4ltimiseks \u00fclioluline rakendada ohutusmeetmeid. Operaatorid peaksid olema koolitatud h\u00fcdraulikas\u00fcsteemide p\u00f5hjalikuks m\u00f5istmiseks ja ohutusprotokollide j\u00e4rgimiseks. H\u00fcdraulikavedeliku lekete v\u00f5i mehaaniliste riketega seotud riskide minimeerimiseks on oluline kanda sobivaid isikukaitsevahendeid.<\/p>\n<p>Keskkonnas\u00e4\u00e4stlikkus peaks samuti h\u00fcdrauliliste toimingute puhul olema tegur. Biolagunevate h\u00fcdrauliliste vedelike kasutamine aitab v\u00e4hendada keskkonnam\u00f5ju ning kulunud komponentide n\u00f5uetekohane utiliseerimine on \u00f6koloogiliste standardite s\u00e4ilitamiseks \u00fclioluline. Pidevad koolitus- ja teadlikkuse programmid aitavad edendada ohutus- ja keskkonnavastutuskultuuri.<\/p>\n<h2>Veaotsing ja levinud probleemid<\/h2>\n<ul>\n<li><strong>Leke:<\/strong> H\u00fcdraulikavedeliku lekked v\u00f5ivad tekkida kulunud tihendite v\u00f5i lahtiste liitmike t\u00f5ttu. Regulaarsed kontrollid aitavad neid probleeme varakult avastada. Probleemi v\u00f5ib lahendada \u00fchenduste pingutamine v\u00f5i tihendite vahetamine.<\/li>\n<li><strong>Aeglane t\u00f6\u00f6:<\/strong> Kui noole silinder t\u00f6\u00f6tab aeglaselt, v\u00f5ib see viidata madalale h\u00fcdraulikavedeliku tasemele v\u00f5i \u00f5hu olemasolule s\u00fcsteemis. Kontrollige vedeliku taset ja vajadusel \u00f5hutage s\u00fcsteemi.<\/li>\n<li><strong>Ebatavalised helid:<\/strong> Imelikud helid t\u00f6\u00f6tamise ajal v\u00f5ivad viidata komponentide kulumisele v\u00f5i ebapiisavale m\u00e4\u00e4rimisele. Uurige ja lahendage k\u00f5ik v\u00f5imalikud probleemid kohe, et v\u00e4ltida edasisi kahjustusi.<\/li>\n<\/ul>\n<p>T\u00f5hus t\u00f5rkeotsing h\u00f5lmab s\u00fcmptomite m\u00f5istmist ja probleemide lahendamiseks asjakohaste meetmete v\u00f5tmist. Regulaarne hooldus ja kontrollid aitavad probleemide esinemist minimeerida, tagades s\u00fcsteemi t\u00f5hususe.<\/p>\n<p><img decoding=\"async\" src=\"https:\/\/www.hydraulic-cylinders.net\/wp-content\/uploads\/2025\/04\/songte-bushings-with-all-kinds-of-excavator-models.webp\" alt=\"Ekskavaatori mudelid\" \/><\/p>\n<h2>Meie ettev\u00f5ttest<\/h2>\n<p>Oleme juhtiv asendush\u00fcdrauliliste silindrite tootja, mille lai tootevalik on teinud meist nii sise- kui ka rahvusvahelistel turgudel v\u00f5tmetegija. Meie p\u00fchendumus tipptasemele ajendab meid kasutama t\u00e4ppistootmisstrateegiaid, mis parandavad tootmise juhtimist.<\/p>\n<p>Meie ettev\u00f5te investeerib oskuslikesse tehnilistesse t\u00f6\u00f6tajatesse ja t\u00e4iustatud digitaalsetesse tootmisseadmetesse, tagades k\u00f5rged standardid kogu meie tootmisplatvormil. R\u00f5hutame kvaliteedile orienteeritud tootmisprotsesse ja omame tugevaid loomingulisi v\u00f5imeid, mis v\u00f5imaldavad meil rahuldada klientide mitmekesiseid vajadusi suure t\u00f5hususega, t\u00e4psuse ja kvaliteediga.<\/p>\n<p><img decoding=\"async\" src=\"https:\/\/www.hydraulic-cylinders.net\/wp-content\/uploads\/2025\/04\/songte-company-4.webp\" alt=\"Ettev\u00f5tte \u00fclevaade\" \/><br \/>\n<img decoding=\"async\" src=\"https:\/\/www.hydraulic-cylinders.net\/wp-content\/uploads\/2025\/04\/songte-company-3.webp\" alt=\"Tootmisprotsess\" \/><\/p>\n<p>Meie keskendumine professionaalsusele, rahvusvahelistele sertifikaatidele ja kohandatud teenustele eristab meid turul. Oleme uhked, et pakume erakordset m\u00fc\u00fcgij\u00e4rgset tuge, tagades klientide rahulolu ja toodete pikaealisuse.<\/p>\n<p>Autor: lyl<\/p>","protected":false},"excerpt":{"rendered":"<p>Boom Cylinder For World Middle Excavator W2260LC-8 Introduction to Boom Cylinders The Boom Cylinder is a crucial component in the hydraulic systems of heavy machinery, particularly in excavators like the W2260LC-8. It serves to control the movement of the boom, allowing it to raise, lower, and tilt, thereby facilitating efficient material handling tasks. This specific [&hellip;]<\/p>","protected":false},"featured_media":17880,"comment_status":"open","ping_status":"closed","template":"","meta":{"_et_pb_use_builder":"","_et_pb_old_content":"","_et_gb_content_width":""},"product_brand":[],"product_cat":[1546],"product_tag":[1547,1496],"class_list":{"0":"post-19466","1":"product","2":"type-product","3":"status-publish","4":"has-post-thumbnail","6":"product_cat-boom-cylinders","7":"product_tag-boom-cylinders","8":"product_tag-hydraulic-cylinders","10":"first","11":"instock","12":"shipping-taxable","13":"product-type-simple"},"amp_enabled":true,"_links":{"self":[{"href":"https:\/\/www.hydraulic-cylinders.net\/et\/wp-json\/wp\/v2\/product\/19466","targetHints":{"allow":["GET"]}}],"collection":[{"href":"https:\/\/www.hydraulic-cylinders.net\/et\/wp-json\/wp\/v2\/product"}],"about":[{"href":"https:\/\/www.hydraulic-cylinders.net\/et\/wp-json\/wp\/v2\/types\/product"}],"replies":[{"embeddable":true,"href":"https:\/\/www.hydraulic-cylinders.net\/et\/wp-json\/wp\/v2\/comments?post=19466"}],"wp:featuredmedia":[{"embeddable":true,"href":"https:\/\/www.hydraulic-cylinders.net\/et\/wp-json\/wp\/v2\/media\/17880"}],"wp:attachment":[{"href":"https:\/\/www.hydraulic-cylinders.net\/et\/wp-json\/wp\/v2\/media?parent=19466"}],"wp:term":[{"taxonomy":"product_brand","embeddable":true,"href":"https:\/\/www.hydraulic-cylinders.net\/et\/wp-json\/wp\/v2\/product_brand?post=19466"},{"taxonomy":"product_cat","embeddable":true,"href":"https:\/\/www.hydraulic-cylinders.net\/et\/wp-json\/wp\/v2\/product_cat?post=19466"},{"taxonomy":"product_tag","embeddable":true,"href":"https:\/\/www.hydraulic-cylinders.net\/et\/wp-json\/wp\/v2\/product_tag?post=19466"}],"curies":[{"name":"wp","href":"https:\/\/api.w.org\/{rel}","templated":true}]}}