{"id":19468,"date":"2025-04-07T06:49:09","date_gmt":"2025-04-07T06:49:09","guid":{"rendered":"https:\/\/www.hydraulic-cylinders.net\/product\/boom-cylinder-for-world-large-excavator-w2425lc-8\/"},"modified":"2025-04-07T06:49:12","modified_gmt":"2025-04-07T06:49:12","slug":"boom-cylinder-for-world-large-excavator-w2425lc-8","status":"publish","type":"product","link":"https:\/\/www.hydraulic-cylinders.net\/et\/toode\/boom-cylinder-for-world-large-excavator-w2425lc-8\/","title":{"rendered":"Maailma suurekskavaatori W2425LC-8 poomi silinder"},"content":{"rendered":"<h1>Maailma suurekskavaatori W2425LC-8 poomi silinder<\/h1>\n<h2>Toote \u00fclevaade<\/h2>\n<p>See <strong>Maailma suurekskavaatori W2425LC-8 poomi silinder<\/strong> on rasketehnika oluline komponent, mis on spetsiaalselt loodud ekskavaatoripoomide liikumise juhtimiseks. See h\u00fcdrosilinder on \u00fclioluline mitmesuguste toimingute, n\u00e4iteks poomi t\u00f5stmise, langetamise ja kallutamise juhtimiseks, mis h\u00f5lbustab oluliselt materjalide k\u00e4itlemise \u00fclesandeid ehitusplatsidel ja muudes t\u00f6\u00f6stuslikes rakendustes.<\/p>\n<p><img decoding=\"async\" src=\"https:\/\/www.hydraulic-cylinders.net\/wp-content\/uploads\/2025\/04\/songte-company-1.webp\" alt=\"Ekskavaatori poomi silinder\"><\/p>\n<h3>Definitsioon ja funktsionaalsus<\/h3>\n<p>Poomi silinder, mida tavaliselt nimetatakse kopasilindriks, on h\u00fcdrauliline silinder, millel on keskne roll rasketehnika, n\u00e4iteks ekskavaatorite, esilaadurite ja esilaadurite h\u00fcdraulikas\u00fcsteemides. See v\u00f5imaldab poomil sooritada vertikaalseid ja nurkliigutusi, mis on kriitilise t\u00e4htsusega t\u00f5husa kaevamise ja materjalide transportimise jaoks. Poomi silindri konstruktsioon v\u00f5imaldab sellel t\u00f6\u00f6tada k\u00f5rge r\u00f5hu all, tagades usaldusv\u00e4\u00e4rse j\u00f5udluse n\u00f5udlikes keskkondades.<\/p>\n<h2>Peamised omadused<\/h2>\n<ul>\n<li><strong>Suur tugevus ja vastupidavus:<\/strong> Valmistatud \u00fclitugevast terasest v\u00f5i alumiiniumist, mis on loodud taluma k\u00f5rget r\u00f5hku ja suuri koormusi, sobib karmideks t\u00f6\u00f6tingimusteks ning on kulumis- ja korrosioonikindlate omadustega.<\/li>\n<li><strong>T\u00f5hus h\u00fcdrauliline t\u00f6\u00f6:<\/strong> Kasutab sujuvaks pikendamiseks ja tagasit\u00f5mbamiseks h\u00fcdraulika\u00f5li r\u00f5hku, pakkudes kiiret reageerimist juhtimisk\u00e4sklustele ning tugevat l\u00fckkamis- ja t\u00f5mbamisv\u00f5imet, mis on raskete t\u00f6\u00f6de puhul h\u00e4davajalik.<\/li>\n<li><strong>Erinevad konfiguratsioonid:<\/strong> Saadaval \u00fchetoimelise (h\u00fcdraulika t\u00f6\u00f6tab \u00fches suunas) v\u00f5i kahetoimelise (h\u00fcdraulika t\u00f6\u00f6tab m\u00f5lemas suunas) t\u00fc\u00fcpi h\u00fcdraulilisi konstruktsioone, et rahuldada erinevaid t\u00f6\u00f6vajadusi. M\u00f5nel mudelil on teleskoopkonstruktsioon, mis tagab suurema ulatuse ilma v\u00e4lism\u00f5\u00f5tmeid suurendamata, mis sobib ideaalselt kitsastesse ruumidesse.<\/li>\n<li><strong>Kohandatud tootmine:<\/strong> Meie tootmisv\u00f5imalused v\u00f5imaldavad meil luua silindreid, mis asendavad ideaalselt olemasolevaid h\u00fcdrosilindreid.<\/li>\n<li><strong>Kvaliteedi tagamine:<\/strong> Iga silindrit testitakse hoolikalt, et tagada optimaalne j\u00f5udlus ja t\u00f6\u00f6kindlus k\u00f5igis rakendustes.<\/li>\n<\/ul>\n<p><img decoding=\"async\" src=\"https:\/\/www.hydraulic-cylinders.net\/wp-content\/uploads\/2025\/04\/songte-cylinder-head-with-all-kinds-excavator-models.webp\" alt=\"Ekskavaatori silindrite t\u00fc\u00fcbid\"><\/p>\n<h2>Rakendused<\/h2>\n<h3>Ehitustehnika<\/h3>\n<p>Ekskavaatorites on noolesilindrid \u00fcliolulised t\u00f5husaks kaevamiseks, laadimiseks ja mulla v\u00f5i prahi teisaldamiseks. Need v\u00f5imaldavad operaatoril kontrollida noole k\u00f5rgust ja nurka, mis lihtsustab s\u00fcgavamale kaevamist ja kaugemale ulatumist. Ekskavaatorlaadurites aitab noolesilinder nii kaevamis- kui ka t\u00f5stet\u00f6\u00f6del, pakkudes mitmek\u00fclgsust ehitust\u00f6\u00f6del.<\/p>\n<h3>P\u00f5llumajandustehnika<\/h3>\n<p>Esilaadurid kasutavad mulla, heina ja muude materjalide kopeerimiseks, t\u00f5stmiseks ja transportimiseks noolesilindreid. Nende silindrite t\u00f5hus t\u00f6\u00f6 on oluline p\u00f5llumajandust\u00f6\u00f6de puhul, mis n\u00f5uavad raskete materjalide t\u00f5stmist ja transportimist p\u00f5ldude ja talude vahel.<\/p>\n<h3>Kaevet\u00f6\u00f6de \u00fclesanded<\/h3>\n<p>Ekskavaatorites v\u00f5imaldab noole silinder kopal t\u00f5husalt pinnasesse tungida, h\u00f5lbustades kaevamisprotsessi. See v\u00f5ime on \u00fclioluline mitmesuguste ehitusprojektide, sealhulgas kaevamise ja platsi ettevalmistamise puhul.<\/p>\n<h3>Laadurid<\/h3>\n<p>Esilaaduritel aitavad noole silindrid koormaid t\u00f5husalt t\u00f5sta ja t\u00fchjendada. Poomi nurga ja k\u00f5rguse reguleerimise v\u00f5imalus v\u00f5imaldab materjale t\u00e4pselt paigutada, suurendades t\u00f6\u00f6platsi tootlikkust.<\/p>\n<h2>Projekteerimiskaalutlused ja valikukriteeriumid<\/h2>\n<h3>Kandev\u00f5ime<\/h3>\n<p>Noole silindri valimisel on oluline arvestada selle kandev\u00f5imega. See peab suutma taluda teisaldatavate materjalide raskust, ilma et see kahjustaks j\u00f5udlust v\u00f5i ohutust. Eeldataval koormusel p\u00f5hinevad korralikud arvutused tagavad silindri t\u00f6\u00f6tamise ohututes piirides.<\/p>\n<h3>Tihendus ja vastupidavus<\/h3>\n<p>H\u00fcdrosilindri tihendus on r\u00f5hu s\u00e4ilitamiseks ja vedeliku lekke v\u00e4ltimiseks \u00fclioluline. Vastupidavatest materjalidest valmistatud kvaliteetsed tihendid pikendavad silindri eluiga ja v\u00e4hendavad hooldusvajadust. Konstruktsioon peaks sisaldama omadusi, mis parandavad tihendusv\u00f5imet, tagades pikaealisuse ja t\u00f6\u00f6kindluse.<\/p>\n<h3>Turvaelemendid<\/h3>\n<p>H\u00fcdrauliliste silindrite projekteerimisel on ohutuskaalutlused esmat\u00e4htsad. \u00d5nnetuste v\u00e4ltimiseks tuleks integreerida sellised omadused nagu \u00fclekoormuskaitse, r\u00f5hukaitseklapid ja rikkeohutusseadised. Need ohutusmeetmed tagavad seadmete t\u00f6\u00f6tamise ohutute parameetrite piires, kaitstes nii operaatoreid kui ka masinaid.<\/p>\n<h3>Hooldatavus<\/h3>\n<p>H\u00fcdrosilindri projekteerimine hooldust silmas pidades h\u00f5lbustab kontrolli ja remonti. Komponendid peaksid olema ligip\u00e4\u00e4setavad ja konstruktsioon peaks v\u00f5imaldama rutiinseid hooldust\u00f6id ilma ulatusliku lahtiv\u00f5tmiseta. See l\u00e4henemisviis minimeerib seisakuid ja suurendab t\u00f6\u00f6 efektiivsust.<\/p>\n<p><img decoding=\"async\" src=\"https:\/\/www.hydraulic-cylinders.net\/wp-content\/uploads\/2025\/04\/songte-oil-pipes-and-spare-parts.webp\" alt=\"H\u00fcdrauliliste silindrite osad\"><\/p>\n<h2>Tihendus ja m\u00e4\u00e4rimine<\/h2>\n<p>T\u00f5hus tihendamine on h\u00fcdrauliliste silindrite puhul \u00fclioluline. H\u00fcdraulilise r\u00f5hu s\u00e4ilitamiseks ja saastumise v\u00e4ltimiseks kasutatakse mitmesuguseid tihendeid, n\u00e4iteks kolvitihendeid ja varrastihendeid. Selliste materjalide nagu pol\u00fcuretaan ja nitriilkummi kasutamine on nende kulumiskindluse t\u00f5ttu tavaline. Silindri korpus ja keermestatud otsad l\u00e4bivad t\u00e4ppist\u00f6\u00f6tluse, et suurendada kulumiskindlust ja tagada pikk kasutusiga. Optimaalse j\u00f5udluse s\u00e4ilitamiseks, h\u00f5\u00f5rdumise ja liikuvate osade kulumise v\u00e4hendamiseks on vajalik regulaarne m\u00e4\u00e4rimine h\u00fcdraulika\u00f5liga.<\/p>\n<h2>Ennetavad hooldusmeetmed<\/h2>\n<ul>\n<li><strong>Regulaarsed kontrollid:<\/strong> Planeerige regulaarseid kontrolle, et tuvastada kulumise, lekke v\u00f5i muude v\u00f5imalike probleemide m\u00e4rke. Nende probleemide \u00f5igeaegne lahendamine aitab v\u00e4ltida kulukaid remondit\u00f6id ja tagada ballooni t\u00f5husa t\u00f6\u00f6.<\/li>\n<li><strong>Sobiv m\u00e4\u00e4rimine:<\/strong> Veenduge, et h\u00fcdraulika\u00f5li tase on piisav ja et liikuvaid osi m\u00e4\u00e4ritakse regulaarselt, et minimeerida kulumist.<\/li>\n<li><strong>Tihendi vahetamine:<\/strong> J\u00e4lgige tihendite seisukorda ja vahetage need vastavalt vajadusele, et s\u00e4ilitada r\u00f5hk ja v\u00e4ltida lekkeid. Tihendite regulaarne kontrollimine aitab v\u00e4ltida ootamatuid rikkeid.<\/li>\n<\/ul>\n<h2>Paigaldusjuhised<\/h2>\n<p>Poomi silindri paigaldamine n\u00f5uab detailidele suurt t\u00e4helepanu. Alustage veendumisest, et k\u00f5ik kinnituspunktid on puhtad ja prahist vabad. Joondage silinder \u00f5igesti kinnitusklambritega, et v\u00e4ltida tihendite liigset pinget. Kasutage silindri kinnitamiseks sobivaid kinnitusklambreid, veendudes, et see on stabiilne ja suudab t\u00f6\u00f6tamise ajal vajalikke j\u00f5ude taluda. Samuti on oluline j\u00e4rgida tootja spetsifikatsioone h\u00fcdrauliliste \u00fchenduste kohta, et v\u00e4ltida lekkeid ja tagada optimaalne j\u00f5udlus. P\u00e4rast paigaldamist tehke proovik\u00e4ivitus, et veenduda k\u00f5ige korrektses toimimises, ja kontrollige lekete v\u00f5i ebatavaliste helide suhtes.<\/p>\n<h2>Hooldus\u00fclesanded<\/h2>\n<h3>Regulaarsed kontrollid<\/h3>\n<p>Kontrollige regulaarselt h\u00fcdros\u00fcsteemi, et tuvastada kulumise v\u00f5i kahjustuste m\u00e4rke. See h\u00f5lmab voolikute, torude ja \u00fchenduspunktide kontrollimist lekete v\u00f5i pragude suhtes. Nende probleemide \u00f5igeaegne lahendamine v\u00f5ib pikendada h\u00fcdrosilindri eluiga ja v\u00e4ltida s\u00fcsteemi rikkeid.<\/p>\n<h3>\u00d5ige m\u00e4\u00e4rimine<\/h3>\n<p>Veenduge, et h\u00fcdrosilinder oleks alati piisavalt m\u00e4\u00e4ritud. See h\u00f5lmab h\u00fcdraulikavedeliku taseme kontrollimist ja vajadusel vedelike vahetamist. N\u00f5uetekohane m\u00e4\u00e4rimine minimeerib liikuvate osade h\u00f5\u00f5rdumist ja kulumist, suurendades seel\u00e4bi silindri t\u00f6\u00f6 efektiivsust.<\/p>\n<h3>Tihendi vahetamine ja kalibreerimine<\/h3>\n<p>Kontrollige regulaarselt tihendeid kulumise v\u00f5i kahjustuste suhtes. Kulunud tihendite vahetamine on silindri j\u00f5udluse s\u00e4ilitamiseks ja lekete v\u00e4ltimiseks \u00fclioluline. Lisaks tuleks teha kalibreerimiskontrolle, et tagada silindri t\u00f6\u00f6tamine etten\u00e4htud parameetrite piires.<\/p>\n<p><img decoding=\"async\" src=\"https:\/\/www.hydraulic-cylinders.net\/wp-content\/uploads\/2025\/04\/songte-chushion-collar.webp\" alt=\"Silindri paigaldusosad\"><\/p>\n<h2>Ohutuskaalutlused ja keskkonnategurid<\/h2>\n<p>H\u00fcdrauliliste silindrite kasutamisel on ohutusmeetmed \u00fcliolulised. Operaatorid peaksid olema koolitatud m\u00f5istma h\u00fcdrauliliste masinatega seotud riske ja j\u00e4rgima ohutuid t\u00f6\u00f6protseduure. Regulaarsed ohutusauditid aitavad tuvastada v\u00f5imalikke ohte ja tagada ohutusstandardite j\u00e4rgimise. Samuti m\u00e4ngivad rolli keskkonnakaalutlused; n\u00e4iteks biolagunevate h\u00fcdrauliliste vedelike kasutamine v\u00f5ib minimeerida keskkonnam\u00f5ju, pakkudes samal ajal t\u00f5husat m\u00e4\u00e4rimist.<\/p>\n<h2>Levinud probleemide t\u00f5rkeotsing<\/h2>\n<ul>\n<li><strong>Leke:<\/strong> M\u00e4rgatava lekke korral kontrollige k\u00f5igepealt tihendeid. Kulunud v\u00f5i kahjustatud tihendid on sageli s\u00fc\u00fcdlased ja need tuleks kohe v\u00e4lja vahetada.<\/li>\n<li><strong>V\u00e4hendatud j\u00f5udlus:<\/strong> Kui silinder ei t\u00f6\u00f6ta t\u00f5husalt, v\u00f5ib see olla tingitud madalast h\u00fcdraulikavedeliku tasemest v\u00f5i m\u00e4\u00e4rdunud vedelikust. Kontrollige vedeliku taset ja kvaliteeti ning vajadusel vahetage see v\u00e4lja.<\/li>\n<li><strong>Kolvi kinnikiilumine:<\/strong> Kui kolb j\u00e4\u00e4b kinni, kontrollige silindrit v\u00f5\u00f5rkehade suhtes ja veenduge, et tihendid on terved. Regulaarne hooldus aitab seda probleemi v\u00e4ltida.<\/li>\n<\/ul>\n<h2>Veaotsingu n\u00e4pun\u00e4ited<\/h2>\n<p>Probleemide t\u00f5husaks diagnoosimiseks ja lahendamiseks peaksid operaatorid pidama logi k\u00f5ikidest ebakorrap\u00e4rasustest ja v\u00f5etud meetmetest. Regulaarne koolitus rikete s\u00fcmptomite \u00e4ratundmise kohta aitab operaatoritel probleemidele kiiresti reageerida. Ennetavad meetmed, n\u00e4iteks regulaarne hooldus ja k\u00e4itusjuhiste j\u00e4rgimine, v\u00f5ivad probleemide esinemist oluliselt v\u00e4hendada.<\/p>\n<p><img decoding=\"async\" src=\"https:\/\/www.hydraulic-cylinders.net\/wp-content\/uploads\/2025\/04\/songte-bushings-with-all-kinds-of-excavator-models.webp\" alt=\"Ekskavaatori osad\"><\/p>\n<h2>Meie ettev\u00f5ttest<\/h2>\n<p>Oleme juhtiv asendush\u00fcdrauliliste silindrite tootja ja hulgim\u00fc\u00fcja, teenindades nii sise- kui ka rahvusvahelisi turge. Meie lai tootevalik ja p\u00fchendumus tipptasemele on teinud meist h\u00fcdrosilindrite tootmises parima valiku. J\u00e4rgime k\u00f5rgeid kvaliteedistandardeid, rakendades t\u00e4iustatud tootmise juhtimisstrateegiaid ja digitaalseid tipptasemel tootmisseadmeid. Meie meeskond koosneb oskuslikest tehnikutest, kes on p\u00fchendunud meie tootmisv\u00f5imaluste t\u00e4iustamisele. Keskendudes t\u00f5hususele, t\u00e4psusele ja kvaliteedile, rahuldame klientide mitmekesiseid vajadusi, tagades samal ajal optimaalse toote j\u00f5udluse.<\/p>\n<p><img decoding=\"async\" src=\"https:\/\/www.hydraulic-cylinders.net\/wp-content\/uploads\/2025\/04\/songte-company-4.webp\" alt=\"Ettev\u00f5tte \u00fclevaade\"><br \/>\n<img decoding=\"async\" src=\"https:\/\/www.hydraulic-cylinders.net\/wp-content\/uploads\/2025\/04\/songte-company-3.webp\" alt=\"Tootmisrajatised\"><\/p>\n<p>Autor: lyl<\/p>","protected":false},"excerpt":{"rendered":"<p>Boom Cylinder For World Large Excavator W2425LC-8 Product Overview The Boom Cylinder for World Large Excavator W2425LC-8 is an essential component in heavy machinery, designed specifically for managing the movement of excavator booms. This hydraulic cylinder is crucial for controlling various operations such as lifting, lowering, and tilting the boom, which significantly facilitates material handling [&hellip;]<\/p>","protected":false},"featured_media":17867,"comment_status":"open","ping_status":"closed","template":"","meta":{"_et_pb_use_builder":"","_et_pb_old_content":"","_et_gb_content_width":""},"product_brand":[],"product_cat":[1546],"product_tag":[1547,1496],"class_list":{"0":"post-19468","1":"product","2":"type-product","3":"status-publish","4":"has-post-thumbnail","6":"product_cat-boom-cylinders","7":"product_tag-boom-cylinders","8":"product_tag-hydraulic-cylinders","10":"first","11":"instock","12":"shipping-taxable","13":"product-type-simple"},"amp_enabled":true,"_links":{"self":[{"href":"https:\/\/www.hydraulic-cylinders.net\/et\/wp-json\/wp\/v2\/product\/19468","targetHints":{"allow":["GET"]}}],"collection":[{"href":"https:\/\/www.hydraulic-cylinders.net\/et\/wp-json\/wp\/v2\/product"}],"about":[{"href":"https:\/\/www.hydraulic-cylinders.net\/et\/wp-json\/wp\/v2\/types\/product"}],"replies":[{"embeddable":true,"href":"https:\/\/www.hydraulic-cylinders.net\/et\/wp-json\/wp\/v2\/comments?post=19468"}],"wp:featuredmedia":[{"embeddable":true,"href":"https:\/\/www.hydraulic-cylinders.net\/et\/wp-json\/wp\/v2\/media\/17867"}],"wp:attachment":[{"href":"https:\/\/www.hydraulic-cylinders.net\/et\/wp-json\/wp\/v2\/media?parent=19468"}],"wp:term":[{"taxonomy":"product_brand","embeddable":true,"href":"https:\/\/www.hydraulic-cylinders.net\/et\/wp-json\/wp\/v2\/product_brand?post=19468"},{"taxonomy":"product_cat","embeddable":true,"href":"https:\/\/www.hydraulic-cylinders.net\/et\/wp-json\/wp\/v2\/product_cat?post=19468"},{"taxonomy":"product_tag","embeddable":true,"href":"https:\/\/www.hydraulic-cylinders.net\/et\/wp-json\/wp\/v2\/product_tag?post=19468"}],"curies":[{"name":"wp","href":"https:\/\/api.w.org\/{rel}","templated":true}]}}