{"id":19470,"date":"2025-04-07T06:49:14","date_gmt":"2025-04-07T06:49:14","guid":{"rendered":"https:\/\/www.hydraulic-cylinders.net\/product\/boom-cylinder-for-world-large-excavator-w2360blc-8\/"},"modified":"2025-04-07T06:49:17","modified_gmt":"2025-04-07T06:49:17","slug":"boom-cylinder-for-world-large-excavator-w2360blc-8","status":"publish","type":"product","link":"https:\/\/www.hydraulic-cylinders.net\/et\/toode\/boom-cylinder-for-world-large-excavator-w2360blc-8\/","title":{"rendered":"Maailma suurekskavaatori W2360BLC-8 poomi silinder"},"content":{"rendered":"<h1>Maailma suurekskavaatori W2360BLC-8 poomi silinder<\/h1>\n<h2>Poomi silindrite m\u00f5istmine<\/h2>\n<p>Spetsiaalselt raskete masinate, n\u00e4iteks ekskavaatorite jaoks loodud noole silinder m\u00e4ngib h\u00fcdraulikas\u00fcsteemis olulist rolli. See h\u00fcdrauliline silinder on konstrueeritud ekskavaatorite, laadur-ekskavaatori ja esilaaduri kopa liikumise juhtimiseks. V\u00f5imaldades kopa t\u00f5stmist, langetamist ja kallutamist, h\u00f5lbustab see t\u00f5husat materjali k\u00e4itlemist. See oluline komponent t\u00f6\u00f6tab h\u00fcdraulilise vedeliku r\u00f5hu abil, mis v\u00f5imaldab raskete koormate t\u00e4pset liigutamist ja k\u00e4sitsemist.<\/p>\n<p><img decoding=\"async\" src=\"https:\/\/www.hydraulic-cylinders.net\/wp-content\/uploads\/2025\/04\/songte-company-1.webp\" alt=\"Ekskavaatori poomi silinder\" \/><\/p>\n<h2>Poomi silindri omadused<\/h2>\n<ul>\n<li><strong>Suur tugevus ja vastupidavus:<\/strong> Valmistatud \u00fclitugevast terasest v\u00f5i alumiiniumist, mis talub k\u00f5rget r\u00f5hku ja suuri koormusi, on loodud kulumis- ja korrosioonikindlaks, pikendades seel\u00e4bi t\u00f6\u00f6iga.<\/li>\n<li><strong>T\u00f5hus h\u00fcdrauliline t\u00f6\u00f6:<\/strong> Sujuvad v\u00e4lja- ja sisset\u00f5mbamisliigutused h\u00fcdraulilise \u00f5lir\u00f5hu abil, mis v\u00f5imaldab kiiret reageerimist juhtimisk\u00e4sklustele ning pakub v\u00f5imsaid l\u00fckkamis- ja t\u00f5mbamisv\u00f5imalusi, mis sobivad rasketeks t\u00f6\u00f6deks.<\/li>\n<li><strong>T\u00fc\u00fcpide mitmekesisus:<\/strong> Saadaval \u00fchetoimelise (h\u00fcdrauliline \u00fches suunas) v\u00f5i kahetoimelise (h\u00fcdrauliline m\u00f5lemas suunas) silindritega, m\u00f5ned mudelid pakuvad teleskoopv\u00f5imalusi suuremaks pikendamiseks ilma v\u00e4lism\u00f5\u00f5tmeid suurendamata, mis sobib ideaalselt kitsastesse ruumidesse.<\/li>\n<\/ul>\n<p>Meie tooted suudavad neid h\u00fcdrosilindreid ideaalselt asendada.<\/p>\n<p><img decoding=\"async\" src=\"https:\/\/www.hydraulic-cylinders.net\/wp-content\/uploads\/2025\/04\/songte-cylinder-head-with-all-kinds-excavator-models.webp\" alt=\"Ekskavaatori mudelid\" \/><\/p>\n<h2>Poomisilindrite rakendusstsenaariumid<\/h2>\n<h3>Ehitustehnika<\/h3>\n<p>Ekskavaatorites on noolesilindrid \u00fcliolulised kaevamiseks, laadimiseks ja pinnase v\u00f5i prahi teisaldamiseks. Need v\u00f5imaldavad t\u00e4pset juhtimist, mis on vajalik pinnasesse t\u00f5husaks tungimiseks, muutes need ehitust\u00f6\u00f6del asendamatuks.<\/p>\n<h3>P\u00f5llumajandustehnika<\/h3>\n<p>Esilaadurites kasutatavad noolesilindrid h\u00f5lbustavad mulla, heina ja muude materjalide koputamist, t\u00f5stmist ja transportimist. Nende vastupidav konstruktsioon tagab, et need saavad p\u00f5llumajandust\u00f6\u00f6de n\u00f5udmistega t\u00f5husalt hakkama.<\/p>\n<h3>Ekskavaatorid<\/h3>\n<p>Ekskavaatorites on noole silinder kaevamisliigutuse jaoks \u00fclioluline, v\u00f5imaldades kopal t\u00f5husalt pinnasesse tungida. See funktsioon on oluline paljude kaevamist\u00f6\u00f6de jaoks erinevatel maastikel.<\/p>\n<h3>Laadurid<\/h3>\n<p>Esilaadurites aitavad noolesilindrid materjale t\u00f5husalt t\u00f5sta ja t\u00fchjendada, suurendades t\u00f6\u00f6objektidel tootlikkust ja t\u00f6\u00f6 efektiivsust.<\/p>\n<h2>Projekteerimiskaalutlused ja valikukriteeriumid<\/h2>\n<h3>Kandev\u00f5ime<\/h3>\n<p>Poomi silindri valimisel on kandev\u00f5ime \u00fclioluline. See m\u00e4\u00e4rab maksimaalse raskuse, mida silinder suudab ohutult t\u00f5sta ja k\u00e4sitseda. Ohutuse ja efektiivsuse tagamiseks peavad insenerid arvutama eeldatavad koormused t\u00f6\u00f6 ajal.<\/p>\n<h3>Tihendus<\/h3>\n<p>Tihendus on h\u00fcdraulikavedeliku lekete v\u00e4ltimiseks kriitilise t\u00e4htsusega. Kvaliteetsed tihendid tagavad pikaealisuse ja efektiivsuse, kuna need kaitsevad saasteainete eest ja hoiavad s\u00fcsteemis r\u00f5hku. Tihendite \u00f5ige materjalivalik, n\u00e4iteks pol\u00fcuretaan v\u00f5i nitriilkummi, suurendab vastupidavust.<\/p>\n<h3>Vastupidavus<\/h3>\n<p>Vastupidavus on \u00fclioluline, kuna noole silindrid t\u00f6\u00f6tavad karmides tingimustes. Tootjate konstruktsioonid, mis arvestavad kulumiskindluse ja korrosioonikaitsega, pikendavad nende komponentide eluiga m\u00e4rkimisv\u00e4\u00e4rselt.<\/p>\n<h3>Ohutus<\/h3>\n<p>Ohutusfunktsioonid tuleb konstruktsiooni integreerida, et v\u00e4ltida rikkeid, mis v\u00f5ivad p\u00f5hjustada \u00f5nnetusi. See h\u00f5lmab r\u00f5huvabastusventiile ja rikkekindlaid mehhanisme, mis takistavad kontrollimatuid liikumisi.<\/p>\n<h3>Hooldus<\/h3>\n<p>Hoolduse lihtsus on disainimisel oluline tegur. Silindreid peaks olema lihtne kontrollida, m\u00e4\u00e4rida ja osi vahetada, minimeerides seisakuid ja hoolduskulusid.<\/p>\n<p><img decoding=\"async\" src=\"https:\/\/www.hydraulic-cylinders.net\/wp-content\/uploads\/2025\/04\/songte-oil-pipes-and-spare-parts.webp\" alt=\"H\u00fcdraulilised komponendid\" \/><\/p>\n<h2>Silindri tihendamine ja m\u00e4\u00e4rimine<\/h2>\n<p>T\u00f5hus tihendus saavutatakse mitmesuguste tihendite abil, sealhulgas kolvitihendite ja varrastihendite abil, mis on valmistatud vastupidavatest materjalidest, nagu pol\u00fcuretaan ja nitriilkummi, et suurendada kulumiskindlust. Silindri korpus ja keermestatud otsapinnad l\u00e4bivad peent\u00f6\u00f6tluse, et parandada vastupidavust. Optimaalse j\u00f5udluse tagamiseks, sujuva t\u00f6\u00f6 tagamiseks ja kulumise minimeerimiseks on oluline ka regulaarne m\u00e4\u00e4rimine piisava koguse h\u00fcdraulika\u00f5liga.<\/p>\n<h2>Regulaarne kontroll ja ennetav hooldus<\/h2>\n<ul>\n<li><strong>Rutiinsed kontrollid:<\/strong> Regulaarne kontroll aitab kulumist ja kahjustusi varakult tuvastada, v\u00f5imaldades \u00f5igeaegset remonti, mis aitab v\u00e4ltida suuremaid probleeme.<\/li>\n<li><strong>\u00d5ige m\u00e4\u00e4rimine:<\/strong> N\u00f5uetekohase m\u00e4\u00e4rimise tagamine tagab h\u00fcdraulikas\u00fcsteemi sujuva t\u00f6\u00f6 ja pikendab komponentide eluiga.<\/li>\n<li><strong>Tihendi vahetamine ja kalibreerimise kontrollimine:<\/strong> Tihendi kulumise ja kalibreerimise regulaarsed kontrollid s\u00e4ilitavad silindri t\u00f5hususe ja ennetavad lekkeid v\u00f5i rikkeid.<\/li>\n<\/ul>\n<h2>Paigaldusjuhised<\/h2>\n<p>N\u00f5uetekohane paigaldamine on poomi silindrite toimimise seisukohalt \u00fclioluline. Alustage veendumaks, et k\u00f5ik kinnituspinnad on puhtad ja prahist vabad. Joondage silinder \u00f5igesti kinnituspunktidega, kasutades kinnitamiseks sobivaid kinnitusklambreid. J\u00e4rgige tootja spetsifikatsioone p\u00f6\u00f6rdemomendi s\u00e4tete kohta ja veenduge, et voolikud on \u00fchendatud ilma murdumisteta. Kontrollige paigaldamise ajal regulaarselt joondust, et v\u00e4ltida komponentide liigset pinget. P\u00e4rast silindri kinnitamist veenduge, et h\u00fcdros\u00fcsteem on korralikult vedelikuga t\u00e4idetud ja \u00f5hutaskutest vaba.<\/p>\n<h2>Levinumad hooldust\u00f6\u00f6d<\/h2>\n<h3>Regulaarne kontroll<\/h3>\n<p>Rutiinsete kontrollide tegemine v\u00f5imaldab varakult avastada probleeme, nagu lekked, kulumine v\u00f5i joondusvead. Regulaarsed kontrollid aitavad s\u00e4ilitada ballooni t\u00f6\u00f6 efektiivsust ja ohutust.<\/p>\n<h3>Sobiv m\u00e4\u00e4rimine<\/h3>\n<p>H\u00fcdraulikas\u00fcsteemi m\u00e4\u00e4rimine tagab k\u00f5igi liikuvate osade sujuva t\u00f6\u00f6, v\u00e4hendades h\u00f5\u00f5rdumist ja kulumist. See tava on silindri pikaealisuse jaoks \u00fclioluline.<\/p>\n<h3>Tihendi vahetamine ja kalibreerimise kontrollimine<\/h3>\n<p>Tihendite kulumise j\u00e4lgimine ja kalibreerimiskontrollide tegemine tagab silindri t\u00f6\u00f6v\u00f5ime s\u00e4ilimise. Kulunud tihendite vahetamine hoiab \u00e4ra h\u00fcdraulikavedeliku lekked ja s\u00e4ilitab s\u00fcsteemi terviklikkuse.<\/p>\n<p><img decoding=\"async\" src=\"https:\/\/www.hydraulic-cylinders.net\/wp-content\/uploads\/2025\/04\/songte-chushion-collar.webp\" alt=\"Padjakaelus\" \/><\/p>\n<h2>Ohutuskaalutlused ja keskkonnategurid<\/h2>\n<p>Ohutusmeetmed on noolesilindrite t\u00f6\u00f6tamise ajal kriitilise t\u00e4htsusega. Operaatorid peavad olema koolitatud m\u00f5istma h\u00fcdraulikas\u00fcsteemidega seotud riske, sealhulgas v\u00f5imalikke lekkeid v\u00f5i rikkeid. N\u00f5uetekohane k\u00e4sitsemine ja hooldus aitavad kaasa ohutuma t\u00f6\u00f6keskkonna loomisele, v\u00e4hendades \u00f5nnetuste ohtu.<\/p>\n<h2>Veaotsing ja levinud probleemid<\/h2>\n<ul>\n<li><strong>Leke:<\/strong> H\u00fcdraulikavedeliku lekkeid v\u00f5ivad p\u00f5hjustada kulunud tihendid v\u00f5i kahjustatud voolikud. Kontrollige tihendeid ja voolikuid regulaarselt ning vajadusel vahetage need v\u00e4lja.<\/li>\n<li><strong>Ebapiisav v\u00f5imsus:<\/strong> Kui silinder ei suuda piisavalt koormusi t\u00f5sta, kontrollige h\u00fcdraulikavedeliku taset ja veenduge, et s\u00fcsteemis poleks ummistusi.<\/li>\n<li><strong>Ebatavalised helid:<\/strong> Krigisev v\u00f5i susisev heli v\u00f5ib viidata sisemistele kahjustustele v\u00f5i s\u00fcsteemi j\u00e4\u00e4nud \u00f5hule. Vajadusel tehke p\u00f5hjalik kontroll ja \u00f5hutage s\u00fcsteem.<\/li>\n<\/ul>\n<p>Ennetusmeetmete rakendamine, n\u00e4iteks regulaarne hooldus ja \u00fclevaatused, v\u00f5ib oluliselt v\u00e4hendada nende probleemide tekkimise t\u00f5en\u00e4osust, tagades usaldusv\u00e4\u00e4rse ja ohutu t\u00f6\u00f6keskkonna.<\/p>\n<p><img decoding=\"async\" src=\"https:\/\/www.hydraulic-cylinders.net\/wp-content\/uploads\/2025\/04\/songte-bushings-with-all-kinds-of-excavator-models.webp\" alt=\"Ekskavaatorite puksid\" \/><\/p>\n<h2>Meie ettev\u00f5ttest<\/h2>\n<p>Oleme juhtiv asendush\u00fcdrauliliste silindrite tootja, pakkudes laia tootevalikut, mis on teinud meist silmapaistva tegija nii sise- kui ka rahvusvahelistel turgudel. Meie p\u00fchendumust tipptasemele toetab t\u00e4iustatud tootmisjuhtimise strateegia, mis r\u00f5hutab k\u00f5rgeid tootmisstandardeid. Meie meeskond koosneb oskuslikest spetsialistidest ning me kasutame t\u00e4iustatud digitaalseid tootmisseadmeid ja testimiss\u00fcsteeme, t\u00e4iustades pidevalt oma tootmisliine. See p\u00fchendumus kvaliteedile tagab, et rahuldame klientide mitmekesiseid vajadusi suure efektiivsuse, t\u00e4psuse ja suurep\u00e4rase tootekvaliteediga.<\/p>\n<p>Oleme uhked oma spetsialiseerumise, rahvusvaheliste sertifikaatide, kohandatud teenuste, t\u00e4iustatud tootmisseadmete ja erakordse m\u00fc\u00fcgij\u00e4rgse toe \u00fcle.<\/p>\n<p><img decoding=\"async\" src=\"https:\/\/www.hydraulic-cylinders.net\/wp-content\/uploads\/2025\/04\/songte-company-4.webp\" alt=\"Ettev\u00f5tte \u00fclevaade\" \/><br \/>\n<img decoding=\"async\" src=\"https:\/\/www.hydraulic-cylinders.net\/wp-content\/uploads\/2025\/04\/songte-company-3.webp\" alt=\"Ettev\u00f5tte tootmine\" \/><\/p>\n<p>Autor: lyl<\/p>","protected":false},"excerpt":{"rendered":"<p>Boom Cylinder For World Large Excavator W2360BLC-8 Understanding Boom Cylinders A boom cylinder, specifically designed for heavy machinery like excavators, plays a crucial role in the hydraulic system. This hydraulic cylinder is engineered to control the movement of the bucket in excavators, backhoe loaders, and front loaders. By enabling the bucket to lift, lower, and [&hellip;]<\/p>","protected":false},"featured_media":17869,"comment_status":"open","ping_status":"closed","template":"","meta":{"_et_pb_use_builder":"","_et_pb_old_content":"","_et_gb_content_width":""},"product_brand":[],"product_cat":[1546],"product_tag":[1547,1496],"class_list":{"0":"post-19470","1":"product","2":"type-product","3":"status-publish","4":"has-post-thumbnail","6":"product_cat-boom-cylinders","7":"product_tag-boom-cylinders","8":"product_tag-hydraulic-cylinders","10":"first","11":"instock","12":"shipping-taxable","13":"product-type-simple"},"amp_enabled":true,"_links":{"self":[{"href":"https:\/\/www.hydraulic-cylinders.net\/et\/wp-json\/wp\/v2\/product\/19470","targetHints":{"allow":["GET"]}}],"collection":[{"href":"https:\/\/www.hydraulic-cylinders.net\/et\/wp-json\/wp\/v2\/product"}],"about":[{"href":"https:\/\/www.hydraulic-cylinders.net\/et\/wp-json\/wp\/v2\/types\/product"}],"replies":[{"embeddable":true,"href":"https:\/\/www.hydraulic-cylinders.net\/et\/wp-json\/wp\/v2\/comments?post=19470"}],"wp:featuredmedia":[{"embeddable":true,"href":"https:\/\/www.hydraulic-cylinders.net\/et\/wp-json\/wp\/v2\/media\/17869"}],"wp:attachment":[{"href":"https:\/\/www.hydraulic-cylinders.net\/et\/wp-json\/wp\/v2\/media?parent=19470"}],"wp:term":[{"taxonomy":"product_brand","embeddable":true,"href":"https:\/\/www.hydraulic-cylinders.net\/et\/wp-json\/wp\/v2\/product_brand?post=19470"},{"taxonomy":"product_cat","embeddable":true,"href":"https:\/\/www.hydraulic-cylinders.net\/et\/wp-json\/wp\/v2\/product_cat?post=19470"},{"taxonomy":"product_tag","embeddable":true,"href":"https:\/\/www.hydraulic-cylinders.net\/et\/wp-json\/wp\/v2\/product_tag?post=19470"}],"curies":[{"name":"wp","href":"https:\/\/api.w.org\/{rel}","templated":true}]}}