{"id":19483,"date":"2025-04-07T06:50:06","date_gmt":"2025-04-07T06:50:06","guid":{"rendered":"https:\/\/www.hydraulic-cylinders.net\/product\/boom-cylinder-for-jchi-ns35r-8\/"},"modified":"2025-04-07T06:50:09","modified_gmt":"2025-04-07T06:50:09","slug":"boom-cylinder-for-jchi-ns35r-8","status":"publish","type":"product","link":"https:\/\/www.hydraulic-cylinders.net\/et\/toode\/boom-cylinder-for-jchi-ns35r-8\/","title":{"rendered":"Poomi silinder JCHI NS35R-8 jaoks"},"content":{"rendered":"<h1>Poomi silinder JCHI NS35R-8 jaoks<\/h1>\n<h2>Sissejuhatus poomi silindrisse<\/h2>\n<p>Noole silinder on h\u00fcdros\u00fcsteemide oluline komponent, mis on spetsiaalselt loodud rasketehnika rakenduste jaoks. See h\u00fcdrosilinder juhib kopa liikumist erinevates seadmetes, n\u00e4iteks ekskavaatorites, laadur-ekskavaatorites ja esilaadurites. Selle peamine \u00fclesanne on v\u00f5imaldada kopa t\u00f5stmist, langetamist ja kallutamist, h\u00f5lbustades t\u00f5husaid materjalik\u00e4itlust\u00f6id ehitus- ja p\u00f5llumajandust\u00f6\u00f6stuses.<\/p>\n<p><img decoding=\"async\" src=\"https:\/\/www.hydraulic-cylinders.net\/wp-content\/uploads\/2025\/04\/songte-company-1.webp\" alt=\"Poomi silinder\"><\/p>\n<h3>Definitsioon ja \u00fclevaade<\/h3>\n<p>Kopa silinder on h\u00fcdraulilise silindri t\u00fc\u00fcp, mis on spetsialiseerunud \u00e4mbrite ja sarnaste rasketehnika lisaseadmete liikumise juhtimisele. Need silindrid muudavad h\u00fcdraulilise r\u00f5hu mehaaniliseks energiaks, v\u00f5imaldades kopa liikumise t\u00e4pset juhtimist. Tavaliselt h\u00f5lmab konstruktsioon kolbi, mis liigub silindri sees ja kasutab t\u00f6\u00f6tamiseks h\u00fcdraulilist vedelikku. Nende silindrite efektiivsus on \u00fclioluline mitmesuguste \u00fclesannete t\u00e4itmisel, nagu kaevamine, t\u00f5stmine ja materjalide transportimine, mis r\u00f5hutab nende olulisust t\u00e4nap\u00e4evastes masinates.<\/p>\n<h2>Poomi silindri omadused<\/h2>\n<ul>\n<li><strong>Suur tugevus ja vastupidavus:<\/strong> Need silindrid on valmistatud \u00fclitugevast terasest v\u00f5i alumiiniumist ning taluvad k\u00f5rget r\u00f5hku ja suuri koormusi, mist\u00f5ttu sobivad need karmidesse t\u00f6\u00f6keskkondadesse. Need on konstrueeritud kulumiskindlate ja korrosioonikaitsega, et pikendada nende eluiga.<\/li>\n<li><strong>T\u00f5hus h\u00fcdrauliline t\u00f6\u00f6:<\/strong> H\u00fcdrauliline s\u00fcsteem v\u00f5imaldab sujuvat ja tundlikku pikendamist ja tagasit\u00f5mbamist, pakkudes m\u00e4rkimisv\u00e4\u00e4rset t\u00f5uke- ja t\u00f5mbej\u00f5udu raskete ja keerukate \u00fclesannete t\u00e4itmiseks.<\/li>\n<li><strong>Erinevad t\u00fc\u00fcbid:<\/strong> Saadaval \u00fchetoimelise (\u00fches suunas t\u00f6\u00f6tav) ja kahetoimelise (m\u00f5lemas suunas t\u00f6\u00f6tav) versioonina, m\u00f5ned mudelid on teleskoopilised, v\u00f5imaldades suuremat ulatust ilma v\u00e4lism\u00f5\u00f5tmeid suurendamata, mis sobib ideaalselt kitsastesse ruumidesse.<\/li>\n<li><strong>Kohandatavad lahendused:<\/strong> Saame seda toodet toota olemasolevate h\u00fcdrosilindrite ideaalseks asendamiseks, tagades \u00fchilduvuse ja j\u00f5udluse.<\/li>\n<li><strong>P\u00f5hjalik testimine:<\/strong> Iga silinder l\u00e4bib range testimise ja kvaliteedikontrolli, et tagada usaldusv\u00e4\u00e4rne t\u00f6\u00f6 ka n\u00f5udlikes tingimustes.<\/li>\n<\/ul>\n<p><img decoding=\"async\" src=\"https:\/\/www.hydraulic-cylinders.net\/wp-content\/uploads\/2025\/04\/songte-cylinder-head-with-all-kinds-excavator-models.webp\" alt=\"Ekskavaatorite h\u00fcdrauliline silinder\"><\/p>\n<h2>Poomi silindri rakendused<\/h2>\n<h3>Ehitustehnika<\/h3>\n<p>Ekskavaatorites on noolesilindrid h\u00e4davajalikud kaevamiseks, laadimiseks ja pinnase v\u00f5i prahi teisaldamiseks. Need annavad kopale vajaliku j\u00f5u pinnasesse tungimiseks, h\u00f5lbustades t\u00f5husat kaevamist. Ekskavaatoritel aitavad need silindrid nii kaevamisel kui ka t\u00f5stmisel, muutes need mitmek\u00fclgseks mitmesuguste \u00fclesannete jaoks ehitusplatsidel.<\/p>\n<h3>P\u00f5llumajandustehnika<\/h3>\n<p>Esilaadurites kasutatavad noolesilindrid on p\u00f5llumajanduses kriitilise t\u00e4htsusega mulla, heina ja muude materjalide kopeerimiseks, t\u00f5stmiseks ja transportimiseks. Nende vastupidav konstruktsioon v\u00f5imaldab p\u00f5llumeestel \u00fclesandeid t\u00f5husalt t\u00e4ita, parandades tootlikkust ja t\u00f6\u00f6voogu talus.<\/p>\n<h3>Ekskavaatorid<\/h3>\n<p>Ekskavaatorites v\u00f5imaldavad kopasilindrid kopal pinnasesse tungida, muutes kaevamisprotsessi t\u00f5husamaks. Need v\u00f5imaldavad kopa liikumist t\u00e4pselt juhtida, parandades masina \u00fcldist j\u00f5udlust kaevamist\u00f6\u00f6de ajal.<\/p>\n<h3>Laadurid<\/h3>\n<p>Esilaadurites m\u00e4ngivad noolesilindrid materjalide h\u00f5lpsaks t\u00f5stmiseks ja t\u00fchjendamiseks olulist rolli. Nende v\u00f5imas t\u00f6\u00f6 tagab koormate kiire ja ohutu k\u00e4sitsemise, suurendades \u00fcldist tootlikkust t\u00f6\u00f6platsil.<\/p>\n<h2>Projekteerimiskaalutlused ja valikustandardid<\/h2>\n<h3>Kandev\u00f5ime<\/h3>\n<p>Poomi silindri kandev\u00f5ime m\u00e4\u00e4ratakse selle konstruktsiooni ja materjali tugevuse j\u00e4rgi. Oluline on valida silinder, mis suudab taluda maksimaalset eeldatavat koormust ilma rikkeohuta. Konstruktsiooni terviklikkus s\u00e4ilib hoolika insenerit\u00f6\u00f6 abil, tagades t\u00f6\u00f6kindluse n\u00f5udlikes rakendustes.<\/p>\n<h3>Tihendusv\u00f5ime<\/h3>\n<p>T\u00f5hus tihendamine on kriitilise t\u00e4htsusega h\u00fcdraulilise vedeliku lekke v\u00e4ltimiseks, mis v\u00f5ib kahjustada j\u00f5udlust ja ohutust. Kvaliteetsete ja vastupidavatest materjalidest tihendite valimine tagab pikaealisuse ja t\u00f5hususe. Tihendite terviklikkuse ja t\u00f6\u00f6kindluse s\u00e4ilitamiseks on vaja regulaarseid kontrolle.<\/p>\n<h3>Vastupidavus<\/h3>\n<p>Poomi silindri vastupidavust m\u00f5jutavad selle konstruktsioonimaterjalid ja disain. K\u00f5rgtugevad materjalid on olulised karmide tingimuste ja suurte koormuste talumiseks. Regulaarne kulumise hindamine aitab v\u00f5imalikke rikkeid varakult tuvastada.<\/p>\n<h3>Turvaelemendid<\/h3>\n<p>H\u00fcdraulilistes s\u00fcsteemides on ohutus esmat\u00e4htis. Poomi silindritel peaksid olema ohutusmehhanismid, n\u00e4iteks \u00fclekoormuse v\u00e4ltimiseks r\u00f5huvabastusventiilid. Lisaks on operaatoritele vajalik korralik koolitus, et tagada nende silindritega varustatud masinate ohutu k\u00e4sitsemine ja kasutamine.<\/p>\n<h3>Hoolduse ligip\u00e4\u00e4setavus<\/h3>\n<p>Projekteerimisel tuleks arvestada ka komponentide ligip\u00e4\u00e4setavusega hoolduse eesm\u00e4rgil. Lihtne juurdep\u00e4\u00e4s tihenditele ja m\u00e4\u00e4rimispunktidele v\u00f5imaldab regulaarset hooldust, pikendades silindri eluiga ja tagades pideva j\u00f5udluse.<\/p>\n<p><img decoding=\"async\" src=\"https:\/\/www.hydraulic-cylinders.net\/wp-content\/uploads\/2025\/04\/songte-oil-pipes-and-spare-parts.webp\" alt=\"H\u00fcdrauliliste silindrite osad\"><\/p>\n<h2>Tihendus ja m\u00e4\u00e4rimine<\/h2>\n<p>Tihendus on h\u00fcdraulilise silindri j\u00f5udluse kriitilise t\u00e4htsusega aspekt. R\u00f5hu s\u00e4ilitamiseks ja lekete v\u00e4ltimiseks kasutatakse mitmesuguseid tihendeid, n\u00e4iteks kolvitihendeid ja vardatihendeid. Selliste materjalide nagu pol\u00fcuretaan ja nitriilkummi kasutamine on tavaliselt nende kulumiskindlate omaduste t\u00f5ttu v\u00f5imalik. Silindri korpus ja keermestatud otsad l\u00e4bivad t\u00e4pse t\u00f6\u00f6tlemise, et suurendada vastupidavust. Regulaarne m\u00e4\u00e4rimine h\u00fcdraulika\u00f5liga on vajalik sujuva t\u00f6\u00f6 tagamiseks ja silindri h\u00f5\u00f5rdumise v\u00e4hendamiseks, mis m\u00f5jutab otseselt selle efektiivsust ja eluiga.<\/p>\n<h2>Regulaarne kontroll ja ennetav hooldus<\/h2>\n<ul>\n<li><strong>Regulaarsed kontrollid:<\/strong> Tehke regulaarseid kontrolle, et tuvastada kulumise, lekete v\u00f5i kahjustuste m\u00e4rke. Varajane avastamine v\u00f5imaldab \u00f5igeaegset remonti ja v\u00e4ltida katastroofilisi rikkeid.<\/li>\n<li><strong>Sobiv m\u00e4\u00e4rimine:<\/strong> Optimaalse t\u00f6\u00f6 s\u00e4ilitamiseks veenduge, et h\u00fcdraulika\u00f5li lisatakse regulaarselt sobivas koguses. See aitab v\u00e4hendada h\u00f5\u00f5rdumist ja v\u00e4ltida \u00fclekuumenemist.<\/li>\n<li><strong>Tihendi vahetamine:<\/strong> H\u00fcdraulilise terviklikkuse s\u00e4ilitamiseks kontrollige ja vajadusel vahetage tihendeid. Kulunud tihendid v\u00f5ivad p\u00f5hjustada m\u00e4rkimisv\u00e4\u00e4rset vedeliku kadu ja j\u00f5udluse halvenemist.<\/li>\n<\/ul>\n<h2>Paigaldusjuhised<\/h2>\n<p>Poomi silindri paigaldamine n\u00f5uab hoolikat t\u00e4helepanu detailidele, et tagada n\u00f5uetekohane joondamine ja toimimine. Alustage veendumaks, et k\u00f5ik pinnad on puhtad ja prahist vabad. Joondage silinder t\u00e4pselt kinnitusklambritega, kasutades selle kinnitamiseks sobivaid tuge. Kahjustuste v\u00e4ltimiseks on oluline j\u00e4rgida tootja spetsifikatsioone p\u00f6\u00f6rdemomendi s\u00e4tete kohta. P\u00e4rast paigaldamist tehke proovik\u00e4ivitus, et tagada sujuv t\u00f6\u00f6 ja kontrollida lekkeid. Kontrollige paigaldust regulaarselt joondamise nihete v\u00f5i kulumise suhtes, et s\u00e4ilitada funktsionaalne terviklikkus.<\/p>\n<h2>Levinumad hooldust\u00f6\u00f6d<\/h2>\n<ul>\n<li><strong>Regulaarsed kontrollid:<\/strong> Tehke sagedasi hindamisi, et tuvastada potentsiaalsed probleemid enne, kui need olulisteks eskaleeruvad. See ennetav l\u00e4henemisviis aitab v\u00e4ltida kulukaid remondit\u00f6id.<\/li>\n<li><strong>Sobiv m\u00e4\u00e4rimine:<\/strong> Silindri sujuva t\u00f6\u00f6 tagamiseks on oluline j\u00e4rjepidev m\u00e4\u00e4rimine. Kasutage soovitatud h\u00fcdraulika\u00f5li ja kontrollige taset regulaarselt.<\/li>\n<li><strong>Tihendi vahetamine ja kalibreerimise kontrollimine:<\/strong> Rakendage tihendite kontrollimise ja vajaduse korral vahetamise ajakava. Kalibreerimiskontrollid tagavad, et balloon t\u00f6\u00f6tab etten\u00e4htud parameetrite piires, v\u00e4hendades rikkeohtu.<\/li>\n<\/ul>\n<p>Optimaalse j\u00f5udluse saavutamiseks on oluline \u00f5ige paigaldus, m\u00e4\u00e4rimine ja reguleerimine. Paigaldamise ajal veenduge \u00f5iges joonduses, et v\u00e4ltida silindri liigset koormust. Poomi silindri eluea pikendamiseks tuleks hoolikalt j\u00e4rgida kontrolli-, remondi- ja vahetusprotsesside soovitusi.<\/p>\n<p><img decoding=\"async\" src=\"https:\/\/www.hydraulic-cylinders.net\/wp-content\/uploads\/2025\/04\/songte-chushion-collar.webp\" alt=\"Padjakrae pilt\"><\/p>\n<h2>Ohutuskaalutlused ja keskkonnategurid<\/h2>\n<p>H\u00fcdrauliliste s\u00fcsteemidega t\u00f6\u00f6tamisel on ohutusmeetmed \u00fcliolulised. Operaatorid peaksid olema koolitatud poomi silindrite \u00f5igeks k\u00e4sitsemiseks, sealhulgas r\u00f5hupiirangute m\u00f5istmiseks ja v\u00f5imalike ohtude \u00e4ratundmiseks. Ohutusprotokollide j\u00e4rgimine mitte ainult ei kaitse personali, vaid pikendab ka seadmete eluiga.<\/p>\n<h2>Rikete diagnoosimine ja levinud probleemid<\/h2>\n<ul>\n<li><strong>Vedeliku leke:<\/strong> Levinud probleem on vedeliku lekked, mis v\u00f5ivad tekkida kulunud tihendite v\u00f5i kahjustatud silindrite t\u00f5ttu. Regulaarne kontroll aitab lekkeid varakult tuvastada.<\/li>\n<li><strong>Aeglane t\u00f6\u00f6:<\/strong> Kui silinder reageerib aeglaselt, v\u00f5ib see viidata madalale h\u00fcdraulikavedeliku tasemele v\u00f5i sisemisele kulumisele. Hinnake h\u00fcdraulikavedeliku taset ja kontrollige ummistusi.<\/li>\n<li><strong>M\u00fcrane t\u00f6\u00f6:<\/strong> Ebatavalised helid t\u00f6\u00f6tamise ajal v\u00f5ivad viidata \u00f5hule h\u00fcdraulika\u00f5lis v\u00f5i ebapiisavale m\u00e4\u00e4rimisele. Kontrollige \u00f5litaset ja tagage n\u00f5uetekohane hooldus.<\/li>\n<\/ul>\n<h2>Veaotsingu n\u00e4pun\u00e4ited ja lahendused<\/h2>\n<p>Probleemide t\u00f5husaks diagnoosimiseks ja lahendamiseks on oluline l\u00e4bi viia p\u00f5hjalik kontroll. Lekete korral kontrollige tihendeid ja liitmikke kahjustuste suhtes. Kui silinder reageerib aeglaselt, kontrollige h\u00fcdraulikavedeliku taset ja otsige takistusi torudes. M\u00fcraga seotud probleemide korral veenduge, et h\u00fcdraulikas\u00fcsteem oleks korralikult \u00f5hutatud, et eemaldada \u00f5hk ja s\u00e4ilitada piisav m\u00e4\u00e4rimine. Ennetavad meetmed, nagu regulaarne hooldus ja \u00fclevaatused, v\u00e4hendavad probleemide tekkimise t\u00f5en\u00e4osust.<\/p>\n<p><img decoding=\"async\" src=\"https:\/\/www.hydraulic-cylinders.net\/wp-content\/uploads\/2025\/04\/songte-bushings-with-all-kinds-of-excavator-models.webp\" alt=\"Ekskavaatorite puksid\"><\/p>\n<h2>Meie ettev\u00f5ttest<\/h2>\n<p>Oleme asendush\u00fcdrauliliste silindrite tootjad, pakkudes laia tootevalikut, mis positsioneerib meid juhtiva tootja ja hulgim\u00fc\u00fcjana nii sise- kui ka rahvusvahelistel turgudel. Meie p\u00fchendumust tipptasemele toetab t\u00e4iustatud tootmisjuhtimise strateegia, mis r\u00f5hutab kvaliteetseid tootmisprotsesse. Keskendudes tehnilisele talendile, t\u00e4iustatud digitaalsetele tootmisseadmetele ja professionaalsele testimiss\u00fcsteemile, t\u00e4iustame pidevalt oma tootmisplatvormi, et rahuldada klientide mitmekesiseid vajadusi.<\/p>\n<p><img decoding=\"async\" src=\"https:\/\/www.hydraulic-cylinders.net\/wp-content\/uploads\/2025\/04\/songte-company-4.webp\" alt=\"Ettev\u00f5tte \u00fclevaade\"><br \/>\n<img decoding=\"async\" src=\"https:\/\/www.hydraulic-cylinders.net\/wp-content\/uploads\/2025\/04\/songte-company-3.webp\" alt=\"Tootmis\u00fcksus\"><\/p>\n<p>Meie p\u00fchendumus professionaalsusele peegeldub rahvusvaheliste sertifikaatide j\u00e4rgimises ja v\u00f5imes pakkuda kohandatud teenuseid vastavalt konkreetsetele n\u00f5uetele. Meie tipptasemel tootmisseadmed tagavad k\u00f5rge efektiivsuse ja t\u00e4psuse ning meie m\u00fc\u00fcgij\u00e4rgne teenindus garanteerib klientide rahulolu.<\/p>\n<p>Autor: lyl<\/p>","protected":false},"excerpt":{"rendered":"<p>Boom Cylinder For JCHI NS35R-8 Introduction to Boom Cylinder The Boom Cylinder is a vital component in hydraulic systems, specifically designed for heavy machinery applications. This hydraulic cylinder controls the movement of the bucket in various equipment such as excavators, backhoe loaders, and front-end loaders. Its primary function is to allow the bucket to lift, [&hellip;]<\/p>","protected":false},"featured_media":17867,"comment_status":"open","ping_status":"closed","template":"","meta":{"_et_pb_use_builder":"","_et_pb_old_content":"","_et_gb_content_width":""},"product_brand":[],"product_cat":[1546],"product_tag":[1547,1496],"class_list":{"0":"post-19483","1":"product","2":"type-product","3":"status-publish","4":"has-post-thumbnail","6":"product_cat-boom-cylinders","7":"product_tag-boom-cylinders","8":"product_tag-hydraulic-cylinders","10":"first","11":"instock","12":"shipping-taxable","13":"product-type-simple"},"amp_enabled":true,"_links":{"self":[{"href":"https:\/\/www.hydraulic-cylinders.net\/et\/wp-json\/wp\/v2\/product\/19483","targetHints":{"allow":["GET"]}}],"collection":[{"href":"https:\/\/www.hydraulic-cylinders.net\/et\/wp-json\/wp\/v2\/product"}],"about":[{"href":"https:\/\/www.hydraulic-cylinders.net\/et\/wp-json\/wp\/v2\/types\/product"}],"replies":[{"embeddable":true,"href":"https:\/\/www.hydraulic-cylinders.net\/et\/wp-json\/wp\/v2\/comments?post=19483"}],"wp:featuredmedia":[{"embeddable":true,"href":"https:\/\/www.hydraulic-cylinders.net\/et\/wp-json\/wp\/v2\/media\/17867"}],"wp:attachment":[{"href":"https:\/\/www.hydraulic-cylinders.net\/et\/wp-json\/wp\/v2\/media?parent=19483"}],"wp:term":[{"taxonomy":"product_brand","embeddable":true,"href":"https:\/\/www.hydraulic-cylinders.net\/et\/wp-json\/wp\/v2\/product_brand?post=19483"},{"taxonomy":"product_cat","embeddable":true,"href":"https:\/\/www.hydraulic-cylinders.net\/et\/wp-json\/wp\/v2\/product_cat?post=19483"},{"taxonomy":"product_tag","embeddable":true,"href":"https:\/\/www.hydraulic-cylinders.net\/et\/wp-json\/wp\/v2\/product_tag?post=19483"}],"curies":[{"name":"wp","href":"https:\/\/api.w.org\/{rel}","templated":true}]}}