{"id":19502,"date":"2025-04-07T06:51:08","date_gmt":"2025-04-07T06:51:08","guid":{"rendered":"https:\/\/www.hydraulic-cylinders.net\/product\/boom-cylinder-for-tck-hd1636lc-8h\/"},"modified":"2025-04-07T06:51:10","modified_gmt":"2025-04-07T06:51:10","slug":"boom-cylinder-for-tck-hd1636lc-8h","status":"publish","type":"product","link":"https:\/\/www.hydraulic-cylinders.net\/et\/toode\/boom-cylinder-for-tck-hd1636lc-8h\/","title":{"rendered":"Poomi silinder TCK HD1636LC-8H jaoks"},"content":{"rendered":"<h1>Poomi silinder TCK HD1636LC-8H jaoks<\/h1>\n<h2>Toote \u00fclevaade<\/h2>\n<p>TCK HD1636LC-8H poomi silinder on spetsiaalne h\u00fcdrauliline silinder, mis on loodud rasketehnika j\u00f5udluse parandamiseks. Seda t\u00fc\u00fcpi h\u00fcdrauliline silinder on \u00fclioluline mitmesuguste rasketehnika, sealhulgas ekskavaatorite, laadur-ekskavaatori ja esilaaduri koppade liikumise juhtimiseks. Kopasilindri peamised funktsioonid h\u00f5lmavad kopa t\u00f5stmist, langetamist ja kallutamist, mis h\u00f5lbustab t\u00f5husaid materjalik\u00e4itlust\u00f6id.<\/p>\n<p>Kopasilindrid t\u00f6\u00f6tavad h\u00fcdraulikas\u00fcsteemides, et pakkuda vajalikku j\u00f5udu suurte koormate t\u00f5husaks k\u00e4sitsemiseks. Nende konstruktsioon tagab, et need taluvad raskete rakenduste r\u00f5hku ja n\u00f5udmisi, muutes need asendamatuks ehituses, p\u00f5llumajanduses ja muudes t\u00f6\u00f6stusharudes. H\u00fcdraulilise energia mehaaniliseks energiaks muutmisega v\u00f5imaldavad need silindrid kinnitatud seadmete sujuvat ja kontrollitud liikumist.<\/p>\n<p><img decoding=\"async\" src=\"https:\/\/www.hydraulic-cylinders.net\/wp-content\/uploads\/2025\/04\/songte-company-1.webp\" alt=\"Poomi silinder\"><\/p>\n<h2>Peamised omadused<\/h2>\n<ul>\n<li><strong>Suur tugevus ja vastupidavus:<\/strong> Tavaliselt valmistatud \u00fclitugevast terasest v\u00f5i alumiiniumist, on need silindrid loodud taluma k\u00f5rget r\u00f5hku ja suuri koormusi, mist\u00f5ttu sobivad need karmideks t\u00f6\u00f6tingimusteks.<\/li>\n<li><strong>T\u00f5hus h\u00fcdrauliline t\u00f6\u00f6:<\/strong> Silindrid kasutavad sujuvaks pikendamiseks ja tagasit\u00f5mbamiseks h\u00fcdraulilist \u00f5lir\u00f5hku, mis v\u00f5imaldab kiiret reageerimist juhi k\u00e4skudele ning v\u00f5imsaid t\u00f5uke- ja t\u00f5mbej\u00f5ude.<\/li>\n<li><strong>Erinevad t\u00fc\u00fcbid:<\/strong> Need silindrid on saadaval \u00fche- v\u00f5i kahetoimelise konstruktsioonina ning neid saab kohandada vastavalt konkreetsetele t\u00f6\u00f6vajadustele. M\u00f5nedel mudelitel on teleskoopkonstruktsioonid, mis v\u00f5imaldavad suuremat ulatust ilma v\u00e4lism\u00f5\u00f5tmeid suurendamata.<\/li>\n<li><strong>Kohandatud asendusvalikud:<\/strong> Meie tooted suudavad ideaalselt asendada olemasolevaid h\u00fcdrosilindreid, tagades sujuva integratsiooni ja j\u00f5udluse teie masinatesse.<\/li>\n<li><strong>Korrosioonikindlad katted:<\/strong> Valmistatud kulumis- ja korrosioonikindlatest materjalidest, mis suurendavad h\u00fcdraulikas\u00fcsteemide pikaealisust ja t\u00f6\u00f6kindlust.<\/li>\n<\/ul>\n<p><img decoding=\"async\" src=\"https:\/\/www.hydraulic-cylinders.net\/wp-content\/uploads\/2025\/04\/songte-cylinder-head-with-all-kinds-excavator-models.webp\" alt=\"H\u00fcdraulilise silindri pea\"><\/p>\n<h2>Poomi silindri rakendused<\/h2>\n<h3>Ehitustehnika<\/h3>\n<p>Ekskavaatorites on noolesilindrid \u00fcliolulised kaevamiseks, laadimiseks ja pinnase v\u00f5i prahi teisaldamiseks. Need pakuvad vajalikku tugevust, et tagada kopa t\u00f5hus toimimine kaevamist\u00f6\u00f6de ajal. Ekskavaatorlaadurites on need silindrid v\u00f5rdselt olulised, abistades nii kaevamisel kui ka t\u00f5stmisel, muutes need ehitusmasinate mitmek\u00fclgseteks komponentideks.<\/p>\n<h3>P\u00f5llumajandustehnika<\/h3>\n<p>Esilaadurite puhul m\u00e4ngivad noolesilindrid olulist rolli mulla, heina ja muude materjalide kopeerimisel, t\u00f5stmisel ja transportimisel. Nende vastupidav konstruktsioon v\u00f5imaldab k\u00e4sitseda p\u00f5llumajandust\u00f6\u00f6del tavaliselt esinevaid raskeid koormaid, tagades tootlikkuse ja t\u00f5hususe.<\/p>\n<h3>Ekskavaatorid<\/h3>\n<p>Ekskavaatorites h\u00f5lbustavad kopasilindrid l\u00e4bistavat liikumist, mis on vajalik efektiivseks kaevamiseks. Need v\u00f5imaldavad kopal murda l\u00e4bi pinnasekihtide, pakkudes s\u00fcgavaks kaevamiseks vajalikku j\u00f5udu. See v\u00f5ime on oluline mitmesuguste tsiviilehitusprojektide, sealhulgas vundamendit\u00f6\u00f6de ja kraavide kaevamise puhul.<\/p>\n<h3>Laadurid<\/h3>\n<p>Frontaallaadurites aitavad noolesilindrid materjale t\u00f5husalt t\u00f5sta ja t\u00fchjendada. Nende v\u00f5ime pakkuda m\u00e4rkimisv\u00e4\u00e4rset t\u00f5stej\u00f5udu tagab, et operaatorid saavad koormaid kiiresti teisaldada ja k\u00f5rvaldada, suurendades laadimist\u00f6\u00f6de \u00fcldist tootlikkust.<\/p>\n<h2>Projekteerimiskaalutlused ja valikukriteeriumid<\/h2>\n<h3>Kandev\u00f5ime<\/h3>\n<p>Poomi silindri valimisel on \u00fcks peamisi kaalutlusi selle kandev\u00f5ime. Silinder peab suutma taluda maksimaalset raskust, mida t\u00f6\u00f6 ajal rakendatakse. See h\u00f5lmab masina konkreetsete n\u00f5uete m\u00f5istmist ja silindri sobiva nimiv\u00e4\u00e4rtuse tagamist. Silindri \u00fclekoormamine v\u00f5ib p\u00f5hjustada enneaegset riket ja ohtlikke t\u00f6\u00f6tingimusi. Seet\u00f5ttu esitavad tootjad sageli \u00fcksikasjalikke spetsifikatsioone, mis kirjeldavad erinevate rakenduste koormuspiiranguid.<\/p>\n<h3>Tihendusv\u00f5ime<\/h3>\n<p>Tihendusv\u00f5ime on veel \u00fcks oluline projekteerimisalane kaalutlus. H\u00fcdraulilised silindrid vajavad tihendeid, et v\u00e4ltida vedeliku lekkeid ja s\u00e4ilitada s\u00fcsteemis r\u00f5hku. Kvaliteetsete tihendusmaterjalide, n\u00e4iteks pol\u00fcuretaani v\u00f5i nitriilkummi valik on pikaealisuse ja t\u00f6\u00f6kindluse tagamiseks h\u00e4davajalik. N\u00f5uetekohane tihendamine v\u00e4hendab ka h\u00fcdraulikavedeliku saastumist, mis v\u00f5ib p\u00f5hjustada s\u00fcsteemi ebaefektiivsust ja kahjustusi.<\/p>\n<h3>Vastupidavus<\/h3>\n<p>H\u00fcdrauliliste silindrite hindamisel on vastupidavus v\u00f5tmet\u00e4htsusega. Need peaksid olema konstrueeritud taluma nii regulaarsest kasutamisest tulenevat kulumist kui ka karmide keskkonnatingimustega kokkupuudet. Tootjad lisavad sageli kaitsekatteid ja valivad korrosioonikindlaid materjale, tagades pikema eluea ja v\u00e4hendades hooldusvajadust.<\/p>\n<h3>Turvaelemendid<\/h3>\n<p>H\u00fcdrauliliste silindrite projekteerimisel on ohutus esmat\u00e4htis. Katastroofiliste rikete v\u00e4ltimiseks tuleks integreerida sellised omadused nagu r\u00f5hukaitseventiilid ja \u00fclekoormuskaitse mehhanismid. H\u00e4sti disainitud h\u00fcdrosilinder sisaldab neid ohutusmeetmeid, et tagada operaatorite enesekindel t\u00f6\u00f6 ilma \u00f5nnetuste riskita.<\/p>\n<h3>Hooldatavus<\/h3>\n<p>L\u00f5puks tuleks arvesse v\u00f5tta hoolduse lihtsust. H\u00fcdraulilised silindrid peaksid olema konstrueeritud nii, et tihenditele ja muudele komponentidele, mis v\u00f5ivad vajada regulaarset kontrolli v\u00f5i v\u00e4ljavahetamist, oleks lihtne juurde p\u00e4\u00e4seda. Tootjad, kes pakuvad moodulkonstruktsioone v\u00f5i annavad selged juhised hooldusprotseduuride kohta, muudavad operaatorite jaoks seadmete optimaalses seisukorras hoidmise lihtsamaks, minimeerides seisakuid ja remondikulusid.<\/p>\n<p><img decoding=\"async\" src=\"https:\/\/www.hydraulic-cylinders.net\/wp-content\/uploads\/2025\/04\/songte-oil-pipes-and-spare-parts.webp\" alt=\"\u00d5litorud ja varuosad\"><\/p>\n<h2>Tihendus ja m\u00e4\u00e4rimine<\/h2>\n<p>H\u00fcdrauliliste silindrite j\u00f5udluse ja pikaealisuse tagamiseks on kriitilise t\u00e4htsusega \u00f5ige tihendus ja m\u00e4\u00e4rimine. R\u00f5hu hoidmiseks ja lekete v\u00e4ltimiseks kasutatakse mitmesuguseid tihenduskomponente, n\u00e4iteks kolvitihendeid ja varrastihendeid. Nende tihendite materjalide valik on \u00fclioluline; kulumiskindlate \u00fchendite, n\u00e4iteks pol\u00fcuretaani v\u00f5i nitriilkummi kasutamine suurendab vastupidavust ja t\u00f5husust.<\/p>\n<p>Silindri korpus ja keermestatud otsapinnad peaksid kulumiskindluse parandamiseks l\u00e4bima t\u00e4psed t\u00f6\u00f6tlusprotsessid. See detailit\u00e4psus tagab tihendite t\u00f5husa toimimise, takistades h\u00fcdraulikavedeliku s\u00fcsteemist v\u00e4ljap\u00e4\u00e4su. Sujuva t\u00f6\u00f6 tagamiseks ja liikuvate osade vahelise h\u00f5\u00f5rdumise minimeerimiseks on vajalik ka regulaarne m\u00e4\u00e4rimine sobiva h\u00fcdraulika\u00f5liga.<\/p>\n<h2>Rutiinne kontroll ja ennetavad hooldusmeetmed<\/h2>\n<ul>\n<li><strong>Regulaarsed kontrollid:<\/strong> H\u00fcdrauliliste silindrite regulaarne kontrollimine on oluline v\u00f5imalike probleemide tuvastamiseks enne nende t\u00f5siseks muutumist. Operaatorid peaksid kontrollima lekke m\u00e4rke, tihendite kulumist ja silindri \u00fcldist terviklikkust. Varajane avastamine aitab v\u00e4ltida kulukaid remondit\u00f6id ja seisakuid.<\/li>\n<li><strong>\u00d5ige m\u00e4\u00e4rimine:<\/strong> Silindrite piisav m\u00e4\u00e4rimine \u00f5ige h\u00fcdraulika\u00f5liga aitab s\u00e4ilitada sujuvat t\u00f6\u00f6d ja v\u00e4hendab h\u00f5\u00f5rdumist. See pikendab tihendite ja muude sisemiste komponentide eluiga.<\/li>\n<li><strong>Tihendi vahetamine:<\/strong> Tihendid tuleks perioodiliselt kontrollida ja vajadusel v\u00e4lja vahetada. Kulunud tihendid v\u00f5ivad p\u00f5hjustada vedeliku lekkeid ja r\u00f5hukadu, mis kahjustab ballooni j\u00f5udlust ja ohutust.<\/li>\n<\/ul>\n<h2>Paigaldusjuhised<\/h2>\n<p>H\u00fcdrauliliste silindrite \u00f5ige paigaldamine on nende t\u00f5husa toimimise seisukohalt \u00fclioluline. Alustage veendumisest, et k\u00f5ik komponendid on puhtad ja prahist vabad. Joondage silinder \u00f5igesti kinnituspunktidega, et v\u00e4ltida joondusvigu, mis v\u00f5ivad p\u00f5hjustada t\u00f6\u00f6probleeme. Kasutage sobivaid kinnitusklambreid, et kinnitada silinder kindlalt paigale, v\u00e4ltides liikumist, mis v\u00f5ib p\u00f5hjustada kulumist.<\/p>\n<p>Paigaldamise ajal on oluline j\u00e4rgida tootja juhiseid kinnitusdetailide p\u00f6\u00f6rdemomentide kohta. See tagab silindri kindla kinnituse ilma kahjustusteta. P\u00e4rast paigaldamist kontrollige enne seadme kasutamist h\u00fcdraulika\u00fchendusi lekete suhtes. Samuti on soovitatav teha funktsionaalne test, et veenduda silindri etten\u00e4htud otstarbel t\u00f6\u00f6tamises.<\/p>\n<h2>Levinumad hooldust\u00f6\u00f6d<\/h2>\n<h3>Rutiinsed kontrollid<\/h3>\n<p>H\u00fcdrosilindrite regulaarne kontroll on vajalik j\u00f5udluse ja ohutuse s\u00e4ilitamiseks. Otsige lekete v\u00f5i kulumise m\u00e4rke ja veenduge, et silinder t\u00f6\u00f6tab t\u00f5rgeteta. Probleemide varajane tuvastamine aitab v\u00e4ltida kulukaid remondit\u00f6id.<\/p>\n<h3>Sobiv m\u00e4\u00e4rimine<\/h3>\n<p>J\u00e4rjepidev m\u00e4\u00e4rimine on h\u00fcdrauliliste silindrite efektiivsuse seisukohalt \u00fclioluline. Veenduge, et h\u00fcdraulika\u00f5li tase on piisav ja et kasutatav \u00f5li sobib konkreetse rakenduse jaoks. See tava minimeerib sisemiste komponentide h\u00f5\u00f5rdumist ja kulumist.<\/p>\n<h3>Tihendi vahetamine ja kalibreerimine<\/h3>\n<p>Tihendeid tuleks regulaarselt kontrollida ja kulumise korral v\u00e4lja vahetada. T\u00e4pse t\u00f6\u00f6 tagamiseks tuleks teha ka kalibreerimiskontrolle. Silindri \u00f5ige joondamine paigaldamise ajal on \u00fclioluline, kuna vale joondamine v\u00f5ib p\u00f5hjustada enneaegset riket ja j\u00f5udluse v\u00e4henemist.<\/p>\n<p><img decoding=\"async\" src=\"https:\/\/www.hydraulic-cylinders.net\/wp-content\/uploads\/2025\/04\/songte-chushion-collar.webp\" alt=\"Padjakaelus\"><\/p>\n<h2>Ohutuskaalutlused ja keskkonnategurid<\/h2>\n<p>H\u00fcdrauliliste silindritega t\u00f6\u00f6tamisel on ohutusmeetmed \u00e4\u00e4rmiselt olulised. Operaatorid peaksid olema koolitatud ohutu k\u00e4sitsemise tavade osas, et v\u00e4ltida \u00f5nnetusi. Lisaks tuleks h\u00fcdraulikakomponentide valimisel arvestada keskkonnateguritega, nagu temperatuurik\u00f5ikumised ja karmid tingimused. K\u00f5igi seadmete vastavus konkreetsetele keskkonnatingimustele aitab s\u00e4ilitada t\u00f6\u00f6 ohutust ja t\u00f5husust.<\/p>\n<h2>Veaotsing ja levinud probleemid<\/h2>\n<ul>\n<li><strong>Leke:<\/strong> \u00dcks levinumaid h\u00fcdrauliliste silindrite probleeme on leke. See v\u00f5ib tekkida kulunud tihendite v\u00f5i eba\u00f5ige paigalduse t\u00f5ttu. Regulaarne kontroll aitab lekkeid varakult tuvastada, v\u00f5imaldades \u00f5igeaegset remonti.<\/li>\n<li><strong>V\u00f5imsuse kaotus:<\/strong> Kui silinder ei anna oodatud v\u00f5imsust, v\u00f5ib see viidata probleemidele, nagu madal h\u00fcdraulikavedeliku tase v\u00f5i sisemised kahjustused. Veaotsing peaks h\u00f5lmama h\u00fcdraulikas\u00fcsteemi lekete kontrollimist ja \u00f5ige vedeliku kasutamise kinnitamist.<\/li>\n<li><strong>\u00dclekuumenemine:<\/strong> \u00dclekuumenemine v\u00f5ib tekkida, kui h\u00fcdraulikas\u00fcsteem on liigse koormuse all v\u00f5i kui vedeliku voolul on piirangud. T\u00f6\u00f6temperatuuri j\u00e4lgimine ja \u00f5ige vedeliku taseme tagamine aitavad seda probleemi leevendada.<\/li>\n<\/ul>\n<h2>Hooldusn\u00f5uanded ja lahendused<\/h2>\n<p>H\u00fcdrauliliste silindrite probleemide t\u00f5husaks diagnoosimiseks ja lahendamiseks peaksid operaatorid pidama kinni ennetava hoolduse ajakavast. See h\u00f5lmab regulaarseid kontrolle, asjakohast m\u00e4\u00e4rimist ja tihendite kiiret vahetamist kulumise v\u00e4hendamiseks. Operaatorid peaksid olema tuttavad ka h\u00fcdros\u00fcsteemi spetsifikatsioonide ja piirangutega, et v\u00e4ltida s\u00fcsteemi \u00fclekoormamist.<\/p>\n<p>Probleemide diagnoosimisel on oluline s\u00fcstemaatiliselt kontrollida iga h\u00fcdros\u00fcsteemi komponenti. See h\u00f5lmab h\u00fcdrovedeliku taseme hindamist, tihendite ja voolikute kontrollimist ning k\u00f5igi \u00fchenduste kindluse tagamist. Nende sammude astumisega saavad operaatorid minimeerida seisakuid ja tagada seadmete t\u00f6\u00f6korras p\u00fcsimise.<\/p>\n<p><img decoding=\"async\" src=\"https:\/\/www.hydraulic-cylinders.net\/wp-content\/uploads\/2025\/04\/songte-bushings-with-all-kinds-of-excavator-models.webp\" alt=\"Puksid ekskavaatorimudelitega\"><\/p>\n<h2>Meie ettev\u00f5ttest<\/h2>\n<p>Oleme alternatiivsete h\u00fcdrauliliste silindrite tootja, pakkudes laia tootevalikut, mis on meid positsioneerinud \u00fcheks juhtivaks tootjaks ja hulgim\u00fc\u00fcjaks nii sise- kui ka rahvusvahelistel turgudel. Meie p\u00fchendumust tipptasemele toetab t\u00e4iustatud tootmisstrateegia, mis r\u00f5hutab t\u00e4psust ja kvaliteedikontrolli.<\/p>\n<p>Keskendudes tehnoloogilisele innovatsioonile, kasutame oma tootmisv\u00f5imaluste suurendamiseks t\u00e4iustatud digitaalseid tootmisseadmeid ja spetsiaalseid testimiss\u00fcsteeme. Meie oskuslik t\u00f6\u00f6j\u00f5ud p\u00fc\u00fcab pidevalt oma tootmisplatvorme t\u00e4iustada, tagades, et rahuldame oma klientide mitmekesiseid vajadusi suure t\u00f5hususega ja t\u00e4psusega.<\/p>\n<p>Meie tootevalikul on rahvusvahelised sertifikaadid ja me pakume kliendi vajadustele vastavaid kohandatud lahendusi. Erakordne m\u00fc\u00fcgij\u00e4rgne teenindus suurendab veelgi meie p\u00fchendumust kvaliteedile, tagades, et meie kliendid saavad vajalikku tuge kogu meie toodete eluts\u00fckli v\u00e4ltel.<\/p>\n<p><img decoding=\"async\" src=\"https:\/\/www.hydraulic-cylinders.net\/wp-content\/uploads\/2025\/04\/songte-company-4.webp\" alt=\"Ettev\u00f5tte pilt 4\"><br \/>\n<img decoding=\"async\" src=\"https:\/\/www.hydraulic-cylinders.net\/wp-content\/uploads\/2025\/04\/songte-company-3.webp\" alt=\"Ettev\u00f5tte pilt 3\"><\/p>\n<p>Autor: lyl<\/p>","protected":false},"excerpt":{"rendered":"<p>Boom Cylinder For TCK HD1636LC-8H Product Overview The Boom Cylinder for TCK HD1636LC-8H is a specialized hydraulic cylinder designed to enhance the performance of heavy machinery. This type of hydraulic cylinder is crucial for controlling the movement of buckets on various heavy equipment, including excavators, backhoe loaders, and front loaders. The primary functions of a [&hellip;]<\/p>","protected":false},"featured_media":17871,"comment_status":"open","ping_status":"closed","template":"","meta":{"_et_pb_use_builder":"","_et_pb_old_content":"","_et_gb_content_width":""},"product_brand":[],"product_cat":[1546],"product_tag":[1547,1496],"class_list":{"0":"post-19502","1":"product","2":"type-product","3":"status-publish","4":"has-post-thumbnail","6":"product_cat-boom-cylinders","7":"product_tag-boom-cylinders","8":"product_tag-hydraulic-cylinders","10":"first","11":"instock","12":"shipping-taxable","13":"product-type-simple"},"amp_enabled":true,"_links":{"self":[{"href":"https:\/\/www.hydraulic-cylinders.net\/et\/wp-json\/wp\/v2\/product\/19502","targetHints":{"allow":["GET"]}}],"collection":[{"href":"https:\/\/www.hydraulic-cylinders.net\/et\/wp-json\/wp\/v2\/product"}],"about":[{"href":"https:\/\/www.hydraulic-cylinders.net\/et\/wp-json\/wp\/v2\/types\/product"}],"replies":[{"embeddable":true,"href":"https:\/\/www.hydraulic-cylinders.net\/et\/wp-json\/wp\/v2\/comments?post=19502"}],"wp:featuredmedia":[{"embeddable":true,"href":"https:\/\/www.hydraulic-cylinders.net\/et\/wp-json\/wp\/v2\/media\/17871"}],"wp:attachment":[{"href":"https:\/\/www.hydraulic-cylinders.net\/et\/wp-json\/wp\/v2\/media?parent=19502"}],"wp:term":[{"taxonomy":"product_brand","embeddable":true,"href":"https:\/\/www.hydraulic-cylinders.net\/et\/wp-json\/wp\/v2\/product_brand?post=19502"},{"taxonomy":"product_cat","embeddable":true,"href":"https:\/\/www.hydraulic-cylinders.net\/et\/wp-json\/wp\/v2\/product_cat?post=19502"},{"taxonomy":"product_tag","embeddable":true,"href":"https:\/\/www.hydraulic-cylinders.net\/et\/wp-json\/wp\/v2\/product_tag?post=19502"}],"curies":[{"name":"wp","href":"https:\/\/api.w.org\/{rel}","templated":true}]}}