{"id":19503,"date":"2025-04-07T06:51:10","date_gmt":"2025-04-07T06:51:10","guid":{"rendered":"https:\/\/www.hydraulic-cylinders.net\/product\/boom-cylinder-for-sgzg-sd08e\/"},"modified":"2025-04-07T06:51:13","modified_gmt":"2025-04-07T06:51:13","slug":"boom-cylinder-for-sgzg-sd08e","status":"publish","type":"product","link":"https:\/\/www.hydraulic-cylinders.net\/et\/toode\/boom-cylinder-for-sgzg-sd08e\/","title":{"rendered":"Poomi silinder SGZG SD08E jaoks"},"content":{"rendered":"<h1>Poomi silinder SGZG SD08E jaoks<\/h1>\n<h2>Toote m\u00e4\u00e4ratlus ja \u00fclevaade<\/h2>\n<p>SGZG SD08E poomi silinder on oluline h\u00fcdrauliline silinder, mis on spetsiaalselt loodud kopa liikumise juhtimiseks erinevates rasketes masinates, n\u00e4iteks ekskavaatorites, laadur-ekskavaatorites ja esilaadurites. See spetsiaalne seade v\u00f5imaldab kopa t\u00f5sta, langetada ja kallutada, h\u00f5lbustades t\u00f5husaid materjalik\u00e4itlust\u00f6id. Kopa silinder on h\u00fcdraulikas\u00fcsteemide oluline komponent, mis v\u00f5imaldab sujuvat t\u00f6\u00f6d ja suurendab tootlikkust ehituses, kaevanduses ja p\u00f5llumajanduses.<\/p>\n<p><img decoding=\"async\" src=\"https:\/\/www.hydraulic-cylinders.net\/wp-content\/uploads\/2025\/04\/songte-company-1.webp\" alt=\"Poomi silindri pilt\"><\/p>\n<h2>Peamised omadused<\/h2>\n<ul>\n<li><strong>Suur tugevus ja vastupidavus:<\/strong> Tavaliselt valmistatud \u00fclitugevast terasest v\u00f5i alumiiniumist, mis talub k\u00f5rget r\u00f5hku ja suuri koormusi, on loodud t\u00f6\u00f6tama karmides t\u00f6\u00f6keskkondades ning kulumiskindlus ja korrosioonikindlus pikendavad nende kasutusiga.<\/li>\n<li><strong>T\u00f5hus h\u00fcdrauliline t\u00f6\u00f6:<\/strong> Kasutab sujuvaks pikendamiseks ja tagasit\u00f5mbamiseks h\u00fcdraulika\u00f5li r\u00f5hku, pakkudes kiiret reageerimist juhtimisk\u00e4sklustele ja v\u00f5imsaid t\u00f5uke- ja t\u00f5mbej\u00f5ude, mis sobib ideaalselt raskete ja keerukate \u00fclesannete t\u00e4itmiseks.<\/li>\n<li><strong>Erinevad t\u00fc\u00fcbid:<\/strong> Saadaval \u00fchetoimeliste (h\u00fcdraulilist j\u00f5udu ainult \u00fches suunas) v\u00f5i kahetoimeliste (h\u00fcdraulilist j\u00f5udu m\u00f5lemas suunas) silindritega, et rahuldada erinevaid t\u00f6\u00f6vajadusi. M\u00f5ned mudelid on teleskoopilised, v\u00f5imaldades suuremat ulatust ilma v\u00e4lism\u00f5\u00f5tmeid suurendamata, sobides ruumikitsastes rakendustes.<\/li>\n<li><strong>Kohandatud tootmine:<\/strong> Me oleme v\u00f5imelised seda toodet tootma ja meie silindrid suudavad suurep\u00e4raselt asendada olemasolevaid h\u00fcdrosilindreid.<\/li>\n<li><strong>Mitmek\u00fclgsed rakendused:<\/strong> Loodud mitmesugusteks olukordadeks, tagades funktsionaalsuse mitmekesistes keskkondades.<\/li>\n<\/ul>\n<p><img decoding=\"async\" src=\"https:\/\/www.hydraulic-cylinders.net\/wp-content\/uploads\/2025\/04\/songte-cylinder-head-with-all-kinds-excavator-models.webp\" alt=\"Ekskavaatori mudelid\"><\/p>\n<h2>Rakendusstsenaariumid<\/h2>\n<h3>Ehitustehnika<\/h3>\n<p>Ekskavaatorites on noolesilindrid \u00fcliolulised kaevamiseks, laadimiseks ja pinnase v\u00f5i prahi teisaldamiseks. Need kontrollivad kopa nurka ja k\u00f5rgust, v\u00f5imaldades operaatoritel t\u00f5husalt kaevata laia valikut materjale. Ekskavaator-laadurites abistab noolesilinder nii kaevamis- kui ka t\u00f5stet\u00f6\u00f6del, muutes selle asendamatuks komponendiks rasketes ehitusprojektides.<\/p>\n<h3>P\u00f5llumajandustehnika<\/h3>\n<p>Frontaallaadurites kasutatakse kopa silindreid mulla, heina ja muude materjalide k\u00fchveldamiseks, t\u00f5stmiseks ja transportimiseks. Kopa asendi reguleerimise v\u00f5imalus suurendab p\u00f5llumajandust\u00f6\u00f6de tootlikkust, v\u00f5imaldades kiireid ja t\u00f5husaid materjalik\u00e4itlus\u00fclesandeid, mis on olulised sujuvate p\u00f5llumajandusprotsesside s\u00e4ilitamiseks.<\/p>\n<h3>Ekskavaatorid<\/h3>\n<p>Ekskavaatorites h\u00f5lbustavad noolesilindrid kaevamist, v\u00f5imaldades kopal pinnasesse tungida. See v\u00f5ime on \u00fclioluline mitmesuguste kaevet\u00f6\u00f6de puhul, alates kraavide kaevamisest kuni ehitusplatside ettevalmistamiseni, tagades optimaalse j\u00f5udluse rasketehnika puhul.<\/p>\n<h3>Laadurid<\/h3>\n<p>Esilaaduritel aitavad noolesilindrid koormaid t\u00f5husalt t\u00f5sta ja t\u00fchjendada. Nende konstruktsioon tagab, et operaatorid saavad materjale t\u00e4pselt ja kiiresti teisaldada, minimeerides seisakuid ja maksimeerides t\u00f6\u00f6 efektiivsust kohapeal.<\/p>\n<h2>Projekteerimiskaalutlused ja valikustandardid<\/h2>\n<h3>Kandev\u00f5ime<\/h3>\n<p>\u00dcks peamisi noolesilindrite projekteerimisel arvestatavaid tegureid on nende kandev\u00f5ime. Silinder peab olema konstrueeritud nii, et see taluks maksimaalset raskust, millega see t\u00f6\u00f6tamise ajal kokku puutub, ilma et see ohustaks ohutust. See h\u00f5lmab \u00fclitugevate materjalide kasutamist ja t\u00e4pset projekteerimist, et tagada t\u00f6\u00f6kindlus ja j\u00f5udlus.<\/p>\n<h3>Tihendus<\/h3>\n<p>H\u00fcdrauliliste silindrite puhul on tihendite terviklikkus kriitilise t\u00e4htsusega. N\u00f5uetekohane tihendamine hoiab \u00e4ra h\u00fcdraulilise vedeliku lekke, mis v\u00f5ib v\u00e4hendada efektiivsust ja p\u00f5hjustada kahjustusi. Tihendid tuleb valida vastavalt nende materjali omadustele, tagades, et need taluvad r\u00f5hku ja keskkonnatingimusi, millega nad kokku puutuvad.<\/p>\n<h3>Vastupidavus<\/h3>\n<p>Vastupidavus on noolesilindrite projekteerimisel oluline tegur. Need peavad suutma t\u00f5husalt toimida karmides tingimustes, sealhulgas \u00e4\u00e4rmuslike temperatuuride ja mustuse ning prahi k\u00e4es. \u00d5igete materjalide ja kaitsekatete valimine v\u00f5ib nende pikaealisust oluliselt pikendada.<\/p>\n<h3>Ohutus<\/h3>\n<p>H\u00fcdraulikas\u00fcsteemi projekteerimisel on ohutus esmat\u00e4htis. Rikkekaitseventiilide, n\u00e4iteks \u00fcler\u00f5huventiilide rakendamine aitab v\u00e4ltida \u00f5nnetusi ja seadmete kahjustusi. Lisaks peaks konstruktsioon v\u00f5imaldama komponentidele h\u00f5lpsat juurdep\u00e4\u00e4su hoolduseks ja kontrollimiseks.<\/p>\n<h3>Hooldatavus<\/h3>\n<p>Hea hooldatavus tagab poomi silindrite kiire ja t\u00f5husa hoolduse. See h\u00f5lmab komponentide projekteerimist nii, et need oleksid kergesti ligip\u00e4\u00e4setavad ja et neid saaks vahetada ilma ulatusliku lahtiv\u00f5tmiseta. Regulaarsed hooldusprotokollid aitavad kaasa seadmete \u00fcldisele elueale.<\/p>\n<p><img decoding=\"async\" src=\"https:\/\/www.hydraulic-cylinders.net\/wp-content\/uploads\/2025\/04\/songte-oil-pipes-and-spare-parts.webp\" alt=\"\u00d5litorud ja varuosad\"><\/p>\n<h2>Tihendus ja m\u00e4\u00e4rimine<\/h2>\n<p>Poomi silindrite t\u00f5husa t\u00f6\u00f6 tagamiseks on \u00fclioluline korralik tihendamine ja m\u00e4\u00e4rimine. R\u00f5hu s\u00e4ilitamiseks ja lekete v\u00e4ltimiseks kasutatakse mitmesuguseid tihendeid, n\u00e4iteks kolvi- ja varrastihendeid. Materjalid nagu pol\u00fcuretaan ja nitriilkummi valitakse sageli nende kulumiskindlate omaduste t\u00f5ttu. Silindri korpus ja keermestatud otsad l\u00e4bivad peent\u00f6\u00f6tluse, et suurendada vastupidavust ja kulumiskindlust. H\u00fcdraulika\u00f5li regulaarne t\u00e4iendamine on vajalik m\u00e4\u00e4rimise s\u00e4ilitamiseks, tagades sujuva t\u00f6\u00f6 ja v\u00e4ltides silindri komponentide enneaegset riket.<\/p>\n<h2>Regulaarne kontroll ja ennetavad hooldusmeetmed<\/h2>\n<ul>\n<li><strong>Visuaalsed kontrollid:<\/strong> Kontrollige silindrit regulaarselt kulumis-, kahjustus- v\u00f5i lekete suhtes. T\u00f6\u00f6 ajal otsige ebatavalisi helisid, mis v\u00f5ivad viidata v\u00f5imalikele probleemidele.<\/li>\n<li><strong>H\u00fcdraulikavedeliku tasemed:<\/strong> Hoidke h\u00fcdraulikavedeliku taset sobival tasemel ja kontrollige saastumise suhtes. Madal vedeliku tase v\u00f5ib p\u00f5hjustada ebapiisavat m\u00e4\u00e4rimist ja \u00fclekuumenemist.<\/li>\n<li><strong>Pitseri terviklikkuse kontroll:<\/strong> Kontrollige regulaarselt tihendite kulumist ja vahetage need v\u00e4lja, kui m\u00e4rkate mingeid kulumism\u00e4rke, et v\u00e4ltida lekkeid ja s\u00e4ilitada optimaalne j\u00f5udlus.<\/li>\n<\/ul>\n<h2>Paigaldusjuhised<\/h2>\n<p>Poomi silindri \u00f5ige paigaldamine on optimaalse j\u00f5udluse saavutamiseks \u00fclioluline. Alustage veendumaks, et k\u00f5ik kinnituspinnad on puhtad ja prahist vabad. Joondage silinder t\u00e4pselt kinnituspunktidega, kasutades selle kinnitamiseks sobivaid kinnitusklambreid. Pingutage k\u00f5ik \u00fchendused vastavalt tootja spetsifikatsioonidele, et v\u00e4ltida igasugust liikumist. P\u00e4rast paigaldamist tehke proovik\u00e4ivitus, et veenduda silindri sujuvas t\u00f6\u00f6s ilma leketeta. Kontrollige regulaarselt paigalduspunkte, et veenduda, et k\u00f5ik on kasutamise ajal kindlalt paigas.<\/p>\n<h2>Levinumad hooldust\u00f6\u00f6d<\/h2>\n<ul>\n<li><strong>Regulaarsed kontrollid:<\/strong> Tehke regulaarselt kontrolle lekete ja kulumise suhtes. Probleemide varajane avastamine aitab v\u00e4ltida kulukaid remondit\u00f6id ja seisakuid.<\/li>\n<li><strong>\u00d5ige m\u00e4\u00e4rimine:<\/strong> Veenduge, et silinder on piisavalt m\u00e4\u00e4ritud, et minimeerida h\u00f5\u00f5rdumist ja kulumist, s\u00e4ilitada j\u00f5udlust ja pikendada kasutusiga.<\/li>\n<li><strong>Tihendi vahetamine:<\/strong> H\u00fcdraulikavedeliku lekete v\u00e4ltimiseks vahetage regulaarselt tihendeid. See peaks olema osa plaanip\u00e4rasest hooldusrutiinist, et v\u00e4ltida ootamatuid rikkeid.<\/li>\n<\/ul>\n<p>\u00d5ige paigaldamine, m\u00e4\u00e4rimine ja reguleerimine on poomi silindri pikaealisuse tagamiseks \u00fcliolulised. \u00d5ige joondamine paigaldamise ajal aitab v\u00e4ltida komponentide liigset koormust, tagades sujuva t\u00f6\u00f6. Soovitatavad kontrollirutiinid h\u00f5lmavad kulumise kontrollimist, tuvastatud probleemide parandamist ja kulunud osade v\u00e4ljavahetamist tippj\u00f5udluse s\u00e4ilitamiseks.<\/p>\n<p><img decoding=\"async\" src=\"https:\/\/www.hydraulic-cylinders.net\/wp-content\/uploads\/2025\/04\/songte-chushion-collar.webp\" alt=\"Padjakaelus\"><\/p>\n<h2>Ohutuskaalutlused ja keskkonnategurid<\/h2>\n<p>Poomi silindrite kasutamisel on ohutusmeetmete rakendamine \u00fclioluline. Operaatorid peaksid olema koolitatud \u00e4ra tundma h\u00fcdraulikas\u00fcsteemidega seotud v\u00f5imalikke ohte, sealhulgas k\u00f5rgsurvevedeliku lekke ja mehaaniliste rikete riske. Riskide maandamiseks tuleks kogu aeg kanda sobivaid isikukaitsevahendeid. Lisaks tuleks keskkonnam\u00f5ju minimeerimiseks ja j\u00e4tkusuutlikkuse edendamiseks kaaluda keskkonnas\u00f5bralike h\u00fcdraulikavedelike kasutamist.<\/p>\n<h2>Rikete diagnoosimine ja levinud probleemid<\/h2>\n<ul>\n<li><strong>Leke:<\/strong> H\u00fcdraulikavedeliku lekked on levinud probleem ja v\u00f5ivad tekkida kulunud tihenditest v\u00f5i kahjustatud voolikutest. Regulaarne kontroll aitab neid probleeme varakult avastada.<\/li>\n<li><strong>Ebaj\u00e4rjekindel toimimine:<\/strong> Kui poomi silinder t\u00f6\u00f6tab eba\u00fchtlaselt, v\u00f5ib see viidata h\u00fcdraulikavedeliku probleemidele v\u00f5i sisemisele kulumisele. H\u00fcdraulikavedeliku taseme ja kvaliteedi kontrollimine on oluline.<\/li>\n<li><strong>\u00dclekuumenemine:<\/strong> \u00dclekuumenemine v\u00f5ib tekkida ebapiisava m\u00e4\u00e4rimise v\u00f5i h\u00fcdraulikas\u00fcsteemi ummistuste t\u00f5ttu. Regulaarne hooldus aitab seda probleemi v\u00e4ltida.<\/li>\n<\/ul>\n<h2>Veaotsingu n\u00e4pun\u00e4ited<\/h2>\n<p>Levinud probleemide lahendamiseks alustage tihendite ja voolikute lekete kontrollimisest. Kui h\u00fcdraulikavedelikku on v\u00e4he, lisage see \u00f5igele tasemele ja kontrollige saastumist. Eba\u00fchtlase t\u00f6\u00f6 korral hinnake h\u00fcdraulikavedeliku seisukorda ja vajadusel vahetage see v\u00e4lja. \u00dclekuumenemisprobleemide korral kontrollige jahutuss\u00fcsteemi ja veenduge, et see oleks korralikult m\u00e4\u00e4ritud. Ennetavad meetmed, nagu regulaarne hooldus ja \u00f5igeaegne remont, aitavad minimeerida v\u00f5imalikke probleeme ja pikendada poomi silindri eluiga.<\/p>\n<p><img decoding=\"async\" src=\"https:\/\/www.hydraulic-cylinders.net\/wp-content\/uploads\/2025\/04\/songte-bushings-with-all-kinds-of-excavator-models.webp\" alt=\"Puksid ekskavaatorimudelitega\"><\/p>\n<h2>Meie ettev\u00f5ttest<\/h2>\n<p>Oleme alternatiivsetele h\u00fcdraulilistele silindritele spetsialiseerunud tootja, pakkudes laia tootevalikut, mis on teinud meist nii sise- kui ka rahvusvahelisel turul juhtiva tootja ja hulgim\u00fc\u00fcja. J\u00e4rgime tipptaseme p\u00f5him\u00f5tteid, tuginedes t\u00e4iustatud tootmisstrateegiatele ja h\u00e4sti hallatud tootmisprotsessidele. Meie ettev\u00f5te investeerib suuresti tehnilisse talenti, tipptasemel tootmisseadmetesse ja professionaalsetesse testimiss\u00fcsteemidesse, t\u00e4iustades pidevalt oma tootmisplatvorme tootekvaliteedi parandamiseks. Meie p\u00fchendumus t\u00f5hususele, t\u00e4psusele ja k\u00f5rgetele standarditele v\u00f5imaldab meil rahuldada klientide mitmekesiseid vajadusi.<\/p>\n<p><img decoding=\"async\" src=\"https:\/\/www.hydraulic-cylinders.net\/wp-content\/uploads\/2025\/04\/songte-company-4.webp\" alt=\"Ettev\u00f5tte \u00fclevaade\"><br \/>\n<img decoding=\"async\" src=\"https:\/\/www.hydraulic-cylinders.net\/wp-content\/uploads\/2025\/04\/songte-company-3.webp\" alt=\"Ettev\u00f5tte tootmine\"><\/p>\n<p>Meie professionaalset asjatundlikkust t\u00e4iendavad rahvusvahelised sertifikaadid, mis tagavad meie toodete vastavuse \u00fclemaailmsetele standarditele. Pakume kohandatud teenuseid, et rahuldada klientide konkreetseid vajadusi, ja toetame oma kliente t\u00f5husalt tugeva m\u00fc\u00fcgij\u00e4rgse teeninduse raamistikuga.<\/p>\n<p>Autor: lyl<\/p>","protected":false},"excerpt":{"rendered":"<p>Boom Cylinder For SGZG SD08E Product Definition and Overview The Boom Cylinder for SGZG SD08E is a crucial hydraulic cylinder specifically designed to control the movement of the bucket in various heavy machinery such as excavators, backhoe loaders, and front loaders. This specialized equipment enables the bucket to lift, lower, and tilt, facilitating efficient material [&hellip;]<\/p>","protected":false},"featured_media":17872,"comment_status":"open","ping_status":"closed","template":"","meta":{"_et_pb_use_builder":"","_et_pb_old_content":"","_et_gb_content_width":""},"product_brand":[],"product_cat":[1546],"product_tag":[1547,1496],"class_list":{"0":"post-19503","1":"product","2":"type-product","3":"status-publish","4":"has-post-thumbnail","6":"product_cat-boom-cylinders","7":"product_tag-boom-cylinders","8":"product_tag-hydraulic-cylinders","10":"first","11":"instock","12":"shipping-taxable","13":"product-type-simple"},"amp_enabled":true,"_links":{"self":[{"href":"https:\/\/www.hydraulic-cylinders.net\/et\/wp-json\/wp\/v2\/product\/19503","targetHints":{"allow":["GET"]}}],"collection":[{"href":"https:\/\/www.hydraulic-cylinders.net\/et\/wp-json\/wp\/v2\/product"}],"about":[{"href":"https:\/\/www.hydraulic-cylinders.net\/et\/wp-json\/wp\/v2\/types\/product"}],"replies":[{"embeddable":true,"href":"https:\/\/www.hydraulic-cylinders.net\/et\/wp-json\/wp\/v2\/comments?post=19503"}],"wp:featuredmedia":[{"embeddable":true,"href":"https:\/\/www.hydraulic-cylinders.net\/et\/wp-json\/wp\/v2\/media\/17872"}],"wp:attachment":[{"href":"https:\/\/www.hydraulic-cylinders.net\/et\/wp-json\/wp\/v2\/media?parent=19503"}],"wp:term":[{"taxonomy":"product_brand","embeddable":true,"href":"https:\/\/www.hydraulic-cylinders.net\/et\/wp-json\/wp\/v2\/product_brand?post=19503"},{"taxonomy":"product_cat","embeddable":true,"href":"https:\/\/www.hydraulic-cylinders.net\/et\/wp-json\/wp\/v2\/product_cat?post=19503"},{"taxonomy":"product_tag","embeddable":true,"href":"https:\/\/www.hydraulic-cylinders.net\/et\/wp-json\/wp\/v2\/product_tag?post=19503"}],"curies":[{"name":"wp","href":"https:\/\/api.w.org\/{rel}","templated":true}]}}