{"id":19504,"date":"2025-04-07T06:51:13","date_gmt":"2025-04-07T06:51:13","guid":{"rendered":"https:\/\/www.hydraulic-cylinders.net\/product\/boom-cylinder-for-sgzg-sd15-9\/"},"modified":"2025-04-07T06:51:15","modified_gmt":"2025-04-07T06:51:15","slug":"boom-cylinder-for-sgzg-sd15-9","status":"publish","type":"product","link":"https:\/\/www.hydraulic-cylinders.net\/et\/toode\/boom-cylinder-for-sgzg-sd15-9\/","title":{"rendered":"Poomi silinder SGZG SD15-9 jaoks"},"content":{"rendered":"<h1>Poomi silinder SGZG SD15-9 jaoks<\/h1>\n<h2>Sissejuhatus poomi silindrisse<\/h2>\n<p>Noole silinder on spetsiaalne h\u00fcdrauliline silinder, mis on loodud koppade liikumise juhtimiseks erinevates rasketehnikas, n\u00e4iteks ekskavaatorites, laadur-ekskavaatorites ja esilaadurites. Need silindrid v\u00f5imaldavad koppa t\u00f5sta, langetada ja kallutada, h\u00f5lbustades t\u00f5husat materjali k\u00e4itlemist. Noole silindrite t\u00e4htsust h\u00fcdraulikas\u00fcsteemides ei saa \u00fcle hinnata, kuna need m\u00e4ngivad olulist rolli sujuva t\u00f6\u00f6 tagamisel ehitus-, kaevandus- ja haljastusprojektides.<\/p>\n<p><img decoding=\"async\" src=\"https:\/\/www.hydraulic-cylinders.net\/wp-content\/uploads\/2025\/04\/songte-company-1.webp\" alt=\"Poomi silinder\"><\/p>\n<h3>\u00c4mbrisilindri m\u00f5istmine<\/h3>\n<p>Kopa silinder on h\u00fcdraulilise silindri t\u00fc\u00fcp, mida kasutatakse spetsiaalselt rasketehnikas kopa liikumise juhtimiseks. See silinder rakendab h\u00fcdraulilist r\u00f5hku j\u00f5u genereerimiseks, v\u00f5imaldades sellel teha mitmesuguseid toiminguid, n\u00e4iteks raskete koormate t\u00f5stmist v\u00f5i kopa kallutamist t\u00fchjendamiseks. Nende silindrite disain ja konstruktsioon tagavad, et need taluvad igap\u00e4evase kasutamise raskusi karmides keskkondades, s\u00e4ilitades samal ajal t\u00f5hususe ja t\u00f6\u00f6kindluse.<\/p>\n<h2>Poomi silindri omadused<\/h2>\n<ul>\n<li><strong>Suur tugevus ja vastupidavus:<\/strong> Tavaliselt \u00fclitugevast terasest v\u00f5i alumiiniumist valmistatud silindrid on ehitatud taluma k\u00f5rget r\u00f5hku ja suuri koormusi, sobides karmidesse t\u00f6\u00f6keskkondadesse. Need on konstrueeritud kulumiskindlust ja korrosioonikindlust silmas pidades, pikendades nende eluiga.<\/li>\n<li><strong>T\u00f5hus h\u00fcdrauliline t\u00f6\u00f6:<\/strong> H\u00fcdraulika\u00f5li r\u00f5hku kasutades tagavad need silindrid sujuva v\u00e4lja- ja sisset\u00f5mbamise. Need reageerivad kiiresti t\u00f6\u00f6k\u00e4sklustele ja pakuvad m\u00e4rkimisv\u00e4\u00e4rset t\u00f5uke- ja t\u00f5mbej\u00f5udu, mis sobib ideaalselt raskete ja keerukate \u00fclesannete t\u00e4itmiseks.<\/li>\n<li><strong>Erinevad t\u00fc\u00fcbid:<\/strong> S\u00f5ltuvalt t\u00f6\u00f6vajadustest saavad kasutajad valida \u00fchetoimelise (h\u00fcdrauliline \u00fches suunas) v\u00f5i kahetoimelise (h\u00fcdrauliline kahes suunas) silindri. M\u00f5ned mudelid on teleskoopilised, mis v\u00f5imaldab suuremat pikendamist ilma v\u00e4lism\u00f5\u00f5tmeid suurendamata, sobides ruumipiirangutega rakenduste jaoks.<\/li>\n<li><strong>Kohandatud tootmine:<\/strong> Me saame seda toodet toota ja meie silindrid saavad neid h\u00fcdraulilisi silindreid ideaalselt asendada.<\/li>\n<li><strong>Mitmek\u00fclgsed rakendused:<\/strong> Sobib mitmesuguste seadmete ja \u00fclesannete jaoks, suurendades tootlikkust erinevates t\u00f6\u00f6stusharudes.<\/li>\n<\/ul>\n<p><img decoding=\"async\" src=\"https:\/\/www.hydraulic-cylinders.net\/wp-content\/uploads\/2025\/04\/songte-cylinder-head-with-all-kinds-excavator-models.webp\" alt=\"H\u00fcdrauliliste silindrite rakendused\"><\/p>\n<h2>Poomi silindri rakendused<\/h2>\n<h3>Ehitustehnika<\/h3>\n<p>Ehitusmasinate valdkonnas leidub noolesilindreid ekskavaatorites, kus need on eluliselt t\u00e4htsad kaevamisel, laadimisel ja mulla v\u00f5i prahi teisaldamisel. Ekskavaatorlaadurites aitavad need silindrid nii kaevamis- kui ka t\u00f5stet\u00f6\u00f6del. Nende vastupidav konstruktsioon tagab t\u00f6\u00f6kindluse ja t\u00f5hususe, muutes need h\u00e4davajalikuks raskete t\u00f6\u00f6de puhul.<\/p>\n<h3>P\u00f5llumajandustehnika<\/h3>\n<p>P\u00f5llumajandusmasinates, n\u00e4iteks esilaadurites, m\u00e4ngivad noolesilindrid olulist rolli mulla, heina ja muude materjalide kopeerimisel, t\u00f5stmisel ja transportimisel. V\u00f5ime raskeid koormaid t\u00e4pselt k\u00e4sitseda suurendab p\u00f5llumajandust\u00f6\u00f6de tootlikkust, tagades selliste \u00fclesannete t\u00f5husa t\u00e4itmise nagu vilja laadimine v\u00f5i pallide teisaldamine.<\/p>\n<h3>Ekskavaatorid<\/h3>\n<p>Ekskavaatorites h\u00f5lbustavad kopasilindrid kaevamist, v\u00f5imaldades kopal t\u00f5husalt pinnasesse tungida. See v\u00f5ime on kriitilise t\u00e4htsusega ehituses ja haljastuses, kus on vaja t\u00e4pset kaevamist. Nende silindrite efektiivsus aitab oluliselt kaasa ekskavaatorite \u00fcldisele j\u00f5udlusele erinevates rakendustes.<\/p>\n<h3>Laadurid<\/h3>\n<p>Esilaadurites vastutavad poomi silindrid materjali t\u00f5husa t\u00f5stmise ja t\u00fchjendamise eest. Nende v\u00f5ime avaldada m\u00e4rkimisv\u00e4\u00e4rset j\u00f5udu tagab, et raskeid materjale saab h\u00f5lpsalt peale ja maha laadida, suurendades seel\u00e4bi tootlikkust t\u00f6\u00f6platsidel.<\/p>\n<h2>Projekteerimiskaalutlused ja valikukriteeriumid<\/h2>\n<h3>Kandev\u00f5ime<\/h3>\n<p>Poomi silindri valimisel on \u00fcks peamisi kaalutlusi kandev\u00f5ime. Oluline on tagada, et silinder suudaks kanda maksimaalset raskust, millele see t\u00f6\u00f6tamise ajal m\u00f5jub. Ebapiisava kandev\u00f5imega silinder v\u00f5ib p\u00f5hjustada rikke, mis kahjustab ohutust ja t\u00f5husust. Insenerid peavad anal\u00fc\u00fcsima t\u00f6\u00f6n\u00f5udeid ja valima silindri, mis mitte ainult ei vasta oodatavatele koormusn\u00f5uetele, vaid \u00fcletab neid.<\/p>\n<h3>Tihendusv\u00f5ime<\/h3>\n<p>Tihendusv\u00f5ime on h\u00fcdraulikas\u00fcsteemides kriitilise t\u00e4htsusega, et v\u00e4ltida vedeliku leket ja s\u00e4ilitada r\u00f5hk. Silindri pikaealisuse tagamiseks on olulised kvaliteetsed tihendid, mis on valmistatud vastupidavatest materjalidest, n\u00e4iteks pol\u00fcuretaanist v\u00f5i nitriilkummist. N\u00f5uetekohane tihendamine tagab h\u00fcdraulikavedeliku tiheduse, hoides \u00e4ra saastumise ja s\u00e4ilitades s\u00fcsteemi efektiivsuse. Tihendite regulaarset kontrolli tuleks teha kulumise tuvastamiseks ja vajadusel v\u00e4ljavahetamiseks.<\/p>\n<h3>Vastupidavus<\/h3>\n<p>Vastupidavus on veel \u00fcks oluline konstruktsioonitegur. Poomisilindrite valmistamisel kasutatavad materjalid peavad olema kulumis- ja korrosioonikindlad, eriti karmides keskkondades. Tootjad kasutavad silindrite vastupidavuse suurendamiseks sageli t\u00e4iustatud katteid ja t\u00f6\u00f6tlusi, tagades, et need taluvad igap\u00e4evase t\u00f6\u00f6 raskusi ilma enneaegse rikketa. Vastupidav silinder tagab pikaajalise t\u00f6\u00f6kindluse, v\u00e4hendades seisakuid ja hoolduskulusid.<\/p>\n<h3>Turvaelemendid<\/h3>\n<p>H\u00fcdrauliliste silindrite projekteerimisel on ohutus esmat\u00e4htis. Sellised omadused nagu r\u00f5hukaitseventiilid ja \u00fclekoormuskaitse mehhanismid aitavad v\u00e4ltida liigsest r\u00f5hust tingitud \u00f5nnetusi. On \u00fclioluline tagada, et need ohutusfunktsioonid oleksid olemas ja t\u00f6\u00f6taksid \u00f5igesti, et kaitsta nii operaatorit kui ka masinat t\u00f6\u00f6tamise ajal. Nende ohutusaspektide regulaarne testimine ja hooldus on t\u00f6\u00f6ohutuse tagamiseks h\u00e4davajalik.<\/p>\n<h3>Hoolduse ligip\u00e4\u00e4setavus<\/h3>\n<p>Hoolduse ligip\u00e4\u00e4setavus on disainimisel oluline kaalutlus, mida ei tohiks t\u00e4helepanuta j\u00e4tta. Balloonid tuleks konstrueerida nii, et kriitilistele komponentidele oleks lihtne juurde p\u00e4\u00e4seda rutiinsete kontrollide ja remondit\u00f6\u00f6de tegemiseks. See ligip\u00e4\u00e4setavuse lihtsus mitte ainult ei h\u00f5lbusta \u00f5igeaegset hooldust, vaid julgustab ka operaatoreid regulaarselt vajalikke kontrolle tegema, pikendades ballooni eluiga. Tootjad peaksid ligip\u00e4\u00e4setavuse maksimeerimiseks arvestama masina paigutuse ja balloonide paigutusega.<\/p>\n<p><img decoding=\"async\" src=\"https:\/\/www.hydraulic-cylinders.net\/wp-content\/uploads\/2025\/04\/songte-oil-pipes-and-spare-parts.webp\" alt=\"H\u00fcdraulilise silindri hooldusosad\"><\/p>\n<h2>Tihendus ja m\u00e4\u00e4rimine<\/h2>\n<p>T\u00f5hus tihendamine ja m\u00e4\u00e4rimine on poomi silindrite optimaalse j\u00f5udluse tagamiseks \u00fcliolulised. H\u00fcdraulika\u00f5li lekke v\u00e4ltimiseks kasutatakse mitmesuguseid tihenduskomponente, n\u00e4iteks kolvitihendeid ja vardatihendeid. Kulumiskindlatest materjalidest tihendid tagavad pikaealisuse ja t\u00f6\u00f6kindluse. Silindri korpus ja keermestatud otsapinnad l\u00e4bivad peene t\u00f6\u00f6tlemise, et suurendada kulumiskindlust. Regulaarne sobiva koguse h\u00fcdraulika\u00f5li lisamine m\u00e4\u00e4rimiseks on \u00fclioluline sujuva t\u00f6\u00f6 s\u00e4ilitamiseks ja liikuvate osade kulumise v\u00e4ltimiseks.<\/p>\n<h2>Ennetavad hooldusmeetmed<\/h2>\n<ul>\n<li><strong>Regulaarsed kontrollid:<\/strong> Poomi silindri regulaarne kontrollimine aitab potentsiaalseid probleeme varakult tuvastada. Kontrollimisel tuleks keskenduda kulumism\u00e4rkide, lekete ja \u00fcldise seisukorra kontrollimisele. Hooldusp\u00e4eviku pidamine aitab j\u00e4lgida silindri seisukorda ja ette n\u00e4ha vajalikke remondit\u00f6id.<\/li>\n<li><strong>\u00d5igeaegne m\u00e4\u00e4rimine:<\/strong> Silindri piisav m\u00e4\u00e4rimine on selle pikaealisuse tagamiseks oluline. Operaatorid peaksid j\u00e4rgima tootja juhiseid m\u00e4\u00e4rimisintervallide ja kasutatavate \u00f5lit\u00fc\u00fcpide kohta, kuna see m\u00f5jutab oluliselt j\u00f5udlust ja kulumiskiirust.<\/li>\n<li><strong>Tihendi vahetamine:<\/strong> Aja jooksul v\u00f5ivad tihendid kuluda ja vajada v\u00e4ljavahetamist. Tihendite regulaarne kontrollimine kahjustuste v\u00f5i kulumise suhtes aitab v\u00e4ltida lekkeid ja tagada ballooni t\u00f5husa t\u00f6\u00f6. Kasutustasemetel p\u00f5hineva tihendite vahetamise ajakava rakendamine v\u00f5ib pikendada ballooni eluiga.<\/li>\n<\/ul>\n<h2>Paigaldusjuhised<\/h2>\n<p>Poomi silindri \u00f5ige paigaldamine on selle j\u00f5udluse ja pikaealisuse seisukohalt \u00fclioluline. Esiteks veenduge, et silinder oleks masina kinnituspunktidega \u00f5igesti joondatud. Vale joondamine v\u00f5ib p\u00f5hjustada enneaegset kulumist ja rikkeid. Kasutage silindri kindla kinnitamiseks sobivaid kinnitusklambreid, et v\u00e4ltida igasugust liikumist t\u00f6\u00f6tamise ajal. Oluline on hoolikalt j\u00e4rgida tootja paigaldusjuhiseid, veendudes, et k\u00f5ik poldid ja liitmikud on pingutatud etten\u00e4htud p\u00f6\u00f6rdemomendi s\u00e4tetega. P\u00e4rast paigaldamist kontrollige lekete olemasolu ja tehke proovik\u00e4ivitus, et veenduda silindri sujuvas t\u00f6\u00f6s ilma ebanormaalsete helideta.<\/p>\n<h2>Levinumad hooldust\u00f6\u00f6d<\/h2>\n<h3>Regulaarsed kontrollid<\/h3>\n<p>Regulaarsete kontrollide l\u00e4biviimine on \u00fclioluline noole silindri pideva toimimise tagamiseks. V\u00e4liste kahjustuste, lekete ja kulumise kontrollimine aitab tuvastada probleeme enne, kui need p\u00f5hjustavad olulisi rikkeid. Regulaarne j\u00e4lgimine soodustab \u00f5igeaegset sekkumist, tagades seadmete t\u00f6\u00f6korras ja ohutu toimimise.<\/p>\n<h3>Sobiv m\u00e4\u00e4rimine<\/h3>\n<p>Silindri liikuvate osade vahelise h\u00f5\u00f5rdumise ja kulumise v\u00e4hendamiseks on oluline \u00f5ige m\u00e4\u00e4rimine. Kontrollige regulaarselt h\u00fcdraulika\u00f5li taset ja lisage vastavalt vajadusele. Tootja poolt ette n\u00e4htud m\u00e4\u00e4rimisgraafiku j\u00e4rgimine tagab silindri sujuva t\u00f6\u00f6 ja pikendab selle eluiga.<\/p>\n<h3>Tihendi vahetamine ja kalibreerimise kontrollimine<\/h3>\n<p>Tihendite regulaarne kulumise kontrollimine on oluline, kuna kahjustatud tihendid v\u00f5ivad p\u00f5hjustada h\u00fcdraulikavedeliku lekkeid ja r\u00f5hukadu. Tihendid on soovitatav vahetada esimeste kulumism\u00e4rkide ilmnemisel. Lisaks saab silindri kalibreerimiskontrolli abil tagada, et see t\u00f6\u00f6tab n\u00f5utavate parameetrite piires. N\u00f5uetekohane reguleerimine ja kalibreerimine aitavad v\u00e4ltida t\u00f6\u00f6 ebaefektiivsust ja pikendada seadmete eluiga.<\/p>\n<p><img decoding=\"async\" src=\"https:\/\/www.hydraulic-cylinders.net\/wp-content\/uploads\/2025\/04\/songte-chushion-collar.webp\" alt=\"H\u00fcdraulilise silindri paigaldamine\"><\/p>\n<h2>Ohutuskaalutlused ja keskkonnategurid<\/h2>\n<p>H\u00fcdrauliliste silindritega t\u00f6\u00f6tamisel on ohutusmeetmete rakendamine \u00e4\u00e4rmiselt oluline. Operaatorid peaksid olema koolitatud ohutute t\u00f6\u00f6protseduuride osas, tagades, et nad m\u00f5istavad h\u00fcdrauliliste s\u00fcsteemidega kaasnevaid v\u00f5imalikke riske. Vigastusriski minimeerimiseks on vajalik isikukaitsevahendite (IKV) n\u00f5uetekohane kasutamine. Lisaks tuleb arvestada keskkonnakaalutlustega, n\u00e4iteks h\u00fcdrauliliste vedelike n\u00f5uetekohane k\u00f5rvaldamine ja lekete minimeerimine saastumise v\u00e4ltimiseks.<\/p>\n<h2>Rikete diagnoosimine ja levinud probleemid<\/h2>\n<ul>\n<li><strong>Leke:<\/strong> \u00dcks levinumaid probleeme h\u00fcdrosilindritega on leke, mis v\u00f5ib tuleneda kulunud tihenditest v\u00f5i kahjustatud komponentidest. Regulaarne kontroll aitab lekkeid varakult tuvastada, v\u00f5imaldades kiiret remonti.<\/li>\n<li><strong>Aeglane reageering:<\/strong> Kui silinder reageerib aeglaselt, v\u00f5ib see viidata madalale h\u00fcdraulikavedeliku tasemele v\u00f5i sisemisele kulumisele. Vedelikutaseme kontrollimine ja p\u00f5hjalik \u00fclevaatus aitavad probleemi diagnoosida.<\/li>\n<li><strong>Ebanormaalsed m\u00fcrad:<\/strong> Ebatavalised helid t\u00f6\u00f6tamise ajal v\u00f5ivad viidata sellistele probleemidele nagu kavitatsioon v\u00f5i sisemised kahjustused. Operaatorid peaksid k\u00f5iki ebatavalisi helisid viivitamatult uurima, et v\u00e4ltida s\u00fcsteemi edasist kahjustamist.<\/li>\n<\/ul>\n<h2>Veaotsingu n\u00e4pun\u00e4ited<\/h2>\n<p>Poomi silindrite probleemide t\u00f5husaks diagnoosimiseks ja lahendamiseks peaksid operaatorid j\u00e4rgima s\u00fcstemaatilist l\u00e4henemisviisi. Alustage visuaalse kontrolliga, et tuvastada k\u00f5ik ilmsed kahjustuste v\u00f5i kulumise tunnused. Lekete tuvastamisel otsige nende allikas \u00fcles, mis sageli n\u00f5uab tihendi vahetamist. J\u00f5udlusprobleemide korral kontrollige h\u00fcdraulikavedeliku taset ja veenduge, et r\u00f5huseaded on \u00f5iged. Probleemide ja remondit\u00f6\u00f6de logi pidamine aitab tuvastada korduvaid probleeme, h\u00f5lbustades ennetavaid hooldusstrateegiaid.<\/p>\n<p><img decoding=\"async\" src=\"https:\/\/www.hydraulic-cylinders.net\/wp-content\/uploads\/2025\/04\/songte-bushings-with-all-kinds-of-excavator-models.webp\" alt=\"H\u00fcdraulilise silindri t\u00f5rkeotsing\"><\/p>\n<h2>Meie ettev\u00f5ttest<\/h2>\n<p>Oleme h\u00fcdrauliliste silindrite asendamisele spetsialiseerunud tootja, mis on tuntud oma laia tootevaliku poolest. Olles \u00fcks juhtivaid h\u00fcdrauliliste silindrite tootjaid ja hulgim\u00fc\u00fcjaid nii sise- kui ka rahvusvahelistel turgudel, j\u00e4rgime k\u00f5rgeid kvaliteedistandardeid. Meie tootmisstrateegia tugineb t\u00e4psetele tootmisjuhtimiss\u00fcsteemidele, oskuslike tehnikute t\u00f6\u00f6lev\u00f5tmisele, t\u00e4iustatud digitaalsetele tootmisseadmetele ja tugevatele testimiss\u00fcsteemidele. See l\u00e4henemisviis t\u00e4iustab pidevalt meie tootmisv\u00f5imalusi, tagades, et rahuldame oma klientide mitmekesiseid vajadusi t\u00f5husalt, t\u00e4pselt ja kvaliteetselt.<\/p>\n<p><img decoding=\"async\" src=\"https:\/\/www.hydraulic-cylinders.net\/wp-content\/uploads\/2025\/04\/songte-company-4.webp\" alt=\"Ettev\u00f5tte \u00fclevaade\"><br \/>\n<img decoding=\"async\" src=\"https:\/\/www.hydraulic-cylinders.net\/wp-content\/uploads\/2025\/04\/songte-company-3.webp\" alt=\"Ettev\u00f5tte tootmine\"><\/p>\n<p>R\u00f5hutades professionaalsust, rahvusvahelisi sertifikaate, eritellimusel teenuseid, t\u00e4iustatud tootmisseadmeid ja suurep\u00e4rast m\u00fc\u00fcgij\u00e4rgset teenindust, oleme p\u00fchendunud pakkuma oma klientidele parimaid h\u00fcdraulikalahendusi, mis on kohandatud nende konkreetsetele vajadustele.<\/p>\n<p>Autor: lyl<\/p>","protected":false},"excerpt":{"rendered":"<p>Boom Cylinder For SGZG SD15-9 Introduction to the Boom Cylinder The Boom Cylinder is a specialized hydraulic cylinder designed for controlling the movement of buckets in various heavy machinery such as excavators, backhoe loaders, and front loaders. These cylinders enable the bucket to lift, lower, and tilt, facilitating efficient material handling tasks. The importance of [&hellip;]<\/p>","protected":false},"featured_media":17873,"comment_status":"open","ping_status":"closed","template":"","meta":{"_et_pb_use_builder":"","_et_pb_old_content":"","_et_gb_content_width":""},"product_brand":[],"product_cat":[1546],"product_tag":[1547,1496],"class_list":{"0":"post-19504","1":"product","2":"type-product","3":"status-publish","4":"has-post-thumbnail","6":"product_cat-boom-cylinders","7":"product_tag-boom-cylinders","8":"product_tag-hydraulic-cylinders","10":"first","11":"instock","12":"shipping-taxable","13":"product-type-simple"},"amp_enabled":true,"_links":{"self":[{"href":"https:\/\/www.hydraulic-cylinders.net\/et\/wp-json\/wp\/v2\/product\/19504","targetHints":{"allow":["GET"]}}],"collection":[{"href":"https:\/\/www.hydraulic-cylinders.net\/et\/wp-json\/wp\/v2\/product"}],"about":[{"href":"https:\/\/www.hydraulic-cylinders.net\/et\/wp-json\/wp\/v2\/types\/product"}],"replies":[{"embeddable":true,"href":"https:\/\/www.hydraulic-cylinders.net\/et\/wp-json\/wp\/v2\/comments?post=19504"}],"wp:featuredmedia":[{"embeddable":true,"href":"https:\/\/www.hydraulic-cylinders.net\/et\/wp-json\/wp\/v2\/media\/17873"}],"wp:attachment":[{"href":"https:\/\/www.hydraulic-cylinders.net\/et\/wp-json\/wp\/v2\/media?parent=19504"}],"wp:term":[{"taxonomy":"product_brand","embeddable":true,"href":"https:\/\/www.hydraulic-cylinders.net\/et\/wp-json\/wp\/v2\/product_brand?post=19504"},{"taxonomy":"product_cat","embeddable":true,"href":"https:\/\/www.hydraulic-cylinders.net\/et\/wp-json\/wp\/v2\/product_cat?post=19504"},{"taxonomy":"product_tag","embeddable":true,"href":"https:\/\/www.hydraulic-cylinders.net\/et\/wp-json\/wp\/v2\/product_tag?post=19504"}],"curies":[{"name":"wp","href":"https:\/\/api.w.org\/{rel}","templated":true}]}}