{"id":19507,"date":"2025-04-07T06:51:19","date_gmt":"2025-04-07T06:51:19","guid":{"rendered":"https:\/\/www.hydraulic-cylinders.net\/product\/boom-cylinder-for-sgzg-sd18b\/"},"modified":"2025-04-07T06:51:21","modified_gmt":"2025-04-07T06:51:21","slug":"boom-cylinder-for-sgzg-sd18b","status":"publish","type":"product","link":"https:\/\/www.hydraulic-cylinders.net\/et\/toode\/boom-cylinder-for-sgzg-sd18b\/","title":{"rendered":"Poomi silinder SGZG SD18B jaoks"},"content":{"rendered":"<h1>Poomi silinder SGZG SD18B jaoks<\/h1>\n<h2>Sissejuhatus poomi silindritesse<\/h2>\n<p>SGZG SD18B poomi silinder on spetsiaalne h\u00fcdrauliline silinder, mis on loodud mitmesuguste raskete masinate, sealhulgas ekskavaatorite, laadur-ekskavaatori ja esilaaduri koppade liikumise juhtimiseks. Need silindrid m\u00e4ngivad materjali k\u00e4itlemisel olulist rolli, v\u00f5imaldades koppa t\u00f5husalt t\u00f5sta, langetada ja kallutada. P\u00f5him\u00f5tteliselt on kopa silinder h\u00fcdraulilise silindri t\u00fc\u00fcp, mis h\u00f5lbustab h\u00fcdraulikas\u00fcsteemide t\u00f5husat toimimist, muutes selle asendamatuks komponendiks t\u00e4nap\u00e4evastes ehitus- ja p\u00f5llumajandusseadmetes.<\/p>\n<p><img decoding=\"async\" src=\"https:\/\/www.hydraulic-cylinders.net\/wp-content\/uploads\/2025\/04\/songte-company-1.webp\" alt=\"Poomi silinder\"><\/p>\n<h3>Funktsioon ja rakendused<\/h3>\n<p>Kopasilindrid v\u00f5imaldavad koppade t\u00e4pset juhtimist ja liikumist, mis on oluline kaevamisel, laadimisel ja materjalide transportimisel. Kopa asendi muutmise v\u00f5imalus suurendab tootlikkust ja t\u00f5husust erinevates rakendustes.<\/p>\n<h2>SGZG SD18B poomisilindri omadused<\/h2>\n<ul>\n<li><strong>Suur tugevus ja vastupidavus:<\/strong> Need \u00fclitugevast terasest v\u00f5i alumiiniumist valmistatud silindrid taluvad k\u00f5rget r\u00f5hku ja suuri koormusi, mist\u00f5ttu sobivad need karmidesse t\u00f6\u00f6keskkondadesse.<\/li>\n<li><strong>T\u00f5hus h\u00fcdrauliline t\u00f6\u00f6:<\/strong> Kasutades sujuvat pikendamist ja tagasit\u00f5mbamist h\u00fcdraulika\u00f5li r\u00f5hu abil, reageerivad nad juhtimisk\u00e4sklustele kiiresti ning pakuvad v\u00f5imsaid t\u00f5uke- ja t\u00f5mbej\u00f5ude.<\/li>\n<li><strong>Erinevad t\u00fc\u00fcbid:<\/strong> Saadaval \u00fchetoimelise (\u00fches suunas t\u00f6\u00f6tav) v\u00f5i kahetoimelise (m\u00f5lemas suunas t\u00f6\u00f6tav) konstruktsioonina, et rahuldada erinevaid t\u00f6\u00f6vajadusi. Teatud mudelitel on ka teleskoopkonstruktsioonid, mis v\u00f5imaldavad suuremat ulatust ilma v\u00e4lism\u00f5\u00f5tmeid suurendamata.<\/li>\n<li><strong>Kohandatud tootmine:<\/strong> Me suudame seda toodet toota, asendades ideaalselt olemasolevad h\u00fcdrosilindrid samav\u00e4\u00e4rsete spetsifikatsioonidega.<\/li>\n<li><strong>Mitmek\u00fclgsed rakendused:<\/strong> Sobib erinevatele ehitus- ja p\u00f5llumajandusmasinatele, tagades optimaalse j\u00f5udluse erinevates stsenaariumides.<\/li>\n<\/ul>\n<p><img decoding=\"async\" src=\"https:\/\/www.hydraulic-cylinders.net\/wp-content\/uploads\/2025\/04\/songte-cylinder-head-with-all-kinds-excavator-models.webp\" alt=\"Ekskavaatori mudelid\"><\/p>\n<h2>Poomi silindri rakendused<\/h2>\n<h3>Ehitustehnika<\/h3>\n<p>Ekskavaatorites on noolesilindrid kriitilise t\u00e4htsusega kaevamisel, laadimisel ja mulla v\u00f5i prahi teisaldamisel. Ekskavaator-laadurites on nende roll kahetine, abistades nii kaevamis- kui ka t\u00f5stet\u00f6\u00f6del. See mitmek\u00fclgsus muudab need h\u00e4davajalikuks ehitusprojektides, kus efektiivsus ja t\u00e4psus on esmat\u00e4htsad.<\/p>\n<h3>P\u00f5llumajandustehnika<\/h3>\n<p>Esilaadurites kasutatakse noolesilindreid mulla, heina ja muude materjalide kopeerimiseks, t\u00f5stmiseks ja transportimiseks. Need parandavad p\u00f5llumajandust\u00f6\u00f6de t\u00f5husust, v\u00f5imaldades p\u00f5llumeestel materjale h\u00f5lpsalt k\u00e4sitseda ja seel\u00e4bi suurendada p\u00f5llumajandustegevuse tootlikkust.<\/p>\n<h3>Ekskavaatorid<\/h3>\n<p>Kopasilindrid h\u00f5lbustavad kaevamist, v\u00f5imaldades kopal pinnasesse tungida. See v\u00f5ime on t\u00f5husa kaevet\u00f6\u00f6 jaoks \u00fclioluline, tagades, et operaatorid saavad saavutada soovitud s\u00fcgavused ja s\u00e4ilitada t\u00f6\u00f6 ajal tootlikkuse.<\/p>\n<h3>Laadurid<\/h3>\n<p>Frontaallaadurites aitavad noolesilindrid koormaid t\u00f5husalt t\u00f5sta ja t\u00fchjendada. Nende v\u00f5ime raskeid materjale k\u00e4sitseda muudab need hindamatuks ehitus- ja materjalik\u00e4itlust\u00f6\u00f6del.<\/p>\n<h2>Projekteerimiskaalutlused ja valikukriteeriumid<\/h2>\n<ul>\n<li><strong>Kandev\u00f5ime:<\/strong> Silindri kandev\u00f5ime on kriitilise t\u00e4htsusega tegur, et see vastaks masina n\u00f5uetele. See peab olema konstrueeritud nii, et see taluks teisaldatavate materjalide maksimaalset raskust, et v\u00e4ltida rikkeid.<\/li>\n<li><strong>Tihendust\u00f5husus:<\/strong> H\u00fcdraulilise vedeliku lekke v\u00e4ltimiseks on olulised korralikud tihendusmehhanismid. See h\u00f5lmab kvaliteetsete tihendite kasutamist, mis taluvad r\u00f5hku ja on aja jooksul kulumiskindlad.<\/li>\n<li><strong>Vastupidavus:<\/strong> Konstruktsioonis kasutatavad materjalid peavad olema korrosiooni- ja kulumiskindlad, pikendades silindri eluiga isegi rasketes t\u00f6\u00f6tingimustes.<\/li>\n<li><strong>Turvaelemendid:<\/strong> Kaitseventiilide ja r\u00f5huvabastuss\u00fcsteemide olemasolu kaitseb operaatoreid ja masinaid v\u00f5imalike ohtude eest, tagades ohutu t\u00f6\u00f6 erinevates keskkondades.<\/li>\n<li><strong>Hoolduse ligip\u00e4\u00e4setavus:<\/strong> Konstruktsioon peaks v\u00f5imaldama h\u00f5lpsat juurdep\u00e4\u00e4su hoolduseks ja remondiks, v\u00f5imaldades kiiremat hooldust ja l\u00fchendades seisakuid.<\/li>\n<\/ul>\n<p><img decoding=\"async\" src=\"https:\/\/www.hydraulic-cylinders.net\/wp-content\/uploads\/2025\/04\/songte-oil-pipes-and-spare-parts.webp\" alt=\"\u00d5litorud ja varuosad\"><\/p>\n<h2>Poomi silindri tihendamine ja m\u00e4\u00e4rimine<\/h2>\n<p>Tihendid ja m\u00e4\u00e4rimine on poomi silindrite j\u00f5udluse s\u00e4ilitamise olulised elemendid. H\u00fcdraulilise vedeliku lekke ja saastumise v\u00e4ltimiseks kasutatakse mitmesuguseid tihendeid, n\u00e4iteks kolvitihendeid ja vardatihendeid. Pol\u00fcuretaanist v\u00f5i nitriilkummist tihendeid kasutatakse tavaliselt nende vastupidavuse ja kulumiskindluse t\u00f5ttu.<\/p>\n<p>Silindri korpus ja keermestatud otsapinnad l\u00e4bivad t\u00e4ppist\u00f6\u00f6tluse, et suurendada kulumiskindlust, pikendades oluliselt silindri t\u00f6\u00f6iga. Regulaarne m\u00e4\u00e4rimine h\u00fcdraulika\u00f5liga on \u00fclioluline; see v\u00e4hendab h\u00f5\u00f5rdumist liikuvate osade vahel ja tagab sujuva t\u00f6\u00f6.<\/p>\n<h2>Ennetavad hooldusmeetmed<\/h2>\n<ul>\n<li><strong>Regulaarsed kontrollid:<\/strong> Optimaalse j\u00f5udluse s\u00e4ilitamiseks ja ootamatute rikete v\u00e4ltimiseks on oluline teha regulaarseid kontrolle lekete, pragude ja kulumism\u00e4rkide suhtes.<\/li>\n<li><strong>Sobiv m\u00e4\u00e4rimine:<\/strong> Piisava h\u00fcdraulika\u00f5li taseme hoidmine ja regulaarne m\u00e4\u00e4rimine v\u00e4hendab kulumist ja s\u00e4ilitab t\u00f6\u00f6 efektiivsuse.<\/li>\n<li><strong>Tihendi vahetamine ja kalibreerimise kontrollimine:<\/strong> Tihendite j\u00e4lgimine ja vajadusel vahetamine hoiab \u00e4ra vedeliku lekke. Lisaks tagavad perioodilised kalibreerimiskontrollid, et silinder t\u00f6\u00f6tab etten\u00e4htud parameetrite piires.<\/li>\n<\/ul>\n<h2>\u00d5iged paigaldusjuhised<\/h2>\n<p>Poomi silindri \u00f5ige paigaldamine on optimaalse j\u00f5udluse saavutamiseks kriitilise t\u00e4htsusega. Alustage veendumisest, et kinnituspunktid on puhtad ja prahist vabad. Kasutage silindri kinnitamiseks sobivaid kinnitusklambreid, tagades \u00f5ige joonduse teiste komponentidega, et v\u00e4ltida silindrile liigset survet.<\/p>\n<p>Paigaldamise ajal s\u00e4ilitage \u00f5ige joondus, et minimeerida kulumist ja tagada sujuv t\u00f6\u00f6. Soovitatav on tutvuda tootja juhistega t\u00e4psete p\u00f6\u00f6rdemomendi s\u00e4tete ja paigaldusprotseduuride kohta. P\u00e4rast paigaldamist tehke funktsionaalne test, et veenduda silindri etten\u00e4htud otstarbel t\u00f6\u00f6tamises, ja tehke vajalikud muudatused.<\/p>\n<h2>Levinumad hooldust\u00f6\u00f6d<\/h2>\n<ul>\n<li><strong>Regulaarsed kontrollid:<\/strong> Hoolduse seisukohalt on \u00fclioluline teha kindlaksm\u00e4\u00e4ratud intervallidega \u00fclevaatusi, et tuvastada kulumist ja v\u00f5imalikke probleeme varakult. See h\u00f5lmab lekete, moonutuste v\u00f5i muude kahjustuste m\u00e4rkide kontrollimist.<\/li>\n<li><strong>Sobiv m\u00e4\u00e4rimine:<\/strong> H\u00f5\u00f5rdumise ja kulumise minimeerimiseks ning seel\u00e4bi komponendi eluea pikendamiseks on oluline tagada \u00f5igete m\u00e4\u00e4rimistavade j\u00e4rgimine.<\/li>\n<li><strong>Tihendi vahetamine ja kalibreerimise kontrollimine:<\/strong> Tihendite regulaarne vahetamine hoiab \u00e4ra lekked ja tagab t\u00f5husa t\u00f6\u00f6. Lisaks tagavad kalibreerimiskontrollid, et silinder reageerib juhtimissignaalidele t\u00e4pselt.<\/li>\n<\/ul>\n<h2>Ohutuskaalutlused ja keskkonnategurid<\/h2>\n<p>H\u00fcdrauliliste silindrite k\u00e4itamisel on \u00fclioluline rakendada ohutusmeetmeid. Operaatorid peaksid j\u00e4rgima tootja juhiseid ja tagama, et k\u00f5ik ohutusseadmed on t\u00f6\u00f6korras. H\u00fcdrauliliste seadmete kasutamise n\u00f5uetekohane v\u00e4lja\u00f5pe minimeerib t\u00f6\u00f6ga seotud riske, samas kui teadlikkus seadme kasutuskeskkonnast aitab \u00e4ra hoida \u00f5nnetusi ja keskkonnakahjustusi.<\/p>\n<h2>Veaotsing ja levinud probleemid<\/h2>\n<ul>\n<li><strong>H\u00fcdraulilise vedeliku lekked:<\/strong> Lekkeid v\u00f5ib p\u00f5hjustada kulunud tihendid v\u00f5i kahjustatud komponendid. Regulaarne kontroll aitab lekkeid varakult tuvastada, v\u00f5imaldades \u00f5igeaegset remonti.<\/li>\n<li><strong>Ebaj\u00e4rjekindel toimimine:<\/strong> Kui silinder t\u00f6\u00f6tab eba\u00fchtlaselt, v\u00f5ib see viidata h\u00fcdraulilise vedeliku probleemidele v\u00f5i sisemisele kulumisele. H\u00fcdraulikavedeliku taseme kontrollimine ja sisemiste kahjustuste avastamine on \u00fclioluline.<\/li>\n<li><strong>\u00dclekuumenemine:<\/strong> \u00dclekuumenemine v\u00f5ib viidata sellistele probleemidele nagu liigne r\u00f5hk v\u00f5i ebapiisav m\u00e4\u00e4rimine. T\u00f6\u00f6temperatuuride j\u00e4lgimine ja sobivate jahutusmeetodite olemasolu tagamine aitab seda probleemi leevendada.<\/li>\n<\/ul>\n<p>T\u00f5husa t\u00f5rkeotsingu tagamiseks peaksid operaatorid pidama selget arvestust hooldustegevuste ja k\u00f5igi t\u00f6\u00f6 ajal t\u00e4heldatud ebakorrap\u00e4rasuste kohta. See ennetav l\u00e4henemisviis aitab probleeme t\u00e4pselt diagnoosida ja tagada, et potentsiaalsed probleemid lahendatakse enne nende s\u00fcvenemist.<\/p>\n<p><img decoding=\"async\" src=\"https:\/\/www.hydraulic-cylinders.net\/wp-content\/uploads\/2025\/04\/songte-bushings-with-all-kinds-of-excavator-models.webp\" alt=\"Puksid ekskavaatorimudelitega\"><\/p>\n<h2>Meie ettev\u00f5ttest<\/h2>\n<p>Oleme juhtiv asendush\u00fcdrauliliste silindrite tootja ja hulgim\u00fc\u00fcja, mis on tuntud oma laia tootevaliku ja kvaliteedile p\u00fchendumise poolest. Meie ettev\u00f5te rakendab t\u00e4iustatud tootmisjuhtimise strateegiaid ning tugineb oskuslikule t\u00f6\u00f6j\u00f5ule, tipptasemel digitaalsetele tootmisseadmetele ja tugevatele testimiss\u00fcsteemidele, et parandada toote kvaliteeti ja tootmise efektiivsust.<\/p>\n<p>Oleme uhked oma v\u00f5ime \u00fcle rahuldada klientide mitmekesiseid vajadusi kohandatud teenuste kaudu. Meie tooted l\u00e4bivad range kvaliteedikontrolli, mis tagab vastavuse rahvusvahelistele standarditele. Lisaks pakume erakordset m\u00fc\u00fcgij\u00e4rgset tuge, aidates kliente paigaldamise, hoolduse ja k\u00f5igi ostuj\u00e4rgselt tekkida v\u00f5ivate probleemidega.<\/p>\n<p><img decoding=\"async\" src=\"https:\/\/www.hydraulic-cylinders.net\/wp-content\/uploads\/2025\/04\/songte-company-4.webp\" alt=\"Ettev\u00f5tte pilt 1\"><br \/>\n<img decoding=\"async\" src=\"https:\/\/www.hydraulic-cylinders.net\/wp-content\/uploads\/2025\/04\/songte-company-3.webp\" alt=\"Ettev\u00f5tte pilt 2\"><\/p>\n<p>Autor: lyl<\/p>","protected":false},"excerpt":{"rendered":"<p>Boom Cylinder For SGZG SD18B Introduction to Boom Cylinders The Boom Cylinder for SGZG SD18B is a specialized hydraulic cylinder designed to control the movement of buckets in various heavy machinery, including excavators, backhoe loaders, and front loaders. These cylinders play a crucial role in material handling tasks, enabling the bucket to lift, lower, and [&hellip;]<\/p>","protected":false},"featured_media":17875,"comment_status":"open","ping_status":"closed","template":"","meta":{"_et_pb_use_builder":"","_et_pb_old_content":"","_et_gb_content_width":""},"product_brand":[],"product_cat":[1546],"product_tag":[1547,1496],"class_list":{"0":"post-19507","1":"product","2":"type-product","3":"status-publish","4":"has-post-thumbnail","6":"product_cat-boom-cylinders","7":"product_tag-boom-cylinders","8":"product_tag-hydraulic-cylinders","10":"first","11":"instock","12":"shipping-taxable","13":"product-type-simple"},"amp_enabled":true,"_links":{"self":[{"href":"https:\/\/www.hydraulic-cylinders.net\/et\/wp-json\/wp\/v2\/product\/19507","targetHints":{"allow":["GET"]}}],"collection":[{"href":"https:\/\/www.hydraulic-cylinders.net\/et\/wp-json\/wp\/v2\/product"}],"about":[{"href":"https:\/\/www.hydraulic-cylinders.net\/et\/wp-json\/wp\/v2\/types\/product"}],"replies":[{"embeddable":true,"href":"https:\/\/www.hydraulic-cylinders.net\/et\/wp-json\/wp\/v2\/comments?post=19507"}],"wp:featuredmedia":[{"embeddable":true,"href":"https:\/\/www.hydraulic-cylinders.net\/et\/wp-json\/wp\/v2\/media\/17875"}],"wp:attachment":[{"href":"https:\/\/www.hydraulic-cylinders.net\/et\/wp-json\/wp\/v2\/media?parent=19507"}],"wp:term":[{"taxonomy":"product_brand","embeddable":true,"href":"https:\/\/www.hydraulic-cylinders.net\/et\/wp-json\/wp\/v2\/product_brand?post=19507"},{"taxonomy":"product_cat","embeddable":true,"href":"https:\/\/www.hydraulic-cylinders.net\/et\/wp-json\/wp\/v2\/product_cat?post=19507"},{"taxonomy":"product_tag","embeddable":true,"href":"https:\/\/www.hydraulic-cylinders.net\/et\/wp-json\/wp\/v2\/product_tag?post=19507"}],"curies":[{"name":"wp","href":"https:\/\/api.w.org\/{rel}","templated":true}]}}