{"id":19508,"date":"2025-04-07T06:51:21","date_gmt":"2025-04-07T06:51:21","guid":{"rendered":"https:\/\/www.hydraulic-cylinders.net\/product\/boom-cylinder-for-sgzg-sd22-9b\/"},"modified":"2025-04-07T06:51:24","modified_gmt":"2025-04-07T06:51:24","slug":"boom-cylinder-for-sgzg-sd22-9b","status":"publish","type":"product","link":"https:\/\/www.hydraulic-cylinders.net\/et\/toode\/boom-cylinder-for-sgzg-sd22-9b\/","title":{"rendered":"Poomi silinder SGZG SD22-9B jaoks"},"content":{"rendered":"<h1>Poomi silinder SGZG SD22-9B jaoks<\/h1>\n<h2>Toote \u00fclevaade<\/h2>\n<p>SGZG SD22-9B poomi silinder on oluline h\u00fcdrauliline komponent, mis on spetsiaalselt loodud erinevate rasketehnika koppade liikumise juhtimiseks. See h\u00fcdrauliline silinder on ekskavaatorite, laadur-ekskavaatori ja esilaaduri t\u00f6\u00f6 lahutamatu osa, v\u00f5imaldades kopa t\u00f5husalt t\u00f5sta, langetada ja kallutada. Nende liigutuste h\u00f5lbustamisega m\u00e4ngib poomi silinder olulist rolli materjalik\u00e4itlus\u00fclesannetes erinevates t\u00f6\u00f6stusharudes.<\/p>\n<p><img decoding=\"async\" src=\"https:\/\/www.hydraulic-cylinders.net\/wp-content\/uploads\/2025\/04\/songte-company-1.webp\" alt=\"Poomi silindri pilt\" \/><\/p>\n<h2>Poomi silindri omadused<\/h2>\n<ul>\n<li>\n<h3>Suur tugevus ja vastupidavus<\/h3>\n<p>See \u00fclitugevast terasest v\u00f5i alumiiniumist valmistatud silinder on loodud taluma k\u00f5rget r\u00f5hku ja suuri koormusi. Selle vastupidav disain tagab kohanemisv\u00f5ime karmides t\u00f6\u00f6keskkondades, keskendudes samal ajal kulumiskindlusele ja korrosioonikindlusele, et pikendada selle eluiga.<\/p>\n<\/li>\n<li>\n<h3>T\u00f5hus h\u00fcdrauliline t\u00f6\u00f6<\/h3>\n<p>H\u00fcdraulilise \u00f5li r\u00f5hu abil v\u00f5imaldab poomi silinder sujuvat pikendamist ja tagasit\u00f5mbamist. See reageerib operaatori k\u00e4sklustele kiiresti, pakkudes v\u00f5imsaid t\u00f5uke- ja t\u00f5mbej\u00f5ude, mist\u00f5ttu on see ideaalne raskete materjalide ja keerukate \u00fclesannete k\u00e4sitsemiseks.<\/p>\n<\/li>\n<li>\n<h3>Saadaval on mitmesuguseid t\u00fc\u00fcpe<\/h3>\n<p>Saadaval on \u00fchetoimelised (h\u00fcdrauliliselt \u00fches suunas t\u00f6\u00f6tavad) ja kahetoimelised silindrid (m\u00f5lemas suunas t\u00f6\u00f6tavad). M\u00f5ned mudelid on teleskoopilised, mis v\u00f5imaldab suuremat pikendamist ilma v\u00e4lism\u00f5\u00f5tmeid suurendamata, mist\u00f5ttu sobivad need ruumikitsastesse rakendustesse.<\/p>\n<\/li>\n<li>\n<h3>Kohandatud tootmine<\/h3>\n<p>Suudame seda toodet toota olemasolevate h\u00fcdrosilindrite ideaalseks asendamiseks, tagades \u00fchilduvuse ja j\u00f5udluse. Meie tootmisv\u00f5imalused v\u00f5imaldavad pakkuda kohandatud lahendusi, mis vastavad klientide konkreetsetele vajadustele.<\/p>\n<\/li>\n<li>\n<h3>Usaldusv\u00e4\u00e4rne j\u00f5udlus<\/h3>\n<p>Need silindrid on loodud pakkuma j\u00e4rjepidevat j\u00f5udlust n\u00f5udlikes tingimustes ning neid testitakse rangelt, et tagada nende vastavus k\u00f5rgeimatele t\u00f6\u00f6stusstandarditele t\u00f6\u00f6kindluse ja t\u00f5hususe osas.<\/p>\n<\/li>\n<\/ul>\n<p><img decoding=\"async\" src=\"https:\/\/www.hydraulic-cylinders.net\/wp-content\/uploads\/2025\/04\/songte-cylinder-head-with-all-kinds-excavator-models.webp\" alt=\"Ekskavaatori mudelid\" \/><\/p>\n<h2>Poomi silindri rakendused<\/h2>\n<h3>Ehitustehnika<\/h3>\n<p>Ehitusmasinates, n\u00e4iteks ekskavaatorites, on noolesilindrid h\u00e4davajalikud pinnase v\u00f5i prahi kaevamiseks, laadimiseks ja teisaldamiseks. Need h\u00f5lbustavad kaevamist\u00f6\u00f6de t\u00e4psust, pakkudes vajalikku j\u00f5udu rasketes pinnasetingimustes l\u00e4bimiseks ja v\u00f5imaldades t\u00f5husat materjali k\u00e4itlemist.<\/p>\n<h3>P\u00f5llumajandustehnika<\/h3>\n<p>Neid silindreid kasutatakse ka esilaadurites mulla, heina ja muude materjalide kopeerimiseks, t\u00f5stmiseks ja transportimiseks. Poomi silindri t\u00f5hus t\u00f6\u00f6 v\u00f5imaldab p\u00f5llumajandusmasinatel \u00fclesandeid kiiresti ja t\u00f5husalt t\u00e4ita, suurendades talude tootlikkust.<\/p>\n<h3>Ekskavaatorid<\/h3>\n<p>Ekskavaatorites v\u00f5imaldavad noolesilindrid kopal t\u00f5husalt pinnasesse tungida, parandades kaevamistegevust. Nende usaldusv\u00e4\u00e4rne j\u00f5udlus on kaevet\u00f6\u00f6de optimaalse efektiivsuse ja kiiruse saavutamiseks \u00fclioluline.<\/p>\n<h3>Laadurid<\/h3>\n<p>Esilaaduritel aitavad noolesilindrid materjale t\u00f5husalt t\u00f5sta ja t\u00fchjendada. Need v\u00f5imaldavad operaatoritel t\u00f5stmis- ja kallutustoiminguid minimaalse pingutusega teostada, parandades oluliselt t\u00f6\u00f6 efektiivsust.<\/p>\n<h2>Projekteerimiskaalutlused ja valikukriteeriumid<\/h2>\n<h3>Kandev\u00f5ime<\/h3>\n<p>Noole silindri valimisel on kandev\u00f5ime m\u00f5istmine \u00fclioluline. Silinder peab suutma taluda maksimaalset raskust, millele see t\u00f6\u00f6tamise ajal m\u00f5jub. See h\u00f5lmab h\u00fcdraulilise r\u00f5hu ja silindri pindala arvutamist, et tagada selle vastavus vajalikele tugevusn\u00f5uetele. H\u00e4sti disainitud silinder maksimeerib koorma k\u00e4itlemise, minimeerides samal ajal rikkeohtu.<\/p>\n<h3>Tihendusv\u00f5ime<\/h3>\n<p>H\u00fcdrauliliste silindrite puhul on tihendamine kriitilise t\u00e4htsusega lekete v\u00e4ltimiseks ja r\u00f5hu s\u00e4ilitamiseks. T\u00f5husad tihendid peavad vastu pidama k\u00f5rgele r\u00f5hule ja erinevatele temperatuuridele, tagades samal ajal sujuva t\u00f6\u00f6. Materjalide, n\u00e4iteks pol\u00fcuretaani ja nitriilkummi, valik on pikaajalise j\u00f5udluse ja t\u00f6\u00f6kindluse tagamiseks oluline.<\/p>\n<h3>Vastupidavus<\/h3>\n<p>H\u00fcdrauliliste silindrite projekteerimisel on vastupidavus esmat\u00e4htis. Need peavad vastu pidama karmidele t\u00f6\u00f6tingimustele, sealhulgas kokkupuutele abrasiivsete materjalidega ja \u00e4\u00e4rmuslike ilmastikutingimustega. \u00d5ige disain ja materjalivalik v\u00f5ivad pikendada silindri eluiga, v\u00e4hendades sagedaste vahetuste vajadust.<\/p>\n<h3>Turvaelemendid<\/h3>\n<p>Ohutus on h\u00fcdraulilise silindri konstruktsiooni oluline aspekt. Selliste omaduste nagu r\u00f5huvabastusventiilid ja turvalukud lisamine aitab v\u00e4ltida \u00f5nnetusi ja tagada n\u00f5uetekohase toimimise isegi \u00e4\u00e4rmuslikes tingimustes. Need omadused pakuvad operaatoritele ja seadmetele t\u00e4iendavat kaitsekihti.<\/p>\n<h3>Hoolduse ligip\u00e4\u00e4setavus<\/h3>\n<p>H\u00fcdrosilindrite pikaealisuse tagamiseks on oluline projekteerida neid nii, et hooldus oleks lihtne. Ligip\u00e4\u00e4s v\u00f5tmekomponentidele h\u00f5lbustab regulaarset kontrolli, remonti ja vahetust, aidates tagada silindri optimaalse t\u00f6\u00f6korras p\u00fcsimise. See kaalutlus v\u00f5ib oluliselt v\u00e4hendada seisakuid ja hoolduskulusid.<\/p>\n<p><img decoding=\"async\" src=\"https:\/\/www.hydraulic-cylinders.net\/wp-content\/uploads\/2025\/04\/songte-oil-pipes-and-spare-parts.webp\" alt=\"H\u00fcdraulilised komponendid\" \/><\/p>\n<h2>Tihendus ja m\u00e4\u00e4rimine<\/h2>\n<p>H\u00fcdrauliliste silindrite t\u00f5husa t\u00f6\u00f6 tagamiseks on oluline korralik tihendamine ja m\u00e4\u00e4rimine. Lekete v\u00e4ltimiseks ja r\u00f5hu s\u00e4ilitamiseks kasutatakse mitmesuguseid tihendeid, n\u00e4iteks kolvitihendeid ja varrastihendeid. Vastupidavatest materjalidest, nagu pol\u00fcuretaan ja nitriilkummi, valmistatud tihendid aitavad kaasa h\u00fcdros\u00fcsteemi pikaajalisele efektiivsusele. Lisaks on silindri korpus ja keermestatud otsad peenelt t\u00f6\u00f6deldud, et parandada kulumiskindlust.<\/p>\n<p>Regulaarne h\u00fcdraulika\u00f5liga m\u00e4\u00e4rimine on oluline liikuvate osade vahelise h\u00f5\u00f5rdumise ja kulumise minimeerimiseks. \u00d5litaseme j\u00e4lgimine ja \u00f5li vajadusel vahetamine on \u00fclioluline, et tagada sujuv t\u00f6\u00f6 ja pikendada silindri eluiga.<\/p>\n<h2>Regulaarne kontroll ja ennetavad hooldusmeetmed<\/h2>\n<ul>\n<li>\n<h3>Rutiinsed kontrollid<\/h3>\n<p>H\u00fcdrosilindri regulaarne kontrollimine kulumise, lekete v\u00f5i kahjustuste suhtes on \u00fclioluline. See peaks h\u00f5lmama tihendite, voolikute ja \u00fchenduspunktide kontrollimist, et tuvastada potentsiaalsed probleemid enne nende s\u00fcvenemist. J\u00e4rjepidev j\u00e4lgimine aitab s\u00e4ilitada t\u00f6\u00f6 efektiivsust ja ohutust.<\/p>\n<\/li>\n<li>\n<h3>Sobiv m\u00e4\u00e4rimine<\/h3>\n<p>Silindri funktsionaalsuse seisukohalt on oluline tagada piisav m\u00e4\u00e4rimine. Operaatorid peaksid regulaarselt kontrollima \u00f5litaset ja kasutama \u00f5iget t\u00fc\u00fcpi h\u00fcdraulika\u00f5li, et minimeerida h\u00f5\u00f5rdumist ja v\u00e4ltida kahjustusi. N\u00f5uetekohane m\u00e4\u00e4rimine v\u00f5ib silindri t\u00f6\u00f6iga oluliselt pikendada.<\/p>\n<\/li>\n<li>\n<h3>Tihendi vahetamine ja kalibreerimise kontrollimine<\/h3>\n<p>Kuna tihendid kipuvad aja jooksul kuluma, on oluline regulaarselt kontrollida nende terviklikkust ja vajadusel v\u00e4lja vahetada. Lisaks tagab silindri kalibreerimine, et see t\u00f6\u00f6tab etten\u00e4htud piirides, parandades j\u00f5udlust ja t\u00f6\u00f6kindlust.<\/p>\n<\/li>\n<\/ul>\n<p><img decoding=\"async\" src=\"https:\/\/www.hydraulic-cylinders.net\/wp-content\/uploads\/2025\/04\/songte-chushion-collar.webp\" alt=\"Padjakaelus\" \/><\/p>\n<h2>Ohutuskaalutlused ja keskkonnategurid<\/h2>\n<p>H\u00fcdrauliliste silindrite kasutamisel on ohutusmeetmete rakendamine \u00fclioluline. Operaatorid peaksid olema koolitatud \u00f5nnetuste v\u00e4ltimiseks s\u00fcsteemide n\u00f5uetekohase kasutamise ja ohutusprotokollide osas. Lisaks aitab h\u00fcdros\u00fcsteemi keskkonnan\u00f5uetele vastavuse tagamine kaasa j\u00e4tkusuutlikele tavadele selles valdkonnas.<\/p>\n<h2>Veaotsing ja levinud probleemid<\/h2>\n<ul>\n<li>\n<h3>Lekkeprobleemid<\/h3>\n<p>Leke on levinud probleem, mis v\u00f5ib tuleneda kulunud tihenditest v\u00f5i kahjustatud liitmikest. Lekke allika tuvastamine ja defektsete komponentide kiire asendamine aitab s\u00e4ilitada s\u00fcsteemi terviklikkust.<\/p>\n<\/li>\n<li>\n<h3>Toimivuse ebaj\u00e4rjekindlus<\/h3>\n<p>Kui silindril on eba\u00fchtlane t\u00f6\u00f6 v\u00f5i aeglane reageerimisaeg, v\u00f5ib see viidata madalale h\u00fcdraulikavedeliku tasemele v\u00f5i \u00f5hule s\u00fcsteemis. \u00d5ige vedelikutaseme tagamine ja s\u00fcsteemist \u00f5hu v\u00e4ljalaskmine aitab neid probleeme lahendada.<\/p>\n<\/li>\n<li>\n<h3>\u00dclekuumenemine<\/h3>\n<p>\u00dclekuumenemine v\u00f5ib tekkida liigse koormuse v\u00f5i ebapiisava m\u00e4\u00e4rimise t\u00f5ttu. T\u00f6\u00f6tingimuste j\u00e4lgimine ja piisava m\u00e4\u00e4rimise tagamine aitavad v\u00e4ltida \u00fclekuumenemist ja v\u00f5imalikku riket.<\/p>\n<\/li>\n<\/ul>\n<p><img decoding=\"async\" src=\"https:\/\/www.hydraulic-cylinders.net\/wp-content\/uploads\/2025\/04\/songte-bushings-with-all-kinds-of-excavator-models.webp\" alt=\"Puksid ekskavaatorimudelitega\" \/><\/p>\n<h2>N\u00e4pun\u00e4ited t\u00f5husaks t\u00f5rkeotsinguks<\/h2>\n<p>V\u00f5imalike probleemide t\u00f5husaks haldamiseks on oluline rakendada ennetavaid meetmeid. Regulaarsed kontrollid ja hooldus aitavad probleeme tuvastada ja leevendada enne, kui need rikkeni viivad. Samuti tuleks operaatoreid koolitada, et nad tunneksid \u00e4ra rikke varajased m\u00e4rgid ja v\u00f5taksid asjakohaseid meetmeid.<\/p>\n<h2>Ettev\u00f5tte \u00fclevaade<\/h2>\n<p>Oleme juhtiv asendush\u00fcdrauliliste silindrite tootja, pakkudes laia tootevalikut nii sise- kui ka rahvusvahelistele turgudele. Meie p\u00fchendumus tipptasemele ajendab meid j\u00e4rgima k\u00f5rgeimaid kvaliteedistandardeid, kasutades samal ajal t\u00e4iustatud tootmisstrateegiaid. Keskendudes tehnilisele oskusteabele ja tipptasemel digitaalsetele tootmisseadmetele, t\u00e4iustame pidevalt oma tootmisv\u00f5imalusi ja toodete kvaliteeti.<\/p>\n<p>T\u00e4nu tugevale loomingulisele v\u00f5imekusele suudame rahuldada klientide mitmekesiseid vajadusi suure t\u00f5hususega, t\u00e4psusega ja kvaliteediga. Meie pakkumised h\u00f5lmavad kohandatud teenuseid, rahvusvahelisi sertifikaate ja tugevat m\u00fc\u00fcgij\u00e4rgset tuge klientide rahulolu tagamiseks.<\/p>\n<p><img decoding=\"async\" src=\"https:\/\/www.hydraulic-cylinders.net\/wp-content\/uploads\/2025\/04\/songte-company-4.webp\" alt=\"Ettev\u00f5tte pilt 1\" \/><br \/>\n<img decoding=\"async\" src=\"https:\/\/www.hydraulic-cylinders.net\/wp-content\/uploads\/2025\/04\/songte-company-3.webp\" alt=\"Ettev\u00f5tte pilt 2\" \/><\/p>\n<p>Autor: lyl<\/p>","protected":false},"excerpt":{"rendered":"<p>Boom Cylinder For SGZG SD22-9B Product Overview The Boom Cylinder for SGZG SD22-9B is a crucial hydraulic component designed specifically for controlling the motion of various heavy machinery buckets. This hydraulic cylinder is integral to the operation of excavators, backhoe loaders, and front loaders, allowing the bucket to lift, lower, and tilt effectively. By facilitating [&hellip;]<\/p>","protected":false},"featured_media":17876,"comment_status":"open","ping_status":"closed","template":"","meta":{"_et_pb_use_builder":"","_et_pb_old_content":"","_et_gb_content_width":""},"product_brand":[],"product_cat":[1546],"product_tag":[1547,1496],"class_list":{"0":"post-19508","1":"product","2":"type-product","3":"status-publish","4":"has-post-thumbnail","6":"product_cat-boom-cylinders","7":"product_tag-boom-cylinders","8":"product_tag-hydraulic-cylinders","10":"first","11":"instock","12":"shipping-taxable","13":"product-type-simple"},"amp_enabled":true,"_links":{"self":[{"href":"https:\/\/www.hydraulic-cylinders.net\/et\/wp-json\/wp\/v2\/product\/19508","targetHints":{"allow":["GET"]}}],"collection":[{"href":"https:\/\/www.hydraulic-cylinders.net\/et\/wp-json\/wp\/v2\/product"}],"about":[{"href":"https:\/\/www.hydraulic-cylinders.net\/et\/wp-json\/wp\/v2\/types\/product"}],"replies":[{"embeddable":true,"href":"https:\/\/www.hydraulic-cylinders.net\/et\/wp-json\/wp\/v2\/comments?post=19508"}],"wp:featuredmedia":[{"embeddable":true,"href":"https:\/\/www.hydraulic-cylinders.net\/et\/wp-json\/wp\/v2\/media\/17876"}],"wp:attachment":[{"href":"https:\/\/www.hydraulic-cylinders.net\/et\/wp-json\/wp\/v2\/media?parent=19508"}],"wp:term":[{"taxonomy":"product_brand","embeddable":true,"href":"https:\/\/www.hydraulic-cylinders.net\/et\/wp-json\/wp\/v2\/product_brand?post=19508"},{"taxonomy":"product_cat","embeddable":true,"href":"https:\/\/www.hydraulic-cylinders.net\/et\/wp-json\/wp\/v2\/product_cat?post=19508"},{"taxonomy":"product_tag","embeddable":true,"href":"https:\/\/www.hydraulic-cylinders.net\/et\/wp-json\/wp\/v2\/product_tag?post=19508"}],"curies":[{"name":"wp","href":"https:\/\/api.w.org\/{rel}","templated":true}]}}