{"id":19509,"date":"2025-04-07T06:51:24","date_gmt":"2025-04-07T06:51:24","guid":{"rendered":"https:\/\/www.hydraulic-cylinders.net\/product\/boom-cylinder-for-sgzg-sd25b\/"},"modified":"2025-04-07T06:51:26","modified_gmt":"2025-04-07T06:51:26","slug":"boom-cylinder-for-sgzg-sd25b","status":"publish","type":"product","link":"https:\/\/www.hydraulic-cylinders.net\/et\/toode\/boom-cylinder-for-sgzg-sd25b\/","title":{"rendered":"Poomi silinder SGZG SD25B jaoks"},"content":{"rendered":"<h1>Poomi silinder SGZG SD25B jaoks<\/h1>\n<h2>Toote m\u00e4\u00e4ratlus ja \u00fclevaade<\/h2>\n<p>SGZG SD25B poomi silinder on oluline h\u00fcdrauliline komponent, mis on spetsiaalselt loodud rasketehnika, sealhulgas ekskavaatorite, laadur-ekskavaatori ja esilaaduri koppade liikumise juhtimiseks. See h\u00fcdrauliline silinder v\u00f5imaldab koppa t\u00f5sta, langetada ja kallutada, h\u00f5lbustades mitmesuguseid materjalik\u00e4itlust\u00f6id. H\u00fcdraulilise silindrina t\u00f6\u00f6tab see h\u00fcdraulika mehaanika p\u00f5him\u00f5tetel, v\u00f5imaldades raskete koormate t\u00e4pset juhtimist, tagades samal ajal t\u00f6\u00f6 efektiivsuse n\u00f5udlikes keskkondades.<\/p>\n<p>Kopasilindrid on h\u00fcdraulikas\u00fcsteemides kriitilise t\u00e4htsusega, kuna need muudavad h\u00fcdraulilise r\u00f5hu lineaarseks liikumiseks, pakkudes seadmete t\u00f5stmiseks ja man\u00f6\u00f6verdamiseks vajalikku j\u00f5udu. Neil on oluline roll ehituses, p\u00f5llumajanduses ja muudes t\u00f6\u00f6stusharudes, kus raskete esemete t\u00f5stmine ja materjalide teisaldamine on \u00fcliolulised. Nende silindrite efektiivne j\u00f5udlus m\u00f5jutab otseselt raskete masinate t\u00f6\u00f6 tootlikkust ja ohutust.<\/p>\n<p><img decoding=\"async\" src=\"https:\/\/www.hydraulic-cylinders.net\/wp-content\/uploads\/2025\/04\/songte-company-1.webp\" alt=\"Poomi silindri pilt\" \/><\/p>\n<h2>Poomi silindri p\u00f5hijooned<\/h2>\n<ul>\n<li><strong>Suur tugevus ja vastupidavus:<\/strong> Tavaliselt \u00fclitugevast terasest v\u00f5i alumiiniumist valmistatud silindrid taluvad k\u00f5rget r\u00f5hku ja suuri koormusi, mist\u00f5ttu sobivad need karmideks t\u00f6\u00f6tingimusteks. Need on konstrueeritud kulumiskindlaks ja korrosioonikindlaks, mis pikendab nende kasutusiga.<\/li>\n<li><strong>T\u00f5hus h\u00fcdrauliline t\u00f6\u00f6:<\/strong> H\u00fcdraulilise \u00f5li r\u00f5hu abil h\u00f5lbustab poomi silinder sujuvat pikendamist ja tagasit\u00f5mbamist, v\u00f5imaldades kiiret reageerimist juhtimisk\u00e4sklustele. See v\u00f5imekus pakub v\u00f5imsaid t\u00f5uke- ja t\u00f5mbej\u00f5ude, mis sobivad ideaalselt raskete esemete k\u00e4sitsemiseks ja keerukate toimingute tegemiseks.<\/li>\n<li><strong>Erinevad t\u00fc\u00fcbid:<\/strong> Saadaval on \u00fchetoimelised (h\u00fcdraulilist r\u00f5hku \u00fches suunas) v\u00f5i kahetoimelised (h\u00fcdraulilist r\u00f5hku m\u00f5lemas suunas) silindrid, mis vastavad erinevatele t\u00f6\u00f6vajadustele. Teatud mudelid on teleskoopilised, mis v\u00f5imaldab suuremat pikendamist ilma v\u00e4lism\u00f5\u00f5tmeid suurendamata, mis sobib ideaalselt ruumipiirangutega rakenduste jaoks.<\/li>\n<li><strong>Kohandatavad valikud:<\/strong> S\u00f5ltuvalt klientide konkreetsetest vajadustest saab toota erinevaid konfiguratsioone ja suurusi, tagades t\u00e4iusliku \u00fchilduvuse erinevate rasketehnika mudelitega.<\/li>\n<li><strong>Lihtne hooldus:<\/strong> Kasutajas\u00f5braliku disaini t\u00f5ttu on neid silindreid lihtne hooldada, v\u00f5imaldades kiireid kontrolle ja remonte, suurendades seel\u00e4bi t\u00f6\u00f6 efektiivsust.<\/li>\n<\/ul>\n<h2>Poomi silindri rakendused<\/h2>\n<h3>1. Ehitustehnika<\/h3>\n<p>Ekskavaatorites on noolesilindrid \u00fcliolulised kaevamiseks, laadimiseks ja pinnase v\u00f5i prahi teisaldamiseks. Need annavad vajaliku j\u00f5u kopa t\u00f5husaks k\u00e4sitsemiseks, v\u00f5imaldades s\u00fcgavat kaevamist ja materjali t\u00e4pset paigutamist. Kopa kiire t\u00f5stmise ja langetamise v\u00f5imalus suurendab masina tootlikkust ja tagab ehitusprojektide ajakava j\u00e4rgimise.<\/p>\n<h3>2. P\u00f5llumajandustehnika<\/h3>\n<p>Esilaadurite puhul on noolesilindrid h\u00e4davajalikud mulla, heina ja muude materjalide kopeerimiseks, t\u00f5stmiseks ja transportimiseks. Need v\u00f5imaldavad p\u00f5llumeestel t\u00f5husalt t\u00e4ita olulisi \u00fclesandeid, nagu s\u00f6\u00f6da laadimine, p\u00f5ldude puhastamine ja raskete koormate teisaldamine. Nende silindrite t\u00f6\u00f6kindlus ja j\u00f5udlus m\u00f5jutavad otseselt p\u00f5llumajandusmasinate t\u00f6\u00f6 efektiivsust, muutes need t\u00e4nap\u00e4evases p\u00f5llumajanduses asendamatuks.<\/p>\n<h3>3. Ekskavaatorid<\/h3>\n<p>Ekskavaatorites v\u00f5imaldab noole silinder kopal t\u00f5husalt pinnasesse tungida, h\u00f5lbustades kaevamistoiminguid. See funktsionaalne v\u00f5imekus on kriitilise t\u00e4htsusega ehitus- ja lammutust\u00f6\u00f6del, kus on vaja t\u00e4pset kaevamist. Noole silindri efektiivsus m\u00f5jutab oluliselt ekskavaatori \u00fcldist j\u00f5udlust, muutes selle mullat\u00f6\u00f6de v\u00f5tmekomponendiks.<\/p>\n<h3>4. Laadurid<\/h3>\n<p>Esilaadurites aitavad noolesilindrid koormaid t\u00f5husalt t\u00f5sta ja t\u00fchjendada. See rakendus on \u00fclioluline ehitusplatsidel, kus materjale on vaja kiiresti ja t\u00f5husalt teisaldada. Noolesilindri tugevus v\u00f5imaldab laaduril k\u00e4sitseda raskeid koormaid, pakkudes t\u00f6\u00f6 ajal paindlikkust ja v\u00f5imsust.<\/p>\n<p><img decoding=\"async\" src=\"https:\/\/www.hydraulic-cylinders.net\/wp-content\/uploads\/2025\/04\/songte-cylinder-head-with-all-kinds-excavator-models.webp\" alt=\"Ekskavaatori mudelid\" \/><\/p>\n<h2>Projekteerimiskaalutlused ja valikukriteeriumid<\/h2>\n<h3>Kandev\u00f5ime<\/h3>\n<p>Kandev\u00f5ime on poomi silindri valimisel kriitilise t\u00e4htsusega tegur. See peab suutma taluda t\u00f6\u00f6 ajal eeldatavat maksimaalset koormust, ilma et see kahjustaks ohutust v\u00f5i j\u00f5udlust. Insenerid peavad arvestama nii staatiliste kui ka d\u00fcnaamiliste koormustega, et tagada silindri vastupidavus raskete raskuste t\u00f5stmisele.<\/p>\n<h3>Tihendusv\u00f5ime<\/h3>\n<p>T\u00f5hus tihendus on h\u00fcdrauliliste silindrite puhul \u00fclioluline, et v\u00e4ltida lekkeid ja s\u00e4ilitada t\u00f6\u00f6 efektiivsus. Kvaliteetsed tihendid, mis on valmistatud sellistest materjalidest nagu pol\u00fcuretaan ja nitriilkummi, on pikaealisuse ja t\u00f6\u00f6kindluse tagamiseks h\u00e4davajalikud. N\u00f5uetekohane tihendus hoiab \u00e4ra h\u00fcdraulikavedeliku lekke, mis v\u00f5ib p\u00f5hjustada j\u00f5udlusprobleeme ja suurendada hoolduskulusid.<\/p>\n<h3>Vastupidavus<\/h3>\n<p>H\u00fcdrosilindrite konstruktsioonis on vastupidavus esmat\u00e4htis. Kasutatavad materjalid peavad vastu pidama mitte ainult t\u00f6\u00f6r\u00f5hule, vaid ka keskkonnateguritele, nagu korrosioon ja kulumine. Vastupidav konstruktsioon v\u00e4hendab sagedaste vahetuste ja remondit\u00f6\u00f6de vajadust, s\u00e4\u00e4stes seel\u00e4bi aja jooksul kulusid.<\/p>\n<h3>Turvaelemendid<\/h3>\n<p>H\u00fcdrauliliste s\u00fcsteemide projekteerimisel on ohutus esmat\u00e4htis. Poomi silindrid peavad sisaldama ohutusfunktsioone, n\u00e4iteks \u00fcler\u00f5huventiile, et v\u00e4ltida \u00fclekoormust ja v\u00f5imalikku riket. Regulaarsed ohutushindamised ja t\u00f6\u00f6stusstandardite j\u00e4rgimine on olulised ohutu t\u00f6\u00f6 tagamiseks p\u00f5llul.<\/p>\n<h3>Hoolduse ligip\u00e4\u00e4setavus<\/h3>\n<p>Hoolduse ligip\u00e4\u00e4setavuse arvestamine tagab, et rutiinseid kontrolle ja remonte saab teha kiiresti ja t\u00f5husalt. Sellised omadused nagu h\u00f5lpsad juurdep\u00e4\u00e4suavad m\u00e4\u00e4rimiseks ja kontrollimiseks v\u00f5ivad oluliselt v\u00e4hendada seisakuid, soodustades sujuvamat t\u00f6\u00f6d ja paremaid hooldustavasid.<\/p>\n<p><img decoding=\"async\" src=\"https:\/\/www.hydraulic-cylinders.net\/wp-content\/uploads\/2025\/04\/songte-oil-pipes-and-spare-parts.webp\" alt=\"\u00d5litorud ja varuosad\" \/><\/p>\n<h2>Tihendus ja m\u00e4\u00e4rimine<\/h2>\n<p>H\u00fcdrauliliste silindrite t\u00f5husaks t\u00f6\u00f6ks on oluline kasutada erinevaid tihenduskomponente, n\u00e4iteks kolvitihendeid ja varrastihendeid. Kulumiskindlatest materjalidest, nagu pol\u00fcuretaan ja nitriilkummi, valmistatud tihendid tagavad pikaealisuse ja t\u00f6\u00f6kindluse. Silindri korpus ja keermestatud otsapinnad l\u00e4bivad peene t\u00f6\u00f6tluse, et suurendada kulumiskindlust, mis on aja jooksul t\u00f6\u00f6korras terviklikkuse s\u00e4ilitamiseks kriitilise t\u00e4htsusega. Sujuva liikumise tagamiseks ja liikuvate osade kulumise v\u00e4ltimiseks on vajalik regulaarne m\u00e4\u00e4rimine sobiva t\u00fc\u00fcpi h\u00fcdraulika\u00f5liga. Piisav m\u00e4\u00e4rimine v\u00e4hendab h\u00f5\u00f5rdumist, pikendades silindri eluiga ja tagades optimaalse j\u00f5udluse.<\/p>\n<h2>Regulaarne hooldus ja ennetavad meetmed<\/h2>\n<ul>\n<li><strong>Perioodilised \u00fclevaatused:<\/strong> Poomi silindri regulaarne kontrollimine kulumise, lekete v\u00f5i kahjustuste suhtes on oluline v\u00f5imalike probleemide tuvastamiseks enne nende s\u00fcvenemist. P\u00f5hjaliku kontrolligraafiku rakendamine aitab s\u00e4ilitada j\u00f5udlust ja ohutust.<\/li>\n<li><strong>\u00d5ige m\u00e4\u00e4rimine:<\/strong> H\u00fcdraulika\u00f5li piisava taseme tagamine ja vajadusel t\u00e4iendamine aitab s\u00e4ilitada poomi silindri efektiivsust. N\u00f5uetekohane m\u00e4\u00e4rimine minimeerib h\u00f5\u00f5rdumist ja kulumist, pikendades komponendi eluiga.<\/li>\n<li><strong>Tihendi vahetamine:<\/strong> Tihendid tuleks lekete v\u00e4ltimiseks ja s\u00fcsteemi korrektse t\u00f6\u00f6 tagamiseks rutiinse hoolduse k\u00e4igus kontrollida ja v\u00e4lja vahetada. \u00d5igeaegne vahetamine v\u00e4hendab h\u00fcdraulikavedeliku kadumise ohtu ja s\u00e4ilitab optimaalse j\u00f5udluse.<\/li>\n<\/ul>\n<h2>Paigaldusjuhised<\/h2>\n<p>Poomi silindri \u00f5ige paigaldamine on selle t\u00f5husa t\u00f6\u00f6 jaoks kriitilise t\u00e4htsusega. Alustuseks veenduge, et silinder on h\u00fcdraulikas\u00fcsteemiga \u00f5igesti joondatud, et v\u00e4ltida liigset pinget. Kasutage silindri kinnitamiseks sobivaid kinnitusklambreid, veendudes, et see on stabiilne ja joondatud masina t\u00f6\u00f6tavate komponentidega. J\u00e4rgige tootja spetsifikatsioone p\u00f6\u00f6rdemomendi s\u00e4tete ja \u00fchenduspunktide kohta, et v\u00e4ltida rikkeid t\u00f6\u00f6tamise ajal. P\u00e4rast paigaldamist tehke p\u00f5hjalik kontroll, et veenduda k\u00f5igi \u00fchenduste kinnituses ja h\u00fcdraulikavedeliku soovituslikus tasemes. Kontrollige paigaldust regulaarselt, et veenduda, et komponendid pole aja jooksul lahti tulnud, s\u00e4ilitades t\u00f6\u00f6ohutuse ja efektiivsuse.<\/p>\n<p><img decoding=\"async\" src=\"https:\/\/www.hydraulic-cylinders.net\/wp-content\/uploads\/2025\/04\/songte-chushion-collar.webp\" alt=\"Padjakaelus\" \/><\/p>\n<h2>Levinumad hooldust\u00f6\u00f6d<\/h2>\n<h3>1. Perioodilised \u00fclevaatused<\/h3>\n<p>Regulaarsed kontrollid on \u00fcliolulised poomi silindri kulumise ja rebenemise tuvastamiseks. Kontrollige lekete, korrosiooni v\u00f5i kahjustuste m\u00e4rke. Rakendage rutiinne kontrolligraafik, mis on koosk\u00f5las masina t\u00f6\u00f6tundidega, et potentsiaalsed probleemid varakult avastada.<\/p>\n<h3>2. \u00d5ige m\u00e4\u00e4rimine<\/h3>\n<p>J\u00e4rjepidev m\u00e4\u00e4rimine on poomi silindri pikaealisuse tagamiseks \u00fclioluline. Kasutage kindlasti soovitatud h\u00fcdraulika\u00f5li ja hoidke \u00f5iget vedeliku taset. Kontrollige regulaarselt m\u00e4\u00e4rimiss\u00fcsteemi, et veenduda selle korrektses toimimises ja tihendite tervete seisukorras, et v\u00e4ltida lekkeid.<\/p>\n<h3>3. Tihendi vahetamine ja kalibreerimise kontrollimine<\/h3>\n<p>Kontrollige regulaarselt tihendeid kulumisj\u00e4lgede suhtes ja vajadusel vahetage need v\u00e4lja. Kalibreerimiskontrollid tagavad, et h\u00fcdros\u00fcsteem t\u00f6\u00f6tab etten\u00e4htud parameetrite piires. N\u00f5uetekohane reguleerimine ja vahetamine v\u00f5ib oluliselt parandada silindri j\u00f5udlust ja eluiga.<\/p>\n<h2>Ohutuskaalutlused ja keskkonnategurid<\/h2>\n<p>H\u00fcdrauliliste silindritega tegelemisel on ohutusmeetmed \u00fcliolulised. Operaatorid peavad m\u00f5istma h\u00fcdraulikas\u00fcsteemidega seotud v\u00f5imalikke ohte, sealhulgas r\u00f5hu t\u00f5usu ja komponentide rikkeid. Ohutusprotokollide rakendamine, n\u00e4iteks operaatorite koolitamine ohutu k\u00e4sitsemise ja hooldusprotseduuride osas, v\u00e4hendab riske m\u00e4rkimisv\u00e4\u00e4rselt. Lisaks arvestage keskkonnateguritega, nagu \u00f5lireostus v\u00f5i lekked, mis v\u00f5ivad t\u00f6\u00f6tamise ajal tekkida. Keskkonnas\u00f5bralike h\u00fcdraulikavedelike kasutamine ja n\u00f5uetekohaste ohjeldamismeetmete tagamine aitavad leevendada keskkonnam\u00f5ju.<\/p>\n<h2>Veaotsing ja levinud probleemid<\/h2>\n<ul>\n<li><strong>Leke:<\/strong> \u00dcks levinumaid probleeme h\u00fcdrosilindritega on leke, mille p\u00f5hjuseks on sageli kulunud tihendid v\u00f5i kahjustatud komponendid. Kulunud tihendite regulaarne kontroll ja \u00f5igeaegne vahetamine aitavad seda probleemi v\u00e4ltida.<\/li>\n<li><strong>V\u00e4hendatud j\u00f5udlus:<\/strong> Kui poomi silinder ei t\u00f6\u00f6ta ootusp\u00e4raselt, v\u00f5ib see olla tingitud ebapiisavast h\u00fcdraulikavedelikust, s\u00fcsteemis olevast \u00f5hust v\u00f5i kahjustatud sisemustest. H\u00fcdraulikavedeliku taseme kontrollimine ja s\u00fcsteemi \u00f5hutamine aitab seda probleemi lahendada.<\/li>\n<li><strong>M\u00fcrane t\u00f6\u00f6:<\/strong> Liigne m\u00fcra t\u00f6\u00f6tamise ajal v\u00f5ib viidata sisemisele kulumisele v\u00f5i m\u00e4\u00e4rimise puudumisele. Selle probleemi lahendamiseks enne selle s\u00fcvenemist on oluline regulaarne hooldus ja m\u00e4\u00e4rimiskontroll.<\/li>\n<\/ul>\n<h2>Veaotsingu n\u00e4pun\u00e4ited<\/h2>\n<p>H\u00fcdrauliliste silindrite levinud probleemide t\u00f5husaks diagnoosimiseks ja lahendamiseks peaksid operaatorid j\u00e4rgima s\u00fcstemaatilist l\u00e4henemisviisi. Alustage vedeliku taseme kontrollimisest ja tihendite kulumise kontrollimisest. Lekke tuvastamisel vahetage tihendid v\u00e4lja ja kontrollige uuesti \u00fchendusi. J\u00f5udlusprobleemide korral \u00f5hutage h\u00fcdros\u00fcsteemi, et eemaldada \u00f5hk ja tagada vedeliku n\u00f5uetekohane vool. Ennetavate meetmete rakendamine, n\u00e4iteks plaaniline hooldus ja operaatorite koolitamine, v\u00f5ib oluliselt v\u00e4hendada nende probleemide tekkimise t\u00f5en\u00e4osust.<\/p>\n<p><img decoding=\"async\" src=\"https:\/\/www.hydraulic-cylinders.net\/wp-content\/uploads\/2025\/04\/songte-bushings-with-all-kinds-of-excavator-models.webp\" alt=\"Puksid ekskavaatorimudelitega\" \/><\/p>\n<h2>Ettev\u00f5tte \u00fclevaade<\/h2>\n<p>Oleme juhtiv h\u00fcdrauliliste silindrite tootja, mis on spetsialiseerunud kvaliteetsete asendusdetailide tootmisele erinevat t\u00fc\u00fcpi h\u00fcdrauliliste rakenduste jaoks. Meie tootevalik on ulatuslik, mis teeb meist \u00fche juhtiva tootja ja hulgim\u00fc\u00fcja nii sise- kui ka rahvusvahelisel turul. J\u00e4rgime rangeid kvaliteedistandardeid, rakendades t\u00e4iustatud tootmisstrateegiaid ja h\u00e4sti varustatud tootmis\u00fcksust. Meie oskuslik t\u00f6\u00f6j\u00f5ud koos tipptasemel digitaalsete tootmisseadmete ja spetsialiseeritud testimiss\u00fcsteemidega v\u00f5imaldab meil pidevalt oma tootmisv\u00f5imsust t\u00e4iustada. Oleme uhked oma v\u00f5ime \u00fcle rahuldada klientide mitmekesiseid vajadusi t\u00f5husa, t\u00e4pse ja kvaliteetsete toodetega.<\/p>\n<p><img decoding=\"async\" src=\"https:\/\/www.hydraulic-cylinders.net\/wp-content\/uploads\/2025\/04\/songte-company-4.webp\" alt=\"Ettev\u00f5tte \u00fclevaade\" \/><br \/>\n<img decoding=\"async\" src=\"https:\/\/www.hydraulic-cylinders.net\/wp-content\/uploads\/2025\/04\/songte-company-3.webp\" alt=\"Ettev\u00f5tte tootmine\" \/><\/p>\n<h2>Kokkuv\u00f5te<\/h2>\n<p>Kokkuv\u00f5tteks v\u00f5ib \u00f6elda, et SGZG SD25B poomi silinder on mitmesuguste rasketehnika rakenduste edu tagamisel keskse t\u00e4htsusega komponent. Selle omaduste, rakenduste ja hooldusn\u00f5uete m\u00f5istmine on oluline h\u00fcdraulikas\u00fcsteemide efektiivsuse ja ohutuse maksimeerimiseks. Regulaarne hooldus ja ohutusprotokollide j\u00e4rgimine tagavad silindri optimaalse t\u00f6\u00f6, aidates kaasa teenindatava masina \u00fcldisele tootlikkusele.<\/p>\n<p>Autor: lyl<\/p>","protected":false},"excerpt":{"rendered":"<p>Boom Cylinder For SGZG SD25B Product Definition and Overview The Boom Cylinder for SGZG SD25B is an essential hydraulic component designed specifically for controlling the movement of buckets in heavy machinery, including excavators, backhoe loaders, and front loaders. This hydraulic cylinder enables the bucket to lift, lower, and tilt, facilitating various material handling tasks. As [&hellip;]<\/p>","protected":false},"featured_media":17877,"comment_status":"open","ping_status":"closed","template":"","meta":{"_et_pb_use_builder":"","_et_pb_old_content":"","_et_gb_content_width":""},"product_brand":[],"product_cat":[1546],"product_tag":[1547,1496],"class_list":{"0":"post-19509","1":"product","2":"type-product","3":"status-publish","4":"has-post-thumbnail","6":"product_cat-boom-cylinders","7":"product_tag-boom-cylinders","8":"product_tag-hydraulic-cylinders","10":"first","11":"instock","12":"shipping-taxable","13":"product-type-simple"},"amp_enabled":true,"_links":{"self":[{"href":"https:\/\/www.hydraulic-cylinders.net\/et\/wp-json\/wp\/v2\/product\/19509","targetHints":{"allow":["GET"]}}],"collection":[{"href":"https:\/\/www.hydraulic-cylinders.net\/et\/wp-json\/wp\/v2\/product"}],"about":[{"href":"https:\/\/www.hydraulic-cylinders.net\/et\/wp-json\/wp\/v2\/types\/product"}],"replies":[{"embeddable":true,"href":"https:\/\/www.hydraulic-cylinders.net\/et\/wp-json\/wp\/v2\/comments?post=19509"}],"wp:featuredmedia":[{"embeddable":true,"href":"https:\/\/www.hydraulic-cylinders.net\/et\/wp-json\/wp\/v2\/media\/17877"}],"wp:attachment":[{"href":"https:\/\/www.hydraulic-cylinders.net\/et\/wp-json\/wp\/v2\/media?parent=19509"}],"wp:term":[{"taxonomy":"product_brand","embeddable":true,"href":"https:\/\/www.hydraulic-cylinders.net\/et\/wp-json\/wp\/v2\/product_brand?post=19509"},{"taxonomy":"product_cat","embeddable":true,"href":"https:\/\/www.hydraulic-cylinders.net\/et\/wp-json\/wp\/v2\/product_cat?post=19509"},{"taxonomy":"product_tag","embeddable":true,"href":"https:\/\/www.hydraulic-cylinders.net\/et\/wp-json\/wp\/v2\/product_tag?post=19509"}],"curies":[{"name":"wp","href":"https:\/\/api.w.org\/{rel}","templated":true}]}}