{"id":19511,"date":"2025-04-07T06:51:32","date_gmt":"2025-04-07T06:51:32","guid":{"rendered":"https:\/\/www.hydraulic-cylinders.net\/product\/boom-cylinder-for-sgzg-sd30-9b\/"},"modified":"2025-04-07T06:51:35","modified_gmt":"2025-04-07T06:51:35","slug":"boom-cylinder-for-sgzg-sd30-9b","status":"publish","type":"product","link":"https:\/\/www.hydraulic-cylinders.net\/et\/toode\/boom-cylinder-for-sgzg-sd30-9b\/","title":{"rendered":"Poomi silinder SGZG SD30-9B jaoks"},"content":{"rendered":"<h1>Poomi silinder SGZG SD30-9B jaoks<\/h1>\n<h2>Toote \u00fclevaade<\/h2>\n<p>SGZG SD30-9B poomi silinder on spetsiaalne h\u00fcdrauliline silinder, mis on loodud koppade liikumise juhtimiseks erinevates rasketehnika rakendustes. Seda h\u00fcdraulilist silindrit, mida tavaliselt leidub ekskavaatorites, laadur-ekskavaatorites ja esilaadurites, saab koppa t\u00f5sta, langetada ja kallutada, h\u00f5lbustades t\u00f5husat materjalik\u00e4itlust.<\/p>\n<p><img decoding=\"async\" src=\"https:\/\/www.hydraulic-cylinders.net\/wp-content\/uploads\/2025\/04\/songte-company-1.webp\" alt=\"H\u00fcdrauliline silinder\" \/><\/p>\n<h3>Definitsioon ja funktsionaalsus<\/h3>\n<p>Kopa silinder on h\u00fcdraulikas\u00fcsteemide oluline komponent, mis vastutab koppade ja muude ehitus- ja p\u00f5llumajandusmasinate lisaseadmete liikumise eest. Selle peamine \u00fclesanne on h\u00fcdraulilise r\u00f5hu muundamine mehaaniliseks j\u00f5uks, v\u00f5imaldades operaatoritel t\u00e4ita mitmesuguseid \u00fclesandeid t\u00e4pselt ja t\u00f5husalt. Need silindrid on \u00fcliolulised selliste \u00fclesannete puhul nagu kaevamine, t\u00f5stmine ja materjalide teisaldamine, muutes need rasketehnika sektoris asendamatuks.<\/p>\n<h2>Poomi silindri omadused<\/h2>\n<ul>\n<li><strong>Suur tugevus ja vastupidavus:<\/strong> Valmistatud \u00fclitugevast terasest v\u00f5i alumiiniumist, mis on loodud taluma k\u00f5rget r\u00f5hku ja suuri koormusi, sobib karmidesse t\u00f6\u00f6keskkondadesse, on kulumis- ja korrosioonikindel.<\/li>\n<li><strong>T\u00f5hus h\u00fcdrauliline t\u00f6\u00f6:<\/strong> H\u00f5lbustab sujuvat pikendamist ja tagasit\u00f5mbamist h\u00fcdraulilise \u00f5li r\u00f5hu abil, tagades kiire reageerimise juhtimisk\u00e4sklustele ning tugeva t\u00f5uke- ja t\u00f5mbej\u00f5u raskete ja keerukate \u00fclesannete k\u00e4sitlemiseks.<\/li>\n<li><strong>Erinevad t\u00fc\u00fcbid:<\/strong> Saadaval \u00fchetoimelise (\u00fches suunas t\u00f6\u00f6tav) v\u00f5i kahetoimelise (m\u00f5lemas suunas t\u00f6\u00f6tav) konfiguratsioonina, m\u00f5nel mudelil on teleskoopkonstruktsioon, mis v\u00f5imaldab suuremat pikendust ilma v\u00e4lism\u00f5\u00f5tmeid suurendamata, mis sobib ideaalselt ruumikitsastes rakendustes.<\/li>\n<li><strong>Kohandatud tootmine:<\/strong> Meie tooted on loodud olemasolevate h\u00fcdrosilindrite ideaalseks asendamiseks, tagades \u00fchilduvuse ja t\u00f6\u00f6kindluse.<\/li>\n<li><strong>P\u00f5hjalik testimine:<\/strong> Iga silinder l\u00e4bib range testimise, et see vastaks t\u00f6\u00f6stusstandarditele, tagades j\u00e4rjepideva j\u00f5udluse n\u00f5udlikes tingimustes.<\/li>\n<\/ul>\n<p><img decoding=\"async\" src=\"https:\/\/www.hydraulic-cylinders.net\/wp-content\/uploads\/2025\/04\/songte-cylinder-head-with-all-kinds-excavator-models.webp\" alt=\"Ekskavaatori mudelid\" \/><\/p>\n<h2>Rakendusstsenaariumid<\/h2>\n<h3>Ehitustehnika<\/h3>\n<p>Kopa silindrid on tavaliselt ekskavaatorites, kus neil on oluline roll pinnase v\u00f5i prahi kaevamisel, laadimisel ja teisaldamisel. Need silindrid v\u00f5imaldavad kopal t\u00f5husalt pinnasesse tungida, h\u00f5lbustades t\u00f5husaid kaevamisprotsesse.<\/p>\n<h3>P\u00f5llumajandustehnika<\/h3>\n<p>Esilaadurites kasutatakse kopa silindreid mulla, heina ja muude materjalide k\u00fchveldamiseks, t\u00f5stmiseks ja transportimiseks. Nende v\u00f5imas j\u00f5udlus v\u00f5imaldab p\u00f5llumeestel t\u00e4ita mitmesuguseid \u00fclesandeid, suurendades p\u00f5llumajandust\u00f6\u00f6de tootlikkust.<\/p>\n<h3>Ekskavaatorid<\/h3>\n<p>Ekskavaatorite kopa silinder v\u00f5imaldab v\u00f5imsat kaevamist, v\u00f5imaldades kopal pinnasesse tungida, muutes vundamentide v\u00f5i kraavide kaevamise lihtsamaks.<\/p>\n<h3>Laadurid<\/h3>\n<p>Frontaallaadurites aitavad need silindrid koormaid t\u00f5husalt t\u00f5sta ja maha laadida, sujuvamaks muutes kaupade v\u00f5i materjalide laadimist ja mahalaadimist ehitusplatsidel.<\/p>\n<h2>Projekteerimiskaalutlused ja valikukriteeriumid<\/h2>\n<ul>\n<li><strong>Kandev\u00f5ime:<\/strong> Projekteerimine peab arvestama teenindatava masina konkreetsete koormusn\u00f5uetega. See h\u00f5lmab silindri t\u00f6\u00f6tamise ajal kogetavate maksimaalsete j\u00f5udude arvutamist, et tagada ohutus ja t\u00f6\u00f6kindlus.<\/li>\n<li><strong>Tihendusmehhanismid:<\/strong> T\u00f5hus tihendamine on kriitilise t\u00e4htsusega h\u00fcdraulilise vedeliku lekke v\u00e4ltimiseks ja r\u00f5hu s\u00e4ilitamiseks. Optimaalse j\u00f5udluse saavutamiseks on h\u00e4davajalikud kvaliteetsed tihendid, n\u00e4iteks kolvi- ja varrastihendid, mis on valmistatud vastupidavatest materjalidest nagu pol\u00fcuretaan ja nitriilkummi.<\/li>\n<li><strong>Vastupidavus:<\/strong> Silinder peab olema konstrueeritud vastu pidama karmidele t\u00f6\u00f6tingimustele, sealhulgas \u00e4\u00e4rmuslikele ilmastikutingimustele ja tugevatele mehaanilistele pingetele. See h\u00f5lmab korrosioonikindlate materjalide ja kaitsekatete kasutamist pikaealisuse pikendamiseks.<\/li>\n<li><strong>Turvaelemendid:<\/strong> Ohutusmeetmete, n\u00e4iteks r\u00f5huvabastusventiilide lisamine tagab h\u00fcdros\u00fcsteemi ohutu t\u00f6\u00f6 piirides, ennetades katastroofilisi rikkeid.<\/li>\n<li><strong>Hoolduse ligip\u00e4\u00e4setavus:<\/strong> Konstruktsioon peaks v\u00f5imaldama komponentidele h\u00f5lpsat juurdep\u00e4\u00e4su hoolduseks ja remondiks, v\u00e4hendades seisakuid ja tegevuskulusid.<\/li>\n<\/ul>\n<p><img decoding=\"async\" src=\"https:\/\/www.hydraulic-cylinders.net\/wp-content\/uploads\/2025\/04\/songte-oil-pipes-and-spare-parts.webp\" alt=\"\u00d5litorud ja varuosad\" \/><\/p>\n<h2>Tihendus ja m\u00e4\u00e4rimine<\/h2>\n<p>Erinevate tihenduskomponentide, n\u00e4iteks kolvi- ja varrastihendite kasutamine on h\u00fcdrauliliste silindrite terviklikkuse s\u00e4ilitamiseks \u00fclioluline. Vastupidavuse suurendamiseks kasutatakse tavaliselt kulumiskindlatest materjalidest, n\u00e4iteks pol\u00fcuretaanist ja nitriilkummist, valmistatud tihendeid. Lisaks l\u00e4bivad silindri korpus ja keermestatud otsapinnad kulumiskindluse parandamiseks t\u00e4pse viimistlusprotsessi. Sujuva t\u00f6\u00f6 tagamiseks ja kulumise v\u00e4ltimiseks on vaja regulaarset m\u00e4\u00e4rimist h\u00fcdraulika\u00f5liga.<\/p>\n<h2>Ennetavad hooldusmeetmed<\/h2>\n<ul>\n<li><strong>Regulaarsed kontrollid:<\/strong> Tehke p\u00f5hjalikke kontrolle, et tuvastada kulumis- v\u00f5i kahjustuste m\u00e4rke, tagades kiire remondi enne probleemide s\u00fcvenemist.<\/li>\n<li><strong>M\u00e4\u00e4rimine:<\/strong> Veenduge, et silinder on piisavalt m\u00e4\u00e4ritud, kontrollides vedeliku taset ja kandes peale vajaliku koguse h\u00fcdraulika\u00f5li, et s\u00e4ilitada sujuv t\u00f6\u00f6.<\/li>\n<li><strong>Tihendi vahetamine:<\/strong> Kontrollige regulaarselt tihendite seisukorda ja vahetage need vastavalt vajadusele, et v\u00e4ltida lekkeid ja s\u00e4ilitada h\u00fcdrauliline r\u00f5hk.<\/li>\n<\/ul>\n<h2>Paigaldusjuhised<\/h2>\n<p>Poomi silindri \u00f5ige paigaldamine on optimaalse j\u00f5udluse saavutamiseks \u00fclioluline. Alustage veendumaks, et t\u00f6\u00f6ala on puhas ja prahist vaba. Joondage silinder \u00f5igesti masina kinnituspunktidega, et v\u00e4ltida joondamata j\u00e4tmist. Kasutage silindri kindlat kinnitamist sobivate kinnitusklambritega. P\u00e4rast paigaldamist kontrollige h\u00fcdraulika\u00fchendusi lekete suhtes ja veenduge, et silinder t\u00f6\u00f6tab sujuvalt kogu oma liikumisulatuses. Regulaarne kalibreerimine v\u00f5ib olla vajalik juhtseadmete joondamiseks ja silindri ootusp\u00e4rase toimimise tagamiseks, suurendades t\u00f6\u00f6 efektiivsust.<\/p>\n<h2>Levinumad hooldust\u00f6\u00f6d<\/h2>\n<ul>\n<li><strong>Regulaarsed kontrollid:<\/strong> Tehke perioodilisi kontrolle, et tuvastada kulumise, lekete v\u00f5i talitlush\u00e4irete m\u00e4rke. See \u00fclesanne on \u00fclioluline ootamatute seisakute ja kulukate remondit\u00f6\u00f6de v\u00e4ltimiseks.<\/li>\n<li><strong>\u00d5ige m\u00e4\u00e4rimine:<\/strong> S\u00e4ilitage piisav m\u00e4\u00e4rimistase, kontrollides ja vajadusel h\u00fcdraulika\u00f5li lisades. N\u00f5uetekohane m\u00e4\u00e4rimine v\u00e4hendab h\u00f5\u00f5rdumist ja kulumist, pikendades silindri eluiga.<\/li>\n<li><strong>Tihendi vahetamine ja kalibreerimise kontrollimine:<\/strong> H\u00fcdraulilise r\u00f5hu ja joonduse s\u00e4ilitamiseks vahetage regulaarselt kulunud tihendeid ja tehke kalibreerimiskontrolle. N\u00f5uetekohaselt kalibreeritud s\u00fcsteemid tagavad t\u00f5husa t\u00f6\u00f6 ja suurendavad ohutust.<\/li>\n<\/ul>\n<p><img decoding=\"async\" src=\"https:\/\/www.hydraulic-cylinders.net\/wp-content\/uploads\/2025\/04\/songte-chushion-collar.webp\" alt=\"Padjakaelus\" \/><\/p>\n<h2>Ohutuskaalutlused ja keskkonnategurid<\/h2>\n<p>H\u00fcdrauliliste silindrite kasutamisel on ohutusmeetmete rakendamine \u00fclioluline nii operaatorite kui ka masinate kaitsmiseks. J\u00e4rgige alati tootja juhiseid ohutuks kasutamiseks ja veenduge, et k\u00f5ik ohutusfunktsioonid, n\u00e4iteks r\u00f5huvabastusventiilid, t\u00f6\u00f6taksid korralikult. Operaatorite piisav koolitus on oluline \u00f5nnetuste v\u00e4ltimiseks ja t\u00f6\u00f6tajate teadlikkuse tagamiseks h\u00fcdrauliliste masinatega seotud v\u00f5imalikest ohtudest.<\/p>\n<h2>Veaotsing ja levinud probleemid<\/h2>\n<ul>\n<li><strong>Leke:<\/strong> Kontrollige tihendite ja liitmike \u00fcmbrusest lekkeid, mis v\u00f5ivad viidata kulumisele v\u00f5i kahjustusele. Lekete kiire k\u00f5rvaldamine on s\u00fcsteemi toimivuse s\u00e4ilitamiseks \u00fclioluline.<\/li>\n<li><strong>Ebaj\u00e4rjekindel toimimine:<\/strong> Kui silinder t\u00f6\u00f6tab eba\u00fchtlaselt, kontrollige h\u00fcdraulikavedeliku taset ja kvaliteeti. Saastunud v\u00f5i v\u00e4hene vedelik v\u00f5ib p\u00f5hjustada eba\u00fchtlast j\u00f5udlust.<\/li>\n<li><strong>V\u00e4hendatud v\u00f5imsus:<\/strong> Kui silindri t\u00f5uke- v\u00f5i t\u00f5mbej\u00f5ud on v\u00e4henenud, uurige v\u00f5imalikke ummistusi h\u00fcdraulikavoolikutes v\u00f5i probleeme pumbaga.<\/li>\n<\/ul>\n<p>Nende probleemide t\u00f5husaks diagnoosimiseks ja lahendamiseks lugege tootja t\u00f5rkeotsingu juhendit ja pidage kinni regulaarsest hooldusgraafikust, et v\u00e4ltida levinud probleeme.<\/p>\n<p><img decoding=\"async\" src=\"https:\/\/www.hydraulic-cylinders.net\/wp-content\/uploads\/2025\/04\/songte-bushings-with-all-kinds-of-excavator-models.webp\" alt=\"Ekskavaatorimudelite puksid\" \/><\/p>\n<h2>Meie ettev\u00f5ttest<\/h2>\n<p>Oleme juhtiv asendush\u00fcdrauliliste silindrite tootja, pakkudes laia tootevalikut. Keskendume erakordsele kvaliteedile ja oleme positsioneerinud end \u00fcheks juhtivaks h\u00fcdrosilindrite tootjaks ja hulgim\u00fc\u00fcjaks nii sise- kui ka rahvusvahelisel turul. Meie eesm\u00e4rk on tipptaseme saavutamine, rakendades oma t\u00f6\u00f6kodades t\u00e4iustatud tootmisjuhtimise strateegiaid.<\/p>\n<p>Meie ettev\u00f5te t\u00e4iustab pidevalt tootmisv\u00f5imalusi tehnoloogiliste edusammude, tipptasemel tootmisseadmete ja professionaalsete testimiss\u00fcsteemide abil. See p\u00fchendumus v\u00f5imaldab meil rahuldada klientide mitmekesiseid vajadusi suure efektiivsuse, t\u00e4psuse ja kvaliteediga.<\/p>\n<p><img decoding=\"async\" src=\"https:\/\/www.hydraulic-cylinders.net\/wp-content\/uploads\/2025\/04\/songte-company-4.webp\" alt=\"Ettev\u00f5tte \u00fclevaade\" \/><br \/>\n<img decoding=\"async\" src=\"https:\/\/www.hydraulic-cylinders.net\/wp-content\/uploads\/2025\/04\/songte-company-3.webp\" alt=\"Ettev\u00f5tte tootmine\" \/><\/p>\n<p>Autor: lyl<\/p>","protected":false},"excerpt":{"rendered":"<p>Boom Cylinder For SGZG SD30-9B Product Overview The Boom Cylinder for SGZG SD30-9B is a specialized hydraulic cylinder designed to control the movement of buckets in various heavy machinery applications. Commonly found in excavators, backhoe loaders, and front-end loaders, this hydraulic cylinder enables the bucket to lift, lower, and tilt, facilitating efficient material handling tasks. [&hellip;]<\/p>","protected":false},"featured_media":17879,"comment_status":"open","ping_status":"closed","template":"","meta":{"_et_pb_use_builder":"","_et_pb_old_content":"","_et_gb_content_width":""},"product_brand":[],"product_cat":[1546],"product_tag":[1547,1496],"class_list":{"0":"post-19511","1":"product","2":"type-product","3":"status-publish","4":"has-post-thumbnail","6":"product_cat-boom-cylinders","7":"product_tag-boom-cylinders","8":"product_tag-hydraulic-cylinders","10":"first","11":"instock","12":"shipping-taxable","13":"product-type-simple"},"amp_enabled":true,"_links":{"self":[{"href":"https:\/\/www.hydraulic-cylinders.net\/et\/wp-json\/wp\/v2\/product\/19511","targetHints":{"allow":["GET"]}}],"collection":[{"href":"https:\/\/www.hydraulic-cylinders.net\/et\/wp-json\/wp\/v2\/product"}],"about":[{"href":"https:\/\/www.hydraulic-cylinders.net\/et\/wp-json\/wp\/v2\/types\/product"}],"replies":[{"embeddable":true,"href":"https:\/\/www.hydraulic-cylinders.net\/et\/wp-json\/wp\/v2\/comments?post=19511"}],"wp:featuredmedia":[{"embeddable":true,"href":"https:\/\/www.hydraulic-cylinders.net\/et\/wp-json\/wp\/v2\/media\/17879"}],"wp:attachment":[{"href":"https:\/\/www.hydraulic-cylinders.net\/et\/wp-json\/wp\/v2\/media?parent=19511"}],"wp:term":[{"taxonomy":"product_brand","embeddable":true,"href":"https:\/\/www.hydraulic-cylinders.net\/et\/wp-json\/wp\/v2\/product_brand?post=19511"},{"taxonomy":"product_cat","embeddable":true,"href":"https:\/\/www.hydraulic-cylinders.net\/et\/wp-json\/wp\/v2\/product_cat?post=19511"},{"taxonomy":"product_tag","embeddable":true,"href":"https:\/\/www.hydraulic-cylinders.net\/et\/wp-json\/wp\/v2\/product_tag?post=19511"}],"curies":[{"name":"wp","href":"https:\/\/api.w.org\/{rel}","templated":true}]}}