{"id":19516,"date":"2025-04-07T06:51:52","date_gmt":"2025-04-07T06:51:52","guid":{"rendered":"https:\/\/www.hydraulic-cylinders.net\/product\/boom-cylinder-for-carter-ct65-8b\/"},"modified":"2025-04-07T06:51:54","modified_gmt":"2025-04-07T06:51:54","slug":"boom-cylinder-for-carter-ct65-8b","status":"publish","type":"product","link":"https:\/\/www.hydraulic-cylinders.net\/et\/toode\/boom-cylinder-for-carter-ct65-8b\/","title":{"rendered":"Poomi silinder Carterile CT65-8B"},"content":{"rendered":"<h1>Poomi silinder Carterile CT65-8B<\/h1>\n<h2>Sissejuhatus poomi silindrisse<\/h2>\n<p>Carter CT65-8B noole silinder on h\u00fcdros\u00fcsteemide oluline komponent, mis on spetsiaalselt loodud rasketehnika, sealhulgas ekskavaatorite, laadurite ja esilaadurite jaoks. See h\u00fcdrosilinder juhib kopa liikumist, v\u00f5imaldades sellel t\u00f5husalt t\u00f5sta, langetada ja kallutada, mis on materjali k\u00e4itlemise \u00fclesannete puhul oluline. Oma tugeva konstruktsiooniga tagab noole silinder sujuva t\u00f6\u00f6 ja t\u00e4psuse erinevates rakendustes, pakkudes vajalikku v\u00f5imsust raskete koormate t\u00f5husaks k\u00e4sitsemiseks.<\/p>\n<p><img decoding=\"async\" src=\"https:\/\/www.hydraulic-cylinders.net\/wp-content\/uploads\/2025\/04\/songte-company-1.webp\" alt=\"Poomi silinder\"><\/p>\n<h3>Kopasilindri definitsioon ja \u00fclevaade<\/h3>\n<p>Kopa silinder on spetsiaalne h\u00fcdraulilise silindri t\u00fc\u00fcp, millel on oluline roll raskete masinate kopa liikumise juhtimisel. See v\u00f5imaldab operaatoritel t\u00e4ita selliseid \u00fclesandeid nagu kaevamine, t\u00f5stmine ja materjalide t\u00fchjendamine suure t\u00f5hususega. Nende silindrite disain keskendub vastupidavusele ja t\u00f6\u00f6kindlusele, tagades, et need taluvad ehitus- ja kaevet\u00f6\u00f6de rangeid n\u00f5udmisi. See mitmek\u00fclgsus muudab need asendamatuks erinevates t\u00f6\u00f6stusharudes, alates ehitusest kuni p\u00f5llumajanduseni.<\/p>\n<h2>Poomi silindri omadused<\/h2>\n<ul>\n<li><strong>Suur tugevus ja vastupidavus:<\/strong> K\u00f5rgtugevast terasest v\u00f5i alumiiniumist valmistatud poomi silinder talub suurt survet ja suuri koormusi, mist\u00f5ttu sobib see karmideks t\u00f6\u00f6keskkondadeks.<\/li>\n<li><strong>T\u00f5hus h\u00fcdrauliline t\u00f6\u00f6:<\/strong> H\u00fcdraulilise vedeliku r\u00f5hu kasutamine v\u00f5imaldab sujuvat pikendamist ja tagasit\u00f5mbamist, pakkudes kiiret reageerimist t\u00f6\u00f6k\u00e4skudele ning v\u00f5imsaid t\u00f5uke- ja t\u00f5mbej\u00f5ude.<\/li>\n<li><strong>Erinevad t\u00fc\u00fcbid:<\/strong> Need silindrid on saadaval nii \u00fche- kui ka kahetoimelise versioonina ning neid saab kohandada vastavalt erinevatele t\u00f6\u00f6tingimustele. M\u00f5ned mudelid on teleskoopilised, v\u00f5imaldades suuremat pikendust ilma v\u00e4lism\u00f5\u00f5tmeid suurendamata, mis sobib ideaalselt ruumikitsastes rakendustes.<\/li>\n<li><strong>Korrosioonikindlus:<\/strong> Valmistatud korrosiooni- ja kulumiskindlatest materjalidest, pikendades silindri eluiga isegi keerulistes keskkondades.<\/li>\n<li><strong>Lihtne hooldus:<\/strong> Konstruktsioon v\u00f5imaldab lihtsat hooldust, tagades, et operaatorid saavad silindreid optimaalses t\u00f6\u00f6korras hoida.<\/li>\n<\/ul>\n<h3>Meie tootmisv\u00f5imekus<\/h3>\n<p>Meil on oskusteave kvaliteetsete poomisilindrite tootmiseks, mis sobivad ideaalselt olemasolevate h\u00fcdrauliliste silindrite asendamiseks. Meie tooted on konstrueeritud t\u00e4psust ja vastupidavust silmas pidades, tagades nende vastavuse t\u00f6\u00f6stusstandarditele ja klientide ootustele.<\/p>\n<p><img decoding=\"async\" src=\"https:\/\/www.hydraulic-cylinders.net\/wp-content\/uploads\/2025\/04\/songte-cylinder-head-with-all-kinds-excavator-models.webp\" alt=\"Ekskavaatori mudelid\"><\/p>\n<h2>Poomi silindri rakendused<\/h2>\n<h3>Ehitustehnika<\/h3>\n<p>Ehitusmasinates, n\u00e4iteks ekskavaatorites, on noolesilindrid h\u00e4davajalikud pinnase v\u00f5i prahi kaevamiseks, laadimiseks ja teisaldamiseks. Need pakuvad vajalikku j\u00f5udu raskete materjalide t\u00e4pseks t\u00f5stmiseks ja positsioneerimiseks. Nende silindrite j\u00f5udlus m\u00f5jutab otseselt kaevamist\u00f6\u00f6de efektiivsust, v\u00f5imaldades projektide kiiremat valmimist.<\/p>\n<h3>P\u00f5llumajandustehnika<\/h3>\n<p>Poomi silindreid leidub ka esilaadurites, kus need aitavad mulda, heina ja muid materjale kopaga t\u00f5sta, t\u00f5sta ja transportida. Nende v\u00f5ime k\u00e4sitseda raskeid koormaid ja t\u00e4ita mitmeotstarbelisi \u00fclesandeid suurendab talude tootlikkust, muutes need p\u00f5llumajandustegevuse oluliseks osaks.<\/p>\n<h3>Ekskavaatorid<\/h3>\n<p>Ekskavaatorites v\u00f5imaldab noole silinder kopal kaevet\u00f6\u00f6de ajal t\u00f5husalt pinnasesse tungida. See funktsioon on \u00fclioluline maksimaalse kaevamiss\u00fcgavuse ja efektiivsuse saavutamiseks, aidates kaasa masina \u00fcldisele j\u00f5udlusele.<\/p>\n<h3>Laadurid<\/h3>\n<p>Esilaadurite puhul aitavad noolesilindrid koormaid t\u00f5husalt t\u00f5sta ja t\u00fchjendada. Nende h\u00fcdrauliline j\u00f5ud v\u00f5imaldab operaatoritel raskeid materjale h\u00f5lpsalt man\u00f6\u00f6verdada, parandades laadimis- ja mahalaadimisprotsesside t\u00f5husust, mis on eriti kasulik ehitus- ja j\u00e4\u00e4tmek\u00e4itlust\u00f6\u00f6del.<\/p>\n<h2>Projekteerimiskaalutlused ja valikukriteeriumid<\/h2>\n<h3>Kandev\u00f5ime<\/h3>\n<p>Poomi silindri valimisel on kandev\u00f5ime m\u00f5istmine \u00fclioluline. Silinder peab suutma kanda maksimaalset t\u00f5stetavat raskust, tagades ohutuse ja funktsionaalsuse t\u00f6\u00f6 ajal. Sobiva kandev\u00f5imega silindri valimine tagab, et see r\u00f5hu all ei purune, v\u00e4hendades \u00f5nnetuste ja seadmete kahjustumise ohtu.<\/p>\n<h3>Tihendusv\u00f5ime<\/h3>\n<p>Tihendus on poomi silindrite projekteerimisel veel \u00fcks kriitiline tegur. Kvaliteetsed tihendid hoiavad \u00e4ra h\u00fcdraulikavedeliku lekked ja hoiavad s\u00fcsteemis r\u00f5hu. T\u00f5hus tihendus tagab silindri sujuva ja t\u00f5husa t\u00f6\u00f6, minimeerides hooldusvajadust ja pikendades silindri eluiga. Erinevad tihendusmaterjalid, n\u00e4iteks pol\u00fcuretaan ja nitriilkummi, valitakse nende vastupidavuse t\u00f5ttu kulumisele ja keskkonnateguritele.<\/p>\n<h3>Vastupidavus<\/h3>\n<p>Vastupidavus on \u00fclioluline noolesilindrite puhul, mis sageli t\u00f6\u00f6tavad karmides tingimustes. Ehitusmaterjalid peaksid olema vastupidavad kulumisele, korrosioonile ja v\u00e4simusele, et tagada pikaajaline j\u00f5udlus. H\u00e4sti disainitud noolesilindril on omadused, mis suurendavad selle vastupidavust, n\u00e4iteks tugevdatud keevis\u00f5mblused ja paksemad seinad, mis v\u00f5imaldavad sellel vastu pidada raskete rakenduste raskustele.<\/p>\n<h3>Ohutusstandardid<\/h3>\n<p>Poomisilindrite projekteerimisel tuleb esiplaanile seada ohutuskaalutlused. See h\u00f5lmab funktsioone, mis takistavad \u00fcler\u00f5hu teket, tagades silindri ohutu t\u00f6\u00f6 erinevate koormustingimuste korral. Kaitseventiilide ja r\u00f5hu alandamise mehhanismide rakendamine aitab minimeerida \u00f5nnetuste ja seadmete rikete ohtu.<\/p>\n<h3>Hooldusn\u00f5uded<\/h3>\n<p>Lihtne hooldus on poomisilindrite pikaealisuse ja j\u00f5udluse tagamiseks h\u00e4davajalik. Projekteerimisel tuleks arvestada ligip\u00e4\u00e4setavusega kontrollide, m\u00e4\u00e4rimise ja vajalike remondit\u00f6\u00f6de jaoks. Regulaarsed hooldust\u00f6\u00f6d peaksid olema lihtsad, v\u00f5imaldades operaatoritel hoida seadmeid optimaalses t\u00f6\u00f6korras ilma pikkade seisakuteta.<\/p>\n<p><img decoding=\"async\" src=\"https:\/\/www.hydraulic-cylinders.net\/wp-content\/uploads\/2025\/04\/songte-oil-pipes-and-spare-parts.webp\" alt=\"\u00d5litorud ja varuosad\"><\/p>\n<h2>Tihendus ja m\u00e4\u00e4rimine<\/h2>\n<p>N\u00f5uetekohane tihendamine ja m\u00e4\u00e4rimine on poomi silindrite t\u00f5husa t\u00f6\u00f6 jaoks \u00fcliolulised. H\u00fcdraulikavedeliku lekke v\u00e4ltimiseks ja silindri r\u00f5hu s\u00e4ilitamiseks kasutatakse mitmesuguseid tihenduskomponente, n\u00e4iteks kolvi- ja varrastihendeid. Kulumiskindluse t\u00f5ttu on eelistatud vastupidavatest materjalidest, nagu pol\u00fcuretaan ja nitriilkummi, valmistatud tihendid. Lisaks on silindri korpus ja keermestatud otsad kulumiskindluse suurendamiseks hoolikalt t\u00f6\u00f6deldud. Regulaarne h\u00fcdraulika\u00f5liga m\u00e4\u00e4rimine on vajalik sujuva t\u00f6\u00f6 s\u00e4ilitamiseks, h\u00f5\u00f5rdumise v\u00e4hendamiseks ja enneaegse kulumise v\u00e4ltimiseks.<\/p>\n<h2>Ennetavad hooldusmeetmed<\/h2>\n<ul>\n<li>Regulaarsed kontrollid: Rutiinsete kontrollide tegemine aitab tuvastada v\u00f5imalikke probleeme enne, kui need s\u00fcvenevad suuremateks probleemideks, tagades ballooni pikaealisuse.<\/li>\n<li>\u00d5ige m\u00e4\u00e4rimine: Piisava m\u00e4\u00e4rimise tagamine alati aitab minimeerida kulumist, s\u00e4ilitades silindri j\u00f5udluse.<\/li>\n<li>Tihendite vahetamine: Tihendite seisukorra j\u00e4lgimine ja vajadusel vahetamine hoiab \u00e4ra lekked ja s\u00e4ilitab h\u00fcdraulilise r\u00f5hu.<\/li>\n<\/ul>\n<h2>Paigaldusjuhised<\/h2>\n<p>Poomi silindri paigaldamisel on optimaalse j\u00f5udluse tagamiseks oluline j\u00e4rgida \u00f5igeid protseduure. Alustage paigalduskoha ettevalmistamisest, veendudes, et see on puhas ja prahist vaba. Joondage silinder t\u00e4pselt kinnitusklambritega, kasutades selle kinnitamiseks sobivaid kinnitustugesid. Oluline on tagada, et silinder oleks \u00f5igesti joondatud, et v\u00e4ltida tarbetut pinget t\u00f6\u00f6tamise ajal. Kui see on paigas, kinnitage k\u00f5ik poldid ja liitmikud vastavalt tootja spetsifikatsioonidele. L\u00f5puks kontrollige s\u00fcsteemi lekete ja t\u00f6\u00f6 efektiivsuse suhtes enne t\u00e4ielikku kasutamist.<\/p>\n<h2>Levinumad hooldust\u00f6\u00f6d<\/h2>\n<ul>\n<li><strong>Regulaarsed kontrollid:<\/strong> Tehke plaanilisi kontrolle kulumise ja rebenemise tuvastamiseks, veendudes, et k\u00f5ik komponendid toimivad \u00f5igesti. Regulaarsed kontrollid v\u00f5imaldavad probleeme varakult avastada, mis aitab v\u00e4ltida suuremate probleemide teket.<\/li>\n<li><strong>Sobiv m\u00e4\u00e4rimine:<\/strong> Veenduge, et silinder ja selle komponendid oleksid piisavalt m\u00e4\u00e4ritud, et tagada sujuv t\u00f6\u00f6. N\u00f5uetekohane m\u00e4\u00e4rimine v\u00e4hendab h\u00f5\u00f5rdumist ja pikendab tihendite ja silindri komponentide eluiga.<\/li>\n<li><strong>Tihendi vahetamine ja kalibreerimine:<\/strong> Kontrollige regulaarselt tihendite kulumisj\u00e4lgede olemasolu ja vajadusel vahetage need v\u00e4lja. Ballooni kalibreerimine tagab selle toimimise etten\u00e4htud parameetrite piires, parandades j\u00f5udlust ja ohutust.<\/li>\n<\/ul>\n<p>Paigaldamise ajal on silindri \u00f5ige joondamine \u00fclioluline. Kasutage silindri t\u00f5husaks kinnitamiseks sobivaid kinnitusklambreid. Soovitatud kontrolli-, remondi- ja vahetusprotseduuride j\u00e4rgimine tagab silindri pikaealisuse, suurendades selle j\u00f5udlust ja t\u00f6\u00f6kindlust.<\/p>\n<p><img decoding=\"async\" src=\"https:\/\/www.hydraulic-cylinders.net\/wp-content\/uploads\/2025\/04\/songte-chushion-collar.webp\" alt=\"Padjakaelus\"><\/p>\n<h2>Ohutuskaalutlused ja keskkonnategurid<\/h2>\n<p>Poomisilindritega t\u00f6\u00f6tamisel on ohutusmeetmed \u00fcliolulised. Operaatorid peaksid alati olema teadlikud h\u00fcdraulikaseadmetega seotud v\u00f5imalikest ohtudest. Seadmete k\u00e4itamisel ja hooldamisel tuleb kanda kaitsevarustust ning j\u00e4rgida n\u00f5uetekohaseid protokolle. Lisaks v\u00f5ivad h\u00fcdraulikasilindrite j\u00f5udlust m\u00f5jutada keskkonnategurid, nagu kokkupuude \u00e4\u00e4rmuslike temperatuuride, kemikaalide ja niiskusega. T\u00f6\u00f6keskkonna regulaarne hindamine ja sobivate kaitsemeetmete rakendamine aitavad neid riske leevendada, tagades ohutu ja t\u00f5husa t\u00f6\u00f6.<\/p>\n<h2>Veaotsing ja levinud probleemid<\/h2>\n<h3>Levinud probleemid<\/h3>\n<ul>\n<li><strong>Lekked:<\/strong> Lekked on sageli p\u00f5hjustatud kulunud tihenditest v\u00f5i valest paigaldusest. Regulaarne kontroll aitab neid probleeme kiiresti tuvastada ja parandada.<\/li>\n<li><strong>Halb j\u00f5udlus:<\/strong> Silindri v\u00e4henenud j\u00f5udlus v\u00f5ib tuleneda ebapiisavast m\u00e4\u00e4rimisest v\u00f5i sisemisest kulumisest. Regulaarne hooldus ja m\u00e4\u00e4rimine on selle probleemi ennetamise v\u00f5tmeks.<\/li>\n<li><strong>\u00dclekuumenemine:<\/strong> \u00dclekuumenemine v\u00f5ib tekkida liigse koormuse v\u00f5i h\u00fcdraulikavedeliku puudumise t\u00f5ttu. Silindri t\u00f6\u00f6tingimuste j\u00e4lgimine aitab \u00fclekuumenemist v\u00e4ltida.<\/li>\n<\/ul>\n<h2>Veaotsingu n\u00e4pun\u00e4ited<\/h2>\n<p>Poomi silindrite probleemide t\u00f5husaks diagnoosimiseks ja lahendamiseks on oluline regulaarne hooldus ja t\u00f6\u00f6k\u00e4itumise j\u00e4lgimine. J\u00e4lgige kulumism\u00e4rke ja k\u00f5rvaldage need kohe, et v\u00e4ltida olukorra halvenemist. Rakendage ennetavaid meetmeid, n\u00e4iteks regulaarseid kontrolle ja \u00f5igeaegseid remondit\u00f6id, et minimeerida v\u00f5imalike probleemide riski.<\/p>\n<p><img decoding=\"async\" src=\"https:\/\/www.hydraulic-cylinders.net\/wp-content\/uploads\/2025\/04\/songte-bushings-with-all-kinds-of-excavator-models.webp\" alt=\"Puksid ekskavaatorimudelitega\"><\/p>\n<h2>Ettev\u00f5tte \u00fclevaade<\/h2>\n<p>Oleme juhtiv asendush\u00fcdrauliliste silindrite tootja, pakkudes laia tootevalikut nii sise- kui ka v\u00e4listurgudele. Meie p\u00fchendumust tipptasemele kvaliteedis ja t\u00e4pses tootmises toetavad t\u00e4iustatud tootmisjuhtimise strateegiad, mis kasutavad oskuslikku tehnilist personali ja tipptasemel digitaalseid tootmisseadmeid. T\u00e4iustame pidevalt oma tootmisplatvormi ja tootmisprotsesse, et tagada kvaliteetne v\u00e4ljund. Meie v\u00f5ime rahuldada klientide mitmekesiseid vajadusi tuleneb keskendumisest t\u00f5hususele, t\u00e4psusele ja kvaliteedile.<\/p>\n<p><img decoding=\"async\" src=\"https:\/\/www.hydraulic-cylinders.net\/wp-content\/uploads\/2025\/04\/songte-company-4.webp\" alt=\"Ettev\u00f5tte \u00fclevaade\"><br \/>\n<img decoding=\"async\" src=\"https:\/\/www.hydraulic-cylinders.net\/wp-content\/uploads\/2025\/04\/songte-company-3.webp\" alt=\"Tootmisrajatised\"><\/p>\n<p>Meie ettev\u00f5tet tuntakse professionaalsuse, rahvusvaheliste sertifikaatide ja kohandatavate teenuste poolest. Tipptasemel tootmisseadmete ja tugeva m\u00fc\u00fcgij\u00e4rgse teeninduss\u00fcsteemiga tagame, et iga toode vastab k\u00f5rgeimatele kvaliteedi- ja t\u00f6\u00f6kindluse standarditele.<\/p>\n<p>Autor: lyl<\/p>","protected":false},"excerpt":{"rendered":"<p>Boom Cylinder For Carter CT65-8B Introduction to Boom Cylinder The Boom Cylinder for Carter CT65-8B is a vital component in hydraulic systems, specifically designed for heavy machinery, including excavators, backhoes, and front loaders. This hydraulic cylinder controls the movement of the bucket, enabling it to lift, lower, and tilt effectively, which is essential for material [&hellip;]<\/p>","protected":false},"featured_media":17869,"comment_status":"open","ping_status":"closed","template":"","meta":{"_et_pb_use_builder":"","_et_pb_old_content":"","_et_gb_content_width":""},"product_brand":[],"product_cat":[1546],"product_tag":[1547,1496],"class_list":{"0":"post-19516","1":"product","2":"type-product","3":"status-publish","4":"has-post-thumbnail","6":"product_cat-boom-cylinders","7":"product_tag-boom-cylinders","8":"product_tag-hydraulic-cylinders","10":"first","11":"instock","12":"shipping-taxable","13":"product-type-simple"},"amp_enabled":true,"_links":{"self":[{"href":"https:\/\/www.hydraulic-cylinders.net\/et\/wp-json\/wp\/v2\/product\/19516","targetHints":{"allow":["GET"]}}],"collection":[{"href":"https:\/\/www.hydraulic-cylinders.net\/et\/wp-json\/wp\/v2\/product"}],"about":[{"href":"https:\/\/www.hydraulic-cylinders.net\/et\/wp-json\/wp\/v2\/types\/product"}],"replies":[{"embeddable":true,"href":"https:\/\/www.hydraulic-cylinders.net\/et\/wp-json\/wp\/v2\/comments?post=19516"}],"wp:featuredmedia":[{"embeddable":true,"href":"https:\/\/www.hydraulic-cylinders.net\/et\/wp-json\/wp\/v2\/media\/17869"}],"wp:attachment":[{"href":"https:\/\/www.hydraulic-cylinders.net\/et\/wp-json\/wp\/v2\/media?parent=19516"}],"wp:term":[{"taxonomy":"product_brand","embeddable":true,"href":"https:\/\/www.hydraulic-cylinders.net\/et\/wp-json\/wp\/v2\/product_brand?post=19516"},{"taxonomy":"product_cat","embeddable":true,"href":"https:\/\/www.hydraulic-cylinders.net\/et\/wp-json\/wp\/v2\/product_cat?post=19516"},{"taxonomy":"product_tag","embeddable":true,"href":"https:\/\/www.hydraulic-cylinders.net\/et\/wp-json\/wp\/v2\/product_tag?post=19516"}],"curies":[{"name":"wp","href":"https:\/\/api.w.org\/{rel}","templated":true}]}}