{"id":19517,"date":"2025-04-07T06:51:54","date_gmt":"2025-04-07T06:51:54","guid":{"rendered":"https:\/\/www.hydraulic-cylinders.net\/product\/boom-cylinder-for-carter-ct150-8\/"},"modified":"2025-04-07T06:51:56","modified_gmt":"2025-04-07T06:51:56","slug":"boom-cylinder-for-carter-ct150-8","status":"publish","type":"product","link":"https:\/\/www.hydraulic-cylinders.net\/et\/toode\/boom-cylinder-for-carter-ct150-8\/","title":{"rendered":"Poomi silinder Carter CT150-8 jaoks"},"content":{"rendered":"<h1>Poomi silinder Carter CT150-8 jaoks<\/h1>\n<h2>Sissejuhatus poomi silindrisse<\/h2>\n<p>Noole silinder on raskete masinate, eriti ekskavaatorite, laadurite ja esilaadurite h\u00fcdraulikas\u00fcsteemide oluline komponent. See on spetsiaalselt loodud kopa liikumise juhtimiseks, v\u00f5imaldades t\u00f5stmis-, langetamis- ja kallutustoiminguid, mis on t\u00f5husate materjalik\u00e4itlust\u00f6\u00f6de jaoks h\u00e4davajalikud. Kopa silinder, mis on teatud t\u00fc\u00fcpi h\u00fcdrauliline silinder, m\u00e4ngib nendes toimingutes olulist rolli, pakkudes vajalikku j\u00f5udu raskete t\u00f6\u00f6de t\u00e4pseks t\u00e4itmiseks.<\/p>\n<p><img decoding=\"async\" src=\"https:\/\/www.hydraulic-cylinders.net\/wp-content\/uploads\/2025\/04\/songte-company-1.webp\" alt=\"Poomi silinder\" \/><\/p>\n<h3>Definitsioon ja \u00fclevaade<\/h3>\n<p>Kopa silinder t\u00f6\u00f6tab h\u00fcdraulilise r\u00f5hu mehaaniliseks j\u00f5uks muutmise teel. Kui h\u00fcdrauliline vedelik suunatakse silindrisse, surub see kolbi, mis omakorda liigutab kinnitatud k\u00e4tt v\u00f5i koppa. See s\u00fcsteem v\u00f5imaldab sujuvaid ja kontrollitud liikumisi, muutes selle asendamatuks ehitus- ja p\u00f5llumajandusrakendustes, kus on vaja teisaldada v\u00f5i k\u00e4sitseda raskeid materjale. Poomi silindri t\u00f5husus ja t\u00f6\u00f6kindlus tagavad, et operaatorid saavad \u00fclesandeid kiiresti ja t\u00f5husalt t\u00e4ita, minimeerides seisakuid ja maksimeerides tootlikkust.<\/p>\n<h2>Poomi silindri p\u00f5hijooned<\/h2>\n<ul>\n<li><strong>Suur tugevus ja vastupidavus:<\/strong> Valmistatud \u00fclitugevast terasest v\u00f5i alumiiniumist, mis on loodud taluma k\u00f5rget r\u00f5hku ja suuri koormusi, olles samal ajal kulumis- ja korrosioonikindel.<\/li>\n<li><strong>T\u00f5hus h\u00fcdrauliline t\u00f6\u00f6:<\/strong> Kasutab sujuvaks ja kiireks pikendamiseks ja tagasit\u00f5mbamiseks h\u00fcdraulika\u00f5li r\u00f5hku, pakkudes v\u00f5imsaid t\u00f5uke- ja t\u00f5mbej\u00f5ude, mis sobivad raskete v\u00f5i keerukate \u00fclesannete jaoks.<\/li>\n<li><strong>Erinevad t\u00fc\u00fcbid:<\/strong> Saadaval \u00fchetoimelise (h\u00fcdrauliline \u00fches suunas) v\u00f5i kahetoimelise (h\u00fcdrauliline m\u00f5lemas suunas) konfiguratsioonina, m\u00f5nel mudelil on teleskoopkonstruktsioon, mis tagab suurema ulatuse ilma v\u00e4lism\u00f5\u00f5tmeid suurendamata.<\/li>\n<li><strong>Kohandatavad valikud:<\/strong> Saab kohandada vastavalt konkreetsetele masina vajadustele ja t\u00f6\u00f6tingimustele, suurendades mitmek\u00fclgsust erinevates rakendustes.<\/li>\n<li><strong>Lihtne paigaldus ja hooldus:<\/strong> Lihtsaks paigaldamiseks loodud ja kasutajas\u00f5bralike hooldusfunktsioonidega, mis v\u00f5imaldavad kiiret vahetamist ja remonti.<\/li>\n<\/ul>\n<p>Me toodame seda toodet ja meie silindrid saavad neid h\u00fcdraulilisi silindreid ideaalselt asendada.<\/p>\n<p><img decoding=\"async\" src=\"https:\/\/www.hydraulic-cylinders.net\/wp-content\/uploads\/2025\/04\/songte-cylinder-head-with-all-kinds-excavator-models.webp\" alt=\"Ekskavaatori mudelid\" \/><\/p>\n<h2>Poomi silindri rakendused<\/h2>\n<h3>Ehitustehnika<\/h3>\n<p>Ekskavaatorites on noolesilindrid olulised kaevamiseks, laadimiseks ja pinnase v\u00f5i prahi teisaldamiseks. Need v\u00f5imaldavad kopal s\u00fcgavale maasse ulatuda, materjale t\u00f5husalt v\u00e4lja kaevates. Ekskavaator-laadurites h\u00f5lbustavad need silindrid nii kaevamis- kui ka t\u00f5stetoiminguid, pakkudes ehitusplatsidel mitmek\u00fclgsust.<\/p>\n<h3>P\u00f5llumajandustehnika<\/h3>\n<p>Esilaadurites kasutatakse noolesilindreid mulla, heina ja muude materjalide kopeerimiseks, t\u00f5stmiseks ja transportimiseks. See muudab need eluliselt t\u00e4htsaks selliste \u00fclesannete puhul nagu veoautode laadimine v\u00f5i s\u00f6\u00f6da ja puistekaupade teisaldamine, parandades oluliselt talude tootlikkust.<\/p>\n<h3>Kaevet\u00f6\u00f6de \u00fclesanded<\/h3>\n<p>Ekskavaatorites v\u00f5imaldab kopa silinder kopal pinnasesse tungida, tehes kaevet\u00f6id t\u00f5husalt. See v\u00f5ime on \u00fclioluline ehitusprojektide, maa puhastamise ja haljastuse puhul, kus on vaja t\u00e4pset kaevamist.<\/p>\n<h3>Laadija rakendused<\/h3>\n<p>Esilaaduritel aitavad noolesilindrid koormaid t\u00f5husalt t\u00f5sta ja t\u00fchjendada. Need pakuvad vajalikku tugevust raskete materjalide k\u00e4sitsemiseks, mist\u00f5ttu on need h\u00e4davajalikud mitmesuguste laadimis- ja mahalaadimist\u00f6\u00f6de jaoks.<\/p>\n<h2>Projekteerimiskaalutlused ja valikukriteeriumid<\/h2>\n<h3>Kandev\u00f5ime<\/h3>\n<p>Poomi silindri kandev\u00f5ime on kriitilise t\u00e4htsusega projekteerimiskaalutlus. Silinder peab olema konstrueeritud nii, et see taluks maksimaalset raskust, millega see t\u00f6\u00f6 ajal kokku puutub. See h\u00f5lmab r\u00f5huklasside, materjali tugevuse ja \u00fcldise konstruktsiooni hindamist, et tagada ohutus ja funktsionaalsus raskete koormuste korral.<\/p>\n<h3>Tihendusv\u00f5ime<\/h3>\n<p>H\u00fcdrauliliste silindrite n\u00f5uetekohaseks toimimiseks on tihendamine \u00fclioluline. Kvaliteetsed tihendid hoiavad \u00e4ra h\u00fcdraulilise vedeliku lekke, tagades t\u00f5husa t\u00f6\u00f6 ja r\u00f5hu s\u00e4ilitamise. Tihendimaterjalide, n\u00e4iteks pol\u00fcuretaani v\u00f5i nitriilkummi, valik m\u00f5jutab vastupidavust ja j\u00f5udlust, eriti karmides keskkondades.<\/p>\n<h3>Vastupidavus<\/h3>\n<p>Vastupidavus on noolesilindrite projekteerimisel v\u00f5tmetegur. Need peavad vastu pidama \u00e4\u00e4rmuslikele tingimustele, sealhulgas k\u00f5rgele r\u00f5hule ja temperatuurile, ning samal ajal olema kulumis- ja korrosioonikindlad. See n\u00f5uab materjalide ja kaitsekatete hoolikat valimist silindri eluea pikendamiseks.<\/p>\n<h3>Turvaelemendid<\/h3>\n<p>Ohutusfunktsioonide lisamine noolesilindrite konstruktsiooni on \u00fclioluline. See h\u00f5lmab mehhanisme \u00fclepingutuse v\u00e4ltimiseks, \u00fclekoormuskaitset ja r\u00f5hu alandamise s\u00fcsteeme, et tagada operaatori ohutus ja seadmete t\u00f6\u00f6kindlus t\u00f6\u00f6tamise ajal.<\/p>\n<h3>Hoolduse ligip\u00e4\u00e4setavus<\/h3>\n<p>Hooldust\u00f6\u00f6dele ligip\u00e4\u00e4setavust arvestav projekteerimine on seisakuaja v\u00e4hendamiseks h\u00e4davajalik. Sellised omadused nagu tihenditele ja m\u00e4\u00e4rimispunktidele lihtne juurdep\u00e4\u00e4s v\u00f5ivad hooldust\u00f6id oluliselt lihtsustada, v\u00f5imaldades \u00f5igeaegset remonti ja pikendades silindri t\u00f6\u00f6iga.<\/p>\n<p><img decoding=\"async\" src=\"https:\/\/www.hydraulic-cylinders.net\/wp-content\/uploads\/2025\/04\/songte-oil-pipes-and-spare-parts.webp\" alt=\"\u00d5litorud ja varuosad\" \/><\/p>\n<h2>Silindri tihendamine ja m\u00e4\u00e4rimine<\/h2>\n<p>T\u00f5hus tihendamine ja m\u00e4\u00e4rimine on poomi silindri j\u00f5udluse seisukohalt \u00fcliolulised. H\u00fcdraulilise vedeliku lekke v\u00e4ltimiseks ja sujuva t\u00f6\u00f6 tagamiseks kasutatakse mitmesuguseid tihendite t\u00fc\u00fcpe, n\u00e4iteks kolvitihendeid ja vardatihendeid. Kulumiskindlatest materjalidest, nagu pol\u00fcuretaan ja nitriilkummi, valmistatud tihendid suurendavad pikaealisust ja t\u00f6\u00f6kindlust.<\/p>\n<p>Silindri korpus ja keermestatud otsapinnad l\u00e4bivad peene t\u00f6\u00f6tlemise, et parandada kulumiskindlust ja tihendusv\u00f5imet, tagades silindri t\u00f5husa t\u00f6\u00f6 k\u00f5rgsurve tingimustes. Regulaarne m\u00e4\u00e4rimine sobiva h\u00fcdraulika\u00f5liga on oluline h\u00f5\u00f5rdumise ja kulumise v\u00e4hendamiseks, h\u00f5lbustades kolvi sujuvat liikumist silindris.<\/p>\n<h2>Ennetavad hooldusmeetmed<\/h2>\n<ul>\n<li><strong>Regulaarsed kontrollid:<\/strong> Tehke regulaarseid kontrolle, et tuvastada kulumis- v\u00f5i kahjustuste m\u00e4rke, tagades \u00f5igeaegse remondi enne probleemide s\u00fcvenemist.<\/li>\n<li><strong>M\u00e4\u00e4rimine:<\/strong> Veenduge, et silinder oleks optimaalse j\u00f5udluse s\u00e4ilitamiseks ja kulumise v\u00e4ltimiseks piisavalt m\u00e4\u00e4ritud \u00f5ige h\u00fcdraulika\u00f5liga.<\/li>\n<li><strong>Tihendi vahetamine:<\/strong> Kontrollige regulaarselt tihendite kulumist ja vahetage need vastavalt vajadusele, et v\u00e4ltida lekkeid ja s\u00e4ilitada r\u00f5hu terviklikkus.<\/li>\n<\/ul>\n<h2>Paigaldusjuhised<\/h2>\n<p>Poomi silindri \u00f5ige paigaldamine on optimaalse j\u00f5udluse saavutamiseks \u00fclioluline. Alustage veendumisest, et kinnituspinnad on puhtad ja prahist vabad. Joondage silinder hoolikalt \u00f5igesse asendisse, kasutades selle kinnitamiseks sobivaid kinnitusklambreid. Oluline on v\u00e4ltida valejoondust, kuna see v\u00f5ib p\u00f5hjustada silindri enneaegset kulumist ja riket.<\/p>\n<p>Paigaldamise ajal veenduge, et k\u00f5ik h\u00fcdraulilised \u00fchendused on tihedad ja leketeta. P\u00e4rast paigaldamist testige silindri t\u00f6\u00f6d koormuse all, et veenduda selle korrektses toimimises. Ebatavaliste helide v\u00f5i liikumiste j\u00e4lgimine t\u00f6\u00f6tamise ajal aitab potentsiaalseid probleeme varakult tuvastada.<\/p>\n<h2>Levinumad hooldust\u00f6\u00f6d<\/h2>\n<ul>\n<li><strong>Regulaarsed kontrollid:<\/strong> Tehke visuaalset kontrolli lekete, pragude v\u00f5i muude kulumism\u00e4rkide suhtes. See aitab potentsiaalseid probleeme varakult avastada ja tagab silindri t\u00f5husa t\u00f6\u00f6.<\/li>\n<li><strong>\u00d5ige m\u00e4\u00e4rimine:<\/strong> Veenduge, et silindrit m\u00e4\u00e4ritakse vastavalt tootja spetsifikatsioonidele. Ebapiisav m\u00e4\u00e4rimine v\u00f5ib suurendada h\u00f5\u00f5rdumist ja kulumist, l\u00fchendades silindri eluiga.<\/li>\n<li><strong>Tihendi vahetamine:<\/strong> Kontrollige regulaarselt tihendite seisukorda ja vahetage need vastavalt vajadusele, et v\u00e4ltida vedeliku lekkeid ja s\u00e4ilitada j\u00f5udlus.<\/li>\n<\/ul>\n<p>Silindri \u00f5ige joondamine paigaldamise ajal on \u00fclioluline. Kasutage silindri kinnitamiseks sobivaid kinnitusklambreid, tagades, et see ei oleks joonduspingete all. Silindri funktsionaalsuse s\u00e4ilitamiseks ja selle eluea pikendamiseks j\u00e4rgige komponentide kontrollimise, parandamise ja vahetamise soovitatud protseduure.<\/p>\n<p><img decoding=\"async\" src=\"https:\/\/www.hydraulic-cylinders.net\/wp-content\/uploads\/2025\/04\/songte-chushion-collar.webp\" alt=\"Padjakaelus\" \/><\/p>\n<h2>Ohutuskaalutlused ja keskkonnategurid<\/h2>\n<p>Poomi silindrite kasutamisel on ohutusmeetmed \u00fcliolulised. Operaatorid peaksid olema koolitatud h\u00fcdraulikas\u00fcsteemide toimimise ja sellega seotud riskide m\u00f5istmiseks. \u00d5nnetuste v\u00e4ltimiseks tuleks kanda sobivat kaitsevarustust ja masinaid regulaarselt kontrollida. Keskkonnakahju minimeerimiseks on oluline ka teadlikkus h\u00fcdraulikavedelike keskkonnam\u00f5just ja kasutatud vedelike asjakohastest k\u00f5rvaldamismeetoditest.<\/p>\n<h2>Levinud probleemide t\u00f5rkeotsing<\/h2>\n<ul>\n<li><strong>V\u00f5imsuse kaotus:<\/strong> Kui silinder ei anna piisavat j\u00f5udu, kontrollige h\u00fcdraulikas\u00fcsteemi lekete v\u00f5i madala vedelikutaseme suhtes, mis v\u00f5ivad j\u00f5udlust m\u00f5jutada.<\/li>\n<li><strong>M\u00fcrane t\u00f6\u00f6:<\/strong> Ebatavalised helid v\u00f5ivad viidata joondusveale, m\u00e4\u00e4rimise puudumisele v\u00f5i kulunud tihenditele. Kontrollige s\u00fcsteemi probleemide suhtes ja v\u00f5tke vastavalt vajadusele parandusmeetmeid.<\/li>\n<li><strong>Aeglane liikumine:<\/strong> Aeglane reageerimisaeg v\u00f5ib tuleneda sisemisest kulumisest, h\u00fcdraulikavedeliku saastumisest v\u00f5i h\u00fcdraulikapumba probleemidest. Regulaarne hooldus aitab neid probleeme leevendada.<\/li>\n<\/ul>\n<p>T\u00f5husa t\u00f5rkeotsingu jaoks lugege alati tootja juhiseid ja kui probleemid p\u00fcsivad, konsulteerige h\u00fcdraulikaspetsialistiga. Ennetavad meetmed, n\u00e4iteks regulaarne hooldus ja \u00fclevaatus, v\u00f5ivad nende levinud probleemide t\u00f5en\u00e4osust oluliselt v\u00e4hendada.<\/p>\n<p><img decoding=\"async\" src=\"https:\/\/www.hydraulic-cylinders.net\/wp-content\/uploads\/2025\/04\/songte-bushings-with-all-kinds-of-excavator-models.webp\" alt=\"Puksid ekskavaatorimudelitega\" \/><\/p>\n<h2>Ettev\u00f5tte \u00fclevaade<\/h2>\n<p>Oleme alternatiivsete h\u00fcdrauliliste silindrite tootja, pakkudes laia tootevalikut, mis on teinud meist \u00fche juhtiva tootja ja hulgim\u00fc\u00fcja nii sise- kui ka rahvusvahelisel turul. J\u00e4rgime tippkvaliteedi p\u00f5him\u00f5tet, mida toetab peen tootmist\u00f6\u00f6koda ja t\u00f6\u00f6stusliku tootmise juhtimisstrateegia. Meie ettev\u00f5te t\u00e4iustab pidevalt oma tootmisv\u00f5imekust kvalifitseeritud personali, t\u00e4iustatud digitaalsete tootmisseadmete ja professionaalsete testimiss\u00fcsteemide abil.<\/p>\n<p>P\u00fchendudes suurele t\u00f5hususele, t\u00e4psusele ja kvaliteedile, rahuldame klientide mitmekesiseid vajadusi, tagades samal ajal k\u00f5rgeimad tootmisstandardid. Meie asjatundlikkus kohandamise, rahvusvaheliste sertifikaatide, tipptasemel tootmisseadmete ja p\u00fchendunud m\u00fc\u00fcgij\u00e4rgse teeninduse alal kindlustab veelgi meie positsiooni usaldusv\u00e4\u00e4rse liidrina h\u00fcdrosilindrite t\u00f6\u00f6stuses.<\/p>\n<p><img decoding=\"async\" src=\"https:\/\/www.hydraulic-cylinders.net\/wp-content\/uploads\/2025\/04\/songte-company-4.webp\" alt=\"Ettev\u00f5tte \u00fclevaade 1\" \/><br \/>\n<img decoding=\"async\" src=\"https:\/\/www.hydraulic-cylinders.net\/wp-content\/uploads\/2025\/04\/songte-company-3.webp\" alt=\"Ettev\u00f5tte \u00fclevaade 2\" \/><\/p>\n<p>Autor: lyl<\/p>","protected":false},"excerpt":{"rendered":"<p>Boom Cylinder For Carter CT150-8 Introduction to the Boom Cylinder The Boom Cylinder is a vital component in the hydraulic systems of heavy machinery, particularly in excavators, backhoes, and front loaders. It is specifically designed to control the movement of the bucket, allowing for lifting, lowering, and tilting actions essential for efficient material handling tasks. [&hellip;]<\/p>","protected":false},"featured_media":17870,"comment_status":"open","ping_status":"closed","template":"","meta":{"_et_pb_use_builder":"","_et_pb_old_content":"","_et_gb_content_width":""},"product_brand":[],"product_cat":[1546],"product_tag":[1547,1496],"class_list":{"0":"post-19517","1":"product","2":"type-product","3":"status-publish","4":"has-post-thumbnail","6":"product_cat-boom-cylinders","7":"product_tag-boom-cylinders","8":"product_tag-hydraulic-cylinders","10":"first","11":"instock","12":"shipping-taxable","13":"product-type-simple"},"amp_enabled":true,"_links":{"self":[{"href":"https:\/\/www.hydraulic-cylinders.net\/et\/wp-json\/wp\/v2\/product\/19517","targetHints":{"allow":["GET"]}}],"collection":[{"href":"https:\/\/www.hydraulic-cylinders.net\/et\/wp-json\/wp\/v2\/product"}],"about":[{"href":"https:\/\/www.hydraulic-cylinders.net\/et\/wp-json\/wp\/v2\/types\/product"}],"replies":[{"embeddable":true,"href":"https:\/\/www.hydraulic-cylinders.net\/et\/wp-json\/wp\/v2\/comments?post=19517"}],"wp:featuredmedia":[{"embeddable":true,"href":"https:\/\/www.hydraulic-cylinders.net\/et\/wp-json\/wp\/v2\/media\/17870"}],"wp:attachment":[{"href":"https:\/\/www.hydraulic-cylinders.net\/et\/wp-json\/wp\/v2\/media?parent=19517"}],"wp:term":[{"taxonomy":"product_brand","embeddable":true,"href":"https:\/\/www.hydraulic-cylinders.net\/et\/wp-json\/wp\/v2\/product_brand?post=19517"},{"taxonomy":"product_cat","embeddable":true,"href":"https:\/\/www.hydraulic-cylinders.net\/et\/wp-json\/wp\/v2\/product_cat?post=19517"},{"taxonomy":"product_tag","embeddable":true,"href":"https:\/\/www.hydraulic-cylinders.net\/et\/wp-json\/wp\/v2\/product_tag?post=19517"}],"curies":[{"name":"wp","href":"https:\/\/api.w.org\/{rel}","templated":true}]}}