{"id":19519,"date":"2025-04-07T06:51:59","date_gmt":"2025-04-07T06:51:59","guid":{"rendered":"https:\/\/www.hydraulic-cylinders.net\/product\/boom-cylinder-for-carter-ct45-7b\/"},"modified":"2025-04-07T06:52:01","modified_gmt":"2025-04-07T06:52:01","slug":"boom-cylinder-for-carter-ct45-7b","status":"publish","type":"product","link":"https:\/\/www.hydraulic-cylinders.net\/et\/toode\/boom-cylinder-for-carter-ct45-7b\/","title":{"rendered":"Poomi silinder Carterile CT45-7B"},"content":{"rendered":"<h1>Poomi silinder Carterile CT45-7B<\/h1>\n<h2>Sissejuhatus poomi silindritesse<\/h2>\n<p>Noole silinder on spetsiaalne h\u00fcdrauliline silinder, mis on loodud koppade liikumise juhtimiseks rasketes masinates, n\u00e4iteks ekskavaatorites, laadur-ekskavaatorites ja esilaadurites. See oluline komponent v\u00f5imaldab koppa t\u00f5sta, langetada ja kallutada, mis on t\u00f5husate materjalik\u00e4itlust\u00f6\u00f6de jaoks h\u00e4davajalik. H\u00fcdraulilise r\u00f5hu abil annab noole silinder vajaliku j\u00f5u sujuvate ja t\u00e4psete liikumiste jaoks, v\u00f5imaldades operaatoritel h\u00f5lpsalt erinevaid toiminguid teha. Selle disain ja funktsionaalsus m\u00e4ngivad olulist rolli h\u00fcdraulikas\u00fcsteemide \u00fcldises j\u00f5udluses.<\/p>\n<p><img decoding=\"async\" src=\"https:\/\/www.hydraulic-cylinders.net\/wp-content\/uploads\/2025\/04\/songte-company-1.webp\" alt=\"Poomi silinder\" \/><\/p>\n<h2>Poomi silindri omadused<\/h2>\n<ul>\n<li><strong>Suur tugevus ja vastupidavus:<\/strong> K\u00f5rgtugevast terasest v\u00f5i alumiiniumist valmistatud poomi silinder on konstrueeritud taluma k\u00f5rget r\u00f5hku ja suuri koormusi, mist\u00f5ttu sobib see karmidesse t\u00f6\u00f6keskkondadesse. Konstruktsioonis on arvestatud kulumiskindluse ja korrosioonikaitsega, pikendades silindri eluiga.<\/li>\n<li><strong>T\u00f5hus h\u00fcdrauliline t\u00f6\u00f6:<\/strong> H\u00fcdraulilise vedeliku r\u00f5hku kasutades tagab poomi silinder sujuva ja tundliku lineaarse liikumise, pakkudes m\u00e4rkimisv\u00e4\u00e4rset t\u00f5uke- ja t\u00f5mbej\u00f5udu, mis sobib ideaalselt raskete esemete ja keerukate \u00fclesannete k\u00e4sitlemiseks.<\/li>\n<li><strong>Erinevad t\u00fc\u00fcbid:<\/strong> Poomi silindrid on saadaval nii \u00fchetoimelise (\u00fches suunas t\u00f6\u00f6tava) kui ka kahetoimelise (m\u00f5lemas suunas t\u00f6\u00f6tava) versioonina, mis vastavad erinevatele t\u00f6\u00f6vajadustele. M\u00f5ned mudelid on teleskoopilised, v\u00f5imaldades suuremat pikendamist ilma v\u00e4lism\u00f5\u00f5tmeid suurendamata, mis sobib ideaalselt piiratud ruumiga rakenduste jaoks.<\/li>\n<li><strong>Kohandatud tootmine:<\/strong> Pakume v\u00f5imalust seda toodet t\u00e4pselt toota, tagades, et meie h\u00fcdrosilindrid suudavad olemasolevaid mudeleid ideaalselt asendada ja vastavad meie klientide erivajadustele.<\/li>\n<li><strong>P\u00f5hjalik tugi:<\/strong> Meie toodetele pakutakse optimaalse j\u00f5udluse ja pikaealisuse tagamiseks tugevat kliendituge.<\/li>\n<\/ul>\n<p><img decoding=\"async\" src=\"https:\/\/www.hydraulic-cylinders.net\/wp-content\/uploads\/2025\/04\/songte-cylinder-head-with-all-kinds-excavator-models.webp\" alt=\"H\u00fcdraulilise silindri pea\" \/><\/p>\n<h2>Poomi silindri rakendused<\/h2>\n<h3>Ehitustehnika<\/h3>\n<p>Ehitusmasinates, n\u00e4iteks ekskavaatorites, on noolesilindrid kriitilise t\u00e4htsusega kaevamiseks, laadimiseks ja pinnase v\u00f5i prahi teisaldamiseks. Tekkiv h\u00fcdrauliline r\u00f5hk v\u00f5imaldab kopa liikumise t\u00e4pset juhtimist, mis lihtsustab raskete t\u00f6\u00f6de t\u00f5husat t\u00e4itmist. Ekskavaatorlaadurid kasutavad noolesilindreid mitte ainult kaevamiseks, vaid ka materjalide t\u00f5stmiseks ja \u00fcmberpaigutamiseks, suurendades \u00fcldist t\u00f6\u00f6viljakust.<\/p>\n<h3>P\u00f5llumajandustehnika<\/h3>\n<p>P\u00f5llumajanduskeskkonnas kasutatakse mulla, heina ja muude materjalide kopeerimiseks, t\u00f5stmiseks ja transportimiseks noolesilindritega esilaadureid. Nende silindrite t\u00f5hus toimimine tagab selliste \u00fclesannete kiire t\u00e4itmise nagu teravilja laadimine v\u00f5i s\u00f6\u00f6da teisaldamine, aidates kaasa paremale talu tootlikkusele ja t\u00f5hususele.<\/p>\n<h3>Ekskavaatorid<\/h3>\n<p>Ekskavaatorid toetuvad kaevamisliigutuste teostamiseks suuresti poomi silindritele. H\u00fcdraulikas\u00fcsteem v\u00f5imaldab kopal t\u00f5husalt pinnasesse tungida, v\u00f5imaldades pinnase ja muude materjalide kiiret kaevamist. Nende silindrite pakutav t\u00e4psus ja v\u00f5imsus on olulised projektide \u00f5igeaegseks l\u00f5puleviimiseks, parandades seel\u00e4bi objekti tootlikkust.<\/p>\n<h3>Laadurid<\/h3>\n<p>Esilaadurites h\u00f5lbustavad noolesilindrid koormate t\u00f5stmist ja t\u00fchjendamist. See funktsioon on ehitus- ja materjalik\u00e4itlust\u00f6\u00f6de puhul \u00fclioluline, tagades materjalide t\u00f5husa ja ohutu teisaldamise. Laadurite noolesilindrite t\u00f5husus on \u00fclioluline erinevates t\u00f6\u00f6stusharudes, sealhulgas ehituses ja j\u00e4\u00e4tmek\u00e4itluses.<\/p>\n<h2>Projekteerimiskaalutlused ja valikukriteeriumid<\/h2>\n<ul>\n<li><strong>Kandev\u00f5ime:<\/strong> Poomi silindri kandev\u00f5ime on selle konstruktsioonis kriitilise t\u00e4htsusega tegur. See peab suutma taluda maksimaalset eeldatavat raskust t\u00f6\u00f6tamise ajal ilma rikkeohtu ohtu seadmata. See n\u00f5uab hoolikat projekteerimist, et tagada materjalide ja ehitustehnikate vastavus konkreetsete rakenduste n\u00f5uetele.<\/li>\n<li><strong>Tihendus:<\/strong> H\u00fcdraulilise r\u00f5hu s\u00e4ilitamiseks ja lekete v\u00e4ltimiseks on oluline korralik tihendus. Konstruktsioon peab sisaldama kvaliteetseid tihendeid, n\u00e4iteks kolvitihendeid ja varrastihendeid, mis on valmistatud vastupidavatest materjalidest nagu pol\u00fcuretaan v\u00f5i nitriilkummi. Need tihendid kaitsevad saastumise eest ja pikendavad h\u00fcdraulikas\u00fcsteemi eluiga.<\/li>\n<li><strong>Vastupidavus:<\/strong> Poomi silindri pikaealisust m\u00f5jutavad kasutatud materjalid ja tootmiskvaliteet. Oluline on valida komponendid, mis taluvad kulumist ja keskkonnategureid, et tagada usaldusv\u00e4\u00e4rne j\u00f5udlus n\u00f5udlikes olukordades.<\/li>\n<li><strong>Ohutus:<\/strong> Katastroofiliste rikete v\u00e4ltimiseks tuleks konstruktsiooni integreerida ohutusfunktsioonid. See h\u00f5lmab tagamist, et balloon talub ootamatuid koormusi ja et operaatorite kaitsmiseks t\u00f6\u00f6tamise ajal on olemas ohutusmehhanismid.<\/li>\n<li><strong>Hoolduse ligip\u00e4\u00e4setavus:<\/strong> Konstruktsioon peaks v\u00f5imaldama h\u00f5lpsat hooldust ja kontrolli. Sellised omadused nagu eemaldatavad otsakorgid v\u00f5i juurdep\u00e4\u00e4suavad v\u00f5ivad h\u00f5lbustada rutiinseid kontrolle ja remonti, tagades ballooni parima t\u00f6\u00f6korras p\u00fcsimise.<\/li>\n<\/ul>\n<p><img decoding=\"async\" src=\"https:\/\/www.hydraulic-cylinders.net\/wp-content\/uploads\/2025\/04\/songte-oil-pipes-and-spare-parts.webp\" alt=\"H\u00fcdraulilised \u00f5litorud ja varuosad\" \/><\/p>\n<h2>Poomi silindrite tihendamine ja m\u00e4\u00e4rimine<\/h2>\n<p>T\u00f5hus tihendamine ja m\u00e4\u00e4rimine on poomi silindrite j\u00f5udluse ja pikaealisuse jaoks \u00fcliolulised. H\u00fcdraulilise r\u00f5hu s\u00e4ilitamisel m\u00e4ngivad olulist rolli mitmesugused tihenduskomponendid, sealhulgas kolvitihendid ja vardatihendid. Tihendid on tavaliselt valmistatud kulumiskindlatest materjalidest, nagu pol\u00fcuretaan ja nitriilkummi, mis pakuvad suurep\u00e4rast vastupidavust ja kaitset elementide eest. Lisaks l\u00e4bivad silindri korpus ja keermestatud otsad peene t\u00f6\u00f6tluse, et suurendada kulumiskindlust ja tagada tihe tihend.<\/p>\n<p>Regulaarne m\u00e4\u00e4rimine on vajalik h\u00f5\u00f5rdumise ja kulumise minimeerimiseks h\u00fcdraulikas\u00fcsteemis. Optimaalse j\u00f5udluse s\u00e4ilitamiseks on oluline silindrit perioodiliselt sobiva h\u00fcdraulika\u00f5liga t\u00e4ita. M\u00e4\u00e4rimise eiramine v\u00f5ib p\u00f5hjustada enneaegset kulumist ja rikkeid, mille tulemuseks on kulukad remondit\u00f6\u00f6d ja seisakud.<\/p>\n<h2>Regulaarne kontroll ja ennetav hooldus<\/h2>\n<ul>\n<li><strong>Regulaarsed kontrollid:<\/strong> Kulumis-, lekete- v\u00f5i kahjustuste m\u00e4rke tuleks regulaarselt kontrollida. Probleemide varajane avastamine v\u00f5imaldab \u00f5igeaegset remonti ja tagab ohutuse t\u00f6\u00f6 ajal.<\/li>\n<li><strong>Sobiv m\u00e4\u00e4rimine:<\/strong> M\u00e4\u00e4rimine tuleks l\u00e4bi viia vastavalt tootja soovitustele. H\u00fcdraulika\u00f5li puhtuse ja \u00f5ige taseme tagamine hoiab \u00e4ra t\u00f6\u00f6probleemid ja pikendab silindri eluiga.<\/li>\n<li><strong>Tihendi vahetamine:<\/strong> Tihendid tuleks v\u00e4lja vahetada, kui kulumisj\u00e4ljed on ilmnenud. Korralikult toimivad tihendid on h\u00fcdraulikas\u00fcsteemi efektiivsuse jaoks kriitilise t\u00e4htsusega, hoides \u00e4ra \u00f5lilekkeid ja s\u00e4ilitades r\u00f5hu.<\/li>\n<\/ul>\n<h2>Poomi silindrite paigaldusjuhised<\/h2>\n<p>Poomi silindrite \u00f5ige paigaldamine on optimaalse j\u00f5udluse saavutamiseks h\u00e4davajalik. Veenduge paigaldamise ajal, et silinder oleks \u00f5igesti joondatud; vale joondamine v\u00f5ib p\u00f5hjustada enneaegset kulumist ja rikkeid. Silindri kinnitamiseks paigale on soovitatav kasutada sobivaid kinnitusklambreid, et v\u00e4ltida liikumist v\u00f5i vibratsiooni, mis v\u00f5ib p\u00f5hjustada kahjustusi.<\/p>\n<p>Paigaldamise ajal p\u00f6\u00f6rake t\u00e4helepanu p\u00f6\u00f6rdemomendi spetsifikatsioonidele, et v\u00e4ltida \u00fclepingutamist, mis v\u00f5ib kahjustada silindri terviklikkust. Veenduge, et k\u00f5ik h\u00fcdraulilised \u00fchendused on kindlad ja lekkevabad ning kontrollige enne kasutamist, et h\u00fcdraulikavedeliku tase oleks \u00f5ige. Tootja paigaldusjuhiste j\u00e4rgimine aitab maksimeerida poomi silindri eluiga ja efektiivsust.<\/p>\n<h2>Poomi silindrite hooldust\u00f6\u00f6d<\/h2>\n<ul>\n<li><strong>Regulaarne j\u00e4lgimine:<\/strong> Kontrollige regulaarselt h\u00fcdraulikas\u00fcsteemi ja silindrit kulumise, lekete v\u00f5i kahjustuste suhtes. Tuvastage probleemid ja lahendage need viivitamatult, et v\u00e4ltida edasisi probleeme.<\/li>\n<li><strong>\u00d5ige m\u00e4\u00e4rimine:<\/strong> S\u00e4ilitage sobivad m\u00e4\u00e4rimisintervallid ja veenduge, et kasutate kvaliteetset h\u00fcdraulika\u00f5li. Regulaarne m\u00e4\u00e4rimine v\u00e4hendab h\u00f5\u00f5rdumist ja kulumist, parandades h\u00fcdraulikakomponentide j\u00f5udlust.<\/li>\n<li><strong>Tihendi vahetamine:<\/strong> J\u00e4lgige tihendite kulumisj\u00e4lgi ja vahetage need vastavalt vajadusele v\u00e4lja, et v\u00e4ltida lekkeid ja s\u00e4ilitada h\u00fcdrauliline r\u00f5hk. See on silindri efektiivsuse s\u00e4ilitamiseks \u00fclioluline.<\/li>\n<\/ul>\n<h2>Ohutuskaalutlused ja keskkonnategurid<\/h2>\n<p>H\u00fcdrauliliste s\u00fcsteemidega tegelemisel on ohutusmeetmed \u00fcliolulised. Operaatorid peaksid olema koolitatud m\u00f5istma h\u00fcdrauliliste masinatega seotud riske, sealhulgas v\u00f5imalikku \u00e4kilist r\u00f5hu vabanemist v\u00f5i lekkeid. N\u00f5uetekohaste ohutusprotokollide rakendamine, n\u00e4iteks isikukaitsevahendite (IKV) kasutamine ja piisava koolituse tagamine, aitab riske maandada.<\/p>\n<p>Arvesse tuleks v\u00f5tta ka keskkonnakaalutlusi. H\u00fcdrauliliste vedelike n\u00f5uetekohase k\u00e4itlemise ja k\u00f5rvaldamise tagamine minimeerib keskkonnam\u00f5ju ja vastab eeskirjadele. Regulaarne hooldus ja kiire remont on ohutuks t\u00f6\u00f6ks erinevates keskkonnatingimustes h\u00e4davajalikud.<\/p>\n<h2>Levinud probleemide t\u00f5rkeotsing<\/h2>\n<ul>\n<li><strong>H\u00fcdraulilised lekked:<\/strong> Lekkeid v\u00f5ib p\u00f5hjustada kulunud tihendid v\u00f5i kahjustatud voolikud. Kontrollige ja vahetage kahjustatud komponendid viivitamatult v\u00e4lja.<\/li>\n<li><strong>V\u00f5imsuse kaotus:<\/strong> Kui silinder ei t\u00f6\u00f6ta piisava j\u00f5uga, kontrollige, kas h\u00fcdraulikavedeliku tase on madal v\u00f5i kas h\u00fcdraulikavoolikutes on v\u00f5imalikke ummistusi.<\/li>\n<li><strong>Ebaj\u00e4rjekindel liikumine:<\/strong> See v\u00f5ib tuleneda \u00f5hust h\u00fcdros\u00fcsteemis v\u00f5i ebapiisavast m\u00e4\u00e4rimisest. \u00d5hutage h\u00fcdros\u00fcsteemi, et eemaldada l\u00f5ksus olev \u00f5hk ja tagada \u00f5ige m\u00e4\u00e4rimistase.<\/li>\n<\/ul>\n<h2>N\u00e4pun\u00e4ited t\u00f5husaks probleemide lahendamiseks<\/h2>\n<p>H\u00fcdrauliliste probleemide t\u00f5husaks diagnoosimiseks ja lahendamiseks alustage alati p\u00f5hjalikust \u00fclevaatusest. Otsige s\u00fcsteemist n\u00e4htavaid kulumise, lekete v\u00f5i takistuste m\u00e4rke. Regulaarne hooldus on probleemide ennetamiseks \u00fclioluline. Hooldustegevuste ja t\u00e4helepanekute logi pidamine aitab tuvastada mustreid ja korduvaid probleeme.<\/p>\n<p>Ennetusmeetmete rakendamine, n\u00e4iteks regulaarsed kontrollid ja \u00f5igeaegne remont, minimeerib seisakuid ja tagab h\u00fcdraulikas\u00fcsteemide t\u00f5husa t\u00f6\u00f6. T\u00e4psemate t\u00f5rkeotsingu n\u00f5uannete ja soovitatavate tavade saamiseks lugege alati tootja juhiseid.<\/p>\n<p><img decoding=\"async\" src=\"https:\/\/www.hydraulic-cylinders.net\/wp-content\/uploads\/2025\/04\/songte-bushings-with-all-kinds-of-excavator-models.webp\" alt=\"Ekskavaatorimudelite puksid\" \/><\/p>\n<h2>Meie ettev\u00f5ttest<\/h2>\n<p>Oleme spetsialiseerunud asendush\u00fcdrauliliste silindrite tootmisele ning oleme end nii sise- kui ka rahvusvahelistel turgudel juhtiva tootja ja hulgim\u00fc\u00fcjana sisse seadnud. Meie p\u00fchendumus tipptasemele peegeldub meie t\u00e4psetes tootmisjuhtimise strateegiates ning t\u00e4iustatud tehnoloogia ja tipptasemel masinate kasutamises.<\/p>\n<p>Oskuslike spetsialistide meeskonna ja kvaliteedile keskendumisega t\u00e4iustame pidevalt oma tootmisplatvormi, et rahuldada klientide mitmekesiseid vajadusi. Meie rahvusvahelised sertifikaadid ja eritellimusel teenused tugevdavad veelgi meie mainet selles valdkonnas, tagades, et vastame klientide ootustele ja \u00fcletame neid.<\/p>\n<p>Oleme uhked oma toodete efektiivsuse, t\u00e4psuse ja kvaliteedi \u00fcle, tagades oma klientidele parimad saadaolevad h\u00fcdraulilised lahendused.<\/p>\n<p><img decoding=\"async\" src=\"https:\/\/www.hydraulic-cylinders.net\/wp-content\/uploads\/2025\/04\/songte-company-4.webp\" alt=\"Ettev\u00f5tte \u00fclevaade\" \/><br \/>\n<img decoding=\"async\" src=\"https:\/\/www.hydraulic-cylinders.net\/wp-content\/uploads\/2025\/04\/songte-company-3.webp\" alt=\"Ettev\u00f5tte tootmine\" \/><\/p>\n<p>Autor: lyl<\/p>","protected":false},"excerpt":{"rendered":"<p>Boom Cylinder For Carter CT45-7B Introduction to Boom Cylinders The Boom Cylinder is a specialized hydraulic cylinder designed for controlling the motion of buckets in heavy machinery such as excavators, backhoe loaders, and front-end loaders. This vital component enables the lifting, lowering, and tilting of the bucket, which is essential for efficient material handling tasks. [&hellip;]<\/p>","protected":false},"featured_media":17872,"comment_status":"open","ping_status":"closed","template":"","meta":{"_et_pb_use_builder":"","_et_pb_old_content":"","_et_gb_content_width":""},"product_brand":[],"product_cat":[1546],"product_tag":[1547,1496],"class_list":{"0":"post-19519","1":"product","2":"type-product","3":"status-publish","4":"has-post-thumbnail","6":"product_cat-boom-cylinders","7":"product_tag-boom-cylinders","8":"product_tag-hydraulic-cylinders","10":"first","11":"instock","12":"shipping-taxable","13":"product-type-simple"},"amp_enabled":true,"_links":{"self":[{"href":"https:\/\/www.hydraulic-cylinders.net\/et\/wp-json\/wp\/v2\/product\/19519","targetHints":{"allow":["GET"]}}],"collection":[{"href":"https:\/\/www.hydraulic-cylinders.net\/et\/wp-json\/wp\/v2\/product"}],"about":[{"href":"https:\/\/www.hydraulic-cylinders.net\/et\/wp-json\/wp\/v2\/types\/product"}],"replies":[{"embeddable":true,"href":"https:\/\/www.hydraulic-cylinders.net\/et\/wp-json\/wp\/v2\/comments?post=19519"}],"wp:featuredmedia":[{"embeddable":true,"href":"https:\/\/www.hydraulic-cylinders.net\/et\/wp-json\/wp\/v2\/media\/17872"}],"wp:attachment":[{"href":"https:\/\/www.hydraulic-cylinders.net\/et\/wp-json\/wp\/v2\/media?parent=19519"}],"wp:term":[{"taxonomy":"product_brand","embeddable":true,"href":"https:\/\/www.hydraulic-cylinders.net\/et\/wp-json\/wp\/v2\/product_brand?post=19519"},{"taxonomy":"product_cat","embeddable":true,"href":"https:\/\/www.hydraulic-cylinders.net\/et\/wp-json\/wp\/v2\/product_cat?post=19519"},{"taxonomy":"product_tag","embeddable":true,"href":"https:\/\/www.hydraulic-cylinders.net\/et\/wp-json\/wp\/v2\/product_tag?post=19519"}],"curies":[{"name":"wp","href":"https:\/\/api.w.org\/{rel}","templated":true}]}}