{"id":19522,"date":"2025-04-07T06:52:25","date_gmt":"2025-04-07T06:52:25","guid":{"rendered":"https:\/\/www.hydraulic-cylinders.net\/product\/boom-cylinder-for-carter-ct240-8c\/"},"modified":"2025-04-07T06:52:28","modified_gmt":"2025-04-07T06:52:28","slug":"boom-cylinder-for-carter-ct240-8c","status":"publish","type":"product","link":"https:\/\/www.hydraulic-cylinders.net\/et\/toode\/boom-cylinder-for-carter-ct240-8c\/","title":{"rendered":"Poomi silinder Carterile CT240-8C"},"content":{"rendered":"<h1>Poomi silinder Carterile CT240-8C<\/h1>\n<h2>Sissejuhatus poomi silindritesse<\/h2>\n<p>Poomi silinder, eriti Carter CT240-8C jaoks, on oluline h\u00fcdrauliline komponent, mis on loodud koppade liikumise juhtimiseks erinevates rasketehnikas, sealhulgas ekskavaatorites, laadur-ekskavaatorites ja esilaadurites. See h\u00fcdrauliline silinder v\u00f5imaldab koppa t\u00f5sta, langetada ja kallutada, h\u00f5lbustades seel\u00e4bi materjalide k\u00e4itlemise \u00fclesandeid t\u00f5husalt. Poomi silindrid on nende masinate t\u00f6\u00f6v\u00f5ime suurendamisel \u00fcliolulised, v\u00f5imaldades neil keerulisi \u00fclesandeid h\u00f5lpsalt t\u00e4ita.<\/p>\n<p><img decoding=\"async\" src=\"https:\/\/www.hydraulic-cylinders.net\/wp-content\/uploads\/2025\/04\/songte-company-1.webp\" alt=\"Poomi silindri pilt\" \/><\/p>\n<h3>Funktsioon ja rakendused<\/h3>\n<p>H\u00fcdraulilise silindri t\u00fc\u00fcbina m\u00e4ngib noole silinder h\u00fcdraulikas\u00fcsteemides olulist rolli. See vastutab peamiselt h\u00fcdraulilise energia muundamise eest mehaaniliseks energiaks, v\u00f5imaldades rasketel masinatel t\u00f5husalt liikuda. Noole silindrite rakendusala h\u00f5lmab erinevaid sektoreid, sealhulgas ehitust ja p\u00f5llumajandust. Need on \u00fcliolulised sellistes \u00fclesannetes nagu kaevamine, laadimine ja materjalide transport. T\u00e4nu oma v\u00f5imele taluda m\u00e4rkimisv\u00e4\u00e4rset raskust ja tagada t\u00e4psed liigutused on noole silindrid t\u00e4nap\u00e4evastes masinates asendamatud.<\/p>\n<h2>Poomi silindri omadused<\/h2>\n<ul>\n<li><strong>Suur tugevus ja vastupidavus:<\/strong> Need silindrid on valmistatud \u00fclitugevast terasest v\u00f5i alumiiniumist ning taluvad k\u00f5rget r\u00f5hku ja suuri koormusi, mist\u00f5ttu sobivad need ka karmidesse t\u00f6\u00f6keskkondadesse.<\/li>\n<li><strong>T\u00f5hus h\u00fcdrauliline t\u00f6\u00f6:<\/strong> H\u00fcdraulilise \u00f5li r\u00f5hu kasutamine v\u00f5imaldab sujuvat pikendamist ja tagasit\u00f5mbamist, pakkudes v\u00f5imsat t\u00f5uke- ja t\u00f5mbej\u00f5udu, mis sobib ideaalselt raskete ja keerukate \u00fclesannete jaoks.<\/li>\n<li><strong>Erinevad t\u00fc\u00fcbid:<\/strong> Saadaval \u00fche- v\u00f5i kahetoimelise konstruktsioonina, et rahuldada erinevaid t\u00f6\u00f6vajadusi, m\u00f5ned mudelid pakuvad teleskoopvalikuid suurema ulatuse saavutamiseks ilma v\u00e4lism\u00f5\u00f5tmeid suurendamata.<\/li>\n<li><strong>Hoolduss\u00f5bralik disain:<\/strong> Loodud komponentidele h\u00f5lpsaks juurdep\u00e4\u00e4suks, h\u00f5lbustades rutiinset hooldust ja teenindust.<\/li>\n<li><strong>Korrosioonikindlus:<\/strong> Paljud poomi silindrid on t\u00f6\u00f6deldud rooste- ja korrosioonikindlaks, tagades pikaealisuse ja t\u00f6\u00f6kindluse erinevates tingimustes.<\/li>\n<\/ul>\n<p>Meie toodame seda toodet ja meie pakkumised suudavad neid h\u00fcdrosilindreid ideaalselt asendada.<\/p>\n<p><img decoding=\"async\" src=\"https:\/\/www.hydraulic-cylinders.net\/wp-content\/uploads\/2025\/04\/songte-cylinder-head-with-all-kinds-excavator-models.webp\" alt=\"H\u00fcdraulilise silindri vahetamine\" \/><\/p>\n<h2>Poomisilindrite rakendusstsenaariumid<\/h2>\n<h3>Ehitustehnika<\/h3>\n<p>Ekskavaatorites on noolesilindrid olulised kaevamiseks, laadimiseks ja mulla v\u00f5i prahi teisaldamiseks. Nende mehaaniline hoovaj\u00f5ud v\u00f5imaldab operaatoritel t\u00f5husalt kaevata ja materjale soovitud kohtadesse transportida. Ekskavaator-laadurites aitavad need silindrid nii kaevamis- kui ka t\u00f5stet\u00f6\u00f6del, suurendades ehitusplatside tootlikkust.<\/p>\n<h3>P\u00f5llumajandustehnika<\/h3>\n<p>Esilaadurites on noolesilindrid \u00fcliolulised mulla, heina ja muude materjalide kopeerimiseks, t\u00f5stmiseks ja transportimiseks. Nende v\u00f5ime t\u00f6\u00f6tada raskete koormate all muudab need ideaalseks p\u00f5llumajandust\u00f6\u00f6deks, mis n\u00f5uavad puistematerjalide t\u00f5husat teisaldamist.<\/p>\n<h3>Ekskavaatorid<\/h3>\n<p>Ekskavaatorid kasutavad pinnasesse t\u00f5husaks tungimiseks noole silindreid, v\u00f5imaldades s\u00fcgavat kaevamist ja materjali eemaldamist. See funktsioon on oluline mitmesuguste ehitus- ja haljastusprojektide puhul, kus on vaja m\u00e4rkimisv\u00e4\u00e4rset s\u00fcgavust ja t\u00e4psust.<\/p>\n<h3>Laadurid<\/h3>\n<p>Esilaaduritel aitavad noolesilindrid koormaid t\u00f5husalt t\u00f5sta ja t\u00fchjendada. Nende konstruktsioon toetab kiiret ja t\u00f5husat t\u00f6\u00f6d, mis on \u00fclioluline ajatundlike \u00fclesannete puhul t\u00f6\u00f6keskkonnas.<\/p>\n<h2>Projekteerimiskaalutlused ja valikukriteeriumid<\/h2>\n<h3>Kandev\u00f5ime<\/h3>\n<p>Poomi silindrite projekteerimisel on kandev\u00f5ime esmat\u00e4htis kaalutlus. On oluline tagada, et silinder suudaks taluda maksimaalset raskust, millega see t\u00f6\u00f6tamise ajal kokku puutub. See h\u00f5lmab vastupidavate materjalide ja insenerispetsifikatsioonide kasutamist, et tagada silindri t\u00f6\u00f6kindlus koormuse all.<\/p>\n<h3>Tihendi terviklikkus<\/h3>\n<p>H\u00fcdrauliliste silindrite puhul on tihendamine kriitilise t\u00e4htsusega, kuna see hoiab \u00e4ra \u00f5lilekke ja hoiab r\u00f5hu \u00fcleval. Silindri pikaealisuse ja efektiivsuse tagamiseks tuleb valida t\u00f5husad tihendusmehhanismid, sealhulgas kolvitihendid ja vardatihendid. Tihendust\u00f5hususe suurendamiseks kasutatakse tavaliselt mitmesuguseid materjale, n\u00e4iteks pol\u00fcuretaani ja nitriilkummi.<\/p>\n<h3>Vastupidavus<\/h3>\n<p>Vastupidavus on poomi silindrite puhul oluline, kuna need puutuvad sageli kokku karmide t\u00f6\u00f6tingimustega. Silindri vastupidavuse tagamiseks kulumisele aja jooksul tuleks hinnata selliseid tegureid nagu materjalivalik, pinnat\u00f6\u00f6tlus ja konstruktsioonielemendid.<\/p>\n<h3>Turvaelemendid<\/h3>\n<p>H\u00fcdrauliliste silindrite projekteerimisel on ohutus esmat\u00e4htis. Selliste omaduste nagu r\u00f5huvabastusventiilid ja ohutuslukud lisamine aitab v\u00e4ltida \u00f5nnetusi ja tagada ohutu t\u00f6\u00f6. Riskide maandamiseks on olulised regulaarsed ohutushindamised ja t\u00f6\u00f6stusstandardite j\u00e4rgimine.<\/p>\n<h3>Kasutusk\u00f5lblikkuse s\u00e4ilitamine<\/h3>\n<p>Hooldatavust silmas pidades projekteerimine t\u00e4hendab balloonide loomist, mida on lihtne hooldada ja parandada. See h\u00f5lmab komponentide ligip\u00e4\u00e4setavuse ja kulunud osade vahetamise v\u00f5imaluse arvestamist ilma ulatusliku lahtiv\u00f5tmiseta, mis aitab hooldust\u00f6\u00f6del aega ja kulusid kokku hoida.<\/p>\n<p><img decoding=\"async\" src=\"https:\/\/www.hydraulic-cylinders.net\/wp-content\/uploads\/2025\/04\/songte-oil-pipes-and-spare-parts.webp\" alt=\"H\u00fcdrauliliste silindrite osad\" \/><\/p>\n<h2>Tihendus ja m\u00e4\u00e4rimine<\/h2>\n<p>Erinevate tihenduselementide, n\u00e4iteks kolvitihendite ja varrastihendite kasutamine on noolesilindrite t\u00f5husa t\u00f6\u00f6 tagamiseks \u00fclioluline. Vastupidavatest materjalidest, nagu pol\u00fcuretaan ja nitriilkummi, valmistatud tihendid pakuvad suurep\u00e4rast kulumiskindlust, tagades pikaealisuse. Silindri korpus ja keermestatud otsad l\u00e4bivad hoolika t\u00f6\u00f6tluse, et suurendada kulumiskindlust, mis on h\u00fcdraulika efektiivsuse s\u00e4ilitamiseks \u00fclioluline. H\u00f5\u00f5rdumise minimeerimiseks ja sujuva t\u00f6\u00f6 tagamiseks on vajalik regulaarne m\u00e4\u00e4rimine sobiva h\u00fcdraulika\u00f5liga.<\/p>\n<h2>Ennetavad hooldusmeetmed<\/h2>\n<ul>\n<li><strong>Regulaarsed kontrollid:<\/strong> Tehke plaanilisi kontrolle, et tuvastada potentsiaalsed probleemid enne, kui need olulisteks muutuma hakkavad. See h\u00f5lmab lekete, kulumise ja muude kahjustuste kontrollimist.<\/li>\n<li><strong>Sobiv m\u00e4\u00e4rimine:<\/strong> Veenduge, et h\u00fcdraulika\u00f5li oleks piisavalt t\u00e4idetud ja hooldatud, kuna ebapiisav m\u00e4\u00e4rimine v\u00f5ib p\u00f5hjustada komponentide suuremat kulumist ja enneaegset riket.<\/li>\n<li><strong>Tihendi vahetamine:<\/strong> Lekete v\u00e4ltimiseks ja s\u00fcsteemi t\u00f5hususe s\u00e4ilitamiseks kontrollige ja vajadusel vahetage tihendeid regulaarselt.<\/li>\n<\/ul>\n<h2>N\u00f5uetekohased paigaldusjuhised<\/h2>\n<p>Poomi silindrite edukaks paigaldamiseks veenduge \u00f5ige joonduse vastava masinaga. See aitab v\u00e4ltida silindri tarbetut koormust ja parandada t\u00f6\u00f6 efektiivsust. Silindri kindla kinnitamise tagamiseks on oluline kasutada sobivaid kinnitusklambreid. Paigaldamise ajal on \u00fclioluline j\u00e4rgida tootja spetsifikatsioone p\u00f6\u00f6rdemomendi s\u00e4tete kohta. P\u00e4rast paigaldamist tuleks teha p\u00f5hjalik kontroll, et veenduda k\u00f5igi \u00fchenduste tiheduses ja h\u00fcdros\u00fcsteemi lekete puudumises. Samuti on oluline j\u00e4rgida tootja juhistes s\u00e4testatud sisset\u00f6\u00f6tamisperioodi, et silinder saaks sujuvalt t\u00f6\u00f6ks kohaneda.<\/p>\n<h2>Levinumad hooldust\u00f6\u00f6d<\/h2>\n<ul>\n<li><strong>Regulaarsed kontrollid:<\/strong> Kontrollige regulaarselt poomi silindreid kulumise, lekete v\u00f5i kahjustuste suhtes. Varajane avastamine aitab v\u00e4ltida katastroofilisi rikkeid.<\/li>\n<li><strong>\u00d5ige m\u00e4\u00e4rimine:<\/strong> S\u00e4ilitage piisav m\u00e4\u00e4rimine, kontrollides regulaarselt \u00f5litaset ja tagades \u00f5iget t\u00fc\u00fcpi h\u00fcdraulika\u00f5li kasutamise.<\/li>\n<li><strong>Tihendi vahetamine ja kalibreerimise kontrollimine:<\/strong> Aja jooksul v\u00f5ivad tihendid kuluda ja need tuleb v\u00e4lja vahetada. Kalibreerimine tagab silindri t\u00f6\u00f6tamise etten\u00e4htud parameetrite piires.<\/li>\n<\/ul>\n<h2>Ohutuskaalutlused ja keskkonnategurid<\/h2>\n<p>Poomi silindrite k\u00e4itamisel on ohutusmeetmed \u00fcliolulised nii seadmete kui ka personali kaitsmiseks. Ohutusprotokollide lisamine t\u00f6\u00f6tamise ajal aitab leevendada h\u00fcdraulikas\u00fcsteemidega seotud riske. Keskkonnategurid m\u00e4ngivad silindri j\u00f5udluses samuti olulist rolli, kuna \u00e4\u00e4rmuslikud temperatuurid v\u00f5i kokkupuude s\u00f6\u00f6vitavate ainetega v\u00f5ivad m\u00f5jutada h\u00fcdraulikakomponentide eluiga ja efektiivsust.<\/p>\n<h2>Veaotsing ja levinud probleemid<\/h2>\n<ul>\n<li><strong>Leke:<\/strong> H\u00fcdraulikavedeliku leke v\u00f5ib viidata tihendi rikkele v\u00f5i silindri kahjustusele. J\u00f5udluse languse v\u00e4ltimiseks on vaja kohe kontrollida ja parandada.<\/li>\n<li><strong>Aeglane liikumine:<\/strong> Kui poomi silinder liigub aeglaselt, v\u00f5ib see olla tingitud ebapiisavast h\u00fcdraulikavedelikust v\u00f5i s\u00fcsteemi ummistustest. Kontrollige vedeliku taset ja otsige takistusi.<\/li>\n<li><strong>Liikumine puudub:<\/strong> T\u00e4ielik liikumise puudumine v\u00f5ib tuleneda h\u00fcdraulikavoolikutes olevast \u00f5hust v\u00f5i rikkis pumbast. S\u00fcsteemi \u00f5hutamine v\u00f5i pumba kontrollimine v\u00f5ib need probleemid lahendada.<\/li>\n<\/ul>\n<h2>Veaotsingu n\u00e4pun\u00e4ited<\/h2>\n<p>Poomi silindrite probleemide t\u00f5husaks diagnoosimiseks ja lahendamiseks j\u00e4rgige s\u00fcstemaatilist l\u00e4henemisviisi. Esmalt kontrollige n\u00e4htavaid lekke v\u00f5i kahjustuste m\u00e4rke. Seej\u00e4rel kontrollige h\u00fcdraulikavedeliku taset ja kvaliteeti, kuna halb vedelik v\u00f5ib p\u00f5hjustada j\u00f5udlusprobleeme. Tootja t\u00f5rkeotsingu juhendiga tutvumine v\u00f5ib anda lisateavet. Ennetava hoolduse rakendamine v\u00f5ib oluliselt v\u00e4hendada nende probleemide tekkimise t\u00f5en\u00e4osust.<\/p>\n<p><img decoding=\"async\" src=\"https:\/\/www.hydraulic-cylinders.net\/wp-content\/uploads\/2025\/04\/songte-bushings-with-all-kinds-of-excavator-models.webp\" alt=\"Ekskavaatori puksid\" \/><\/p>\n<h2>Meie ettev\u00f5ttest<\/h2>\n<p>Oleme tootja, mis on spetsialiseerunud asendush\u00fcdrauliliste silindrite tootmisele ja pakub laia tootevalikut. Meie ettev\u00f5te on positsioneerinud end juhtiva h\u00fcdrauliliste silindrite tootja ja hulgim\u00fc\u00fcjana nii sise- kui ka rahvusvahelistel turgudel. Meie p\u00fchendumus kvaliteedile on ajendatud t\u00e4iustatud tootmisjuhtimise strateegiast. Meie keskendumine tehnoloogilisele talendile, t\u00e4iustatud tootmisseadmetele ja spetsialiseeritud testimiss\u00fcsteemidele t\u00e4iustab pidevalt meie tootmisv\u00f5imalusi, tagades k\u00f5rge efektiivsuse, t\u00e4psuse ja kvaliteedi, et rahuldada klientide mitmekesiseid vajadusi.<\/p>\n<p><img decoding=\"async\" src=\"https:\/\/www.hydraulic-cylinders.net\/wp-content\/uploads\/2025\/04\/songte-company-4.webp\" alt=\"Ettev\u00f5tte \u00fclevaade\" \/><br \/>\n<img decoding=\"async\" src=\"https:\/\/www.hydraulic-cylinders.net\/wp-content\/uploads\/2025\/04\/songte-company-3.webp\" alt=\"Ettev\u00f5tte rajatised\" \/><\/p>\n<p>Meie asjatundlikkus h\u00f5lmab professionaalseid teenuseid, rahvusvahelisi sertifikaate, kohandatud lahendusi, tipptasemel tootmisseadmeid ja igak\u00fclgset m\u00fc\u00fcgij\u00e4rgset tuge, tagades klientide vajaduste t\u00f5husa rahuldamise.<\/p>\n<p>Autor: lyl<\/p>","protected":false},"excerpt":{"rendered":"<p>Boom Cylinder For Carter CT240-8C Introduction to Boom Cylinders The Boom Cylinder, particularly for the Carter CT240-8C, is an essential hydraulic component designed for controlling the movement of buckets in various heavy machinery, including excavators, backhoe loaders, and front-end loaders. This hydraulic cylinder allows the bucket to lift, lower, and tilt, thereby facilitating material handling [&hellip;]<\/p>","protected":false},"featured_media":17875,"comment_status":"open","ping_status":"closed","template":"","meta":{"_et_pb_use_builder":"","_et_pb_old_content":"","_et_gb_content_width":""},"product_brand":[],"product_cat":[1546],"product_tag":[1547,1496],"class_list":{"0":"post-19522","1":"product","2":"type-product","3":"status-publish","4":"has-post-thumbnail","6":"product_cat-boom-cylinders","7":"product_tag-boom-cylinders","8":"product_tag-hydraulic-cylinders","10":"first","11":"instock","12":"shipping-taxable","13":"product-type-simple"},"amp_enabled":true,"_links":{"self":[{"href":"https:\/\/www.hydraulic-cylinders.net\/et\/wp-json\/wp\/v2\/product\/19522","targetHints":{"allow":["GET"]}}],"collection":[{"href":"https:\/\/www.hydraulic-cylinders.net\/et\/wp-json\/wp\/v2\/product"}],"about":[{"href":"https:\/\/www.hydraulic-cylinders.net\/et\/wp-json\/wp\/v2\/types\/product"}],"replies":[{"embeddable":true,"href":"https:\/\/www.hydraulic-cylinders.net\/et\/wp-json\/wp\/v2\/comments?post=19522"}],"wp:featuredmedia":[{"embeddable":true,"href":"https:\/\/www.hydraulic-cylinders.net\/et\/wp-json\/wp\/v2\/media\/17875"}],"wp:attachment":[{"href":"https:\/\/www.hydraulic-cylinders.net\/et\/wp-json\/wp\/v2\/media?parent=19522"}],"wp:term":[{"taxonomy":"product_brand","embeddable":true,"href":"https:\/\/www.hydraulic-cylinders.net\/et\/wp-json\/wp\/v2\/product_brand?post=19522"},{"taxonomy":"product_cat","embeddable":true,"href":"https:\/\/www.hydraulic-cylinders.net\/et\/wp-json\/wp\/v2\/product_cat?post=19522"},{"taxonomy":"product_tag","embeddable":true,"href":"https:\/\/www.hydraulic-cylinders.net\/et\/wp-json\/wp\/v2\/product_tag?post=19522"}],"curies":[{"name":"wp","href":"https:\/\/api.w.org\/{rel}","templated":true}]}}