{"id":19523,"date":"2025-04-07T06:52:28","date_gmt":"2025-04-07T06:52:28","guid":{"rendered":"https:\/\/www.hydraulic-cylinders.net\/product\/boom-cylinder-for-carter-ct330-8c\/"},"modified":"2025-04-07T06:52:37","modified_gmt":"2025-04-07T06:52:37","slug":"boom-cylinder-for-carter-ct330-8c","status":"publish","type":"product","link":"https:\/\/www.hydraulic-cylinders.net\/et\/toode\/boom-cylinder-for-carter-ct330-8c\/","title":{"rendered":"Poomi silinder Carterile CT330-8C"},"content":{"rendered":"<h1>Poomi silinder Carterile CT330-8C<\/h1>\n<h2>Sissejuhatus poomi silindrisse<\/h2>\n<p>Carter CT330-8C poomi silinder on spetsiaalne h\u00fcdrauliline silinder, mis on loodud kopa liikumise juhtimiseks erinevatel rasketel masinatel, n\u00e4iteks ekskavaatoritel, laaduritel ja esilaaduritel. See h\u00fcdrauliline komponent on \u00fclioluline toimingute puhul, mis h\u00f5lmavad kopa t\u00f5stmist, langetamist ja kallutamist, h\u00f5lbustades seel\u00e4bi t\u00f5husat materjali k\u00e4itlemist.<\/p>\n<p>H\u00fcdraulilised silindrid, sealhulgas noole silindrid, m\u00e4ngivad h\u00fcdraulikas\u00fcsteemides olulist rolli. Need muudavad h\u00fcdraulilise energia mehaaniliseks energiaks, v\u00f5imaldades sujuvat ja kontrollitud liikumist, mis on vajalik rasketehnika jaoks. Noole silinder on eriti oluline ehitus- ja p\u00f5llumajandust\u00f6\u00f6stuses, kus on vaja rasket t\u00f5stmist ja t\u00e4pset liikumist.<\/p>\n<p><img decoding=\"async\" src=\"https:\/\/www.hydraulic-cylinders.net\/wp-content\/uploads\/2025\/04\/songte-company-1.webp\" alt=\"Poomi silinder\"><\/p>\n<h2>Poomi silindri omadused<\/h2>\n<ul>\n<li><strong>Suur tugevus ja vastupidavus:<\/strong> Tavaliselt \u00fclitugevast terasest v\u00f5i alumiiniumist valmistatud silindrid taluvad k\u00f5rget r\u00f5hku ja suuri koormusi, kohandudes samal ajal karmide t\u00f6\u00f6keskkondadega. Nende eluea pikendamiseks on nende konstrueerimisel peetud silmas kulumiskindlust ja korrosioonikindlust.<\/li>\n<li><strong>T\u00f5hus h\u00fcdrauliline t\u00f6\u00f6:<\/strong> H\u00fcdraulika\u00f5li r\u00f5hku kasutades tagab poomi silinder sujuva pikenemise ja tagasit\u00f5mbamise, v\u00f5imaldades kiiret reageerimist juhtimisk\u00e4sklustele ning v\u00f5imsate t\u00f5uke- ja t\u00f5mbej\u00f5udude teket, mis sobivad raskete materjalide ja keerukate \u00fclesannete k\u00e4sitsemiseks.<\/li>\n<li><strong>Erinevad t\u00fc\u00fcbid:<\/strong> Kliendid saavad valida \u00fchetoimeliste (h\u00fcdrauliline toimimine \u00fches suunas) v\u00f5i kahetoimeliste (h\u00fcdrauliline toimimine m\u00f5lemas suunas) silindrite vahel, et rahuldada erinevaid t\u00f6\u00f6vajadusi. Teatud mudelid on teleskoopilised, v\u00f5imaldades suuremat pikendamist ilma v\u00e4lism\u00f5\u00f5tmeid suurendamata, mis sobib ideaalselt ruumipiirangutega rakenduste jaoks.<\/li>\n<li><strong>Kohandatavad lahendused:<\/strong> Me valmistame seda toodet olemasolevate h\u00fcdrosilindrite ideaalseks asendamiseks, tagades \u00fchilduvuse ja j\u00f5udluse.<\/li>\n<li><strong>Vastupidav disain:<\/strong> T\u00e4iustatud inseneritehnikaid kasutades on noole silinder ehitatud kestma, pakkudes t\u00f6\u00f6kindlust n\u00f5udlikes olukordades.<\/li>\n<\/ul>\n<p><img decoding=\"async\" src=\"https:\/\/www.hydraulic-cylinders.net\/wp-content\/uploads\/2025\/04\/songte-cylinder-head-with-all-kinds-excavator-models.webp\" alt=\"Carter CT330-8C poomi silinder\"><\/p>\n<h2>Poomi silindri rakendused<\/h2>\n<h3>Ehitustehnika<\/h3>\n<p>Ehitusmasinates on noolesilindrid ekskavaatorite lahutamatu osa, kuna need h\u00f5lbustavad kaevamist, laadimist ja pinnase v\u00f5i prahi teisaldamist. Ekskavaator-laadurites abistab kopa silinder nii kaevamis- kui ka t\u00f5stet\u00f6\u00f6del, muutes selle ehitusprojektides asendamatuks.<\/p>\n<h3>P\u00f5llumajandustehnika<\/h3>\n<p>Esilaadurites on noolesilindrid olulised mulla, heina ja muude materjalide kopeerimiseks, t\u00f5stmiseks ja transportimiseks. Nende t\u00f6\u00f6kindlus tagab p\u00f5llumajandust\u00f6\u00f6de t\u00f5husa teostamise, suurendades talude tootlikkust.<\/p>\n<h3>Ekskavaatorid<\/h3>\n<p>Ekskavaatorites v\u00f5imaldab noole silinder kopal pinnasesse tungida, h\u00f5lbustades t\u00f5husat kaevamist. Selle t\u00e4pne juhtimine v\u00f5imaldab operaatoritel teha detailseid kaevet\u00f6id, mis on olulised platsi ettevalmistamisel ja haljastuse kujundamisel.<\/p>\n<h3>Laadurid<\/h3>\n<p>Esilaadurites aitavad noolesilindrid materjalide t\u00f5husale t\u00f5stmisele ja t\u00fchjendamisele kaasa. Nende v\u00f5imas j\u00f5udlus tagab raskete koormate h\u00f5lpsa ja t\u00e4pse k\u00e4sitsemise, v\u00e4hendades t\u00f6\u00f6aega ja suurendades efektiivsust.<\/p>\n<h2>Projekteerimiskaalutlused ja valikukriteeriumid<\/h2>\n<h3>Kandev\u00f5ime<\/h3>\n<p>Kandev\u00f5ime on noole silindri valimisel kriitilise t\u00e4htsusega tegur. Iga silinder peab suutma taluda konkreetset raskust, mida see t\u00f5stab v\u00f5i liigutab. Masina spetsifikatsioonidel ja t\u00f6\u00f6n\u00f5uetel p\u00f5hinevad korrektsed arvutused tagavad ohutuse ja efektiivsuse.<\/p>\n<h3>Tihendusmehhanismid<\/h3>\n<p>T\u00f5husad tihendusmehhanismid on h\u00fcdraulilise vedeliku lekete v\u00e4ltimiseks ja r\u00f5hu s\u00e4ilitamiseks h\u00e4davajalikud. Kvaliteetsed tihendid, mis taluvad \u00e4\u00e4rmuslikke temperatuure ja r\u00f5hku, pikendavad silindri eluiga ja tagavad optimaalse j\u00f5udluse.<\/p>\n<h3>Vastupidavus<\/h3>\n<p>Poomisilindrite projekteerimisel on vastupidavus esmat\u00e4htis. Need peavad olema valmistatud materjalidest, mis on aja jooksul kulumis-, korrosiooni- ja v\u00e4simuskindlad, tagades nende t\u00f6\u00f6kindluse ka karmides tingimustes ja suure koormuse korral.<\/p>\n<h3>Turvaelemendid<\/h3>\n<p>Ohutus on h\u00fcdrauliliste silindrite projekteerimisel v\u00f5tmet\u00e4htsusega. Sellised omadused nagu \u00fclekoormuskaitse ja kaitseklapid aitavad v\u00e4ltida \u00f5nnetusi ja seadmete rikkeid, kaitstes nii operaatoreid kui ka masinaid t\u00f6\u00f6tamise ajal.<\/p>\n<h3>Hooldatavus<\/h3>\n<p>Valige konstruktsioonid, mis v\u00f5imaldavad h\u00f5lpsat hooldust ja remonti. Oluliste komponentide ligip\u00e4\u00e4setavus kontrollimiseks, tihendite vahetamiseks ja m\u00e4\u00e4rimiseks tagab silindri pikaealisuse ja t\u00f6\u00f6kindluse.<\/p>\n<p><img decoding=\"async\" src=\"https:\/\/www.hydraulic-cylinders.net\/wp-content\/uploads\/2025\/04\/songte-oil-pipes-and-spare-parts.webp\" alt=\"H\u00fcdrauliliste silindrite komponendid\"><\/p>\n<h2>Tihendus ja m\u00e4\u00e4rimine<\/h2>\n<p>Poomi silindri efektiivsus s\u00f5ltub suuresti selle tihendus- ja m\u00e4\u00e4rimiss\u00fcsteemidest. H\u00fcdraulilise r\u00f5hu s\u00e4ilitamiseks ja vedelikulekete v\u00e4ltimiseks on \u00fcliolulised mitmesugused tihendid, n\u00e4iteks kolvitihendid ja vardatihendid. Need tihendid on tavaliselt valmistatud vastupidavatest materjalidest nagu pol\u00fcuretaan ja nitriilkummi, mis pakuvad suurep\u00e4rast kulumiskindlust.<\/p>\n<p>Silindri korpus ja keermestatud otsapinnad l\u00e4bivad hoolika viimistlusprotsessi, et suurendada nende vastupidavust ja kulumiskindlust. Regulaarne m\u00e4\u00e4rimine h\u00fcdraulika\u00f5liga on oluline h\u00f5\u00f5rdumise ja kulumise v\u00e4hendamiseks, tagades sujuva t\u00f6\u00f6 ja pikendades silindri eluiga.<\/p>\n<h2>Regulaarne kontroll ja ennetav hooldus<\/h2>\n<ul>\n<li><strong>Perioodilised kontrollid:<\/strong> Poomi silindri regulaarne kontrollimine kulumise, lekete ja kahjustuste suhtes on t\u00f6\u00f6korras p\u00fcsimise seisukohalt \u00fclioluline. Kontrollige tihendeid, voolikuid ja \u00fchendusi ning vahetage k\u00f5ik kulunud komponendid viivitamatult v\u00e4lja.<\/li>\n<li><strong>\u00d5ige m\u00e4\u00e4rimine:<\/strong> Veenduge, et h\u00fcdraulika\u00f5li tase on \u00f5ige ja et m\u00e4\u00e4rimine toimub vastavalt tootja juhistele, et v\u00e4ltida liigset kulumist ja \u00fclekuumenemist.<\/li>\n<li><strong>Tihendi vahetamine:<\/strong> Tihendite regulaarne vahetamine aitab v\u00e4ltida lekkeid ja tagada silindri t\u00f5husa t\u00f6\u00f6. Planeerige vahetus vastavalt kasutussagedusele ja keskkonnatingimustele.<\/li>\n<\/ul>\n<h2>Paigaldusjuhised<\/h2>\n<p>Poomi silindri \u00f5ige paigaldamine on selle optimaalse t\u00f6\u00f6 tagamiseks h\u00e4davajalik. Alustage veendumisest, et kinnituspinnad on puhtad ja prahist vabad. Kasutage silindri \u00f5igeks joondamiseks sobivaid joondamist\u00f6\u00f6riistu, et v\u00e4ltida silindri ja \u00fchendatud komponentide tarbetut pinget ja kulumist. Kinnitage silinder sobivate kinnitusklambritega, veendudes, et see on kindlalt paigas. Paigaldamise ajal kontrollige h\u00fcdraulika\u00fchendusi lekete suhtes ja testige s\u00fcsteemi enne t\u00e4ielikku t\u00f6\u00f6le panemist kontrollitud tingimustes.<\/p>\n<h2>Levinumad hooldust\u00f6\u00f6d<\/h2>\n<h3>Perioodilised \u00fclevaatused<\/h3>\n<p>Poomi silindri regulaarne kontroll on oluline v\u00f5imalike probleemide tuvastamiseks enne nende s\u00fcvenemist. Rutiinsete kontrollide k\u00e4igus kontrollige lekkeid, ebatavalisi helisid ja kulumisj\u00e4lgi. See ennetav l\u00e4henemisviis tagab silindri t\u00f6\u00f6korras ja ohutu p\u00fcsimise.<\/p>\n<h3>Sobiv m\u00e4\u00e4rimine<\/h3>\n<p>N\u00f5uetekohase m\u00e4\u00e4rimise s\u00e4ilitamine on poomi silindri sujuva t\u00f6\u00f6 tagamiseks \u00fclioluline. Kasutage kvaliteetset h\u00fcdraulika\u00f5li ja veenduge, et see oleks t\u00e4idetud tootja soovitatud tasemeni. Kontrollige regulaarselt h\u00fcdraulika\u00f5li saastumise v\u00f5i lagunemise suhtes ja vajadusel vahetage see v\u00e4lja.<\/p>\n<h3>Tihendi vahetamine ja kalibreerimise kontrollimine<\/h3>\n<p>Vahetage tihendeid regulaarselt, et v\u00e4ltida lekkeid ja s\u00e4ilitada h\u00fcdrauliline terviklikkus. Kalibreerimiskontrollid tagavad, et poomi silinder t\u00f6\u00f6tab etten\u00e4htud parameetrite piires. Nende \u00fclesannete puhul soovitatud protseduuride ja ajakavade j\u00e4rgimine pikendab oluliselt silindri eluiga ja j\u00f5udlust.<\/p>\n<p><img decoding=\"async\" src=\"https:\/\/www.hydraulic-cylinders.net\/wp-content\/uploads\/2025\/04\/songte-chushion-collar.webp\" alt=\"Poomi silindri padjakaelus\"><\/p>\n<h2>Ohutuskaalutlused ja keskkonnategurid<\/h2>\n<p>H\u00fcdrauliliste silindrite k\u00e4itamisel on ohutusmeetmed \u00fcliolulised. Operaatorid peaksid olema koolitatud \u00e4ra tundma h\u00fcdraulikas\u00fcsteemidega seotud ohte, sealhulgas k\u00f5rgsurvevedeliku lekkeid ja v\u00f5imalikke seadmete rikkeid. Ohutusprotokollide rakendamine ja regulaarne koolitus v\u00f5ivad oluliselt v\u00e4hendada poomisilindrite kasutamisega seotud riske.<\/p>\n<h2>Veaotsing ja levinud probleemid<\/h2>\n<ul>\n<li><strong>Leke:<\/strong> H\u00fcdraulikavedeliku lekked v\u00f5ivad viidata kulunud tihenditele v\u00f5i \u00fchendustele. Tehke p\u00f5hjalik kontroll ja vahetage kulunud komponendid kohe v\u00e4lja, et v\u00e4ltida edasisi kahjustusi.<\/li>\n<li><strong>Reageerimata toiming:<\/strong> Kui poomi silinder ei reageeri, kontrollige h\u00fcdraulikavedeliku taset ja veenduge, et s\u00fcsteemis pole \u00f5hku. Vajadusel \u00f5hutage s\u00fcsteemi.<\/li>\n<li><strong>Eba\u00fchtlane liikumine:<\/strong> Eba\u00fchtlane pikenemine v\u00f5i tagasit\u00f5mbumine v\u00f5ib tuleneda ummistustest v\u00f5i valesti t\u00f6\u00f6tavatest tihenditest. Kontrollige ummistusi ja vahetage defektsed tihendid viivitamatult v\u00e4lja.<\/li>\n<\/ul>\n<h2>Veaotsingu n\u00e4pun\u00e4ited<\/h2>\n<p>Poomi silindri probleemide diagnoosimisel on oluline j\u00e4rgida s\u00fcstemaatilist l\u00e4henemist. Alustage tavaliste probleemide, n\u00e4iteks vedeliku lekete v\u00f5i r\u00f5hukadude kontrollimisest. Regulaarne hooldus ja \u00fclevaatused aitavad potentsiaalseid probleeme varakult tuvastada, v\u00e4hendades t\u00f5siste probleemide riski. Rakendage ennetavaid meetmeid, n\u00e4iteks regulaarset m\u00e4\u00e4rimist ja tihendite kontrollimist, et minimeerida vigade esinemist.<\/p>\n<p><img decoding=\"async\" src=\"https:\/\/www.hydraulic-cylinders.net\/wp-content\/uploads\/2025\/04\/songte-bushings-with-all-kinds-of-excavator-models.webp\" alt=\"Ekskavaatorimudelite puksid\"><\/p>\n<h2>Meie ettev\u00f5ttest<\/h2>\n<p>Oleme juhtiv asendush\u00fcdrauliliste silindrite tootja, pakkudes laia tootevalikut, mis on meid positsioneerinud \u00fcheks juhtivaks h\u00fcdrosilindrite tootjaks ja hulgim\u00fc\u00fcjaks nii sise- kui ka rahvusvahelisel turul. Meie p\u00fchendumust tippkvaliteedile toetab keerukas tootmisjuhtimise strateegia, mis r\u00f5hutab t\u00e4psust ja t\u00f5husust.<\/p>\n<p>Meie tootmisv\u00f5imaluste t\u00e4iustamiseks kasutame t\u00e4iustatud tootmistehnoloogiaid, oskuslikku tehnilist personali ja rangeid testimiss\u00fcsteeme. Meie tugev innovatsiooniv\u00f5ime v\u00f5imaldab meil t\u00f5husalt rahuldada klientide mitmekesiseid vajadusi. Keskendudes k\u00f5rgele t\u00f5hususele, t\u00e4psusele ja kvaliteedile, tagame, et meie tooted vastavad t\u00f6\u00f6stusharu k\u00f5rgeimatele standarditele.<\/p>\n<p>Meie teenused h\u00f5lmavad ka konkreetsetele n\u00f5uetele vastavaid kohandatud lahendusi, mida toetab professionaalne m\u00fc\u00fcgij\u00e4rgne tugi, et tagada meie klientide rahulolu oma h\u00fcdraulikas\u00fcsteemidega.<\/p>\n<p><img decoding=\"async\" src=\"https:\/\/www.hydraulic-cylinders.net\/wp-content\/uploads\/2025\/04\/songte-company-4.webp\" alt=\"Meie ettev\u00f5tte \u00fclevaade\"><br \/>\n<img decoding=\"async\" src=\"https:\/\/www.hydraulic-cylinders.net\/wp-content\/uploads\/2025\/04\/songte-company-3.webp\" alt=\"Ettev\u00f5tte tootmis\u00fcksus\"><\/p>\n<p>Autor: lyl<\/p>","protected":false},"excerpt":{"rendered":"<p>Boom Cylinder For Carter CT330-8C Introduction to the Boom Cylinder The Boom Cylinder for Carter CT330-8C is a specialized hydraulic cylinder designed to control the movement of the bucket on various heavy machinery such as excavators, backhoes, and front loaders. This hydraulic component is crucial for operations that involve lifting, lowering, and tilting the bucket, [&hellip;]<\/p>","protected":false},"featured_media":17876,"comment_status":"open","ping_status":"closed","template":"","meta":{"_et_pb_use_builder":"","_et_pb_old_content":"","_et_gb_content_width":""},"product_brand":[],"product_cat":[1546],"product_tag":[1547,1496],"class_list":{"0":"post-19523","1":"product","2":"type-product","3":"status-publish","4":"has-post-thumbnail","6":"product_cat-boom-cylinders","7":"product_tag-boom-cylinders","8":"product_tag-hydraulic-cylinders","10":"first","11":"instock","12":"shipping-taxable","13":"product-type-simple"},"amp_enabled":true,"_links":{"self":[{"href":"https:\/\/www.hydraulic-cylinders.net\/et\/wp-json\/wp\/v2\/product\/19523","targetHints":{"allow":["GET"]}}],"collection":[{"href":"https:\/\/www.hydraulic-cylinders.net\/et\/wp-json\/wp\/v2\/product"}],"about":[{"href":"https:\/\/www.hydraulic-cylinders.net\/et\/wp-json\/wp\/v2\/types\/product"}],"replies":[{"embeddable":true,"href":"https:\/\/www.hydraulic-cylinders.net\/et\/wp-json\/wp\/v2\/comments?post=19523"}],"wp:featuredmedia":[{"embeddable":true,"href":"https:\/\/www.hydraulic-cylinders.net\/et\/wp-json\/wp\/v2\/media\/17876"}],"wp:attachment":[{"href":"https:\/\/www.hydraulic-cylinders.net\/et\/wp-json\/wp\/v2\/media?parent=19523"}],"wp:term":[{"taxonomy":"product_brand","embeddable":true,"href":"https:\/\/www.hydraulic-cylinders.net\/et\/wp-json\/wp\/v2\/product_brand?post=19523"},{"taxonomy":"product_cat","embeddable":true,"href":"https:\/\/www.hydraulic-cylinders.net\/et\/wp-json\/wp\/v2\/product_cat?post=19523"},{"taxonomy":"product_tag","embeddable":true,"href":"https:\/\/www.hydraulic-cylinders.net\/et\/wp-json\/wp\/v2\/product_tag?post=19523"}],"curies":[{"name":"wp","href":"https:\/\/api.w.org\/{rel}","templated":true}]}}