{"id":19525,"date":"2025-04-07T06:52:47","date_gmt":"2025-04-07T06:52:47","guid":{"rendered":"https:\/\/www.hydraulic-cylinders.net\/product\/boom-cylinder-for-kym-ky50c\/"},"modified":"2025-04-07T06:52:50","modified_gmt":"2025-04-07T06:52:50","slug":"boom-cylinder-for-kym-ky50c","status":"publish","type":"product","link":"https:\/\/www.hydraulic-cylinders.net\/et\/toode\/boom-cylinder-for-kym-ky50c\/","title":{"rendered":"KYM KY50C poomi silinder"},"content":{"rendered":"<h1>KYM KY50C poomi silinder<\/h1>\n<h2>Toote \u00fclevaade<\/h2>\n<p>KYM KY50C poomi silinder on spetsiaalne h\u00fcdrauliline silinder, mis on loodud poomi liikumise juhtimiseks rasketes masinates, n\u00e4iteks ekskavaatorites, laadur-ekskavaatorites ja esilaadurites. Sellel on oluline roll materjali k\u00e4itlemisel, v\u00f5imaldades poomil t\u00f5husalt t\u00f5sta, langetada ja kallutada. See h\u00fcdrauliline silinder on ehitus- ja p\u00f5llumajandustehnika t\u00f6\u00f6 lahutamatu osa, pakkudes vajalikku j\u00f5udu raskete t\u00f6\u00f6de usaldusv\u00e4\u00e4rseks t\u00e4itmiseks.<\/p>\n<p><img decoding=\"async\" src=\"https:\/\/www.hydraulic-cylinders.net\/wp-content\/uploads\/2025\/04\/songte-company-1.webp\" alt=\"KYM KY50C poomi silinder\"><\/p>\n<h3>Poomi silindrite funktsioon ja t\u00e4htsus<\/h3>\n<p>H\u00fcdraulilistes s\u00fcsteemides h\u00f5lbustavad poomi silindrid t\u00e4pset juhtimist ja liikumist, mis on oluline mitmesuguste rakenduste jaoks. Need v\u00f5imaldavad manipuleerida poomi nurga ja asendiga, v\u00f5imaldades operaatoritel h\u00f5lpsalt t\u00e4ita selliseid \u00fclesandeid nagu kaevamine, t\u00f5stmine ja materjalide transportimine. See t\u00e4psus on eriti oluline ehituses, kus t\u00e4psus v\u00f5ib projekti tulemusi oluliselt m\u00f5jutada.<\/p>\n<h2>Poomi silindri omadused<\/h2>\n<ul>\n<li><strong>Suur tugevus ja vastupidavus:<\/strong> Need \u00fclitugevast terasest v\u00f5i alumiiniumist valmistatud silindrid taluvad suuri koormusi ja k\u00f5rget r\u00f5hku, sobivad sisseehitatud kulumiskindluse ja korrosioonikaitsega karmidesse t\u00f6\u00f6keskkondadesse.<\/li>\n<li><strong>T\u00f5hus h\u00fcdrauliline t\u00f6\u00f6:<\/strong> Kasutades sujuvaks pikendamiseks ja tagasit\u00f5mbamiseks h\u00fcdraulika\u00f5li r\u00f5hku, reageerivad need silindrid juhtimisk\u00e4sklustele kiiresti, pakkudes tugevat t\u00f5uke- ja t\u00f5mbej\u00f5udu raskete ja keerukate \u00fclesannete t\u00e4itmiseks.<\/li>\n<li><strong>T\u00fc\u00fcpide mitmekesisus:<\/strong> Saadaval \u00fche- v\u00f5i kahetoimelise mudelina, et rahuldada konkreetseid t\u00f6\u00f6vajadusi. M\u00f5ned mudelid on teleskoopilised, mis v\u00f5imaldab suuremat pikendamist ilma v\u00e4lism\u00f5\u00f5tmeid suurendamata, mis sobib ideaalselt kitsastesse ruumidesse.<\/li>\n<li><strong>Kohandatud tootmine:<\/strong> Suudame seda toodet t\u00e4iuslikult toota, tagades, et meie h\u00fcdrosilindrid on ideaalsed asendajad erinevatele mudelitele.<\/li>\n<li><strong>Mitmek\u00fclgsed rakendused:<\/strong> Sobib laiale masinavalikule, suurendades nende t\u00f6\u00f6v\u00f5imet ja t\u00f5husust.<\/li>\n<\/ul>\n<p><img decoding=\"async\" src=\"https:\/\/www.hydraulic-cylinders.net\/wp-content\/uploads\/2025\/04\/songte-cylinder-head-with-all-kinds-excavator-models.webp\" alt=\"H\u00fcdraulilise silindri pea\"><\/p>\n<h2>Poomi silindrite rakendused<\/h2>\n<h3>Ehitustehnika<\/h3>\n<p>Ekskavaatorites on noolesilindrid \u00fcliolulised kaevamiseks, laadimiseks ja mulla v\u00f5i prahi teisaldamiseks. Need v\u00f5imaldavad ekskavaatori poomi t\u00e4pselt positsioneerida, mis v\u00f5imaldab materjali t\u00f5husat ja efektiivset k\u00e4itlemist. Ekskavaatorlaadurid toetuvad neile silindritele nii kaevamis- kui ka t\u00f5stet\u00f6\u00f6del, muutes need ehitusplatsidel asendamatuks.<\/p>\n<h3>P\u00f5llumajandustehnika<\/h3>\n<p>Esilaadurid kasutavad mulla, heina ja muude materjalide kopeerimiseks, t\u00f5stmiseks ja transportimiseks noole silindreid. Poomi k\u00f5rguse ja nurga reguleerimise v\u00f5imalus tagab, et juhid saavad oma \u00fclesandeid t\u00e4pselt t\u00e4ita, optimeerides p\u00f5llumajandust\u00f6\u00f6de tootlikkust.<\/p>\n<h3>Ekskavaatorid<\/h3>\n<p>Ekskavaatorites v\u00f5imaldavad noolesilindrid pinnasesse tungimist, h\u00f5lbustades t\u00f5husat kaevamist. See v\u00f5ime on oluline mitmesuguste kaevet\u00f6\u00f6de jaoks, alates vundamendi kaevamisest kuni haljastusprojektideni, tagades, et operaatorid saavad oma t\u00f6\u00f6d t\u00f5husalt teha.<\/p>\n<h3>Laadurid<\/h3>\n<p>Esilaaduritel aitavad noolesilindrid koormaid t\u00f5husalt t\u00f5sta ja t\u00fchjendada. Nende konstruktsioon v\u00f5imaldab m\u00e4rkimisv\u00e4\u00e4rset t\u00f5stev\u00f5imet, v\u00f5imaldades masinal raskeid materjale h\u00f5lpsalt k\u00e4sitseda, suurendades seel\u00e4bi \u00fcldist t\u00f6\u00f6efektiivsust.<\/p>\n<h2>Projekteerimiskaalutlused ja valikukriteeriumid<\/h2>\n<h3>Kandev\u00f5ime<\/h3>\n<p>Poomi silindri kandev\u00f5ime on valiku tegemisel esmat\u00e4htis kaalutlus, mis m\u00e4\u00e4rab, kui palju raskust see suudab t\u00f5husalt t\u00f5sta ja k\u00e4sitseda. Oluline on valida silinder, mis vastab v\u00f5i \u00fcletab k\u00e4silolevate \u00fclesannete n\u00f5udeid, tagades t\u00f6\u00f6kindluse ja ohutuse t\u00f6\u00f6 ajal.<\/p>\n<h3>Tihendusmehhanism<\/h3>\n<p>T\u00f5hus tihendus on kriitilise t\u00e4htsusega h\u00fcdraulilise vedeliku silindris hoidmiseks ja lekete v\u00e4ltimiseks. Vastupidavatest materjalidest valmistatud kvaliteetsed tihendid tagavad pikaealisuse ja optimaalse j\u00f5udluse, v\u00e4hendades hooldusvajadust ja suurendades silindri \u00fcldist efektiivsust.<\/p>\n<h3>Vastupidavus<\/h3>\n<p>Vastupidavus on noolesilindrite valimisel v\u00f5tmetegur, kuna need t\u00f6\u00f6tavad sageli karmides keskkondades. Silindrite valimine vastupidavate konstruktsioonimaterjalide ja viimistlusega, mis on vastupidavad kulumisele ja korrosioonile, v\u00f5ib oluliselt pikendada nende kasutusiga, muutes need v\u00e4\u00e4rtuslikuks investeeringuks.<\/p>\n<h3>Turvaelemendid<\/h3>\n<p>Ohutusfunktsioonide, n\u00e4iteks \u00fclekoormuskaitse ja r\u00f5hualandusventiilide lisamine aitab v\u00e4ltida \u00f5nnetusi ja seadmete rikkeid. Nende ohutusmeetmete olemasolu valitud balloonil on ohutu t\u00f6\u00f6keskkonna s\u00e4ilitamiseks oluline.<\/p>\n<h3>Hooldus ja hooldatavus<\/h3>\n<p>Lihtsat hooldust ja remonti v\u00f5imaldav disain on \u00fclioluline noole silindrite optimaalses seisukorras hoidmiseks. V\u00f5imalus komponentidele ligi p\u00e4\u00e4seda kontrollimiseks ja hooldamiseks ilma ulatusliku lahtiv\u00f5tmiseta aitab s\u00e4\u00e4sta aega ja v\u00e4hendada seisakuid t\u00f6\u00f6kohal.<\/p>\n<p><img decoding=\"async\" src=\"https:\/\/www.hydraulic-cylinders.net\/wp-content\/uploads\/2025\/04\/songte-oil-pipes-and-spare-parts.webp\" alt=\"H\u00fcdrauliliste silindrite osad\"><\/p>\n<h2>Tihendus ja m\u00e4\u00e4rimine<\/h2>\n<p>N\u00f5uetekohane tihendamine ja m\u00e4\u00e4rimine on poomi silindrite funktsionaalsuse ja pikaealisuse jaoks \u00fcliolulised. H\u00fcdraulikavedeliku lekete v\u00e4ltimiseks kasutatakse mitmesuguseid tihendeid, sealhulgas kolvi- ja varrastihendeid. Kulumiskindlatest materjalidest, nagu pol\u00fcuretaan ja nitriilkummi, valmistatud tihendite valik suurendab vastupidavust. Lisaks tuleks silindri korpust ja keermestatud otsi peenelt t\u00f6\u00f6delda, et parandada kulumiskindlust. Regulaarne h\u00fcdraulika\u00f5li lisamine tagab piisava m\u00e4\u00e4rimise, mis on h\u00e4davajalik sujuva t\u00f6\u00f6 ja enneaegse kulumise v\u00e4ltimiseks.<\/p>\n<h2>Regulaarne kontroll ja ennetav hooldus<\/h2>\n<ul>\n<li><strong>Regulaarsed kontrollid:<\/strong> H\u00fcdrosilindri sagedane kontrollimine kulumise v\u00f5i kahjustuste suhtes on j\u00f5udluse s\u00e4ilitamiseks \u00fclioluline. Otsige lekkeid, ebatavalisi helisid v\u00f5i muutusi t\u00f6\u00f6k\u00e4itumises, mis v\u00f5ivad viidata probleemile.<\/li>\n<li><strong>\u00d5ige m\u00e4\u00e4rimine:<\/strong> H\u00fcdraulikas\u00fcsteemi piisav m\u00e4\u00e4rimine \u00f5iget t\u00fc\u00fcpi ja koguse h\u00fcdraulika\u00f5liga on oluline liikuvate osade vahelise h\u00f5\u00f5rdumise ja kulumise v\u00e4hendamiseks.<\/li>\n<li><strong>Tihendi vahetamine:<\/strong> Tihendite regulaarne vahetamine kulumise korral aitab v\u00e4ltida lekkeid ja s\u00e4ilitada h\u00fcdros\u00fcsteemi efektiivsust. Oluline on tihendeid hoolikalt j\u00e4lgida, eriti suure koormuse korral.<\/li>\n<\/ul>\n<h2>Paigaldusjuhised<\/h2>\n<p>Poomi silindri \u00f5ige paigaldamine on optimaalse j\u00f5udluse tagamiseks kriitilise t\u00e4htsusega. Veenduge, et kinnituspunktid on \u00f5igesti joondatud, kasutades silindri kinnitamiseks sobivaid kronsteine. Enne paigaldamist puhastage kinnituspinnad saastumise v\u00e4ltimiseks. J\u00e4rgige tootja spetsifikatsioone p\u00f6\u00f6rdemomendi s\u00e4tete kohta ja veenduge, et h\u00fcdraulikavoolikud on \u00f5igesti \u00fchendatud, et v\u00e4ltida lekkeid. P\u00e4rast paigaldamist testige s\u00fcsteemi koormuse all, et veenduda silindri sujuvas ja probleemideta t\u00f6\u00f6tamises.<\/p>\n<h2>Levinumad hooldust\u00f6\u00f6d<\/h2>\n<ul>\n<li><strong>Regulaarne kontroll:<\/strong> Rutiinsete kontrollide tegemine aitab kulumist ja rebenemist enne rikke tekkimist tuvastada. Otsige kahjustuste v\u00f5i lekete m\u00e4rke ning hinnake tihendite ja liitmike seisukorda.<\/li>\n<li><strong>Sobiv m\u00e4\u00e4rimine:<\/strong> Regulaarne m\u00e4\u00e4rimine \u00f5ige h\u00fcdraulika\u00f5liga tagab sujuva t\u00f6\u00f6 ja pikendab silindri eluiga. Veenduge, et \u00f5li on saasteainetevaba, kuna lisandid v\u00f5ivad p\u00f5hjustada kulumist.<\/li>\n<li><strong>Tihendi vahetamine:<\/strong> Tihendite j\u00e4lgimine ja vajadusel vahetamine hoiab \u00e4ra lekked ja s\u00e4ilitab s\u00fcsteemi t\u00f5hususe. P\u00f6\u00f6rake kontrollide ajal t\u00e4helepanu tihendite seisukorrale, et teha kindlaks, millal on vaja neid vahetada.<\/li>\n<\/ul>\n<h2>Ohutuskaalutlused ja keskkonnategurid<\/h2>\n<p>H\u00fcdrauliliste silindritega t\u00f6\u00f6tamisel on ohutusmeetmed \u00fcliolulised. Operaatorid peaksid olema koolitatud ohutu k\u00e4sitsemise tavade osas ja olema teadlikud h\u00fcdrauliliste s\u00fcsteemidega seotud v\u00f5imalikest ohtudest. See h\u00f5lmab h\u00fcdraulilise vedeliku lekete ohtude m\u00f5istmist ja puhta t\u00f6\u00f6keskkonna s\u00e4ilitamise olulisust saastumise v\u00e4ltimiseks. Regulaarne koolitus ja ohutusprotokollide j\u00e4rgimine aitavad oluliselt v\u00e4hendada \u00f5nnetusi ja tagada ohutu t\u00f6\u00f6keskkonna.<\/p>\n<h2>Rikete diagnoosimine ja levinud probleemid<\/h2>\n<ul>\n<li><strong>H\u00fcdraulilise vedeliku lekked:<\/strong> Lekkeid v\u00f5ib p\u00f5hjustada kulunud tihendid v\u00f5i kahjustatud voolikud. Kontrollige regulaarselt \u00fchendusi ja silindrit vedelikukao tunnuste suhtes. K\u00f5rvaldage lekked kohe, et v\u00e4ltida edasisi kahjustusi.<\/li>\n<li><strong>V\u00e4hendatud j\u00f5udlus:<\/strong> Kui silinder ei ulatu v\u00e4lja ega t\u00f5mbu sisse sujuvalt, kontrollige ummistuste v\u00f5i madala h\u00fcdraulikavedeliku taseme suhtes. Veenduge, et s\u00fcsteem on korralikult m\u00e4\u00e4ritud ja et h\u00fcdraulikavoolikutes ei ole \u00f5hutaskuid.<\/li>\n<li><strong>M\u00fcra t\u00f6\u00f6tamise ajal:<\/strong> Ebatavalised helid v\u00f5ivad viidata h\u00fcdros\u00fcsteemi probleemile. Uurige m\u00fcra allikat, kuna see v\u00f5ib viidata sellistele probleemidele nagu madal vedelikutase v\u00f5i mehaaniline kulumine.<\/li>\n<\/ul>\n<h2>Veaotsingu n\u00e4pun\u00e4ited<\/h2>\n<p>H\u00fcdrauliliste silindrite probleemide t\u00f5husaks diagnoosimiseks ja lahendamiseks alustage k\u00f5igi komponentide p\u00f5hjalikust kontrollimisest. Veenduge, et h\u00fcdraulikavedeliku tase on piisav ja et lekkeid ei esine. Kui j\u00f5udlusprobleemid p\u00fcsivad, lugege t\u00f5rkeotsingu n\u00f5uandeid tootja juhistest. Ennetavad meetmed, n\u00e4iteks regulaarne hooldus ja \u00fclevaatused, aitavad probleemide esinemist minimeerida, tagades h\u00fcdraulikas\u00fcsteemi sujuva ja t\u00f5husa t\u00f6\u00f6.<\/p>\n<p><img decoding=\"async\" src=\"https:\/\/www.hydraulic-cylinders.net\/wp-content\/uploads\/2025\/04\/songte-bushings-with-all-kinds-of-excavator-models.webp\" alt=\"Ekskavaatori mudelid\"><\/p>\n<h2>Meie ettev\u00f5ttest<\/h2>\n<p>Oleme juhtiv asendush\u00fcdrauliliste silindrite tootja ja hulgim\u00fc\u00fcja, pakkudes laia valikut tooteid, mis on loodud nii sise- kui ka rahvusvahelise turu n\u00f5udluse rahuldamiseks. Meie p\u00fchendumust kvaliteedile toetab keerukas tootmisjuhtimise strateegia, mis r\u00f5hutab t\u00e4psust ja t\u00f6\u00f6kindlust. Keskendudes tehnoloogilisele arengule, kasutame oma tootmisv\u00f5imaluste suurendamiseks digitaalseid tipptasemel tootmisseadmeid ja professionaalseid testimiss\u00fcsteeme. Meie asjatundlikkus ja p\u00fchendumus k\u00f5rgele t\u00f5hususele, t\u00e4psusele ja kvaliteedile v\u00f5imaldavad meil rahuldada oma klientide mitmekesiseid vajadusi.<\/p>\n<p><img decoding=\"async\" src=\"https:\/\/www.hydraulic-cylinders.net\/wp-content\/uploads\/2025\/04\/songte-company-4.webp\" alt=\"Ettev\u00f5tte tootmine\"><br \/>\n<img decoding=\"async\" src=\"https:\/\/www.hydraulic-cylinders.net\/wp-content\/uploads\/2025\/04\/songte-company-3.webp\" alt=\"Ettev\u00f5tte \u00fclevaade\"><\/p>\n<p>Meie teenuste ja toodete kohta lisateabe saamiseks v\u00f5tke meiega otse \u00fchendust.<\/p>\n<p>Autor: lyl<\/p>","protected":false},"excerpt":{"rendered":"<p>Boom Cylinder For KYM KY50C Product Overview The Boom Cylinder for KYM KY50C is a specialized hydraulic cylinder designed to control the movement of the boom in heavy machinery such as excavators, backhoe loaders, and front loaders. It plays a critical role in material handling tasks, enabling the boom to lift, lower, and tilt effectively. [&hellip;]<\/p>","protected":false},"featured_media":17878,"comment_status":"open","ping_status":"closed","template":"","meta":{"_et_pb_use_builder":"","_et_pb_old_content":"","_et_gb_content_width":""},"product_brand":[],"product_cat":[1546],"product_tag":[1547,1496],"class_list":{"0":"post-19525","1":"product","2":"type-product","3":"status-publish","4":"has-post-thumbnail","6":"product_cat-boom-cylinders","7":"product_tag-boom-cylinders","8":"product_tag-hydraulic-cylinders","10":"first","11":"instock","12":"shipping-taxable","13":"product-type-simple"},"amp_enabled":true,"_links":{"self":[{"href":"https:\/\/www.hydraulic-cylinders.net\/et\/wp-json\/wp\/v2\/product\/19525","targetHints":{"allow":["GET"]}}],"collection":[{"href":"https:\/\/www.hydraulic-cylinders.net\/et\/wp-json\/wp\/v2\/product"}],"about":[{"href":"https:\/\/www.hydraulic-cylinders.net\/et\/wp-json\/wp\/v2\/types\/product"}],"replies":[{"embeddable":true,"href":"https:\/\/www.hydraulic-cylinders.net\/et\/wp-json\/wp\/v2\/comments?post=19525"}],"wp:featuredmedia":[{"embeddable":true,"href":"https:\/\/www.hydraulic-cylinders.net\/et\/wp-json\/wp\/v2\/media\/17878"}],"wp:attachment":[{"href":"https:\/\/www.hydraulic-cylinders.net\/et\/wp-json\/wp\/v2\/media?parent=19525"}],"wp:term":[{"taxonomy":"product_brand","embeddable":true,"href":"https:\/\/www.hydraulic-cylinders.net\/et\/wp-json\/wp\/v2\/product_brand?post=19525"},{"taxonomy":"product_cat","embeddable":true,"href":"https:\/\/www.hydraulic-cylinders.net\/et\/wp-json\/wp\/v2\/product_cat?post=19525"},{"taxonomy":"product_tag","embeddable":true,"href":"https:\/\/www.hydraulic-cylinders.net\/et\/wp-json\/wp\/v2\/product_tag?post=19525"}],"curies":[{"name":"wp","href":"https:\/\/api.w.org\/{rel}","templated":true}]}}