{"id":19527,"date":"2025-04-07T06:52:52","date_gmt":"2025-04-07T06:52:52","guid":{"rendered":"https:\/\/www.hydraulic-cylinders.net\/product\/boom-cylinder-for-kym-ky85\/"},"modified":"2025-04-07T06:52:55","modified_gmt":"2025-04-07T06:52:55","slug":"boom-cylinder-for-kym-ky85","status":"publish","type":"product","link":"https:\/\/www.hydraulic-cylinders.net\/et\/toode\/boom-cylinder-for-kym-ky85\/","title":{"rendered":"KYM KY85 poomi silinder"},"content":{"rendered":"<h1>KYM KY85 poomi silinder<\/h1>\n<h2>Sissejuhatus poomi silindrisse<\/h2>\n<p>Noole silinder on h\u00fcdros\u00fcsteemide oluline komponent, eriti rasketes masinates, nagu ekskavaatorid, kopalaadurid ja esilaadurid. See h\u00fcdrosilinder, mis on spetsiaalselt loodud kopa liikumise juhtimiseks, v\u00f5imaldab t\u00f5stmis-, langetamis- ja kallutustoiminguid, mis on t\u00f5husate materjalik\u00e4itlust\u00f6\u00f6de jaoks h\u00e4davajalikud. Kopa silindril on keskne roll seadmete j\u00f5udluses ja efektiivsuses, milles seda kasutatakse.<\/p>\n<p><img decoding=\"async\" src=\"https:\/\/www.hydraulic-cylinders.net\/wp-content\/uploads\/2025\/04\/songte-company-1.webp\" alt=\"Poomi silinder\"><\/p>\n<h3>Definitsioon ja \u00fclevaade<\/h3>\n<p>Noole silinder on h\u00fcdraulilise silindri t\u00fc\u00fcp, mis t\u00f6\u00f6tab h\u00fcdraulilise vedeliku abil mehaanilise j\u00f5u tekitamiseks. Seda kasutatakse peamiselt raskete masinate kopa man\u00f6\u00f6verdamiseks, v\u00f5imaldades operaatoril t\u00e4ita selliseid \u00fclesandeid nagu kaevamine, t\u00f5stmine ja materjalide transportimine. Noole silindri disain mitte ainult ei taga sujuvat t\u00f6\u00f6d, vaid maksimeerib ka efektiivsust erinevates rakendustes, muutes selle asendamatuks elemendiks t\u00e4nap\u00e4evastes ehitus- ja p\u00f5llumajandusseadmetes.<\/p>\n<h2>Poomi silindri omadused<\/h2>\n<ul>\n<li><strong>Suur tugevus ja vastupidavus:<\/strong> K\u00f5rgtugevast terasest v\u00f5i alumiiniumist valmistatud poomi silinder on loodud taluma k\u00f5rget r\u00f5hku ja suuri koormusi, sobib karmidesse t\u00f6\u00f6keskkondadesse ning on loodud kulumiskindlaks ja korrosioonikindlaks, pikendades selle eluiga.<\/li>\n<li><strong>T\u00f5hus h\u00fcdrauliline t\u00f6\u00f6:<\/strong> Silinder kasutab sujuvaks pikendamiseks ja tagasit\u00f5mbamiseks h\u00fcdraulilist \u00f5lir\u00f5hku, pakkudes kiiret reageerimist juhtimisk\u00e4sklustele ja v\u00f5imsaid t\u00f5uke- ja t\u00f5mbej\u00f5ude, mis sobivad ideaalselt raskete materjalide ja keerukate \u00fclesannete k\u00e4sitsemiseks.<\/li>\n<li><strong>T\u00fc\u00fcpide mitmekesisus:<\/strong> Saadaval \u00fchetoimeliste (\u00fches suunas t\u00f6\u00f6tavate) ja kahetoimeliste (m\u00f5lemas suunas t\u00f6\u00f6tavate) silindritena, pakkudes v\u00f5imalusi mitmesuguste t\u00f6\u00f6vajaduste rahuldamiseks. Teatud mudelid on konstrueeritud teleskoopilisteks, et saavutada suurem pikendus ilma v\u00e4lism\u00f5\u00f5tmeid suurendamata, mis sobib ideaalselt piiratud ruumiga rakenduste jaoks.<\/li>\n<\/ul>\n<p>Meie ettev\u00f5te on spetsialiseerunud nende toodete tootmisele, pakkudes ideaalseid asendusi erinevatele h\u00fcdrosilindritele.<\/p>\n<p><img decoding=\"async\" src=\"https:\/\/www.hydraulic-cylinders.net\/wp-content\/uploads\/2025\/04\/songte-cylinder-head-with-all-kinds-excavator-models.webp\" alt=\"Ekskavaatori mudelid\"><\/p>\n<h2>Poomi silindri rakendused<\/h2>\n<ul>\n<li><strong>Ehitustehnika:<\/strong> Ekskavaatorites on noolesilindrid \u00fcliolulised kaevamiseks, laadimiseks ja mulla v\u00f5i prahi teisaldamiseks. Need h\u00f5lbustavad kaevamis- ja t\u00f5stet\u00f6id, tagades, et masin saab \u00fclesandeid t\u00f5husalt ja tulemuslikult t\u00e4ita.<\/li>\n<li><strong>P\u00f5llumajandusmasinad:<\/strong> Esilaadurites kasutatav noole silinder aitab mulda, heina ja muid materjale \u00fcles korjata, t\u00f5sta ja transportida, osutudes oluliseks mitmesuguste p\u00f5llumajandust\u00f6\u00f6de puhul.<\/li>\n<li><strong>Ekskavaatorid:<\/strong> Noole silinder v\u00f5imaldab kopal tungida pinnasesse t\u00f5husate kaevamistoimingute tegemiseks, suurendades masina \u00fcldist tootlikkust.<\/li>\n<li><strong>Laadurid:<\/strong> Esilaaduritel aitavad noolesilindrid koormaid t\u00f5husalt t\u00f5sta ja t\u00fchjendada, v\u00f5imaldades kiiret materjali k\u00e4itlemist ja t\u00f6\u00f6 efektiivsuse suurenemist.<\/li>\n<\/ul>\n<h2>Projekteerimiskaalutlused ja valikukriteeriumid<\/h2>\n<ul>\n<li><strong>Kandev\u00f5ime:<\/strong> Poomi silinder peab vastu pidama t\u00f6\u00f6 ajal esinevatele koormustele. Maksimaalse koormuse vajaduse p\u00f5hjalik hindamine tagab ohutuse ja t\u00f6\u00f6kindluse kasutamise ajal.<\/li>\n<li><strong>Tihendus:<\/strong> N\u00f5uetekohane tihendamine on \u00fclioluline, et v\u00e4ltida vedeliku leket, mis v\u00f5ib v\u00e4hendada efektiivsust ja p\u00f5hjustada v\u00f5imalikke kahjustusi. H\u00fcdraulilise r\u00f5hu s\u00e4ilitamiseks on h\u00e4davajalikud vastupidavatest materjalidest valmistatud kvaliteetsed tihendid.<\/li>\n<li><strong>Vastupidavus:<\/strong> Projekteerimisel tuleks keskenduda materjalidele ja ehitusmeetoditele, mis suurendavad pikaealisust ja kulumiskindlust, tagades, et silinder peab vastu karmidele t\u00f6\u00f6tingimustele.<\/li>\n<li><strong>Ohutus:<\/strong> Operaatorite ja seadmete kaitsmiseks tuleks konstruktsiooni sisse ehitada ohutusfunktsioonid. See h\u00f5lmab \u00fcler\u00f5huventiilide ja \u00fclekoormuskaitsemehhanismide kasutamist.<\/li>\n<li><strong>Hoolduse ligip\u00e4\u00e4setavus:<\/strong> Konstruktsioon peaks v\u00f5imaldama h\u00f5lpsat hooldust ja kontrolli. Komponendid tuleks paigutada nii, et neile oleks lihtne juurde p\u00e4\u00e4seda rutiinseteks kontrollideks ja remondiks.<\/li>\n<\/ul>\n<p><img decoding=\"async\" src=\"https:\/\/www.hydraulic-cylinders.net\/wp-content\/uploads\/2025\/04\/songte-oil-pipes-and-spare-parts.webp\" alt=\"\u00d5litorud ja varuosad\"><\/p>\n<h2>Tihendus ja m\u00e4\u00e4rimine<\/h2>\n<p>T\u00f5hus tihendamine ja m\u00e4\u00e4rimine on poomi silindri optimaalse j\u00f5udluse jaoks kriitilise t\u00e4htsusega. Kasutatakse mitmesuguseid tihenduselemente, n\u00e4iteks kolvitihendeid ja vardatihendeid, mis on sageli valmistatud kulumiskindlatest materjalidest, nagu pol\u00fcuretaan ja nitriilkummi, mis suurendavad vastupidavust. Silindri korpus ja keermestatud otsapinnad l\u00e4bivad t\u00e4pse t\u00f6\u00f6tlemise, et parandada kulumiskindlust. H\u00f5\u00f5rdumise minimeerimiseks ja silindri kasutusea pikendamiseks on vajalik regulaarne m\u00e4\u00e4rimine piisava koguse h\u00fcdraulika\u00f5liga. N\u00f5uetekohase m\u00e4\u00e4rimise puudumine v\u00f5ib p\u00f5hjustada suurenenud kulumist ja h\u00fcdraulikas\u00fcsteemi v\u00f5imalikku riket.<\/p>\n<h2>Ennetavad hooldusmeetmed<\/h2>\n<ul>\n<li><strong>Regulaarsed kontrollid:<\/strong> Tehke poomi silindril regulaarseid kontrolle kulumise, lekete v\u00f5i kahjustuste suhtes. Varajane avastamine aitab v\u00e4ltida t\u00f5sisemaid probleeme ja kulukaid remondit\u00f6id hiljem.<\/li>\n<li><strong>\u00d5ige m\u00e4\u00e4rimine:<\/strong> Veenduge, et h\u00fcdraulika\u00f5li tase oleks piisav ja et m\u00e4\u00e4rdeaineid kantakse regulaarselt peale, et k\u00f5ik liikuvad osad t\u00f6\u00f6taksid sujuvalt.<\/li>\n<li><strong>Tihendi vahetamine:<\/strong> J\u00e4lgige tihendite kulumist ja vahetage need vastavalt vajadusele, et v\u00e4ltida vedeliku lekkeid ja s\u00e4ilitada silindri j\u00f5udlus.<\/li>\n<\/ul>\n<h2>Paigaldusjuhised<\/h2>\n<p>Poomi silindri \u00f5ige paigaldamine on selle j\u00f5udluse ja pikaealisuse tagamiseks \u00fclioluline. Siin on peamised sammud, mida j\u00e4rgida:<\/p>\n<ul>\n<li>Enne paigaldamist veenduge, et k\u00f5ik komponendid on puhtad ja prahist vabad.<\/li>\n<li>Joondage silinder t\u00e4pselt kinnituspunktidega, et v\u00e4ltida liigset pinget t\u00f6\u00f6tamise ajal. Vale joondamine v\u00f5ib p\u00f5hjustada enneaegset kulumist v\u00f5i riket.<\/li>\n<li>Kasutage silindri kindlalt paigale kinnitamiseks sobivaid kinnitusklambreid, mis on m\u00f5eldud konkreetse mudeli jaoks.<\/li>\n<li>J\u00e4rgige tootja spetsifikatsioone p\u00f6\u00f6rdemomendi s\u00e4tete osas, et tagada \u00fchenduste kindlus ja kahjustuste tekitamine.<\/li>\n<li>P\u00e4rast paigaldamist testige silindri t\u00f6\u00f6d madalal r\u00f5hul, et enne t\u00e4ielikku kasutamist veenduda selle \u00f5iges toimimises.<\/li>\n<\/ul>\n<h2>Hooldus\u00fclesanded<\/h2>\n<ul>\n<li><strong>Regulaarsed kontrollid:<\/strong> Ebakorrap\u00e4rasuste varajaseks tuvastamiseks on vaja sagedasi visuaalseid ja t\u00f6\u00f6kontrolle. See \u00fclesanne peaks h\u00f5lmama lekete, ebatavaliste helide ja j\u00f5udlusprobleemide uurimist.<\/li>\n<li><strong>\u00d5ige m\u00e4\u00e4rimine:<\/strong> H\u00fcdraulika\u00f5li \u00f5ige taseme hoidmine ja k\u00f5igi liikuvate komponentide \u00f5igeaegne m\u00e4\u00e4rimine on sujuva t\u00f6\u00f6 tagamiseks \u00fclioluline.<\/li>\n<li><strong>Tihendi vahetamine:<\/strong> Aja jooksul v\u00f5ivad tihendid kuluda ja silindri efektiivsust v\u00e4hendada. Kontrollige regulaarselt kulumisj\u00e4lgi ja vahetage tihendeid vastavalt vajadusele, et s\u00e4ilitada j\u00f5udlus.<\/li>\n<\/ul>\n<p>Iga hooldust\u00f6\u00f6 on oluline poomi silindri optimaalse j\u00f5udluse tagamiseks. \u00d5ige joondamine paigaldamise ajal on kriitilise t\u00e4htsusega, nagu ka sobivate kinnitusdetailide kasutamine toestamiseks. Regulaarsed kontrollid ja \u00f5igeaegne remont pikendavad silindri eluiga, minimeerides seisakuid ja hoolduskulusid.<\/p>\n<p><img decoding=\"async\" src=\"https:\/\/www.hydraulic-cylinders.net\/wp-content\/uploads\/2025\/04\/songte-chushion-collar.webp\" alt=\"Padjakaelus\"><\/p>\n<h2>Ohutuskaalutlused ja keskkonnategurid<\/h2>\n<p>H\u00fcdrauliliste s\u00fcsteemidega, n\u00e4iteks noole silindriga, t\u00f6\u00f6tamisel on ohutusmeetmed \u00fcliolulised. Operaatorid peaksid olema piisavalt koolitatud seadmete ohutuks k\u00e4sitsemiseks ja m\u00f5istma r\u00f5hu all olevate h\u00fcdrauliliste vedelikega seotud riske. Arvesse tuleks v\u00f5tta ka keskkonnakaalutlusi, n\u00e4iteks tagades, et k\u00f5ik h\u00fcdraulilised lekked on piiratud ja hallatavad saastumise v\u00e4ltimiseks. H\u00fcdrauliliste vedelike n\u00f5uetekohane k\u00f5rvaldamine ja seadmete hooldus aitavad kaasa ohutuma ja j\u00e4tkusuutlikuma t\u00f6\u00f6keskkonna loomisele.<\/p>\n<h2>Veaotsing ja levinud probleemid<\/h2>\n<ul>\n<li><strong>Vedeliku lekked:<\/strong> \u00dcks levinumaid probleeme on h\u00fcdraulikavedeliku leke, mis v\u00f5ib viidata kulunud tihendite v\u00f5i silindri kahjustusele. Lekete kiire k\u00f5rvaldamine on efektiivsuse s\u00e4ilitamiseks \u00fclioluline.<\/li>\n<li><strong>R\u00f5hu langus:<\/strong> M\u00e4rgatav t\u00f6\u00f6v\u00f5imsuse langus v\u00f5ib viidata h\u00fcdraulikas\u00fcsteemi probleemidele, n\u00e4iteks ummistustele v\u00f5i kahjustatud komponentidele. Nende probleemide uurimine ja lahendamine on funktsionaalsuse taastamiseks h\u00e4davajalik.<\/li>\n<li><strong>Ebatavalised helid:<\/strong> K\u00f5ik kummalised helid t\u00f6\u00f6tamise ajal v\u00f5ivad viidata mehaanilisele rikkele v\u00f5i ebapiisavale m\u00e4\u00e4rimisele. M\u00fcra allika tuvastamine ja k\u00f5rvaldamine aitab edasisi kahjustusi v\u00e4ltida.<\/li>\n<\/ul>\n<p>\u00d5igeaegne t\u00f5rkeotsing aitab v\u00e4ltida v\u00e4iksemate probleemide eskaleerumist suuremateks probleemideks, tagades poomi silindri sujuva ja t\u00f5husa t\u00f6\u00f6. Regulaarsed hoolduskontrollid aitavad minimeerida nende probleemide tekkimise v\u00f5imalust.<\/p>\n<p><img decoding=\"async\" src=\"https:\/\/www.hydraulic-cylinders.net\/wp-content\/uploads\/2025\/04\/songte-bushings-with-all-kinds-of-excavator-models.webp\" alt=\"Puksid ekskavaatorimudelitega\"><\/p>\n<h2>Ettev\u00f5tte \u00fclevaade<\/h2>\n<p>Oleme juhtiv asendush\u00fcdrauliliste silindrite tootja, kes on p\u00fchendunud laia tootevaliku pakkumisele, mis vastab nii sise- kui ka rahvusvaheliste turgude vajadustele. Meie p\u00fchendumus kvaliteedile on vankumatu, kuna rakendame oma tootmisprotsessides t\u00e4iustatud tootmisjuhtimise strateegiaid. Kasutades oskuslikku tehnilist personali, t\u00e4iustatud digitaalseid tootmisseadmeid ja spetsiaalseid testimiss\u00fcsteeme, t\u00e4iustame pidevalt oma tootmisv\u00f5imekust.<\/p>\n<p>Keskendudes suurele t\u00f5hususele, t\u00e4psusele ja kvaliteedile, suudame rahuldada klientide mitmekesist valikut vajadusi. Pakume individuaalsetele vajadustele vastavaid kohandatud lahendusi ja tagame oma toodetele rahvusvahelise sertifikaadi, pakkudes klientidele meelerahu.<\/p>\n<p><img decoding=\"async\" src=\"https:\/\/www.hydraulic-cylinders.net\/wp-content\/uploads\/2025\/04\/songte-company-4.webp\" alt=\"Ettev\u00f5tte \u00fclevaade 1\"><br \/>\n<img decoding=\"async\" src=\"https:\/\/www.hydraulic-cylinders.net\/wp-content\/uploads\/2025\/04\/songte-company-3.webp\" alt=\"Ettev\u00f5tte \u00fclevaade 2\"><\/p>\n<p>Autor: lyl<\/p>","protected":false},"excerpt":{"rendered":"<p>Boom Cylinder For KYM KY85 Introduction to Boom Cylinder The Boom Cylinder is a crucial component in hydraulic systems, particularly in heavy machinery like excavators, backhoes, and front loaders. Designed specifically for controlling the movement of the bucket, this hydraulic cylinder enables lifting, lowering, and tilting actions that are essential for effective material handling tasks. [&hellip;]<\/p>","protected":false},"featured_media":17880,"comment_status":"open","ping_status":"closed","template":"","meta":{"_et_pb_use_builder":"","_et_pb_old_content":"","_et_gb_content_width":""},"product_brand":[],"product_cat":[1546],"product_tag":[1547,1496],"class_list":{"0":"post-19527","1":"product","2":"type-product","3":"status-publish","4":"has-post-thumbnail","6":"product_cat-boom-cylinders","7":"product_tag-boom-cylinders","8":"product_tag-hydraulic-cylinders","10":"first","11":"instock","12":"shipping-taxable","13":"product-type-simple"},"amp_enabled":true,"_links":{"self":[{"href":"https:\/\/www.hydraulic-cylinders.net\/et\/wp-json\/wp\/v2\/product\/19527","targetHints":{"allow":["GET"]}}],"collection":[{"href":"https:\/\/www.hydraulic-cylinders.net\/et\/wp-json\/wp\/v2\/product"}],"about":[{"href":"https:\/\/www.hydraulic-cylinders.net\/et\/wp-json\/wp\/v2\/types\/product"}],"replies":[{"embeddable":true,"href":"https:\/\/www.hydraulic-cylinders.net\/et\/wp-json\/wp\/v2\/comments?post=19527"}],"wp:featuredmedia":[{"embeddable":true,"href":"https:\/\/www.hydraulic-cylinders.net\/et\/wp-json\/wp\/v2\/media\/17880"}],"wp:attachment":[{"href":"https:\/\/www.hydraulic-cylinders.net\/et\/wp-json\/wp\/v2\/media?parent=19527"}],"wp:term":[{"taxonomy":"product_brand","embeddable":true,"href":"https:\/\/www.hydraulic-cylinders.net\/et\/wp-json\/wp\/v2\/product_brand?post=19527"},{"taxonomy":"product_cat","embeddable":true,"href":"https:\/\/www.hydraulic-cylinders.net\/et\/wp-json\/wp\/v2\/product_cat?post=19527"},{"taxonomy":"product_tag","embeddable":true,"href":"https:\/\/www.hydraulic-cylinders.net\/et\/wp-json\/wp\/v2\/product_tag?post=19527"}],"curies":[{"name":"wp","href":"https:\/\/api.w.org\/{rel}","templated":true}]}}