{"id":19528,"date":"2025-04-07T06:52:55","date_gmt":"2025-04-07T06:52:55","guid":{"rendered":"https:\/\/www.hydraulic-cylinders.net\/product\/boom-cylinder-for-kym-ky105\/"},"modified":"2025-04-07T06:52:57","modified_gmt":"2025-04-07T06:52:57","slug":"boom-cylinder-for-kym-ky105","status":"publish","type":"product","link":"https:\/\/www.hydraulic-cylinders.net\/et\/toode\/boom-cylinder-for-kym-ky105\/","title":{"rendered":"KYM KY105 poomi silinder"},"content":{"rendered":"<h1>KYM KY105 poomi silinder<\/h1>\n<h2>Toote \u00fclevaade<\/h2>\n<p>KYM KY105 noole silinder on oluline h\u00fcdrauliline komponent, mis on loodud rasketehnika t\u00e4pseks juhtimiseks. See h\u00fcdrauliline silinder m\u00e4ngib olulist rolli kopa liikumise juhtimisel erinevatel rasketehnika seadmetel, n\u00e4iteks ekskavaatoritel, laadur-ekskavaatoritel ja esilaaduritel. See tagab kopa sujuva t\u00f5stmise, langetamise ja kallutamise, h\u00f5lbustades t\u00f5husaid materjalik\u00e4itlust\u00f6id.<\/p>\n<p>H\u00fcdraulilise silindrina kasutab poomi silinder liikumise tekitamiseks survestatud h\u00fcdraulilist vedelikku. Need silindrid on konstrueeritud taluma m\u00e4rkimisv\u00e4\u00e4rseid j\u00f5ude, pakkudes samal ajal usaldusv\u00e4\u00e4rset j\u00f5udlust n\u00f5udlikes t\u00f6\u00f6keskkondades. Selle disain v\u00f5imaldab sujuvat integreerimist h\u00fcdraulikas\u00fcsteemidesse, muutes selle oluliseks ehitus-, p\u00f5llumajandus- ja t\u00f6\u00f6stusrakendustes.<\/p>\n<p><img decoding=\"async\" src=\"https:\/\/www.hydraulic-cylinders.net\/wp-content\/uploads\/2025\/04\/songte-company-1.webp\" alt=\"Poomi silinder\"><\/p>\n<h3>Peamised omadused<\/h3>\n<ul>\n<li><strong>Suur tugevus ja vastupidavus:<\/strong> See \u00fclitugevast terasest v\u00f5i alumiiniumist valmistatud silinder on loodud taluma k\u00f5rget r\u00f5hku ja suuri koormusi, tagades selle toimivuse karmides t\u00f6\u00f6tingimustes.<\/li>\n<li><strong>T\u00f5hus h\u00fcdrauliline t\u00f6\u00f6:<\/strong> Silinder kasutab sujuvaks pikendamiseks ja tagasit\u00f5mbamiseks h\u00fcdraulilist \u00f5lir\u00f5hku, mis tagab kiire reageerimise juhtimisk\u00e4sklustele ja sobib raskete ning keerukate \u00fclesannete t\u00e4itmiseks.<\/li>\n<li><strong>Erinevad t\u00fc\u00fcbid:<\/strong> See on saadaval \u00fche- ja kahetoimelise konfiguratsioonina, mis v\u00f5imaldab kasutajatel valida \u00f5ige t\u00fc\u00fcbi vastavalt t\u00f6\u00f6vajadustele. M\u00f5ned mudelid on teleskoopilised, mis v\u00f5imaldavad suuremat ulatust ilma v\u00e4lism\u00f5\u00f5tmeid suurendamata.<\/li>\n<li><strong>Kohanduvus:<\/strong> Meie silindreid saab kohandada erinevatele h\u00fcdraulikas\u00fcsteemidele, muutes need ideaalseks asenduseks olemasolevatele h\u00fcdraulikasilindritele.<\/li>\n<li><strong>Hoolduss\u00f5bralik:<\/strong> Lihtsat hooldust silmas pidades loodud, tagades, et rutiinseid kontrolle ja remonte saab teha minimaalse seisakuajaga.<\/li>\n<\/ul>\n<p><img decoding=\"async\" src=\"https:\/\/www.hydraulic-cylinders.net\/wp-content\/uploads\/2025\/04\/songte-cylinder-head-with-all-kinds-excavator-models.webp\" alt=\"Silindripea\"><\/p>\n<h2>Rakendused<\/h2>\n<h3>Ehitustehnika<\/h3>\n<p>Ehitusmasinate puhul on noole silinder ekskavaatorite puhul \u00fclioluline, kuna see aitab kaevata, laadida ja transportida maad v\u00f5i prahti. Nende silindrite efektiivsus m\u00f5jutab otseselt t\u00f6\u00f6objektide tootlikkust, v\u00f5imaldades kiireid laadimis- ja mahalaadimists\u00fckleid.<\/p>\n<h3>P\u00f5llumajandustehnika<\/h3>\n<p>P\u00f5llumajanduskeskkonnas kasutavad esilaadurid mulla, heina ja muude materjalide t\u00f5stmiseks, kopeerimiseks ja transportimiseks noolesilindreid. Nende t\u00f6\u00f6kindlus suurendab p\u00f5llumajandustehnika mitmek\u00fclgsust, muutes sellised \u00fclesanded nagu harimine ja istutamine t\u00f5husamaks.<\/p>\n<h3>Ekskavaatorid<\/h3>\n<p>Ekskavaatorite puhul v\u00f5imaldavad noolesilindrid kopal t\u00f5husalt pinnasesse tungida, v\u00f5imaldades t\u00f5husat kaevet\u00f6\u00f6d. See v\u00f5ime on \u00fclioluline vundamendit\u00f6\u00f6de ja suuremahuliste mullat\u00f6\u00f6de projektide puhul.<\/p>\n<h3>Laadurid<\/h3>\n<p>Esilaaduritel h\u00f5lbustavad noolesilindrid koormate t\u00f5stmist ja t\u00fchjendamist, suurendades masina v\u00f5imet k\u00e4sitseda erinevaid materjale. Nende vastupidav konstruktsioon tagab, et nad saavad raskeid kasulikke koormaid ohutult ja t\u00f5husalt k\u00e4sitseda.<\/p>\n<h2>Projekteerimiskaalutlused ja valikukriteeriumid<\/h2>\n<h3>Kandev\u00f5ime<\/h3>\n<p>Poomi silindri kandev\u00f5ime on valiku tegemisel kriitilise t\u00e4htsusega tegur. See peab suutma taluda p\u00f5llul maksimaalset raskust, ilma et see ohustaks ohutust v\u00f5i j\u00f5udlust. Valikuprotsessi juhib p\u00f5hjalik arusaam k\u00e4silolevatest \u00fclesannetest ja k\u00e4ideldavatest materjalidest, tagades silindri toimimise oma piiride piires.<\/p>\n<h3>Tihendi terviklikkus<\/h3>\n<p>H\u00fcdrauliliste silindrite puhul on tihendite terviklikkus \u00fclioluline. Kvaliteetsed tihendid hoiavad \u00e4ra lekked ja s\u00e4ilitavad silindris r\u00f5hu, mis on j\u00e4rjepideva j\u00f5udluse tagamiseks h\u00e4davajalik. Vastupidavatest materjalidest, n\u00e4iteks pol\u00fcuretaanist v\u00f5i nitriilkummist, valmistatud tihendite valimine v\u00f5ib pikendada silindri eluiga ja v\u00e4hendada hooldusvajadust. T\u00f6\u00f6rikete v\u00e4ltimiseks on vaja tihendeid regulaarselt kontrollida.<\/p>\n<h3>Vastupidavus<\/h3>\n<p>Ballooni vastupidavus m\u00f5jutab otseselt selle eluiga ja t\u00f6\u00f6kindlust. Kvaliteetsed materjalid ja t\u00e4iustatud tootmisprotsessid on balloonide tootmisel, mis taluvad kulumist n\u00f5udlikes keskkondades, \u00fcliolulised. Ballooni t\u00f5husa toimimise tagamiseks aja jooksul tuleks arvestada selliste teguritega nagu korrosioonikindlus ja v\u00e4simustugevus.<\/p>\n<h3>Turvaelemendid<\/h3>\n<p>Ohutusfunktsioonide lisamine noolesilindrite konstruktsiooni on oluline. Ohutusmeetmed, n\u00e4iteks sisseehitatud r\u00f5huvabastusventiilid ja vastupidavad kinnitusv\u00f5imalused, tagavad silindrite ohutu t\u00f6\u00f6 koormuse all. Regulaarsed ohutuskontrollid ja t\u00f6\u00f6juhiste j\u00e4rgimine v\u00f5ivad \u00f5nnetuste ohtu oluliselt v\u00e4hendada.<\/p>\n<h3>Hoolduse ligip\u00e4\u00e4setavus<\/h3>\n<p>Silindri projekteerimine hoolduse h\u00f5lbustamist silmas pidades suurendab nende t\u00f6\u00f6kindlust. Tihendite ja liikuvate osade h\u00f5lpsat ligip\u00e4\u00e4su h\u00f5lbustavad omadused v\u00f5imaldavad \u00f5igeaegseid hooldusprotseduure, mis aitab v\u00e4ltida kulukaid rikkeid ja pikendada silindri eluiga. Tipptaseme tagamiseks tuleks kehtestada regulaarsed hooldusgraafikud.<\/p>\n<p><img decoding=\"async\" src=\"https:\/\/www.hydraulic-cylinders.net\/wp-content\/uploads\/2025\/04\/songte-oil-pipes-and-spare-parts.webp\" alt=\"\u00d5litorud ja varuosad\"><\/p>\n<h2>Tihendus ja m\u00e4\u00e4rimine<\/h2>\n<p>N\u00f5uetekohane tihendamine ja m\u00e4\u00e4rimine on poomi silindri toimimise seisukohalt \u00fcliolulised. Erinevad tihenduskomponendid, sealhulgas kolvitihendid ja vardatihendid, on r\u00f5hu s\u00e4ilitamiseks ja lekete v\u00e4ltimiseks \u00fcliolulised. Kulumiskindlatest materjalidest, n\u00e4iteks pol\u00fcuretaanist ja nitriilkummist, valmistatud tihendeid eelistatakse nende vastupidavuse ja j\u00f5udluse t\u00f5ttu.<\/p>\n<p>Silindri korpus ja keermestatud otsapinnad l\u00e4bivad peene t\u00f6\u00f6tluse, et suurendada kulumiskindlust, mis aitab kaasa silindri \u00fcldisele pikaealisusele. H\u00fcdraulika\u00f5li regulaarne lisamine m\u00e4\u00e4rimiseks on oluline, kuna see v\u00e4hendab liikuvate osade h\u00f5\u00f5rdumist ja kulumist, tagades sujuva t\u00f6\u00f6.<\/p>\n<h2>Ennetavad hooldusmeetmed<\/h2>\n<ul>\n<li><strong>Regulaarsed kontrollid:<\/strong> Tehke regulaarseid kontrolle, et tuvastada kulumise, lekete v\u00f5i kahjustuste m\u00e4rke. Probleemide varajane avastamine aitab v\u00e4ltida suuremaid rikkeid.<\/li>\n<li><strong>Sobiv m\u00e4\u00e4rimine:<\/strong> Optimaalse m\u00e4\u00e4rimise ja j\u00f5udluse s\u00e4ilitamiseks veenduge, et h\u00fcdraulika\u00f5li tase on piisav ja \u00f5li puhas.<\/li>\n<li><strong>Tihendi vahetamine:<\/strong> J\u00e4lgige tihendite kulumist ja vahetage need vastavalt vajadusele, et s\u00e4ilitada r\u00f5hk ja v\u00e4ltida h\u00fcdraulikavedeliku lekkeid.<\/li>\n<\/ul>\n<h2>Paigaldusjuhised<\/h2>\n<p>Poomi silindri \u00f5ige paigaldamine on selle j\u00f5udluse ja pikaealisuse tagamiseks \u00fclioluline. N\u00f5uetekohaseks paigaldamiseks j\u00e4rgige neid juhiseid:<\/p>\n<p>1. **Joondage silinder \u00f5igesti:** Veenduge, et silinder oleks kinnituspunktidega \u00f5igesti joondatud, et v\u00e4ltida komponentidele liigset pinget.<\/p>\n<p>2. **Kasutage sobivaid kinnitusklambreid:** Kasutage silindri paigale kinnitamiseks sobivaid kinnitusklambreid, tagades t\u00f6\u00f6 ajal stabiilsuse.<\/p>\n<p>3. **Kontrollige vaba ruumi:** Veenduge, et silindri \u00fcmber oleks piisavalt vaba ruumi, et see saaks takistusteta liikuda t\u00e4ies ulatuses.<\/p>\n<p>4. **H\u00fcdraulilised \u00fchendused:** Veenduge, et h\u00fcdraulikavoolikud oleksid kindlalt \u00fchendatud, v\u00e4ltides murdekohti v\u00f5i teravaid painu, mis v\u00f5ivad vedeliku voolu takistada.<\/p>\n<p>5. **Testimine enne t\u00e4iskoormust:** P\u00e4rast paigaldamist testige silindri toimimist ilma koormuseta, et kontrollida selle toimivust ja teha vajalikud muudatused.<\/p>\n<h2>Levinumad hooldust\u00f6\u00f6d<\/h2>\n<ul>\n<li><strong>Regulaarsed kontrollid:<\/strong> J\u00e4rjepidevad kontrollid on potentsiaalsete probleemide tuvastamiseks enne nende s\u00fcvenemist \u00fcliolulised. Kontrollige tihendeid, voolikuid ja \u00fchendusi kulumise ja kahjustuste suhtes.<\/li>\n<li><strong>\u00d5ige m\u00e4\u00e4rimine:<\/strong> Veenduge, et h\u00fcdraulika\u00f5li tase on \u00f5ige ja saasteainetevaba. Regulaarne m\u00e4\u00e4rimine v\u00e4hendab kulumist ja parandab j\u00f5udlust.<\/li>\n<li><strong>Tihendi vahetamine:<\/strong> Aja jooksul v\u00f5ivad tihendid kuluda ja vajada v\u00e4ljavahetamist. Kontrollige tihendite seisukorda regulaarselt ja vahetage need v\u00e4lja, et v\u00e4ltida lekkeid.<\/li>\n<\/ul>\n<h2>Ohutuskaalutlused<\/h2>\n<p>Noolesilindrite kasutamisel on oluline rakendada ohutusmeetmeid operaatorite ja seadmete kaitsmiseks. Veenduge alati, et seadet k\u00e4itatakse etten\u00e4htud koormuspiiride piires ja et k\u00f5ik ohutusseadmed t\u00f6\u00f6tavad korralikult. Operaatorite n\u00f5uetekohane v\u00e4lja\u00f5pe ja ohutusprotokollide j\u00e4rgimine v\u00f5ivad oluliselt v\u00e4hendada \u00f5nnetuste v\u00f5i vigastuste ohtu t\u00f6\u00f6tamise ajal.<\/p>\n<h2>Levinud probleemide t\u00f5rkeotsing<\/h2>\n<ul>\n<li><strong>Reageerimata silinder:<\/strong> Kui silinder ei reageeri sisendile, kontrollige h\u00fcdraulikavedeliku taset ja otsige h\u00fcdraulikavoolikutest ummistusi.<\/li>\n<li><strong>Lekkiv h\u00fcdraulikavedelik:<\/strong> Kontrollige tihendeid ja \u00fchendusi kulumis- v\u00f5i kahjustuste suhtes, mis v\u00f5ivad p\u00f5hjustada lekkeid. R\u00f5hu s\u00e4ilitamiseks vahetage tihendeid vastavalt vajadusele.<\/li>\n<li><strong>Eba\u00fchtlane liikumine:<\/strong> Kui silinder liigub eba\u00fchtlaselt, veenduge, et see on \u00f5igesti joondatud ja et selle liikumisulatust ei m\u00f5juta miski.<\/li>\n<\/ul>\n<h2>Veaotsingu n\u00e4pun\u00e4ited<\/h2>\n<p>T\u00f5husa t\u00f5rkeotsingu jaoks j\u00e4rgige neid n\u00e4pun\u00e4iteid:<\/p>\n<p>1. **Regulaarne hooldus:** Koostage p\u00f5hjalik hooldusgraafik, et tagada k\u00f5igi komponentide regulaarne kontroll ja hooldus.<\/p>\n<p>2. **Pea arvestust:** Pea arvestust k\u00f5igi probleemide ja paranduste \u00fcle, et j\u00e4lgida mustreid, mis v\u00f5ivad viidata algp\u00f5hjustega seotud probleemidele.<\/p>\n<p>3. **P\u00f6\u00f6rduge spetsialistide poole:** Kui probleemid p\u00fcsivad, pidage p\u00f5hjaliku diagnoosi ja remondi saamiseks n\u00f5u h\u00fcdros\u00fcsteemi spetsialistidega.<\/p>\n<p><img decoding=\"async\" src=\"https:\/\/www.hydraulic-cylinders.net\/wp-content\/uploads\/2025\/04\/songte-bushings-with-all-kinds-of-excavator-models.webp\" alt=\"Puksid ekskavaatorimudelitega\"><\/p>\n<h2>Meie ettev\u00f5ttest<\/h2>\n<p>Oleme juhtiv asendush\u00fcdrauliliste silindrite tootja, pakkudes laia tootevalikut nii sise- kui ka rahvusvahelisele turule. Meie p\u00fchendumus tipptasemele peegeldub meie t\u00e4iustatud tootmisstrateegiates, mis kasutavad tipptasemel digitaalseid seadmeid ja professionaalset testimiss\u00fcsteemi.<\/p>\n<p>Meie tootmis\u00fcksused t\u00e4iustavad pidevalt oma tootmisplatvorme, tagades, et rahuldame klientide mitmekesiseid n\u00f5udmisi suure t\u00f5hususega, t\u00e4psuse ja kvaliteediga. Meie oskuslike spetsialistide meeskond on p\u00fchendunud tipptasemel toodete ja erakordse klienditeeninduse pakkumisele, pakkudes kohandatud lahendusi, mis vastavad konkreetsetele tegevusvajadustele.<\/p>\n<p><img decoding=\"async\" src=\"https:\/\/www.hydraulic-cylinders.net\/wp-content\/uploads\/2025\/04\/songte-company-4.webp\" alt=\"Ettev\u00f5tte \u00fclevaade\"><br \/>\n<img decoding=\"async\" src=\"https:\/\/www.hydraulic-cylinders.net\/wp-content\/uploads\/2025\/04\/songte-company-3.webp\" alt=\"Tootmis\u00fcksus\"><\/p>\n<p>Autor: lyl<\/p>","protected":false},"excerpt":{"rendered":"<p>Boom Cylinder For KYM KY105 Product Overview The Boom Cylinder for KYM KY105 is an essential hydraulic component designed for precise control of heavy machinery operations. This hydraulic cylinder plays a critical role in managing the movement of the bucket on various heavy equipment, such as excavators, backhoe loaders, and front loaders. It ensures smooth [&hellip;]<\/p>","protected":false},"featured_media":17881,"comment_status":"open","ping_status":"closed","template":"","meta":{"_et_pb_use_builder":"","_et_pb_old_content":"","_et_gb_content_width":""},"product_brand":[],"product_cat":[1546],"product_tag":[1547,1496],"class_list":{"0":"post-19528","1":"product","2":"type-product","3":"status-publish","4":"has-post-thumbnail","6":"product_cat-boom-cylinders","7":"product_tag-boom-cylinders","8":"product_tag-hydraulic-cylinders","10":"first","11":"instock","12":"shipping-taxable","13":"product-type-simple"},"amp_enabled":true,"_links":{"self":[{"href":"https:\/\/www.hydraulic-cylinders.net\/et\/wp-json\/wp\/v2\/product\/19528","targetHints":{"allow":["GET"]}}],"collection":[{"href":"https:\/\/www.hydraulic-cylinders.net\/et\/wp-json\/wp\/v2\/product"}],"about":[{"href":"https:\/\/www.hydraulic-cylinders.net\/et\/wp-json\/wp\/v2\/types\/product"}],"replies":[{"embeddable":true,"href":"https:\/\/www.hydraulic-cylinders.net\/et\/wp-json\/wp\/v2\/comments?post=19528"}],"wp:featuredmedia":[{"embeddable":true,"href":"https:\/\/www.hydraulic-cylinders.net\/et\/wp-json\/wp\/v2\/media\/17881"}],"wp:attachment":[{"href":"https:\/\/www.hydraulic-cylinders.net\/et\/wp-json\/wp\/v2\/media?parent=19528"}],"wp:term":[{"taxonomy":"product_brand","embeddable":true,"href":"https:\/\/www.hydraulic-cylinders.net\/et\/wp-json\/wp\/v2\/product_brand?post=19528"},{"taxonomy":"product_cat","embeddable":true,"href":"https:\/\/www.hydraulic-cylinders.net\/et\/wp-json\/wp\/v2\/product_cat?post=19528"},{"taxonomy":"product_tag","embeddable":true,"href":"https:\/\/www.hydraulic-cylinders.net\/et\/wp-json\/wp\/v2\/product_tag?post=19528"}],"curies":[{"name":"wp","href":"https:\/\/api.w.org\/{rel}","templated":true}]}}