{"id":19532,"date":"2025-04-07T06:53:05","date_gmt":"2025-04-07T06:53:05","guid":{"rendered":"https:\/\/www.hydraulic-cylinders.net\/product\/boom-cylinder-for-kym-ky85b\/"},"modified":"2025-04-07T06:53:07","modified_gmt":"2025-04-07T06:53:07","slug":"boom-cylinder-for-kym-ky85b","status":"publish","type":"product","link":"https:\/\/www.hydraulic-cylinders.net\/et\/toode\/boom-cylinder-for-kym-ky85b\/","title":{"rendered":"KYM KY85B poomi silinder"},"content":{"rendered":"<h1>KYM KY85B poomi silinder<\/h1>\n<h2>Toote \u00fclevaade<\/h2>\n<p>KYM KY85B poomi silinder on spetsiaalne h\u00fcdrauliline silinder, mis on loodud rasketehnika koppade liigutamise h\u00f5lbustamiseks. See h\u00fcdrauliline silinder on \u00fclioluline rasketehnika, n\u00e4iteks ekskavaatorite, ekskavaatorilaadurite ja esilaadurite mitmesuguste liikumiste juhtimiseks. See v\u00f5imaldab koppa t\u00f5sta, langetada ja kallutada, muutes selle materjalik\u00e4itlust\u00f6\u00f6del asendamatuks.<\/p>\n<p><img decoding=\"async\" src=\"https:\/\/www.hydraulic-cylinders.net\/wp-content\/uploads\/2025\/04\/songte-company-1.webp\" alt=\"KYM KY85B poomi silinder\"><\/p>\n<h3>Definitsioon ja funktsioon<\/h3>\n<p>Kopa silinder on h\u00fcdraulilise silindri t\u00fc\u00fcp, mida kasutatakse spetsiaalselt raskete masinate koppade liikumise juhtimiseks. Need silindrid m\u00e4ngivad h\u00fcdraulikas\u00fcsteemides olulist rolli, toimides seadmete lisaseadmete t\u00e4pse liikumise liikumapaneva j\u00f5una. Survestatud h\u00fcdraulilise vedeliku abil saab poomi silinder saavutada sujuva ja t\u00f5husa t\u00f6\u00f6, mis on \u00fclioluline raskete t\u00f6\u00f6de puhul.<\/p>\n<h2>Peamised omadused<\/h2>\n<ul>\n<li><strong>Suur tugevus ja vastupidavus:<\/strong> Tavaliselt valmistatud \u00fclitugevast terasest v\u00f5i alumiiniumist, mis on loodud taluma k\u00f5rget r\u00f5hku ja suuri koormusi, sobivad karmideks t\u00f6\u00f6tingimusteks ning on kulumis- ja korrosioonikindlad, et pikendada kasutusiga.<\/li>\n<li><strong>T\u00f5hus h\u00fcdrauliline t\u00f6\u00f6:<\/strong> Kasutab sujuvaks pikendamiseks ja tagasit\u00f5mbamiseks h\u00fcdraulika\u00f5li r\u00f5hku, mis v\u00f5imaldab kiiret reageerimist juhtimisk\u00e4sklustele v\u00f5imsa t\u00f5mbe- ja t\u00f5ukej\u00f5uga, mis sobib ideaalselt raskete ja keerukate \u00fclesannete t\u00e4itmiseks.<\/li>\n<li><strong>Erinevad t\u00fc\u00fcbid:<\/strong> Saadaval \u00fchetoimelisena (h\u00fcdrauliline toime \u00fches suunas) v\u00f5i kahetoimelisena (h\u00fcdrauliline toime m\u00f5lemas suunas), et rahuldada erinevaid t\u00f6\u00f6vajadusi. M\u00f5nel mudelil on teleskoopkonstruktsioon, mis v\u00f5imaldab suuremat pikendust ilma v\u00e4lism\u00f5\u00f5tmeid suurendamata, sobides ruumikitsastes rakendustes.<\/li>\n<\/ul>\n<p>Meie toode asendab neid h\u00fcdrosilindreid ideaalselt.<\/p>\n<p><img decoding=\"async\" src=\"https:\/\/www.hydraulic-cylinders.net\/wp-content\/uploads\/2025\/04\/songte-cylinder-head-with-all-kinds-excavator-models.webp\" alt=\"Asendamine h\u00fcdraulilised silindrid\"><\/p>\n<h2>Rakendusstsenaariumid<\/h2>\n<h3>Ehitustehnika<\/h3>\n<p>Ekskavaatorites on noolesilindrid kriitilise t\u00e4htsusega kaevamiseks, laadimiseks ja pinnase v\u00f5i prahi teisaldamiseks. Need v\u00f5imaldavad kopal t\u00e4ita olulisi funktsioone, mis suurendavad ehitusplatsidel tootlikkust. Ekskavaatoritel aitab kopa silinder mitte ainult kaevamisel, vaid ka materjalide t\u00f5stmisel, muutes need mitmek\u00fclgseks mitmesuguste \u00fclesannete jaoks.<\/p>\n<h3>P\u00f5llumajandustehnika<\/h3>\n<p>Esilaadurites kasutatakse neid silindreid mulla, heina ja muude materjalide kopeerimiseks, t\u00f5stmiseks ja transportimiseks. Poomi silindri t\u00f5hus t\u00f6\u00f6 tagab p\u00f5llumajandust\u00f6\u00f6de t\u00f5husa teostamise, aidates kaasa p\u00f5llumajandustegevuse \u00fcldisele tootlikkusele.<\/p>\n<h3>Ekskavaatorid<\/h3>\n<p>Noole silinder v\u00f5imaldab kopal kaevamise ajal pinnasesse tungida, muutes selle mullat\u00f6\u00f6del oluliseks komponendiks. Selle konstruktsioon tagab raskete koormate ohutu ja t\u00f5husa k\u00e4sitsemise, h\u00f5lbustades t\u00f5husaid kaevamisprotsesse.<\/p>\n<h3>Laadurid<\/h3>\n<p>Frontaallaadurites aitavad need silindrid materjale t\u00f5sta ja t\u00fchjendada, parandades t\u00f6\u00f6 efektiivsust ja kasutusmugavust. Nende v\u00f5ime k\u00e4sitseda raskeid koormaid ja t\u00e4ita mitmesuguseid \u00fclesandeid muudab need laadimist\u00f6\u00f6del asendamatuks.<\/p>\n<h2>Projekteerimiskaalutlused ja valikustandardid<\/h2>\n<h3>Kandev\u00f5ime<\/h3>\n<p>Poomi silindri kandev\u00f5ime on \u00fclioluline, tagades, et see suudab kanda t\u00f6\u00f6 ajal eeldatavat maksimaalset raskust. Piisava kandev\u00f5imega silindri valimine hoiab \u00e4ra rikke ja suurendab ohutust.<\/p>\n<h3>Tihendus<\/h3>\n<p>T\u00f5hus tihendus on oluline h\u00fcdraulilise r\u00f5hu s\u00e4ilitamiseks ja vedeliku lekete v\u00e4ltimiseks. Kvaliteetsed ja vastupidavatest materjalidest tihendid tagavad pikaealisuse ja t\u00f6\u00f6kindluse, mis on iga h\u00fcdraulikas\u00fcsteemi puhul h\u00e4davajalik.<\/p>\n<h3>Vastupidavus<\/h3>\n<p>Ehitusmaterjalid ja disain peavad vastu pidama karmidele keskkondadele ja suurtele koormustele. Vastupidava silindri valimine minimeerib aja jooksul hooldus- ja asenduskulusid, tagades kasumlikkuse.<\/p>\n<h3>Ohutus<\/h3>\n<p>Projekteerimisel peaksid esmat\u00e4htsad olema ohutusfunktsioonid, sealhulgas \u00fclekoormuskaitse ja r\u00f5huvabastusventiilid. Need funktsioonid kaitsevad nii seadet kui ka operaatorit v\u00f5imalike ohtude eest t\u00f6\u00f6tamise ajal.<\/p>\n<h3>Hooldus<\/h3>\n<p>Hoolduse lihtsus on seisakuaja v\u00e4hendamiseks kriitilise t\u00e4htsusega. Kiireid kontrolle ja remonti h\u00f5lbustavad konstruktsioonielemendid aitavad kaasa h\u00fcdraulikas\u00fcsteemide \u00fcldisele efektiivsusele.<\/p>\n<p><img decoding=\"async\" src=\"https:\/\/www.hydraulic-cylinders.net\/wp-content\/uploads\/2025\/04\/songte-oil-pipes-and-spare-parts.webp\" alt=\"H\u00fcdraulilised osad\"><\/p>\n<h2>Tihendus ja m\u00e4\u00e4rimine<\/h2>\n<p>H\u00fcdrauliliste silindrite tihendusmehhanismides kasutatakse mitmesuguseid tihendeid, n\u00e4iteks kolvitihendeid ja varrastihendeid. Eelistatud on materjalid nagu pol\u00fcuretaan ja nitriilkummi nende kulumiskindluse t\u00f5ttu. Silindri korpuse ja keermestatud pindade n\u00f5uetekohane t\u00f6\u00f6tlemine suurendab vastupidavust. Regulaarne m\u00e4\u00e4rimine h\u00fcdraulika\u00f5liga on oluline j\u00f5udluse ja pikaealisuse s\u00e4ilitamiseks.<\/p>\n<h2>Regulaarne kontroll ja ennetav hooldus<\/h2>\n<ul>\n<li><strong>Regulaarsed kontrollid:<\/strong> Kontrollige sageli lekkeid, kulumist ja \u00fcldist seisukorda, et probleeme varakult avastada ja rikkeid v\u00e4ltida.<\/li>\n<li><strong>Sobiv m\u00e4\u00e4rimine:<\/strong> Tagage tihendite ja liikuvate osade korralik m\u00e4\u00e4rimine, et v\u00e4hendada h\u00f5\u00f5rdumist ja kulumist ning parandada j\u00f5udlust.<\/li>\n<li><strong>Tihendi vahetamine:<\/strong> H\u00fcdraulilise terviklikkuse s\u00e4ilitamiseks ja lekete v\u00e4ltimiseks kontrollige ja vajadusel vahetage tihendeid regulaarselt.<\/li>\n<\/ul>\n<h2>\u00d5ige paigaldusjuhend<\/h2>\n<p>Poomi silindri \u00f5ige paigaldamine on optimaalse j\u00f5udluse saavutamiseks \u00fclioluline. Paigaldamise ajal veenduge t\u00e4pses joonduses, et v\u00e4ltida silindrile liigset survet. Kasutage turvaliseks paigaldamiseks sobivaid kinnitusklambreid. J\u00e4rgige tootja soovitusi p\u00f6\u00f6rdemomendi s\u00e4tete kohta ja veenduge, et h\u00fcdraulikavoolikud on kindlalt \u00fchendatud, et v\u00e4ltida lekkeid. P\u00e4rast paigaldamist tehke enne kasutamist p\u00f5hjalik kontroll, et veenduda k\u00f5ige korrektses toimimises. Kontrollige p\u00e4rast paigaldamist regulaarselt joondust ja \u00fchendusi, et s\u00e4ilitada j\u00f5udlus.<\/p>\n<p><img decoding=\"async\" src=\"https:\/\/www.hydraulic-cylinders.net\/wp-content\/uploads\/2025\/04\/songte-chushion-collar.webp\" alt=\"Padjakaelus\"><\/p>\n<h2>Ohutuskaalutlused ja keskkonnategurid<\/h2>\n<p>Emphasizing safety measures during the use of hydraulic cylinders is essential to prevent accidents. Operators should be adequately trained and informed about the hydraulic system&#8217;s potential hazards, ensuring a safe working environment. Additionally, proper disposal of hydraulic fluids and maintenance materials is crucial for minimizing environmental impact.<\/p>\n<h2>Rikete diagnoosimine ja levinud probleemid<\/h2>\n<ul>\n<li><strong>Leke:<\/strong> Kontrollige tihendeid ja \u00fchendusi vedeliku lekke tunnuste suhtes, mis v\u00f5ivad viidata kulumisele v\u00f5i eba\u00f5igele paigaldamisele.<\/li>\n<li><strong>Ebaj\u00e4rjekindel liikumine:<\/strong> Ebakorrap\u00e4rane t\u00f6\u00f6 v\u00f5ib tuleneda h\u00fcdraulikas\u00fcsteemi j\u00e4\u00e4nud \u00f5hust v\u00f5i madalast vedelikutasemest, mis n\u00f5uab s\u00fcsteemi \u00f5hutamist v\u00f5i t\u00e4itmist.<\/li>\n<li><strong>\u00dclekuumenemine:<\/strong> J\u00e4lgige h\u00fcdraulikavedeliku temperatuuri; \u00fclekuumenemine v\u00f5ib viidata liigsele koormusele v\u00f5i ebapiisavale m\u00e4\u00e4rimisele, mis n\u00f5uab seadmete kontrollimist.<\/li>\n<\/ul>\n<h2>Veaotsingu n\u00e4pun\u00e4ited<\/h2>\n<p>Probleemide t\u00f5husaks diagnoosimiseks ja lahendamiseks on regulaarne hooldus ja j\u00e4lgimine \u00fcliolulised. Rutiinse hooldusgraafiku rakendamine aitab tuvastada v\u00f5imalikke probleeme enne, kui need s\u00fcvenevad. Operaatorid peaksid olema koolitatud tundma varajasi rikke m\u00e4rke ja teadma \u00f5igeid protseduure nende lahendamiseks. Kvaliteetsete h\u00fcdraulikavedelike kasutamine ja \u00f5ige vedelikutaseme hoidmine aitab \u00e4ra hoida paljusid levinud probleeme.<\/p>\n<p><img decoding=\"async\" src=\"https:\/\/www.hydraulic-cylinders.net\/wp-content\/uploads\/2025\/04\/songte-bushings-with-all-kinds-of-excavator-models.webp\" alt=\"Ekskavaatorite puksid\"><\/p>\n<h2>Ettev\u00f5tte tutvustus<\/h2>\n<p>Oleme asendush\u00fcdrauliliste silindrite tootja, keda peetakse \u00fcheks juhtivaks h\u00fcdrosilindrite tootjaks ja hulgim\u00fc\u00fcjaks nii sise- kui ka rahvusvahelisel turul. Meie p\u00fchendumust tipptasemele toetab t\u00e4iustatud tootmisstrateegia, mis v\u00f5imaldab meil oma tootmisjuhtimist t\u00e4iustada. Kasutame oma tootmisv\u00f5imaluste suurendamiseks tehnilist oskusteavet, t\u00e4iustatud digitaalseid tootmisseadmeid ja spetsiaalseid testimiss\u00fcsteeme. Keskendudes suurele t\u00f5hususele, t\u00e4psusele ja kvaliteedile, tagame, et rahuldame t\u00f5husalt klientide mitmekesiseid vajadusi.<\/p>\n<p><img decoding=\"async\" src=\"https:\/\/www.hydraulic-cylinders.net\/wp-content\/uploads\/2025\/04\/songte-company-4.webp\" alt=\"Ettev\u00f5tte \u00fclevaade\"><br \/>\n<img decoding=\"async\" src=\"https:\/\/www.hydraulic-cylinders.net\/wp-content\/uploads\/2025\/04\/songte-company-3.webp\" alt=\"Ettev\u00f5tte rajatised\"><\/p>\n<p>Meie professionaalsed standardid, rahvusvahelised sertifikaadid, kohandatud teenused, t\u00e4iustatud tootmisseadmed ja suurep\u00e4rane m\u00fc\u00fcgij\u00e4rgne tugi eristavad meid selles valdkonnas.<\/p>\n<p>Autor: lyl<\/p>","protected":false},"excerpt":{"rendered":"<p>Boom Cylinder For KYM KY85B Product Overview The Boom Cylinder for KYM KY85B is a specialized hydraulic cylinder designed to facilitate the movement of heavy machinery buckets. This hydraulic cylinder is crucial for controlling various movements in heavy equipment such as excavators, backhoes, and front loaders. It enables the bucket to lift, lower, and tilt, [&hellip;]<\/p>","protected":false},"featured_media":17870,"comment_status":"open","ping_status":"closed","template":"","meta":{"_et_pb_use_builder":"","_et_pb_old_content":"","_et_gb_content_width":""},"product_brand":[],"product_cat":[1546],"product_tag":[1547,1496],"class_list":{"0":"post-19532","1":"product","2":"type-product","3":"status-publish","4":"has-post-thumbnail","6":"product_cat-boom-cylinders","7":"product_tag-boom-cylinders","8":"product_tag-hydraulic-cylinders","10":"first","11":"instock","12":"shipping-taxable","13":"product-type-simple"},"amp_enabled":true,"_links":{"self":[{"href":"https:\/\/www.hydraulic-cylinders.net\/et\/wp-json\/wp\/v2\/product\/19532","targetHints":{"allow":["GET"]}}],"collection":[{"href":"https:\/\/www.hydraulic-cylinders.net\/et\/wp-json\/wp\/v2\/product"}],"about":[{"href":"https:\/\/www.hydraulic-cylinders.net\/et\/wp-json\/wp\/v2\/types\/product"}],"replies":[{"embeddable":true,"href":"https:\/\/www.hydraulic-cylinders.net\/et\/wp-json\/wp\/v2\/comments?post=19532"}],"wp:featuredmedia":[{"embeddable":true,"href":"https:\/\/www.hydraulic-cylinders.net\/et\/wp-json\/wp\/v2\/media\/17870"}],"wp:attachment":[{"href":"https:\/\/www.hydraulic-cylinders.net\/et\/wp-json\/wp\/v2\/media?parent=19532"}],"wp:term":[{"taxonomy":"product_brand","embeddable":true,"href":"https:\/\/www.hydraulic-cylinders.net\/et\/wp-json\/wp\/v2\/product_brand?post=19532"},{"taxonomy":"product_cat","embeddable":true,"href":"https:\/\/www.hydraulic-cylinders.net\/et\/wp-json\/wp\/v2\/product_cat?post=19532"},{"taxonomy":"product_tag","embeddable":true,"href":"https:\/\/www.hydraulic-cylinders.net\/et\/wp-json\/wp\/v2\/product_tag?post=19532"}],"curies":[{"name":"wp","href":"https:\/\/api.w.org\/{rel}","templated":true}]}}